{"id":138907,"date":"2024-06-03T17:14:24","date_gmt":"2024-06-03T15:14:24","guid":{"rendered":"https:\/\/www.metrica.it\/forschung-und-entwicklung\/"},"modified":"2024-09-23T15:46:18","modified_gmt":"2024-09-23T13:46:18","slug":"forschung-und-entwicklung","status":"publish","type":"page","link":"https:\/\/www.metrica.it\/de\/forschung-und-entwicklung\/","title":{"rendered":"Forschung und entwicklung"},"content":{"rendered":"<div class=\"wpb-content-wrapper\"><section class=\"vc_row wpb_row vc_row-fluid awr-page-body    vc_row-o-equal-height vc_row-o-content-middle vc_row-flex\"><div class=\"wpb_column vc_column_container vc_col-sm-6 vc_col-md-5 vc_col-xs-12\"><div class=\"vc_column-inner  hongo_responsive_1570718819413\"><div class=\"wpb_wrapper\"><div class=\"wpb_single_image    hongo-full-width-single-image\">\r\n\t\t\t<figure class=\"wpb_wrapper vc_figure\">\r\n\t\t\t\t<div class=\"vc_single_image-wrapper  \"><img decoding=\"async\" width=\"450\" height=\"450\" src=\"https:\/\/www.metrica.it\/wp-content\/uploads\/2024\/06\/ricerca-sviluppo.jpg\" class=\"vc_single_image-img attachment-full\" alt=\"\" title=\"ricerca-sviluppo\" srcset=\"https:\/\/www.metrica.it\/wp-content\/uploads\/2024\/06\/ricerca-sviluppo.jpg 450w, https:\/\/www.metrica.it\/wp-content\/uploads\/2024\/06\/ricerca-sviluppo-64x64.jpg 64w, https:\/\/www.metrica.it\/wp-content\/uploads\/2024\/06\/ricerca-sviluppo-84x84.jpg 84w\" sizes=\"(max-width: 450px) 100vw, 450px\" \/><\/div>\r\n\t\t\t<\/figure>\r\n\t\t\t\r\n\t\t<\/div><\/div><\/div><\/div><div class=\"wpb_column vc_column_container vc_col-sm-6 vc_col-md-offset-1 vc_col-xs-12 xs-text-center\"><div class=\"vc_column-inner vc_custom_1570718855531  hongo_responsive_1570718855535\"><div class=\"wpb_wrapper\"><div class=\"text-block-content text-block-opening hongo-text-block-1 vc_custom_1725439268925 last-paragraph-no-margin  hongo_responsive_1725439268926\"><p><strong>Metrica<\/strong> verf\u00fcgt \u00fcber eine <strong>Forschungs- und Entwicklungsabteilung <\/strong>f\u00fcr Messger\u00e4te, die auf zwei Produktionsstandorte verteilt ist: Mailand und Arzignano in der Provinz Vicenza.<\/p>\n<\/div><div class=\"text-block-content hongo-text-block-2 last-paragraph-no-margin\"><p>Das Team hat die Aufgabe, die bereits im Katalog enthaltenen Produkte zu \u00fcberarbeiten oder mit <strong>neuen Funktionen und Verbesserungen<\/strong> zu versehen und neue Werkzeuge zu entwickeln, die die Arbeit der Kunden beschleunigen und vereinfachen sollen.<\/p>\n<p>Es <strong>handelt sich um eine st\u00e4ndige Arbeit<\/strong>, die von einem Testteam von Fachleuten unterst\u00fctzt wird, die t\u00e4glich die Produktvorschauen verwenden, um Fehler zu identifizieren und sie zu beseitigen oder Verbesserungen vorzuschlagen: Die Produkte von <strong>Metrica<\/strong> sind das Ergebnis des praktischen t\u00e4glichen Gebrauchs.<\/p>\n<p><strong>Die Suche nach Details<\/strong> ist ein sehr wichtiges Element f\u00fcr <strong>Metrica<\/strong> und wird als die einzige M\u00f6glichkeit angesehen, die Benutzerfreundlichkeit von Messinstrumenten konkret zu verbessern.<\/p>\n<\/div><\/div><\/div><\/div><\/section><section class=\"vc_row wpb_row vc_row-fluid\"><div class=\"wpb_column vc_column_container col-xs-mobile-fullwidth vc_col-sm-12\"><div class=\"vc_column-inner\"><div class=\"wpb_wrapper\"><div class=\"vc_row wpb_row vc_inner vc_row-fluid   vc_row-o-equal-height vc_row-o-content-middle vc_row-flex\"><div class=\"wpb_column vc_column_container vc_col-sm-6 vc_col-md-4 vc_col-xs-12\"><div class=\"vc_column-inner  hongo_responsive_1564404877774\"><div class=\"wpb_wrapper\"><div class=\"hongo-featurebox-wrap interactive-banner-style-1 hongo-interactive-banner-1-1\"><div class=\"interactive-featurebox-image\"><img decoding=\"async\" width=\"660\" height=\"660\" src=\"https:\/\/www.metrica.it\/wp-content\/uploads\/2024\/06\/chi-siamo-660x660.jpg\" class=\"attachment-hongo-shop-image size-hongo-shop-image\" alt=\"\" srcset=\"https:\/\/www.metrica.it\/wp-content\/uploads\/2024\/06\/chi-siamo-660x660.jpg 660w, https:\/\/www.metrica.it\/wp-content\/uploads\/2024\/06\/chi-siamo-64x64.jpg 64w, https:\/\/www.metrica.it\/wp-content\/uploads\/2024\/06\/chi-siamo-84x84.jpg 84w, https:\/\/www.metrica.it\/wp-content\/uploads\/2024\/06\/chi-siamo-450x450.jpg 450w, https:\/\/www.metrica.it\/wp-content\/uploads\/2024\/06\/chi-siamo-790x790.jpg 790w, https:\/\/www.metrica.it\/wp-content\/uploads\/2024\/06\/chi-siamo.jpg 1000w\" sizes=\"(max-width: 660px) 100vw, 660px\" \/><\/div><div class=\"hongo-featurebox-text hongo_font_1718973288069\">Wer wir sind<i class=\"fas fa-arrow-right\"><\/i><\/div><div class=\"hongo-featurebox-hover\"><div class=\"hongo-interative-banner-content-wrap\"><div class=\"hongo-interative-banner-content-middle\"><div class=\"hongo-featurebox-text alt-font\">Wer wir sind<\/div><div class=\"content\">Metrica ist ein Unternehmen, das sich auf die Konzeption, die Entwicklung, die Produktion, den Verkauf und den Service von Messger\u00e4ten f\u00fcr den Maschinenbau, das Bauwesen und die Werkzeugherstellung spezialisiert hat und das \u00e4lteste in Italien ist.<\/div><a href=\"http:\/\/www.metrica.it\/de\/wer-wir-sind\/\" target=\"_self\" class=\"hongo_button_1718973288066 btn alt-font\">Mehr lesen<\/a><\/div><\/div><\/div><\/div><\/div><\/div><\/div><div class=\"wpb_column vc_column_container vc_col-sm-6 vc_col-md-4 vc_col-xs-12\"><div class=\"vc_column-inner  hongo_responsive_1564404884696\"><div class=\"wpb_wrapper\"><div class=\"hongo-featurebox-wrap interactive-banner-style-1 hongo-interactive-banner-1-2\"><div class=\"interactive-featurebox-image\"><img decoding=\"async\" width=\"450\" height=\"450\" src=\"https:\/\/www.metrica.it\/wp-content\/uploads\/2024\/06\/sedi.jpg\" class=\"attachment-full size-full\" alt=\"\" srcset=\"https:\/\/www.metrica.it\/wp-content\/uploads\/2024\/06\/sedi.jpg 450w, https:\/\/www.metrica.it\/wp-content\/uploads\/2024\/06\/sedi-64x64.jpg 64w, https:\/\/www.metrica.it\/wp-content\/uploads\/2024\/06\/sedi-84x84.jpg 84w\" sizes=\"(max-width: 450px) 100vw, 450px\" \/><\/div><div class=\"hongo-featurebox-text hongo_font_1718971810047 alt-font\">Produktionsstandorte in Italien<i class=\"fas fa-arrow-right\"><\/i><\/div><div class=\"hongo-featurebox-hover\"><div class=\"hongo-interative-banner-content-wrap\"><div class=\"hongo-interative-banner-content-middle\"><div class=\"hongo-featurebox-text alt-font\">Produktionsstandorte in Italien<\/div><div class=\"content\">Der historische Hauptsitz von Metrica, wo 1949 in Danta di Cadore in der Provinz Belluno alles begann, ist noch immer mit einer \u00e4u\u00dferst kontrollierten Produktion einiger Produkte besch\u00e4ftigt.<\/div><a href=\"http:\/\/www.metrica.it\/de\/produktionsstandorte-in-italien\/\" target=\"_self\" class=\"hongo_button_1718971810042 btn alt-font\">Mehr lesen<\/a><\/div><\/div><\/div><\/div><\/div><\/div><\/div><\/div><\/div><\/div><\/div><\/section>\n<\/div>","protected":false},"excerpt":{"rendered":"Metrica verf\u00fcgt \u00fcber eine Forschungs- und Entwicklungsabteilung f\u00fcr Messger\u00e4te, die auf zwei Produktionsstandorte verteilt ist: Mailand und Arzignano in der Provinz Vicenza. Das Team hat die Aufgabe, die bereits im Katalog enthaltenen Produkte zu \u00fcberarbeiten oder mit neuen Funktionen und Verbesserungen zu versehen und neue Werkzeuge zu entwickeln, die die Arbeit der Kunden beschleunigen und vereinfachen sollen. Es handelt sich um eine st\u00e4ndige Arbeit, die von einem Testteam von Fachleuten unterst\u00fctzt wird, die t\u00e4glich die Produktvorschauen verwenden, um Fehler zu identifizieren und sie zu beseitigen oder Verbesserungen vorzuschlagen: Die Produkte von Metrica sind das Ergebnis des praktischen t\u00e4glichen Gebrauchs. Die Suche nach Details ist ein sehr wichtiges Element f\u00fcr Metrica und wird als die einzige M\u00f6glichkeit angesehen, die Benutzerfreundlichkeit von Messinstrumenten konkret zu verbessern. Wer wir sindWer wir sindMetrica ist ein Unternehmen, das sich auf die Konzeption, die Entwicklung, die Produktion, den Verkauf und den Service von Messger\u00e4ten f\u00fcr den Maschinenbau, das Bauwesen und die Werkzeugherstellung spezialisiert hat und das \u00e4lteste in Italien ist.Mehr lesenProduktionsstandorte in ItalienProduktionsstandorte in ItalienDer historische Hauptsitz von Metrica, wo 1949 in Danta di Cadore in der Provinz Belluno alles begann, ist noch immer mit einer \u00e4u\u00dferst kontrollierten Produktion einiger Produkte besch\u00e4ftigt.Mehr lesen","protected":false},"author":1,"featured_media":0,"parent":0,"menu_order":0,"comment_status":"closed","ping_status":"closed","template":"","meta":{"footnotes":""},"class_list":["post-138907","page","type-page","status-publish","hentry"],"yoast_head":"<title>Messinstrumente | Forschung und Entwicklung | Metrica<\/title>\n<meta name=\"description\" content=\"Metrica entwickelt innovative Messinstrumente dank einer spezialisierten F&amp;E-Abteilung, die kontinuierlich daran arbeitet, die Qualit\u00e4t und Funktionalit\u00e4t zu verbessern.\" \/>\n<meta name=\"robots\" content=\"index, follow, max-snippet:-1, max-image-preview:large, max-video-preview:-1\" \/>\n<link rel=\"canonical\" href=\"https:\/\/www.metrica.it\/de\/forschung-und-entwicklung\/\" \/>\n<meta property=\"og:locale\" content=\"de_DE\" \/>\n<meta property=\"og:type\" content=\"article\" \/>\n<meta property=\"og:title\" content=\"Messinstrumente | Forschung und Entwicklung | Metrica\" \/>\n<meta property=\"og:description\" content=\"Metrica entwickelt innovative Messinstrumente dank einer spezialisierten F&amp;E-Abteilung, die kontinuierlich daran arbeitet, die Qualit\u00e4t und Funktionalit\u00e4t zu verbessern.\" \/>\n<meta property=\"og:url\" content=\"https:\/\/www.metrica.it\/de\/forschung-und-entwicklung\/\" \/>\n<meta property=\"og:site_name\" content=\"Metrica\" \/>\n<meta property=\"article:modified_time\" content=\"2024-09-23T13:46:18+00:00\" \/>\n<meta name=\"twitter:card\" content=\"summary_large_image\" \/>\n<meta name=\"twitter:label1\" content=\"Gesch\u00e4tzte Lesezeit\" \/>\n\t<meta name=\"twitter:data1\" content=\"2\u00a0Minuten\" \/>\n<script type=\"application\/ld+json\" class=\"yoast-schema-graph\">{\"@context\":\"https:\\\/\\\/schema.org\",\"@graph\":[{\"@type\":\"WebPage\",\"@id\":\"https:\\\/\\\/www.metrica.it\\\/de\\\/forschung-und-entwicklung\\\/\",\"url\":\"https:\\\/\\\/www.metrica.it\\\/de\\\/forschung-und-entwicklung\\\/\",\"name\":\"Messinstrumente | Forschung und Entwicklung | Metrica\",\"isPartOf\":{\"@id\":\"https:\\\/\\\/www.metrica.it\\\/de\\\/#website\"},\"datePublished\":\"2024-06-03T15:14:24+00:00\",\"dateModified\":\"2024-09-23T13:46:18+00:00\",\"description\":\"Metrica entwickelt innovative Messinstrumente dank einer spezialisierten F&E-Abteilung, die kontinuierlich daran arbeitet, die Qualit\u00e4t und Funktionalit\u00e4t zu verbessern.\",\"breadcrumb\":{\"@id\":\"https:\\\/\\\/www.metrica.it\\\/de\\\/forschung-und-entwicklung\\\/#breadcrumb\"},\"inLanguage\":\"de\",\"potentialAction\":[{\"@type\":\"ReadAction\",\"target\":[\"https:\\\/\\\/www.metrica.it\\\/de\\\/forschung-und-entwicklung\\\/\"]}]},{\"@type\":\"BreadcrumbList\",\"@id\":\"https:\\\/\\\/www.metrica.it\\\/de\\\/forschung-und-entwicklung\\\/#breadcrumb\",\"itemListElement\":[{\"@type\":\"ListItem\",\"position\":1,\"name\":\"Home\",\"item\":\"https:\\\/\\\/www.metrica.it\\\/de\\\/\"},{\"@type\":\"ListItem\",\"position\":2,\"name\":\"Forschung und entwicklung\"}]},{\"@type\":\"WebSite\",\"@id\":\"https:\\\/\\\/www.metrica.it\\\/de\\\/#website\",\"url\":\"https:\\\/\\\/www.metrica.it\\\/de\\\/\",\"name\":\"Metrica\",\"description\":\"Made to measure\",\"potentialAction\":[{\"@type\":\"SearchAction\",\"target\":{\"@type\":\"EntryPoint\",\"urlTemplate\":\"https:\\\/\\\/www.metrica.it\\\/de\\\/?s={search_term_string}\"},\"query-input\":{\"@type\":\"PropertyValueSpecification\",\"valueRequired\":true,\"valueName\":\"search_term_string\"}}],\"inLanguage\":\"de\"}]}<\/script>","yoast_head_json":{"title":"Messinstrumente | Forschung und Entwicklung | Metrica","description":"Metrica entwickelt innovative Messinstrumente dank einer spezialisierten F&E-Abteilung, die kontinuierlich daran arbeitet, die Qualit\u00e4t und Funktionalit\u00e4t zu verbessern.","robots":{"index":"index","follow":"follow","max-snippet":"max-snippet:-1","max-image-preview":"max-image-preview:large","max-video-preview":"max-video-preview:-1"},"canonical":"https:\/\/www.metrica.it\/de\/forschung-und-entwicklung\/","og_locale":"de_DE","og_type":"article","og_title":"Messinstrumente | Forschung und Entwicklung | Metrica","og_description":"Metrica entwickelt innovative Messinstrumente dank einer spezialisierten F&E-Abteilung, die kontinuierlich daran arbeitet, die Qualit\u00e4t und Funktionalit\u00e4t zu verbessern.","og_url":"https:\/\/www.metrica.it\/de\/forschung-und-entwicklung\/","og_site_name":"Metrica","article_modified_time":"2024-09-23T13:46:18+00:00","twitter_card":"summary_large_image","twitter_misc":{"Gesch\u00e4tzte Lesezeit":"2\u00a0Minuten"},"schema":{"@context":"https:\/\/schema.org","@graph":[{"@type":"WebPage","@id":"https:\/\/www.metrica.it\/de\/forschung-und-entwicklung\/","url":"https:\/\/www.metrica.it\/de\/forschung-und-entwicklung\/","name":"Messinstrumente | Forschung und Entwicklung | Metrica","isPartOf":{"@id":"https:\/\/www.metrica.it\/de\/#website"},"datePublished":"2024-06-03T15:14:24+00:00","dateModified":"2024-09-23T13:46:18+00:00","description":"Metrica entwickelt innovative Messinstrumente dank einer spezialisierten F&E-Abteilung, die kontinuierlich daran arbeitet, die Qualit\u00e4t und Funktionalit\u00e4t zu verbessern.","breadcrumb":{"@id":"https:\/\/www.metrica.it\/de\/forschung-und-entwicklung\/#breadcrumb"},"inLanguage":"de","potentialAction":[{"@type":"ReadAction","target":["https:\/\/www.metrica.it\/de\/forschung-und-entwicklung\/"]}]},{"@type":"BreadcrumbList","@id":"https:\/\/www.metrica.it\/de\/forschung-und-entwicklung\/#breadcrumb","itemListElement":[{"@type":"ListItem","position":1,"name":"Home","item":"https:\/\/www.metrica.it\/de\/"},{"@type":"ListItem","position":2,"name":"Forschung und entwicklung"}]},{"@type":"WebSite","@id":"https:\/\/www.metrica.it\/de\/#website","url":"https:\/\/www.metrica.it\/de\/","name":"Metrica","description":"Made to measure","potentialAction":[{"@type":"SearchAction","target":{"@type":"EntryPoint","urlTemplate":"https:\/\/www.metrica.it\/de\/?s={search_term_string}"},"query-input":{"@type":"PropertyValueSpecification","valueRequired":true,"valueName":"search_term_string"}}],"inLanguage":"de"}]}},"meta_box":{"dwn_cataloghi":[],"dwn_certificazioni":[],"dwn_laser_e_termocamere":[],"dwn_livelle":[],"dwn_misure_meccaniche":[],"dwn_misure_di_angoli":[],"dwn_misura_di_lunghezze":[]},"_links":{"self":[{"href":"https:\/\/www.metrica.it\/de\/wp-json\/wp\/v2\/pages\/138907","targetHints":{"allow":["GET"]}}],"collection":[{"href":"https:\/\/www.metrica.it\/de\/wp-json\/wp\/v2\/pages"}],"about":[{"href":"https:\/\/www.metrica.it\/de\/wp-json\/wp\/v2\/types\/page"}],"author":[{"embeddable":true,"href":"https:\/\/www.metrica.it\/de\/wp-json\/wp\/v2\/users\/1"}],"replies":[{"embeddable":true,"href":"https:\/\/www.metrica.it\/de\/wp-json\/wp\/v2\/comments?post=138907"}],"version-history":[{"count":0,"href":"https:\/\/www.metrica.it\/de\/wp-json\/wp\/v2\/pages\/138907\/revisions"}],"wp:attachment":[{"href":"https:\/\/www.metrica.it\/de\/wp-json\/wp\/v2\/media?parent=138907"}],"curies":[{"name":"wp","href":"https:\/\/api.w.org\/{rel}","templated":true}]}}