{"id":138923,"date":"2018-06-01T06:54:02","date_gmt":"2018-06-01T04:54:02","guid":{"rendered":"https:\/\/www.metrica.it\/produktionsstandorte-in-italien\/"},"modified":"2024-10-01T09:52:28","modified_gmt":"2024-10-01T07:52:28","slug":"produktionsstandorte-in-italien","status":"publish","type":"page","link":"https:\/\/www.metrica.it\/de\/produktionsstandorte-in-italien\/","title":{"rendered":"Produktionsstandorte in Italien"},"content":{"rendered":"<div class=\"wpb-content-wrapper\"><section class=\"vc_row wpb_row vc_row-fluid     vc_row-o-equal-height vc_row-o-content-middle vc_row-flex\"><div class=\"wpb_column vc_column_container vc_col-sm-6 vc_col-md-5 vc_col-xs-12\"><div class=\"vc_column-inner  hongo_responsive_1570718819413\"><div class=\"wpb_wrapper\"><div class=\"wpb_single_image    hongo-full-width-single-image\">\r\n\t\t\t<figure class=\"wpb_wrapper vc_figure\">\r\n\t\t\t\t<div class=\"vc_single_image-wrapper  \"><img decoding=\"async\" width=\"850\" height=\"885\" src=\"https:\/\/www.metrica.it\/wp-content\/uploads\/2024\/10\/sedi02.jpg\" class=\"vc_single_image-img attachment-full\" alt=\"\" title=\"sedi02\" srcset=\"https:\/\/www.metrica.it\/wp-content\/uploads\/2024\/10\/sedi02.jpg 850w, https:\/\/www.metrica.it\/wp-content\/uploads\/2024\/10\/sedi02-84x87.jpg 84w, https:\/\/www.metrica.it\/wp-content\/uploads\/2024\/10\/sedi02-450x469.jpg 450w, https:\/\/www.metrica.it\/wp-content\/uploads\/2024\/10\/sedi02-759x790.jpg 759w, https:\/\/www.metrica.it\/wp-content\/uploads\/2024\/10\/sedi02-64x67.jpg 64w\" sizes=\"(max-width: 850px) 100vw, 850px\" \/><\/div>\r\n\t\t\t<\/figure>\r\n\t\t\t\r\n\t\t<\/div><\/div><\/div><\/div><div class=\"wpb_column vc_column_container awr-page-body vc_col-sm-6 vc_col-md-offset-1 vc_col-xs-12 xs-text-center\"><div class=\"vc_column-inner vc_custom_1718973563613  hongo_responsive_1718973563614\"><div class=\"wpb_wrapper\"><div class=\"text-block-content text-block-opening hongo-text-block-1 vc_custom_1717426789368 last-paragraph-no-margin  hongo_responsive_1717426789369\"><p>Der historische Hauptsitz von <strong>Metrica, wo 1949 in Danta di Cadore in der Provinz Belluno<\/strong> alles begann, ist noch immer mit einer \u00e4u\u00dferst kontrollierten Produktion einiger Produkte besch\u00e4ftigt. Er ist hoch spezialisiert und mit modernsten Maschinen ausgestattet.<\/p>\n<\/div><div class=\"text-block-content hongo-text-block-2 last-paragraph-no-margin\"><p>In Danta di Cadore werden vor allem Lineale aus ABS, <strong>Glasfaser, Aluminium und Edelstahl sowie einige Arten von Lehren hergestellt, die auch im medizinischen Bereich verwendet werden<\/strong>.<\/p>\n<p>Es handelt sich um ikonische und historische Produkte, die auch heute noch mit dem Know-how und den Materialien des Made in Italy hergestellt werden. Der gleiche technische Ansatz findet sich auch am Standort Arzignano.<\/p>\n<p>Hier werden die patentierten Produkte von <strong>Metrica wie Telefix &#8211; Teleskopmessger\u00e4te &#8211; und Quadranfix sowie Dickenmessger\u00e4te und Bohrungsmessger\u00e4te hergestellt<\/strong>.<\/p>\n<p>Der gesamte Entwurf jedes Artikels, die Entwicklung und die Tests werden in Italien vom <strong>Metrica<\/strong>-Team durchgef\u00fchrt, was <strong>Genauigkeit, Pr\u00e4zision und Qualit\u00e4t garantiert<\/strong>.<\/p>\n<\/div><\/div><\/div><\/div><\/section><section class=\"vc_row wpb_row vc_row-fluid\"><div class=\"wpb_column vc_column_container col-xs-mobile-fullwidth vc_col-sm-12\"><div class=\"vc_column-inner\"><div class=\"wpb_wrapper\"><div class=\"vc_row wpb_row vc_inner vc_row-fluid   vc_row-o-equal-height vc_row-o-content-middle vc_row-flex\"><div class=\"wpb_column vc_column_container vc_col-sm-6 vc_col-md-4 vc_col-xs-12\"><div class=\"vc_column-inner  hongo_responsive_1564404877774\"><div class=\"wpb_wrapper\"><div class=\"hongo-featurebox-wrap interactive-banner-style-1 hongo-interactive-banner-1-1\"><div class=\"interactive-featurebox-image\"><img decoding=\"async\" width=\"660\" height=\"660\" src=\"https:\/\/www.metrica.it\/wp-content\/uploads\/2024\/06\/chi-siamo-660x660.jpg\" class=\"attachment-hongo-shop-image size-hongo-shop-image\" alt=\"\" srcset=\"https:\/\/www.metrica.it\/wp-content\/uploads\/2024\/06\/chi-siamo-660x660.jpg 660w, https:\/\/www.metrica.it\/wp-content\/uploads\/2024\/06\/chi-siamo-64x64.jpg 64w, https:\/\/www.metrica.it\/wp-content\/uploads\/2024\/06\/chi-siamo-84x84.jpg 84w, https:\/\/www.metrica.it\/wp-content\/uploads\/2024\/06\/chi-siamo-450x450.jpg 450w, https:\/\/www.metrica.it\/wp-content\/uploads\/2024\/06\/chi-siamo-790x790.jpg 790w, https:\/\/www.metrica.it\/wp-content\/uploads\/2024\/06\/chi-siamo.jpg 1000w\" sizes=\"(max-width: 660px) 100vw, 660px\" \/><\/div><div class=\"hongo-featurebox-text hongo_font_1718973288069\">Wer wir sind<i class=\"fas fa-arrow-right\"><\/i><\/div><div class=\"hongo-featurebox-hover\"><div class=\"hongo-interative-banner-content-wrap\"><div class=\"hongo-interative-banner-content-middle\"><div class=\"hongo-featurebox-text alt-font\">Wer wir sind<\/div><div class=\"content\">Metrica ist ein Unternehmen, das sich auf die Konzeption, die Entwicklung, die Produktion, den Verkauf und den Service von Messger\u00e4ten f\u00fcr den Maschinenbau, das Bauwesen und die Werkzeugherstellung spezialisiert hat und das \u00e4lteste in Italien ist.<\/div><a href=\"http:\/\/www.metrica.it\/de\/wer-wir-sind\/\" target=\"_self\" class=\"hongo_button_1718973288066 btn alt-font\">Mehr lesen<\/a><\/div><\/div><\/div><\/div><\/div><\/div><\/div><div class=\"wpb_column vc_column_container vc_col-sm-6 vc_col-md-4 vc_col-xs-12\"><div class=\"vc_column-inner  hongo_responsive_1564404884696\"><div class=\"wpb_wrapper\"><div class=\"hongo-featurebox-wrap interactive-banner-style-1 hongo-interactive-banner-1-2\"><div class=\"interactive-featurebox-image\"><img decoding=\"async\" width=\"450\" height=\"450\" src=\"https:\/\/www.metrica.it\/wp-content\/uploads\/2024\/06\/ricerca-sviluppo.jpg\" class=\"attachment-hongo-shop-image size-hongo-shop-image\" alt=\"\" srcset=\"https:\/\/www.metrica.it\/wp-content\/uploads\/2024\/06\/ricerca-sviluppo.jpg 450w, https:\/\/www.metrica.it\/wp-content\/uploads\/2024\/06\/ricerca-sviluppo-64x64.jpg 64w, https:\/\/www.metrica.it\/wp-content\/uploads\/2024\/06\/ricerca-sviluppo-84x84.jpg 84w\" sizes=\"(max-width: 450px) 100vw, 450px\" \/><\/div><div class=\"hongo-featurebox-text hongo_font_1718971788977 alt-font\">Forschung und entwicklung<i class=\"fas fa-arrow-right\"><\/i><\/div><div class=\"hongo-featurebox-hover\"><div class=\"hongo-interative-banner-content-wrap\"><div class=\"hongo-interative-banner-content-middle\"><div class=\"hongo-featurebox-text alt-font\">Forschung und entwicklung<\/div><div class=\"content\">Metrica verf\u00fcgt \u00fcber eine Forschungs- und Entwicklungsabteilung, die auf zwei Produktionsstandorte verteilt ist: Mailand und Arzignano in der Provinz Vicenza. <\/div><a href=\"http:\/\/www.metrica.it\/de\/forschung-und-entwicklung\/\" target=\"_self\" class=\"hongo_button_1718971788974 btn alt-font\">Mehr lesen<\/a><\/div><\/div><\/div><\/div><\/div><\/div><\/div><\/div><\/div><\/div><\/div><\/section>\n<\/div>","protected":false},"excerpt":{"rendered":"Der historische Hauptsitz von Metrica, wo 1949 in Danta di Cadore in der Provinz Belluno alles begann, ist noch immer mit einer \u00e4u\u00dferst kontrollierten Produktion einiger Produkte besch\u00e4ftigt. Er ist hoch spezialisiert und mit modernsten Maschinen ausgestattet. In Danta di Cadore werden vor allem Lineale aus ABS, Glasfaser, Aluminium und Edelstahl sowie einige Arten von Lehren hergestellt, die auch im medizinischen Bereich verwendet werden. Es handelt sich um ikonische und historische Produkte, die auch heute noch mit dem Know-how und den Materialien des Made in Italy hergestellt werden. Der gleiche technische Ansatz findet sich auch am Standort Arzignano. Hier werden die patentierten Produkte von Metrica wie Telefix - Teleskopmessger\u00e4te - und Quadranfix sowie Dickenmessger\u00e4te und Bohrungsmessger\u00e4te hergestellt. Der gesamte Entwurf jedes Artikels, die Entwicklung und die Tests werden in Italien vom Metrica-Team durchgef\u00fchrt, was Genauigkeit, Pr\u00e4zision und Qualit\u00e4t garantiert. Wer wir sindWer wir sindMetrica ist ein Unternehmen, das sich auf die Konzeption, die Entwicklung, die Produktion, den Verkauf und den Service von Messger\u00e4ten f\u00fcr den Maschinenbau, das Bauwesen und die Werkzeugherstellung spezialisiert hat und das \u00e4lteste in Italien ist.Mehr lesenForschung und entwicklungForschung und entwicklungMetrica verf\u00fcgt \u00fcber eine Forschungs- und Entwicklungsabteilung, die auf zwei Produktionsstandorte verteilt ist: Mailand und Arzignano in...","protected":false},"author":1,"featured_media":0,"parent":0,"menu_order":0,"comment_status":"closed","ping_status":"closed","template":"","meta":{"footnotes":""},"class_list":["post-138923","page","type-page","status-publish","hentry"],"yoast_head":"<title>Produktionsstandorte von Metrica | Messinstrumente<\/title>\n<meta name=\"description\" content=\"Metrica produziert seit 1949 Pr\u00e4zisionsmessinstrumente und garantiert Genauigkeit, Pr\u00e4zision und Qualit\u00e4t durch Produktion Made in Italy.\" \/>\n<meta name=\"robots\" content=\"index, follow, max-snippet:-1, max-image-preview:large, max-video-preview:-1\" \/>\n<link rel=\"canonical\" href=\"https:\/\/www.metrica.it\/de\/produktionsstandorte-in-italien\/\" \/>\n<meta property=\"og:locale\" content=\"de_DE\" \/>\n<meta property=\"og:type\" content=\"article\" \/>\n<meta property=\"og:title\" content=\"Produktionsstandorte von Metrica | Messinstrumente\" \/>\n<meta property=\"og:description\" content=\"Metrica produziert seit 1949 Pr\u00e4zisionsmessinstrumente und garantiert Genauigkeit, Pr\u00e4zision und Qualit\u00e4t durch Produktion Made in Italy.\" \/>\n<meta property=\"og:url\" content=\"https:\/\/www.metrica.it\/de\/produktionsstandorte-in-italien\/\" \/>\n<meta property=\"og:site_name\" content=\"Metrica\" \/>\n<meta property=\"article:modified_time\" content=\"2024-10-01T07:52:28+00:00\" \/>\n<meta name=\"twitter:card\" content=\"summary_large_image\" \/>\n<meta name=\"twitter:label1\" content=\"Gesch\u00e4tzte Lesezeit\" \/>\n\t<meta name=\"twitter:data1\" content=\"2\u00a0Minuten\" \/>\n<script type=\"application\/ld+json\" class=\"yoast-schema-graph\">{\"@context\":\"https:\\\/\\\/schema.org\",\"@graph\":[{\"@type\":\"WebPage\",\"@id\":\"https:\\\/\\\/www.metrica.it\\\/de\\\/produktionsstandorte-in-italien\\\/\",\"url\":\"https:\\\/\\\/www.metrica.it\\\/de\\\/produktionsstandorte-in-italien\\\/\",\"name\":\"Produktionsstandorte von Metrica | Messinstrumente\",\"isPartOf\":{\"@id\":\"https:\\\/\\\/www.metrica.it\\\/de\\\/#website\"},\"datePublished\":\"2018-06-01T04:54:02+00:00\",\"dateModified\":\"2024-10-01T07:52:28+00:00\",\"description\":\"Metrica produziert seit 1949 Pr\u00e4zisionsmessinstrumente und garantiert Genauigkeit, Pr\u00e4zision und Qualit\u00e4t durch Produktion Made in Italy.\",\"breadcrumb\":{\"@id\":\"https:\\\/\\\/www.metrica.it\\\/de\\\/produktionsstandorte-in-italien\\\/#breadcrumb\"},\"inLanguage\":\"de\",\"potentialAction\":[{\"@type\":\"ReadAction\",\"target\":[\"https:\\\/\\\/www.metrica.it\\\/de\\\/produktionsstandorte-in-italien\\\/\"]}]},{\"@type\":\"BreadcrumbList\",\"@id\":\"https:\\\/\\\/www.metrica.it\\\/de\\\/produktionsstandorte-in-italien\\\/#breadcrumb\",\"itemListElement\":[{\"@type\":\"ListItem\",\"position\":1,\"name\":\"Home\",\"item\":\"https:\\\/\\\/www.metrica.it\\\/de\\\/\"},{\"@type\":\"ListItem\",\"position\":2,\"name\":\"Produktionsstandorte in Italien\"}]},{\"@type\":\"WebSite\",\"@id\":\"https:\\\/\\\/www.metrica.it\\\/de\\\/#website\",\"url\":\"https:\\\/\\\/www.metrica.it\\\/de\\\/\",\"name\":\"Metrica\",\"description\":\"Made to measure\",\"potentialAction\":[{\"@type\":\"SearchAction\",\"target\":{\"@type\":\"EntryPoint\",\"urlTemplate\":\"https:\\\/\\\/www.metrica.it\\\/de\\\/?s={search_term_string}\"},\"query-input\":{\"@type\":\"PropertyValueSpecification\",\"valueRequired\":true,\"valueName\":\"search_term_string\"}}],\"inLanguage\":\"de\"}]}<\/script>","yoast_head_json":{"title":"Produktionsstandorte von Metrica | Messinstrumente","description":"Metrica produziert seit 1949 Pr\u00e4zisionsmessinstrumente und garantiert Genauigkeit, Pr\u00e4zision und Qualit\u00e4t durch Produktion Made in Italy.","robots":{"index":"index","follow":"follow","max-snippet":"max-snippet:-1","max-image-preview":"max-image-preview:large","max-video-preview":"max-video-preview:-1"},"canonical":"https:\/\/www.metrica.it\/de\/produktionsstandorte-in-italien\/","og_locale":"de_DE","og_type":"article","og_title":"Produktionsstandorte von Metrica | Messinstrumente","og_description":"Metrica produziert seit 1949 Pr\u00e4zisionsmessinstrumente und garantiert Genauigkeit, Pr\u00e4zision und Qualit\u00e4t durch Produktion Made in Italy.","og_url":"https:\/\/www.metrica.it\/de\/produktionsstandorte-in-italien\/","og_site_name":"Metrica","article_modified_time":"2024-10-01T07:52:28+00:00","twitter_card":"summary_large_image","twitter_misc":{"Gesch\u00e4tzte Lesezeit":"2\u00a0Minuten"},"schema":{"@context":"https:\/\/schema.org","@graph":[{"@type":"WebPage","@id":"https:\/\/www.metrica.it\/de\/produktionsstandorte-in-italien\/","url":"https:\/\/www.metrica.it\/de\/produktionsstandorte-in-italien\/","name":"Produktionsstandorte von Metrica | Messinstrumente","isPartOf":{"@id":"https:\/\/www.metrica.it\/de\/#website"},"datePublished":"2018-06-01T04:54:02+00:00","dateModified":"2024-10-01T07:52:28+00:00","description":"Metrica produziert seit 1949 Pr\u00e4zisionsmessinstrumente und garantiert Genauigkeit, Pr\u00e4zision und Qualit\u00e4t durch Produktion Made in Italy.","breadcrumb":{"@id":"https:\/\/www.metrica.it\/de\/produktionsstandorte-in-italien\/#breadcrumb"},"inLanguage":"de","potentialAction":[{"@type":"ReadAction","target":["https:\/\/www.metrica.it\/de\/produktionsstandorte-in-italien\/"]}]},{"@type":"BreadcrumbList","@id":"https:\/\/www.metrica.it\/de\/produktionsstandorte-in-italien\/#breadcrumb","itemListElement":[{"@type":"ListItem","position":1,"name":"Home","item":"https:\/\/www.metrica.it\/de\/"},{"@type":"ListItem","position":2,"name":"Produktionsstandorte in Italien"}]},{"@type":"WebSite","@id":"https:\/\/www.metrica.it\/de\/#website","url":"https:\/\/www.metrica.it\/de\/","name":"Metrica","description":"Made to measure","potentialAction":[{"@type":"SearchAction","target":{"@type":"EntryPoint","urlTemplate":"https:\/\/www.metrica.it\/de\/?s={search_term_string}"},"query-input":{"@type":"PropertyValueSpecification","valueRequired":true,"valueName":"search_term_string"}}],"inLanguage":"de"}]}},"meta_box":{"dwn_cataloghi":[],"dwn_certificazioni":[],"dwn_laser_e_termocamere":[],"dwn_livelle":[],"dwn_misure_meccaniche":[],"dwn_misure_di_angoli":[],"dwn_misura_di_lunghezze":[]},"_links":{"self":[{"href":"https:\/\/www.metrica.it\/de\/wp-json\/wp\/v2\/pages\/138923","targetHints":{"allow":["GET"]}}],"collection":[{"href":"https:\/\/www.metrica.it\/de\/wp-json\/wp\/v2\/pages"}],"about":[{"href":"https:\/\/www.metrica.it\/de\/wp-json\/wp\/v2\/types\/page"}],"author":[{"embeddable":true,"href":"https:\/\/www.metrica.it\/de\/wp-json\/wp\/v2\/users\/1"}],"replies":[{"embeddable":true,"href":"https:\/\/www.metrica.it\/de\/wp-json\/wp\/v2\/comments?post=138923"}],"version-history":[{"count":0,"href":"https:\/\/www.metrica.it\/de\/wp-json\/wp\/v2\/pages\/138923\/revisions"}],"wp:attachment":[{"href":"https:\/\/www.metrica.it\/de\/wp-json\/wp\/v2\/media?parent=138923"}],"curies":[{"name":"wp","href":"https:\/\/api.w.org\/{rel}","templated":true}]}}