{"id":157785,"date":"2025-03-11T00:05:34","date_gmt":"2025-03-10T23:05:34","guid":{"rendered":"https:\/\/www.metrica.it\/?page_id=157785"},"modified":"2025-03-11T00:18:23","modified_gmt":"2025-03-10T23:18:23","slug":"kontakte","status":"publish","type":"page","link":"https:\/\/www.metrica.it\/de\/kontakte\/","title":{"rendered":"Kontakte"},"content":{"rendered":"<div class=\"wpb-content-wrapper\"><section data-vc-full-width=\"true\" data-vc-full-width-init=\"false\" class=\"vc_row wpb_row vc_row-fluid  vc_custom_1718616386494   fix-background hongo-row-min-height wow fadeIn vc_row-has-fill hongo-stretch-content hongo-stretch-row-container  hongo_responsive_1718616386496\" style=\"min-height: 650px;\"><div class=\"hongo-overlay\" style=\"opacity:0.7; background: #353535;z-index:0; \"><\/div><div class=\"wpb_column vc_column_container col-xs-mobile-fullwidth vc_col-sm-12\"><div class=\"vc_column-inner\"><div class=\"wpb_wrapper\"><\/div><\/div><\/div><\/section><div class=\"vc_row-full-width vc_clearfix\"><\/div><section data-vc-full-width=\"true\" data-vc-full-width-init=\"false\" data-vc-stretch-content=\"true\" class=\"vc_row wpb_row vc_row-fluid  vc_custom_1719760865782   hongo-stretch-content hongo-stretch-content-fluid vc_row-o-equal-height vc_row-o-content-middle vc_row-flex  hongo_responsive_1719760865783\"><div class=\"wpb_column vc_column_container contact-aside col-xs-mobile-fullwidth vc_col-sm-12 vc_col-lg-4 vc_col-md-12 wow fadeInLeft\" data-wow-delay= 300ms data-wow-duration= 1200ms><div class=\"vc_column-inner vc_custom_1725446335759  hongo_responsive_1725446335760\"><div class=\"wpb_wrapper\"><div class=\"hongo-testimonial-1 testimonial-style-3\"><div class=\"testimonial-content-title\">Effizienz<\/div><div class=\"testimonial-content\"><p>Wir bem\u00fchen uns, Ihre Anfragen schnell und effizient zu beantworten.<br \/>\nWir entschuldigen uns f\u00fcr etwaige Verz\u00f6gerungen, die durch die Anzahl der eingegangenen Anfragen verursacht werden k\u00f6nnen.<\/p>\n<\/div><\/div><\/div><\/div><\/div><div class=\"wpb_column vc_column_container contact-main col-xs-mobile-fullwidth vc_col-sm-12 vc_col-lg-8 vc_col-md-12 wow fadeInRight\" data-wow-duration= 1200ms><div class=\"vc_column-inner vc_custom_1725446391450  hongo_responsive_1725446391451\"><div class=\"wpb_wrapper\"><div class=\"vc_row wpb_row vc_inner vc_row-fluid\"><div class=\"wpb_column vc_column_container col-xs-mobile-fullwidth vc_col-sm-5 wow fadeInLeft\" data-wow-duration= 1200ms><div class=\"vc_column-inner  hongo_responsive_1570724381415\"><div class=\"wpb_wrapper\"><div class=\"separator-style-2 vc_custom_1719761589679 separator-style2-1\"><\/div><div class=\"heading-style-3  hongo_responsive_1719761803787 heading-1 hongo-section-heading\">Schreiben Sie uns<\/div><div class=\"text-block-content hongo-text-block-1 last-paragraph-no-margin\"><p>Wir sind f\u00fcr Sie da! F\u00fcllen Sie das Formular aus und senden Sie uns eine Nachricht mit Ihren Fragen oder Informationsw\u00fcnschen. Unser Team wird Ihnen gerne so schnell wie m\u00f6glich antworten. Vielen Dank, dass Sie sich an <strong>METRICA<\/strong> gewandt haben.<\/p>\n<\/div><\/div><\/div><\/div><div class=\"wpb_column vc_column_container col-xs-mobile-fullwidth vc_col-sm-7 wow fadeInLeft\" data-wow-duration= 1200ms><div class=\"vc_column-inner vc_custom_1741648563112  hongo_responsive_1741648563113\"><div class=\"wpb_wrapper\"><div class=\"text-block-content hongo-text-block-2 last-paragraph-no-margin\"><p><strong>METRICA S.p.A.<\/strong><br \/>\nVia Grandi, 18<br \/>\n20097 San Donato M.se (MI) Italia<br \/>\nTel. +39 02518981<br \/>\n<a href=\"mailto:info@metrica.it\">info@metrica.it<\/a><\/p>\n<\/div><\/div><\/div><\/div><\/div><div class=\"vc_row wpb_row vc_inner vc_row-fluid  vc_custom_1741648536956 vc_row-has-fill\"><div class=\"wpb_column vc_column_container col-xs-mobile-fullwidth vc_col-sm-12 wow fadeInLeft\" data-wow-duration= 1200ms><div class=\"vc_column-inner  hongo_responsive_1570724381415\"><div class=\"wpb_wrapper\"><div class=\"heading-style-1 vc_custom_1719761424474 heading-2 hongo-section-heading\">F\u00fcllen Sie das Formular aus<\/div>\n<div class=\"wpcf7 no-js\" id=\"wpcf7-f157817-o1\" lang=\"de-DE\" dir=\"ltr\" data-wpcf7-id=\"157817\">\n<div class=\"screen-reader-response\"><p role=\"status\" aria-live=\"polite\" aria-atomic=\"true\"><\/p> <ul><\/ul><\/div>\n<form action=\"\/de\/wp-json\/wp\/v2\/pages\/157785#wpcf7-f157817-o1\" method=\"post\" class=\"wpcf7-form init\" aria-label=\"Kontaktformular\" novalidate=\"novalidate\" data-status=\"init\">\n<fieldset class=\"hidden-fields-container\"><input type=\"hidden\" name=\"_wpcf7\" value=\"157817\" \/><input type=\"hidden\" name=\"_wpcf7_version\" value=\"6.1.5\" \/><input type=\"hidden\" name=\"_wpcf7_locale\" value=\"de_DE\" \/><input type=\"hidden\" name=\"_wpcf7_unit_tag\" value=\"wpcf7-f157817-o1\" \/><input type=\"hidden\" name=\"_wpcf7_container_post\" value=\"0\" \/><input type=\"hidden\" name=\"_wpcf7_posted_data_hash\" value=\"\" \/><input type=\"hidden\" name=\"_wpcf7_recaptcha_response\" value=\"\" \/>\n<\/fieldset>\n<div class=\"row\">\n\t<div class=\"col-md-4\">\n\t\t<p><span class=\"wpcf7-form-control-wrap\" data-name=\"your-name\"><input size=\"40\" maxlength=\"400\" class=\"wpcf7-form-control wpcf7-text wpcf7-validates-as-required form-control\" aria-required=\"true\" aria-invalid=\"false\" placeholder=\"Vorname \/ Nachname*\" value=\"\" type=\"text\" name=\"your-name\" \/><\/span>\n\t\t<\/p>\n\t<\/div>\n\t<div class=\"col-md-4\">\n\t\t<p><span class=\"wpcf7-form-control-wrap\" data-name=\"your-email\"><input size=\"40\" maxlength=\"400\" class=\"wpcf7-form-control wpcf7-email wpcf7-validates-as-required wpcf7-text wpcf7-validates-as-email form-control\" aria-required=\"true\" aria-invalid=\"false\" placeholder=\"E-mail*\" value=\"\" type=\"email\" name=\"your-email\" \/><\/span>\n\t\t<\/p>\n\t<\/div>\n\t<div class=\"col-md-4\">\n\t\t<p><span class=\"wpcf7-form-control-wrap\" data-name=\"address\"><input size=\"40\" maxlength=\"400\" class=\"wpcf7-form-control wpcf7-text form-control\" aria-invalid=\"false\" placeholder=\"Adresse\" value=\"\" type=\"text\" name=\"address\" \/><\/span>\n\t\t<\/p>\n\t<\/div>\n<\/div><!-- end of .row -->\n<hr \/>\n<div class=\"row\">\n\t<div class=\"col-md-4\">\n\t\t<p><span class=\"wpcf7-form-control-wrap\" data-name=\"city\"><input size=\"40\" maxlength=\"400\" class=\"wpcf7-form-control wpcf7-text wpcf7-validates-as-required form-control\" aria-required=\"true\" aria-invalid=\"false\" placeholder=\"Stadt*\" value=\"\" type=\"text\" name=\"city\" \/><\/span>\n\t\t<\/p>\n\t<\/div>\n\t<div class=\"col-md-4\">\n\t\t<p><span class=\"wpcf7-form-control-wrap\" data-name=\"cap\"><input size=\"40\" maxlength=\"400\" class=\"wpcf7-form-control wpcf7-text wpcf7-validates-as-required form-control\" aria-required=\"true\" aria-invalid=\"false\" placeholder=\"Postleitzahl*\" value=\"\" type=\"text\" name=\"cap\" \/><\/span>\n\t\t<\/p>\n\t<\/div>\n\t<div class=\"col-md-4\">\n\t\t<p><span class=\"wpcf7-form-control-wrap\" data-name=\"country\"><input size=\"40\" maxlength=\"400\" class=\"wpcf7-form-control wpcf7-text wpcf7-validates-as-required form-control\" aria-required=\"true\" aria-invalid=\"false\" placeholder=\"Land*\" value=\"\" type=\"text\" name=\"country\" \/><\/span>\n\t\t<\/p>\n\t<\/div>\n<\/div><!-- end of .row -->\n<hr \/>\n<div class=\"row\">\n\t<div class=\"col-md-4\">\n\t\t<p><span class=\"wpcf7-form-control-wrap\" data-name=\"company\"><input size=\"40\" maxlength=\"400\" class=\"wpcf7-form-control wpcf7-text form-control\" aria-invalid=\"false\" placeholder=\"Unternehmen\" value=\"\" type=\"text\" name=\"company\" \/><\/span>\n\t\t<\/p>\n\t<\/div>\n\t<div class=\"col-md-4\">\n\t\t<p><span class=\"wpcf7-form-control-wrap\" data-name=\"partita-iva\"><input size=\"40\" maxlength=\"400\" class=\"wpcf7-form-control wpcf7-text form-control\" aria-invalid=\"false\" placeholder=\"MwSt.-Nummer\" value=\"\" type=\"text\" name=\"partita-iva\" \/><\/span>\n\t\t<\/p>\n\t<\/div>\n\t<div class=\"col-md-4\">\n\t\t<p><span class=\"wpcf7-form-control-wrap\" data-name=\"telefono\"><input size=\"40\" maxlength=\"400\" class=\"wpcf7-form-control wpcf7-text form-control\" aria-invalid=\"false\" placeholder=\"Telefonnummer\" value=\"\" type=\"text\" name=\"telefono\" \/><\/span>\n\t\t<\/p>\n\t<\/div>\n<\/div><!-- end of .row -->\n<hr \/>\n<div class=\"row\">\n\t<div class=\"col-md-12\">\n\t\t<p><span class=\"wpcf7-form-control-wrap\" data-name=\"messaggio\"><textarea cols=\"40\" rows=\"10\" maxlength=\"2000\" class=\"wpcf7-form-control wpcf7-textarea form-control\" aria-invalid=\"false\" placeholder=\"Nachricht\" name=\"messaggio\"><\/textarea><\/span>\n\t\t<\/p>\n\t<\/div>\n\t<div class=\"col-sm-12\" style=\"margin:1em 0 0\">\n\t\t<p><span id=\"wpcf7-69f3458dc5d5a-wrapper\" class=\"wpcf7-form-control-wrap awrfield-wrap\" ><label for=\"wpcf7-69f3458dc5d5a-field\" class=\"hp-message\">Bitte lasse dieses Feld leer.<\/label><input id=\"wpcf7-69f3458dc5d5a-field\"  class=\"wpcf7-form-control wpcf7-text\" type=\"text\" name=\"awrfield\" value=\"\" size=\"40\" tabindex=\"-1\" autocomplete=\"new-password\" \/><\/span><br \/>\n<span class=\"wpcf7-form-control-wrap\" data-name=\"privacy\"><span class=\"wpcf7-form-control wpcf7-acceptance\"><span class=\"wpcf7-list-item\"><label><input type=\"checkbox\" name=\"privacy\" value=\"1\" aria-invalid=\"false\" \/><span class=\"wpcf7-list-item-label\">Ich akzeptiere die <a href=\"\/de\/privacy\">Bedingungen der Datenschutzrichtlinie <\/a><\/span><\/label><\/span><\/span><\/span>\n\t\t<\/p>\n\t<\/div>\n<\/div>\n<div class=\"row\">\n\t<div class=\"col-sm-12\">\n\t\t<p><input class=\"wpcf7-form-control wpcf7-submit has-spinner btn-block btn btn-primary btn-lg\" type=\"submit\" value=\"Senden\" \/>\n\t\t<\/p>\n\t<\/div>\n<\/div><div class=\"wpcf7-response-output\" aria-hidden=\"true\"><\/div>\n<\/form>\n<\/div>\n<\/div><\/div><\/div><\/div><\/div><\/div><\/div><\/section><div class=\"vc_row-full-width vc_clearfix\"><\/div>\n<\/div>","protected":false},"excerpt":{"rendered":"EffizienzWir bem\u00fchen uns, Ihre Anfragen schnell und effizient zu beantworten. Wir entschuldigen uns f\u00fcr etwaige Verz\u00f6gerungen, die durch die Anzahl der eingegangenen Anfragen verursacht werden k\u00f6nnen. Schreiben Sie unsWir sind f\u00fcr Sie da! F\u00fcllen Sie das Formular aus und senden Sie uns eine Nachricht mit Ihren Fragen oder Informationsw\u00fcnschen. Unser Team wird Ihnen gerne so schnell wie m\u00f6glich antworten. Vielen Dank, dass Sie sich an METRICA gewandt haben. METRICA S.p.A. Via Grandi, 18 20097 San Donato M.se (MI) Italia Tel. +39 02518981 info@metrica.it F\u00fcllen Sie das Formular aus Bitte lasse dieses Feld leer. Ich akzeptiere die Bedingungen der Datenschutzrichtlinie","protected":false},"author":1,"featured_media":0,"parent":0,"menu_order":0,"comment_status":"closed","ping_status":"closed","template":"","meta":{"footnotes":""},"class_list":["post-157785","page","type-page","status-publish","hentry"],"yoast_head":"<title>Messinstrumente | Kontakt | Metrica<\/title>\n<meta name=\"description\" content=\"Kontaktieren Sie Metrica, spezialisiert auf Planung, Entwicklung, Produktion, Verkauf und Support von Messinstrumenten f\u00fcr Mechanik, Bauwesen und Werkzeuge.\" \/>\n<meta name=\"robots\" content=\"index, follow, max-snippet:-1, max-image-preview:large, max-video-preview:-1\" \/>\n<link rel=\"canonical\" href=\"https:\/\/www.metrica.it\/de\/kontakte\/\" \/>\n<meta property=\"og:locale\" content=\"de_DE\" \/>\n<meta property=\"og:type\" content=\"article\" \/>\n<meta property=\"og:title\" content=\"Messinstrumente | Kontakt | Metrica\" \/>\n<meta property=\"og:description\" content=\"Kontaktieren Sie Metrica, spezialisiert auf Planung, Entwicklung, Produktion, Verkauf und Support von Messinstrumenten f\u00fcr Mechanik, Bauwesen und Werkzeuge.\" \/>\n<meta property=\"og:url\" content=\"https:\/\/www.metrica.it\/de\/kontakte\/\" \/>\n<meta property=\"og:site_name\" content=\"Metrica\" \/>\n<meta property=\"article:modified_time\" content=\"2025-03-10T23:18:23+00:00\" \/>\n<meta name=\"twitter:card\" content=\"summary_large_image\" \/>\n<meta name=\"twitter:label1\" content=\"Gesch\u00e4tzte Lesezeit\" \/>\n\t<meta name=\"twitter:data1\" content=\"3\u00a0Minuten\" \/>\n<script type=\"application\/ld+json\" class=\"yoast-schema-graph\">{\"@context\":\"https:\\\/\\\/schema.org\",\"@graph\":[{\"@type\":\"WebPage\",\"@id\":\"https:\\\/\\\/www.metrica.it\\\/de\\\/kontakte\\\/\",\"url\":\"https:\\\/\\\/www.metrica.it\\\/de\\\/kontakte\\\/\",\"name\":\"Messinstrumente | Kontakt | Metrica\",\"isPartOf\":{\"@id\":\"https:\\\/\\\/www.metrica.it\\\/de\\\/#website\"},\"datePublished\":\"2025-03-10T23:05:34+00:00\",\"dateModified\":\"2025-03-10T23:18:23+00:00\",\"description\":\"Kontaktieren Sie Metrica, spezialisiert auf Planung, Entwicklung, Produktion, Verkauf und Support von Messinstrumenten f\u00fcr Mechanik, Bauwesen und Werkzeuge.\",\"breadcrumb\":{\"@id\":\"https:\\\/\\\/www.metrica.it\\\/de\\\/kontakte\\\/#breadcrumb\"},\"inLanguage\":\"de\",\"potentialAction\":[{\"@type\":\"ReadAction\",\"target\":[\"https:\\\/\\\/www.metrica.it\\\/de\\\/kontakte\\\/\"]}]},{\"@type\":\"BreadcrumbList\",\"@id\":\"https:\\\/\\\/www.metrica.it\\\/de\\\/kontakte\\\/#breadcrumb\",\"itemListElement\":[{\"@type\":\"ListItem\",\"position\":1,\"name\":\"Home\",\"item\":\"https:\\\/\\\/www.metrica.it\\\/de\\\/\"},{\"@type\":\"ListItem\",\"position\":2,\"name\":\"Kontakte\"}]},{\"@type\":\"WebSite\",\"@id\":\"https:\\\/\\\/www.metrica.it\\\/de\\\/#website\",\"url\":\"https:\\\/\\\/www.metrica.it\\\/de\\\/\",\"name\":\"Metrica\",\"description\":\"Made to measure\",\"potentialAction\":[{\"@type\":\"SearchAction\",\"target\":{\"@type\":\"EntryPoint\",\"urlTemplate\":\"https:\\\/\\\/www.metrica.it\\\/de\\\/?s={search_term_string}\"},\"query-input\":{\"@type\":\"PropertyValueSpecification\",\"valueRequired\":true,\"valueName\":\"search_term_string\"}}],\"inLanguage\":\"de\"}]}<\/script>","yoast_head_json":{"title":"Messinstrumente | Kontakt | Metrica","description":"Kontaktieren Sie Metrica, spezialisiert auf Planung, Entwicklung, Produktion, Verkauf und Support von Messinstrumenten f\u00fcr Mechanik, Bauwesen und Werkzeuge.","robots":{"index":"index","follow":"follow","max-snippet":"max-snippet:-1","max-image-preview":"max-image-preview:large","max-video-preview":"max-video-preview:-1"},"canonical":"https:\/\/www.metrica.it\/de\/kontakte\/","og_locale":"de_DE","og_type":"article","og_title":"Messinstrumente | Kontakt | Metrica","og_description":"Kontaktieren Sie Metrica, spezialisiert auf Planung, Entwicklung, Produktion, Verkauf und Support von Messinstrumenten f\u00fcr Mechanik, Bauwesen und Werkzeuge.","og_url":"https:\/\/www.metrica.it\/de\/kontakte\/","og_site_name":"Metrica","article_modified_time":"2025-03-10T23:18:23+00:00","twitter_card":"summary_large_image","twitter_misc":{"Gesch\u00e4tzte Lesezeit":"3\u00a0Minuten"},"schema":{"@context":"https:\/\/schema.org","@graph":[{"@type":"WebPage","@id":"https:\/\/www.metrica.it\/de\/kontakte\/","url":"https:\/\/www.metrica.it\/de\/kontakte\/","name":"Messinstrumente | Kontakt | Metrica","isPartOf":{"@id":"https:\/\/www.metrica.it\/de\/#website"},"datePublished":"2025-03-10T23:05:34+00:00","dateModified":"2025-03-10T23:18:23+00:00","description":"Kontaktieren Sie Metrica, spezialisiert auf Planung, Entwicklung, Produktion, Verkauf und Support von Messinstrumenten f\u00fcr Mechanik, Bauwesen und Werkzeuge.","breadcrumb":{"@id":"https:\/\/www.metrica.it\/de\/kontakte\/#breadcrumb"},"inLanguage":"de","potentialAction":[{"@type":"ReadAction","target":["https:\/\/www.metrica.it\/de\/kontakte\/"]}]},{"@type":"BreadcrumbList","@id":"https:\/\/www.metrica.it\/de\/kontakte\/#breadcrumb","itemListElement":[{"@type":"ListItem","position":1,"name":"Home","item":"https:\/\/www.metrica.it\/de\/"},{"@type":"ListItem","position":2,"name":"Kontakte"}]},{"@type":"WebSite","@id":"https:\/\/www.metrica.it\/de\/#website","url":"https:\/\/www.metrica.it\/de\/","name":"Metrica","description":"Made to measure","potentialAction":[{"@type":"SearchAction","target":{"@type":"EntryPoint","urlTemplate":"https:\/\/www.metrica.it\/de\/?s={search_term_string}"},"query-input":{"@type":"PropertyValueSpecification","valueRequired":true,"valueName":"search_term_string"}}],"inLanguage":"de"}]}},"meta_box":{"dwn_cataloghi":[],"dwn_certificazioni":[],"dwn_laser_e_termocamere":[],"dwn_livelle":[],"dwn_misure_meccaniche":[],"dwn_misure_di_angoli":[],"dwn_misura_di_lunghezze":[]},"_links":{"self":[{"href":"https:\/\/www.metrica.it\/de\/wp-json\/wp\/v2\/pages\/157785","targetHints":{"allow":["GET"]}}],"collection":[{"href":"https:\/\/www.metrica.it\/de\/wp-json\/wp\/v2\/pages"}],"about":[{"href":"https:\/\/www.metrica.it\/de\/wp-json\/wp\/v2\/types\/page"}],"author":[{"embeddable":true,"href":"https:\/\/www.metrica.it\/de\/wp-json\/wp\/v2\/users\/1"}],"replies":[{"embeddable":true,"href":"https:\/\/www.metrica.it\/de\/wp-json\/wp\/v2\/comments?post=157785"}],"version-history":[{"count":2,"href":"https:\/\/www.metrica.it\/de\/wp-json\/wp\/v2\/pages\/157785\/revisions"}],"predecessor-version":[{"id":157947,"href":"https:\/\/www.metrica.it\/de\/wp-json\/wp\/v2\/pages\/157785\/revisions\/157947"}],"wp:attachment":[{"href":"https:\/\/www.metrica.it\/de\/wp-json\/wp\/v2\/media?parent=157785"}],"curies":[{"name":"wp","href":"https:\/\/api.w.org\/{rel}","templated":true}]}}