{"id":142079,"date":"2024-09-16T11:50:32","date_gmt":"2024-09-16T09:50:32","guid":{"rendered":"https:\/\/www.metrica.it\/prodotto\/elektronischer-theodolit-dt2\/"},"modified":"2024-09-16T20:38:26","modified_gmt":"2024-09-16T18:38:26","slug":"elektronischer-theodolit-dt2","status":"publish","type":"product","link":"https:\/\/www.metrica.it\/de\/produkt\/elektronischer-theodolit-dt2\/","title":{"rendered":"Elektronischer Theodolit Dt2"},"content":{"rendered":"<ul>\n<li>Elektronischer Theodolit<\/li>\n<li>Elektronische Winkelmessung<\/li>\n<li>2 sehr sichbare LCD-Displays<\/li>\n<li>Absolutes Encoding-System<\/li>\n<li>Adapter f\u00fcr normale Batterien<\/li>\n<li>Laser-Lot<\/li>\n<\/ul>\n","protected":false},"excerpt":{"rendered":"<p>Elektronischer Theodolit<br \/>Elektronische Winkelmessung<br \/>2 sehr sichbare LCD-Displays<br \/>Absolutes Encoding-System<br \/>Adapter f\u00fcr normale Batterien<br \/>Laser-Lot<\/p>\n","protected":false},"featured_media":118628,"template":"","meta":[],"product_cat":[531,516],"product_tag":[],"class_list":{"0":"post-142079","1":"product","2":"type-product","3":"status-publish","4":"has-post-thumbnail","6":"product_cat-geodasie","7":"product_cat-laser-und-warmebildkameras","9":"first","10":"instock","11":"sold-individually","12":"product-type-simple"},"yoast_head":"<title>Teodolite Elettronico Digitale Dt2 | Geod\u00e4sie | Laser und W\u00e4rmebildkameras - Metrica<\/title>\n<meta name=\"description\" content=\"Entdecken Sie die Produktkollektion., Teodolite Elettronico Digitale Dt2 - Geod\u00e4sie.Teodolite digitale,Misurazione incrementale degli angoli,2 Display a cristalli liquidi . Schauen Sie sich den Katalog auf der offiziellen Metrica-Website an\" \/>\n<meta name=\"robots\" content=\"index, follow, max-snippet:-1, max-image-preview:large, max-video-preview:-1\" \/>\n<link rel=\"canonical\" href=\"https:\/\/www.metrica.it\/de\/produkt\/elektronischer-theodolit-dt2\/\" \/>\n<meta property=\"og:locale\" content=\"de_DE\" \/>\n<meta property=\"og:type\" content=\"article\" \/>\n<meta property=\"og:title\" content=\"Teodolite Elettronico Digitale Dt2 | Geod\u00e4sie | Laser und W\u00e4rmebildkameras - Metrica\" \/>\n<meta property=\"og:description\" content=\"Entdecken Sie die Produktkollektion., Teodolite Elettronico Digitale Dt2 - Geod\u00e4sie.Teodolite digitale,Misurazione incrementale degli angoli,2 Display a cristalli liquidi . Schauen Sie sich den Katalog auf der offiziellen Metrica-Website an\" \/>\n<meta property=\"og:url\" content=\"https:\/\/www.metrica.it\/de\/produkt\/elektronischer-theodolit-dt2\/\" \/>\n<meta property=\"og:site_name\" content=\"Metrica\" \/>\n<meta property=\"article:modified_time\" content=\"2024-09-16T18:38:26+00:00\" \/>\n<meta property=\"og:image\" content=\"https:\/\/www.metrica.it\/wp-content\/uploads\/2024\/05\/60840.jpg\" \/>\n\t<meta property=\"og:image:width\" content=\"800\" \/>\n\t<meta property=\"og:image:height\" content=\"800\" \/>\n\t<meta property=\"og:image:type\" content=\"image\/jpeg\" \/>\n<meta name=\"twitter:card\" content=\"summary_large_image\" \/>\n<script type=\"application\/ld+json\" class=\"yoast-schema-graph\">{\"@context\":\"https:\\\/\\\/schema.org\",\"@graph\":[{\"@type\":\"WebPage\",\"@id\":\"https:\\\/\\\/www.metrica.it\\\/de\\\/produkt\\\/elektronischer-theodolit-dt2\\\/\",\"url\":\"https:\\\/\\\/www.metrica.it\\\/de\\\/produkt\\\/elektronischer-theodolit-dt2\\\/\",\"name\":\"Teodolite Elettronico Digitale Dt2 | Geod\u00e4sie | Laser und W\u00e4rmebildkameras - Metrica\",\"isPartOf\":{\"@id\":\"https:\\\/\\\/www.metrica.it\\\/de\\\/#website\"},\"primaryImageOfPage\":{\"@id\":\"https:\\\/\\\/www.metrica.it\\\/de\\\/produkt\\\/elektronischer-theodolit-dt2\\\/#primaryimage\"},\"image\":{\"@id\":\"https:\\\/\\\/www.metrica.it\\\/de\\\/produkt\\\/elektronischer-theodolit-dt2\\\/#primaryimage\"},\"thumbnailUrl\":\"https:\\\/\\\/www.metrica.it\\\/wp-content\\\/uploads\\\/2024\\\/05\\\/60840.jpg\",\"datePublished\":\"2024-09-16T09:50:32+00:00\",\"dateModified\":\"2024-09-16T18:38:26+00:00\",\"description\":\"Entdecken Sie die Produktkollektion., Teodolite Elettronico Digitale Dt2 - Geod\u00e4sie.Teodolite digitale,Misurazione incrementale degli angoli,2 Display a cristalli liquidi . Schauen Sie sich den Katalog auf der offiziellen Metrica-Website an\",\"breadcrumb\":{\"@id\":\"https:\\\/\\\/www.metrica.it\\\/de\\\/produkt\\\/elektronischer-theodolit-dt2\\\/#breadcrumb\"},\"inLanguage\":\"de\",\"potentialAction\":[{\"@type\":\"ReadAction\",\"target\":[\"https:\\\/\\\/www.metrica.it\\\/de\\\/produkt\\\/elektronischer-theodolit-dt2\\\/\"]}]},{\"@type\":\"ImageObject\",\"inLanguage\":\"de\",\"@id\":\"https:\\\/\\\/www.metrica.it\\\/de\\\/produkt\\\/elektronischer-theodolit-dt2\\\/#primaryimage\",\"url\":\"https:\\\/\\\/www.metrica.it\\\/wp-content\\\/uploads\\\/2024\\\/05\\\/60840.jpg\",\"contentUrl\":\"https:\\\/\\\/www.metrica.it\\\/wp-content\\\/uploads\\\/2024\\\/05\\\/60840.jpg\",\"width\":800,\"height\":800},{\"@type\":\"BreadcrumbList\",\"@id\":\"https:\\\/\\\/www.metrica.it\\\/de\\\/produkt\\\/elektronischer-theodolit-dt2\\\/#breadcrumb\",\"itemListElement\":[{\"@type\":\"ListItem\",\"position\":1,\"name\":\"Home\",\"item\":\"https:\\\/\\\/www.metrica.it\\\/de\\\/\"},{\"@type\":\"ListItem\",\"position\":2,\"name\":\"Katalog\",\"item\":\"https:\\\/\\\/www.metrica.it\\\/de\\\/katalog\\\/\"},{\"@type\":\"ListItem\",\"position\":3,\"name\":\"Elektronischer Theodolit Dt2\"}]},{\"@type\":\"WebSite\",\"@id\":\"https:\\\/\\\/www.metrica.it\\\/de\\\/#website\",\"url\":\"https:\\\/\\\/www.metrica.it\\\/de\\\/\",\"name\":\"Metrica\",\"description\":\"Made to measure\",\"potentialAction\":[{\"@type\":\"SearchAction\",\"target\":{\"@type\":\"EntryPoint\",\"urlTemplate\":\"https:\\\/\\\/www.metrica.it\\\/de\\\/?s={search_term_string}\"},\"query-input\":{\"@type\":\"PropertyValueSpecification\",\"valueRequired\":true,\"valueName\":\"search_term_string\"}}],\"inLanguage\":\"de\"}]}<\/script>","yoast_head_json":{"title":"Teodolite Elettronico Digitale Dt2 | Geod\u00e4sie | Laser und W\u00e4rmebildkameras - Metrica","description":"Entdecken Sie die Produktkollektion., Teodolite Elettronico Digitale Dt2 - Geod\u00e4sie.Teodolite digitale,Misurazione incrementale degli angoli,2 Display a cristalli liquidi . Schauen Sie sich den Katalog auf der offiziellen Metrica-Website an","robots":{"index":"index","follow":"follow","max-snippet":"max-snippet:-1","max-image-preview":"max-image-preview:large","max-video-preview":"max-video-preview:-1"},"canonical":"https:\/\/www.metrica.it\/de\/produkt\/elektronischer-theodolit-dt2\/","og_locale":"de_DE","og_type":"article","og_title":"Teodolite Elettronico Digitale Dt2 | Geod\u00e4sie | Laser und W\u00e4rmebildkameras - Metrica","og_description":"Entdecken Sie die Produktkollektion., Teodolite Elettronico Digitale Dt2 - Geod\u00e4sie.Teodolite digitale,Misurazione incrementale degli angoli,2 Display a cristalli liquidi . Schauen Sie sich den Katalog auf der offiziellen Metrica-Website an","og_url":"https:\/\/www.metrica.it\/de\/produkt\/elektronischer-theodolit-dt2\/","og_site_name":"Metrica","article_modified_time":"2024-09-16T18:38:26+00:00","og_image":[{"width":800,"height":800,"url":"https:\/\/www.metrica.it\/wp-content\/uploads\/2024\/05\/60840.jpg","type":"image\/jpeg"}],"twitter_card":"summary_large_image","schema":{"@context":"https:\/\/schema.org","@graph":[{"@type":"WebPage","@id":"https:\/\/www.metrica.it\/de\/produkt\/elektronischer-theodolit-dt2\/","url":"https:\/\/www.metrica.it\/de\/produkt\/elektronischer-theodolit-dt2\/","name":"Teodolite Elettronico Digitale Dt2 | Geod\u00e4sie | Laser und W\u00e4rmebildkameras - Metrica","isPartOf":{"@id":"https:\/\/www.metrica.it\/de\/#website"},"primaryImageOfPage":{"@id":"https:\/\/www.metrica.it\/de\/produkt\/elektronischer-theodolit-dt2\/#primaryimage"},"image":{"@id":"https:\/\/www.metrica.it\/de\/produkt\/elektronischer-theodolit-dt2\/#primaryimage"},"thumbnailUrl":"https:\/\/www.metrica.it\/wp-content\/uploads\/2024\/05\/60840.jpg","datePublished":"2024-09-16T09:50:32+00:00","dateModified":"2024-09-16T18:38:26+00:00","description":"Entdecken Sie die Produktkollektion., Teodolite Elettronico Digitale Dt2 - Geod\u00e4sie.Teodolite digitale,Misurazione incrementale degli angoli,2 Display a cristalli liquidi . Schauen Sie sich den Katalog auf der offiziellen Metrica-Website an","breadcrumb":{"@id":"https:\/\/www.metrica.it\/de\/produkt\/elektronischer-theodolit-dt2\/#breadcrumb"},"inLanguage":"de","potentialAction":[{"@type":"ReadAction","target":["https:\/\/www.metrica.it\/de\/produkt\/elektronischer-theodolit-dt2\/"]}]},{"@type":"ImageObject","inLanguage":"de","@id":"https:\/\/www.metrica.it\/de\/produkt\/elektronischer-theodolit-dt2\/#primaryimage","url":"https:\/\/www.metrica.it\/wp-content\/uploads\/2024\/05\/60840.jpg","contentUrl":"https:\/\/www.metrica.it\/wp-content\/uploads\/2024\/05\/60840.jpg","width":800,"height":800},{"@type":"BreadcrumbList","@id":"https:\/\/www.metrica.it\/de\/produkt\/elektronischer-theodolit-dt2\/#breadcrumb","itemListElement":[{"@type":"ListItem","position":1,"name":"Home","item":"https:\/\/www.metrica.it\/de\/"},{"@type":"ListItem","position":2,"name":"Katalog","item":"https:\/\/www.metrica.it\/de\/katalog\/"},{"@type":"ListItem","position":3,"name":"Elektronischer Theodolit Dt2"}]},{"@type":"WebSite","@id":"https:\/\/www.metrica.it\/de\/#website","url":"https:\/\/www.metrica.it\/de\/","name":"Metrica","description":"Made to measure","potentialAction":[{"@type":"SearchAction","target":{"@type":"EntryPoint","urlTemplate":"https:\/\/www.metrica.it\/de\/?s={search_term_string}"},"query-input":{"@type":"PropertyValueSpecification","valueRequired":true,"valueName":"search_term_string"}}],"inLanguage":"de"}]}},"meta_box":{"awr_documentation":[{"filesize":5494765,"ID":"146324","name":"60840.pdf","path":"\/var\/www\/html\/wp-content\/uploads\/2024\/09\/60840.pdf","url":"https:\/\/www.metrica.it\/wp-content\/uploads\/2024\/09\/60840.pdf","title":"60840.pdf"}],"awr_manuale":[],"awr_scheda_tecnica":"<table>\n<tbody>\n<tr>\n<td><strong>Kleinster Wert<\/strong><\/td>\n<td>1\"\/5\"<\/td>\n<\/tr>\n<tr>\n<td><strong>Genauigkeit<\/strong><\/td>\n<td>2\"<\/td>\n<\/tr>\n<tr>\n<td><strong>Teleskopl\u00e4nge<\/strong><\/td>\n<td>156 mm<\/td>\n<\/tr>\n<tr>\n<td><strong>Objektivdurchmesser<\/strong><\/td>\n<td>45 mm<\/td>\n<\/tr>\n<tr>\n<td><strong>Vergr\u00f6\u00dferung<\/strong><\/td>\n<td>30 x<\/td>\n<\/tr>\n<tr>\n<td><strong>Sichtfeld<\/strong><\/td>\n<td>1\u00b030'<\/td>\n<\/tr>\n<tr>\n<td><strong>K\u00fcrzeste Zielweite<\/strong><\/td>\n<td>1.3 m<\/td>\n<\/tr>\n<tr>\n<td><strong>Tilt-Sensor<\/strong><\/td>\n<td>si<\/td>\n<\/tr>\n<tr>\n<td><strong>R\u00f6hrenlibelle<\/strong><\/td>\n<td>30\" \/ 2 mm<\/td>\n<\/tr>\n<tr>\n<td><strong>Dosenlibelle<\/strong><\/td>\n<td>8' \/ 2 mm<\/td>\n<\/tr>\n<tr>\n<td><strong>Laser-Lot<\/strong><\/td>\n<td>Ja<\/td>\n<\/tr>\n<tr>\n<td><strong>Stromversorgung<\/strong><\/td>\n<td>4 aufladbar x 1,5V DC AA<\/td>\n<\/tr>\n<tr>\n<td><strong>Arbeitstemperatur<\/strong><\/td>\n<td>-20 C\u00b0 \/ + 50 \u00b0C<\/td>\n<\/tr>\n<tr>\n<td><strong>Gewicht<\/strong><\/td>\n<td>57 Kg<\/td>\n<\/tr>\n<\/tbody>\n<\/table>\n","awr_youtube_video":"","awr_classe_prodotto":"","awr_customize_product":"0","awr_custom_image":false,"awr_related_products":[{"awr_product_name":"Teodolite Elettronico Digitale Dt2","awr_product_references":"ref:60840|ean:8001066608409|pack:1"}],"awr_consumabili":"","awr_alternativi":"","awr_aliases":"60840","awr_skuid":"60840-it"},"_links":{"self":[{"href":"https:\/\/www.metrica.it\/de\/wp-json\/wp\/v2\/product\/142079","targetHints":{"allow":["GET"]}}],"collection":[{"href":"https:\/\/www.metrica.it\/de\/wp-json\/wp\/v2\/product"}],"about":[{"href":"https:\/\/www.metrica.it\/de\/wp-json\/wp\/v2\/types\/product"}],"wp:featuredmedia":[{"embeddable":true,"href":"https:\/\/www.metrica.it\/de\/wp-json\/wp\/v2\/media\/118628"}],"wp:attachment":[{"href":"https:\/\/www.metrica.it\/de\/wp-json\/wp\/v2\/media?parent=142079"}],"wp:term":[{"taxonomy":"product_cat","embeddable":true,"href":"https:\/\/www.metrica.it\/de\/wp-json\/wp\/v2\/product_cat?post=142079"},{"taxonomy":"product_tag","embeddable":true,"href":"https:\/\/www.metrica.it\/de\/wp-json\/wp\/v2\/product_tag?post=142079"}],"curies":[{"name":"wp","href":"https:\/\/api.w.org\/{rel}","templated":true}]}}