{"id":142109,"date":"2024-09-16T12:33:29","date_gmt":"2024-09-16T10:33:29","guid":{"rendered":"https:\/\/www.metrica.it\/prodotto\/teleskopmassstab-bis-6-m\/"},"modified":"2024-09-16T21:24:38","modified_gmt":"2024-09-16T19:24:38","slug":"teleskopmassstab-bis-6-m","status":"publish","type":"product","link":"https:\/\/www.metrica.it\/de\/produkt\/teleskopmassstab-bis-6-m\/","title":{"rendered":"Teleskopmassstab Bis 6 M"},"content":{"rendered":"<ul>\n<li>Teleskopma\u00dfst\u00e4be mit direkte Ablesung am Ma\u00dfband mit Angabe der Innen- und Au\u00dfenma\u00dfe<\/li>\n<li>Die Abmessvorrichtung ist am oberen Ende der Ger\u00e4tes, f\u00fcr eine einfache Ablesung<\/li>\n<li>Wasser und luftdichte Sohle mit H\u00fclle (patentiert)<\/li>\n<li>Automatische Blockierung der einzelnen Elemente, innere Federn aus rostfreiem Stahl<\/li>\n<li>Horizontal- und Vertikallibelle zum genauen positionieren des Ger\u00e4tes in Messrichtung<\/li>\n<li>Mit Transport-Tasche<\/li>\n<li>M\u00f6glichkeit, an den Enden 2 Stahlspitzen f\u00fcr Rillenund Diagonal-Messungen einzuschrauben<\/li>\n<li>Ergonomische Kapsel und 2 Libellen<\/li>\n<\/ul>\n<p>\u00a0<\/p>\n<p><strong><span>ZUBEH\u00d6R<\/span><\/strong><strong>\u00a0(*)<\/strong><\/p>\n<ul>\n<li>Ref.\u00a0 49370 &#8211; <span>ZUM MESSEN IN RILLEN<\/span> &#8211; <span>1 Paar Spitzen 50 mm \u00d8 10 mm<\/span><\/li>\n<li>Ref.\u00a0 49371 &#8211; <span>ZUM MESSEN DER DIAGONALEN<\/span> &#8211; <span>1 Paar Endst\u00fccke 50 mm, dreieckige Spitze f\u00fcr diagonal Messungen<\/span><\/li>\n<li>Ref.\u00a0 49377 &#8211; <span>F\u00dcR AUSSENMESSUNGEN<\/span> &#8211; <span>Schnabel zum Einschrauben, f\u00fcr Au\u00dfenma\u00dfe, L\u00e4nge 33 cm<\/span><\/li>\n<li>* <span>Durch die Anwendung von Zubeh\u00f6r entf\u00e4llt die Zertifizierung<\/span><strong> CE<\/strong><\/li>\n<\/ul>\n","protected":false},"excerpt":{"rendered":"<p>Teleskopma\u00dfst\u00e4be mit direkte Ablesung am Ma\u00dfband mit Angabe der Innen- und Au\u00dfenma\u00dfe<br \/>Die Abmessvorrichtung ist am oberen Ende der Ger\u00e4tes, f\u00fcr eine einfache Ablesung<br \/>Wasser und luftdichte Sohle mit H\u00fclle (patentiert)<br \/>Automatische Blockierung der einzelnen Elemente, innere Federn aus rostfreiem Stahl<br \/>Horizontal- und Vertikallibelle zum genauen positionieren des Ger\u00e4tes in Messrichtung<br \/>Mit Transport-Tasche<br \/>M\u00f6glichkeit, an den Enden 2 Stahlspitzen f\u00fcr Rillenund Diagonal-Messungen einzuschrauben <br \/>Ergonomische Kapsel und 2 Libellen<\/p>\n","protected":false},"featured_media":130484,"template":"","meta":[],"product_cat":[50,618],"product_tag":[],"class_list":{"0":"post-142109","1":"product","2":"type-product","3":"status-publish","4":"has-post-thumbnail","6":"product_cat-laengenmessungen","7":"product_cat-teleskop-massstabe","9":"first","10":"instock","11":"sold-individually","12":"product-type-simple"},"yoast_head":"<title>Telefix Metro-Telescopico - Fino A 6 m | Teleskop-Massst\u00e4be | L\u00e4ngenmessungen - Metrica<\/title>\n<meta name=\"description\" content=\"Entdecken Sie die Produktkollektion., Telefix Metro-Telescopico - Fino A 6 m - Teleskop-Massst\u00e4be.Misuratore telescopico professionale a LETTURA DIRETTA SU NASTRO GRADUATO con indicazi . Schauen Sie sich den Katalog auf der offiziellen Metrica-Website an\" \/>\n<meta name=\"robots\" content=\"index, follow, max-snippet:-1, max-image-preview:large, max-video-preview:-1\" \/>\n<link rel=\"canonical\" href=\"https:\/\/www.metrica.it\/de\/produkt\/teleskopmassstab-bis-6-m\/\" \/>\n<meta property=\"og:locale\" content=\"de_DE\" \/>\n<meta property=\"og:type\" content=\"article\" \/>\n<meta property=\"og:title\" content=\"Telefix Metro-Telescopico - Fino A 6 m | Teleskop-Massst\u00e4be | L\u00e4ngenmessungen - Metrica\" \/>\n<meta property=\"og:description\" content=\"Entdecken Sie die Produktkollektion., Telefix Metro-Telescopico - Fino A 6 m - Teleskop-Massst\u00e4be.Misuratore telescopico professionale a LETTURA DIRETTA SU NASTRO GRADUATO con indicazi . Schauen Sie sich den Katalog auf der offiziellen Metrica-Website an\" \/>\n<meta property=\"og:url\" content=\"https:\/\/www.metrica.it\/de\/produkt\/teleskopmassstab-bis-6-m\/\" \/>\n<meta property=\"og:site_name\" content=\"Metrica\" \/>\n<meta property=\"article:modified_time\" content=\"2024-09-16T19:24:38+00:00\" \/>\n<meta property=\"og:image\" content=\"https:\/\/www.metrica.it\/wp-content\/uploads\/2024\/06\/49358.jpg\" \/>\n\t<meta property=\"og:image:width\" content=\"800\" \/>\n\t<meta property=\"og:image:height\" content=\"800\" \/>\n\t<meta property=\"og:image:type\" content=\"image\/jpeg\" \/>\n<meta name=\"twitter:card\" content=\"summary_large_image\" \/>\n<meta name=\"twitter:label1\" content=\"Gesch\u00e4tzte Lesezeit\" \/>\n\t<meta name=\"twitter:data1\" content=\"1\u00a0Minute\" \/>\n<script type=\"application\/ld+json\" class=\"yoast-schema-graph\">{\"@context\":\"https:\\\/\\\/schema.org\",\"@graph\":[{\"@type\":\"WebPage\",\"@id\":\"https:\\\/\\\/www.metrica.it\\\/de\\\/produkt\\\/teleskopmassstab-bis-6-m\\\/\",\"url\":\"https:\\\/\\\/www.metrica.it\\\/de\\\/produkt\\\/teleskopmassstab-bis-6-m\\\/\",\"name\":\"Telefix Metro-Telescopico - Fino A 6 m | Teleskop-Massst\u00e4be | L\u00e4ngenmessungen - Metrica\",\"isPartOf\":{\"@id\":\"https:\\\/\\\/www.metrica.it\\\/de\\\/#website\"},\"primaryImageOfPage\":{\"@id\":\"https:\\\/\\\/www.metrica.it\\\/de\\\/produkt\\\/teleskopmassstab-bis-6-m\\\/#primaryimage\"},\"image\":{\"@id\":\"https:\\\/\\\/www.metrica.it\\\/de\\\/produkt\\\/teleskopmassstab-bis-6-m\\\/#primaryimage\"},\"thumbnailUrl\":\"https:\\\/\\\/www.metrica.it\\\/wp-content\\\/uploads\\\/2024\\\/06\\\/49358.jpg\",\"datePublished\":\"2024-09-16T10:33:29+00:00\",\"dateModified\":\"2024-09-16T19:24:38+00:00\",\"description\":\"Entdecken Sie die Produktkollektion., Telefix Metro-Telescopico - Fino A 6 m - Teleskop-Massst\u00e4be.Misuratore telescopico professionale a LETTURA DIRETTA SU NASTRO GRADUATO con indicazi . Schauen Sie sich den Katalog auf der offiziellen Metrica-Website an\",\"breadcrumb\":{\"@id\":\"https:\\\/\\\/www.metrica.it\\\/de\\\/produkt\\\/teleskopmassstab-bis-6-m\\\/#breadcrumb\"},\"inLanguage\":\"de\",\"potentialAction\":[{\"@type\":\"ReadAction\",\"target\":[\"https:\\\/\\\/www.metrica.it\\\/de\\\/produkt\\\/teleskopmassstab-bis-6-m\\\/\"]}]},{\"@type\":\"ImageObject\",\"inLanguage\":\"de\",\"@id\":\"https:\\\/\\\/www.metrica.it\\\/de\\\/produkt\\\/teleskopmassstab-bis-6-m\\\/#primaryimage\",\"url\":\"https:\\\/\\\/www.metrica.it\\\/wp-content\\\/uploads\\\/2024\\\/06\\\/49358.jpg\",\"contentUrl\":\"https:\\\/\\\/www.metrica.it\\\/wp-content\\\/uploads\\\/2024\\\/06\\\/49358.jpg\",\"width\":800,\"height\":800},{\"@type\":\"BreadcrumbList\",\"@id\":\"https:\\\/\\\/www.metrica.it\\\/de\\\/produkt\\\/teleskopmassstab-bis-6-m\\\/#breadcrumb\",\"itemListElement\":[{\"@type\":\"ListItem\",\"position\":1,\"name\":\"Home\",\"item\":\"https:\\\/\\\/www.metrica.it\\\/de\\\/\"},{\"@type\":\"ListItem\",\"position\":2,\"name\":\"Katalog\",\"item\":\"https:\\\/\\\/www.metrica.it\\\/de\\\/katalog\\\/\"},{\"@type\":\"ListItem\",\"position\":3,\"name\":\"Teleskopmassstab Bis 6 M\"}]},{\"@type\":\"WebSite\",\"@id\":\"https:\\\/\\\/www.metrica.it\\\/de\\\/#website\",\"url\":\"https:\\\/\\\/www.metrica.it\\\/de\\\/\",\"name\":\"Metrica\",\"description\":\"Made to measure\",\"potentialAction\":[{\"@type\":\"SearchAction\",\"target\":{\"@type\":\"EntryPoint\",\"urlTemplate\":\"https:\\\/\\\/www.metrica.it\\\/de\\\/?s={search_term_string}\"},\"query-input\":{\"@type\":\"PropertyValueSpecification\",\"valueRequired\":true,\"valueName\":\"search_term_string\"}}],\"inLanguage\":\"de\"}]}<\/script>","yoast_head_json":{"title":"Telefix Metro-Telescopico - Fino A 6 m | Teleskop-Massst\u00e4be | L\u00e4ngenmessungen - Metrica","description":"Entdecken Sie die Produktkollektion., Telefix Metro-Telescopico - Fino A 6 m - Teleskop-Massst\u00e4be.Misuratore telescopico professionale a LETTURA DIRETTA SU NASTRO GRADUATO con indicazi . Schauen Sie sich den Katalog auf der offiziellen Metrica-Website an","robots":{"index":"index","follow":"follow","max-snippet":"max-snippet:-1","max-image-preview":"max-image-preview:large","max-video-preview":"max-video-preview:-1"},"canonical":"https:\/\/www.metrica.it\/de\/produkt\/teleskopmassstab-bis-6-m\/","og_locale":"de_DE","og_type":"article","og_title":"Telefix Metro-Telescopico - Fino A 6 m | Teleskop-Massst\u00e4be | L\u00e4ngenmessungen - Metrica","og_description":"Entdecken Sie die Produktkollektion., Telefix Metro-Telescopico - Fino A 6 m - Teleskop-Massst\u00e4be.Misuratore telescopico professionale a LETTURA DIRETTA SU NASTRO GRADUATO con indicazi . Schauen Sie sich den Katalog auf der offiziellen Metrica-Website an","og_url":"https:\/\/www.metrica.it\/de\/produkt\/teleskopmassstab-bis-6-m\/","og_site_name":"Metrica","article_modified_time":"2024-09-16T19:24:38+00:00","og_image":[{"width":800,"height":800,"url":"https:\/\/www.metrica.it\/wp-content\/uploads\/2024\/06\/49358.jpg","type":"image\/jpeg"}],"twitter_card":"summary_large_image","twitter_misc":{"Gesch\u00e4tzte Lesezeit":"1\u00a0Minute"},"schema":{"@context":"https:\/\/schema.org","@graph":[{"@type":"WebPage","@id":"https:\/\/www.metrica.it\/de\/produkt\/teleskopmassstab-bis-6-m\/","url":"https:\/\/www.metrica.it\/de\/produkt\/teleskopmassstab-bis-6-m\/","name":"Telefix Metro-Telescopico - Fino A 6 m | Teleskop-Massst\u00e4be | L\u00e4ngenmessungen - Metrica","isPartOf":{"@id":"https:\/\/www.metrica.it\/de\/#website"},"primaryImageOfPage":{"@id":"https:\/\/www.metrica.it\/de\/produkt\/teleskopmassstab-bis-6-m\/#primaryimage"},"image":{"@id":"https:\/\/www.metrica.it\/de\/produkt\/teleskopmassstab-bis-6-m\/#primaryimage"},"thumbnailUrl":"https:\/\/www.metrica.it\/wp-content\/uploads\/2024\/06\/49358.jpg","datePublished":"2024-09-16T10:33:29+00:00","dateModified":"2024-09-16T19:24:38+00:00","description":"Entdecken Sie die Produktkollektion., Telefix Metro-Telescopico - Fino A 6 m - Teleskop-Massst\u00e4be.Misuratore telescopico professionale a LETTURA DIRETTA SU NASTRO GRADUATO con indicazi . Schauen Sie sich den Katalog auf der offiziellen Metrica-Website an","breadcrumb":{"@id":"https:\/\/www.metrica.it\/de\/produkt\/teleskopmassstab-bis-6-m\/#breadcrumb"},"inLanguage":"de","potentialAction":[{"@type":"ReadAction","target":["https:\/\/www.metrica.it\/de\/produkt\/teleskopmassstab-bis-6-m\/"]}]},{"@type":"ImageObject","inLanguage":"de","@id":"https:\/\/www.metrica.it\/de\/produkt\/teleskopmassstab-bis-6-m\/#primaryimage","url":"https:\/\/www.metrica.it\/wp-content\/uploads\/2024\/06\/49358.jpg","contentUrl":"https:\/\/www.metrica.it\/wp-content\/uploads\/2024\/06\/49358.jpg","width":800,"height":800},{"@type":"BreadcrumbList","@id":"https:\/\/www.metrica.it\/de\/produkt\/teleskopmassstab-bis-6-m\/#breadcrumb","itemListElement":[{"@type":"ListItem","position":1,"name":"Home","item":"https:\/\/www.metrica.it\/de\/"},{"@type":"ListItem","position":2,"name":"Katalog","item":"https:\/\/www.metrica.it\/de\/katalog\/"},{"@type":"ListItem","position":3,"name":"Teleskopmassstab Bis 6 M"}]},{"@type":"WebSite","@id":"https:\/\/www.metrica.it\/de\/#website","url":"https:\/\/www.metrica.it\/de\/","name":"Metrica","description":"Made to measure","potentialAction":[{"@type":"SearchAction","target":{"@type":"EntryPoint","urlTemplate":"https:\/\/www.metrica.it\/de\/?s={search_term_string}"},"query-input":{"@type":"PropertyValueSpecification","valueRequired":true,"valueName":"search_term_string"}}],"inLanguage":"de"}]}},"meta_box":{"awr_documentation":[{"filesize":18319824,"ID":"146369","name":"telefix.pdf","path":"\/var\/www\/html\/wp-content\/uploads\/2024\/09\/telefix.pdf","url":"https:\/\/www.metrica.it\/wp-content\/uploads\/2024\/09\/telefix.pdf","title":"telefix.pdf"}],"awr_manuale":[],"awr_scheda_tecnica":"","awr_youtube_video":"https:\/\/www.youtube.com\/embed\/DzpWQCv75v8","awr_classe_prodotto":"","awr_customize_product":"0","awr_custom_image":false,"awr_related_products":[{"awr_product_name":"Telefix Metro-telescopico - Fino A 6 M","awr_product_references":"ref:49358|ean:8001066493586|telescopico_aperto:1 m|telescopico_chiuso:32 cm|unit_misura:mm|pack:1"},{"awr_product_name":"Telefix Metro-telescopico - Fino A 6 M","awr_product_references":"ref:49359|ean:8001066493593|telescopico_aperto:2 m|telescopico_chiuso:49 cm|unit_misura:mm|pack:1"},{"awr_product_name":"Telefix Metro-telescopico - Fino A 6 M","awr_product_references":"ref:49360|ean:8001066493609|telescopico_aperto:3 m|telescopico_chiuso:66 cm|unit_misura:mm|pack:1"},{"awr_product_name":"Telefix Metro-telescopico - Fino A 6 M","awr_product_references":"ref:49361|ean:8001066493616|telescopico_aperto:4 m|telescopico_chiuso:83 cm|unit_misura:mm|pack:1"},{"awr_product_name":"Telefix Metro-telescopico - Fino A 6 M","awr_product_references":"ref:49362|ean:8001066493623|telescopico_aperto:5 m|telescopico_chiuso:99 cm|unit_misura:mm|pack:1"},{"awr_product_name":"Telefix Metro-telescopico - Fino A 6 M","awr_product_references":"ref:49363|ean:8001066493630|telescopico_aperto:6 m|telescopico_chiuso:116 cm|unit_misura:mm|pack:1"},{"awr_product_name":"Telefix Metro-telescopico - 8\/10 M","awr_product_references":"ref:49365|ean:8001066493654|telescopico_aperto:8 m|telescopico_chiuso:135 cm|unit_misura:mm|pack:1"},{"awr_product_name":"Telefix Metro-telescopico - 8\/10 M","awr_product_references":"ref:49366|ean:8001066493661|telescopico_aperto:10 m|telescopico_chiuso:163 cm|unit_misura:mm|pack:1"},{"awr_product_name":"Accessori Per Telefix","awr_product_references":"ref:49370|ean:8001066493708|pack:1"},{"awr_product_name":"Accessori Per Telefix","awr_product_references":"ref:49371|ean:8001066493715|pack:1"},{"awr_product_name":"Accessori Per Telefix","awr_product_references":"ref:49377|ean:8001066493777|pack:1"}],"awr_consumabili":"","awr_alternativi":"","awr_aliases":"49358,49359,49360,49361,49362,49363,49365,49366,49370,49371,49377","awr_skuid":"49358-it"},"_links":{"self":[{"href":"https:\/\/www.metrica.it\/de\/wp-json\/wp\/v2\/product\/142109","targetHints":{"allow":["GET"]}}],"collection":[{"href":"https:\/\/www.metrica.it\/de\/wp-json\/wp\/v2\/product"}],"about":[{"href":"https:\/\/www.metrica.it\/de\/wp-json\/wp\/v2\/types\/product"}],"wp:featuredmedia":[{"embeddable":true,"href":"https:\/\/www.metrica.it\/de\/wp-json\/wp\/v2\/media\/130484"}],"wp:attachment":[{"href":"https:\/\/www.metrica.it\/de\/wp-json\/wp\/v2\/media?parent=142109"}],"wp:term":[{"taxonomy":"product_cat","embeddable":true,"href":"https:\/\/www.metrica.it\/de\/wp-json\/wp\/v2\/product_cat?post=142109"},{"taxonomy":"product_tag","embeddable":true,"href":"https:\/\/www.metrica.it\/de\/wp-json\/wp\/v2\/product_tag?post=142109"}],"curies":[{"name":"wp","href":"https:\/\/api.w.org\/{rel}","templated":true}]}}