{"id":142129,"date":"2024-09-16T12:35:43","date_gmt":"2024-09-16T10:35:43","guid":{"rendered":"https:\/\/www.metrica.it\/prodotto\/metall-kapsel\/"},"modified":"2024-09-16T21:26:49","modified_gmt":"2024-09-16T19:26:49","slug":"metall-kapsel","status":"publish","type":"product","link":"https:\/\/www.metrica.it\/de\/produkt\/metall-kapsel\/","title":{"rendered":"Metall-kapsel"},"content":{"rendered":"<ul>\n<li>Mit Kunstleder \u00fcberzogene Metallkapsel<\/li>\n<li>Band mit speziellem Nylon\u00fcberzug, lange Haltbarkeit,<\/li>\n<li>kratzfest, s\u00e4urebest\u00e4ndig, matte Oberfl \u00e4che nicht<\/li>\n<li>refl ektierend<\/li>\n<li>Metallkurbel<\/li>\n<\/ul>\n","protected":false},"excerpt":{"rendered":"<p>Mit Kunstleder \u00fcberzogene Metallkapsel<br \/>Band mit speziellem Nylon\u00fcberzug, lange Haltbarkeit,<br \/>kratzfest, s\u00e4urebest\u00e4ndig, matte Oberfl \u00e4che nicht<br \/>refl ektierend<br \/>Metallkurbel<\/p>\n","protected":false},"featured_media":129939,"template":"","meta":[],"product_cat":[614,50],"product_tag":[],"class_list":{"0":"post-142129","1":"product","2":"type-product","3":"status-publish","4":"has-post-thumbnail","6":"product_cat-bandmasse","7":"product_cat-laengenmessungen","9":"first","10":"instock","11":"sold-individually","12":"product-type-simple"},"yoast_head":"<title>Cassa In Metallo | Bandmasse | L\u00e4ngenmessungen - Metrica<\/title>\n<meta name=\"description\" content=\"Entdecken Sie die Produktkollektion., Cassa In Metallo - Bandmasse.Custodia in metallo rivestita in similpelle,Nastro rivestito in nylon antiabrasione, anticorrosione,e antirifl esso . Schauen Sie sich den Katalog auf der offiziellen Metrica-Website an\" \/>\n<meta name=\"robots\" content=\"index, follow, max-snippet:-1, max-image-preview:large, max-video-preview:-1\" \/>\n<link rel=\"canonical\" href=\"https:\/\/www.metrica.it\/de\/produkt\/metall-kapsel\/\" \/>\n<meta property=\"og:locale\" content=\"de_DE\" \/>\n<meta property=\"og:type\" content=\"article\" \/>\n<meta property=\"og:title\" content=\"Cassa In Metallo | Bandmasse | L\u00e4ngenmessungen - Metrica\" \/>\n<meta property=\"og:description\" content=\"Entdecken Sie die Produktkollektion., Cassa In Metallo - Bandmasse.Custodia in metallo rivestita in similpelle,Nastro rivestito in nylon antiabrasione, anticorrosione,e antirifl esso . Schauen Sie sich den Katalog auf der offiziellen Metrica-Website an\" \/>\n<meta property=\"og:url\" content=\"https:\/\/www.metrica.it\/de\/produkt\/metall-kapsel\/\" \/>\n<meta property=\"og:site_name\" content=\"Metrica\" \/>\n<meta property=\"article:modified_time\" content=\"2024-09-16T19:26:49+00:00\" \/>\n<meta property=\"og:image\" content=\"https:\/\/www.metrica.it\/wp-content\/uploads\/2024\/06\/39190.jpg\" \/>\n\t<meta property=\"og:image:width\" content=\"800\" \/>\n\t<meta property=\"og:image:height\" content=\"800\" \/>\n\t<meta property=\"og:image:type\" content=\"image\/jpeg\" \/>\n<meta name=\"twitter:card\" content=\"summary_large_image\" \/>\n<script type=\"application\/ld+json\" class=\"yoast-schema-graph\">{\"@context\":\"https:\\\/\\\/schema.org\",\"@graph\":[{\"@type\":\"WebPage\",\"@id\":\"https:\\\/\\\/www.metrica.it\\\/de\\\/produkt\\\/metall-kapsel\\\/\",\"url\":\"https:\\\/\\\/www.metrica.it\\\/de\\\/produkt\\\/metall-kapsel\\\/\",\"name\":\"Cassa In Metallo | Bandmasse | L\u00e4ngenmessungen - Metrica\",\"isPartOf\":{\"@id\":\"https:\\\/\\\/www.metrica.it\\\/de\\\/#website\"},\"primaryImageOfPage\":{\"@id\":\"https:\\\/\\\/www.metrica.it\\\/de\\\/produkt\\\/metall-kapsel\\\/#primaryimage\"},\"image\":{\"@id\":\"https:\\\/\\\/www.metrica.it\\\/de\\\/produkt\\\/metall-kapsel\\\/#primaryimage\"},\"thumbnailUrl\":\"https:\\\/\\\/www.metrica.it\\\/wp-content\\\/uploads\\\/2024\\\/06\\\/39190.jpg\",\"datePublished\":\"2024-09-16T10:35:43+00:00\",\"dateModified\":\"2024-09-16T19:26:49+00:00\",\"description\":\"Entdecken Sie die Produktkollektion., Cassa In Metallo - Bandmasse.Custodia in metallo rivestita in similpelle,Nastro rivestito in nylon antiabrasione, anticorrosione,e antirifl esso . Schauen Sie sich den Katalog auf der offiziellen Metrica-Website an\",\"breadcrumb\":{\"@id\":\"https:\\\/\\\/www.metrica.it\\\/de\\\/produkt\\\/metall-kapsel\\\/#breadcrumb\"},\"inLanguage\":\"de\",\"potentialAction\":[{\"@type\":\"ReadAction\",\"target\":[\"https:\\\/\\\/www.metrica.it\\\/de\\\/produkt\\\/metall-kapsel\\\/\"]}]},{\"@type\":\"ImageObject\",\"inLanguage\":\"de\",\"@id\":\"https:\\\/\\\/www.metrica.it\\\/de\\\/produkt\\\/metall-kapsel\\\/#primaryimage\",\"url\":\"https:\\\/\\\/www.metrica.it\\\/wp-content\\\/uploads\\\/2024\\\/06\\\/39190.jpg\",\"contentUrl\":\"https:\\\/\\\/www.metrica.it\\\/wp-content\\\/uploads\\\/2024\\\/06\\\/39190.jpg\",\"width\":800,\"height\":800},{\"@type\":\"BreadcrumbList\",\"@id\":\"https:\\\/\\\/www.metrica.it\\\/de\\\/produkt\\\/metall-kapsel\\\/#breadcrumb\",\"itemListElement\":[{\"@type\":\"ListItem\",\"position\":1,\"name\":\"Home\",\"item\":\"https:\\\/\\\/www.metrica.it\\\/de\\\/\"},{\"@type\":\"ListItem\",\"position\":2,\"name\":\"Katalog\",\"item\":\"https:\\\/\\\/www.metrica.it\\\/de\\\/katalog\\\/\"},{\"@type\":\"ListItem\",\"position\":3,\"name\":\"Metall-kapsel\"}]},{\"@type\":\"WebSite\",\"@id\":\"https:\\\/\\\/www.metrica.it\\\/de\\\/#website\",\"url\":\"https:\\\/\\\/www.metrica.it\\\/de\\\/\",\"name\":\"Metrica\",\"description\":\"Made to measure\",\"potentialAction\":[{\"@type\":\"SearchAction\",\"target\":{\"@type\":\"EntryPoint\",\"urlTemplate\":\"https:\\\/\\\/www.metrica.it\\\/de\\\/?s={search_term_string}\"},\"query-input\":{\"@type\":\"PropertyValueSpecification\",\"valueRequired\":true,\"valueName\":\"search_term_string\"}}],\"inLanguage\":\"de\"}]}<\/script>","yoast_head_json":{"title":"Cassa In Metallo | Bandmasse | L\u00e4ngenmessungen - Metrica","description":"Entdecken Sie die Produktkollektion., Cassa In Metallo - Bandmasse.Custodia in metallo rivestita in similpelle,Nastro rivestito in nylon antiabrasione, anticorrosione,e antirifl esso . Schauen Sie sich den Katalog auf der offiziellen Metrica-Website an","robots":{"index":"index","follow":"follow","max-snippet":"max-snippet:-1","max-image-preview":"max-image-preview:large","max-video-preview":"max-video-preview:-1"},"canonical":"https:\/\/www.metrica.it\/de\/produkt\/metall-kapsel\/","og_locale":"de_DE","og_type":"article","og_title":"Cassa In Metallo | Bandmasse | L\u00e4ngenmessungen - Metrica","og_description":"Entdecken Sie die Produktkollektion., Cassa In Metallo - Bandmasse.Custodia in metallo rivestita in similpelle,Nastro rivestito in nylon antiabrasione, anticorrosione,e antirifl esso . Schauen Sie sich den Katalog auf der offiziellen Metrica-Website an","og_url":"https:\/\/www.metrica.it\/de\/produkt\/metall-kapsel\/","og_site_name":"Metrica","article_modified_time":"2024-09-16T19:26:49+00:00","og_image":[{"width":800,"height":800,"url":"https:\/\/www.metrica.it\/wp-content\/uploads\/2024\/06\/39190.jpg","type":"image\/jpeg"}],"twitter_card":"summary_large_image","schema":{"@context":"https:\/\/schema.org","@graph":[{"@type":"WebPage","@id":"https:\/\/www.metrica.it\/de\/produkt\/metall-kapsel\/","url":"https:\/\/www.metrica.it\/de\/produkt\/metall-kapsel\/","name":"Cassa In Metallo | Bandmasse | L\u00e4ngenmessungen - Metrica","isPartOf":{"@id":"https:\/\/www.metrica.it\/de\/#website"},"primaryImageOfPage":{"@id":"https:\/\/www.metrica.it\/de\/produkt\/metall-kapsel\/#primaryimage"},"image":{"@id":"https:\/\/www.metrica.it\/de\/produkt\/metall-kapsel\/#primaryimage"},"thumbnailUrl":"https:\/\/www.metrica.it\/wp-content\/uploads\/2024\/06\/39190.jpg","datePublished":"2024-09-16T10:35:43+00:00","dateModified":"2024-09-16T19:26:49+00:00","description":"Entdecken Sie die Produktkollektion., Cassa In Metallo - Bandmasse.Custodia in metallo rivestita in similpelle,Nastro rivestito in nylon antiabrasione, anticorrosione,e antirifl esso . Schauen Sie sich den Katalog auf der offiziellen Metrica-Website an","breadcrumb":{"@id":"https:\/\/www.metrica.it\/de\/produkt\/metall-kapsel\/#breadcrumb"},"inLanguage":"de","potentialAction":[{"@type":"ReadAction","target":["https:\/\/www.metrica.it\/de\/produkt\/metall-kapsel\/"]}]},{"@type":"ImageObject","inLanguage":"de","@id":"https:\/\/www.metrica.it\/de\/produkt\/metall-kapsel\/#primaryimage","url":"https:\/\/www.metrica.it\/wp-content\/uploads\/2024\/06\/39190.jpg","contentUrl":"https:\/\/www.metrica.it\/wp-content\/uploads\/2024\/06\/39190.jpg","width":800,"height":800},{"@type":"BreadcrumbList","@id":"https:\/\/www.metrica.it\/de\/produkt\/metall-kapsel\/#breadcrumb","itemListElement":[{"@type":"ListItem","position":1,"name":"Home","item":"https:\/\/www.metrica.it\/de\/"},{"@type":"ListItem","position":2,"name":"Katalog","item":"https:\/\/www.metrica.it\/de\/katalog\/"},{"@type":"ListItem","position":3,"name":"Metall-kapsel"}]},{"@type":"WebSite","@id":"https:\/\/www.metrica.it\/de\/#website","url":"https:\/\/www.metrica.it\/de\/","name":"Metrica","description":"Made to measure","potentialAction":[{"@type":"SearchAction","target":{"@type":"EntryPoint","urlTemplate":"https:\/\/www.metrica.it\/de\/?s={search_term_string}"},"query-input":{"@type":"PropertyValueSpecification","valueRequired":true,"valueName":"search_term_string"}}],"inLanguage":"de"}]}},"meta_box":{"awr_documentation":[],"awr_manuale":[],"awr_scheda_tecnica":"","awr_youtube_video":"","awr_classe_prodotto":"CE_2","awr_customize_product":"0","awr_custom_image":false,"awr_related_products":[{"awr_product_name":"Cassa In Metallo","awr_product_references":"ref:39193SP|ean:8001066391936|l:20 m|larghezza:13 mm|unit_misura:mm|pack:1"}],"awr_consumabili":"","awr_alternativi":"","awr_aliases":"39193SP","awr_skuid":"39190-it"},"_links":{"self":[{"href":"https:\/\/www.metrica.it\/de\/wp-json\/wp\/v2\/product\/142129","targetHints":{"allow":["GET"]}}],"collection":[{"href":"https:\/\/www.metrica.it\/de\/wp-json\/wp\/v2\/product"}],"about":[{"href":"https:\/\/www.metrica.it\/de\/wp-json\/wp\/v2\/types\/product"}],"wp:featuredmedia":[{"embeddable":true,"href":"https:\/\/www.metrica.it\/de\/wp-json\/wp\/v2\/media\/129939"}],"wp:attachment":[{"href":"https:\/\/www.metrica.it\/de\/wp-json\/wp\/v2\/media?parent=142129"}],"wp:term":[{"taxonomy":"product_cat","embeddable":true,"href":"https:\/\/www.metrica.it\/de\/wp-json\/wp\/v2\/product_cat?post=142129"},{"taxonomy":"product_tag","embeddable":true,"href":"https:\/\/www.metrica.it\/de\/wp-json\/wp\/v2\/product_tag?post=142129"}],"curies":[{"name":"wp","href":"https:\/\/api.w.org\/{rel}","templated":true}]}}