{"id":142224,"date":"2024-09-16T12:09:28","date_gmt":"2024-09-16T10:09:28","guid":{"rendered":"https:\/\/www.metrica.it\/prodotto\/einfache-winkel\/"},"modified":"2024-09-16T20:56:58","modified_gmt":"2024-09-16T18:56:58","slug":"einfache-winkel","status":"publish","type":"product","link":"https:\/\/www.metrica.it\/de\/produkt\/einfache-winkel\/","title":{"rendered":"Einfache Winkel"},"content":{"rendered":"<ul>\n<li>Normalstahl, geschliffen, ungeh\u00e4rtet<\/li>\n<li>Robuster Querschnitt<\/li>\n<\/ul>\n","protected":false},"excerpt":{"rendered":"<p>Normalstahl, geschliffen, ungeh\u00e4rtet<br \/>Robuster Querschnitt<\/p>\n","protected":false},"featured_media":120972,"template":"","meta":[],"product_cat":[638,622],"product_tag":[],"class_list":{"0":"post-142224","1":"product","2":"type-product","3":"status-publish","4":"has-post-thumbnail","6":"product_cat-prazisionswinkel","7":"product_cat-winkelmessgerate","9":"first","10":"instock","11":"sold-individually","12":"product-type-simple"},"yoast_head":"<title>Squadra Semplice | Pr\u00e4zisionswinkel | Winkelmessg\u00ebrate - Metrica<\/title>\n<meta name=\"description\" content=\"Entdecken Sie die Produktkollektion., Squadra Semplice - Pr\u00e4zisionswinkel.Acciaio normale rettificato non temprato,Sezione robusta . Schauen Sie sich den Katalog auf der offiziellen Metrica-Website an\" \/>\n<meta name=\"robots\" content=\"index, follow, max-snippet:-1, max-image-preview:large, max-video-preview:-1\" \/>\n<link rel=\"canonical\" href=\"https:\/\/www.metrica.it\/de\/produkt\/einfache-winkel\/\" \/>\n<meta property=\"og:locale\" content=\"de_DE\" \/>\n<meta property=\"og:type\" content=\"article\" \/>\n<meta property=\"og:title\" content=\"Squadra Semplice | Pr\u00e4zisionswinkel | Winkelmessg\u00ebrate - Metrica\" \/>\n<meta property=\"og:description\" content=\"Entdecken Sie die Produktkollektion., Squadra Semplice - Pr\u00e4zisionswinkel.Acciaio normale rettificato non temprato,Sezione robusta . Schauen Sie sich den Katalog auf der offiziellen Metrica-Website an\" \/>\n<meta property=\"og:url\" content=\"https:\/\/www.metrica.it\/de\/produkt\/einfache-winkel\/\" \/>\n<meta property=\"og:site_name\" content=\"Metrica\" \/>\n<meta property=\"article:modified_time\" content=\"2024-09-16T18:56:58+00:00\" \/>\n<meta property=\"og:image\" content=\"https:\/\/www.metrica.it\/wp-content\/uploads\/2024\/05\/29053.jpg\" \/>\n\t<meta property=\"og:image:width\" content=\"800\" \/>\n\t<meta property=\"og:image:height\" content=\"800\" \/>\n\t<meta property=\"og:image:type\" content=\"image\/jpeg\" \/>\n<meta name=\"twitter:card\" content=\"summary_large_image\" \/>\n<script type=\"application\/ld+json\" class=\"yoast-schema-graph\">{\"@context\":\"https:\\\/\\\/schema.org\",\"@graph\":[{\"@type\":\"WebPage\",\"@id\":\"https:\\\/\\\/www.metrica.it\\\/de\\\/produkt\\\/einfache-winkel\\\/\",\"url\":\"https:\\\/\\\/www.metrica.it\\\/de\\\/produkt\\\/einfache-winkel\\\/\",\"name\":\"Squadra Semplice | Pr\u00e4zisionswinkel | Winkelmessg\u00ebrate - Metrica\",\"isPartOf\":{\"@id\":\"https:\\\/\\\/www.metrica.it\\\/de\\\/#website\"},\"primaryImageOfPage\":{\"@id\":\"https:\\\/\\\/www.metrica.it\\\/de\\\/produkt\\\/einfache-winkel\\\/#primaryimage\"},\"image\":{\"@id\":\"https:\\\/\\\/www.metrica.it\\\/de\\\/produkt\\\/einfache-winkel\\\/#primaryimage\"},\"thumbnailUrl\":\"https:\\\/\\\/www.metrica.it\\\/wp-content\\\/uploads\\\/2024\\\/05\\\/29053.jpg\",\"datePublished\":\"2024-09-16T10:09:28+00:00\",\"dateModified\":\"2024-09-16T18:56:58+00:00\",\"description\":\"Entdecken Sie die Produktkollektion., Squadra Semplice - Pr\u00e4zisionswinkel.Acciaio normale rettificato non temprato,Sezione robusta . Schauen Sie sich den Katalog auf der offiziellen Metrica-Website an\",\"breadcrumb\":{\"@id\":\"https:\\\/\\\/www.metrica.it\\\/de\\\/produkt\\\/einfache-winkel\\\/#breadcrumb\"},\"inLanguage\":\"de\",\"potentialAction\":[{\"@type\":\"ReadAction\",\"target\":[\"https:\\\/\\\/www.metrica.it\\\/de\\\/produkt\\\/einfache-winkel\\\/\"]}]},{\"@type\":\"ImageObject\",\"inLanguage\":\"de\",\"@id\":\"https:\\\/\\\/www.metrica.it\\\/de\\\/produkt\\\/einfache-winkel\\\/#primaryimage\",\"url\":\"https:\\\/\\\/www.metrica.it\\\/wp-content\\\/uploads\\\/2024\\\/05\\\/29053.jpg\",\"contentUrl\":\"https:\\\/\\\/www.metrica.it\\\/wp-content\\\/uploads\\\/2024\\\/05\\\/29053.jpg\",\"width\":800,\"height\":800},{\"@type\":\"BreadcrumbList\",\"@id\":\"https:\\\/\\\/www.metrica.it\\\/de\\\/produkt\\\/einfache-winkel\\\/#breadcrumb\",\"itemListElement\":[{\"@type\":\"ListItem\",\"position\":1,\"name\":\"Home\",\"item\":\"https:\\\/\\\/www.metrica.it\\\/de\\\/\"},{\"@type\":\"ListItem\",\"position\":2,\"name\":\"Katalog\",\"item\":\"https:\\\/\\\/www.metrica.it\\\/de\\\/katalog\\\/\"},{\"@type\":\"ListItem\",\"position\":3,\"name\":\"Einfache Winkel\"}]},{\"@type\":\"WebSite\",\"@id\":\"https:\\\/\\\/www.metrica.it\\\/de\\\/#website\",\"url\":\"https:\\\/\\\/www.metrica.it\\\/de\\\/\",\"name\":\"Metrica\",\"description\":\"Made to measure\",\"potentialAction\":[{\"@type\":\"SearchAction\",\"target\":{\"@type\":\"EntryPoint\",\"urlTemplate\":\"https:\\\/\\\/www.metrica.it\\\/de\\\/?s={search_term_string}\"},\"query-input\":{\"@type\":\"PropertyValueSpecification\",\"valueRequired\":true,\"valueName\":\"search_term_string\"}}],\"inLanguage\":\"de\"}]}<\/script>","yoast_head_json":{"title":"Squadra Semplice | Pr\u00e4zisionswinkel | Winkelmessg\u00ebrate - Metrica","description":"Entdecken Sie die Produktkollektion., Squadra Semplice - Pr\u00e4zisionswinkel.Acciaio normale rettificato non temprato,Sezione robusta . Schauen Sie sich den Katalog auf der offiziellen Metrica-Website an","robots":{"index":"index","follow":"follow","max-snippet":"max-snippet:-1","max-image-preview":"max-image-preview:large","max-video-preview":"max-video-preview:-1"},"canonical":"https:\/\/www.metrica.it\/de\/produkt\/einfache-winkel\/","og_locale":"de_DE","og_type":"article","og_title":"Squadra Semplice | Pr\u00e4zisionswinkel | Winkelmessg\u00ebrate - Metrica","og_description":"Entdecken Sie die Produktkollektion., Squadra Semplice - Pr\u00e4zisionswinkel.Acciaio normale rettificato non temprato,Sezione robusta . Schauen Sie sich den Katalog auf der offiziellen Metrica-Website an","og_url":"https:\/\/www.metrica.it\/de\/produkt\/einfache-winkel\/","og_site_name":"Metrica","article_modified_time":"2024-09-16T18:56:58+00:00","og_image":[{"width":800,"height":800,"url":"https:\/\/www.metrica.it\/wp-content\/uploads\/2024\/05\/29053.jpg","type":"image\/jpeg"}],"twitter_card":"summary_large_image","schema":{"@context":"https:\/\/schema.org","@graph":[{"@type":"WebPage","@id":"https:\/\/www.metrica.it\/de\/produkt\/einfache-winkel\/","url":"https:\/\/www.metrica.it\/de\/produkt\/einfache-winkel\/","name":"Squadra Semplice | Pr\u00e4zisionswinkel | Winkelmessg\u00ebrate - Metrica","isPartOf":{"@id":"https:\/\/www.metrica.it\/de\/#website"},"primaryImageOfPage":{"@id":"https:\/\/www.metrica.it\/de\/produkt\/einfache-winkel\/#primaryimage"},"image":{"@id":"https:\/\/www.metrica.it\/de\/produkt\/einfache-winkel\/#primaryimage"},"thumbnailUrl":"https:\/\/www.metrica.it\/wp-content\/uploads\/2024\/05\/29053.jpg","datePublished":"2024-09-16T10:09:28+00:00","dateModified":"2024-09-16T18:56:58+00:00","description":"Entdecken Sie die Produktkollektion., Squadra Semplice - Pr\u00e4zisionswinkel.Acciaio normale rettificato non temprato,Sezione robusta . Schauen Sie sich den Katalog auf der offiziellen Metrica-Website an","breadcrumb":{"@id":"https:\/\/www.metrica.it\/de\/produkt\/einfache-winkel\/#breadcrumb"},"inLanguage":"de","potentialAction":[{"@type":"ReadAction","target":["https:\/\/www.metrica.it\/de\/produkt\/einfache-winkel\/"]}]},{"@type":"ImageObject","inLanguage":"de","@id":"https:\/\/www.metrica.it\/de\/produkt\/einfache-winkel\/#primaryimage","url":"https:\/\/www.metrica.it\/wp-content\/uploads\/2024\/05\/29053.jpg","contentUrl":"https:\/\/www.metrica.it\/wp-content\/uploads\/2024\/05\/29053.jpg","width":800,"height":800},{"@type":"BreadcrumbList","@id":"https:\/\/www.metrica.it\/de\/produkt\/einfache-winkel\/#breadcrumb","itemListElement":[{"@type":"ListItem","position":1,"name":"Home","item":"https:\/\/www.metrica.it\/de\/"},{"@type":"ListItem","position":2,"name":"Katalog","item":"https:\/\/www.metrica.it\/de\/katalog\/"},{"@type":"ListItem","position":3,"name":"Einfache Winkel"}]},{"@type":"WebSite","@id":"https:\/\/www.metrica.it\/de\/#website","url":"https:\/\/www.metrica.it\/de\/","name":"Metrica","description":"Made to measure","potentialAction":[{"@type":"SearchAction","target":{"@type":"EntryPoint","urlTemplate":"https:\/\/www.metrica.it\/de\/?s={search_term_string}"},"query-input":{"@type":"PropertyValueSpecification","valueRequired":true,"valueName":"search_term_string"}}],"inLanguage":"de"}]}},"meta_box":{"awr_documentation":[],"awr_manuale":[],"awr_scheda_tecnica":"","awr_youtube_video":"","awr_classe_prodotto":"","awr_customize_product":"0","awr_custom_image":false,"awr_related_products":[{"awr_product_name":"Squadra Semplice","awr_product_references":"ref:29053|ean:8001066290536|axb_mm:100 x 70|precisione_1_100mm:x|precisione_1_50mm:-|pack:1"},{"awr_product_name":"Squadra Semplice","awr_product_references":"ref:29055|ean:8001066290550|axb_mm:150 x 100|precisione_1_100mm:x|precisione_1_50mm:-|pack:1"},{"awr_product_name":"Squadra Semplice","awr_product_references":"ref:29056|ean:8001066290567|axb_mm:200 x 130|precisione_1_100mm:x|precisione_1_50mm:-|pack:1"},{"awr_product_name":"Squadra Semplice","awr_product_references":"ref:29057|ean:8001066290574|axb_mm:250 x 165|precisione_1_100mm:x|precisione_1_50mm:-|pack:1"},{"awr_product_name":"Squadra Semplice","awr_product_references":"ref:29058|ean:8001066290581|axb_mm:300 x 200|precisione_1_100mm:x|precisione_1_50mm:-|pack:1"},{"awr_product_name":"Squadra Semplice","awr_product_references":"ref:29059|ean:8001066290598|axb_mm:400 x 265|precisione_1_100mm:x|precisione_1_50mm:-|pack:1"},{"awr_product_name":"Squadra Semplice","awr_product_references":"ref:29060|ean:8001066290604|axb_mm:500 x 330|precisione_1_100mm:x|precisione_1_50mm:-|pack:1"},{"awr_product_name":"Squadra Semplice","awr_product_references":"ref:29061|ean:8001066290611|axb_mm:600 x 400|precisione_1_100mm:x|precisione_1_50mm:-|pack:1"},{"awr_product_name":"Squadra Semplice","awr_product_references":"ref:29062|ean:8001066290628|axb_mm:750 x 500|precisione_1_100mm:x|precisione_1_50mm:-|pack:1"},{"awr_product_name":"Squadra Semplice","awr_product_references":"ref:29063|ean:8001066290635|axb_mm:1000 x 600|precisione_1_100mm:x|precisione_1_50mm:-|pack:1"},{"awr_product_name":"Squadra Semplice","awr_product_references":"ref:29072|ean:8001066290727|axb_mm:75 x 50|precisione_1_100mm:-|precisione_1_50mm:x|pack:1"},{"awr_product_name":"Squadra Semplice","awr_product_references":"ref:29073|ean:8001066290734|axb_mm:100 x 70|precisione_1_100mm:-|precisione_1_50mm:x|pack:1"},{"awr_product_name":"Squadra Semplice","awr_product_references":"ref:29075|ean:8001066290758|axb_mm:150 x 100|precisione_1_100mm:-|precisione_1_50mm:x|pack:1"},{"awr_product_name":"Squadra Semplice","awr_product_references":"ref:29076|ean:8001066290765|axb_mm:200 x 130|precisione_1_100mm:-|precisione_1_50mm:x|pack:1"},{"awr_product_name":"Squadra Semplice","awr_product_references":"ref:29077|ean:8001066290772|axb_mm:250 x 165|precisione_1_100mm:-|precisione_1_50mm:x|pack:1"},{"awr_product_name":"Squadra Semplice","awr_product_references":"ref:29078|ean:8001066290789|axb_mm:300 x 200|precisione_1_100mm:-|precisione_1_50mm:x|pack:1"},{"awr_product_name":"Squadra Semplice","awr_product_references":"ref:29079|ean:8001066290796|axb_mm:400 x 250|precisione_1_100mm:-|precisione_1_50mm:x|pack:1"},{"awr_product_name":"Squadra Semplice","awr_product_references":"ref:29080|ean:8001066290802|axb_mm:500 x 330|precisione_1_100mm:-|precisione_1_50mm:x|pack:1"}],"awr_consumabili":"","awr_alternativi":"","awr_aliases":"29053,29055,29056,29057,29058,29059,29060,29061,29062,29063,29072,29073,29075,29076,29077,29078,29079,29080","awr_skuid":"29053-it"},"_links":{"self":[{"href":"https:\/\/www.metrica.it\/de\/wp-json\/wp\/v2\/product\/142224","targetHints":{"allow":["GET"]}}],"collection":[{"href":"https:\/\/www.metrica.it\/de\/wp-json\/wp\/v2\/product"}],"about":[{"href":"https:\/\/www.metrica.it\/de\/wp-json\/wp\/v2\/types\/product"}],"wp:featuredmedia":[{"embeddable":true,"href":"https:\/\/www.metrica.it\/de\/wp-json\/wp\/v2\/media\/120972"}],"wp:attachment":[{"href":"https:\/\/www.metrica.it\/de\/wp-json\/wp\/v2\/media?parent=142224"}],"wp:term":[{"taxonomy":"product_cat","embeddable":true,"href":"https:\/\/www.metrica.it\/de\/wp-json\/wp\/v2\/product_cat?post=142224"},{"taxonomy":"product_tag","embeddable":true,"href":"https:\/\/www.metrica.it\/de\/wp-json\/wp\/v2\/product_tag?post=142224"}],"curies":[{"name":"wp","href":"https:\/\/api.w.org\/{rel}","templated":true}]}}