{"id":142295,"date":"2024-09-16T12:01:18","date_gmt":"2024-09-16T10:01:18","guid":{"rendered":"https:\/\/www.metrica.it\/prodotto\/datenubertragung-satz-fur-digital-messschieber-ip-54\/"},"modified":"2024-09-16T20:48:40","modified_gmt":"2024-09-16T18:48:40","slug":"datenubertragung-satz-fur-digital-messschieber-ip-54","status":"publish","type":"product","link":"https:\/\/www.metrica.it\/de\/produkt\/datenubertragung-satz-fur-digital-messschieber-ip-54\/","title":{"rendered":"Daten\u00dcbertragung Satz F\u00dcr Digital-messschieber Ip 54"},"content":{"rendered":"<ul>\n<li>Wi-Fi-Sender Art. 10082 f\u00fcr die Daten\u00fcbertragung an den PC<\/li>\n<li>Anschlie\u00dfbar an den Messschieber Art. 10081<\/li>\n<li>F\u00fcr die Verwendung mit einem Empf\u00e4nger f\u00fcr PC Art. 10083<\/li>\n<li>Betriebsfrequenz: 2400 \/ 2483,5 MHz<\/li>\n<li>Entfernung 20 m<\/li>\n<li>Drahtloser Datenempf\u00e4nger Art. 10083 f\u00fcr die Daten\u00fcbertragung an den PC<\/li>\n<li>Verwendbar mit Sender Art. 10082<\/li>\n<li>Es kann gleichzeitig 8 Ger\u00e4te des Typs Art. 10082 verwalten<\/li>\n<li>Betriebsfrequenz: 2400 \/ 2483,5 MHz<\/li>\n<li>Entfernung 20 m<\/li>\n<\/ul>\n","protected":false},"excerpt":{"rendered":"<p>Wi-Fi-Sender Art. 10082 f\u00fcr die Daten\u00fcbertragung an den PC<\/p>\n<p>Anschlie\u00dfbar an den Messschieber Art. 10081<\/p>\n<p>F\u00fcr die Verwendung mit einem Empf\u00e4nger f\u00fcr PC Art. 10083<\/p>\n<p>Betriebsfrequenz: 2400 \/ 2483,5 MHz<\/p>\n<p>Entfernung 20 m<\/p>\n<p>\u00a0<\/p>\n<p>Drahtloser Datenempf\u00e4nger Art. 10083 f\u00fcr die Daten\u00fcbertragung an den PC<\/p>\n<p>Verwendbar mit Sender Art. 10082<\/p>\n<p>Es kann gleichzeitig 8 Ger\u00e4te des Typs Art. 10082 verwalten<\/p>\n<p>Betriebsfrequenz: 2400 \/ 2483,5 MHz<\/p>\n<p>Entfernung 20 m<\/p>\n","protected":false},"featured_media":133294,"template":"","meta":[],"product_cat":[642,650],"product_tag":[],"class_list":{"0":"post-142295","1":"product","2":"type-product","3":"status-publish","4":"has-post-thumbnail","6":"product_cat-mechanische-messungen","7":"product_cat-messschieber","9":"first","10":"instock","11":"sold-individually","12":"product-type-simple"},"yoast_head":"<title>KIT TRANSFER DATA PER CALIBRO DIGITALE REF. 10081 | Messschieber | Mechanische Messungen - Metrica<\/title>\n<meta name=\"description\" content=\"Entdecken Sie die Produktkollektion., KIT TRANSFER DATA PER CALIBRO DIGITALE REF. 10081 - Messschieber.Trasmettitore dati wireless Ref. 10082 per trasmissione dati al Personal Computer, . Schauen Sie sich den Katalog auf der offiziellen Metrica-Website an\" \/>\n<meta name=\"robots\" content=\"index, follow, max-snippet:-1, max-image-preview:large, max-video-preview:-1\" \/>\n<link rel=\"canonical\" href=\"https:\/\/www.metrica.it\/de\/produkt\/datenubertragung-satz-fur-digital-messschieber-ip-54\/\" \/>\n<meta property=\"og:locale\" content=\"de_DE\" \/>\n<meta property=\"og:type\" content=\"article\" \/>\n<meta property=\"og:title\" content=\"KIT TRANSFER DATA PER CALIBRO DIGITALE REF. 10081 | Messschieber | Mechanische Messungen - Metrica\" \/>\n<meta property=\"og:description\" content=\"Entdecken Sie die Produktkollektion., KIT TRANSFER DATA PER CALIBRO DIGITALE REF. 10081 - Messschieber.Trasmettitore dati wireless Ref. 10082 per trasmissione dati al Personal Computer, . Schauen Sie sich den Katalog auf der offiziellen Metrica-Website an\" \/>\n<meta property=\"og:url\" content=\"https:\/\/www.metrica.it\/de\/produkt\/datenubertragung-satz-fur-digital-messschieber-ip-54\/\" \/>\n<meta property=\"og:site_name\" content=\"Metrica\" \/>\n<meta property=\"article:modified_time\" content=\"2024-09-16T18:48:40+00:00\" \/>\n<meta property=\"og:image\" content=\"https:\/\/www.metrica.it\/wp-content\/uploads\/2024\/06\/10082_10083.jpg\" \/>\n\t<meta property=\"og:image:width\" content=\"800\" \/>\n\t<meta property=\"og:image:height\" content=\"800\" \/>\n\t<meta property=\"og:image:type\" content=\"image\/jpeg\" \/>\n<meta name=\"twitter:card\" content=\"summary_large_image\" \/>\n<script type=\"application\/ld+json\" class=\"yoast-schema-graph\">{\"@context\":\"https:\\\/\\\/schema.org\",\"@graph\":[{\"@type\":\"WebPage\",\"@id\":\"https:\\\/\\\/www.metrica.it\\\/de\\\/produkt\\\/datenubertragung-satz-fur-digital-messschieber-ip-54\\\/\",\"url\":\"https:\\\/\\\/www.metrica.it\\\/de\\\/produkt\\\/datenubertragung-satz-fur-digital-messschieber-ip-54\\\/\",\"name\":\"KIT TRANSFER DATA PER CALIBRO DIGITALE REF. 10081 | Messschieber | Mechanische Messungen - Metrica\",\"isPartOf\":{\"@id\":\"https:\\\/\\\/www.metrica.it\\\/de\\\/#website\"},\"primaryImageOfPage\":{\"@id\":\"https:\\\/\\\/www.metrica.it\\\/de\\\/produkt\\\/datenubertragung-satz-fur-digital-messschieber-ip-54\\\/#primaryimage\"},\"image\":{\"@id\":\"https:\\\/\\\/www.metrica.it\\\/de\\\/produkt\\\/datenubertragung-satz-fur-digital-messschieber-ip-54\\\/#primaryimage\"},\"thumbnailUrl\":\"https:\\\/\\\/www.metrica.it\\\/wp-content\\\/uploads\\\/2024\\\/06\\\/10082_10083.jpg\",\"datePublished\":\"2024-09-16T10:01:18+00:00\",\"dateModified\":\"2024-09-16T18:48:40+00:00\",\"description\":\"Entdecken Sie die Produktkollektion., KIT TRANSFER DATA PER CALIBRO DIGITALE REF. 10081 - Messschieber.Trasmettitore dati wireless Ref. 10082 per trasmissione dati al Personal Computer, . Schauen Sie sich den Katalog auf der offiziellen Metrica-Website an\",\"breadcrumb\":{\"@id\":\"https:\\\/\\\/www.metrica.it\\\/de\\\/produkt\\\/datenubertragung-satz-fur-digital-messschieber-ip-54\\\/#breadcrumb\"},\"inLanguage\":\"de\",\"potentialAction\":[{\"@type\":\"ReadAction\",\"target\":[\"https:\\\/\\\/www.metrica.it\\\/de\\\/produkt\\\/datenubertragung-satz-fur-digital-messschieber-ip-54\\\/\"]}]},{\"@type\":\"ImageObject\",\"inLanguage\":\"de\",\"@id\":\"https:\\\/\\\/www.metrica.it\\\/de\\\/produkt\\\/datenubertragung-satz-fur-digital-messschieber-ip-54\\\/#primaryimage\",\"url\":\"https:\\\/\\\/www.metrica.it\\\/wp-content\\\/uploads\\\/2024\\\/06\\\/10082_10083.jpg\",\"contentUrl\":\"https:\\\/\\\/www.metrica.it\\\/wp-content\\\/uploads\\\/2024\\\/06\\\/10082_10083.jpg\",\"width\":800,\"height\":800},{\"@type\":\"BreadcrumbList\",\"@id\":\"https:\\\/\\\/www.metrica.it\\\/de\\\/produkt\\\/datenubertragung-satz-fur-digital-messschieber-ip-54\\\/#breadcrumb\",\"itemListElement\":[{\"@type\":\"ListItem\",\"position\":1,\"name\":\"Home\",\"item\":\"https:\\\/\\\/www.metrica.it\\\/de\\\/\"},{\"@type\":\"ListItem\",\"position\":2,\"name\":\"Katalog\",\"item\":\"https:\\\/\\\/www.metrica.it\\\/de\\\/katalog\\\/\"},{\"@type\":\"ListItem\",\"position\":3,\"name\":\"Daten\u00dcbertragung Satz F\u00dcr Digital-messschieber Ip 54\"}]},{\"@type\":\"WebSite\",\"@id\":\"https:\\\/\\\/www.metrica.it\\\/de\\\/#website\",\"url\":\"https:\\\/\\\/www.metrica.it\\\/de\\\/\",\"name\":\"Metrica\",\"description\":\"Made to measure\",\"potentialAction\":[{\"@type\":\"SearchAction\",\"target\":{\"@type\":\"EntryPoint\",\"urlTemplate\":\"https:\\\/\\\/www.metrica.it\\\/de\\\/?s={search_term_string}\"},\"query-input\":{\"@type\":\"PropertyValueSpecification\",\"valueRequired\":true,\"valueName\":\"search_term_string\"}}],\"inLanguage\":\"de\"}]}<\/script>","yoast_head_json":{"title":"KIT TRANSFER DATA PER CALIBRO DIGITALE REF. 10081 | Messschieber | Mechanische Messungen - Metrica","description":"Entdecken Sie die Produktkollektion., KIT TRANSFER DATA PER CALIBRO DIGITALE REF. 10081 - Messschieber.Trasmettitore dati wireless Ref. 10082 per trasmissione dati al Personal Computer, . Schauen Sie sich den Katalog auf der offiziellen Metrica-Website an","robots":{"index":"index","follow":"follow","max-snippet":"max-snippet:-1","max-image-preview":"max-image-preview:large","max-video-preview":"max-video-preview:-1"},"canonical":"https:\/\/www.metrica.it\/de\/produkt\/datenubertragung-satz-fur-digital-messschieber-ip-54\/","og_locale":"de_DE","og_type":"article","og_title":"KIT TRANSFER DATA PER CALIBRO DIGITALE REF. 10081 | Messschieber | Mechanische Messungen - Metrica","og_description":"Entdecken Sie die Produktkollektion., KIT TRANSFER DATA PER CALIBRO DIGITALE REF. 10081 - Messschieber.Trasmettitore dati wireless Ref. 10082 per trasmissione dati al Personal Computer, . Schauen Sie sich den Katalog auf der offiziellen Metrica-Website an","og_url":"https:\/\/www.metrica.it\/de\/produkt\/datenubertragung-satz-fur-digital-messschieber-ip-54\/","og_site_name":"Metrica","article_modified_time":"2024-09-16T18:48:40+00:00","og_image":[{"width":800,"height":800,"url":"https:\/\/www.metrica.it\/wp-content\/uploads\/2024\/06\/10082_10083.jpg","type":"image\/jpeg"}],"twitter_card":"summary_large_image","schema":{"@context":"https:\/\/schema.org","@graph":[{"@type":"WebPage","@id":"https:\/\/www.metrica.it\/de\/produkt\/datenubertragung-satz-fur-digital-messschieber-ip-54\/","url":"https:\/\/www.metrica.it\/de\/produkt\/datenubertragung-satz-fur-digital-messschieber-ip-54\/","name":"KIT TRANSFER DATA PER CALIBRO DIGITALE REF. 10081 | Messschieber | Mechanische Messungen - Metrica","isPartOf":{"@id":"https:\/\/www.metrica.it\/de\/#website"},"primaryImageOfPage":{"@id":"https:\/\/www.metrica.it\/de\/produkt\/datenubertragung-satz-fur-digital-messschieber-ip-54\/#primaryimage"},"image":{"@id":"https:\/\/www.metrica.it\/de\/produkt\/datenubertragung-satz-fur-digital-messschieber-ip-54\/#primaryimage"},"thumbnailUrl":"https:\/\/www.metrica.it\/wp-content\/uploads\/2024\/06\/10082_10083.jpg","datePublished":"2024-09-16T10:01:18+00:00","dateModified":"2024-09-16T18:48:40+00:00","description":"Entdecken Sie die Produktkollektion., KIT TRANSFER DATA PER CALIBRO DIGITALE REF. 10081 - Messschieber.Trasmettitore dati wireless Ref. 10082 per trasmissione dati al Personal Computer, . Schauen Sie sich den Katalog auf der offiziellen Metrica-Website an","breadcrumb":{"@id":"https:\/\/www.metrica.it\/de\/produkt\/datenubertragung-satz-fur-digital-messschieber-ip-54\/#breadcrumb"},"inLanguage":"de","potentialAction":[{"@type":"ReadAction","target":["https:\/\/www.metrica.it\/de\/produkt\/datenubertragung-satz-fur-digital-messschieber-ip-54\/"]}]},{"@type":"ImageObject","inLanguage":"de","@id":"https:\/\/www.metrica.it\/de\/produkt\/datenubertragung-satz-fur-digital-messschieber-ip-54\/#primaryimage","url":"https:\/\/www.metrica.it\/wp-content\/uploads\/2024\/06\/10082_10083.jpg","contentUrl":"https:\/\/www.metrica.it\/wp-content\/uploads\/2024\/06\/10082_10083.jpg","width":800,"height":800},{"@type":"BreadcrumbList","@id":"https:\/\/www.metrica.it\/de\/produkt\/datenubertragung-satz-fur-digital-messschieber-ip-54\/#breadcrumb","itemListElement":[{"@type":"ListItem","position":1,"name":"Home","item":"https:\/\/www.metrica.it\/de\/"},{"@type":"ListItem","position":2,"name":"Katalog","item":"https:\/\/www.metrica.it\/de\/katalog\/"},{"@type":"ListItem","position":3,"name":"Daten\u00dcbertragung Satz F\u00dcr Digital-messschieber Ip 54"}]},{"@type":"WebSite","@id":"https:\/\/www.metrica.it\/de\/#website","url":"https:\/\/www.metrica.it\/de\/","name":"Metrica","description":"Made to measure","potentialAction":[{"@type":"SearchAction","target":{"@type":"EntryPoint","urlTemplate":"https:\/\/www.metrica.it\/de\/?s={search_term_string}"},"query-input":{"@type":"PropertyValueSpecification","valueRequired":true,"valueName":"search_term_string"}}],"inLanguage":"de"}]}},"meta_box":{"awr_documentation":[{"filesize":104122,"ID":"146341","name":"10082.pdf","path":"\/var\/www\/html\/wp-content\/uploads\/2024\/09\/10082.pdf","url":"https:\/\/www.metrica.it\/wp-content\/uploads\/2024\/09\/10082.pdf","title":"10082.pdf"},{"filesize":168576,"ID":"146342","name":"10083.pdf","path":"\/var\/www\/html\/wp-content\/uploads\/2024\/09\/10083.pdf","url":"https:\/\/www.metrica.it\/wp-content\/uploads\/2024\/09\/10083.pdf","title":"10083.pdf"}],"awr_manuale":[],"awr_scheda_tecnica":"","awr_youtube_video":"","awr_classe_prodotto":"","awr_customize_product":"0","awr_custom_image":false,"awr_related_products":[{"awr_product_name":"Kit Transfer Data Per Calibro Digitale Ref. 10081","awr_product_references":"ref:10082|ean:8001066100820|:20m|pack:1"},{"awr_product_name":"Kit Transfer Data Per Calibro Digitale Ref. 10081","awr_product_references":"ref:10083|ean:8001066100835|:20m|pack:1"}],"awr_consumabili":"","awr_alternativi":"","awr_aliases":"10082,10083","awr_skuid":"10082-it"},"_links":{"self":[{"href":"https:\/\/www.metrica.it\/de\/wp-json\/wp\/v2\/product\/142295","targetHints":{"allow":["GET"]}}],"collection":[{"href":"https:\/\/www.metrica.it\/de\/wp-json\/wp\/v2\/product"}],"about":[{"href":"https:\/\/www.metrica.it\/de\/wp-json\/wp\/v2\/types\/product"}],"wp:featuredmedia":[{"embeddable":true,"href":"https:\/\/www.metrica.it\/de\/wp-json\/wp\/v2\/media\/133294"}],"wp:attachment":[{"href":"https:\/\/www.metrica.it\/de\/wp-json\/wp\/v2\/media?parent=142295"}],"wp:term":[{"taxonomy":"product_cat","embeddable":true,"href":"https:\/\/www.metrica.it\/de\/wp-json\/wp\/v2\/product_cat?post=142295"},{"taxonomy":"product_tag","embeddable":true,"href":"https:\/\/www.metrica.it\/de\/wp-json\/wp\/v2\/product_tag?post=142295"}],"curies":[{"name":"wp","href":"https:\/\/api.w.org\/{rel}","templated":true}]}}