{"id":142400,"date":"2024-09-16T12:44:12","date_gmt":"2024-09-16T10:44:12","guid":{"rendered":"https:\/\/www.metrica.it\/prodotto\/metrica-green-3\/"},"modified":"2024-09-16T21:35:53","modified_gmt":"2024-09-16T19:35:53","slug":"metrica-green","status":"publish","type":"product","link":"https:\/\/www.metrica.it\/de\/produkt\/metrica-green\/","title":{"rendered":"Metrica Green"},"content":{"rendered":"<ul>\n<li>Gr\u00fcner Laser f\u00fcr bessere Sichtbarkeit<\/li>\n<li>Digitaler Neigungsmesser, elektronische Libelle<\/li>\n<li>Kontinuierliche Messfunktion mit permanenter Anzeige der Max\/Min-Werte<\/li>\n<li>4 Pythagoras-Funktionen (indirekte Messung)<\/li>\n<li>Entfernungen, Fl\u00e4chen, Volumen<\/li>\n<li>Summe und Subtraktion von Entfernungen, Fl\u00e4chen und Volumen<\/li>\n<li>Messtimer, automatische Abschaltung<\/li>\n<li>Einstellbare Me\u00dfverz\u00f6gerung<\/li>\n<li>Ton-Funktion<\/li>\n<li>99 Erinnerungen<\/li>\n<li>Wiederaufladbare Batterien<\/li>\n<li>Ladekabel<\/li>\n<li>1\/4&#8243;-Gewinde f\u00fcr Stativanschluss<\/li>\n<li>Mit Handschlaufe und Tasche<\/li>\n<\/ul>\n<p>\u00a0<\/p>\n","protected":false},"excerpt":{"rendered":"<p>Gr\u00fcner Laser f\u00fcr bessere Sichtbarkeit<\/p>\n<p>Digitaler Neigungsmesser, elektronische Libelle<\/p>\n<p>Kontinuierliche Messfunktion mit permanenter Anzeige der Max\/Min-Werte<\/p>\n<p>4 Pythagoras-Funktionen (indirekte Messung)<\/p>\n<p>Entfernungen, Fl\u00e4chen, Volumen<\/p>\n<p>Summe und Subtraktion von Entfernungen, Fl\u00e4chen und Volumen<\/p>\n<p>Messtimer, automatische Abschaltung<\/p>\n<p>Einstellbare Me\u00dfverz\u00f6gerung<\/p>\n<p>Ton-Funktion<\/p>\n<p>99 Erinnerungen<\/p>\n<p>Wiederaufladbare Batterien<\/p>\n<p>Ladekabel<\/p>\n<p>1\/4&#8243;-Gewinde f\u00fcr Stativanschluss<\/p>\n<p>Mit Handschlaufe und Tasche<\/p>\n<p>\u00a0<\/p>\n","protected":false},"featured_media":125510,"template":"","meta":[],"product_cat":[516,527],"product_tag":[],"class_list":{"0":"post-142400","1":"product","2":"type-product","3":"status-publish","4":"has-post-thumbnail","6":"product_cat-laser-und-warmebildkameras","7":"product_cat-laser-distanzmessgerate","9":"first","10":"instock","11":"sold-individually","12":"product-type-simple"},"yoast_head":"<title>METRICA GREEN<\/title>\n<meta name=\"robots\" content=\"index, follow, max-snippet:-1, max-image-preview:large, max-video-preview:-1\" \/>\n<link rel=\"canonical\" href=\"https:\/\/www.metrica.it\/de\/produkt\/metrica-green\/\" \/>\n<meta property=\"og:locale\" content=\"de_DE\" \/>\n<meta property=\"og:type\" content=\"article\" \/>\n<meta property=\"og:title\" content=\"METRICA GREEN\" \/>\n<meta property=\"og:description\" content=\"Gr\u00fcner Laser f\u00fcr bessere SichtbarkeitDigitaler Neigungsmesser, elektronische LibelleKontinuierliche Messfunktion mit permanenter Anzeige der Max\/Min-Werte4 Pythagoras-Funktionen (indirekte Messung)Entfernungen, Fl\u00e4chen, VolumenSumme und Subtraktion von Entfernungen, Fl\u00e4chen und VolumenMesstimer, automatische AbschaltungEinstellbare Me\u00dfverz\u00f6gerungTon-Funktion99 ErinnerungenWiederaufladbare BatterienLadekabel1\/4&quot;-Gewinde f\u00fcr StativanschlussMit Handschlaufe und Tasche\u00a0\" \/>\n<meta property=\"og:url\" content=\"https:\/\/www.metrica.it\/de\/produkt\/metrica-green\/\" \/>\n<meta property=\"og:site_name\" content=\"Metrica\" \/>\n<meta property=\"article:modified_time\" content=\"2024-09-16T19:35:53+00:00\" \/>\n<meta property=\"og:image\" content=\"https:\/\/www.metrica.it\/wp-content\/uploads\/2024\/05\/61060_61100.jpg\" \/>\n\t<meta property=\"og:image:width\" content=\"1200\" \/>\n\t<meta property=\"og:image:height\" content=\"1200\" \/>\n\t<meta property=\"og:image:type\" content=\"image\/jpeg\" \/>\n<meta name=\"twitter:card\" content=\"summary_large_image\" \/>\n<script type=\"application\/ld+json\" class=\"yoast-schema-graph\">{\"@context\":\"https:\\\/\\\/schema.org\",\"@graph\":[{\"@type\":\"WebPage\",\"@id\":\"https:\\\/\\\/www.metrica.it\\\/de\\\/produkt\\\/metrica-green\\\/\",\"url\":\"https:\\\/\\\/www.metrica.it\\\/de\\\/produkt\\\/metrica-green\\\/\",\"name\":\"METRICA GREEN\",\"isPartOf\":{\"@id\":\"https:\\\/\\\/www.metrica.it\\\/de\\\/#website\"},\"primaryImageOfPage\":{\"@id\":\"https:\\\/\\\/www.metrica.it\\\/de\\\/produkt\\\/metrica-green\\\/#primaryimage\"},\"image\":{\"@id\":\"https:\\\/\\\/www.metrica.it\\\/de\\\/produkt\\\/metrica-green\\\/#primaryimage\"},\"thumbnailUrl\":\"https:\\\/\\\/www.metrica.it\\\/wp-content\\\/uploads\\\/2024\\\/05\\\/61060_61100.jpg\",\"datePublished\":\"2024-09-16T10:44:12+00:00\",\"dateModified\":\"2024-09-16T19:35:53+00:00\",\"breadcrumb\":{\"@id\":\"https:\\\/\\\/www.metrica.it\\\/de\\\/produkt\\\/metrica-green\\\/#breadcrumb\"},\"inLanguage\":\"de\",\"potentialAction\":[{\"@type\":\"ReadAction\",\"target\":[\"https:\\\/\\\/www.metrica.it\\\/de\\\/produkt\\\/metrica-green\\\/\"]}]},{\"@type\":\"ImageObject\",\"inLanguage\":\"de\",\"@id\":\"https:\\\/\\\/www.metrica.it\\\/de\\\/produkt\\\/metrica-green\\\/#primaryimage\",\"url\":\"https:\\\/\\\/www.metrica.it\\\/wp-content\\\/uploads\\\/2024\\\/05\\\/61060_61100.jpg\",\"contentUrl\":\"https:\\\/\\\/www.metrica.it\\\/wp-content\\\/uploads\\\/2024\\\/05\\\/61060_61100.jpg\",\"width\":1200,\"height\":1200},{\"@type\":\"BreadcrumbList\",\"@id\":\"https:\\\/\\\/www.metrica.it\\\/de\\\/produkt\\\/metrica-green\\\/#breadcrumb\",\"itemListElement\":[{\"@type\":\"ListItem\",\"position\":1,\"name\":\"Home\",\"item\":\"https:\\\/\\\/www.metrica.it\\\/de\\\/\"},{\"@type\":\"ListItem\",\"position\":2,\"name\":\"Katalog\",\"item\":\"https:\\\/\\\/www.metrica.it\\\/de\\\/katalog\\\/\"},{\"@type\":\"ListItem\",\"position\":3,\"name\":\"Metrica Green\"}]},{\"@type\":\"WebSite\",\"@id\":\"https:\\\/\\\/www.metrica.it\\\/de\\\/#website\",\"url\":\"https:\\\/\\\/www.metrica.it\\\/de\\\/\",\"name\":\"Metrica\",\"description\":\"Made to measure\",\"potentialAction\":[{\"@type\":\"SearchAction\",\"target\":{\"@type\":\"EntryPoint\",\"urlTemplate\":\"https:\\\/\\\/www.metrica.it\\\/de\\\/?s={search_term_string}\"},\"query-input\":{\"@type\":\"PropertyValueSpecification\",\"valueRequired\":true,\"valueName\":\"search_term_string\"}}],\"inLanguage\":\"de\"}]}<\/script>","yoast_head_json":{"title":"METRICA GREEN","robots":{"index":"index","follow":"follow","max-snippet":"max-snippet:-1","max-image-preview":"max-image-preview:large","max-video-preview":"max-video-preview:-1"},"canonical":"https:\/\/www.metrica.it\/de\/produkt\/metrica-green\/","og_locale":"de_DE","og_type":"article","og_title":"METRICA GREEN","og_description":"Gr\u00fcner Laser f\u00fcr bessere SichtbarkeitDigitaler Neigungsmesser, elektronische LibelleKontinuierliche Messfunktion mit permanenter Anzeige der Max\/Min-Werte4 Pythagoras-Funktionen (indirekte Messung)Entfernungen, Fl\u00e4chen, VolumenSumme und Subtraktion von Entfernungen, Fl\u00e4chen und VolumenMesstimer, automatische AbschaltungEinstellbare Me\u00dfverz\u00f6gerungTon-Funktion99 ErinnerungenWiederaufladbare BatterienLadekabel1\/4\"-Gewinde f\u00fcr StativanschlussMit Handschlaufe und Tasche\u00a0","og_url":"https:\/\/www.metrica.it\/de\/produkt\/metrica-green\/","og_site_name":"Metrica","article_modified_time":"2024-09-16T19:35:53+00:00","og_image":[{"width":1200,"height":1200,"url":"https:\/\/www.metrica.it\/wp-content\/uploads\/2024\/05\/61060_61100.jpg","type":"image\/jpeg"}],"twitter_card":"summary_large_image","schema":{"@context":"https:\/\/schema.org","@graph":[{"@type":"WebPage","@id":"https:\/\/www.metrica.it\/de\/produkt\/metrica-green\/","url":"https:\/\/www.metrica.it\/de\/produkt\/metrica-green\/","name":"METRICA GREEN","isPartOf":{"@id":"https:\/\/www.metrica.it\/de\/#website"},"primaryImageOfPage":{"@id":"https:\/\/www.metrica.it\/de\/produkt\/metrica-green\/#primaryimage"},"image":{"@id":"https:\/\/www.metrica.it\/de\/produkt\/metrica-green\/#primaryimage"},"thumbnailUrl":"https:\/\/www.metrica.it\/wp-content\/uploads\/2024\/05\/61060_61100.jpg","datePublished":"2024-09-16T10:44:12+00:00","dateModified":"2024-09-16T19:35:53+00:00","breadcrumb":{"@id":"https:\/\/www.metrica.it\/de\/produkt\/metrica-green\/#breadcrumb"},"inLanguage":"de","potentialAction":[{"@type":"ReadAction","target":["https:\/\/www.metrica.it\/de\/produkt\/metrica-green\/"]}]},{"@type":"ImageObject","inLanguage":"de","@id":"https:\/\/www.metrica.it\/de\/produkt\/metrica-green\/#primaryimage","url":"https:\/\/www.metrica.it\/wp-content\/uploads\/2024\/05\/61060_61100.jpg","contentUrl":"https:\/\/www.metrica.it\/wp-content\/uploads\/2024\/05\/61060_61100.jpg","width":1200,"height":1200},{"@type":"BreadcrumbList","@id":"https:\/\/www.metrica.it\/de\/produkt\/metrica-green\/#breadcrumb","itemListElement":[{"@type":"ListItem","position":1,"name":"Home","item":"https:\/\/www.metrica.it\/de\/"},{"@type":"ListItem","position":2,"name":"Katalog","item":"https:\/\/www.metrica.it\/de\/katalog\/"},{"@type":"ListItem","position":3,"name":"Metrica Green"}]},{"@type":"WebSite","@id":"https:\/\/www.metrica.it\/de\/#website","url":"https:\/\/www.metrica.it\/de\/","name":"Metrica","description":"Made to measure","potentialAction":[{"@type":"SearchAction","target":{"@type":"EntryPoint","urlTemplate":"https:\/\/www.metrica.it\/de\/?s={search_term_string}"},"query-input":{"@type":"PropertyValueSpecification","valueRequired":true,"valueName":"search_term_string"}}],"inLanguage":"de"}]}},"meta_box":{"awr_documentation":[{"filesize":5957947,"ID":"146379","name":"61060_61100.pdf","path":"\/var\/www\/html\/wp-content\/uploads\/2024\/09\/61060_61100.pdf","url":"https:\/\/www.metrica.it\/wp-content\/uploads\/2024\/09\/61060_61100.pdf","title":"61060_61100.pdf"}],"awr_manuale":[],"awr_scheda_tecnica":"<table>\n<tbody>\n<tr>\n<td><strong>Reichweite Art. 61060*<\/strong><\/td>\n<td><span>bis zu 60 m<\/span><\/td>\n<\/tr>\n<tr>\n<td><strong>Reichweite Art. 61100*<\/strong><\/td>\n<td>bis zu 100 m<\/td>\n<\/tr>\n<tr>\n<td><strong>Genauigkeit<\/strong><\/td>\n<td><span>+ \/ - 20 mm + (5XD*<span>10<\/span><span>-5)<\/span><\/span><\/td>\n<\/tr>\n<tr>\n<td><strong>Lasertyp<\/strong><\/td>\n<td>500-535\u00a0nm <\/td>\n<\/tr>\n<tr>\n<td><strong>Ablesung:<\/strong>\u00a0<\/td>\n<td>1 mm<\/td>\n<\/tr>\n<tr>\n<td><strong>Laserst\u00e4rke<\/strong><\/td>\n<td>Klasse II<\/td>\n<\/tr>\n<tr>\n<td><strong>Schutzart<\/strong><\/td>\n<td>IP 54<\/td>\n<\/tr>\n<tr>\n<td><strong>Betriebstemperatur<\/strong><\/td>\n<td>0\u00b0 C \/ 40\u00b0 C<\/td>\n<\/tr>\n<tr>\n<td><strong>Batterien<\/strong><\/td>\n<td>Li-Ion<\/td>\n<\/tr>\n<tr>\n<td><strong>Abmessungen (mm)<\/strong><\/td>\n<td>118\u00a0x 52\u00a0x 27\u00a0<\/td>\n<\/tr>\n<tr>\n<td><strong>Gewicht (ohne Batterien)<\/strong><\/td>\n<td>50\u00a0g<\/td>\n<\/tr>\n<tr>\n<td><strong>Batteriekabel:<\/strong><\/td>\n<td>S\u00ec<\/td>\n<\/tr>\n<tr>\n<td><strong>Gewinde f\u00fcr Stativanschluss <\/strong><\/td>\n<td>1\/4\"<\/td>\n<\/tr>\n<\/tbody>\n<\/table>\n","awr_youtube_video":"","awr_classe_prodotto":"","awr_customize_product":"0","awr_custom_image":false,"awr_related_products":[{"awr_product_name":"Metrica Green","awr_product_references":"ref:61060|ean:8001066610600|l:0,05 &divide; 60 m|pack:1"},{"awr_product_name":"Metrica Green","awr_product_references":"ref:61100|ean:8001066611003|l:0,05 &divide; 100 m|pack:1"}],"awr_consumabili":"","awr_alternativi":"","awr_aliases":"61060,61100","awr_skuid":"61060-it"},"_links":{"self":[{"href":"https:\/\/www.metrica.it\/de\/wp-json\/wp\/v2\/product\/142400","targetHints":{"allow":["GET"]}}],"collection":[{"href":"https:\/\/www.metrica.it\/de\/wp-json\/wp\/v2\/product"}],"about":[{"href":"https:\/\/www.metrica.it\/de\/wp-json\/wp\/v2\/types\/product"}],"wp:featuredmedia":[{"embeddable":true,"href":"https:\/\/www.metrica.it\/de\/wp-json\/wp\/v2\/media\/125510"}],"wp:attachment":[{"href":"https:\/\/www.metrica.it\/de\/wp-json\/wp\/v2\/media?parent=142400"}],"wp:term":[{"taxonomy":"product_cat","embeddable":true,"href":"https:\/\/www.metrica.it\/de\/wp-json\/wp\/v2\/product_cat?post=142400"},{"taxonomy":"product_tag","embeddable":true,"href":"https:\/\/www.metrica.it\/de\/wp-json\/wp\/v2\/product_tag?post=142400"}],"curies":[{"name":"wp","href":"https:\/\/api.w.org\/{rel}","templated":true}]}}