{"id":142430,"date":"2024-09-16T12:21:39","date_gmt":"2024-09-16T10:21:39","guid":{"rendered":"https:\/\/www.metrica.it\/prodotto\/hohes-stativ\/"},"modified":"2024-09-16T21:11:09","modified_gmt":"2024-09-16T19:11:09","slug":"hohes-stativ","status":"publish","type":"product","link":"https:\/\/www.metrica.it\/de\/produkt\/hohes-stativ\/","title":{"rendered":"Hohes Stativ"},"content":{"rendered":"<ul>\n<li>Zahnrad-Erhebung<\/li>\n<li>Kurbel mit Hebelblockierung und Sicherheitsfeder<\/li>\n<li>Teleskopstab<\/li>\n<li>3 Haltespeichen<\/li>\n<li>Gummi-Griff<\/li>\n<li>Zentrierlibelle<\/li>\n<li>Kunststoff-Schraub-F\u00fc\u00dfe f\u00fcr Innen-Anwendungen und Spitze f\u00fcr Au\u00dfen-Anwendungen<\/li>\n<li>Hebelblockierung der F\u00fc\u00dfe<\/li>\n<li>Gewinde 5\/8&apos;&apos;, Teller \u00d8 50 mm<\/li>\n<li>Tragetasche<\/li>\n<li>Gewicht: 4,8 Kg<\/li>\n<\/ul>\n","protected":false},"excerpt":{"rendered":"<p>Zahnrad-Erhebung<br \/>Kurbel mit Hebelblockierung und Sicherheitsfeder<br \/>Teleskopstab<br \/>3 Haltespeichen<br \/>Gummi-Griff<br \/>Zentrierlibelle<br \/>Kunststoff-Schraub-F\u00fc\u00dfe f\u00fcr Innen-Anwendungen und Spitze f\u00fcr Au\u00dfen-Anwendungen<br \/>Hebelblockierung der F\u00fc\u00dfe<br \/>Gewinde 5\/8&apos;&apos;, Teller \u00d8 50 mm<br \/>Tragetasche<br \/>Gewicht: 4,8 Kg<\/p>\n","protected":false},"featured_media":117868,"template":"","meta":[],"product_cat":[516,547],"product_tag":[],"class_list":{"0":"post-142430","1":"product","2":"type-product","3":"status-publish","4":"has-post-thumbnail","6":"product_cat-laser-und-warmebildkameras","7":"product_cat-stative","9":"first","10":"instock","11":"sold-individually","12":"product-type-simple"},"yoast_head":"<title>Treppiede In Alluminio | Stative | Laser und W\u00e4rmebildkameras - Metrica<\/title>\n<meta name=\"description\" content=\"Entdecken Sie die Produktkollektion., Treppiede In Alluminio - Stative.Elevazione a cremagliera,Manovella con bloccaggio posteriore a leva e sistema frontale a molla di sicurezza,Asta t . Schauen Sie sich den Katalog auf der offiziellen Metrica-Website an\" \/>\n<meta name=\"robots\" content=\"index, follow, max-snippet:-1, max-image-preview:large, max-video-preview:-1\" \/>\n<link rel=\"canonical\" href=\"https:\/\/www.metrica.it\/de\/produkt\/hohes-stativ\/\" \/>\n<meta property=\"og:locale\" content=\"de_DE\" \/>\n<meta property=\"og:type\" content=\"article\" \/>\n<meta property=\"og:title\" content=\"Treppiede In Alluminio | Stative | Laser und W\u00e4rmebildkameras - Metrica\" \/>\n<meta property=\"og:description\" content=\"Entdecken Sie die Produktkollektion., Treppiede In Alluminio - Stative.Elevazione a cremagliera,Manovella con bloccaggio posteriore a leva e sistema frontale a molla di sicurezza,Asta t . Schauen Sie sich den Katalog auf der offiziellen Metrica-Website an\" \/>\n<meta property=\"og:url\" content=\"https:\/\/www.metrica.it\/de\/produkt\/hohes-stativ\/\" \/>\n<meta property=\"og:site_name\" content=\"Metrica\" \/>\n<meta property=\"article:modified_time\" content=\"2024-09-16T19:11:09+00:00\" \/>\n<meta property=\"og:image\" content=\"https:\/\/www.metrica.it\/wp-content\/uploads\/2024\/05\/60586.jpg\" \/>\n\t<meta property=\"og:image:width\" content=\"800\" \/>\n\t<meta property=\"og:image:height\" content=\"800\" \/>\n\t<meta property=\"og:image:type\" content=\"image\/jpeg\" \/>\n<meta name=\"twitter:card\" content=\"summary_large_image\" \/>\n<script type=\"application\/ld+json\" class=\"yoast-schema-graph\">{\"@context\":\"https:\\\/\\\/schema.org\",\"@graph\":[{\"@type\":\"WebPage\",\"@id\":\"https:\\\/\\\/www.metrica.it\\\/de\\\/produkt\\\/hohes-stativ\\\/\",\"url\":\"https:\\\/\\\/www.metrica.it\\\/de\\\/produkt\\\/hohes-stativ\\\/\",\"name\":\"Treppiede In Alluminio | Stative | Laser und W\u00e4rmebildkameras - Metrica\",\"isPartOf\":{\"@id\":\"https:\\\/\\\/www.metrica.it\\\/de\\\/#website\"},\"primaryImageOfPage\":{\"@id\":\"https:\\\/\\\/www.metrica.it\\\/de\\\/produkt\\\/hohes-stativ\\\/#primaryimage\"},\"image\":{\"@id\":\"https:\\\/\\\/www.metrica.it\\\/de\\\/produkt\\\/hohes-stativ\\\/#primaryimage\"},\"thumbnailUrl\":\"https:\\\/\\\/www.metrica.it\\\/wp-content\\\/uploads\\\/2024\\\/05\\\/60586.jpg\",\"datePublished\":\"2024-09-16T10:21:39+00:00\",\"dateModified\":\"2024-09-16T19:11:09+00:00\",\"description\":\"Entdecken Sie die Produktkollektion., Treppiede In Alluminio - Stative.Elevazione a cremagliera,Manovella con bloccaggio posteriore a leva e sistema frontale a molla di sicurezza,Asta t . Schauen Sie sich den Katalog auf der offiziellen Metrica-Website an\",\"breadcrumb\":{\"@id\":\"https:\\\/\\\/www.metrica.it\\\/de\\\/produkt\\\/hohes-stativ\\\/#breadcrumb\"},\"inLanguage\":\"de\",\"potentialAction\":[{\"@type\":\"ReadAction\",\"target\":[\"https:\\\/\\\/www.metrica.it\\\/de\\\/produkt\\\/hohes-stativ\\\/\"]}]},{\"@type\":\"ImageObject\",\"inLanguage\":\"de\",\"@id\":\"https:\\\/\\\/www.metrica.it\\\/de\\\/produkt\\\/hohes-stativ\\\/#primaryimage\",\"url\":\"https:\\\/\\\/www.metrica.it\\\/wp-content\\\/uploads\\\/2024\\\/05\\\/60586.jpg\",\"contentUrl\":\"https:\\\/\\\/www.metrica.it\\\/wp-content\\\/uploads\\\/2024\\\/05\\\/60586.jpg\",\"width\":800,\"height\":800},{\"@type\":\"BreadcrumbList\",\"@id\":\"https:\\\/\\\/www.metrica.it\\\/de\\\/produkt\\\/hohes-stativ\\\/#breadcrumb\",\"itemListElement\":[{\"@type\":\"ListItem\",\"position\":1,\"name\":\"Home\",\"item\":\"https:\\\/\\\/www.metrica.it\\\/de\\\/\"},{\"@type\":\"ListItem\",\"position\":2,\"name\":\"Katalog\",\"item\":\"https:\\\/\\\/www.metrica.it\\\/de\\\/katalog\\\/\"},{\"@type\":\"ListItem\",\"position\":3,\"name\":\"Hohes Stativ\"}]},{\"@type\":\"WebSite\",\"@id\":\"https:\\\/\\\/www.metrica.it\\\/de\\\/#website\",\"url\":\"https:\\\/\\\/www.metrica.it\\\/de\\\/\",\"name\":\"Metrica\",\"description\":\"Made to measure\",\"potentialAction\":[{\"@type\":\"SearchAction\",\"target\":{\"@type\":\"EntryPoint\",\"urlTemplate\":\"https:\\\/\\\/www.metrica.it\\\/de\\\/?s={search_term_string}\"},\"query-input\":{\"@type\":\"PropertyValueSpecification\",\"valueRequired\":true,\"valueName\":\"search_term_string\"}}],\"inLanguage\":\"de\"}]}<\/script>","yoast_head_json":{"title":"Treppiede In Alluminio | Stative | Laser und W\u00e4rmebildkameras - Metrica","description":"Entdecken Sie die Produktkollektion., Treppiede In Alluminio - Stative.Elevazione a cremagliera,Manovella con bloccaggio posteriore a leva e sistema frontale a molla di sicurezza,Asta t . Schauen Sie sich den Katalog auf der offiziellen Metrica-Website an","robots":{"index":"index","follow":"follow","max-snippet":"max-snippet:-1","max-image-preview":"max-image-preview:large","max-video-preview":"max-video-preview:-1"},"canonical":"https:\/\/www.metrica.it\/de\/produkt\/hohes-stativ\/","og_locale":"de_DE","og_type":"article","og_title":"Treppiede In Alluminio | Stative | Laser und W\u00e4rmebildkameras - Metrica","og_description":"Entdecken Sie die Produktkollektion., Treppiede In Alluminio - Stative.Elevazione a cremagliera,Manovella con bloccaggio posteriore a leva e sistema frontale a molla di sicurezza,Asta t . Schauen Sie sich den Katalog auf der offiziellen Metrica-Website an","og_url":"https:\/\/www.metrica.it\/de\/produkt\/hohes-stativ\/","og_site_name":"Metrica","article_modified_time":"2024-09-16T19:11:09+00:00","og_image":[{"width":800,"height":800,"url":"https:\/\/www.metrica.it\/wp-content\/uploads\/2024\/05\/60586.jpg","type":"image\/jpeg"}],"twitter_card":"summary_large_image","schema":{"@context":"https:\/\/schema.org","@graph":[{"@type":"WebPage","@id":"https:\/\/www.metrica.it\/de\/produkt\/hohes-stativ\/","url":"https:\/\/www.metrica.it\/de\/produkt\/hohes-stativ\/","name":"Treppiede In Alluminio | Stative | Laser und W\u00e4rmebildkameras - Metrica","isPartOf":{"@id":"https:\/\/www.metrica.it\/de\/#website"},"primaryImageOfPage":{"@id":"https:\/\/www.metrica.it\/de\/produkt\/hohes-stativ\/#primaryimage"},"image":{"@id":"https:\/\/www.metrica.it\/de\/produkt\/hohes-stativ\/#primaryimage"},"thumbnailUrl":"https:\/\/www.metrica.it\/wp-content\/uploads\/2024\/05\/60586.jpg","datePublished":"2024-09-16T10:21:39+00:00","dateModified":"2024-09-16T19:11:09+00:00","description":"Entdecken Sie die Produktkollektion., Treppiede In Alluminio - Stative.Elevazione a cremagliera,Manovella con bloccaggio posteriore a leva e sistema frontale a molla di sicurezza,Asta t . Schauen Sie sich den Katalog auf der offiziellen Metrica-Website an","breadcrumb":{"@id":"https:\/\/www.metrica.it\/de\/produkt\/hohes-stativ\/#breadcrumb"},"inLanguage":"de","potentialAction":[{"@type":"ReadAction","target":["https:\/\/www.metrica.it\/de\/produkt\/hohes-stativ\/"]}]},{"@type":"ImageObject","inLanguage":"de","@id":"https:\/\/www.metrica.it\/de\/produkt\/hohes-stativ\/#primaryimage","url":"https:\/\/www.metrica.it\/wp-content\/uploads\/2024\/05\/60586.jpg","contentUrl":"https:\/\/www.metrica.it\/wp-content\/uploads\/2024\/05\/60586.jpg","width":800,"height":800},{"@type":"BreadcrumbList","@id":"https:\/\/www.metrica.it\/de\/produkt\/hohes-stativ\/#breadcrumb","itemListElement":[{"@type":"ListItem","position":1,"name":"Home","item":"https:\/\/www.metrica.it\/de\/"},{"@type":"ListItem","position":2,"name":"Katalog","item":"https:\/\/www.metrica.it\/de\/katalog\/"},{"@type":"ListItem","position":3,"name":"Hohes Stativ"}]},{"@type":"WebSite","@id":"https:\/\/www.metrica.it\/de\/#website","url":"https:\/\/www.metrica.it\/de\/","name":"Metrica","description":"Made to measure","potentialAction":[{"@type":"SearchAction","target":{"@type":"EntryPoint","urlTemplate":"https:\/\/www.metrica.it\/de\/?s={search_term_string}"},"query-input":{"@type":"PropertyValueSpecification","valueRequired":true,"valueName":"search_term_string"}}],"inLanguage":"de"}]}},"meta_box":{"awr_documentation":[],"awr_manuale":[],"awr_scheda_tecnica":"","awr_youtube_video":"","awr_classe_prodotto":"","awr_customize_product":"0","awr_custom_image":false,"awr_related_products":[{"awr_product_name":"Treppiede In Alluminio","awr_product_references":"ref:60586|ean:8001066605866|l:90 \u00f7 290 cm|pack:1"}],"awr_consumabili":"","awr_alternativi":"","awr_aliases":"60586","awr_skuid":"60586-it"},"_links":{"self":[{"href":"https:\/\/www.metrica.it\/de\/wp-json\/wp\/v2\/product\/142430","targetHints":{"allow":["GET"]}}],"collection":[{"href":"https:\/\/www.metrica.it\/de\/wp-json\/wp\/v2\/product"}],"about":[{"href":"https:\/\/www.metrica.it\/de\/wp-json\/wp\/v2\/types\/product"}],"wp:featuredmedia":[{"embeddable":true,"href":"https:\/\/www.metrica.it\/de\/wp-json\/wp\/v2\/media\/117868"}],"wp:attachment":[{"href":"https:\/\/www.metrica.it\/de\/wp-json\/wp\/v2\/media?parent=142430"}],"wp:term":[{"taxonomy":"product_cat","embeddable":true,"href":"https:\/\/www.metrica.it\/de\/wp-json\/wp\/v2\/product_cat?post=142430"},{"taxonomy":"product_tag","embeddable":true,"href":"https:\/\/www.metrica.it\/de\/wp-json\/wp\/v2\/product_tag?post=142430"}],"curies":[{"name":"wp","href":"https:\/\/api.w.org\/{rel}","templated":true}]}}