{"id":142610,"date":"2024-09-16T12:34:39","date_gmt":"2024-09-16T10:34:39","guid":{"rendered":"https:\/\/www.metrica.it\/prodotto\/biegsamer-massstab-poliert-matt-2\/"},"modified":"2024-09-16T21:25:50","modified_gmt":"2024-09-16T19:25:50","slug":"biegsamer-massstab-poliert-matt-2","status":"publish","type":"product","link":"https:\/\/www.metrica.it\/de\/produkt\/biegsamer-massstab-poliert-matt-2\/","title":{"rendered":"Biegsamer Massstab Poliert &#8211; Matt"},"content":{"rendered":"<ul>\n<li>Querschnitt 13 x 0,5 mm<\/li>\n<li>Rostfreier Stahl<\/li>\n<li>Gravierte und geschw\u00e4rzte Teilung<\/li>\n<li>Geschliffene Kanten<\/li>\n<\/ul>\n","protected":false},"excerpt":{"rendered":"<p>Querschnitt 13 x 0,5 mm<br \/>Rostfreier Stahl<br \/>Gravierte und geschw\u00e4rzte Teilung<br \/>Geschliffene Kanten<\/p>\n","protected":false},"featured_media":125230,"template":"","meta":[],"product_cat":[50,610],"product_tag":[],"class_list":{"0":"post-142610","1":"product","2":"type-product","3":"status-publish","4":"has-post-thumbnail","6":"product_cat-laengenmessungen","7":"product_cat-masstabe-masbander-durchmessermassbander","9":"first","10":"instock","11":"sold-individually","12":"product-type-simple"},"yoast_head":"<title>Righetta Flessibile Scala Lucida O Satinata | Ma\u00dfst\u00e4be - Ma\u00dfb\u00e4nder - Durchmessermassb\u00e4nder | L\u00e4ngenmessungen - Metrica<\/title>\n<meta name=\"description\" content=\"Entdecken Sie die Produktkollektion., Righetta Flessibile Scala Lucida O Satinata - Ma\u00dfst\u00e4be - Ma\u00dfb\u00e4nder - Durchmessermassb\u00e4nder. Sezione 13 x 0,5 mm Acciaio inox Graduazione in . Schauen Sie sich den Katalog auf der offiziellen Metrica-Website an\" \/>\n<meta name=\"robots\" content=\"index, follow, max-snippet:-1, max-image-preview:large, max-video-preview:-1\" \/>\n<link rel=\"canonical\" href=\"https:\/\/www.metrica.it\/de\/produkt\/biegsamer-massstab-poliert-matt-2\/\" \/>\n<meta property=\"og:locale\" content=\"de_DE\" \/>\n<meta property=\"og:type\" content=\"article\" \/>\n<meta property=\"og:title\" content=\"Righetta Flessibile Scala Lucida O Satinata | Ma\u00dfst\u00e4be - Ma\u00dfb\u00e4nder - Durchmessermassb\u00e4nder | L\u00e4ngenmessungen - Metrica\" \/>\n<meta property=\"og:description\" content=\"Entdecken Sie die Produktkollektion., Righetta Flessibile Scala Lucida O Satinata - Ma\u00dfst\u00e4be - Ma\u00dfb\u00e4nder - Durchmessermassb\u00e4nder. Sezione 13 x 0,5 mm Acciaio inox Graduazione in . Schauen Sie sich den Katalog auf der offiziellen Metrica-Website an\" \/>\n<meta property=\"og:url\" content=\"https:\/\/www.metrica.it\/de\/produkt\/biegsamer-massstab-poliert-matt-2\/\" \/>\n<meta property=\"og:site_name\" content=\"Metrica\" \/>\n<meta property=\"article:modified_time\" content=\"2024-09-16T19:25:50+00:00\" \/>\n<meta property=\"og:image\" content=\"https:\/\/www.metrica.it\/wp-content\/uploads\/2024\/05\/24051.jpg\" \/>\n\t<meta property=\"og:image:width\" content=\"800\" \/>\n\t<meta property=\"og:image:height\" content=\"800\" \/>\n\t<meta property=\"og:image:type\" content=\"image\/jpeg\" \/>\n<meta name=\"twitter:card\" content=\"summary_large_image\" \/>\n<script type=\"application\/ld+json\" class=\"yoast-schema-graph\">{\"@context\":\"https:\\\/\\\/schema.org\",\"@graph\":[{\"@type\":\"WebPage\",\"@id\":\"https:\\\/\\\/www.metrica.it\\\/de\\\/produkt\\\/biegsamer-massstab-poliert-matt-2\\\/\",\"url\":\"https:\\\/\\\/www.metrica.it\\\/de\\\/produkt\\\/biegsamer-massstab-poliert-matt-2\\\/\",\"name\":\"Righetta Flessibile Scala Lucida O Satinata | Ma\u00dfst\u00e4be - Ma\u00dfb\u00e4nder - Durchmessermassb\u00e4nder | L\u00e4ngenmessungen - Metrica\",\"isPartOf\":{\"@id\":\"https:\\\/\\\/www.metrica.it\\\/de\\\/#website\"},\"primaryImageOfPage\":{\"@id\":\"https:\\\/\\\/www.metrica.it\\\/de\\\/produkt\\\/biegsamer-massstab-poliert-matt-2\\\/#primaryimage\"},\"image\":{\"@id\":\"https:\\\/\\\/www.metrica.it\\\/de\\\/produkt\\\/biegsamer-massstab-poliert-matt-2\\\/#primaryimage\"},\"thumbnailUrl\":\"https:\\\/\\\/www.metrica.it\\\/wp-content\\\/uploads\\\/2024\\\/05\\\/24051.jpg\",\"datePublished\":\"2024-09-16T10:34:39+00:00\",\"dateModified\":\"2024-09-16T19:25:50+00:00\",\"description\":\"Entdecken Sie die Produktkollektion., Righetta Flessibile Scala Lucida O Satinata - Ma\u00dfst\u00e4be - Ma\u00dfb\u00e4nder - Durchmessermassb\u00e4nder. Sezione 13 x 0,5 mm Acciaio inox Graduazione in . Schauen Sie sich den Katalog auf der offiziellen Metrica-Website an\",\"breadcrumb\":{\"@id\":\"https:\\\/\\\/www.metrica.it\\\/de\\\/produkt\\\/biegsamer-massstab-poliert-matt-2\\\/#breadcrumb\"},\"inLanguage\":\"de\",\"potentialAction\":[{\"@type\":\"ReadAction\",\"target\":[\"https:\\\/\\\/www.metrica.it\\\/de\\\/produkt\\\/biegsamer-massstab-poliert-matt-2\\\/\"]}]},{\"@type\":\"ImageObject\",\"inLanguage\":\"de\",\"@id\":\"https:\\\/\\\/www.metrica.it\\\/de\\\/produkt\\\/biegsamer-massstab-poliert-matt-2\\\/#primaryimage\",\"url\":\"https:\\\/\\\/www.metrica.it\\\/wp-content\\\/uploads\\\/2024\\\/05\\\/24051.jpg\",\"contentUrl\":\"https:\\\/\\\/www.metrica.it\\\/wp-content\\\/uploads\\\/2024\\\/05\\\/24051.jpg\",\"width\":800,\"height\":800},{\"@type\":\"BreadcrumbList\",\"@id\":\"https:\\\/\\\/www.metrica.it\\\/de\\\/produkt\\\/biegsamer-massstab-poliert-matt-2\\\/#breadcrumb\",\"itemListElement\":[{\"@type\":\"ListItem\",\"position\":1,\"name\":\"Home\",\"item\":\"https:\\\/\\\/www.metrica.it\\\/de\\\/\"},{\"@type\":\"ListItem\",\"position\":2,\"name\":\"Katalog\",\"item\":\"https:\\\/\\\/www.metrica.it\\\/de\\\/katalog\\\/\"},{\"@type\":\"ListItem\",\"position\":3,\"name\":\"Biegsamer Massstab Poliert &#8211; Matt\"}]},{\"@type\":\"WebSite\",\"@id\":\"https:\\\/\\\/www.metrica.it\\\/de\\\/#website\",\"url\":\"https:\\\/\\\/www.metrica.it\\\/de\\\/\",\"name\":\"Metrica\",\"description\":\"Made to measure\",\"potentialAction\":[{\"@type\":\"SearchAction\",\"target\":{\"@type\":\"EntryPoint\",\"urlTemplate\":\"https:\\\/\\\/www.metrica.it\\\/de\\\/?s={search_term_string}\"},\"query-input\":{\"@type\":\"PropertyValueSpecification\",\"valueRequired\":true,\"valueName\":\"search_term_string\"}}],\"inLanguage\":\"de\"}]}<\/script>","yoast_head_json":{"title":"Righetta Flessibile Scala Lucida O Satinata | Ma\u00dfst\u00e4be - Ma\u00dfb\u00e4nder - Durchmessermassb\u00e4nder | L\u00e4ngenmessungen - Metrica","description":"Entdecken Sie die Produktkollektion., Righetta Flessibile Scala Lucida O Satinata - Ma\u00dfst\u00e4be - Ma\u00dfb\u00e4nder - Durchmessermassb\u00e4nder. Sezione 13 x 0,5 mm Acciaio inox Graduazione in . Schauen Sie sich den Katalog auf der offiziellen Metrica-Website an","robots":{"index":"index","follow":"follow","max-snippet":"max-snippet:-1","max-image-preview":"max-image-preview:large","max-video-preview":"max-video-preview:-1"},"canonical":"https:\/\/www.metrica.it\/de\/produkt\/biegsamer-massstab-poliert-matt-2\/","og_locale":"de_DE","og_type":"article","og_title":"Righetta Flessibile Scala Lucida O Satinata | Ma\u00dfst\u00e4be - Ma\u00dfb\u00e4nder - Durchmessermassb\u00e4nder | L\u00e4ngenmessungen - Metrica","og_description":"Entdecken Sie die Produktkollektion., Righetta Flessibile Scala Lucida O Satinata - Ma\u00dfst\u00e4be - Ma\u00dfb\u00e4nder - Durchmessermassb\u00e4nder. Sezione 13 x 0,5 mm Acciaio inox Graduazione in . Schauen Sie sich den Katalog auf der offiziellen Metrica-Website an","og_url":"https:\/\/www.metrica.it\/de\/produkt\/biegsamer-massstab-poliert-matt-2\/","og_site_name":"Metrica","article_modified_time":"2024-09-16T19:25:50+00:00","og_image":[{"width":800,"height":800,"url":"https:\/\/www.metrica.it\/wp-content\/uploads\/2024\/05\/24051.jpg","type":"image\/jpeg"}],"twitter_card":"summary_large_image","schema":{"@context":"https:\/\/schema.org","@graph":[{"@type":"WebPage","@id":"https:\/\/www.metrica.it\/de\/produkt\/biegsamer-massstab-poliert-matt-2\/","url":"https:\/\/www.metrica.it\/de\/produkt\/biegsamer-massstab-poliert-matt-2\/","name":"Righetta Flessibile Scala Lucida O Satinata | Ma\u00dfst\u00e4be - Ma\u00dfb\u00e4nder - Durchmessermassb\u00e4nder | L\u00e4ngenmessungen - Metrica","isPartOf":{"@id":"https:\/\/www.metrica.it\/de\/#website"},"primaryImageOfPage":{"@id":"https:\/\/www.metrica.it\/de\/produkt\/biegsamer-massstab-poliert-matt-2\/#primaryimage"},"image":{"@id":"https:\/\/www.metrica.it\/de\/produkt\/biegsamer-massstab-poliert-matt-2\/#primaryimage"},"thumbnailUrl":"https:\/\/www.metrica.it\/wp-content\/uploads\/2024\/05\/24051.jpg","datePublished":"2024-09-16T10:34:39+00:00","dateModified":"2024-09-16T19:25:50+00:00","description":"Entdecken Sie die Produktkollektion., Righetta Flessibile Scala Lucida O Satinata - Ma\u00dfst\u00e4be - Ma\u00dfb\u00e4nder - Durchmessermassb\u00e4nder. Sezione 13 x 0,5 mm Acciaio inox Graduazione in . Schauen Sie sich den Katalog auf der offiziellen Metrica-Website an","breadcrumb":{"@id":"https:\/\/www.metrica.it\/de\/produkt\/biegsamer-massstab-poliert-matt-2\/#breadcrumb"},"inLanguage":"de","potentialAction":[{"@type":"ReadAction","target":["https:\/\/www.metrica.it\/de\/produkt\/biegsamer-massstab-poliert-matt-2\/"]}]},{"@type":"ImageObject","inLanguage":"de","@id":"https:\/\/www.metrica.it\/de\/produkt\/biegsamer-massstab-poliert-matt-2\/#primaryimage","url":"https:\/\/www.metrica.it\/wp-content\/uploads\/2024\/05\/24051.jpg","contentUrl":"https:\/\/www.metrica.it\/wp-content\/uploads\/2024\/05\/24051.jpg","width":800,"height":800},{"@type":"BreadcrumbList","@id":"https:\/\/www.metrica.it\/de\/produkt\/biegsamer-massstab-poliert-matt-2\/#breadcrumb","itemListElement":[{"@type":"ListItem","position":1,"name":"Home","item":"https:\/\/www.metrica.it\/de\/"},{"@type":"ListItem","position":2,"name":"Katalog","item":"https:\/\/www.metrica.it\/de\/katalog\/"},{"@type":"ListItem","position":3,"name":"Biegsamer Massstab Poliert &#8211; Matt"}]},{"@type":"WebSite","@id":"https:\/\/www.metrica.it\/de\/#website","url":"https:\/\/www.metrica.it\/de\/","name":"Metrica","description":"Made to measure","potentialAction":[{"@type":"SearchAction","target":{"@type":"EntryPoint","urlTemplate":"https:\/\/www.metrica.it\/de\/?s={search_term_string}"},"query-input":{"@type":"PropertyValueSpecification","valueRequired":true,"valueName":"search_term_string"}}],"inLanguage":"de"}]}},"meta_box":{"awr_documentation":[],"awr_manuale":[],"awr_scheda_tecnica":"","awr_youtube_video":"","awr_classe_prodotto":"","awr_customize_product":"1","awr_custom_image":{"width":96,"height":96,"file":"2024\/05\/24052.jpg","filesize":372386,"sizes":{"dgwt-wcas-product-suggestion":{"file":"24052-64x64.jpg","width":64,"height":64,"mime-type":"image\/jpeg","filesize":1596,"url":"https:\/\/www.metrica.it\/wp-content\/uploads\/2024\/05\/24052-64x64.jpg"},"hongo-product-icon-image":{"file":"24052-64x64.jpg","width":64,"height":64,"mime-type":"image\/jpeg","filesize":1596,"url":"https:\/\/www.metrica.it\/wp-content\/uploads\/2024\/05\/24052-64x64.jpg"},"hongo-product-small-image":{"file":"24052-84x84.jpg","width":84,"height":84,"mime-type":"image\/jpeg","filesize":2152,"url":"https:\/\/www.metrica.it\/wp-content\/uploads\/2024\/05\/24052-84x84.jpg"},"hongo-medium-image":{"file":"24052-450x450.jpg","width":450,"height":450,"mime-type":"image\/jpeg","filesize":25091,"url":"https:\/\/www.metrica.it\/wp-content\/uploads\/2024\/05\/24052-450x450.jpg"},"post-thumbnail":{"file":"24052-790x790.jpg","width":790,"height":790,"mime-type":"image\/jpeg","filesize":59328,"url":"https:\/\/www.metrica.it\/wp-content\/uploads\/2024\/05\/24052-790x790.jpg"},"hongo-shop-image":{"file":"24052-660x660.jpg","width":660,"height":660,"mime-type":"image\/jpeg","filesize":45540,"url":"https:\/\/www.metrica.it\/wp-content\/uploads\/2024\/05\/24052-660x660.jpg"}},"image_meta":{"aperture":"0","credit":"","camera":"","caption":"","created_timestamp":"0","copyright":"","focal_length":"0","iso":"0","shutter_speed":"0","title":"","orientation":"1","keywords":[]},"ID":"125225","name":"24052.jpg","path":"\/var\/www\/html\/wp-content\/uploads\/2024\/05\/24052.jpg","url":"https:\/\/www.metrica.it\/wp-content\/uploads\/2024\/05\/24052.jpg","full_url":"https:\/\/www.metrica.it\/wp-content\/uploads\/2024\/05\/24052.jpg","title":"24052.jpg","caption":"","description":"","alt":"","srcset":"https:\/\/www.metrica.it\/wp-content\/uploads\/2024\/05\/24052.jpg 800w, https:\/\/www.metrica.it\/wp-content\/uploads\/2024\/05\/24052-64x64.jpg 64w, https:\/\/www.metrica.it\/wp-content\/uploads\/2024\/05\/24052-84x84.jpg 84w, https:\/\/www.metrica.it\/wp-content\/uploads\/2024\/05\/24052-450x450.jpg 450w, https:\/\/www.metrica.it\/wp-content\/uploads\/2024\/05\/24052-790x790.jpg 790w, https:\/\/www.metrica.it\/wp-content\/uploads\/2024\/05\/24052-660x660.jpg 660w"},"awr_related_products":[{"awr_product_name":"Righetta Flessibile Scala Lucida O Satinata","awr_product_references":"ref:24011|ean:8001066240111|l_mm:150|unit_misura_mm_mm:-|unit_misura_mm_12_mm:-|unit_misura_mm_inch:x|lucido:x|satinato:-|pack:20"},{"awr_product_name":"Righetta Flessibile Scala Lucida O Satinata","awr_product_references":"ref:24012|ean:8001066240128|l_mm:200|unit_misura_mm_mm:-|unit_misura_mm_12_mm:-|unit_misura_mm_inch:x|lucido:x|satinato:-|pack:20"},{"awr_product_name":"Righetta Flessibile Scala Lucida O Satinata","awr_product_references":"ref:24013|ean:8001066240135|l_mm:250|unit_misura_mm_mm:-|unit_misura_mm_12_mm:-|unit_misura_mm_inch:x|lucido:x|satinato:-|pack:20"},{"awr_product_name":"Righetta Flessibile Scala Lucida O Satinata","awr_product_references":"ref:24014|ean:8001066240142|l_mm:300|unit_misura_mm_mm:-|unit_misura_mm_12_mm:-|unit_misura_mm_inch:x|lucido:x|satinato:-|pack:20"},{"awr_product_name":"Righetta Flessibile Scala Lucida O Satinata","awr_product_references":"ref:24021|ean:8001066240210|l_mm:150|unit_misura_mm_mm:-|unit_misura_mm_12_mm:-|unit_misura_mm_inch:x|lucido:-|satinato:x|pack:20"},{"awr_product_name":"Righetta Flessibile Scala Lucida O Satinata","awr_product_references":"ref:24022|ean:8001066240227|l_mm:200|unit_misura_mm_mm:-|unit_misura_mm_12_mm:-|unit_misura_mm_inch:x|lucido:-|satinato:x|pack:20"},{"awr_product_name":"Righetta Flessibile Scala Lucida O Satinata","awr_product_references":"ref:24023|ean:8001066240234|l_mm:250|unit_misura_mm_mm:-|unit_misura_mm_12_mm:-|unit_misura_mm_inch:x|lucido:-|satinato:x|pack:20"},{"awr_product_name":"Righetta Flessibile Scala Lucida O Satinata","awr_product_references":"ref:24024|ean:8001066240241|l_mm:300|unit_misura_mm_mm:-|unit_misura_mm_12_mm:-|unit_misura_mm_inch:x|lucido:-|satinato:x|pack:20"},{"awr_product_name":"Righetta Flessibile Scala Lucida O Satinata","awr_product_references":"ref:24031|ean:8001066240319|l_mm:150|unit_misura_mm_mm:-|unit_misura_mm_12_mm:x|unit_misura_mm_inch:-|lucido:x|satinato:-|pack:20"},{"awr_product_name":"Righetta Flessibile Scala Lucida O Satinata","awr_product_references":"ref:24032|ean:8001066240326|l_mm:200|unit_misura_mm_mm:-|unit_misura_mm_12_mm:x|unit_misura_mm_inch:-|lucido:x|satinato:-|pack:20"},{"awr_product_name":"Righetta Flessibile Scala Lucida O Satinata","awr_product_references":"ref:24033|ean:8001066240333|l_mm:250|unit_misura_mm_mm:-|unit_misura_mm_12_mm:x|unit_misura_mm_inch:-|lucido:x|satinato:-|pack:20"},{"awr_product_name":"Righetta Flessibile Scala Lucida O Satinata","awr_product_references":"ref:24034|ean:8001066240340|l_mm:300|unit_misura_mm_mm:-|unit_misura_mm_12_mm:x|unit_misura_mm_inch:-|lucido:x|satinato:-|pack:20"},{"awr_product_name":"Righetta Flessibile Scala Lucida O Satinata","awr_product_references":"ref:24041|ean:8001066240418|l_mm:150|unit_misura_mm_mm:-|unit_misura_mm_12_mm:x|unit_misura_mm_inch:-|lucido:-|satinato:x|pack:20"},{"awr_product_name":"Righetta Flessibile Scala Lucida O Satinata","awr_product_references":"ref:24042|ean:8001066240425|l_mm:200|unit_misura_mm_mm:-|unit_misura_mm_12_mm:x|unit_misura_mm_inch:-|lucido:-|satinato:x|pack:20"},{"awr_product_name":"Righetta Flessibile Scala Lucida O Satinata","awr_product_references":"ref:24043|ean:8001066240432|l_mm:250|unit_misura_mm_mm:-|unit_misura_mm_12_mm:x|unit_misura_mm_inch:-|lucido:-|satinato:x|pack:20"},{"awr_product_name":"Righetta Flessibile Scala Lucida O Satinata","awr_product_references":"ref:24044|ean:8001066240449|l_mm:300|unit_misura_mm_mm:-|unit_misura_mm_12_mm:x|unit_misura_mm_inch:-|lucido:-|satinato:x|pack:20"},{"awr_product_name":"Righetta Flessibile Scala Lucida O Satinata","awr_product_references":"ref:24051|ean:8001066240517|l_mm:150|unit_misura_mm_mm:x|unit_misura_mm_12_mm:-|unit_misura_mm_inch:-|lucido:x|satinato:-|pack:20"},{"awr_product_name":"Righetta Flessibile Scala Lucida O Satinata","awr_product_references":"ref:24052|ean:8001066240524|l_mm:200|unit_misura_mm_mm:x|unit_misura_mm_12_mm:-|unit_misura_mm_inch:-|lucido:x|satinato:-|pack:20"},{"awr_product_name":"Righetta Flessibile Scala Lucida O Satinata","awr_product_references":"ref:24053|ean:8001066240531|l_mm:250|unit_misura_mm_mm:x|unit_misura_mm_12_mm:-|unit_misura_mm_inch:-|lucido:x|satinato:-|pack:20"},{"awr_product_name":"Righetta Flessibile Scala Lucida O Satinata","awr_product_references":"ref:24054|ean:8001066240548|l_mm:300|unit_misura_mm_mm:x|unit_misura_mm_12_mm:-|unit_misura_mm_inch:-|lucido:x|satinato:-|pack:20"},{"awr_product_name":"Righetta Flessibile Scala Lucida O Satinata","awr_product_references":"ref:24061|ean:8001066240616|l_mm:150|unit_misura_mm_mm:x|unit_misura_mm_12_mm:-|unit_misura_mm_inch:-|lucido:-|satinato:x|pack:20"},{"awr_product_name":"Righetta Flessibile Scala Lucida O Satinata","awr_product_references":"ref:24062|ean:8001066240623|l_mm:200|unit_misura_mm_mm:x|unit_misura_mm_12_mm:-|unit_misura_mm_inch:-|lucido:-|satinato:x|pack:20"},{"awr_product_name":"Righetta Flessibile Scala Lucida O Satinata","awr_product_references":"ref:24063|ean:8001066240630|l_mm:250|unit_misura_mm_mm:x|unit_misura_mm_12_mm:-|unit_misura_mm_inch:-|lucido:-|satinato:x|pack:20"},{"awr_product_name":"Righetta Flessibile Scala Lucida O Satinata","awr_product_references":"ref:24064|ean:8001066240647|l_mm:300|unit_misura_mm_mm:x|unit_misura_mm_12_mm:-|unit_misura_mm_inch:-|lucido:-|satinato:x|pack:20"}],"awr_consumabili":"","awr_alternativi":"","awr_aliases":"24011,24012,24013,24014,24021,24022,24023,24024,24031,24032,24033,24034,24041,24042,24043,24044,24051,24052,24053,24054,24061,24062,24063,24064","awr_skuid":"24051-it"},"_links":{"self":[{"href":"https:\/\/www.metrica.it\/de\/wp-json\/wp\/v2\/product\/142610","targetHints":{"allow":["GET"]}}],"collection":[{"href":"https:\/\/www.metrica.it\/de\/wp-json\/wp\/v2\/product"}],"about":[{"href":"https:\/\/www.metrica.it\/de\/wp-json\/wp\/v2\/types\/product"}],"wp:featuredmedia":[{"embeddable":true,"href":"https:\/\/www.metrica.it\/de\/wp-json\/wp\/v2\/media\/125230"}],"wp:attachment":[{"href":"https:\/\/www.metrica.it\/de\/wp-json\/wp\/v2\/media?parent=142610"}],"wp:term":[{"taxonomy":"product_cat","embeddable":true,"href":"https:\/\/www.metrica.it\/de\/wp-json\/wp\/v2\/product_cat?post=142610"},{"taxonomy":"product_tag","embeddable":true,"href":"https:\/\/www.metrica.it\/de\/wp-json\/wp\/v2\/product_tag?post=142610"}],"curies":[{"name":"wp","href":"https:\/\/api.w.org\/{rel}","templated":true}]}}