{"id":142650,"date":"2024-09-16T12:47:51","date_gmt":"2024-09-16T10:47:51","guid":{"rendered":"https:\/\/www.metrica.it\/prodotto\/hygrometer-flir-mr176-2\/"},"modified":"2024-09-16T21:39:52","modified_gmt":"2024-09-16T19:39:52","slug":"hygrometer-flir-mr176","status":"publish","type":"product","link":"https:\/\/www.metrica.it\/de\/produkt\/hygrometer-flir-mr176\/","title":{"rendered":"Hygrometer Flir Mr176"},"content":{"rendered":"<ul>\n<li>Infrarot-Bildhygrometer MR176<\/li>\n<li>Messen mit und ohne Spitzen<\/li>\n<li>Messbereich:<\/li>\n<li>&#8211; Relative Luftfeuchtigkeit von 0 bis 100%<\/li>\n<li>&#8211; Lufttemperatur von 0 bis 50 \u00b0 C \u00b1 0,6 \u00b0 C<\/li>\n<li>&#8211; Taupunkt von -30 bis 50 \u00b0 C<\/li>\n<li>&#8211; Dampfdruck von 0,0 bis 12,0 kPa<\/li>\n<li>2,3&#8243; TFT Farbgrafikdisplay (320 x 240 Pixel) QVGA 4800 Pixel<\/li>\n<\/ul>\n","protected":false},"excerpt":{"rendered":"<ul>\n<li>Infrarot-Bildhygrometer MR176<\/li>\n<li>Messen mit und ohne Spitzen<\/li>\n<li>Messbereich:<\/li>\n<li>&#8211; Relative Luftfeuchtigkeit von 0 bis 100%<\/li>\n<li>&#8211; Lufttemperatur von 0 bis 50 \u00b0 C \u00b1 0,6 \u00b0 C<\/li>\n<li>&#8211; Taupunkt von -30 bis 50 \u00b0 C<\/li>\n<li>&#8211; Dampfdruck von 0,0 bis 12,0 kPa<\/li>\n<li>2,3&#8243; TFT Farbgrafikdisplay (320 x 240 Pixel) QVGA 4800 Pixel<\/li>\n<\/ul>\n","protected":false},"featured_media":123922,"template":"","meta":[],"product_cat":[516,543],"product_tag":[],"class_list":{"0":"post-142650","1":"product","2":"type-product","3":"status-publish","4":"has-post-thumbnail","6":"product_cat-laser-und-warmebildkameras","7":"product_cat-warmebildkameras","9":"first","10":"instock","11":"sold-individually","12":"product-type-simple"},"yoast_head":"<title>TERMOIGROMETRO FLIR MR176 | W\u00e4rmebildkameras | Laser und W\u00e4rmebildkameras - Metrica<\/title>\n<meta name=\"description\" content=\"Entdecken Sie die Produktkollektion., TERMOIGROMETRO FLIR MR176 - W\u00e4rmebildkameras.Termoigrometro ad immagine ad infrarossi MR176,Misurazione con e senza puntali,Campo di misura igrome . Schauen Sie sich den Katalog auf der offiziellen Metrica-Website an\" \/>\n<meta name=\"robots\" content=\"index, follow, max-snippet:-1, max-image-preview:large, max-video-preview:-1\" \/>\n<link rel=\"canonical\" href=\"https:\/\/www.metrica.it\/de\/produkt\/hygrometer-flir-mr176\/\" \/>\n<meta property=\"og:locale\" content=\"de_DE\" \/>\n<meta property=\"og:type\" content=\"article\" \/>\n<meta property=\"og:title\" content=\"TERMOIGROMETRO FLIR MR176 | W\u00e4rmebildkameras | Laser und W\u00e4rmebildkameras - Metrica\" \/>\n<meta property=\"og:description\" content=\"Entdecken Sie die Produktkollektion., TERMOIGROMETRO FLIR MR176 - W\u00e4rmebildkameras.Termoigrometro ad immagine ad infrarossi MR176,Misurazione con e senza puntali,Campo di misura igrome . Schauen Sie sich den Katalog auf der offiziellen Metrica-Website an\" \/>\n<meta property=\"og:url\" content=\"https:\/\/www.metrica.it\/de\/produkt\/hygrometer-flir-mr176\/\" \/>\n<meta property=\"og:site_name\" content=\"Metrica\" \/>\n<meta property=\"article:modified_time\" content=\"2024-09-16T19:39:52+00:00\" \/>\n<meta property=\"og:image\" content=\"https:\/\/www.metrica.it\/wp-content\/uploads\/2024\/05\/60408_2.jpg\" \/>\n\t<meta property=\"og:image:width\" content=\"800\" \/>\n\t<meta property=\"og:image:height\" content=\"800\" \/>\n\t<meta property=\"og:image:type\" content=\"image\/jpeg\" \/>\n<meta name=\"twitter:card\" content=\"summary_large_image\" \/>\n<script type=\"application\/ld+json\" class=\"yoast-schema-graph\">{\"@context\":\"https:\\\/\\\/schema.org\",\"@graph\":[{\"@type\":\"WebPage\",\"@id\":\"https:\\\/\\\/www.metrica.it\\\/de\\\/produkt\\\/hygrometer-flir-mr176\\\/\",\"url\":\"https:\\\/\\\/www.metrica.it\\\/de\\\/produkt\\\/hygrometer-flir-mr176\\\/\",\"name\":\"TERMOIGROMETRO FLIR MR176 | W\u00e4rmebildkameras | Laser und W\u00e4rmebildkameras - Metrica\",\"isPartOf\":{\"@id\":\"https:\\\/\\\/www.metrica.it\\\/de\\\/#website\"},\"primaryImageOfPage\":{\"@id\":\"https:\\\/\\\/www.metrica.it\\\/de\\\/produkt\\\/hygrometer-flir-mr176\\\/#primaryimage\"},\"image\":{\"@id\":\"https:\\\/\\\/www.metrica.it\\\/de\\\/produkt\\\/hygrometer-flir-mr176\\\/#primaryimage\"},\"thumbnailUrl\":\"https:\\\/\\\/www.metrica.it\\\/wp-content\\\/uploads\\\/2024\\\/05\\\/60408_2.jpg\",\"datePublished\":\"2024-09-16T10:47:51+00:00\",\"dateModified\":\"2024-09-16T19:39:52+00:00\",\"description\":\"Entdecken Sie die Produktkollektion., TERMOIGROMETRO FLIR MR176 - W\u00e4rmebildkameras.Termoigrometro ad immagine ad infrarossi MR176,Misurazione con e senza puntali,Campo di misura igrome . Schauen Sie sich den Katalog auf der offiziellen Metrica-Website an\",\"breadcrumb\":{\"@id\":\"https:\\\/\\\/www.metrica.it\\\/de\\\/produkt\\\/hygrometer-flir-mr176\\\/#breadcrumb\"},\"inLanguage\":\"de\",\"potentialAction\":[{\"@type\":\"ReadAction\",\"target\":[\"https:\\\/\\\/www.metrica.it\\\/de\\\/produkt\\\/hygrometer-flir-mr176\\\/\"]}]},{\"@type\":\"ImageObject\",\"inLanguage\":\"de\",\"@id\":\"https:\\\/\\\/www.metrica.it\\\/de\\\/produkt\\\/hygrometer-flir-mr176\\\/#primaryimage\",\"url\":\"https:\\\/\\\/www.metrica.it\\\/wp-content\\\/uploads\\\/2024\\\/05\\\/60408_2.jpg\",\"contentUrl\":\"https:\\\/\\\/www.metrica.it\\\/wp-content\\\/uploads\\\/2024\\\/05\\\/60408_2.jpg\",\"width\":800,\"height\":800},{\"@type\":\"BreadcrumbList\",\"@id\":\"https:\\\/\\\/www.metrica.it\\\/de\\\/produkt\\\/hygrometer-flir-mr176\\\/#breadcrumb\",\"itemListElement\":[{\"@type\":\"ListItem\",\"position\":1,\"name\":\"Home\",\"item\":\"https:\\\/\\\/www.metrica.it\\\/de\\\/\"},{\"@type\":\"ListItem\",\"position\":2,\"name\":\"Katalog\",\"item\":\"https:\\\/\\\/www.metrica.it\\\/de\\\/katalog\\\/\"},{\"@type\":\"ListItem\",\"position\":3,\"name\":\"Hygrometer Flir Mr176\"}]},{\"@type\":\"WebSite\",\"@id\":\"https:\\\/\\\/www.metrica.it\\\/de\\\/#website\",\"url\":\"https:\\\/\\\/www.metrica.it\\\/de\\\/\",\"name\":\"Metrica\",\"description\":\"Made to measure\",\"potentialAction\":[{\"@type\":\"SearchAction\",\"target\":{\"@type\":\"EntryPoint\",\"urlTemplate\":\"https:\\\/\\\/www.metrica.it\\\/de\\\/?s={search_term_string}\"},\"query-input\":{\"@type\":\"PropertyValueSpecification\",\"valueRequired\":true,\"valueName\":\"search_term_string\"}}],\"inLanguage\":\"de\"}]}<\/script>","yoast_head_json":{"title":"TERMOIGROMETRO FLIR MR176 | W\u00e4rmebildkameras | Laser und W\u00e4rmebildkameras - Metrica","description":"Entdecken Sie die Produktkollektion., TERMOIGROMETRO FLIR MR176 - W\u00e4rmebildkameras.Termoigrometro ad immagine ad infrarossi MR176,Misurazione con e senza puntali,Campo di misura igrome . Schauen Sie sich den Katalog auf der offiziellen Metrica-Website an","robots":{"index":"index","follow":"follow","max-snippet":"max-snippet:-1","max-image-preview":"max-image-preview:large","max-video-preview":"max-video-preview:-1"},"canonical":"https:\/\/www.metrica.it\/de\/produkt\/hygrometer-flir-mr176\/","og_locale":"de_DE","og_type":"article","og_title":"TERMOIGROMETRO FLIR MR176 | W\u00e4rmebildkameras | Laser und W\u00e4rmebildkameras - Metrica","og_description":"Entdecken Sie die Produktkollektion., TERMOIGROMETRO FLIR MR176 - W\u00e4rmebildkameras.Termoigrometro ad immagine ad infrarossi MR176,Misurazione con e senza puntali,Campo di misura igrome . Schauen Sie sich den Katalog auf der offiziellen Metrica-Website an","og_url":"https:\/\/www.metrica.it\/de\/produkt\/hygrometer-flir-mr176\/","og_site_name":"Metrica","article_modified_time":"2024-09-16T19:39:52+00:00","og_image":[{"width":800,"height":800,"url":"https:\/\/www.metrica.it\/wp-content\/uploads\/2024\/05\/60408_2.jpg","type":"image\/jpeg"}],"twitter_card":"summary_large_image","schema":{"@context":"https:\/\/schema.org","@graph":[{"@type":"WebPage","@id":"https:\/\/www.metrica.it\/de\/produkt\/hygrometer-flir-mr176\/","url":"https:\/\/www.metrica.it\/de\/produkt\/hygrometer-flir-mr176\/","name":"TERMOIGROMETRO FLIR MR176 | W\u00e4rmebildkameras | Laser und W\u00e4rmebildkameras - Metrica","isPartOf":{"@id":"https:\/\/www.metrica.it\/de\/#website"},"primaryImageOfPage":{"@id":"https:\/\/www.metrica.it\/de\/produkt\/hygrometer-flir-mr176\/#primaryimage"},"image":{"@id":"https:\/\/www.metrica.it\/de\/produkt\/hygrometer-flir-mr176\/#primaryimage"},"thumbnailUrl":"https:\/\/www.metrica.it\/wp-content\/uploads\/2024\/05\/60408_2.jpg","datePublished":"2024-09-16T10:47:51+00:00","dateModified":"2024-09-16T19:39:52+00:00","description":"Entdecken Sie die Produktkollektion., TERMOIGROMETRO FLIR MR176 - W\u00e4rmebildkameras.Termoigrometro ad immagine ad infrarossi MR176,Misurazione con e senza puntali,Campo di misura igrome . Schauen Sie sich den Katalog auf der offiziellen Metrica-Website an","breadcrumb":{"@id":"https:\/\/www.metrica.it\/de\/produkt\/hygrometer-flir-mr176\/#breadcrumb"},"inLanguage":"de","potentialAction":[{"@type":"ReadAction","target":["https:\/\/www.metrica.it\/de\/produkt\/hygrometer-flir-mr176\/"]}]},{"@type":"ImageObject","inLanguage":"de","@id":"https:\/\/www.metrica.it\/de\/produkt\/hygrometer-flir-mr176\/#primaryimage","url":"https:\/\/www.metrica.it\/wp-content\/uploads\/2024\/05\/60408_2.jpg","contentUrl":"https:\/\/www.metrica.it\/wp-content\/uploads\/2024\/05\/60408_2.jpg","width":800,"height":800},{"@type":"BreadcrumbList","@id":"https:\/\/www.metrica.it\/de\/produkt\/hygrometer-flir-mr176\/#breadcrumb","itemListElement":[{"@type":"ListItem","position":1,"name":"Home","item":"https:\/\/www.metrica.it\/de\/"},{"@type":"ListItem","position":2,"name":"Katalog","item":"https:\/\/www.metrica.it\/de\/katalog\/"},{"@type":"ListItem","position":3,"name":"Hygrometer Flir Mr176"}]},{"@type":"WebSite","@id":"https:\/\/www.metrica.it\/de\/#website","url":"https:\/\/www.metrica.it\/de\/","name":"Metrica","description":"Made to measure","potentialAction":[{"@type":"SearchAction","target":{"@type":"EntryPoint","urlTemplate":"https:\/\/www.metrica.it\/de\/?s={search_term_string}"},"query-input":{"@type":"PropertyValueSpecification","valueRequired":true,"valueName":"search_term_string"}}],"inLanguage":"de"}]}},"meta_box":{"awr_documentation":[{"filesize":1161662,"ID":"146385","name":"60408.pdf","path":"\/var\/www\/html\/wp-content\/uploads\/2024\/09\/60408.pdf","url":"https:\/\/www.metrica.it\/wp-content\/uploads\/2024\/09\/60408.pdf","title":"60408.pdf"}],"awr_manuale":[],"awr_scheda_tecnica":"","awr_youtube_video":"https:\/\/www.youtube.com\/embed\/FRBOzfoVU6c","awr_classe_prodotto":"","awr_customize_product":"0","awr_custom_image":false,"awr_related_products":[{"awr_product_name":"Termoigrometro Flir Mr176","awr_product_references":"ref:60408|ean:8001066604081|pack:1"}],"awr_consumabili":"","awr_alternativi":"","awr_aliases":"60408","awr_skuid":"60408-it"},"_links":{"self":[{"href":"https:\/\/www.metrica.it\/de\/wp-json\/wp\/v2\/product\/142650","targetHints":{"allow":["GET"]}}],"collection":[{"href":"https:\/\/www.metrica.it\/de\/wp-json\/wp\/v2\/product"}],"about":[{"href":"https:\/\/www.metrica.it\/de\/wp-json\/wp\/v2\/types\/product"}],"wp:featuredmedia":[{"embeddable":true,"href":"https:\/\/www.metrica.it\/de\/wp-json\/wp\/v2\/media\/123922"}],"wp:attachment":[{"href":"https:\/\/www.metrica.it\/de\/wp-json\/wp\/v2\/media?parent=142650"}],"wp:term":[{"taxonomy":"product_cat","embeddable":true,"href":"https:\/\/www.metrica.it\/de\/wp-json\/wp\/v2\/product_cat?post=142650"},{"taxonomy":"product_tag","embeddable":true,"href":"https:\/\/www.metrica.it\/de\/wp-json\/wp\/v2\/product_tag?post=142650"}],"curies":[{"name":"wp","href":"https:\/\/api.w.org\/{rel}","templated":true}]}}