{"id":142705,"date":"2024-09-16T11:38:34","date_gmt":"2024-09-16T09:38:34","guid":{"rendered":"https:\/\/www.metrica.it\/prodotto\/durchmessermassband-schnelllesung\/"},"modified":"2024-09-16T20:29:17","modified_gmt":"2024-09-16T18:29:17","slug":"durchmessermassband-schnelllesung","status":"publish","type":"product","link":"https:\/\/www.metrica.it\/de\/produkt\/durchmessermassband-schnelllesung\/","title":{"rendered":"Durchmessermassband-schnelllesung"},"content":{"rendered":"<ul>\n<li>Eignet sich zur schnellen und direkten Durchmesser-Ablesungen<\/li>\n<li>Ohne Fenster f\u00fcr Band-R\u00fccklauf<\/li>\n<li>Dicke 0,10 mm<\/li>\n<li>Rostfreier Stahl<\/li>\n<li>Nonius-Ablesung 0,1 mm<\/li>\n<li>Gravierte und geschw\u00e4rzte Teilung<\/li>\n<\/ul>\n","protected":false},"excerpt":{"rendered":"<p>Eignet sich zur schnellen und direkten Durchmesser-Ablesungen<br \/>Ohne Fenster f\u00fcr Band-R\u00fccklauf<br \/>Dicke 0,10 mm<br \/>Rostfreier Stahl<br \/>Nonius-Ablesung 0,1 mm<br \/>Gravierte und geschw\u00e4rzte Teilung<\/p>\n","protected":false},"featured_media":132649,"template":"","meta":[],"product_cat":[50,610],"product_tag":[],"class_list":{"0":"post-142705","1":"product","2":"type-product","3":"status-publish","4":"has-post-thumbnail","6":"product_cat-laengenmessungen","7":"product_cat-masstabe-masbander-durchmessermassbander","9":"first","10":"instock","11":"sold-individually","12":"product-type-simple"},"yoast_head":"<title>Diametrometro Rapido | Ma\u00dfst\u00e4be - Ma\u00dfb\u00e4nder - Durchmessermassb\u00e4nder | L\u00e4ngenmessungen - Metrica<\/title>\n<meta name=\"description\" content=\"Entdecken Sie die Produktkollektion., Diametrometro Rapido - Ma\u00dfst\u00e4be - Ma\u00dfb\u00e4nder - Durchmessermassb\u00e4nder.Per misure rapide e dirette del diametro,Senza finestrella per rientro del . Schauen Sie sich den Katalog auf der offiziellen Metrica-Website an\" \/>\n<meta name=\"robots\" content=\"index, follow, max-snippet:-1, max-image-preview:large, max-video-preview:-1\" \/>\n<link rel=\"canonical\" href=\"https:\/\/www.metrica.it\/de\/produkt\/durchmessermassband-schnelllesung\/\" \/>\n<meta property=\"og:locale\" content=\"de_DE\" \/>\n<meta property=\"og:type\" content=\"article\" \/>\n<meta property=\"og:title\" content=\"Diametrometro Rapido | Ma\u00dfst\u00e4be - Ma\u00dfb\u00e4nder - Durchmessermassb\u00e4nder | L\u00e4ngenmessungen - Metrica\" \/>\n<meta property=\"og:description\" content=\"Entdecken Sie die Produktkollektion., Diametrometro Rapido - Ma\u00dfst\u00e4be - Ma\u00dfb\u00e4nder - Durchmessermassb\u00e4nder.Per misure rapide e dirette del diametro,Senza finestrella per rientro del . Schauen Sie sich den Katalog auf der offiziellen Metrica-Website an\" \/>\n<meta property=\"og:url\" content=\"https:\/\/www.metrica.it\/de\/produkt\/durchmessermassband-schnelllesung\/\" \/>\n<meta property=\"og:site_name\" content=\"Metrica\" \/>\n<meta property=\"article:modified_time\" content=\"2024-09-16T18:29:17+00:00\" \/>\n<meta property=\"og:image\" content=\"https:\/\/www.metrica.it\/wp-content\/uploads\/2024\/06\/25497_2.jpg\" \/>\n\t<meta property=\"og:image:width\" content=\"800\" \/>\n\t<meta property=\"og:image:height\" content=\"800\" \/>\n\t<meta property=\"og:image:type\" content=\"image\/jpeg\" \/>\n<meta name=\"twitter:card\" content=\"summary_large_image\" \/>\n<script type=\"application\/ld+json\" class=\"yoast-schema-graph\">{\"@context\":\"https:\\\/\\\/schema.org\",\"@graph\":[{\"@type\":\"WebPage\",\"@id\":\"https:\\\/\\\/www.metrica.it\\\/de\\\/produkt\\\/durchmessermassband-schnelllesung\\\/\",\"url\":\"https:\\\/\\\/www.metrica.it\\\/de\\\/produkt\\\/durchmessermassband-schnelllesung\\\/\",\"name\":\"Diametrometro Rapido | Ma\u00dfst\u00e4be - Ma\u00dfb\u00e4nder - Durchmessermassb\u00e4nder | L\u00e4ngenmessungen - Metrica\",\"isPartOf\":{\"@id\":\"https:\\\/\\\/www.metrica.it\\\/de\\\/#website\"},\"primaryImageOfPage\":{\"@id\":\"https:\\\/\\\/www.metrica.it\\\/de\\\/produkt\\\/durchmessermassband-schnelllesung\\\/#primaryimage\"},\"image\":{\"@id\":\"https:\\\/\\\/www.metrica.it\\\/de\\\/produkt\\\/durchmessermassband-schnelllesung\\\/#primaryimage\"},\"thumbnailUrl\":\"https:\\\/\\\/www.metrica.it\\\/wp-content\\\/uploads\\\/2024\\\/06\\\/25497_2.jpg\",\"datePublished\":\"2024-09-16T09:38:34+00:00\",\"dateModified\":\"2024-09-16T18:29:17+00:00\",\"description\":\"Entdecken Sie die Produktkollektion., Diametrometro Rapido - Ma\u00dfst\u00e4be - Ma\u00dfb\u00e4nder - Durchmessermassb\u00e4nder.Per misure rapide e dirette del diametro,Senza finestrella per rientro del . Schauen Sie sich den Katalog auf der offiziellen Metrica-Website an\",\"breadcrumb\":{\"@id\":\"https:\\\/\\\/www.metrica.it\\\/de\\\/produkt\\\/durchmessermassband-schnelllesung\\\/#breadcrumb\"},\"inLanguage\":\"de\",\"potentialAction\":[{\"@type\":\"ReadAction\",\"target\":[\"https:\\\/\\\/www.metrica.it\\\/de\\\/produkt\\\/durchmessermassband-schnelllesung\\\/\"]}]},{\"@type\":\"ImageObject\",\"inLanguage\":\"de\",\"@id\":\"https:\\\/\\\/www.metrica.it\\\/de\\\/produkt\\\/durchmessermassband-schnelllesung\\\/#primaryimage\",\"url\":\"https:\\\/\\\/www.metrica.it\\\/wp-content\\\/uploads\\\/2024\\\/06\\\/25497_2.jpg\",\"contentUrl\":\"https:\\\/\\\/www.metrica.it\\\/wp-content\\\/uploads\\\/2024\\\/06\\\/25497_2.jpg\",\"width\":800,\"height\":800},{\"@type\":\"BreadcrumbList\",\"@id\":\"https:\\\/\\\/www.metrica.it\\\/de\\\/produkt\\\/durchmessermassband-schnelllesung\\\/#breadcrumb\",\"itemListElement\":[{\"@type\":\"ListItem\",\"position\":1,\"name\":\"Home\",\"item\":\"https:\\\/\\\/www.metrica.it\\\/de\\\/\"},{\"@type\":\"ListItem\",\"position\":2,\"name\":\"Katalog\",\"item\":\"https:\\\/\\\/www.metrica.it\\\/de\\\/katalog\\\/\"},{\"@type\":\"ListItem\",\"position\":3,\"name\":\"Durchmessermassband-schnelllesung\"}]},{\"@type\":\"WebSite\",\"@id\":\"https:\\\/\\\/www.metrica.it\\\/de\\\/#website\",\"url\":\"https:\\\/\\\/www.metrica.it\\\/de\\\/\",\"name\":\"Metrica\",\"description\":\"Made to measure\",\"potentialAction\":[{\"@type\":\"SearchAction\",\"target\":{\"@type\":\"EntryPoint\",\"urlTemplate\":\"https:\\\/\\\/www.metrica.it\\\/de\\\/?s={search_term_string}\"},\"query-input\":{\"@type\":\"PropertyValueSpecification\",\"valueRequired\":true,\"valueName\":\"search_term_string\"}}],\"inLanguage\":\"de\"}]}<\/script>","yoast_head_json":{"title":"Diametrometro Rapido | Ma\u00dfst\u00e4be - Ma\u00dfb\u00e4nder - Durchmessermassb\u00e4nder | L\u00e4ngenmessungen - Metrica","description":"Entdecken Sie die Produktkollektion., Diametrometro Rapido - Ma\u00dfst\u00e4be - Ma\u00dfb\u00e4nder - Durchmessermassb\u00e4nder.Per misure rapide e dirette del diametro,Senza finestrella per rientro del . Schauen Sie sich den Katalog auf der offiziellen Metrica-Website an","robots":{"index":"index","follow":"follow","max-snippet":"max-snippet:-1","max-image-preview":"max-image-preview:large","max-video-preview":"max-video-preview:-1"},"canonical":"https:\/\/www.metrica.it\/de\/produkt\/durchmessermassband-schnelllesung\/","og_locale":"de_DE","og_type":"article","og_title":"Diametrometro Rapido | Ma\u00dfst\u00e4be - Ma\u00dfb\u00e4nder - Durchmessermassb\u00e4nder | L\u00e4ngenmessungen - Metrica","og_description":"Entdecken Sie die Produktkollektion., Diametrometro Rapido - Ma\u00dfst\u00e4be - Ma\u00dfb\u00e4nder - Durchmessermassb\u00e4nder.Per misure rapide e dirette del diametro,Senza finestrella per rientro del . Schauen Sie sich den Katalog auf der offiziellen Metrica-Website an","og_url":"https:\/\/www.metrica.it\/de\/produkt\/durchmessermassband-schnelllesung\/","og_site_name":"Metrica","article_modified_time":"2024-09-16T18:29:17+00:00","og_image":[{"width":800,"height":800,"url":"https:\/\/www.metrica.it\/wp-content\/uploads\/2024\/06\/25497_2.jpg","type":"image\/jpeg"}],"twitter_card":"summary_large_image","schema":{"@context":"https:\/\/schema.org","@graph":[{"@type":"WebPage","@id":"https:\/\/www.metrica.it\/de\/produkt\/durchmessermassband-schnelllesung\/","url":"https:\/\/www.metrica.it\/de\/produkt\/durchmessermassband-schnelllesung\/","name":"Diametrometro Rapido | Ma\u00dfst\u00e4be - Ma\u00dfb\u00e4nder - Durchmessermassb\u00e4nder | L\u00e4ngenmessungen - Metrica","isPartOf":{"@id":"https:\/\/www.metrica.it\/de\/#website"},"primaryImageOfPage":{"@id":"https:\/\/www.metrica.it\/de\/produkt\/durchmessermassband-schnelllesung\/#primaryimage"},"image":{"@id":"https:\/\/www.metrica.it\/de\/produkt\/durchmessermassband-schnelllesung\/#primaryimage"},"thumbnailUrl":"https:\/\/www.metrica.it\/wp-content\/uploads\/2024\/06\/25497_2.jpg","datePublished":"2024-09-16T09:38:34+00:00","dateModified":"2024-09-16T18:29:17+00:00","description":"Entdecken Sie die Produktkollektion., Diametrometro Rapido - Ma\u00dfst\u00e4be - Ma\u00dfb\u00e4nder - Durchmessermassb\u00e4nder.Per misure rapide e dirette del diametro,Senza finestrella per rientro del . Schauen Sie sich den Katalog auf der offiziellen Metrica-Website an","breadcrumb":{"@id":"https:\/\/www.metrica.it\/de\/produkt\/durchmessermassband-schnelllesung\/#breadcrumb"},"inLanguage":"de","potentialAction":[{"@type":"ReadAction","target":["https:\/\/www.metrica.it\/de\/produkt\/durchmessermassband-schnelllesung\/"]}]},{"@type":"ImageObject","inLanguage":"de","@id":"https:\/\/www.metrica.it\/de\/produkt\/durchmessermassband-schnelllesung\/#primaryimage","url":"https:\/\/www.metrica.it\/wp-content\/uploads\/2024\/06\/25497_2.jpg","contentUrl":"https:\/\/www.metrica.it\/wp-content\/uploads\/2024\/06\/25497_2.jpg","width":800,"height":800},{"@type":"BreadcrumbList","@id":"https:\/\/www.metrica.it\/de\/produkt\/durchmessermassband-schnelllesung\/#breadcrumb","itemListElement":[{"@type":"ListItem","position":1,"name":"Home","item":"https:\/\/www.metrica.it\/de\/"},{"@type":"ListItem","position":2,"name":"Katalog","item":"https:\/\/www.metrica.it\/de\/katalog\/"},{"@type":"ListItem","position":3,"name":"Durchmessermassband-schnelllesung"}]},{"@type":"WebSite","@id":"https:\/\/www.metrica.it\/de\/#website","url":"https:\/\/www.metrica.it\/de\/","name":"Metrica","description":"Made to measure","potentialAction":[{"@type":"SearchAction","target":{"@type":"EntryPoint","urlTemplate":"https:\/\/www.metrica.it\/de\/?s={search_term_string}"},"query-input":{"@type":"PropertyValueSpecification","valueRequired":true,"valueName":"search_term_string"}}],"inLanguage":"de"}]}},"meta_box":{"awr_documentation":[],"awr_manuale":[],"awr_scheda_tecnica":"","awr_youtube_video":"","awr_classe_prodotto":"","awr_customize_product":"0","awr_custom_image":false,"awr_related_products":[{"awr_product_name":"Diametrometro Rapido","awr_product_references":"ref:25497|ean:8001066254972|axb_mm:8 x 0,10|circ_mm:45 \u00f7 362|diam_mm:15 \u00f7 115|pack:1"},{"awr_product_name":"Diametrometro Rapido","awr_product_references":"ref:25498|ean:8001066254989|axb_mm:13 x 0,10|circ_mm:315 \u00f7 1000|diam_mm:100 \u00f7 320|pack:1"}],"awr_consumabili":"","awr_alternativi":"","awr_aliases":"25497,25498","awr_skuid":"25497-it"},"_links":{"self":[{"href":"https:\/\/www.metrica.it\/de\/wp-json\/wp\/v2\/product\/142705","targetHints":{"allow":["GET"]}}],"collection":[{"href":"https:\/\/www.metrica.it\/de\/wp-json\/wp\/v2\/product"}],"about":[{"href":"https:\/\/www.metrica.it\/de\/wp-json\/wp\/v2\/types\/product"}],"wp:featuredmedia":[{"embeddable":true,"href":"https:\/\/www.metrica.it\/de\/wp-json\/wp\/v2\/media\/132649"}],"wp:attachment":[{"href":"https:\/\/www.metrica.it\/de\/wp-json\/wp\/v2\/media?parent=142705"}],"wp:term":[{"taxonomy":"product_cat","embeddable":true,"href":"https:\/\/www.metrica.it\/de\/wp-json\/wp\/v2\/product_cat?post=142705"},{"taxonomy":"product_tag","embeddable":true,"href":"https:\/\/www.metrica.it\/de\/wp-json\/wp\/v2\/product_tag?post=142705"}],"curies":[{"name":"wp","href":"https:\/\/api.w.org\/{rel}","templated":true}]}}