{"id":142710,"date":"2024-09-16T12:21:08","date_gmt":"2024-09-16T10:21:08","guid":{"rendered":"https:\/\/www.metrica.it\/prodotto\/2-meter-gliedermasstab-glasfaser-new-graduation\/"},"modified":"2024-09-16T21:09:59","modified_gmt":"2024-09-16T19:09:59","slug":"2-meter-gliedermasstab-glasfaser-new-graduation","status":"publish","type":"product","link":"https:\/\/www.metrica.it\/de\/produkt\/2-meter-gliedermasstab-glasfaser-new-graduation\/","title":{"rendered":"2 Meter &#8211; Gliedermasstab &#8211; Glasfaser New Graduation"},"content":{"rendered":"<ul>\n<li>Teilung mit Strichen unterschiedlicher L\u00e4nge fu\u0308r vereinfachtes Ablesen &#8211; angemeldetes Design<\/li>\n<li>Punkte abwechselnd alle 2 mm<\/li>\n<li>Gravierte Teilung<\/li>\n<li>Anti-Verschlei\u00df-Doppelgelenkfeder 90\u00b0 Winkel<\/li>\n<li>Nichtleiter, waschbar, kratzfest<\/li>\n<\/ul>\n","protected":false},"excerpt":{"rendered":"<p>Teilung mit Strichen unterschiedlicher L&auml;nge fu\u0308r vereinfachtes Ablesen &#8211; angemeldetes Design<br \/>Punkte abwechselnd alle 2 mm<br \/>Gravierte Teilung<br \/>Anti-Verschlei&szlig;-Doppelgelenkfeder 90&deg; Winkel<br \/>Nichtleiter, waschbar, kratzfest<\/p>\n","protected":false},"featured_media":122722,"template":"","meta":[],"product_cat":[594,50],"product_tag":[],"class_list":{"0":"post-142710","1":"product","2":"type-product","3":"status-publish","4":"has-post-thumbnail","6":"product_cat-gliedermassstabe-schneidermassstabe","7":"product_cat-laengenmessungen","9":"first","10":"instock","11":"sold-individually","12":"product-type-simple"},"yoast_head":"<title>2 Metri - Fibra Di Vetro - New Graduation | Gliedermassst\u00e4be - Schneidermassst\u00e4be | L\u00e4ngenmessungen - Metrica<\/title>\n<meta name=\"description\" content=\"Entdecken Sie die Produktkollektion., 2 Metri - Fibra Di Vetro - New Graduation - Gliedermassst\u00e4be - Schneidermassst\u00e4be. Graduazione a tratti di lunghezza variabile per una lettura f . Schauen Sie sich den Katalog auf der offiziellen Metrica-Website an\" \/>\n<meta name=\"robots\" content=\"index, follow, max-snippet:-1, max-image-preview:large, max-video-preview:-1\" \/>\n<link rel=\"canonical\" href=\"https:\/\/www.metrica.it\/de\/produkt\/2-meter-gliedermasstab-glasfaser-new-graduation\/\" \/>\n<meta property=\"og:locale\" content=\"de_DE\" \/>\n<meta property=\"og:type\" content=\"article\" \/>\n<meta property=\"og:title\" content=\"2 Metri - Fibra Di Vetro - New Graduation | Gliedermassst\u00e4be - Schneidermassst\u00e4be | L\u00e4ngenmessungen - Metrica\" \/>\n<meta property=\"og:description\" content=\"Entdecken Sie die Produktkollektion., 2 Metri - Fibra Di Vetro - New Graduation - Gliedermassst\u00e4be - Schneidermassst\u00e4be. Graduazione a tratti di lunghezza variabile per una lettura f . Schauen Sie sich den Katalog auf der offiziellen Metrica-Website an\" \/>\n<meta property=\"og:url\" content=\"https:\/\/www.metrica.it\/de\/produkt\/2-meter-gliedermasstab-glasfaser-new-graduation\/\" \/>\n<meta property=\"og:site_name\" content=\"Metrica\" \/>\n<meta property=\"article:modified_time\" content=\"2024-09-16T19:09:59+00:00\" \/>\n<meta property=\"og:image\" content=\"https:\/\/www.metrica.it\/wp-content\/uploads\/2024\/05\/18019_1_2.jpg\" \/>\n\t<meta property=\"og:image:width\" content=\"800\" \/>\n\t<meta property=\"og:image:height\" content=\"800\" \/>\n\t<meta property=\"og:image:type\" content=\"image\/jpeg\" \/>\n<meta name=\"twitter:card\" content=\"summary_large_image\" \/>\n<script type=\"application\/ld+json\" class=\"yoast-schema-graph\">{\"@context\":\"https:\\\/\\\/schema.org\",\"@graph\":[{\"@type\":\"WebPage\",\"@id\":\"https:\\\/\\\/www.metrica.it\\\/de\\\/produkt\\\/2-meter-gliedermasstab-glasfaser-new-graduation\\\/\",\"url\":\"https:\\\/\\\/www.metrica.it\\\/de\\\/produkt\\\/2-meter-gliedermasstab-glasfaser-new-graduation\\\/\",\"name\":\"2 Metri - Fibra Di Vetro - New Graduation | Gliedermassst\u00e4be - Schneidermassst\u00e4be | L\u00e4ngenmessungen - Metrica\",\"isPartOf\":{\"@id\":\"https:\\\/\\\/www.metrica.it\\\/de\\\/#website\"},\"primaryImageOfPage\":{\"@id\":\"https:\\\/\\\/www.metrica.it\\\/de\\\/produkt\\\/2-meter-gliedermasstab-glasfaser-new-graduation\\\/#primaryimage\"},\"image\":{\"@id\":\"https:\\\/\\\/www.metrica.it\\\/de\\\/produkt\\\/2-meter-gliedermasstab-glasfaser-new-graduation\\\/#primaryimage\"},\"thumbnailUrl\":\"https:\\\/\\\/www.metrica.it\\\/wp-content\\\/uploads\\\/2024\\\/05\\\/18019_1_2.jpg\",\"datePublished\":\"2024-09-16T10:21:08+00:00\",\"dateModified\":\"2024-09-16T19:09:59+00:00\",\"description\":\"Entdecken Sie die Produktkollektion., 2 Metri - Fibra Di Vetro - New Graduation - Gliedermassst\u00e4be - Schneidermassst\u00e4be. Graduazione a tratti di lunghezza variabile per una lettura f . Schauen Sie sich den Katalog auf der offiziellen Metrica-Website an\",\"breadcrumb\":{\"@id\":\"https:\\\/\\\/www.metrica.it\\\/de\\\/produkt\\\/2-meter-gliedermasstab-glasfaser-new-graduation\\\/#breadcrumb\"},\"inLanguage\":\"de\",\"potentialAction\":[{\"@type\":\"ReadAction\",\"target\":[\"https:\\\/\\\/www.metrica.it\\\/de\\\/produkt\\\/2-meter-gliedermasstab-glasfaser-new-graduation\\\/\"]}]},{\"@type\":\"ImageObject\",\"inLanguage\":\"de\",\"@id\":\"https:\\\/\\\/www.metrica.it\\\/de\\\/produkt\\\/2-meter-gliedermasstab-glasfaser-new-graduation\\\/#primaryimage\",\"url\":\"https:\\\/\\\/www.metrica.it\\\/wp-content\\\/uploads\\\/2024\\\/05\\\/18019_1_2.jpg\",\"contentUrl\":\"https:\\\/\\\/www.metrica.it\\\/wp-content\\\/uploads\\\/2024\\\/05\\\/18019_1_2.jpg\",\"width\":800,\"height\":800},{\"@type\":\"BreadcrumbList\",\"@id\":\"https:\\\/\\\/www.metrica.it\\\/de\\\/produkt\\\/2-meter-gliedermasstab-glasfaser-new-graduation\\\/#breadcrumb\",\"itemListElement\":[{\"@type\":\"ListItem\",\"position\":1,\"name\":\"Home\",\"item\":\"https:\\\/\\\/www.metrica.it\\\/de\\\/\"},{\"@type\":\"ListItem\",\"position\":2,\"name\":\"Katalog\",\"item\":\"https:\\\/\\\/www.metrica.it\\\/de\\\/katalog\\\/\"},{\"@type\":\"ListItem\",\"position\":3,\"name\":\"2 Meter &#8211; Gliedermasstab &#8211; Glasfaser New Graduation\"}]},{\"@type\":\"WebSite\",\"@id\":\"https:\\\/\\\/www.metrica.it\\\/de\\\/#website\",\"url\":\"https:\\\/\\\/www.metrica.it\\\/de\\\/\",\"name\":\"Metrica\",\"description\":\"Made to measure\",\"potentialAction\":[{\"@type\":\"SearchAction\",\"target\":{\"@type\":\"EntryPoint\",\"urlTemplate\":\"https:\\\/\\\/www.metrica.it\\\/de\\\/?s={search_term_string}\"},\"query-input\":{\"@type\":\"PropertyValueSpecification\",\"valueRequired\":true,\"valueName\":\"search_term_string\"}}],\"inLanguage\":\"de\"}]}<\/script>","yoast_head_json":{"title":"2 Metri - Fibra Di Vetro - New Graduation | Gliedermassst\u00e4be - Schneidermassst\u00e4be | L\u00e4ngenmessungen - Metrica","description":"Entdecken Sie die Produktkollektion., 2 Metri - Fibra Di Vetro - New Graduation - Gliedermassst\u00e4be - Schneidermassst\u00e4be. Graduazione a tratti di lunghezza variabile per una lettura f . Schauen Sie sich den Katalog auf der offiziellen Metrica-Website an","robots":{"index":"index","follow":"follow","max-snippet":"max-snippet:-1","max-image-preview":"max-image-preview:large","max-video-preview":"max-video-preview:-1"},"canonical":"https:\/\/www.metrica.it\/de\/produkt\/2-meter-gliedermasstab-glasfaser-new-graduation\/","og_locale":"de_DE","og_type":"article","og_title":"2 Metri - Fibra Di Vetro - New Graduation | Gliedermassst\u00e4be - Schneidermassst\u00e4be | L\u00e4ngenmessungen - Metrica","og_description":"Entdecken Sie die Produktkollektion., 2 Metri - Fibra Di Vetro - New Graduation - Gliedermassst\u00e4be - Schneidermassst\u00e4be. Graduazione a tratti di lunghezza variabile per una lettura f . Schauen Sie sich den Katalog auf der offiziellen Metrica-Website an","og_url":"https:\/\/www.metrica.it\/de\/produkt\/2-meter-gliedermasstab-glasfaser-new-graduation\/","og_site_name":"Metrica","article_modified_time":"2024-09-16T19:09:59+00:00","og_image":[{"width":800,"height":800,"url":"https:\/\/www.metrica.it\/wp-content\/uploads\/2024\/05\/18019_1_2.jpg","type":"image\/jpeg"}],"twitter_card":"summary_large_image","schema":{"@context":"https:\/\/schema.org","@graph":[{"@type":"WebPage","@id":"https:\/\/www.metrica.it\/de\/produkt\/2-meter-gliedermasstab-glasfaser-new-graduation\/","url":"https:\/\/www.metrica.it\/de\/produkt\/2-meter-gliedermasstab-glasfaser-new-graduation\/","name":"2 Metri - Fibra Di Vetro - New Graduation | Gliedermassst\u00e4be - Schneidermassst\u00e4be | L\u00e4ngenmessungen - Metrica","isPartOf":{"@id":"https:\/\/www.metrica.it\/de\/#website"},"primaryImageOfPage":{"@id":"https:\/\/www.metrica.it\/de\/produkt\/2-meter-gliedermasstab-glasfaser-new-graduation\/#primaryimage"},"image":{"@id":"https:\/\/www.metrica.it\/de\/produkt\/2-meter-gliedermasstab-glasfaser-new-graduation\/#primaryimage"},"thumbnailUrl":"https:\/\/www.metrica.it\/wp-content\/uploads\/2024\/05\/18019_1_2.jpg","datePublished":"2024-09-16T10:21:08+00:00","dateModified":"2024-09-16T19:09:59+00:00","description":"Entdecken Sie die Produktkollektion., 2 Metri - Fibra Di Vetro - New Graduation - Gliedermassst\u00e4be - Schneidermassst\u00e4be. Graduazione a tratti di lunghezza variabile per una lettura f . Schauen Sie sich den Katalog auf der offiziellen Metrica-Website an","breadcrumb":{"@id":"https:\/\/www.metrica.it\/de\/produkt\/2-meter-gliedermasstab-glasfaser-new-graduation\/#breadcrumb"},"inLanguage":"de","potentialAction":[{"@type":"ReadAction","target":["https:\/\/www.metrica.it\/de\/produkt\/2-meter-gliedermasstab-glasfaser-new-graduation\/"]}]},{"@type":"ImageObject","inLanguage":"de","@id":"https:\/\/www.metrica.it\/de\/produkt\/2-meter-gliedermasstab-glasfaser-new-graduation\/#primaryimage","url":"https:\/\/www.metrica.it\/wp-content\/uploads\/2024\/05\/18019_1_2.jpg","contentUrl":"https:\/\/www.metrica.it\/wp-content\/uploads\/2024\/05\/18019_1_2.jpg","width":800,"height":800},{"@type":"BreadcrumbList","@id":"https:\/\/www.metrica.it\/de\/produkt\/2-meter-gliedermasstab-glasfaser-new-graduation\/#breadcrumb","itemListElement":[{"@type":"ListItem","position":1,"name":"Home","item":"https:\/\/www.metrica.it\/de\/"},{"@type":"ListItem","position":2,"name":"Katalog","item":"https:\/\/www.metrica.it\/de\/katalog\/"},{"@type":"ListItem","position":3,"name":"2 Meter &#8211; Gliedermasstab &#8211; Glasfaser New Graduation"}]},{"@type":"WebSite","@id":"https:\/\/www.metrica.it\/de\/#website","url":"https:\/\/www.metrica.it\/de\/","name":"Metrica","description":"Made to measure","potentialAction":[{"@type":"SearchAction","target":{"@type":"EntryPoint","urlTemplate":"https:\/\/www.metrica.it\/de\/?s={search_term_string}"},"query-input":{"@type":"PropertyValueSpecification","valueRequired":true,"valueName":"search_term_string"}}],"inLanguage":"de"}]}},"meta_box":{"awr_documentation":[],"awr_manuale":[],"awr_scheda_tecnica":"","awr_youtube_video":"https:\/\/www.youtube.com\/embed\/GVW3lUf7_Fo","awr_classe_prodotto":"CE_3","awr_customize_product":"1","awr_custom_image":{"width":96,"height":96,"file":"2024\/05\/18019.jpg","filesize":283998,"sizes":{"dgwt-wcas-product-suggestion":{"file":"18019-64x64.jpg","width":64,"height":64,"mime-type":"image\/jpeg","filesize":1213,"url":"https:\/\/www.metrica.it\/wp-content\/uploads\/2024\/05\/18019-64x64.jpg"},"hongo-product-icon-image":{"file":"18019-64x64.jpg","width":64,"height":64,"mime-type":"image\/jpeg","filesize":1213,"url":"https:\/\/www.metrica.it\/wp-content\/uploads\/2024\/05\/18019-64x64.jpg"},"hongo-product-small-image":{"file":"18019-84x84.jpg","width":84,"height":84,"mime-type":"image\/jpeg","filesize":1519,"url":"https:\/\/www.metrica.it\/wp-content\/uploads\/2024\/05\/18019-84x84.jpg"},"hongo-medium-image":{"file":"18019-450x450.jpg","width":450,"height":450,"mime-type":"image\/jpeg","filesize":16780,"url":"https:\/\/www.metrica.it\/wp-content\/uploads\/2024\/05\/18019-450x450.jpg"},"post-thumbnail":{"file":"18019-790x790.jpg","width":790,"height":790,"mime-type":"image\/jpeg","filesize":43407,"url":"https:\/\/www.metrica.it\/wp-content\/uploads\/2024\/05\/18019-790x790.jpg"},"hongo-shop-image":{"file":"18019-660x660.jpg","width":660,"height":660,"mime-type":"image\/jpeg","filesize":32552,"url":"https:\/\/www.metrica.it\/wp-content\/uploads\/2024\/05\/18019-660x660.jpg"}},"image_meta":{"aperture":"0","credit":"","camera":"","caption":"","created_timestamp":"0","copyright":"","focal_length":"0","iso":"0","shutter_speed":"0","title":"","orientation":"1","keywords":[]},"ID":"122717","name":"18019.jpg","path":"\/var\/www\/html\/wp-content\/uploads\/2024\/05\/18019.jpg","url":"https:\/\/www.metrica.it\/wp-content\/uploads\/2024\/05\/18019.jpg","full_url":"https:\/\/www.metrica.it\/wp-content\/uploads\/2024\/05\/18019.jpg","title":"18019.jpg","caption":"","description":"","alt":"","srcset":"https:\/\/www.metrica.it\/wp-content\/uploads\/2024\/05\/18019.jpg 800w, https:\/\/www.metrica.it\/wp-content\/uploads\/2024\/05\/18019-64x64.jpg 64w, https:\/\/www.metrica.it\/wp-content\/uploads\/2024\/05\/18019-84x84.jpg 84w, https:\/\/www.metrica.it\/wp-content\/uploads\/2024\/05\/18019-450x450.jpg 450w, https:\/\/www.metrica.it\/wp-content\/uploads\/2024\/05\/18019-790x790.jpg 790w, https:\/\/www.metrica.it\/wp-content\/uploads\/2024\/05\/18019-660x660.jpg 660w"},"awr_related_products":[{"awr_product_name":"2 Metri - Fibra Di Vetro - New Graduation","awr_product_references":"ref:18019|ean:8001066180196|l:2 m|aste:10|unit_misura:mm|pack:12"}],"awr_consumabili":"","awr_alternativi":"","awr_aliases":"18019","awr_skuid":"18019-it"},"_links":{"self":[{"href":"https:\/\/www.metrica.it\/de\/wp-json\/wp\/v2\/product\/142710","targetHints":{"allow":["GET"]}}],"collection":[{"href":"https:\/\/www.metrica.it\/de\/wp-json\/wp\/v2\/product"}],"about":[{"href":"https:\/\/www.metrica.it\/de\/wp-json\/wp\/v2\/types\/product"}],"wp:featuredmedia":[{"embeddable":true,"href":"https:\/\/www.metrica.it\/de\/wp-json\/wp\/v2\/media\/122722"}],"wp:attachment":[{"href":"https:\/\/www.metrica.it\/de\/wp-json\/wp\/v2\/media?parent=142710"}],"wp:term":[{"taxonomy":"product_cat","embeddable":true,"href":"https:\/\/www.metrica.it\/de\/wp-json\/wp\/v2\/product_cat?post=142710"},{"taxonomy":"product_tag","embeddable":true,"href":"https:\/\/www.metrica.it\/de\/wp-json\/wp\/v2\/product_tag?post=142710"}],"curies":[{"name":"wp","href":"https:\/\/api.w.org\/{rel}","templated":true}]}}