{"id":142721,"date":"2024-09-16T12:28:34","date_gmt":"2024-09-16T10:28:34","guid":{"rendered":"https:\/\/www.metrica.it\/prodotto\/bandmass-mit-saugnapf\/"},"modified":"2024-09-16T21:18:42","modified_gmt":"2024-09-16T19:18:42","slug":"bandmass-mit-saugnapf","status":"publish","type":"product","link":"https:\/\/www.metrica.it\/de\/produkt\/bandmass-mit-saugnapf\/","title":{"rendered":"Bandmass Mit Saugnapf"},"content":{"rendered":"<ul>\n<li><span>Glasfaserband<br \/><\/span><\/li>\n<li><span>ABS-Geh\u00e4use mit rutschfester H\u00fclle beschichtet<br \/><\/span><\/li>\n<li><span>Zur Haftungsmessung von gekr\u00fcmmten oder ebenen Oberfl\u00e4chen ohne Abrieb<br \/><\/span><\/li>\n<li><span>Ideal zum Verkleiden (Wrapping) von Autos, Booten, Karosserien und anderen Events, <\/span><\/li>\n<li><span>M\u00f6bel mit empfindlichen Oberfl\u00e4chen<br \/><\/span><\/li>\n<li><span>Schwenkband am Saugnapf zum Messen von zwei Seiten ohne den Saugnapf bewegen <\/span><span><br \/><\/span><\/li>\n<li><span>Im Lieferumfang enthalten:<br \/><\/span><\/li>\n<li><span>&#8211; ein Ersatzsaugnapf<br \/><\/span><\/li>\n<li><span>&#8211; ein Saugnapf mit Zange zur Befestigung des Bandes auch f\u00fcr gew\u00f6lbte Oberfl\u00e4chen\u00a0<\/span><\/li>\n<\/ul>\n","protected":false},"excerpt":{"rendered":"<p><span>Glasfaserband<br \/><\/span><\/p>\n<p><span>ABS-Geh\u00e4use mit rutschfester H\u00fclle beschichtet<br \/><\/span><\/p>\n<p><span>Zur Haftungsmessung von gekr\u00fcmmten oder ebenen Oberfl\u00e4chen ohne Abrieb<br \/><\/span><\/p>\n<p><span>Ideal zum Verkleiden (Wrapping) von Autos, Booten, Karosserien und anderen Events, <\/span><\/p>\n<p><span>M\u00f6bel mit empfindlichen Oberfl\u00e4chen<br \/><\/span><\/p>\n<p><span>Schwenkband am Saugnapf zum Messen von zwei Seiten ohne den Saugnapf bewegen <\/span><span>(Abb. A)<br \/><\/span><\/p>\n<p><span>Im Lieferumfang enthalten:<br \/><\/span><\/p>\n<p><span>&#8211; ein Ersatzsaugnapf<br \/><\/span><\/p>\n<p><span>&#8211; ein Saugnapf mit Zange zur Befestigung des Bandes auch f\u00fcr gew\u00f6lbte Oberfl\u00e4chen <\/span><span>(Abb. B)<\/span><\/p>\n","protected":false},"featured_media":131764,"template":"","meta":[],"product_cat":[50,591],"product_tag":[],"class_list":{"0":"post-142721","1":"product","2":"type-product","3":"status-publish","4":"has-post-thumbnail","6":"product_cat-laengenmessungen","7":"product_cat-rollbandmasse","9":"first","10":"instock","11":"sold-individually","12":"product-type-simple"},"yoast_head":"<title>FLESSOMETRO CON VENTOSA<\/title>\n<meta name=\"robots\" content=\"index, follow, max-snippet:-1, max-image-preview:large, max-video-preview:-1\" \/>\n<link rel=\"canonical\" href=\"https:\/\/www.metrica.it\/de\/produkt\/bandmass-mit-saugnapf\/\" \/>\n<meta property=\"og:locale\" content=\"de_DE\" \/>\n<meta property=\"og:type\" content=\"article\" \/>\n<meta property=\"og:title\" content=\"FLESSOMETRO CON VENTOSA\" \/>\n<meta property=\"og:description\" content=\"GlasfaserbandABS-Geh\u00e4use mit rutschfester H\u00fclle beschichtetZur Haftungsmessung von gekr\u00fcmmten oder ebenen Oberfl\u00e4chen ohne AbriebIdeal zum Verkleiden (Wrapping) von Autos, Booten, Karosserien und anderen Events, M\u00f6bel mit empfindlichen Oberfl\u00e4chenSchwenkband am Saugnapf zum Messen von zwei Seiten ohne den Saugnapf bewegen (Abb. A)Im Lieferumfang enthalten:- ein Ersatzsaugnapf- ein Saugnapf mit Zange zur Befestigung des Bandes auch f\u00fcr gew\u00f6lbte Oberfl\u00e4chen (Abb. B)\" \/>\n<meta property=\"og:url\" content=\"https:\/\/www.metrica.it\/de\/produkt\/bandmass-mit-saugnapf\/\" \/>\n<meta property=\"og:site_name\" content=\"Metrica\" \/>\n<meta property=\"article:modified_time\" content=\"2024-09-16T19:18:42+00:00\" \/>\n<meta property=\"og:image\" content=\"https:\/\/www.metrica.it\/wp-content\/uploads\/2024\/06\/38402_3.jpg\" \/>\n\t<meta property=\"og:image:width\" content=\"800\" \/>\n\t<meta property=\"og:image:height\" content=\"800\" \/>\n\t<meta property=\"og:image:type\" content=\"image\/jpeg\" \/>\n<meta name=\"twitter:card\" content=\"summary_large_image\" \/>\n<script type=\"application\/ld+json\" class=\"yoast-schema-graph\">{\"@context\":\"https:\\\/\\\/schema.org\",\"@graph\":[{\"@type\":\"WebPage\",\"@id\":\"https:\\\/\\\/www.metrica.it\\\/de\\\/produkt\\\/bandmass-mit-saugnapf\\\/\",\"url\":\"https:\\\/\\\/www.metrica.it\\\/de\\\/produkt\\\/bandmass-mit-saugnapf\\\/\",\"name\":\"FLESSOMETRO CON VENTOSA\",\"isPartOf\":{\"@id\":\"https:\\\/\\\/www.metrica.it\\\/de\\\/#website\"},\"primaryImageOfPage\":{\"@id\":\"https:\\\/\\\/www.metrica.it\\\/de\\\/produkt\\\/bandmass-mit-saugnapf\\\/#primaryimage\"},\"image\":{\"@id\":\"https:\\\/\\\/www.metrica.it\\\/de\\\/produkt\\\/bandmass-mit-saugnapf\\\/#primaryimage\"},\"thumbnailUrl\":\"https:\\\/\\\/www.metrica.it\\\/wp-content\\\/uploads\\\/2024\\\/06\\\/38402_3.jpg\",\"datePublished\":\"2024-09-16T10:28:34+00:00\",\"dateModified\":\"2024-09-16T19:18:42+00:00\",\"breadcrumb\":{\"@id\":\"https:\\\/\\\/www.metrica.it\\\/de\\\/produkt\\\/bandmass-mit-saugnapf\\\/#breadcrumb\"},\"inLanguage\":\"de\",\"potentialAction\":[{\"@type\":\"ReadAction\",\"target\":[\"https:\\\/\\\/www.metrica.it\\\/de\\\/produkt\\\/bandmass-mit-saugnapf\\\/\"]}]},{\"@type\":\"ImageObject\",\"inLanguage\":\"de\",\"@id\":\"https:\\\/\\\/www.metrica.it\\\/de\\\/produkt\\\/bandmass-mit-saugnapf\\\/#primaryimage\",\"url\":\"https:\\\/\\\/www.metrica.it\\\/wp-content\\\/uploads\\\/2024\\\/06\\\/38402_3.jpg\",\"contentUrl\":\"https:\\\/\\\/www.metrica.it\\\/wp-content\\\/uploads\\\/2024\\\/06\\\/38402_3.jpg\",\"width\":800,\"height\":800},{\"@type\":\"BreadcrumbList\",\"@id\":\"https:\\\/\\\/www.metrica.it\\\/de\\\/produkt\\\/bandmass-mit-saugnapf\\\/#breadcrumb\",\"itemListElement\":[{\"@type\":\"ListItem\",\"position\":1,\"name\":\"Home\",\"item\":\"https:\\\/\\\/www.metrica.it\\\/de\\\/\"},{\"@type\":\"ListItem\",\"position\":2,\"name\":\"Katalog\",\"item\":\"https:\\\/\\\/www.metrica.it\\\/de\\\/katalog\\\/\"},{\"@type\":\"ListItem\",\"position\":3,\"name\":\"Bandmass Mit Saugnapf\"}]},{\"@type\":\"WebSite\",\"@id\":\"https:\\\/\\\/www.metrica.it\\\/de\\\/#website\",\"url\":\"https:\\\/\\\/www.metrica.it\\\/de\\\/\",\"name\":\"Metrica\",\"description\":\"Made to measure\",\"potentialAction\":[{\"@type\":\"SearchAction\",\"target\":{\"@type\":\"EntryPoint\",\"urlTemplate\":\"https:\\\/\\\/www.metrica.it\\\/de\\\/?s={search_term_string}\"},\"query-input\":{\"@type\":\"PropertyValueSpecification\",\"valueRequired\":true,\"valueName\":\"search_term_string\"}}],\"inLanguage\":\"de\"}]}<\/script>","yoast_head_json":{"title":"FLESSOMETRO CON VENTOSA","robots":{"index":"index","follow":"follow","max-snippet":"max-snippet:-1","max-image-preview":"max-image-preview:large","max-video-preview":"max-video-preview:-1"},"canonical":"https:\/\/www.metrica.it\/de\/produkt\/bandmass-mit-saugnapf\/","og_locale":"de_DE","og_type":"article","og_title":"FLESSOMETRO CON VENTOSA","og_description":"GlasfaserbandABS-Geh\u00e4use mit rutschfester H\u00fclle beschichtetZur Haftungsmessung von gekr\u00fcmmten oder ebenen Oberfl\u00e4chen ohne AbriebIdeal zum Verkleiden (Wrapping) von Autos, Booten, Karosserien und anderen Events, M\u00f6bel mit empfindlichen Oberfl\u00e4chenSchwenkband am Saugnapf zum Messen von zwei Seiten ohne den Saugnapf bewegen (Abb. A)Im Lieferumfang enthalten:- ein Ersatzsaugnapf- ein Saugnapf mit Zange zur Befestigung des Bandes auch f\u00fcr gew\u00f6lbte Oberfl\u00e4chen (Abb. B)","og_url":"https:\/\/www.metrica.it\/de\/produkt\/bandmass-mit-saugnapf\/","og_site_name":"Metrica","article_modified_time":"2024-09-16T19:18:42+00:00","og_image":[{"width":800,"height":800,"url":"https:\/\/www.metrica.it\/wp-content\/uploads\/2024\/06\/38402_3.jpg","type":"image\/jpeg"}],"twitter_card":"summary_large_image","schema":{"@context":"https:\/\/schema.org","@graph":[{"@type":"WebPage","@id":"https:\/\/www.metrica.it\/de\/produkt\/bandmass-mit-saugnapf\/","url":"https:\/\/www.metrica.it\/de\/produkt\/bandmass-mit-saugnapf\/","name":"FLESSOMETRO CON VENTOSA","isPartOf":{"@id":"https:\/\/www.metrica.it\/de\/#website"},"primaryImageOfPage":{"@id":"https:\/\/www.metrica.it\/de\/produkt\/bandmass-mit-saugnapf\/#primaryimage"},"image":{"@id":"https:\/\/www.metrica.it\/de\/produkt\/bandmass-mit-saugnapf\/#primaryimage"},"thumbnailUrl":"https:\/\/www.metrica.it\/wp-content\/uploads\/2024\/06\/38402_3.jpg","datePublished":"2024-09-16T10:28:34+00:00","dateModified":"2024-09-16T19:18:42+00:00","breadcrumb":{"@id":"https:\/\/www.metrica.it\/de\/produkt\/bandmass-mit-saugnapf\/#breadcrumb"},"inLanguage":"de","potentialAction":[{"@type":"ReadAction","target":["https:\/\/www.metrica.it\/de\/produkt\/bandmass-mit-saugnapf\/"]}]},{"@type":"ImageObject","inLanguage":"de","@id":"https:\/\/www.metrica.it\/de\/produkt\/bandmass-mit-saugnapf\/#primaryimage","url":"https:\/\/www.metrica.it\/wp-content\/uploads\/2024\/06\/38402_3.jpg","contentUrl":"https:\/\/www.metrica.it\/wp-content\/uploads\/2024\/06\/38402_3.jpg","width":800,"height":800},{"@type":"BreadcrumbList","@id":"https:\/\/www.metrica.it\/de\/produkt\/bandmass-mit-saugnapf\/#breadcrumb","itemListElement":[{"@type":"ListItem","position":1,"name":"Home","item":"https:\/\/www.metrica.it\/de\/"},{"@type":"ListItem","position":2,"name":"Katalog","item":"https:\/\/www.metrica.it\/de\/katalog\/"},{"@type":"ListItem","position":3,"name":"Bandmass Mit Saugnapf"}]},{"@type":"WebSite","@id":"https:\/\/www.metrica.it\/de\/#website","url":"https:\/\/www.metrica.it\/de\/","name":"Metrica","description":"Made to measure","potentialAction":[{"@type":"SearchAction","target":{"@type":"EntryPoint","urlTemplate":"https:\/\/www.metrica.it\/de\/?s={search_term_string}"},"query-input":{"@type":"PropertyValueSpecification","valueRequired":true,"valueName":"search_term_string"}}],"inLanguage":"de"}]}},"meta_box":{"awr_documentation":[],"awr_manuale":[],"awr_scheda_tecnica":"","awr_youtube_video":"","awr_classe_prodotto":"","awr_customize_product":"0","awr_custom_image":false,"awr_related_products":[{"awr_product_name":"Flessometro Con Ventosa","awr_product_references":"ref:38402|ean:8001066384020|l:5m|larghezza:15mm|unit_misura:mm|b_mm:100|pack:1"},{"awr_product_name":"Flessometro Con Ventosa","awr_product_references":"ref:38404|ean:8001066384044|l:4,5m|larghezza:15mm|unit_misura:mm inc|b_mm:100|pack:1"}],"awr_consumabili":"","awr_alternativi":"","awr_aliases":"38402,38404","awr_skuid":"38402-it"},"_links":{"self":[{"href":"https:\/\/www.metrica.it\/de\/wp-json\/wp\/v2\/product\/142721","targetHints":{"allow":["GET"]}}],"collection":[{"href":"https:\/\/www.metrica.it\/de\/wp-json\/wp\/v2\/product"}],"about":[{"href":"https:\/\/www.metrica.it\/de\/wp-json\/wp\/v2\/types\/product"}],"wp:featuredmedia":[{"embeddable":true,"href":"https:\/\/www.metrica.it\/de\/wp-json\/wp\/v2\/media\/131764"}],"wp:attachment":[{"href":"https:\/\/www.metrica.it\/de\/wp-json\/wp\/v2\/media?parent=142721"}],"wp:term":[{"taxonomy":"product_cat","embeddable":true,"href":"https:\/\/www.metrica.it\/de\/wp-json\/wp\/v2\/product_cat?post=142721"},{"taxonomy":"product_tag","embeddable":true,"href":"https:\/\/www.metrica.it\/de\/wp-json\/wp\/v2\/product_tag?post=142721"}],"curies":[{"name":"wp","href":"https:\/\/api.w.org\/{rel}","templated":true}]}}