{"id":142997,"date":"2024-09-16T11:41:10","date_gmt":"2024-09-16T09:41:10","guid":{"rendered":"https:\/\/www.metrica.it\/prodotto\/haarwinkel-2\/"},"modified":"2024-09-16T20:31:32","modified_gmt":"2024-09-16T18:31:32","slug":"haarwinkel-2","status":"publish","type":"product","link":"https:\/\/www.metrica.it\/de\/produkt\/haarwinkel-2\/","title":{"rendered":"Haarwinkel"},"content":{"rendered":"<ul>\n<li>Aus Rostfreiem Stahl, geh\u00e4rtet<\/li>\n<li>Genauigkeit: DIN 875\/0<\/li>\n<\/ul>\n","protected":false},"excerpt":{"rendered":"<p>Aus Rostfreiem Stahl, geh\u00e4rtet<br \/>Genauigkeit: DIN 875\/0<\/p>\n","protected":false},"featured_media":125120,"template":"","meta":[],"product_cat":[638,622],"product_tag":[],"class_list":{"0":"post-142997","1":"product","2":"type-product","3":"status-publish","4":"has-post-thumbnail","6":"product_cat-prazisionswinkel","7":"product_cat-winkelmessgerate","9":"first","10":"instock","11":"sold-individually","12":"product-type-simple"},"yoast_head":"<title>Squadra Bisellata Temprata | Pr\u00e4zisionswinkel | Winkelmessg\u00ebrate - Metrica<\/title>\n<meta name=\"description\" content=\"Entdecken Sie die Produktkollektion., Squadra Bisellata Temprata - Pr\u00e4zisionswinkel.Acciaio inox temprato,Precisione DIN 875\/0 . Schauen Sie sich den Katalog auf der offiziellen Metrica-Website an\" \/>\n<meta name=\"robots\" content=\"index, follow, max-snippet:-1, max-image-preview:large, max-video-preview:-1\" \/>\n<link rel=\"canonical\" href=\"https:\/\/www.metrica.it\/de\/produkt\/haarwinkel-2\/\" \/>\n<meta property=\"og:locale\" content=\"de_DE\" \/>\n<meta property=\"og:type\" content=\"article\" \/>\n<meta property=\"og:title\" content=\"Squadra Bisellata Temprata | Pr\u00e4zisionswinkel | Winkelmessg\u00ebrate - Metrica\" \/>\n<meta property=\"og:description\" content=\"Entdecken Sie die Produktkollektion., Squadra Bisellata Temprata - Pr\u00e4zisionswinkel.Acciaio inox temprato,Precisione DIN 875\/0 . Schauen Sie sich den Katalog auf der offiziellen Metrica-Website an\" \/>\n<meta property=\"og:url\" content=\"https:\/\/www.metrica.it\/de\/produkt\/haarwinkel-2\/\" \/>\n<meta property=\"og:site_name\" content=\"Metrica\" \/>\n<meta property=\"article:modified_time\" content=\"2024-09-16T18:31:32+00:00\" \/>\n<meta property=\"og:image\" content=\"https:\/\/www.metrica.it\/wp-content\/uploads\/2024\/05\/27029.jpg\" \/>\n\t<meta property=\"og:image:width\" content=\"800\" \/>\n\t<meta property=\"og:image:height\" content=\"800\" \/>\n\t<meta property=\"og:image:type\" content=\"image\/jpeg\" \/>\n<meta name=\"twitter:card\" content=\"summary_large_image\" \/>\n<script type=\"application\/ld+json\" class=\"yoast-schema-graph\">{\"@context\":\"https:\\\/\\\/schema.org\",\"@graph\":[{\"@type\":\"WebPage\",\"@id\":\"https:\\\/\\\/www.metrica.it\\\/de\\\/produkt\\\/haarwinkel-2\\\/\",\"url\":\"https:\\\/\\\/www.metrica.it\\\/de\\\/produkt\\\/haarwinkel-2\\\/\",\"name\":\"Squadra Bisellata Temprata | Pr\u00e4zisionswinkel | Winkelmessg\u00ebrate - Metrica\",\"isPartOf\":{\"@id\":\"https:\\\/\\\/www.metrica.it\\\/de\\\/#website\"},\"primaryImageOfPage\":{\"@id\":\"https:\\\/\\\/www.metrica.it\\\/de\\\/produkt\\\/haarwinkel-2\\\/#primaryimage\"},\"image\":{\"@id\":\"https:\\\/\\\/www.metrica.it\\\/de\\\/produkt\\\/haarwinkel-2\\\/#primaryimage\"},\"thumbnailUrl\":\"https:\\\/\\\/www.metrica.it\\\/wp-content\\\/uploads\\\/2024\\\/05\\\/27029.jpg\",\"datePublished\":\"2024-09-16T09:41:10+00:00\",\"dateModified\":\"2024-09-16T18:31:32+00:00\",\"description\":\"Entdecken Sie die Produktkollektion., Squadra Bisellata Temprata - Pr\u00e4zisionswinkel.Acciaio inox temprato,Precisione DIN 875\\\/0 . Schauen Sie sich den Katalog auf der offiziellen Metrica-Website an\",\"breadcrumb\":{\"@id\":\"https:\\\/\\\/www.metrica.it\\\/de\\\/produkt\\\/haarwinkel-2\\\/#breadcrumb\"},\"inLanguage\":\"de\",\"potentialAction\":[{\"@type\":\"ReadAction\",\"target\":[\"https:\\\/\\\/www.metrica.it\\\/de\\\/produkt\\\/haarwinkel-2\\\/\"]}]},{\"@type\":\"ImageObject\",\"inLanguage\":\"de\",\"@id\":\"https:\\\/\\\/www.metrica.it\\\/de\\\/produkt\\\/haarwinkel-2\\\/#primaryimage\",\"url\":\"https:\\\/\\\/www.metrica.it\\\/wp-content\\\/uploads\\\/2024\\\/05\\\/27029.jpg\",\"contentUrl\":\"https:\\\/\\\/www.metrica.it\\\/wp-content\\\/uploads\\\/2024\\\/05\\\/27029.jpg\",\"width\":800,\"height\":800},{\"@type\":\"BreadcrumbList\",\"@id\":\"https:\\\/\\\/www.metrica.it\\\/de\\\/produkt\\\/haarwinkel-2\\\/#breadcrumb\",\"itemListElement\":[{\"@type\":\"ListItem\",\"position\":1,\"name\":\"Home\",\"item\":\"https:\\\/\\\/www.metrica.it\\\/de\\\/\"},{\"@type\":\"ListItem\",\"position\":2,\"name\":\"Katalog\",\"item\":\"https:\\\/\\\/www.metrica.it\\\/de\\\/katalog\\\/\"},{\"@type\":\"ListItem\",\"position\":3,\"name\":\"Haarwinkel\"}]},{\"@type\":\"WebSite\",\"@id\":\"https:\\\/\\\/www.metrica.it\\\/de\\\/#website\",\"url\":\"https:\\\/\\\/www.metrica.it\\\/de\\\/\",\"name\":\"Metrica\",\"description\":\"Made to measure\",\"potentialAction\":[{\"@type\":\"SearchAction\",\"target\":{\"@type\":\"EntryPoint\",\"urlTemplate\":\"https:\\\/\\\/www.metrica.it\\\/de\\\/?s={search_term_string}\"},\"query-input\":{\"@type\":\"PropertyValueSpecification\",\"valueRequired\":true,\"valueName\":\"search_term_string\"}}],\"inLanguage\":\"de\"}]}<\/script>","yoast_head_json":{"title":"Squadra Bisellata Temprata | Pr\u00e4zisionswinkel | Winkelmessg\u00ebrate - Metrica","description":"Entdecken Sie die Produktkollektion., Squadra Bisellata Temprata - Pr\u00e4zisionswinkel.Acciaio inox temprato,Precisione DIN 875\/0 . Schauen Sie sich den Katalog auf der offiziellen Metrica-Website an","robots":{"index":"index","follow":"follow","max-snippet":"max-snippet:-1","max-image-preview":"max-image-preview:large","max-video-preview":"max-video-preview:-1"},"canonical":"https:\/\/www.metrica.it\/de\/produkt\/haarwinkel-2\/","og_locale":"de_DE","og_type":"article","og_title":"Squadra Bisellata Temprata | Pr\u00e4zisionswinkel | Winkelmessg\u00ebrate - Metrica","og_description":"Entdecken Sie die Produktkollektion., Squadra Bisellata Temprata - Pr\u00e4zisionswinkel.Acciaio inox temprato,Precisione DIN 875\/0 . Schauen Sie sich den Katalog auf der offiziellen Metrica-Website an","og_url":"https:\/\/www.metrica.it\/de\/produkt\/haarwinkel-2\/","og_site_name":"Metrica","article_modified_time":"2024-09-16T18:31:32+00:00","og_image":[{"width":800,"height":800,"url":"https:\/\/www.metrica.it\/wp-content\/uploads\/2024\/05\/27029.jpg","type":"image\/jpeg"}],"twitter_card":"summary_large_image","schema":{"@context":"https:\/\/schema.org","@graph":[{"@type":"WebPage","@id":"https:\/\/www.metrica.it\/de\/produkt\/haarwinkel-2\/","url":"https:\/\/www.metrica.it\/de\/produkt\/haarwinkel-2\/","name":"Squadra Bisellata Temprata | Pr\u00e4zisionswinkel | Winkelmessg\u00ebrate - Metrica","isPartOf":{"@id":"https:\/\/www.metrica.it\/de\/#website"},"primaryImageOfPage":{"@id":"https:\/\/www.metrica.it\/de\/produkt\/haarwinkel-2\/#primaryimage"},"image":{"@id":"https:\/\/www.metrica.it\/de\/produkt\/haarwinkel-2\/#primaryimage"},"thumbnailUrl":"https:\/\/www.metrica.it\/wp-content\/uploads\/2024\/05\/27029.jpg","datePublished":"2024-09-16T09:41:10+00:00","dateModified":"2024-09-16T18:31:32+00:00","description":"Entdecken Sie die Produktkollektion., Squadra Bisellata Temprata - Pr\u00e4zisionswinkel.Acciaio inox temprato,Precisione DIN 875\/0 . Schauen Sie sich den Katalog auf der offiziellen Metrica-Website an","breadcrumb":{"@id":"https:\/\/www.metrica.it\/de\/produkt\/haarwinkel-2\/#breadcrumb"},"inLanguage":"de","potentialAction":[{"@type":"ReadAction","target":["https:\/\/www.metrica.it\/de\/produkt\/haarwinkel-2\/"]}]},{"@type":"ImageObject","inLanguage":"de","@id":"https:\/\/www.metrica.it\/de\/produkt\/haarwinkel-2\/#primaryimage","url":"https:\/\/www.metrica.it\/wp-content\/uploads\/2024\/05\/27029.jpg","contentUrl":"https:\/\/www.metrica.it\/wp-content\/uploads\/2024\/05\/27029.jpg","width":800,"height":800},{"@type":"BreadcrumbList","@id":"https:\/\/www.metrica.it\/de\/produkt\/haarwinkel-2\/#breadcrumb","itemListElement":[{"@type":"ListItem","position":1,"name":"Home","item":"https:\/\/www.metrica.it\/de\/"},{"@type":"ListItem","position":2,"name":"Katalog","item":"https:\/\/www.metrica.it\/de\/katalog\/"},{"@type":"ListItem","position":3,"name":"Haarwinkel"}]},{"@type":"WebSite","@id":"https:\/\/www.metrica.it\/de\/#website","url":"https:\/\/www.metrica.it\/de\/","name":"Metrica","description":"Made to measure","potentialAction":[{"@type":"SearchAction","target":{"@type":"EntryPoint","urlTemplate":"https:\/\/www.metrica.it\/de\/?s={search_term_string}"},"query-input":{"@type":"PropertyValueSpecification","valueRequired":true,"valueName":"search_term_string"}}],"inLanguage":"de"}]}},"meta_box":{"awr_documentation":[],"awr_manuale":[],"awr_scheda_tecnica":"","awr_youtube_video":"","awr_classe_prodotto":"","awr_customize_product":"0","awr_custom_image":false,"awr_related_products":[{"awr_product_name":"Squadra Bisellata Temprata","awr_product_references":"ref:27029|ean:8001066270293|axb_mm:25 x 20|pack:1"},{"awr_product_name":"Squadra Bisellata Temprata","awr_product_references":"ref:27030|ean:8001066270309|axb_mm:40 x 28|pack:1"},{"awr_product_name":"Squadra Bisellata Temprata","awr_product_references":"ref:27031|ean:8001066270316|axb_mm:50 x 40|pack:1"},{"awr_product_name":"Squadra Bisellata Temprata","awr_product_references":"ref:27032|ean:8001066270323|axb_mm:75 x 50|pack:1"},{"awr_product_name":"Squadra Bisellata Temprata","awr_product_references":"ref:27033|ean:8001066270330|axb_mm:100 x 70|pack:1"},{"awr_product_name":"Squadra Bisellata Temprata","awr_product_references":"ref:27035|ean:8001066270354|axb_mm:150 x 100|pack:1"},{"awr_product_name":"Squadra Bisellata Temprata","awr_product_references":"ref:27036|ean:8001066270361|axb_mm:200 x 130|pack:1"},{"awr_product_name":"Squadra Bisellata Temprata","awr_product_references":"ref:27038|ean:8001066270385|axb_mm:300 x 200|pack:1"}],"awr_consumabili":"","awr_alternativi":"","awr_aliases":"27029,27030,27031,27032,27033,27035,27036,27038","awr_skuid":"27029-it"},"_links":{"self":[{"href":"https:\/\/www.metrica.it\/de\/wp-json\/wp\/v2\/product\/142997","targetHints":{"allow":["GET"]}}],"collection":[{"href":"https:\/\/www.metrica.it\/de\/wp-json\/wp\/v2\/product"}],"about":[{"href":"https:\/\/www.metrica.it\/de\/wp-json\/wp\/v2\/types\/product"}],"wp:featuredmedia":[{"embeddable":true,"href":"https:\/\/www.metrica.it\/de\/wp-json\/wp\/v2\/media\/125120"}],"wp:attachment":[{"href":"https:\/\/www.metrica.it\/de\/wp-json\/wp\/v2\/media?parent=142997"}],"wp:term":[{"taxonomy":"product_cat","embeddable":true,"href":"https:\/\/www.metrica.it\/de\/wp-json\/wp\/v2\/product_cat?post=142997"},{"taxonomy":"product_tag","embeddable":true,"href":"https:\/\/www.metrica.it\/de\/wp-json\/wp\/v2\/product_tag?post=142997"}],"curies":[{"name":"wp","href":"https:\/\/api.w.org\/{rel}","templated":true}]}}