{"id":143112,"date":"2024-09-16T11:36:58","date_gmt":"2024-09-16T09:36:58","guid":{"rendered":"https:\/\/www.metrica.it\/prodotto\/dreh-adapter\/"},"modified":"2024-09-16T20:28:09","modified_gmt":"2024-09-16T18:28:09","slug":"dreh-adapter","status":"publish","type":"product","link":"https:\/\/www.metrica.it\/de\/produkt\/dreh-adapter\/","title":{"rendered":"Dreh-adapter"},"content":{"rendered":"<ul>\n<li>Dreh-Kupplung 360\u00b0 1\/4\u201d\/5\/8\u201d<\/li>\n<li>Kompatibel mit Art. 61300, 60804, 60805, 60370, 61375, 60814BR, 61380, 61360, 61365<\/li>\n<li>360\u00b0-Drehgelenk (Art. 60815)<\/li>\n<li>Festes Gelenk (Art. 60738)<\/li>\n<\/ul>\n","protected":false},"excerpt":{"rendered":"<p>Dreh-Kupplung 360\u00b0 1\/4\u201d\/5\/8\u201d<\/p>\n<p>Kompatibel mit Art. 61300, 60804, 60805, 60370, 61375, 60814BR, 61380, 61360, 61365<\/p>\n<p>360\u00b0-Drehgelenk (Art. 60815)<\/p>\n<p>Festes Gelenk (Art. 60738)<\/p>\n","protected":false},"featured_media":132849,"template":"","meta":[],"product_cat":[516,519],"product_tag":[],"class_list":{"0":"post-143112","1":"product","2":"type-product","3":"status-publish","4":"has-post-thumbnail","6":"product_cat-laser-und-warmebildkameras","7":"product_cat-zubehore-fur-laser","9":"first","10":"instock","11":"sold-individually","12":"product-type-simple"},"yoast_head":"<title>Adattatore Rotante | Zubeh\u00f6re f\u00fcr Laser | Laser und W\u00e4rmebildkameras - Metrica<\/title>\n<meta name=\"description\" content=\"Entdecken Sie die Produktkollektion., Adattatore Rotante - Zubeh\u00f6re f\u00fcr Laser.Giunto rotante 360&deg; 1\/4\u0094 - 5\/8\u0094 . Schauen Sie sich den Katalog auf der offiziellen Metrica-Website an\" \/>\n<meta name=\"robots\" content=\"index, follow, max-snippet:-1, max-image-preview:large, max-video-preview:-1\" \/>\n<link rel=\"canonical\" href=\"https:\/\/www.metrica.it\/de\/produkt\/dreh-adapter\/\" \/>\n<meta property=\"og:locale\" content=\"de_DE\" \/>\n<meta property=\"og:type\" content=\"article\" \/>\n<meta property=\"og:title\" content=\"Adattatore Rotante | Zubeh\u00f6re f\u00fcr Laser | Laser und W\u00e4rmebildkameras - Metrica\" \/>\n<meta property=\"og:description\" content=\"Entdecken Sie die Produktkollektion., Adattatore Rotante - Zubeh\u00f6re f\u00fcr Laser.Giunto rotante 360&deg; 1\/4\u0094 - 5\/8\u0094 . Schauen Sie sich den Katalog auf der offiziellen Metrica-Website an\" \/>\n<meta property=\"og:url\" content=\"https:\/\/www.metrica.it\/de\/produkt\/dreh-adapter\/\" \/>\n<meta property=\"og:site_name\" content=\"Metrica\" \/>\n<meta property=\"article:modified_time\" content=\"2024-09-16T18:28:09+00:00\" \/>\n<meta property=\"og:image\" content=\"https:\/\/www.metrica.it\/wp-content\/uploads\/2024\/06\/60815.jpg\" \/>\n\t<meta property=\"og:image:width\" content=\"800\" \/>\n\t<meta property=\"og:image:height\" content=\"800\" \/>\n\t<meta property=\"og:image:type\" content=\"image\/jpeg\" \/>\n<meta name=\"twitter:card\" content=\"summary_large_image\" \/>\n<script type=\"application\/ld+json\" class=\"yoast-schema-graph\">{\"@context\":\"https:\\\/\\\/schema.org\",\"@graph\":[{\"@type\":\"WebPage\",\"@id\":\"https:\\\/\\\/www.metrica.it\\\/de\\\/produkt\\\/dreh-adapter\\\/\",\"url\":\"https:\\\/\\\/www.metrica.it\\\/de\\\/produkt\\\/dreh-adapter\\\/\",\"name\":\"Adattatore Rotante | Zubeh\u00f6re f\u00fcr Laser | Laser und W\u00e4rmebildkameras - Metrica\",\"isPartOf\":{\"@id\":\"https:\\\/\\\/www.metrica.it\\\/de\\\/#website\"},\"primaryImageOfPage\":{\"@id\":\"https:\\\/\\\/www.metrica.it\\\/de\\\/produkt\\\/dreh-adapter\\\/#primaryimage\"},\"image\":{\"@id\":\"https:\\\/\\\/www.metrica.it\\\/de\\\/produkt\\\/dreh-adapter\\\/#primaryimage\"},\"thumbnailUrl\":\"https:\\\/\\\/www.metrica.it\\\/wp-content\\\/uploads\\\/2024\\\/06\\\/60815.jpg\",\"datePublished\":\"2024-09-16T09:36:58+00:00\",\"dateModified\":\"2024-09-16T18:28:09+00:00\",\"description\":\"Entdecken Sie die Produktkollektion., Adattatore Rotante - Zubeh\u00f6re f\u00fcr Laser.Giunto rotante 360&deg; 1\\\/4\u0094 - 5\\\/8\u0094 . Schauen Sie sich den Katalog auf der offiziellen Metrica-Website an\",\"breadcrumb\":{\"@id\":\"https:\\\/\\\/www.metrica.it\\\/de\\\/produkt\\\/dreh-adapter\\\/#breadcrumb\"},\"inLanguage\":\"de\",\"potentialAction\":[{\"@type\":\"ReadAction\",\"target\":[\"https:\\\/\\\/www.metrica.it\\\/de\\\/produkt\\\/dreh-adapter\\\/\"]}]},{\"@type\":\"ImageObject\",\"inLanguage\":\"de\",\"@id\":\"https:\\\/\\\/www.metrica.it\\\/de\\\/produkt\\\/dreh-adapter\\\/#primaryimage\",\"url\":\"https:\\\/\\\/www.metrica.it\\\/wp-content\\\/uploads\\\/2024\\\/06\\\/60815.jpg\",\"contentUrl\":\"https:\\\/\\\/www.metrica.it\\\/wp-content\\\/uploads\\\/2024\\\/06\\\/60815.jpg\",\"width\":800,\"height\":800},{\"@type\":\"BreadcrumbList\",\"@id\":\"https:\\\/\\\/www.metrica.it\\\/de\\\/produkt\\\/dreh-adapter\\\/#breadcrumb\",\"itemListElement\":[{\"@type\":\"ListItem\",\"position\":1,\"name\":\"Home\",\"item\":\"https:\\\/\\\/www.metrica.it\\\/de\\\/\"},{\"@type\":\"ListItem\",\"position\":2,\"name\":\"Katalog\",\"item\":\"https:\\\/\\\/www.metrica.it\\\/de\\\/katalog\\\/\"},{\"@type\":\"ListItem\",\"position\":3,\"name\":\"Dreh-adapter\"}]},{\"@type\":\"WebSite\",\"@id\":\"https:\\\/\\\/www.metrica.it\\\/de\\\/#website\",\"url\":\"https:\\\/\\\/www.metrica.it\\\/de\\\/\",\"name\":\"Metrica\",\"description\":\"Made to measure\",\"potentialAction\":[{\"@type\":\"SearchAction\",\"target\":{\"@type\":\"EntryPoint\",\"urlTemplate\":\"https:\\\/\\\/www.metrica.it\\\/de\\\/?s={search_term_string}\"},\"query-input\":{\"@type\":\"PropertyValueSpecification\",\"valueRequired\":true,\"valueName\":\"search_term_string\"}}],\"inLanguage\":\"de\"}]}<\/script>","yoast_head_json":{"title":"Adattatore Rotante | Zubeh\u00f6re f\u00fcr Laser | Laser und W\u00e4rmebildkameras - Metrica","description":"Entdecken Sie die Produktkollektion., Adattatore Rotante - Zubeh\u00f6re f\u00fcr Laser.Giunto rotante 360&deg; 1\/4\u0094 - 5\/8\u0094 . Schauen Sie sich den Katalog auf der offiziellen Metrica-Website an","robots":{"index":"index","follow":"follow","max-snippet":"max-snippet:-1","max-image-preview":"max-image-preview:large","max-video-preview":"max-video-preview:-1"},"canonical":"https:\/\/www.metrica.it\/de\/produkt\/dreh-adapter\/","og_locale":"de_DE","og_type":"article","og_title":"Adattatore Rotante | Zubeh\u00f6re f\u00fcr Laser | Laser und W\u00e4rmebildkameras - Metrica","og_description":"Entdecken Sie die Produktkollektion., Adattatore Rotante - Zubeh\u00f6re f\u00fcr Laser.Giunto rotante 360&deg; 1\/4\u0094 - 5\/8\u0094 . Schauen Sie sich den Katalog auf der offiziellen Metrica-Website an","og_url":"https:\/\/www.metrica.it\/de\/produkt\/dreh-adapter\/","og_site_name":"Metrica","article_modified_time":"2024-09-16T18:28:09+00:00","og_image":[{"width":800,"height":800,"url":"https:\/\/www.metrica.it\/wp-content\/uploads\/2024\/06\/60815.jpg","type":"image\/jpeg"}],"twitter_card":"summary_large_image","schema":{"@context":"https:\/\/schema.org","@graph":[{"@type":"WebPage","@id":"https:\/\/www.metrica.it\/de\/produkt\/dreh-adapter\/","url":"https:\/\/www.metrica.it\/de\/produkt\/dreh-adapter\/","name":"Adattatore Rotante | Zubeh\u00f6re f\u00fcr Laser | Laser und W\u00e4rmebildkameras - Metrica","isPartOf":{"@id":"https:\/\/www.metrica.it\/de\/#website"},"primaryImageOfPage":{"@id":"https:\/\/www.metrica.it\/de\/produkt\/dreh-adapter\/#primaryimage"},"image":{"@id":"https:\/\/www.metrica.it\/de\/produkt\/dreh-adapter\/#primaryimage"},"thumbnailUrl":"https:\/\/www.metrica.it\/wp-content\/uploads\/2024\/06\/60815.jpg","datePublished":"2024-09-16T09:36:58+00:00","dateModified":"2024-09-16T18:28:09+00:00","description":"Entdecken Sie die Produktkollektion., Adattatore Rotante - Zubeh\u00f6re f\u00fcr Laser.Giunto rotante 360&deg; 1\/4\u0094 - 5\/8\u0094 . Schauen Sie sich den Katalog auf der offiziellen Metrica-Website an","breadcrumb":{"@id":"https:\/\/www.metrica.it\/de\/produkt\/dreh-adapter\/#breadcrumb"},"inLanguage":"de","potentialAction":[{"@type":"ReadAction","target":["https:\/\/www.metrica.it\/de\/produkt\/dreh-adapter\/"]}]},{"@type":"ImageObject","inLanguage":"de","@id":"https:\/\/www.metrica.it\/de\/produkt\/dreh-adapter\/#primaryimage","url":"https:\/\/www.metrica.it\/wp-content\/uploads\/2024\/06\/60815.jpg","contentUrl":"https:\/\/www.metrica.it\/wp-content\/uploads\/2024\/06\/60815.jpg","width":800,"height":800},{"@type":"BreadcrumbList","@id":"https:\/\/www.metrica.it\/de\/produkt\/dreh-adapter\/#breadcrumb","itemListElement":[{"@type":"ListItem","position":1,"name":"Home","item":"https:\/\/www.metrica.it\/de\/"},{"@type":"ListItem","position":2,"name":"Katalog","item":"https:\/\/www.metrica.it\/de\/katalog\/"},{"@type":"ListItem","position":3,"name":"Dreh-adapter"}]},{"@type":"WebSite","@id":"https:\/\/www.metrica.it\/de\/#website","url":"https:\/\/www.metrica.it\/de\/","name":"Metrica","description":"Made to measure","potentialAction":[{"@type":"SearchAction","target":{"@type":"EntryPoint","urlTemplate":"https:\/\/www.metrica.it\/de\/?s={search_term_string}"},"query-input":{"@type":"PropertyValueSpecification","valueRequired":true,"valueName":"search_term_string"}}],"inLanguage":"de"}]}},"meta_box":{"awr_documentation":[],"awr_manuale":[],"awr_scheda_tecnica":"","awr_youtube_video":"","awr_classe_prodotto":"","awr_customize_product":"0","awr_custom_image":false,"awr_related_products":[{"awr_product_name":"Adattatore 1\/4\" - 5\/8\"","awr_product_references":"ean:8001066607389|ref:60738|pack:1"},{"awr_product_name":"Adattatore Rotante","awr_product_references":"ref:60815|ean:8001066608157|pack:1"}],"awr_consumabili":"","awr_alternativi":"","awr_aliases":"60738,60815","awr_skuid":"60815-it"},"_links":{"self":[{"href":"https:\/\/www.metrica.it\/de\/wp-json\/wp\/v2\/product\/143112","targetHints":{"allow":["GET"]}}],"collection":[{"href":"https:\/\/www.metrica.it\/de\/wp-json\/wp\/v2\/product"}],"about":[{"href":"https:\/\/www.metrica.it\/de\/wp-json\/wp\/v2\/types\/product"}],"wp:featuredmedia":[{"embeddable":true,"href":"https:\/\/www.metrica.it\/de\/wp-json\/wp\/v2\/media\/132849"}],"wp:attachment":[{"href":"https:\/\/www.metrica.it\/de\/wp-json\/wp\/v2\/media?parent=143112"}],"wp:term":[{"taxonomy":"product_cat","embeddable":true,"href":"https:\/\/www.metrica.it\/de\/wp-json\/wp\/v2\/product_cat?post=143112"},{"taxonomy":"product_tag","embeddable":true,"href":"https:\/\/www.metrica.it\/de\/wp-json\/wp\/v2\/product_tag?post=143112"}],"curies":[{"name":"wp","href":"https:\/\/api.w.org\/{rel}","templated":true}]}}