{"id":143212,"date":"2024-09-16T11:52:51","date_gmt":"2024-09-16T09:52:51","guid":{"rendered":"https:\/\/www.metrica.it\/prodotto\/starrer-kontrollmassstab-mit-und-ohne-abschragung\/"},"modified":"2024-09-16T20:40:07","modified_gmt":"2024-09-16T18:40:07","slug":"starrer-kontrollmassstab-mit-und-ohne-abschragung","status":"publish","type":"product","link":"https:\/\/www.metrica.it\/de\/produkt\/starrer-kontrollmassstab-mit-und-ohne-abschragung\/","title":{"rendered":"Starrer Kontrollmassstab, Mit Und Ohne Abschr\u00e4gung"},"content":{"rendered":"<ul>\n<li>Kontrollma\u00dfstab, starr<\/li>\n<li>Querschnitt 43 x 6 mm<\/li>\n<li>Rostfreier Stahl, geschliffen<\/li>\n<li>Gravierte und geschw\u00e4rzte Teilung<\/li>\n<li>Etwa 5 mm an beiden Enden ohne Teilung<\/li>\n<\/ul>\n","protected":false},"excerpt":{"rendered":"<p>Kontrollma\u00dfstab, starr<br \/>Querschnitt 43 x 6 mm<br \/>Rostfreier Stahl, geschliffen<br \/>Gravierte und geschw\u00e4rzte Teilung<br \/>Etwa 5 mm an beiden Enden ohne Teilung<\/p>\n","protected":false},"featured_media":121072,"template":"","meta":[],"product_cat":[50,610],"product_tag":[],"class_list":{"0":"post-143212","1":"product","2":"type-product","3":"status-publish","4":"has-post-thumbnail","6":"product_cat-laengenmessungen","7":"product_cat-masstabe-masbander-durchmessermassbander","9":"first","10":"instock","11":"sold-individually","12":"product-type-simple"},"yoast_head":"<title>Riga Rigida Di Controllo Graduata, Con Smusso E Senza Smusso | Ma\u00dfst\u00e4be - Ma\u00dfb\u00e4nder - Durchmessermassb\u00e4nder | L\u00e4ngenmessungen - Metrica<\/title>\n<meta name=\"description\" content=\"Entdecken Sie die Produktkollektion., Riga Rigida Di Controllo Graduata, Con Smusso E Senza Smusso - Ma\u00dfst\u00e4be - Ma\u00dfb\u00e4nder - Durchmessermassb\u00e4nder.Riga rigida di controllo,Sezione 4 . Schauen Sie sich den Katalog auf der offiziellen Metrica-Website an\" \/>\n<meta name=\"robots\" content=\"index, follow, max-snippet:-1, max-image-preview:large, max-video-preview:-1\" \/>\n<link rel=\"canonical\" href=\"https:\/\/www.metrica.it\/de\/produkt\/starrer-kontrollmassstab-mit-und-ohne-abschragung\/\" \/>\n<meta property=\"og:locale\" content=\"de_DE\" \/>\n<meta property=\"og:type\" content=\"article\" \/>\n<meta property=\"og:title\" content=\"Riga Rigida Di Controllo Graduata, Con Smusso E Senza Smusso | Ma\u00dfst\u00e4be - Ma\u00dfb\u00e4nder - Durchmessermassb\u00e4nder | L\u00e4ngenmessungen - Metrica\" \/>\n<meta property=\"og:description\" content=\"Entdecken Sie die Produktkollektion., Riga Rigida Di Controllo Graduata, Con Smusso E Senza Smusso - Ma\u00dfst\u00e4be - Ma\u00dfb\u00e4nder - Durchmessermassb\u00e4nder.Riga rigida di controllo,Sezione 4 . Schauen Sie sich den Katalog auf der offiziellen Metrica-Website an\" \/>\n<meta property=\"og:url\" content=\"https:\/\/www.metrica.it\/de\/produkt\/starrer-kontrollmassstab-mit-und-ohne-abschragung\/\" \/>\n<meta property=\"og:site_name\" content=\"Metrica\" \/>\n<meta property=\"article:modified_time\" content=\"2024-09-16T18:40:07+00:00\" \/>\n<meta property=\"og:image\" content=\"https:\/\/www.metrica.it\/wp-content\/uploads\/2024\/05\/25201.jpg\" \/>\n\t<meta property=\"og:image:width\" content=\"800\" \/>\n\t<meta property=\"og:image:height\" content=\"800\" \/>\n\t<meta property=\"og:image:type\" content=\"image\/jpeg\" \/>\n<meta name=\"twitter:card\" content=\"summary_large_image\" \/>\n<script type=\"application\/ld+json\" class=\"yoast-schema-graph\">{\"@context\":\"https:\\\/\\\/schema.org\",\"@graph\":[{\"@type\":\"WebPage\",\"@id\":\"https:\\\/\\\/www.metrica.it\\\/de\\\/produkt\\\/starrer-kontrollmassstab-mit-und-ohne-abschragung\\\/\",\"url\":\"https:\\\/\\\/www.metrica.it\\\/de\\\/produkt\\\/starrer-kontrollmassstab-mit-und-ohne-abschragung\\\/\",\"name\":\"Riga Rigida Di Controllo Graduata, Con Smusso E Senza Smusso | Ma\u00dfst\u00e4be - Ma\u00dfb\u00e4nder - Durchmessermassb\u00e4nder | L\u00e4ngenmessungen - Metrica\",\"isPartOf\":{\"@id\":\"https:\\\/\\\/www.metrica.it\\\/de\\\/#website\"},\"primaryImageOfPage\":{\"@id\":\"https:\\\/\\\/www.metrica.it\\\/de\\\/produkt\\\/starrer-kontrollmassstab-mit-und-ohne-abschragung\\\/#primaryimage\"},\"image\":{\"@id\":\"https:\\\/\\\/www.metrica.it\\\/de\\\/produkt\\\/starrer-kontrollmassstab-mit-und-ohne-abschragung\\\/#primaryimage\"},\"thumbnailUrl\":\"https:\\\/\\\/www.metrica.it\\\/wp-content\\\/uploads\\\/2024\\\/05\\\/25201.jpg\",\"datePublished\":\"2024-09-16T09:52:51+00:00\",\"dateModified\":\"2024-09-16T18:40:07+00:00\",\"description\":\"Entdecken Sie die Produktkollektion., Riga Rigida Di Controllo Graduata, Con Smusso E Senza Smusso - Ma\u00dfst\u00e4be - Ma\u00dfb\u00e4nder - Durchmessermassb\u00e4nder.Riga rigida di controllo,Sezione 4 . Schauen Sie sich den Katalog auf der offiziellen Metrica-Website an\",\"breadcrumb\":{\"@id\":\"https:\\\/\\\/www.metrica.it\\\/de\\\/produkt\\\/starrer-kontrollmassstab-mit-und-ohne-abschragung\\\/#breadcrumb\"},\"inLanguage\":\"de\",\"potentialAction\":[{\"@type\":\"ReadAction\",\"target\":[\"https:\\\/\\\/www.metrica.it\\\/de\\\/produkt\\\/starrer-kontrollmassstab-mit-und-ohne-abschragung\\\/\"]}]},{\"@type\":\"ImageObject\",\"inLanguage\":\"de\",\"@id\":\"https:\\\/\\\/www.metrica.it\\\/de\\\/produkt\\\/starrer-kontrollmassstab-mit-und-ohne-abschragung\\\/#primaryimage\",\"url\":\"https:\\\/\\\/www.metrica.it\\\/wp-content\\\/uploads\\\/2024\\\/05\\\/25201.jpg\",\"contentUrl\":\"https:\\\/\\\/www.metrica.it\\\/wp-content\\\/uploads\\\/2024\\\/05\\\/25201.jpg\",\"width\":800,\"height\":800},{\"@type\":\"BreadcrumbList\",\"@id\":\"https:\\\/\\\/www.metrica.it\\\/de\\\/produkt\\\/starrer-kontrollmassstab-mit-und-ohne-abschragung\\\/#breadcrumb\",\"itemListElement\":[{\"@type\":\"ListItem\",\"position\":1,\"name\":\"Home\",\"item\":\"https:\\\/\\\/www.metrica.it\\\/de\\\/\"},{\"@type\":\"ListItem\",\"position\":2,\"name\":\"Katalog\",\"item\":\"https:\\\/\\\/www.metrica.it\\\/de\\\/katalog\\\/\"},{\"@type\":\"ListItem\",\"position\":3,\"name\":\"Starrer Kontrollmassstab, Mit Und Ohne Abschr\u00e4gung\"}]},{\"@type\":\"WebSite\",\"@id\":\"https:\\\/\\\/www.metrica.it\\\/de\\\/#website\",\"url\":\"https:\\\/\\\/www.metrica.it\\\/de\\\/\",\"name\":\"Metrica\",\"description\":\"Made to measure\",\"potentialAction\":[{\"@type\":\"SearchAction\",\"target\":{\"@type\":\"EntryPoint\",\"urlTemplate\":\"https:\\\/\\\/www.metrica.it\\\/de\\\/?s={search_term_string}\"},\"query-input\":{\"@type\":\"PropertyValueSpecification\",\"valueRequired\":true,\"valueName\":\"search_term_string\"}}],\"inLanguage\":\"de\"}]}<\/script>","yoast_head_json":{"title":"Riga Rigida Di Controllo Graduata, Con Smusso E Senza Smusso | Ma\u00dfst\u00e4be - Ma\u00dfb\u00e4nder - Durchmessermassb\u00e4nder | L\u00e4ngenmessungen - Metrica","description":"Entdecken Sie die Produktkollektion., Riga Rigida Di Controllo Graduata, Con Smusso E Senza Smusso - Ma\u00dfst\u00e4be - Ma\u00dfb\u00e4nder - Durchmessermassb\u00e4nder.Riga rigida di controllo,Sezione 4 . Schauen Sie sich den Katalog auf der offiziellen Metrica-Website an","robots":{"index":"index","follow":"follow","max-snippet":"max-snippet:-1","max-image-preview":"max-image-preview:large","max-video-preview":"max-video-preview:-1"},"canonical":"https:\/\/www.metrica.it\/de\/produkt\/starrer-kontrollmassstab-mit-und-ohne-abschragung\/","og_locale":"de_DE","og_type":"article","og_title":"Riga Rigida Di Controllo Graduata, Con Smusso E Senza Smusso | Ma\u00dfst\u00e4be - Ma\u00dfb\u00e4nder - Durchmessermassb\u00e4nder | L\u00e4ngenmessungen - Metrica","og_description":"Entdecken Sie die Produktkollektion., Riga Rigida Di Controllo Graduata, Con Smusso E Senza Smusso - Ma\u00dfst\u00e4be - Ma\u00dfb\u00e4nder - Durchmessermassb\u00e4nder.Riga rigida di controllo,Sezione 4 . Schauen Sie sich den Katalog auf der offiziellen Metrica-Website an","og_url":"https:\/\/www.metrica.it\/de\/produkt\/starrer-kontrollmassstab-mit-und-ohne-abschragung\/","og_site_name":"Metrica","article_modified_time":"2024-09-16T18:40:07+00:00","og_image":[{"width":800,"height":800,"url":"https:\/\/www.metrica.it\/wp-content\/uploads\/2024\/05\/25201.jpg","type":"image\/jpeg"}],"twitter_card":"summary_large_image","schema":{"@context":"https:\/\/schema.org","@graph":[{"@type":"WebPage","@id":"https:\/\/www.metrica.it\/de\/produkt\/starrer-kontrollmassstab-mit-und-ohne-abschragung\/","url":"https:\/\/www.metrica.it\/de\/produkt\/starrer-kontrollmassstab-mit-und-ohne-abschragung\/","name":"Riga Rigida Di Controllo Graduata, Con Smusso E Senza Smusso | Ma\u00dfst\u00e4be - Ma\u00dfb\u00e4nder - Durchmessermassb\u00e4nder | L\u00e4ngenmessungen - Metrica","isPartOf":{"@id":"https:\/\/www.metrica.it\/de\/#website"},"primaryImageOfPage":{"@id":"https:\/\/www.metrica.it\/de\/produkt\/starrer-kontrollmassstab-mit-und-ohne-abschragung\/#primaryimage"},"image":{"@id":"https:\/\/www.metrica.it\/de\/produkt\/starrer-kontrollmassstab-mit-und-ohne-abschragung\/#primaryimage"},"thumbnailUrl":"https:\/\/www.metrica.it\/wp-content\/uploads\/2024\/05\/25201.jpg","datePublished":"2024-09-16T09:52:51+00:00","dateModified":"2024-09-16T18:40:07+00:00","description":"Entdecken Sie die Produktkollektion., Riga Rigida Di Controllo Graduata, Con Smusso E Senza Smusso - Ma\u00dfst\u00e4be - Ma\u00dfb\u00e4nder - Durchmessermassb\u00e4nder.Riga rigida di controllo,Sezione 4 . Schauen Sie sich den Katalog auf der offiziellen Metrica-Website an","breadcrumb":{"@id":"https:\/\/www.metrica.it\/de\/produkt\/starrer-kontrollmassstab-mit-und-ohne-abschragung\/#breadcrumb"},"inLanguage":"de","potentialAction":[{"@type":"ReadAction","target":["https:\/\/www.metrica.it\/de\/produkt\/starrer-kontrollmassstab-mit-und-ohne-abschragung\/"]}]},{"@type":"ImageObject","inLanguage":"de","@id":"https:\/\/www.metrica.it\/de\/produkt\/starrer-kontrollmassstab-mit-und-ohne-abschragung\/#primaryimage","url":"https:\/\/www.metrica.it\/wp-content\/uploads\/2024\/05\/25201.jpg","contentUrl":"https:\/\/www.metrica.it\/wp-content\/uploads\/2024\/05\/25201.jpg","width":800,"height":800},{"@type":"BreadcrumbList","@id":"https:\/\/www.metrica.it\/de\/produkt\/starrer-kontrollmassstab-mit-und-ohne-abschragung\/#breadcrumb","itemListElement":[{"@type":"ListItem","position":1,"name":"Home","item":"https:\/\/www.metrica.it\/de\/"},{"@type":"ListItem","position":2,"name":"Katalog","item":"https:\/\/www.metrica.it\/de\/katalog\/"},{"@type":"ListItem","position":3,"name":"Starrer Kontrollmassstab, Mit Und Ohne Abschr\u00e4gung"}]},{"@type":"WebSite","@id":"https:\/\/www.metrica.it\/de\/#website","url":"https:\/\/www.metrica.it\/de\/","name":"Metrica","description":"Made to measure","potentialAction":[{"@type":"SearchAction","target":{"@type":"EntryPoint","urlTemplate":"https:\/\/www.metrica.it\/de\/?s={search_term_string}"},"query-input":{"@type":"PropertyValueSpecification","valueRequired":true,"valueName":"search_term_string"}}],"inLanguage":"de"}]}},"meta_box":{"awr_documentation":[],"awr_manuale":[],"awr_scheda_tecnica":"","awr_youtube_video":"","awr_classe_prodotto":"","awr_customize_product":"0","awr_custom_image":false,"awr_related_products":[{"awr_product_name":"Riga Rigida Di Controllo Graduata, Con Smusso E Senza Smusso","awr_product_references":"ref:25201|ean:8001066252015|l_mm:500|unit_misura:mm|senza_smusso:x|con_smusso:-|pack:1"},{"awr_product_name":"Riga Rigida Di Controllo Graduata, Con Smusso E Senza Smusso","awr_product_references":"ref:25202|ean:8001066252022|l_mm:750|unit_misura:mm|senza_smusso:x|con_smusso:-|pack:1"},{"awr_product_name":"Riga Rigida Di Controllo Graduata, Con Smusso E Senza Smusso","awr_product_references":"ref:25203|ean:8001066252039|l_mm:1000|unit_misura:mm|senza_smusso:x|con_smusso:-|pack:1"},{"awr_product_name":"Riga Rigida Di Controllo Graduata, Con Smusso E Senza Smusso","awr_product_references":"ref:25204|ean:8001066252046|l_mm:1500|unit_misura:mm|senza_smusso:x|con_smusso:-|pack:1"},{"awr_product_name":"Riga Rigida Di Controllo Graduata, Con Smusso E Senza Smusso","awr_product_references":"ref:25205|ean:8001066252053|l_mm:2000|unit_misura:mm|senza_smusso:x|con_smusso:-|pack:1"},{"awr_product_name":"Riga Rigida Di Controllo Graduata, Con Smusso E Senza Smusso","awr_product_references":"ref:25221|ean:8001066252213|l_mm:500|unit_misura:mm|senza_smusso:-|con_smusso:x|pack:1"},{"awr_product_name":"Riga Rigida Di Controllo Graduata, Con Smusso E Senza Smusso","awr_product_references":"ref:25222|ean:8001066252220|l_mm:750|unit_misura:mm|senza_smusso:-|con_smusso:x|pack:1"},{"awr_product_name":"Riga Rigida Di Controllo Graduata, Con Smusso E Senza Smusso","awr_product_references":"ref:25223|ean:8001066252237|l_mm:1000|unit_misura:mm|senza_smusso:-|con_smusso:x|pack:1"},{"awr_product_name":"Riga Rigida Di Controllo Graduata, Con Smusso E Senza Smusso","awr_product_references":"ref:25224|ean:8001066252244|l_mm:1500|unit_misura:mm|senza_smusso:-|con_smusso:x|pack:1"},{"awr_product_name":"Riga Rigida Di Controllo Graduata, Con Smusso E Senza Smusso","awr_product_references":"ref:25225|ean:8001066252251|l_mm:2000|unit_misura:mm|senza_smusso:-|con_smusso:x|pack:1"}],"awr_consumabili":"","awr_alternativi":"","awr_aliases":"25201,25202,25203,25204,25205,25221,25222,25223,25224,25225","awr_skuid":"25201-it"},"_links":{"self":[{"href":"https:\/\/www.metrica.it\/de\/wp-json\/wp\/v2\/product\/143212","targetHints":{"allow":["GET"]}}],"collection":[{"href":"https:\/\/www.metrica.it\/de\/wp-json\/wp\/v2\/product"}],"about":[{"href":"https:\/\/www.metrica.it\/de\/wp-json\/wp\/v2\/types\/product"}],"wp:featuredmedia":[{"embeddable":true,"href":"https:\/\/www.metrica.it\/de\/wp-json\/wp\/v2\/media\/121072"}],"wp:attachment":[{"href":"https:\/\/www.metrica.it\/de\/wp-json\/wp\/v2\/media?parent=143212"}],"wp:term":[{"taxonomy":"product_cat","embeddable":true,"href":"https:\/\/www.metrica.it\/de\/wp-json\/wp\/v2\/product_cat?post=143212"},{"taxonomy":"product_tag","embeddable":true,"href":"https:\/\/www.metrica.it\/de\/wp-json\/wp\/v2\/product_tag?post=143212"}],"curies":[{"name":"wp","href":"https:\/\/api.w.org\/{rel}","templated":true}]}}