{"id":143303,"date":"2024-09-16T12:20:37","date_gmt":"2024-09-16T10:20:37","guid":{"rendered":"https:\/\/www.metrica.it\/prodotto\/ol-glasschneider\/"},"modified":"2024-09-16T21:09:22","modified_gmt":"2024-09-16T19:09:22","slug":"ol-glasschneider","status":"publish","type":"product","link":"https:\/\/www.metrica.it\/de\/produkt\/ol-glasschneider\/","title":{"rendered":"\u00d6l-glasschneider"},"content":{"rendered":"<ul>\n<li>Original Silberschnitt \u00d6l-Glasschneider (Mod. 4000.0)<\/li>\n<li>Breiter und drehbarer Schneidkopf<\/li>\n<li>Messing-Griff<\/li>\n<\/ul>\n","protected":false},"excerpt":{"rendered":"<p>Original Silberschnitt \u00d6l-Glasschneider (Mod. 4000.0)<br \/>Breiter und drehbarer Schneidkopf<br \/>Messing-Griff<\/p>\n","protected":false},"featured_media":119289,"template":"","meta":[],"product_cat":[698,674],"product_tag":[],"class_list":{"0":"post-143303","1":"product","2":"type-product","3":"status-publish","4":"has-post-thumbnail","6":"product_cat-massstabe-und-winkel-fur-glaser","7":"product_cat-schneiden","9":"first","10":"instock","11":"sold-individually","12":"product-type-simple"},"yoast_head":"<title>Tagliavetro Ad Olio | Massst\u00e4be Und Winkel F\u00fcr Glaser | Schneiden - Metrica<\/title>\n<meta name=\"description\" content=\"Entdecken Sie die Produktkollektion., Tagliavetro Ad Olio - Massst\u00e4be Und Winkel F\u00fcr Glaser.Tagliavetro ad olio originale Silberschnitt (mod. 4000.0),Testina di taglio larga e girevol . Schauen Sie sich den Katalog auf der offiziellen Metrica-Website an\" \/>\n<meta name=\"robots\" content=\"index, follow, max-snippet:-1, max-image-preview:large, max-video-preview:-1\" \/>\n<link rel=\"canonical\" href=\"https:\/\/www.metrica.it\/de\/produkt\/ol-glasschneider\/\" \/>\n<meta property=\"og:locale\" content=\"de_DE\" \/>\n<meta property=\"og:type\" content=\"article\" \/>\n<meta property=\"og:title\" content=\"Tagliavetro Ad Olio | Massst\u00e4be Und Winkel F\u00fcr Glaser | Schneiden - Metrica\" \/>\n<meta property=\"og:description\" content=\"Entdecken Sie die Produktkollektion., Tagliavetro Ad Olio - Massst\u00e4be Und Winkel F\u00fcr Glaser.Tagliavetro ad olio originale Silberschnitt (mod. 4000.0),Testina di taglio larga e girevol . Schauen Sie sich den Katalog auf der offiziellen Metrica-Website an\" \/>\n<meta property=\"og:url\" content=\"https:\/\/www.metrica.it\/de\/produkt\/ol-glasschneider\/\" \/>\n<meta property=\"og:site_name\" content=\"Metrica\" \/>\n<meta property=\"article:modified_time\" content=\"2024-09-16T19:09:22+00:00\" \/>\n<meta property=\"og:image\" content=\"https:\/\/www.metrica.it\/wp-content\/uploads\/2024\/05\/50505.jpg\" \/>\n\t<meta property=\"og:image:width\" content=\"800\" \/>\n\t<meta property=\"og:image:height\" content=\"800\" \/>\n\t<meta property=\"og:image:type\" content=\"image\/jpeg\" \/>\n<meta name=\"twitter:card\" content=\"summary_large_image\" \/>\n<script type=\"application\/ld+json\" class=\"yoast-schema-graph\">{\"@context\":\"https:\\\/\\\/schema.org\",\"@graph\":[{\"@type\":\"WebPage\",\"@id\":\"https:\\\/\\\/www.metrica.it\\\/de\\\/produkt\\\/ol-glasschneider\\\/\",\"url\":\"https:\\\/\\\/www.metrica.it\\\/de\\\/produkt\\\/ol-glasschneider\\\/\",\"name\":\"Tagliavetro Ad Olio | Massst\u00e4be Und Winkel F\u00fcr Glaser | Schneiden - Metrica\",\"isPartOf\":{\"@id\":\"https:\\\/\\\/www.metrica.it\\\/de\\\/#website\"},\"primaryImageOfPage\":{\"@id\":\"https:\\\/\\\/www.metrica.it\\\/de\\\/produkt\\\/ol-glasschneider\\\/#primaryimage\"},\"image\":{\"@id\":\"https:\\\/\\\/www.metrica.it\\\/de\\\/produkt\\\/ol-glasschneider\\\/#primaryimage\"},\"thumbnailUrl\":\"https:\\\/\\\/www.metrica.it\\\/wp-content\\\/uploads\\\/2024\\\/05\\\/50505.jpg\",\"datePublished\":\"2024-09-16T10:20:37+00:00\",\"dateModified\":\"2024-09-16T19:09:22+00:00\",\"description\":\"Entdecken Sie die Produktkollektion., Tagliavetro Ad Olio - Massst\u00e4be Und Winkel F\u00fcr Glaser.Tagliavetro ad olio originale Silberschnitt (mod. 4000.0),Testina di taglio larga e girevol . Schauen Sie sich den Katalog auf der offiziellen Metrica-Website an\",\"breadcrumb\":{\"@id\":\"https:\\\/\\\/www.metrica.it\\\/de\\\/produkt\\\/ol-glasschneider\\\/#breadcrumb\"},\"inLanguage\":\"de\",\"potentialAction\":[{\"@type\":\"ReadAction\",\"target\":[\"https:\\\/\\\/www.metrica.it\\\/de\\\/produkt\\\/ol-glasschneider\\\/\"]}]},{\"@type\":\"ImageObject\",\"inLanguage\":\"de\",\"@id\":\"https:\\\/\\\/www.metrica.it\\\/de\\\/produkt\\\/ol-glasschneider\\\/#primaryimage\",\"url\":\"https:\\\/\\\/www.metrica.it\\\/wp-content\\\/uploads\\\/2024\\\/05\\\/50505.jpg\",\"contentUrl\":\"https:\\\/\\\/www.metrica.it\\\/wp-content\\\/uploads\\\/2024\\\/05\\\/50505.jpg\",\"width\":800,\"height\":800},{\"@type\":\"BreadcrumbList\",\"@id\":\"https:\\\/\\\/www.metrica.it\\\/de\\\/produkt\\\/ol-glasschneider\\\/#breadcrumb\",\"itemListElement\":[{\"@type\":\"ListItem\",\"position\":1,\"name\":\"Home\",\"item\":\"https:\\\/\\\/www.metrica.it\\\/de\\\/\"},{\"@type\":\"ListItem\",\"position\":2,\"name\":\"Katalog\",\"item\":\"https:\\\/\\\/www.metrica.it\\\/de\\\/katalog\\\/\"},{\"@type\":\"ListItem\",\"position\":3,\"name\":\"\u00d6l-glasschneider\"}]},{\"@type\":\"WebSite\",\"@id\":\"https:\\\/\\\/www.metrica.it\\\/de\\\/#website\",\"url\":\"https:\\\/\\\/www.metrica.it\\\/de\\\/\",\"name\":\"Metrica\",\"description\":\"Made to measure\",\"potentialAction\":[{\"@type\":\"SearchAction\",\"target\":{\"@type\":\"EntryPoint\",\"urlTemplate\":\"https:\\\/\\\/www.metrica.it\\\/de\\\/?s={search_term_string}\"},\"query-input\":{\"@type\":\"PropertyValueSpecification\",\"valueRequired\":true,\"valueName\":\"search_term_string\"}}],\"inLanguage\":\"de\"}]}<\/script>","yoast_head_json":{"title":"Tagliavetro Ad Olio | Massst\u00e4be Und Winkel F\u00fcr Glaser | Schneiden - Metrica","description":"Entdecken Sie die Produktkollektion., Tagliavetro Ad Olio - Massst\u00e4be Und Winkel F\u00fcr Glaser.Tagliavetro ad olio originale Silberschnitt (mod. 4000.0),Testina di taglio larga e girevol . Schauen Sie sich den Katalog auf der offiziellen Metrica-Website an","robots":{"index":"index","follow":"follow","max-snippet":"max-snippet:-1","max-image-preview":"max-image-preview:large","max-video-preview":"max-video-preview:-1"},"canonical":"https:\/\/www.metrica.it\/de\/produkt\/ol-glasschneider\/","og_locale":"de_DE","og_type":"article","og_title":"Tagliavetro Ad Olio | Massst\u00e4be Und Winkel F\u00fcr Glaser | Schneiden - Metrica","og_description":"Entdecken Sie die Produktkollektion., Tagliavetro Ad Olio - Massst\u00e4be Und Winkel F\u00fcr Glaser.Tagliavetro ad olio originale Silberschnitt (mod. 4000.0),Testina di taglio larga e girevol . Schauen Sie sich den Katalog auf der offiziellen Metrica-Website an","og_url":"https:\/\/www.metrica.it\/de\/produkt\/ol-glasschneider\/","og_site_name":"Metrica","article_modified_time":"2024-09-16T19:09:22+00:00","og_image":[{"width":800,"height":800,"url":"https:\/\/www.metrica.it\/wp-content\/uploads\/2024\/05\/50505.jpg","type":"image\/jpeg"}],"twitter_card":"summary_large_image","schema":{"@context":"https:\/\/schema.org","@graph":[{"@type":"WebPage","@id":"https:\/\/www.metrica.it\/de\/produkt\/ol-glasschneider\/","url":"https:\/\/www.metrica.it\/de\/produkt\/ol-glasschneider\/","name":"Tagliavetro Ad Olio | Massst\u00e4be Und Winkel F\u00fcr Glaser | Schneiden - Metrica","isPartOf":{"@id":"https:\/\/www.metrica.it\/de\/#website"},"primaryImageOfPage":{"@id":"https:\/\/www.metrica.it\/de\/produkt\/ol-glasschneider\/#primaryimage"},"image":{"@id":"https:\/\/www.metrica.it\/de\/produkt\/ol-glasschneider\/#primaryimage"},"thumbnailUrl":"https:\/\/www.metrica.it\/wp-content\/uploads\/2024\/05\/50505.jpg","datePublished":"2024-09-16T10:20:37+00:00","dateModified":"2024-09-16T19:09:22+00:00","description":"Entdecken Sie die Produktkollektion., Tagliavetro Ad Olio - Massst\u00e4be Und Winkel F\u00fcr Glaser.Tagliavetro ad olio originale Silberschnitt (mod. 4000.0),Testina di taglio larga e girevol . Schauen Sie sich den Katalog auf der offiziellen Metrica-Website an","breadcrumb":{"@id":"https:\/\/www.metrica.it\/de\/produkt\/ol-glasschneider\/#breadcrumb"},"inLanguage":"de","potentialAction":[{"@type":"ReadAction","target":["https:\/\/www.metrica.it\/de\/produkt\/ol-glasschneider\/"]}]},{"@type":"ImageObject","inLanguage":"de","@id":"https:\/\/www.metrica.it\/de\/produkt\/ol-glasschneider\/#primaryimage","url":"https:\/\/www.metrica.it\/wp-content\/uploads\/2024\/05\/50505.jpg","contentUrl":"https:\/\/www.metrica.it\/wp-content\/uploads\/2024\/05\/50505.jpg","width":800,"height":800},{"@type":"BreadcrumbList","@id":"https:\/\/www.metrica.it\/de\/produkt\/ol-glasschneider\/#breadcrumb","itemListElement":[{"@type":"ListItem","position":1,"name":"Home","item":"https:\/\/www.metrica.it\/de\/"},{"@type":"ListItem","position":2,"name":"Katalog","item":"https:\/\/www.metrica.it\/de\/katalog\/"},{"@type":"ListItem","position":3,"name":"\u00d6l-glasschneider"}]},{"@type":"WebSite","@id":"https:\/\/www.metrica.it\/de\/#website","url":"https:\/\/www.metrica.it\/de\/","name":"Metrica","description":"Made to measure","potentialAction":[{"@type":"SearchAction","target":{"@type":"EntryPoint","urlTemplate":"https:\/\/www.metrica.it\/de\/?s={search_term_string}"},"query-input":{"@type":"PropertyValueSpecification","valueRequired":true,"valueName":"search_term_string"}}],"inLanguage":"de"}]}},"meta_box":{"awr_documentation":[],"awr_manuale":[],"awr_scheda_tecnica":"","awr_youtube_video":"","awr_classe_prodotto":"","awr_customize_product":"0","awr_custom_image":false,"awr_related_products":[{"awr_product_name":"Tagliavetro Ad Olio","awr_product_references":"ref:00505|ean:8001066005055|num_pz_gdo:10"},{"awr_product_name":"Tagliavetro Ad Olio","awr_product_references":"ref:50505|ean:8001066505050|pack:10"},{"awr_product_name":"Ricambi Testina Larga Di Ricambio Mod. 4010.0 - 1 Pezzo","awr_product_references":"ref:50508|ean:8001066505081|pack:1"}],"awr_consumabili":"","awr_alternativi":"","awr_aliases":"00505,50505,50508","awr_skuid":"50505-it"},"_links":{"self":[{"href":"https:\/\/www.metrica.it\/de\/wp-json\/wp\/v2\/product\/143303","targetHints":{"allow":["GET"]}}],"collection":[{"href":"https:\/\/www.metrica.it\/de\/wp-json\/wp\/v2\/product"}],"about":[{"href":"https:\/\/www.metrica.it\/de\/wp-json\/wp\/v2\/types\/product"}],"wp:featuredmedia":[{"embeddable":true,"href":"https:\/\/www.metrica.it\/de\/wp-json\/wp\/v2\/media\/119289"}],"wp:attachment":[{"href":"https:\/\/www.metrica.it\/de\/wp-json\/wp\/v2\/media?parent=143303"}],"wp:term":[{"taxonomy":"product_cat","embeddable":true,"href":"https:\/\/www.metrica.it\/de\/wp-json\/wp\/v2\/product_cat?post=143303"},{"taxonomy":"product_tag","embeddable":true,"href":"https:\/\/www.metrica.it\/de\/wp-json\/wp\/v2\/product_tag?post=143303"}],"curies":[{"name":"wp","href":"https:\/\/api.w.org\/{rel}","templated":true}]}}