{"id":143349,"date":"2024-09-16T11:42:58","date_gmt":"2024-09-16T09:42:58","guid":{"rendered":"https:\/\/www.metrica.it\/prodotto\/tratto-marker-alkohol\/"},"modified":"2024-09-16T20:32:45","modified_gmt":"2024-09-16T18:32:45","slug":"tratto-marker-alkohol","status":"publish","type":"product","link":"https:\/\/www.metrica.it\/de\/produkt\/tratto-marker-alkohol\/","title":{"rendered":"Tratto Marker Alkohol"},"content":{"rendered":"<ul>\n<li>Original Marker Fila<\/li>\n<li>Unausl\u00f6schliche Alkohol-Tinte f\u00fcr alle Oberfl \u00e4chen<\/li>\n<li>Plastik-Geh\u00e4use<\/li>\n<li>Mei\u00dfel-Spitze<\/li>\n<li>20 St\u00fcck pro Verpackung<\/li>\n<\/ul>\n","protected":false},"excerpt":{"rendered":"<p>Original Marker Fila<br \/>Unausl\u00f6schliche Alkohol-Tinte f\u00fcr alle Oberfl \u00e4chen<br \/>Plastik-Geh\u00e4use<br \/>Mei\u00dfel-Spitze<br \/>20 St\u00fcck pro Verpackung<\/p>\n","protected":false},"featured_media":129244,"template":"","meta":[],"product_cat":[702,718],"product_tag":[],"class_list":{"0":"post-143349","1":"product","2":"type-product","3":"status-publish","4":"has-post-thumbnail","6":"product_cat-anreisen-und-markieren","7":"product_cat-spruhmarker-und-markierer","9":"first","10":"instock","11":"sold-individually","12":"product-type-simple"},"yoast_head":"<title>Tratto Marker Ad Alcool | Spr\u00fchmarker und Markierer | Anrei\u00dfen und Markieren - Metrica<\/title>\n<meta name=\"description\" content=\"Entdecken Sie die Produktkollektion., Tratto Marker Ad Alcool - Spr\u00fchmarker und Markierer.Tratto marker originali Fila,Inchiostro permanente a base d&amp;apos;alcool per tutte le super . Schauen Sie sich den Katalog auf der offiziellen Metrica-Website an\" \/>\n<meta name=\"robots\" content=\"index, follow, max-snippet:-1, max-image-preview:large, max-video-preview:-1\" \/>\n<link rel=\"canonical\" href=\"https:\/\/www.metrica.it\/de\/produkt\/tratto-marker-alkohol\/\" \/>\n<meta property=\"og:locale\" content=\"de_DE\" \/>\n<meta property=\"og:type\" content=\"article\" \/>\n<meta property=\"og:title\" content=\"Tratto Marker Ad Alcool | Spr\u00fchmarker und Markierer | Anrei\u00dfen und Markieren - Metrica\" \/>\n<meta property=\"og:description\" content=\"Entdecken Sie die Produktkollektion., Tratto Marker Ad Alcool - Spr\u00fchmarker und Markierer.Tratto marker originali Fila,Inchiostro permanente a base d&amp;apos;alcool per tutte le super . Schauen Sie sich den Katalog auf der offiziellen Metrica-Website an\" \/>\n<meta property=\"og:url\" content=\"https:\/\/www.metrica.it\/de\/produkt\/tratto-marker-alkohol\/\" \/>\n<meta property=\"og:site_name\" content=\"Metrica\" \/>\n<meta property=\"article:modified_time\" content=\"2024-09-16T18:32:45+00:00\" \/>\n<meta property=\"og:image\" content=\"https:\/\/www.metrica.it\/wp-content\/uploads\/2024\/06\/50011.jpg\" \/>\n\t<meta property=\"og:image:width\" content=\"800\" \/>\n\t<meta property=\"og:image:height\" content=\"800\" \/>\n\t<meta property=\"og:image:type\" content=\"image\/jpeg\" \/>\n<meta name=\"twitter:card\" content=\"summary_large_image\" \/>\n<script type=\"application\/ld+json\" class=\"yoast-schema-graph\">{\"@context\":\"https:\\\/\\\/schema.org\",\"@graph\":[{\"@type\":\"WebPage\",\"@id\":\"https:\\\/\\\/www.metrica.it\\\/de\\\/produkt\\\/tratto-marker-alkohol\\\/\",\"url\":\"https:\\\/\\\/www.metrica.it\\\/de\\\/produkt\\\/tratto-marker-alkohol\\\/\",\"name\":\"Tratto Marker Ad Alcool | Spr\u00fchmarker und Markierer | Anrei\u00dfen und Markieren - Metrica\",\"isPartOf\":{\"@id\":\"https:\\\/\\\/www.metrica.it\\\/de\\\/#website\"},\"primaryImageOfPage\":{\"@id\":\"https:\\\/\\\/www.metrica.it\\\/de\\\/produkt\\\/tratto-marker-alkohol\\\/#primaryimage\"},\"image\":{\"@id\":\"https:\\\/\\\/www.metrica.it\\\/de\\\/produkt\\\/tratto-marker-alkohol\\\/#primaryimage\"},\"thumbnailUrl\":\"https:\\\/\\\/www.metrica.it\\\/wp-content\\\/uploads\\\/2024\\\/06\\\/50011.jpg\",\"datePublished\":\"2024-09-16T09:42:58+00:00\",\"dateModified\":\"2024-09-16T18:32:45+00:00\",\"description\":\"Entdecken Sie die Produktkollektion., Tratto Marker Ad Alcool - Spr\u00fchmarker und Markierer.Tratto marker originali Fila,Inchiostro permanente a base d&apos;alcool per tutte le super . Schauen Sie sich den Katalog auf der offiziellen Metrica-Website an\",\"breadcrumb\":{\"@id\":\"https:\\\/\\\/www.metrica.it\\\/de\\\/produkt\\\/tratto-marker-alkohol\\\/#breadcrumb\"},\"inLanguage\":\"de\",\"potentialAction\":[{\"@type\":\"ReadAction\",\"target\":[\"https:\\\/\\\/www.metrica.it\\\/de\\\/produkt\\\/tratto-marker-alkohol\\\/\"]}]},{\"@type\":\"ImageObject\",\"inLanguage\":\"de\",\"@id\":\"https:\\\/\\\/www.metrica.it\\\/de\\\/produkt\\\/tratto-marker-alkohol\\\/#primaryimage\",\"url\":\"https:\\\/\\\/www.metrica.it\\\/wp-content\\\/uploads\\\/2024\\\/06\\\/50011.jpg\",\"contentUrl\":\"https:\\\/\\\/www.metrica.it\\\/wp-content\\\/uploads\\\/2024\\\/06\\\/50011.jpg\",\"width\":800,\"height\":800},{\"@type\":\"BreadcrumbList\",\"@id\":\"https:\\\/\\\/www.metrica.it\\\/de\\\/produkt\\\/tratto-marker-alkohol\\\/#breadcrumb\",\"itemListElement\":[{\"@type\":\"ListItem\",\"position\":1,\"name\":\"Home\",\"item\":\"https:\\\/\\\/www.metrica.it\\\/de\\\/\"},{\"@type\":\"ListItem\",\"position\":2,\"name\":\"Katalog\",\"item\":\"https:\\\/\\\/www.metrica.it\\\/de\\\/katalog\\\/\"},{\"@type\":\"ListItem\",\"position\":3,\"name\":\"Tratto Marker Alkohol\"}]},{\"@type\":\"WebSite\",\"@id\":\"https:\\\/\\\/www.metrica.it\\\/de\\\/#website\",\"url\":\"https:\\\/\\\/www.metrica.it\\\/de\\\/\",\"name\":\"Metrica\",\"description\":\"Made to measure\",\"potentialAction\":[{\"@type\":\"SearchAction\",\"target\":{\"@type\":\"EntryPoint\",\"urlTemplate\":\"https:\\\/\\\/www.metrica.it\\\/de\\\/?s={search_term_string}\"},\"query-input\":{\"@type\":\"PropertyValueSpecification\",\"valueRequired\":true,\"valueName\":\"search_term_string\"}}],\"inLanguage\":\"de\"}]}<\/script>","yoast_head_json":{"title":"Tratto Marker Ad Alcool | Spr\u00fchmarker und Markierer | Anrei\u00dfen und Markieren - Metrica","description":"Entdecken Sie die Produktkollektion., Tratto Marker Ad Alcool - Spr\u00fchmarker und Markierer.Tratto marker originali Fila,Inchiostro permanente a base d&apos;alcool per tutte le super . Schauen Sie sich den Katalog auf der offiziellen Metrica-Website an","robots":{"index":"index","follow":"follow","max-snippet":"max-snippet:-1","max-image-preview":"max-image-preview:large","max-video-preview":"max-video-preview:-1"},"canonical":"https:\/\/www.metrica.it\/de\/produkt\/tratto-marker-alkohol\/","og_locale":"de_DE","og_type":"article","og_title":"Tratto Marker Ad Alcool | Spr\u00fchmarker und Markierer | Anrei\u00dfen und Markieren - Metrica","og_description":"Entdecken Sie die Produktkollektion., Tratto Marker Ad Alcool - Spr\u00fchmarker und Markierer.Tratto marker originali Fila,Inchiostro permanente a base d&apos;alcool per tutte le super . Schauen Sie sich den Katalog auf der offiziellen Metrica-Website an","og_url":"https:\/\/www.metrica.it\/de\/produkt\/tratto-marker-alkohol\/","og_site_name":"Metrica","article_modified_time":"2024-09-16T18:32:45+00:00","og_image":[{"width":800,"height":800,"url":"https:\/\/www.metrica.it\/wp-content\/uploads\/2024\/06\/50011.jpg","type":"image\/jpeg"}],"twitter_card":"summary_large_image","schema":{"@context":"https:\/\/schema.org","@graph":[{"@type":"WebPage","@id":"https:\/\/www.metrica.it\/de\/produkt\/tratto-marker-alkohol\/","url":"https:\/\/www.metrica.it\/de\/produkt\/tratto-marker-alkohol\/","name":"Tratto Marker Ad Alcool | Spr\u00fchmarker und Markierer | Anrei\u00dfen und Markieren - Metrica","isPartOf":{"@id":"https:\/\/www.metrica.it\/de\/#website"},"primaryImageOfPage":{"@id":"https:\/\/www.metrica.it\/de\/produkt\/tratto-marker-alkohol\/#primaryimage"},"image":{"@id":"https:\/\/www.metrica.it\/de\/produkt\/tratto-marker-alkohol\/#primaryimage"},"thumbnailUrl":"https:\/\/www.metrica.it\/wp-content\/uploads\/2024\/06\/50011.jpg","datePublished":"2024-09-16T09:42:58+00:00","dateModified":"2024-09-16T18:32:45+00:00","description":"Entdecken Sie die Produktkollektion., Tratto Marker Ad Alcool - Spr\u00fchmarker und Markierer.Tratto marker originali Fila,Inchiostro permanente a base d&apos;alcool per tutte le super . Schauen Sie sich den Katalog auf der offiziellen Metrica-Website an","breadcrumb":{"@id":"https:\/\/www.metrica.it\/de\/produkt\/tratto-marker-alkohol\/#breadcrumb"},"inLanguage":"de","potentialAction":[{"@type":"ReadAction","target":["https:\/\/www.metrica.it\/de\/produkt\/tratto-marker-alkohol\/"]}]},{"@type":"ImageObject","inLanguage":"de","@id":"https:\/\/www.metrica.it\/de\/produkt\/tratto-marker-alkohol\/#primaryimage","url":"https:\/\/www.metrica.it\/wp-content\/uploads\/2024\/06\/50011.jpg","contentUrl":"https:\/\/www.metrica.it\/wp-content\/uploads\/2024\/06\/50011.jpg","width":800,"height":800},{"@type":"BreadcrumbList","@id":"https:\/\/www.metrica.it\/de\/produkt\/tratto-marker-alkohol\/#breadcrumb","itemListElement":[{"@type":"ListItem","position":1,"name":"Home","item":"https:\/\/www.metrica.it\/de\/"},{"@type":"ListItem","position":2,"name":"Katalog","item":"https:\/\/www.metrica.it\/de\/katalog\/"},{"@type":"ListItem","position":3,"name":"Tratto Marker Alkohol"}]},{"@type":"WebSite","@id":"https:\/\/www.metrica.it\/de\/#website","url":"https:\/\/www.metrica.it\/de\/","name":"Metrica","description":"Made to measure","potentialAction":[{"@type":"SearchAction","target":{"@type":"EntryPoint","urlTemplate":"https:\/\/www.metrica.it\/de\/?s={search_term_string}"},"query-input":{"@type":"PropertyValueSpecification","valueRequired":true,"valueName":"search_term_string"}}],"inLanguage":"de"}]}},"meta_box":{"awr_documentation":[],"awr_manuale":[],"awr_scheda_tecnica":"","awr_youtube_video":"","awr_classe_prodotto":"","awr_customize_product":"0","awr_custom_image":false,"awr_related_products":[{"awr_product_name":"Tratto Marker Ad Alcool","awr_product_references":"ref:50011|ean:8001066500116|:<img src=\"\/media\/tabelle\/punta_scalpello.png\"\/>|:<img src=\"\/media\/tabelle\/colore_blu.png\"\/>|pack:1"},{"awr_product_name":"Tratto Marker Ad Alcool","awr_product_references":"ref:50012|ean:8001066500123|:<img src=\"\/media\/tabelle\/punta_scalpello.png\"\/>|:<img src=\"\/media\/tabelle\/colore_rosso.png\"\/>|pack:1"},{"awr_product_name":"Tratto Marker Ad Alcool","awr_product_references":"ref:50013|ean:8001066500130|:<img src=\"\/media\/tabelle\/punta_scalpello.png\"\/>|:<img src=\"\/media\/tabelle\/colore_nero.png\"\/>|pack:1"},{"awr_product_name":"Tratto Marker Ad Alcool","awr_product_references":"ref:50014|ean:8001066500147|:<img src=\"\/media\/tabelle\/punta_scalpello.png\"\/>|:<img src=\"\/media\/tabelle\/colore_verde.png\"\/>|pack:1"},{"awr_product_name":"Tratto Marker Ad Alcool","awr_product_references":"ref:50016|ean:8001066500161|:<img src=\"\/media\/tabelle\/punta_scalpello.png\"\/>|:<img src=\"\/media\/tabelle\/colore_marrone.png\"\/>|pack:1"}],"awr_consumabili":"","awr_alternativi":"","awr_aliases":"50011,50012,50013,50014,50016","awr_skuid":"50011-it"},"_links":{"self":[{"href":"https:\/\/www.metrica.it\/de\/wp-json\/wp\/v2\/product\/143349","targetHints":{"allow":["GET"]}}],"collection":[{"href":"https:\/\/www.metrica.it\/de\/wp-json\/wp\/v2\/product"}],"about":[{"href":"https:\/\/www.metrica.it\/de\/wp-json\/wp\/v2\/types\/product"}],"wp:featuredmedia":[{"embeddable":true,"href":"https:\/\/www.metrica.it\/de\/wp-json\/wp\/v2\/media\/129244"}],"wp:attachment":[{"href":"https:\/\/www.metrica.it\/de\/wp-json\/wp\/v2\/media?parent=143349"}],"wp:term":[{"taxonomy":"product_cat","embeddable":true,"href":"https:\/\/www.metrica.it\/de\/wp-json\/wp\/v2\/product_cat?post=143349"},{"taxonomy":"product_tag","embeddable":true,"href":"https:\/\/www.metrica.it\/de\/wp-json\/wp\/v2\/product_tag?post=143349"}],"curies":[{"name":"wp","href":"https:\/\/api.w.org\/{rel}","templated":true}]}}