{"id":143439,"date":"2024-09-16T11:33:16","date_gmt":"2024-09-16T09:33:16","guid":{"rendered":"https:\/\/www.metrica.it\/prodotto\/2-meter-typ-buchenholz-3-mm-starke-innenfedern\/"},"modified":"2025-06-18T16:38:07","modified_gmt":"2025-06-18T14:38:07","slug":"2-meter-typ-buchenholz-3-mm-starke-innenfedern","status":"publish","type":"product","link":"https:\/\/www.metrica.it\/de\/produkt\/2-meter-typ-buchenholz-3-mm-starke-innenfedern\/","title":{"rendered":"2 Meter &#8211; Typ Buchenholz &#8211; 3 Mm St\u00e4rke &#8211; Innenfedern"},"content":{"rendered":"<ul>\n<li>Buchenholz-Art<\/li>\n<li>Innenfedern aus geh\u00e4rtetem Stahl &#8211; Einrasten bei 90\u00b0<\/li>\n<li>Duplex-Teilung<\/li>\n<li>Gliederst\u00e4rke 3 mm<\/li>\n<li>Starr bis 2m horizontal und vertikal<\/li>\n<\/ul>\n","protected":false},"excerpt":{"rendered":"<p>Buchenholz-Art<br \/>\nInnenfedern aus geh\u00e4rtetem Stahl &#8211; Einrasten bei 90\u00b0<br \/>\nDuplex-Teilung<br \/>\nGliederst\u00e4rke 3 mm<br \/>\nStarr bis 2m horizontal und vertikal<\/p>\n","protected":false},"featured_media":122837,"template":"","meta":[],"product_cat":[594,50],"product_tag":[],"class_list":{"0":"post-143439","1":"product","2":"type-product","3":"status-publish","4":"has-post-thumbnail","6":"product_cat-gliedermassstabe-schneidermassstabe","7":"product_cat-laengenmessungen","9":"first","10":"instock","11":"sold-individually","12":"product-type-simple"},"yoast_head":"<title>2 Metri - Tipo Bosso Semigigante - Spessore 3 Mm - Molle Interne | Gliedermassst\u00e4be - Schneidermassst\u00e4be | L\u00e4ngenmessungen - Metrica<\/title>\n<meta name=\"description\" content=\"Entdecken Sie die Produktkollektion., 2 Metri - Tipo Bosso Semigigante - Spessore 3 Mm - Molle Interne - Gliedermassst\u00e4be - Schneidermassst\u00e4be.Tipo bosso semigigante,Molle interne in . Schauen Sie sich den Katalog auf der offiziellen Metrica-Website an\" \/>\n<meta name=\"robots\" content=\"index, follow, max-snippet:-1, max-image-preview:large, max-video-preview:-1\" \/>\n<link rel=\"canonical\" href=\"https:\/\/www.metrica.it\/de\/produkt\/2-meter-typ-buchenholz-3-mm-starke-innenfedern\/\" \/>\n<meta property=\"og:locale\" content=\"de_DE\" \/>\n<meta property=\"og:type\" content=\"article\" \/>\n<meta property=\"og:title\" content=\"2 Metri - Tipo Bosso Semigigante - Spessore 3 Mm - Molle Interne | Gliedermassst\u00e4be - Schneidermassst\u00e4be | L\u00e4ngenmessungen - Metrica\" \/>\n<meta property=\"og:description\" content=\"Entdecken Sie die Produktkollektion., 2 Metri - Tipo Bosso Semigigante - Spessore 3 Mm - Molle Interne - Gliedermassst\u00e4be - Schneidermassst\u00e4be.Tipo bosso semigigante,Molle interne in . Schauen Sie sich den Katalog auf der offiziellen Metrica-Website an\" \/>\n<meta property=\"og:url\" content=\"https:\/\/www.metrica.it\/de\/produkt\/2-meter-typ-buchenholz-3-mm-starke-innenfedern\/\" \/>\n<meta property=\"og:site_name\" content=\"Metrica\" \/>\n<meta property=\"article:modified_time\" content=\"2025-06-18T14:38:07+00:00\" \/>\n<meta property=\"og:image\" content=\"https:\/\/www.metrica.it\/wp-content\/uploads\/2024\/05\/23080_1.jpg\" \/>\n\t<meta property=\"og:image:width\" content=\"800\" \/>\n\t<meta property=\"og:image:height\" content=\"800\" \/>\n\t<meta property=\"og:image:type\" content=\"image\/jpeg\" \/>\n<meta name=\"twitter:card\" content=\"summary_large_image\" \/>\n<meta name=\"twitter:label1\" content=\"Gesch\u00e4tzte Lesezeit\" \/>\n\t<meta name=\"twitter:data1\" content=\"1\u00a0Minute\" \/>\n<script type=\"application\/ld+json\" class=\"yoast-schema-graph\">{\"@context\":\"https:\\\/\\\/schema.org\",\"@graph\":[{\"@type\":\"WebPage\",\"@id\":\"https:\\\/\\\/www.metrica.it\\\/de\\\/produkt\\\/2-meter-typ-buchenholz-3-mm-starke-innenfedern\\\/\",\"url\":\"https:\\\/\\\/www.metrica.it\\\/de\\\/produkt\\\/2-meter-typ-buchenholz-3-mm-starke-innenfedern\\\/\",\"name\":\"2 Metri - Tipo Bosso Semigigante - Spessore 3 Mm - Molle Interne | Gliedermassst\u00e4be - Schneidermassst\u00e4be | L\u00e4ngenmessungen - Metrica\",\"isPartOf\":{\"@id\":\"https:\\\/\\\/www.metrica.it\\\/de\\\/#website\"},\"primaryImageOfPage\":{\"@id\":\"https:\\\/\\\/www.metrica.it\\\/de\\\/produkt\\\/2-meter-typ-buchenholz-3-mm-starke-innenfedern\\\/#primaryimage\"},\"image\":{\"@id\":\"https:\\\/\\\/www.metrica.it\\\/de\\\/produkt\\\/2-meter-typ-buchenholz-3-mm-starke-innenfedern\\\/#primaryimage\"},\"thumbnailUrl\":\"https:\\\/\\\/www.metrica.it\\\/wp-content\\\/uploads\\\/2024\\\/05\\\/23080_1.jpg\",\"datePublished\":\"2024-09-16T09:33:16+00:00\",\"dateModified\":\"2025-06-18T14:38:07+00:00\",\"description\":\"Entdecken Sie die Produktkollektion., 2 Metri - Tipo Bosso Semigigante - Spessore 3 Mm - Molle Interne - Gliedermassst\u00e4be - Schneidermassst\u00e4be.Tipo bosso semigigante,Molle interne in . Schauen Sie sich den Katalog auf der offiziellen Metrica-Website an\",\"breadcrumb\":{\"@id\":\"https:\\\/\\\/www.metrica.it\\\/de\\\/produkt\\\/2-meter-typ-buchenholz-3-mm-starke-innenfedern\\\/#breadcrumb\"},\"inLanguage\":\"de\",\"potentialAction\":[{\"@type\":\"ReadAction\",\"target\":[\"https:\\\/\\\/www.metrica.it\\\/de\\\/produkt\\\/2-meter-typ-buchenholz-3-mm-starke-innenfedern\\\/\"]}]},{\"@type\":\"ImageObject\",\"inLanguage\":\"de\",\"@id\":\"https:\\\/\\\/www.metrica.it\\\/de\\\/produkt\\\/2-meter-typ-buchenholz-3-mm-starke-innenfedern\\\/#primaryimage\",\"url\":\"https:\\\/\\\/www.metrica.it\\\/wp-content\\\/uploads\\\/2024\\\/05\\\/23080_1.jpg\",\"contentUrl\":\"https:\\\/\\\/www.metrica.it\\\/wp-content\\\/uploads\\\/2024\\\/05\\\/23080_1.jpg\",\"width\":800,\"height\":800},{\"@type\":\"BreadcrumbList\",\"@id\":\"https:\\\/\\\/www.metrica.it\\\/de\\\/produkt\\\/2-meter-typ-buchenholz-3-mm-starke-innenfedern\\\/#breadcrumb\",\"itemListElement\":[{\"@type\":\"ListItem\",\"position\":1,\"name\":\"Home\",\"item\":\"https:\\\/\\\/www.metrica.it\\\/de\\\/\"},{\"@type\":\"ListItem\",\"position\":2,\"name\":\"Katalog\",\"item\":\"https:\\\/\\\/www.metrica.it\\\/de\\\/katalog\\\/\"},{\"@type\":\"ListItem\",\"position\":3,\"name\":\"2 Meter &#8211; Typ Buchenholz &#8211; 3 Mm St\u00e4rke &#8211; Innenfedern\"}]},{\"@type\":\"WebSite\",\"@id\":\"https:\\\/\\\/www.metrica.it\\\/de\\\/#website\",\"url\":\"https:\\\/\\\/www.metrica.it\\\/de\\\/\",\"name\":\"Metrica\",\"description\":\"Made to measure\",\"potentialAction\":[{\"@type\":\"SearchAction\",\"target\":{\"@type\":\"EntryPoint\",\"urlTemplate\":\"https:\\\/\\\/www.metrica.it\\\/de\\\/?s={search_term_string}\"},\"query-input\":{\"@type\":\"PropertyValueSpecification\",\"valueRequired\":true,\"valueName\":\"search_term_string\"}}],\"inLanguage\":\"de\"}]}<\/script>","yoast_head_json":{"title":"2 Metri - Tipo Bosso Semigigante - Spessore 3 Mm - Molle Interne | Gliedermassst\u00e4be - Schneidermassst\u00e4be | L\u00e4ngenmessungen - Metrica","description":"Entdecken Sie die Produktkollektion., 2 Metri - Tipo Bosso Semigigante - Spessore 3 Mm - Molle Interne - Gliedermassst\u00e4be - Schneidermassst\u00e4be.Tipo bosso semigigante,Molle interne in . Schauen Sie sich den Katalog auf der offiziellen Metrica-Website an","robots":{"index":"index","follow":"follow","max-snippet":"max-snippet:-1","max-image-preview":"max-image-preview:large","max-video-preview":"max-video-preview:-1"},"canonical":"https:\/\/www.metrica.it\/de\/produkt\/2-meter-typ-buchenholz-3-mm-starke-innenfedern\/","og_locale":"de_DE","og_type":"article","og_title":"2 Metri - Tipo Bosso Semigigante - Spessore 3 Mm - Molle Interne | Gliedermassst\u00e4be - Schneidermassst\u00e4be | L\u00e4ngenmessungen - Metrica","og_description":"Entdecken Sie die Produktkollektion., 2 Metri - Tipo Bosso Semigigante - Spessore 3 Mm - Molle Interne - Gliedermassst\u00e4be - Schneidermassst\u00e4be.Tipo bosso semigigante,Molle interne in . Schauen Sie sich den Katalog auf der offiziellen Metrica-Website an","og_url":"https:\/\/www.metrica.it\/de\/produkt\/2-meter-typ-buchenholz-3-mm-starke-innenfedern\/","og_site_name":"Metrica","article_modified_time":"2025-06-18T14:38:07+00:00","og_image":[{"width":800,"height":800,"url":"https:\/\/www.metrica.it\/wp-content\/uploads\/2024\/05\/23080_1.jpg","type":"image\/jpeg"}],"twitter_card":"summary_large_image","twitter_misc":{"Gesch\u00e4tzte Lesezeit":"1\u00a0Minute"},"schema":{"@context":"https:\/\/schema.org","@graph":[{"@type":"WebPage","@id":"https:\/\/www.metrica.it\/de\/produkt\/2-meter-typ-buchenholz-3-mm-starke-innenfedern\/","url":"https:\/\/www.metrica.it\/de\/produkt\/2-meter-typ-buchenholz-3-mm-starke-innenfedern\/","name":"2 Metri - Tipo Bosso Semigigante - Spessore 3 Mm - Molle Interne | Gliedermassst\u00e4be - Schneidermassst\u00e4be | L\u00e4ngenmessungen - Metrica","isPartOf":{"@id":"https:\/\/www.metrica.it\/de\/#website"},"primaryImageOfPage":{"@id":"https:\/\/www.metrica.it\/de\/produkt\/2-meter-typ-buchenholz-3-mm-starke-innenfedern\/#primaryimage"},"image":{"@id":"https:\/\/www.metrica.it\/de\/produkt\/2-meter-typ-buchenholz-3-mm-starke-innenfedern\/#primaryimage"},"thumbnailUrl":"https:\/\/www.metrica.it\/wp-content\/uploads\/2024\/05\/23080_1.jpg","datePublished":"2024-09-16T09:33:16+00:00","dateModified":"2025-06-18T14:38:07+00:00","description":"Entdecken Sie die Produktkollektion., 2 Metri - Tipo Bosso Semigigante - Spessore 3 Mm - Molle Interne - Gliedermassst\u00e4be - Schneidermassst\u00e4be.Tipo bosso semigigante,Molle interne in . Schauen Sie sich den Katalog auf der offiziellen Metrica-Website an","breadcrumb":{"@id":"https:\/\/www.metrica.it\/de\/produkt\/2-meter-typ-buchenholz-3-mm-starke-innenfedern\/#breadcrumb"},"inLanguage":"de","potentialAction":[{"@type":"ReadAction","target":["https:\/\/www.metrica.it\/de\/produkt\/2-meter-typ-buchenholz-3-mm-starke-innenfedern\/"]}]},{"@type":"ImageObject","inLanguage":"de","@id":"https:\/\/www.metrica.it\/de\/produkt\/2-meter-typ-buchenholz-3-mm-starke-innenfedern\/#primaryimage","url":"https:\/\/www.metrica.it\/wp-content\/uploads\/2024\/05\/23080_1.jpg","contentUrl":"https:\/\/www.metrica.it\/wp-content\/uploads\/2024\/05\/23080_1.jpg","width":800,"height":800},{"@type":"BreadcrumbList","@id":"https:\/\/www.metrica.it\/de\/produkt\/2-meter-typ-buchenholz-3-mm-starke-innenfedern\/#breadcrumb","itemListElement":[{"@type":"ListItem","position":1,"name":"Home","item":"https:\/\/www.metrica.it\/de\/"},{"@type":"ListItem","position":2,"name":"Katalog","item":"https:\/\/www.metrica.it\/de\/katalog\/"},{"@type":"ListItem","position":3,"name":"2 Meter &#8211; Typ Buchenholz &#8211; 3 Mm St\u00e4rke &#8211; Innenfedern"}]},{"@type":"WebSite","@id":"https:\/\/www.metrica.it\/de\/#website","url":"https:\/\/www.metrica.it\/de\/","name":"Metrica","description":"Made to measure","potentialAction":[{"@type":"SearchAction","target":{"@type":"EntryPoint","urlTemplate":"https:\/\/www.metrica.it\/de\/?s={search_term_string}"},"query-input":{"@type":"PropertyValueSpecification","valueRequired":true,"valueName":"search_term_string"}}],"inLanguage":"de"}]}},"meta_box":{"awr_documentation":[],"awr_manuale":[],"awr_scheda_tecnica":"","awr_youtube_video":"","awr_classe_prodotto":"CE_3","awr_customize_product":"1","awr_custom_image":{"width":96,"height":96,"file":"2024\/05\/23080.jpg","filesize":345931,"sizes":{"dgwt-wcas-product-suggestion":{"file":"23080-64x64.jpg","width":64,"height":64,"mime-type":"image\/jpeg","filesize":1168,"url":"https:\/\/www.metrica.it\/wp-content\/uploads\/2024\/05\/23080-64x64.jpg"},"hongo-product-icon-image":{"file":"23080-64x64.jpg","width":64,"height":64,"mime-type":"image\/jpeg","filesize":1168,"url":"https:\/\/www.metrica.it\/wp-content\/uploads\/2024\/05\/23080-64x64.jpg"},"hongo-product-small-image":{"file":"23080-84x84.jpg","width":84,"height":84,"mime-type":"image\/jpeg","filesize":1593,"url":"https:\/\/www.metrica.it\/wp-content\/uploads\/2024\/05\/23080-84x84.jpg"},"hongo-medium-image":{"file":"23080-450x450.jpg","width":450,"height":450,"mime-type":"image\/jpeg","filesize":18698,"url":"https:\/\/www.metrica.it\/wp-content\/uploads\/2024\/05\/23080-450x450.jpg"},"post-thumbnail":{"file":"23080-790x790.jpg","width":790,"height":790,"mime-type":"image\/jpeg","filesize":51091,"url":"https:\/\/www.metrica.it\/wp-content\/uploads\/2024\/05\/23080-790x790.jpg"},"hongo-shop-image":{"file":"23080-660x660.jpg","width":660,"height":660,"mime-type":"image\/jpeg","filesize":37384,"url":"https:\/\/www.metrica.it\/wp-content\/uploads\/2024\/05\/23080-660x660.jpg"}},"image_meta":{"aperture":"0","credit":"","camera":"","caption":"","created_timestamp":"0","copyright":"","focal_length":"0","iso":"0","shutter_speed":"0","title":"","orientation":"1","keywords":[]},"ID":"122832","name":"23080.jpg","path":"\/var\/www\/html\/wp-content\/uploads\/2024\/05\/23080.jpg","url":"https:\/\/www.metrica.it\/wp-content\/uploads\/2024\/05\/23080.jpg","full_url":"https:\/\/www.metrica.it\/wp-content\/uploads\/2024\/05\/23080.jpg","title":"23080.jpg","caption":"","description":"","alt":"","srcset":"https:\/\/www.metrica.it\/wp-content\/uploads\/2024\/05\/23080.jpg 800w, https:\/\/www.metrica.it\/wp-content\/uploads\/2024\/05\/23080-64x64.jpg 64w, https:\/\/www.metrica.it\/wp-content\/uploads\/2024\/05\/23080-84x84.jpg 84w, https:\/\/www.metrica.it\/wp-content\/uploads\/2024\/05\/23080-450x450.jpg 450w, https:\/\/www.metrica.it\/wp-content\/uploads\/2024\/05\/23080-790x790.jpg 790w, https:\/\/www.metrica.it\/wp-content\/uploads\/2024\/05\/23080-660x660.jpg 660w"},"awr_related_products":[{"awr_product_name":"2 Metri - Tipo Bosso Semigigante - Spessore 3 Mm - Molle Interne","awr_product_references":"ref:03080|ean:8001066030804|l:2 m|aste:10|unit_misura:mm|:<img src=\"\/media\/tabelle\/giallo.png\"\/>|num_pz_gdo:10"},{"awr_product_name":"2 Metri - Tipo Bosso Semigigante - Spessore 3 Mm - Molle Interne","awr_product_references":"ref:03090|ean:8001066030903|l:2 m|aste:10|unit_misura:mm|:<img src=\"\/media\/tabelle\/colore_naturale.png\"\/>|num_pz_gdo:10"},{"awr_product_name":"2 Metri - Tipo Bosso Semigigante - Spessore 3 Mm - Molle Interne","awr_product_references":"ref:03093|ean:8001066030934|l:2 m|aste:10|unit_misura:mm|:<img src=\"\/media\/tabelle\/colore_bianco.png\"\/>|num_pz_gdo:10"},{"awr_product_name":"2 Metri - Tipo Bosso Semigigante - Spessore 3 Mm - Molle Interne","awr_product_references":"ref:23080|ean:8001066230808|l:2 m|aste:10|unit_misura:mm|:<img src=\"\/media\/tabelle\/giallo.png\"\/>|pack:12"},{"awr_product_name":"2 Metri - Tipo Bosso Semigigante - Spessore 3 Mm - Molle Interne","awr_product_references":"ref:23090|ean:8001066230907|l:2 m|aste:10|unit_misura:mm|:<img src=\"\/media\/tabelle\/colore_naturale.png\"\/>|pack:12"},{"awr_product_name":"2 Metri - Tipo Bosso Semigigante - Spessore 3 Mm - Molle Interne","awr_product_references":"ref:23093|ean:8001066230938|l:2 m|aste:10|unit_misura:mm|:<img src=\"\/media\/tabelle\/colore_bianco.png\"\/>|pack:12"},{"awr_product_name":"Scatola Self Service Da 50 Pezzi","awr_product_references":"ref:89090|ean:8001066890903|l:2 m||pack:50 pz x ref 23080"},{"awr_product_name":"Scatola Self Service Da 50 Pezzi","awr_product_references":"ref:89091|ean:8001066890910|l:2 m||pack:50 pz x ref 23090"}],"awr_consumabili":"","awr_alternativi":"","awr_aliases":"03080,03090,03093,23080,23090,23093,89090,89091","awr_skuid":"23080-it"},"_links":{"self":[{"href":"https:\/\/www.metrica.it\/de\/wp-json\/wp\/v2\/product\/143439","targetHints":{"allow":["GET"]}}],"collection":[{"href":"https:\/\/www.metrica.it\/de\/wp-json\/wp\/v2\/product"}],"about":[{"href":"https:\/\/www.metrica.it\/de\/wp-json\/wp\/v2\/types\/product"}],"wp:featuredmedia":[{"embeddable":true,"href":"https:\/\/www.metrica.it\/de\/wp-json\/wp\/v2\/media\/122837"}],"wp:attachment":[{"href":"https:\/\/www.metrica.it\/de\/wp-json\/wp\/v2\/media?parent=143439"}],"wp:term":[{"taxonomy":"product_cat","embeddable":true,"href":"https:\/\/www.metrica.it\/de\/wp-json\/wp\/v2\/product_cat?post=143439"},{"taxonomy":"product_tag","embeddable":true,"href":"https:\/\/www.metrica.it\/de\/wp-json\/wp\/v2\/product_tag?post=143439"}],"curies":[{"name":"wp","href":"https:\/\/api.w.org\/{rel}","templated":true}]}}