{"id":143500,"date":"2024-09-16T11:38:34","date_gmt":"2024-09-16T09:38:34","guid":{"rendered":"https:\/\/www.metrica.it\/prodotto\/metrica-magneteforte-3\/"},"modified":"2024-09-16T20:29:11","modified_gmt":"2024-09-16T18:29:11","slug":"metrica-magneteforte","status":"publish","type":"product","link":"https:\/\/www.metrica.it\/de\/produkt\/metrica-magneteforte\/","title":{"rendered":"Metrica Magneteforte"},"content":{"rendered":"<ul>\n<li>Rollbandmasse mit Magnet (Patentiert)<\/li>\n<li>Exklusives magnetisches Kopplungssystem des Bandes<\/li>\n<li>Erlaubt immer genaue Vermessungen und vermeidet Fehler der g\u00e4ngigen Rollbandma\u00dfe mit Magnet auf dem beweglichen Haken<\/li>\n<li>Mit Nylon\u00fcberzug, kratzfest, s\u00e4urebest\u00e4ndig, nicht reflektierend<\/li>\n<li>Verchromte Kapsel mit echtem Gummi \u00fcberzogen,<\/li>\n<li>mit Clip<\/li>\n<\/ul>\n","protected":false},"excerpt":{"rendered":"<p>Rollbandmasse mit Magnet (Patentiert)<br \/>Exklusives magnetisches Kopplungssystem des Bandes<br \/>Erlaubt immer genaue Vermessungen und vermeidet Fehler der g\u00e4ngigen Rollbandma\u00dfe mit Magnet auf dem beweglichen Haken<br \/>Mit Nylon\u00fcberzug, kratzfest, s\u00e4urebest\u00e4ndig, nicht reflektierend<br \/>Verchromte Kapsel mit echtem Gummi \u00fcberzogen,<br \/>mit Clip<\/p>\n","protected":false},"featured_media":128910,"template":"","meta":[],"product_cat":[50,591],"product_tag":[],"class_list":{"0":"post-143500","1":"product","2":"type-product","3":"status-publish","4":"has-post-thumbnail","6":"product_cat-laengenmessungen","7":"product_cat-rollbandmasse","9":"first","10":"instock","11":"sold-individually","12":"product-type-simple"},"yoast_head":"<title>Metrica Magneteforte | Rollbandmasse | L\u00e4ngenmessungen - Metrica<\/title>\n<meta name=\"description\" content=\"Entdecken Sie die Produktkollektion., Metrica Magneteforte - Rollbandmasse.,Magnete fisso brevettato a filo della partenza del nastro,Elimina l\u0092errore comune a tutti i flessometri con . Schauen Sie sich den Katalog auf der offiziellen Metrica-Website an\" \/>\n<meta name=\"robots\" content=\"index, follow, max-snippet:-1, max-image-preview:large, max-video-preview:-1\" \/>\n<link rel=\"canonical\" href=\"https:\/\/www.metrica.it\/de\/produkt\/metrica-magneteforte\/\" \/>\n<meta property=\"og:locale\" content=\"de_DE\" \/>\n<meta property=\"og:type\" content=\"article\" \/>\n<meta property=\"og:title\" content=\"Metrica Magneteforte | Rollbandmasse | L\u00e4ngenmessungen - Metrica\" \/>\n<meta property=\"og:description\" content=\"Entdecken Sie die Produktkollektion., Metrica Magneteforte - Rollbandmasse.,Magnete fisso brevettato a filo della partenza del nastro,Elimina l\u0092errore comune a tutti i flessometri con . Schauen Sie sich den Katalog auf der offiziellen Metrica-Website an\" \/>\n<meta property=\"og:url\" content=\"https:\/\/www.metrica.it\/de\/produkt\/metrica-magneteforte\/\" \/>\n<meta property=\"og:site_name\" content=\"Metrica\" \/>\n<meta property=\"article:modified_time\" content=\"2024-09-16T18:29:11+00:00\" \/>\n<meta property=\"og:image\" content=\"https:\/\/www.metrica.it\/wp-content\/uploads\/2024\/06\/38597.jpg\" \/>\n\t<meta property=\"og:image:width\" content=\"800\" \/>\n\t<meta property=\"og:image:height\" content=\"800\" \/>\n\t<meta property=\"og:image:type\" content=\"image\/jpeg\" \/>\n<meta name=\"twitter:card\" content=\"summary_large_image\" \/>\n<script type=\"application\/ld+json\" class=\"yoast-schema-graph\">{\"@context\":\"https:\\\/\\\/schema.org\",\"@graph\":[{\"@type\":\"WebPage\",\"@id\":\"https:\\\/\\\/www.metrica.it\\\/de\\\/produkt\\\/metrica-magneteforte\\\/\",\"url\":\"https:\\\/\\\/www.metrica.it\\\/de\\\/produkt\\\/metrica-magneteforte\\\/\",\"name\":\"Metrica Magneteforte | Rollbandmasse | L\u00e4ngenmessungen - Metrica\",\"isPartOf\":{\"@id\":\"https:\\\/\\\/www.metrica.it\\\/de\\\/#website\"},\"primaryImageOfPage\":{\"@id\":\"https:\\\/\\\/www.metrica.it\\\/de\\\/produkt\\\/metrica-magneteforte\\\/#primaryimage\"},\"image\":{\"@id\":\"https:\\\/\\\/www.metrica.it\\\/de\\\/produkt\\\/metrica-magneteforte\\\/#primaryimage\"},\"thumbnailUrl\":\"https:\\\/\\\/www.metrica.it\\\/wp-content\\\/uploads\\\/2024\\\/06\\\/38597.jpg\",\"datePublished\":\"2024-09-16T09:38:34+00:00\",\"dateModified\":\"2024-09-16T18:29:11+00:00\",\"description\":\"Entdecken Sie die Produktkollektion., Metrica Magneteforte - Rollbandmasse.,Magnete fisso brevettato a filo della partenza del nastro,Elimina l\u0092errore comune a tutti i flessometri con . Schauen Sie sich den Katalog auf der offiziellen Metrica-Website an\",\"breadcrumb\":{\"@id\":\"https:\\\/\\\/www.metrica.it\\\/de\\\/produkt\\\/metrica-magneteforte\\\/#breadcrumb\"},\"inLanguage\":\"de\",\"potentialAction\":[{\"@type\":\"ReadAction\",\"target\":[\"https:\\\/\\\/www.metrica.it\\\/de\\\/produkt\\\/metrica-magneteforte\\\/\"]}]},{\"@type\":\"ImageObject\",\"inLanguage\":\"de\",\"@id\":\"https:\\\/\\\/www.metrica.it\\\/de\\\/produkt\\\/metrica-magneteforte\\\/#primaryimage\",\"url\":\"https:\\\/\\\/www.metrica.it\\\/wp-content\\\/uploads\\\/2024\\\/06\\\/38597.jpg\",\"contentUrl\":\"https:\\\/\\\/www.metrica.it\\\/wp-content\\\/uploads\\\/2024\\\/06\\\/38597.jpg\",\"width\":800,\"height\":800},{\"@type\":\"BreadcrumbList\",\"@id\":\"https:\\\/\\\/www.metrica.it\\\/de\\\/produkt\\\/metrica-magneteforte\\\/#breadcrumb\",\"itemListElement\":[{\"@type\":\"ListItem\",\"position\":1,\"name\":\"Home\",\"item\":\"https:\\\/\\\/www.metrica.it\\\/de\\\/\"},{\"@type\":\"ListItem\",\"position\":2,\"name\":\"Katalog\",\"item\":\"https:\\\/\\\/www.metrica.it\\\/de\\\/katalog\\\/\"},{\"@type\":\"ListItem\",\"position\":3,\"name\":\"Metrica Magneteforte\"}]},{\"@type\":\"WebSite\",\"@id\":\"https:\\\/\\\/www.metrica.it\\\/de\\\/#website\",\"url\":\"https:\\\/\\\/www.metrica.it\\\/de\\\/\",\"name\":\"Metrica\",\"description\":\"Made to measure\",\"potentialAction\":[{\"@type\":\"SearchAction\",\"target\":{\"@type\":\"EntryPoint\",\"urlTemplate\":\"https:\\\/\\\/www.metrica.it\\\/de\\\/?s={search_term_string}\"},\"query-input\":{\"@type\":\"PropertyValueSpecification\",\"valueRequired\":true,\"valueName\":\"search_term_string\"}}],\"inLanguage\":\"de\"}]}<\/script>","yoast_head_json":{"title":"Metrica Magneteforte | Rollbandmasse | L\u00e4ngenmessungen - Metrica","description":"Entdecken Sie die Produktkollektion., Metrica Magneteforte - Rollbandmasse.,Magnete fisso brevettato a filo della partenza del nastro,Elimina l\u0092errore comune a tutti i flessometri con . Schauen Sie sich den Katalog auf der offiziellen Metrica-Website an","robots":{"index":"index","follow":"follow","max-snippet":"max-snippet:-1","max-image-preview":"max-image-preview:large","max-video-preview":"max-video-preview:-1"},"canonical":"https:\/\/www.metrica.it\/de\/produkt\/metrica-magneteforte\/","og_locale":"de_DE","og_type":"article","og_title":"Metrica Magneteforte | Rollbandmasse | L\u00e4ngenmessungen - Metrica","og_description":"Entdecken Sie die Produktkollektion., Metrica Magneteforte - Rollbandmasse.,Magnete fisso brevettato a filo della partenza del nastro,Elimina l\u0092errore comune a tutti i flessometri con . Schauen Sie sich den Katalog auf der offiziellen Metrica-Website an","og_url":"https:\/\/www.metrica.it\/de\/produkt\/metrica-magneteforte\/","og_site_name":"Metrica","article_modified_time":"2024-09-16T18:29:11+00:00","og_image":[{"width":800,"height":800,"url":"https:\/\/www.metrica.it\/wp-content\/uploads\/2024\/06\/38597.jpg","type":"image\/jpeg"}],"twitter_card":"summary_large_image","schema":{"@context":"https:\/\/schema.org","@graph":[{"@type":"WebPage","@id":"https:\/\/www.metrica.it\/de\/produkt\/metrica-magneteforte\/","url":"https:\/\/www.metrica.it\/de\/produkt\/metrica-magneteforte\/","name":"Metrica Magneteforte | Rollbandmasse | L\u00e4ngenmessungen - Metrica","isPartOf":{"@id":"https:\/\/www.metrica.it\/de\/#website"},"primaryImageOfPage":{"@id":"https:\/\/www.metrica.it\/de\/produkt\/metrica-magneteforte\/#primaryimage"},"image":{"@id":"https:\/\/www.metrica.it\/de\/produkt\/metrica-magneteforte\/#primaryimage"},"thumbnailUrl":"https:\/\/www.metrica.it\/wp-content\/uploads\/2024\/06\/38597.jpg","datePublished":"2024-09-16T09:38:34+00:00","dateModified":"2024-09-16T18:29:11+00:00","description":"Entdecken Sie die Produktkollektion., Metrica Magneteforte - Rollbandmasse.,Magnete fisso brevettato a filo della partenza del nastro,Elimina l\u0092errore comune a tutti i flessometri con . Schauen Sie sich den Katalog auf der offiziellen Metrica-Website an","breadcrumb":{"@id":"https:\/\/www.metrica.it\/de\/produkt\/metrica-magneteforte\/#breadcrumb"},"inLanguage":"de","potentialAction":[{"@type":"ReadAction","target":["https:\/\/www.metrica.it\/de\/produkt\/metrica-magneteforte\/"]}]},{"@type":"ImageObject","inLanguage":"de","@id":"https:\/\/www.metrica.it\/de\/produkt\/metrica-magneteforte\/#primaryimage","url":"https:\/\/www.metrica.it\/wp-content\/uploads\/2024\/06\/38597.jpg","contentUrl":"https:\/\/www.metrica.it\/wp-content\/uploads\/2024\/06\/38597.jpg","width":800,"height":800},{"@type":"BreadcrumbList","@id":"https:\/\/www.metrica.it\/de\/produkt\/metrica-magneteforte\/#breadcrumb","itemListElement":[{"@type":"ListItem","position":1,"name":"Home","item":"https:\/\/www.metrica.it\/de\/"},{"@type":"ListItem","position":2,"name":"Katalog","item":"https:\/\/www.metrica.it\/de\/katalog\/"},{"@type":"ListItem","position":3,"name":"Metrica Magneteforte"}]},{"@type":"WebSite","@id":"https:\/\/www.metrica.it\/de\/#website","url":"https:\/\/www.metrica.it\/de\/","name":"Metrica","description":"Made to measure","potentialAction":[{"@type":"SearchAction","target":{"@type":"EntryPoint","urlTemplate":"https:\/\/www.metrica.it\/de\/?s={search_term_string}"},"query-input":{"@type":"PropertyValueSpecification","valueRequired":true,"valueName":"search_term_string"}}],"inLanguage":"de"}]}},"meta_box":{"awr_documentation":[],"awr_manuale":[],"awr_scheda_tecnica":"<table>\n<tbody>\n<tr>\n<td><strong>Reichweite*<\/strong><\/td>\n<td>15 m<\/td>\n<\/tr>\n<tr>\n<td><strong>Genauigkeit<\/strong><\/td>\n<td>\u00b1 3 mm<\/td>\n<\/tr>\n<tr>\n<td><strong>Laserst\u00e4rke<\/strong><\/td>\n<td>620-690 nm <\/td>\n<\/tr>\n<tr>\n<td><strong>Laserklasse<\/strong><\/td>\n<td>classe II<\/td>\n<\/tr>\n<tr>\n<td><strong>Impermeabilit\u00e0<\/strong><\/td>\n<td>IP 54<\/td>\n<\/tr>\n<tr>\n<td><strong>Temperatura d\u2019esercizio<\/strong><\/td>\n<td>0\u00b0 C \/ 40\u00b0 C<\/td>\n<\/tr>\n<tr>\n<td><strong>Batterien:<\/strong><\/td>\n<td>LI-ION<\/td>\n<\/tr>\n<tr>\n<td><strong>Abmessungen (cm)<\/strong><\/td>\n<td>76 x 39 x 145<\/td>\n<\/tr>\n<tr>\n<td><strong>Peso (senza batterie)<\/strong><\/td>\n<td>35 g<\/td>\n<\/tr>\n<tr>\n<td><strong>Ladekabel<\/strong><\/td>\n<td>si<\/td>\n<\/tr>\n<tr>\n<td><strong>* secondo luminosit\u00e0 ambientale<\/strong><\/td>\n<\/tr>\n<\/tbody>\n<\/table>\n","awr_youtube_video":"https:\/\/www.youtube.com\/embed\/GJ-zlvb9hYo","awr_classe_prodotto":"CE_2","awr_customize_product":"0","awr_custom_image":false,"awr_related_products":[{"awr_product_name":"Metrica Magneteforte","awr_product_references":"ref:08597|ean:8001066085972|l:5 m|larghezza:25 mm|unit_misura:mm|b_mm:70|num_pz_gdo:6"},{"awr_product_name":"Metrica Magneteforte","awr_product_references":"ref:38597|ean:8001066385973|l:5 m|larghezza:25 mm|unit_misura:mm|b_mm:70|pack:6"}],"awr_consumabili":"","awr_alternativi":"","awr_aliases":"08597,38597","awr_skuid":"38597-it"},"_links":{"self":[{"href":"https:\/\/www.metrica.it\/de\/wp-json\/wp\/v2\/product\/143500","targetHints":{"allow":["GET"]}}],"collection":[{"href":"https:\/\/www.metrica.it\/de\/wp-json\/wp\/v2\/product"}],"about":[{"href":"https:\/\/www.metrica.it\/de\/wp-json\/wp\/v2\/types\/product"}],"wp:featuredmedia":[{"embeddable":true,"href":"https:\/\/www.metrica.it\/de\/wp-json\/wp\/v2\/media\/128910"}],"wp:attachment":[{"href":"https:\/\/www.metrica.it\/de\/wp-json\/wp\/v2\/media?parent=143500"}],"wp:term":[{"taxonomy":"product_cat","embeddable":true,"href":"https:\/\/www.metrica.it\/de\/wp-json\/wp\/v2\/product_cat?post=143500"},{"taxonomy":"product_tag","embeddable":true,"href":"https:\/\/www.metrica.it\/de\/wp-json\/wp\/v2\/product_tag?post=143500"}],"curies":[{"name":"wp","href":"https:\/\/api.w.org\/{rel}","templated":true}]}}