{"id":143615,"date":"2024-09-16T12:17:47","date_gmt":"2024-09-16T10:17:47","guid":{"rendered":"https:\/\/www.metrica.it\/prodotto\/anschlagwinkel\/"},"modified":"2024-09-16T21:06:25","modified_gmt":"2024-09-16T19:06:25","slug":"anschlagwinkel","status":"publish","type":"product","link":"https:\/\/www.metrica.it\/de\/produkt\/anschlagwinkel\/","title":{"rendered":"Anschlagwinkel"},"content":{"rendered":"<ul>\n<li>Normalstahl, geschliffen, ungeh\u00e4rtet<\/li>\n<li>Robuster Querschnitt<\/li>\n<\/ul>\n","protected":false},"excerpt":{"rendered":"<p>Normalstahl, geschliffen, ungeh\u00e4rtet<br \/>Robuster Querschnitt<\/p>\n","protected":false},"featured_media":124995,"template":"","meta":[],"product_cat":[638,622],"product_tag":[],"class_list":{"0":"post-143615","1":"product","2":"type-product","3":"status-publish","4":"has-post-thumbnail","6":"product_cat-prazisionswinkel","7":"product_cat-winkelmessgerate","9":"first","10":"instock","11":"sold-individually","12":"product-type-simple"},"yoast_head":"<title>Squadra A Cappello | Pr\u00e4zisionswinkel | Winkelmessg\u00ebrate - Metrica<\/title>\n<meta name=\"description\" content=\"Entdecken Sie die Produktkollektion., Squadra A Cappello - Pr\u00e4zisionswinkel.Acciaio normale rettificato non temprato,Sezione robusta . Schauen Sie sich den Katalog auf der offiziellen Metrica-Website an\" \/>\n<meta name=\"robots\" content=\"index, follow, max-snippet:-1, max-image-preview:large, max-video-preview:-1\" \/>\n<link rel=\"canonical\" href=\"https:\/\/www.metrica.it\/de\/produkt\/anschlagwinkel\/\" \/>\n<meta property=\"og:locale\" content=\"de_DE\" \/>\n<meta property=\"og:type\" content=\"article\" \/>\n<meta property=\"og:title\" content=\"Squadra A Cappello | Pr\u00e4zisionswinkel | Winkelmessg\u00ebrate - Metrica\" \/>\n<meta property=\"og:description\" content=\"Entdecken Sie die Produktkollektion., Squadra A Cappello - Pr\u00e4zisionswinkel.Acciaio normale rettificato non temprato,Sezione robusta . Schauen Sie sich den Katalog auf der offiziellen Metrica-Website an\" \/>\n<meta property=\"og:url\" content=\"https:\/\/www.metrica.it\/de\/produkt\/anschlagwinkel\/\" \/>\n<meta property=\"og:site_name\" content=\"Metrica\" \/>\n<meta property=\"article:modified_time\" content=\"2024-09-16T19:06:25+00:00\" \/>\n<meta property=\"og:image\" content=\"https:\/\/www.metrica.it\/wp-content\/uploads\/2024\/05\/29143.jpg\" \/>\n\t<meta property=\"og:image:width\" content=\"800\" \/>\n\t<meta property=\"og:image:height\" content=\"800\" \/>\n\t<meta property=\"og:image:type\" content=\"image\/jpeg\" \/>\n<meta name=\"twitter:card\" content=\"summary_large_image\" \/>\n<script type=\"application\/ld+json\" class=\"yoast-schema-graph\">{\"@context\":\"https:\\\/\\\/schema.org\",\"@graph\":[{\"@type\":\"WebPage\",\"@id\":\"https:\\\/\\\/www.metrica.it\\\/de\\\/produkt\\\/anschlagwinkel\\\/\",\"url\":\"https:\\\/\\\/www.metrica.it\\\/de\\\/produkt\\\/anschlagwinkel\\\/\",\"name\":\"Squadra A Cappello | Pr\u00e4zisionswinkel | Winkelmessg\u00ebrate - Metrica\",\"isPartOf\":{\"@id\":\"https:\\\/\\\/www.metrica.it\\\/de\\\/#website\"},\"primaryImageOfPage\":{\"@id\":\"https:\\\/\\\/www.metrica.it\\\/de\\\/produkt\\\/anschlagwinkel\\\/#primaryimage\"},\"image\":{\"@id\":\"https:\\\/\\\/www.metrica.it\\\/de\\\/produkt\\\/anschlagwinkel\\\/#primaryimage\"},\"thumbnailUrl\":\"https:\\\/\\\/www.metrica.it\\\/wp-content\\\/uploads\\\/2024\\\/05\\\/29143.jpg\",\"datePublished\":\"2024-09-16T10:17:47+00:00\",\"dateModified\":\"2024-09-16T19:06:25+00:00\",\"description\":\"Entdecken Sie die Produktkollektion., Squadra A Cappello - Pr\u00e4zisionswinkel.Acciaio normale rettificato non temprato,Sezione robusta . Schauen Sie sich den Katalog auf der offiziellen Metrica-Website an\",\"breadcrumb\":{\"@id\":\"https:\\\/\\\/www.metrica.it\\\/de\\\/produkt\\\/anschlagwinkel\\\/#breadcrumb\"},\"inLanguage\":\"de\",\"potentialAction\":[{\"@type\":\"ReadAction\",\"target\":[\"https:\\\/\\\/www.metrica.it\\\/de\\\/produkt\\\/anschlagwinkel\\\/\"]}]},{\"@type\":\"ImageObject\",\"inLanguage\":\"de\",\"@id\":\"https:\\\/\\\/www.metrica.it\\\/de\\\/produkt\\\/anschlagwinkel\\\/#primaryimage\",\"url\":\"https:\\\/\\\/www.metrica.it\\\/wp-content\\\/uploads\\\/2024\\\/05\\\/29143.jpg\",\"contentUrl\":\"https:\\\/\\\/www.metrica.it\\\/wp-content\\\/uploads\\\/2024\\\/05\\\/29143.jpg\",\"width\":800,\"height\":800},{\"@type\":\"BreadcrumbList\",\"@id\":\"https:\\\/\\\/www.metrica.it\\\/de\\\/produkt\\\/anschlagwinkel\\\/#breadcrumb\",\"itemListElement\":[{\"@type\":\"ListItem\",\"position\":1,\"name\":\"Home\",\"item\":\"https:\\\/\\\/www.metrica.it\\\/de\\\/\"},{\"@type\":\"ListItem\",\"position\":2,\"name\":\"Katalog\",\"item\":\"https:\\\/\\\/www.metrica.it\\\/de\\\/katalog\\\/\"},{\"@type\":\"ListItem\",\"position\":3,\"name\":\"Anschlagwinkel\"}]},{\"@type\":\"WebSite\",\"@id\":\"https:\\\/\\\/www.metrica.it\\\/de\\\/#website\",\"url\":\"https:\\\/\\\/www.metrica.it\\\/de\\\/\",\"name\":\"Metrica\",\"description\":\"Made to measure\",\"potentialAction\":[{\"@type\":\"SearchAction\",\"target\":{\"@type\":\"EntryPoint\",\"urlTemplate\":\"https:\\\/\\\/www.metrica.it\\\/de\\\/?s={search_term_string}\"},\"query-input\":{\"@type\":\"PropertyValueSpecification\",\"valueRequired\":true,\"valueName\":\"search_term_string\"}}],\"inLanguage\":\"de\"}]}<\/script>","yoast_head_json":{"title":"Squadra A Cappello | Pr\u00e4zisionswinkel | Winkelmessg\u00ebrate - Metrica","description":"Entdecken Sie die Produktkollektion., Squadra A Cappello - Pr\u00e4zisionswinkel.Acciaio normale rettificato non temprato,Sezione robusta . Schauen Sie sich den Katalog auf der offiziellen Metrica-Website an","robots":{"index":"index","follow":"follow","max-snippet":"max-snippet:-1","max-image-preview":"max-image-preview:large","max-video-preview":"max-video-preview:-1"},"canonical":"https:\/\/www.metrica.it\/de\/produkt\/anschlagwinkel\/","og_locale":"de_DE","og_type":"article","og_title":"Squadra A Cappello | Pr\u00e4zisionswinkel | Winkelmessg\u00ebrate - Metrica","og_description":"Entdecken Sie die Produktkollektion., Squadra A Cappello - Pr\u00e4zisionswinkel.Acciaio normale rettificato non temprato,Sezione robusta . Schauen Sie sich den Katalog auf der offiziellen Metrica-Website an","og_url":"https:\/\/www.metrica.it\/de\/produkt\/anschlagwinkel\/","og_site_name":"Metrica","article_modified_time":"2024-09-16T19:06:25+00:00","og_image":[{"width":800,"height":800,"url":"https:\/\/www.metrica.it\/wp-content\/uploads\/2024\/05\/29143.jpg","type":"image\/jpeg"}],"twitter_card":"summary_large_image","schema":{"@context":"https:\/\/schema.org","@graph":[{"@type":"WebPage","@id":"https:\/\/www.metrica.it\/de\/produkt\/anschlagwinkel\/","url":"https:\/\/www.metrica.it\/de\/produkt\/anschlagwinkel\/","name":"Squadra A Cappello | Pr\u00e4zisionswinkel | Winkelmessg\u00ebrate - Metrica","isPartOf":{"@id":"https:\/\/www.metrica.it\/de\/#website"},"primaryImageOfPage":{"@id":"https:\/\/www.metrica.it\/de\/produkt\/anschlagwinkel\/#primaryimage"},"image":{"@id":"https:\/\/www.metrica.it\/de\/produkt\/anschlagwinkel\/#primaryimage"},"thumbnailUrl":"https:\/\/www.metrica.it\/wp-content\/uploads\/2024\/05\/29143.jpg","datePublished":"2024-09-16T10:17:47+00:00","dateModified":"2024-09-16T19:06:25+00:00","description":"Entdecken Sie die Produktkollektion., Squadra A Cappello - Pr\u00e4zisionswinkel.Acciaio normale rettificato non temprato,Sezione robusta . Schauen Sie sich den Katalog auf der offiziellen Metrica-Website an","breadcrumb":{"@id":"https:\/\/www.metrica.it\/de\/produkt\/anschlagwinkel\/#breadcrumb"},"inLanguage":"de","potentialAction":[{"@type":"ReadAction","target":["https:\/\/www.metrica.it\/de\/produkt\/anschlagwinkel\/"]}]},{"@type":"ImageObject","inLanguage":"de","@id":"https:\/\/www.metrica.it\/de\/produkt\/anschlagwinkel\/#primaryimage","url":"https:\/\/www.metrica.it\/wp-content\/uploads\/2024\/05\/29143.jpg","contentUrl":"https:\/\/www.metrica.it\/wp-content\/uploads\/2024\/05\/29143.jpg","width":800,"height":800},{"@type":"BreadcrumbList","@id":"https:\/\/www.metrica.it\/de\/produkt\/anschlagwinkel\/#breadcrumb","itemListElement":[{"@type":"ListItem","position":1,"name":"Home","item":"https:\/\/www.metrica.it\/de\/"},{"@type":"ListItem","position":2,"name":"Katalog","item":"https:\/\/www.metrica.it\/de\/katalog\/"},{"@type":"ListItem","position":3,"name":"Anschlagwinkel"}]},{"@type":"WebSite","@id":"https:\/\/www.metrica.it\/de\/#website","url":"https:\/\/www.metrica.it\/de\/","name":"Metrica","description":"Made to measure","potentialAction":[{"@type":"SearchAction","target":{"@type":"EntryPoint","urlTemplate":"https:\/\/www.metrica.it\/de\/?s={search_term_string}"},"query-input":{"@type":"PropertyValueSpecification","valueRequired":true,"valueName":"search_term_string"}}],"inLanguage":"de"}]}},"meta_box":{"awr_documentation":[],"awr_manuale":[],"awr_scheda_tecnica":"","awr_youtube_video":"","awr_classe_prodotto":"","awr_customize_product":"0","awr_custom_image":false,"awr_related_products":[{"awr_product_name":"Squadra A Cappello","awr_product_references":"ref:29143|ean:8001066291434|axb_mm:100 x 70|precisione_1_100mm:x|precisione_1_50mm:-|pack:1"},{"awr_product_name":"Squadra A Cappello","awr_product_references":"ref:29145|ean:8001066291458|axb_mm:150 x 100|precisione_1_100mm:x|precisione_1_50mm:-|pack:1"},{"awr_product_name":"Squadra A Cappello","awr_product_references":"ref:29146|ean:8001066291465|axb_mm:200 x 130|precisione_1_100mm:x|precisione_1_50mm:-|pack:1"},{"awr_product_name":"Squadra A Cappello","awr_product_references":"ref:29147|ean:8001066291472|axb_mm:250 x 165|precisione_1_100mm:x|precisione_1_50mm:-|pack:1"},{"awr_product_name":"Squadra A Cappello","awr_product_references":"ref:29148|ean:8001066291489|axb_mm:300 x 200|precisione_1_100mm:x|precisione_1_50mm:-|pack:1"},{"awr_product_name":"Squadra A Cappello","awr_product_references":"ref:29149|ean:8001066291496|axb_mm:400 x 265|precisione_1_100mm:x|precisione_1_50mm:-|pack:1"},{"awr_product_name":"Squadra A Cappello","awr_product_references":"ref:29150|ean:8001066291502|axb_mm:500 x 330|precisione_1_100mm:x|precisione_1_50mm:-|pack:1"},{"awr_product_name":"Squadra A Cappello","awr_product_references":"ref:29151|ean:8001066291519|axb_mm:600 x 400|precisione_1_100mm:x|precisione_1_50mm:-|pack:1"},{"awr_product_name":"Squadra A Cappello","awr_product_references":"ref:29152|ean:8001066291526|axb_mm:750 x 500|precisione_1_100mm:x|precisione_1_50mm:-|pack:1"},{"awr_product_name":"Squadra A Cappello","awr_product_references":"ref:29153|ean:8001066291533|axb_mm:1000 x 600|precisione_1_100mm:x|precisione_1_50mm:-|pack:1"},{"awr_product_name":"Squadra A Cappello","awr_product_references":"ref:29162|ean:8001066291625|axb_mm:75 x 50|precisione_1_100mm:-|precisione_1_50mm:x|pack:1"},{"awr_product_name":"Squadra A Cappello","awr_product_references":"ref:29163|ean:8001066291632|axb_mm:100 x 70|precisione_1_100mm:-|precisione_1_50mm:x|pack:1"},{"awr_product_name":"Squadra A Cappello","awr_product_references":"ref:29165|ean:8001066291656|axb_mm:150 x 100|precisione_1_100mm:-|precisione_1_50mm:x|pack:1"},{"awr_product_name":"Squadra A Cappello","awr_product_references":"ref:29166|ean:8001066291663|axb_mm:200 x 130|precisione_1_100mm:-|precisione_1_50mm:x|pack:1"},{"awr_product_name":"Squadra A Cappello","awr_product_references":"ref:29167|ean:8001066291670|axb_mm:250 x 165|precisione_1_100mm:-|precisione_1_50mm:x|pack:1"},{"awr_product_name":"Squadra A Cappello","awr_product_references":"ref:29168|ean:8001066291687|axb_mm:300 x 200|precisione_1_100mm:-|precisione_1_50mm:x|pack:1"},{"awr_product_name":"Squadra A Cappello","awr_product_references":"ref:29169|ean:8001066291694|axb_mm:400 x 250|precisione_1_100mm:-|precisione_1_50mm:x|pack:1"},{"awr_product_name":"Squadra A Cappello","awr_product_references":"ref:29170|ean:8001066291700|axb_mm:500 x 330|precisione_1_100mm:-|precisione_1_50mm:x|pack:1"}],"awr_consumabili":"","awr_alternativi":"","awr_aliases":"29143,29145,29146,29147,29148,29149,29150,29151,29152,29153,29162,29163,29165,29166,29167,29168,29169,29170","awr_skuid":"29143-it"},"_links":{"self":[{"href":"https:\/\/www.metrica.it\/de\/wp-json\/wp\/v2\/product\/143615","targetHints":{"allow":["GET"]}}],"collection":[{"href":"https:\/\/www.metrica.it\/de\/wp-json\/wp\/v2\/product"}],"about":[{"href":"https:\/\/www.metrica.it\/de\/wp-json\/wp\/v2\/types\/product"}],"wp:featuredmedia":[{"embeddable":true,"href":"https:\/\/www.metrica.it\/de\/wp-json\/wp\/v2\/media\/124995"}],"wp:attachment":[{"href":"https:\/\/www.metrica.it\/de\/wp-json\/wp\/v2\/media?parent=143615"}],"wp:term":[{"taxonomy":"product_cat","embeddable":true,"href":"https:\/\/www.metrica.it\/de\/wp-json\/wp\/v2\/product_cat?post=143615"},{"taxonomy":"product_tag","embeddable":true,"href":"https:\/\/www.metrica.it\/de\/wp-json\/wp\/v2\/product_tag?post=143615"}],"curies":[{"name":"wp","href":"https:\/\/api.w.org\/{rel}","templated":true}]}}