{"id":143860,"date":"2024-09-16T12:39:42","date_gmt":"2024-09-16T10:39:42","guid":{"rendered":"https:\/\/www.metrica.it\/prodotto\/just-in-3\/"},"modified":"2024-09-16T21:31:26","modified_gmt":"2024-09-16T19:31:26","slug":"just-in","status":"publish","type":"product","link":"https:\/\/www.metrica.it\/de\/produkt\/just-in\/","title":{"rendered":"Just-in"},"content":{"rendered":"<ul>\n<li>Sichtfenster f\u00fcr direkte Innenmessungen<\/li>\n<li>Band mit speziellem Nylon\u00fcberzug, lange Haltbarkeit, kratzfest, s\u00e4urebest\u00e4ndig<\/li>\n<li>Matte Oberfl \u00e4che, nicht refl ektierend<\/li>\n<li>Verchromte Kapsel<\/li>\n<li>Mit Clip<\/li>\n","protected":false},"excerpt":{"rendered":"<p>Sichtfenster f\u00fcr direkte Innenmessungen<br \/>Band mit speziellem Nylon\u00fcberzug, lange Haltbarkeit, kratzfest, s\u00e4urebest\u00e4ndig<br \/>Matte Oberfl \u00e4che, nicht refl ektierend<br \/>Verchromte Kapsel<br \/>Mit Clip<\/p>\n","protected":false},"featured_media":120189,"template":"","meta":[],"product_cat":[50,591],"product_tag":[],"class_list":{"0":"post-143860","1":"product","2":"type-product","3":"status-publish","4":"has-post-thumbnail","6":"product_cat-laengenmessungen","7":"product_cat-rollbandmasse","9":"first","10":"instock","11":"sold-individually","12":"product-type-simple"},"yoast_head":"<title>Just-In | Rollbandmasse | L\u00e4ngenmessungen - Metrica<\/title>\n<meta name=\"description\" content=\"Entdecken Sie die Produktkollektion., Just-In - Rollbandmasse.Finestra per lettura diretta misure interne,Nastro rivestito in nylon antiabrasione, antiacido e antiriflesso,Cassa cromata . Schauen Sie sich den Katalog auf der offiziellen Metrica-Website an\" \/>\n<meta name=\"robots\" content=\"index, follow, max-snippet:-1, max-image-preview:large, max-video-preview:-1\" \/>\n<link rel=\"canonical\" href=\"https:\/\/www.metrica.it\/de\/produkt\/just-in\/\" \/>\n<meta property=\"og:locale\" content=\"de_DE\" \/>\n<meta property=\"og:type\" content=\"article\" \/>\n<meta property=\"og:title\" content=\"Just-In | Rollbandmasse | L\u00e4ngenmessungen - Metrica\" \/>\n<meta property=\"og:description\" content=\"Entdecken Sie die Produktkollektion., Just-In - Rollbandmasse.Finestra per lettura diretta misure interne,Nastro rivestito in nylon antiabrasione, antiacido e antiriflesso,Cassa cromata . Schauen Sie sich den Katalog auf der offiziellen Metrica-Website an\" \/>\n<meta property=\"og:url\" content=\"https:\/\/www.metrica.it\/de\/produkt\/just-in\/\" \/>\n<meta property=\"og:site_name\" content=\"Metrica\" \/>\n<meta property=\"article:modified_time\" content=\"2024-09-16T19:31:26+00:00\" \/>\n<meta property=\"og:image\" content=\"https:\/\/www.metrica.it\/wp-content\/uploads\/2024\/05\/38206_1.jpg\" \/>\n\t<meta property=\"og:image:width\" content=\"800\" \/>\n\t<meta property=\"og:image:height\" content=\"800\" \/>\n\t<meta property=\"og:image:type\" content=\"image\/jpeg\" \/>\n<meta name=\"twitter:card\" content=\"summary_large_image\" \/>\n<script type=\"application\/ld+json\" class=\"yoast-schema-graph\">{\"@context\":\"https:\\\/\\\/schema.org\",\"@graph\":[{\"@type\":\"WebPage\",\"@id\":\"https:\\\/\\\/www.metrica.it\\\/de\\\/produkt\\\/just-in\\\/\",\"url\":\"https:\\\/\\\/www.metrica.it\\\/de\\\/produkt\\\/just-in\\\/\",\"name\":\"Just-In | Rollbandmasse | L\u00e4ngenmessungen - Metrica\",\"isPartOf\":{\"@id\":\"https:\\\/\\\/www.metrica.it\\\/de\\\/#website\"},\"primaryImageOfPage\":{\"@id\":\"https:\\\/\\\/www.metrica.it\\\/de\\\/produkt\\\/just-in\\\/#primaryimage\"},\"image\":{\"@id\":\"https:\\\/\\\/www.metrica.it\\\/de\\\/produkt\\\/just-in\\\/#primaryimage\"},\"thumbnailUrl\":\"https:\\\/\\\/www.metrica.it\\\/wp-content\\\/uploads\\\/2024\\\/05\\\/38206_1.jpg\",\"datePublished\":\"2024-09-16T10:39:42+00:00\",\"dateModified\":\"2024-09-16T19:31:26+00:00\",\"description\":\"Entdecken Sie die Produktkollektion., Just-In - Rollbandmasse.Finestra per lettura diretta misure interne,Nastro rivestito in nylon antiabrasione, antiacido e antiriflesso,Cassa cromata . Schauen Sie sich den Katalog auf der offiziellen Metrica-Website an\",\"breadcrumb\":{\"@id\":\"https:\\\/\\\/www.metrica.it\\\/de\\\/produkt\\\/just-in\\\/#breadcrumb\"},\"inLanguage\":\"de\",\"potentialAction\":[{\"@type\":\"ReadAction\",\"target\":[\"https:\\\/\\\/www.metrica.it\\\/de\\\/produkt\\\/just-in\\\/\"]}]},{\"@type\":\"ImageObject\",\"inLanguage\":\"de\",\"@id\":\"https:\\\/\\\/www.metrica.it\\\/de\\\/produkt\\\/just-in\\\/#primaryimage\",\"url\":\"https:\\\/\\\/www.metrica.it\\\/wp-content\\\/uploads\\\/2024\\\/05\\\/38206_1.jpg\",\"contentUrl\":\"https:\\\/\\\/www.metrica.it\\\/wp-content\\\/uploads\\\/2024\\\/05\\\/38206_1.jpg\",\"width\":800,\"height\":800},{\"@type\":\"BreadcrumbList\",\"@id\":\"https:\\\/\\\/www.metrica.it\\\/de\\\/produkt\\\/just-in\\\/#breadcrumb\",\"itemListElement\":[{\"@type\":\"ListItem\",\"position\":1,\"name\":\"Home\",\"item\":\"https:\\\/\\\/www.metrica.it\\\/de\\\/\"},{\"@type\":\"ListItem\",\"position\":2,\"name\":\"Katalog\",\"item\":\"https:\\\/\\\/www.metrica.it\\\/de\\\/katalog\\\/\"},{\"@type\":\"ListItem\",\"position\":3,\"name\":\"Just-in\"}]},{\"@type\":\"WebSite\",\"@id\":\"https:\\\/\\\/www.metrica.it\\\/de\\\/#website\",\"url\":\"https:\\\/\\\/www.metrica.it\\\/de\\\/\",\"name\":\"Metrica\",\"description\":\"Made to measure\",\"potentialAction\":[{\"@type\":\"SearchAction\",\"target\":{\"@type\":\"EntryPoint\",\"urlTemplate\":\"https:\\\/\\\/www.metrica.it\\\/de\\\/?s={search_term_string}\"},\"query-input\":{\"@type\":\"PropertyValueSpecification\",\"valueRequired\":true,\"valueName\":\"search_term_string\"}}],\"inLanguage\":\"de\"}]}<\/script>","yoast_head_json":{"title":"Just-In | Rollbandmasse | L\u00e4ngenmessungen - Metrica","description":"Entdecken Sie die Produktkollektion., Just-In - Rollbandmasse.Finestra per lettura diretta misure interne,Nastro rivestito in nylon antiabrasione, antiacido e antiriflesso,Cassa cromata . Schauen Sie sich den Katalog auf der offiziellen Metrica-Website an","robots":{"index":"index","follow":"follow","max-snippet":"max-snippet:-1","max-image-preview":"max-image-preview:large","max-video-preview":"max-video-preview:-1"},"canonical":"https:\/\/www.metrica.it\/de\/produkt\/just-in\/","og_locale":"de_DE","og_type":"article","og_title":"Just-In | Rollbandmasse | L\u00e4ngenmessungen - Metrica","og_description":"Entdecken Sie die Produktkollektion., Just-In - Rollbandmasse.Finestra per lettura diretta misure interne,Nastro rivestito in nylon antiabrasione, antiacido e antiriflesso,Cassa cromata . Schauen Sie sich den Katalog auf der offiziellen Metrica-Website an","og_url":"https:\/\/www.metrica.it\/de\/produkt\/just-in\/","og_site_name":"Metrica","article_modified_time":"2024-09-16T19:31:26+00:00","og_image":[{"width":800,"height":800,"url":"https:\/\/www.metrica.it\/wp-content\/uploads\/2024\/05\/38206_1.jpg","type":"image\/jpeg"}],"twitter_card":"summary_large_image","schema":{"@context":"https:\/\/schema.org","@graph":[{"@type":"WebPage","@id":"https:\/\/www.metrica.it\/de\/produkt\/just-in\/","url":"https:\/\/www.metrica.it\/de\/produkt\/just-in\/","name":"Just-In | Rollbandmasse | L\u00e4ngenmessungen - Metrica","isPartOf":{"@id":"https:\/\/www.metrica.it\/de\/#website"},"primaryImageOfPage":{"@id":"https:\/\/www.metrica.it\/de\/produkt\/just-in\/#primaryimage"},"image":{"@id":"https:\/\/www.metrica.it\/de\/produkt\/just-in\/#primaryimage"},"thumbnailUrl":"https:\/\/www.metrica.it\/wp-content\/uploads\/2024\/05\/38206_1.jpg","datePublished":"2024-09-16T10:39:42+00:00","dateModified":"2024-09-16T19:31:26+00:00","description":"Entdecken Sie die Produktkollektion., Just-In - Rollbandmasse.Finestra per lettura diretta misure interne,Nastro rivestito in nylon antiabrasione, antiacido e antiriflesso,Cassa cromata . Schauen Sie sich den Katalog auf der offiziellen Metrica-Website an","breadcrumb":{"@id":"https:\/\/www.metrica.it\/de\/produkt\/just-in\/#breadcrumb"},"inLanguage":"de","potentialAction":[{"@type":"ReadAction","target":["https:\/\/www.metrica.it\/de\/produkt\/just-in\/"]}]},{"@type":"ImageObject","inLanguage":"de","@id":"https:\/\/www.metrica.it\/de\/produkt\/just-in\/#primaryimage","url":"https:\/\/www.metrica.it\/wp-content\/uploads\/2024\/05\/38206_1.jpg","contentUrl":"https:\/\/www.metrica.it\/wp-content\/uploads\/2024\/05\/38206_1.jpg","width":800,"height":800},{"@type":"BreadcrumbList","@id":"https:\/\/www.metrica.it\/de\/produkt\/just-in\/#breadcrumb","itemListElement":[{"@type":"ListItem","position":1,"name":"Home","item":"https:\/\/www.metrica.it\/de\/"},{"@type":"ListItem","position":2,"name":"Katalog","item":"https:\/\/www.metrica.it\/de\/katalog\/"},{"@type":"ListItem","position":3,"name":"Just-in"}]},{"@type":"WebSite","@id":"https:\/\/www.metrica.it\/de\/#website","url":"https:\/\/www.metrica.it\/de\/","name":"Metrica","description":"Made to measure","potentialAction":[{"@type":"SearchAction","target":{"@type":"EntryPoint","urlTemplate":"https:\/\/www.metrica.it\/de\/?s={search_term_string}"},"query-input":{"@type":"PropertyValueSpecification","valueRequired":true,"valueName":"search_term_string"}}],"inLanguage":"de"}]}},"meta_box":{"awr_documentation":[],"awr_manuale":[],"awr_scheda_tecnica":"","awr_youtube_video":"","awr_classe_prodotto":"CE_2","awr_customize_product":"0","awr_custom_image":false,"awr_related_products":[{"awr_product_name":"Just-in","awr_product_references":"ref:08206|ean:8001066082063|l:5 m|larghezza:19 mm|unit_misura:mm|b_mm:74|num_pz_gdo:6"},{"awr_product_name":"Just-in","awr_product_references":"ref:38206|ean:8001066382064|l:5 m|larghezza:19 mm|unit_misura:mm|b_mm:74|pack:12"}],"awr_consumabili":"","awr_alternativi":"","awr_aliases":"08206,38206","awr_skuid":"38206-it"},"_links":{"self":[{"href":"https:\/\/www.metrica.it\/de\/wp-json\/wp\/v2\/product\/143860","targetHints":{"allow":["GET"]}}],"collection":[{"href":"https:\/\/www.metrica.it\/de\/wp-json\/wp\/v2\/product"}],"about":[{"href":"https:\/\/www.metrica.it\/de\/wp-json\/wp\/v2\/types\/product"}],"wp:featuredmedia":[{"embeddable":true,"href":"https:\/\/www.metrica.it\/de\/wp-json\/wp\/v2\/media\/120189"}],"wp:attachment":[{"href":"https:\/\/www.metrica.it\/de\/wp-json\/wp\/v2\/media?parent=143860"}],"wp:term":[{"taxonomy":"product_cat","embeddable":true,"href":"https:\/\/www.metrica.it\/de\/wp-json\/wp\/v2\/product_cat?post=143860"},{"taxonomy":"product_tag","embeddable":true,"href":"https:\/\/www.metrica.it\/de\/wp-json\/wp\/v2\/product_tag?post=143860"}],"curies":[{"name":"wp","href":"https:\/\/api.w.org\/{rel}","templated":true}]}}