{"id":143966,"date":"2024-09-16T12:41:21","date_gmt":"2024-09-16T10:41:21","guid":{"rendered":"https:\/\/www.metrica.it\/prodotto\/uhr-dickenmessgerat\/"},"modified":"2024-09-16T21:33:07","modified_gmt":"2024-09-16T19:33:07","slug":"uhr-dickenmessgerat","status":"publish","type":"product","link":"https:\/\/www.metrica.it\/de\/produkt\/uhr-dickenmessgerat\/","title":{"rendered":"Uhr-dickenmessger\u00e4t"},"content":{"rendered":"<ul>\n<li>Ablesung 0,01 mm<\/li>\n<li>Aluminium Rahmen<\/li>\n<li>Abhebevorrichtung<\/li>\n<\/ul>\n","protected":false},"excerpt":{"rendered":"<p>Ablesung 0,01 mm<br \/>Aluminium Rahmen<br \/>Abhebevorrichtung<\/p>\n","protected":false},"featured_media":122412,"template":"","meta":[],"product_cat":[666,642],"product_tag":[],"class_list":{"0":"post-143966","1":"product","2":"type-product","3":"status-publish","4":"has-post-thumbnail","6":"product_cat-harteprufer-dickenmessgerate-schnelltaster","7":"product_cat-mechanische-messungen","9":"first","10":"instock","11":"sold-individually","12":"product-type-simple"},"yoast_head":"<title>Misuratore Di Spessore A Quadrante | H\u00e4rtepr\u00fcfer - Dickenmessger\u00e4te - Schnelltaster | Mechanische Messungen - Metrica<\/title>\n<meta name=\"description\" content=\"Entdecken Sie die Produktkollektion., Misuratore Di Spessore A Quadrante - H\u00e4rtepr\u00fcfer - Dickenmessger\u00e4te - Schnelltaster.Lettura 0,01 mm,Supporto in alluminio,Leva di sollevamento . Schauen Sie sich den Katalog auf der offiziellen Metrica-Website an\" \/>\n<meta name=\"robots\" content=\"index, follow, max-snippet:-1, max-image-preview:large, max-video-preview:-1\" \/>\n<link rel=\"canonical\" href=\"https:\/\/www.metrica.it\/de\/produkt\/uhr-dickenmessgerat\/\" \/>\n<meta property=\"og:locale\" content=\"de_DE\" \/>\n<meta property=\"og:type\" content=\"article\" \/>\n<meta property=\"og:title\" content=\"Misuratore Di Spessore A Quadrante | H\u00e4rtepr\u00fcfer - Dickenmessger\u00e4te - Schnelltaster | Mechanische Messungen - Metrica\" \/>\n<meta property=\"og:description\" content=\"Entdecken Sie die Produktkollektion., Misuratore Di Spessore A Quadrante - H\u00e4rtepr\u00fcfer - Dickenmessger\u00e4te - Schnelltaster.Lettura 0,01 mm,Supporto in alluminio,Leva di sollevamento . Schauen Sie sich den Katalog auf der offiziellen Metrica-Website an\" \/>\n<meta property=\"og:url\" content=\"https:\/\/www.metrica.it\/de\/produkt\/uhr-dickenmessgerat\/\" \/>\n<meta property=\"og:site_name\" content=\"Metrica\" \/>\n<meta property=\"article:modified_time\" content=\"2024-09-16T19:33:07+00:00\" \/>\n<meta property=\"og:image\" content=\"https:\/\/www.metrica.it\/wp-content\/uploads\/2024\/05\/43032.jpg\" \/>\n\t<meta property=\"og:image:width\" content=\"800\" \/>\n\t<meta property=\"og:image:height\" content=\"800\" \/>\n\t<meta property=\"og:image:type\" content=\"image\/jpeg\" \/>\n<meta name=\"twitter:card\" content=\"summary_large_image\" \/>\n<script type=\"application\/ld+json\" class=\"yoast-schema-graph\">{\"@context\":\"https:\\\/\\\/schema.org\",\"@graph\":[{\"@type\":\"WebPage\",\"@id\":\"https:\\\/\\\/www.metrica.it\\\/de\\\/produkt\\\/uhr-dickenmessgerat\\\/\",\"url\":\"https:\\\/\\\/www.metrica.it\\\/de\\\/produkt\\\/uhr-dickenmessgerat\\\/\",\"name\":\"Misuratore Di Spessore A Quadrante | H\u00e4rtepr\u00fcfer - Dickenmessger\u00e4te - Schnelltaster | Mechanische Messungen - Metrica\",\"isPartOf\":{\"@id\":\"https:\\\/\\\/www.metrica.it\\\/de\\\/#website\"},\"primaryImageOfPage\":{\"@id\":\"https:\\\/\\\/www.metrica.it\\\/de\\\/produkt\\\/uhr-dickenmessgerat\\\/#primaryimage\"},\"image\":{\"@id\":\"https:\\\/\\\/www.metrica.it\\\/de\\\/produkt\\\/uhr-dickenmessgerat\\\/#primaryimage\"},\"thumbnailUrl\":\"https:\\\/\\\/www.metrica.it\\\/wp-content\\\/uploads\\\/2024\\\/05\\\/43032.jpg\",\"datePublished\":\"2024-09-16T10:41:21+00:00\",\"dateModified\":\"2024-09-16T19:33:07+00:00\",\"description\":\"Entdecken Sie die Produktkollektion., Misuratore Di Spessore A Quadrante - H\u00e4rtepr\u00fcfer - Dickenmessger\u00e4te - Schnelltaster.Lettura 0,01 mm,Supporto in alluminio,Leva di sollevamento . Schauen Sie sich den Katalog auf der offiziellen Metrica-Website an\",\"breadcrumb\":{\"@id\":\"https:\\\/\\\/www.metrica.it\\\/de\\\/produkt\\\/uhr-dickenmessgerat\\\/#breadcrumb\"},\"inLanguage\":\"de\",\"potentialAction\":[{\"@type\":\"ReadAction\",\"target\":[\"https:\\\/\\\/www.metrica.it\\\/de\\\/produkt\\\/uhr-dickenmessgerat\\\/\"]}]},{\"@type\":\"ImageObject\",\"inLanguage\":\"de\",\"@id\":\"https:\\\/\\\/www.metrica.it\\\/de\\\/produkt\\\/uhr-dickenmessgerat\\\/#primaryimage\",\"url\":\"https:\\\/\\\/www.metrica.it\\\/wp-content\\\/uploads\\\/2024\\\/05\\\/43032.jpg\",\"contentUrl\":\"https:\\\/\\\/www.metrica.it\\\/wp-content\\\/uploads\\\/2024\\\/05\\\/43032.jpg\",\"width\":800,\"height\":800},{\"@type\":\"BreadcrumbList\",\"@id\":\"https:\\\/\\\/www.metrica.it\\\/de\\\/produkt\\\/uhr-dickenmessgerat\\\/#breadcrumb\",\"itemListElement\":[{\"@type\":\"ListItem\",\"position\":1,\"name\":\"Home\",\"item\":\"https:\\\/\\\/www.metrica.it\\\/de\\\/\"},{\"@type\":\"ListItem\",\"position\":2,\"name\":\"Katalog\",\"item\":\"https:\\\/\\\/www.metrica.it\\\/de\\\/katalog\\\/\"},{\"@type\":\"ListItem\",\"position\":3,\"name\":\"Uhr-dickenmessger\u00e4t\"}]},{\"@type\":\"WebSite\",\"@id\":\"https:\\\/\\\/www.metrica.it\\\/de\\\/#website\",\"url\":\"https:\\\/\\\/www.metrica.it\\\/de\\\/\",\"name\":\"Metrica\",\"description\":\"Made to measure\",\"potentialAction\":[{\"@type\":\"SearchAction\",\"target\":{\"@type\":\"EntryPoint\",\"urlTemplate\":\"https:\\\/\\\/www.metrica.it\\\/de\\\/?s={search_term_string}\"},\"query-input\":{\"@type\":\"PropertyValueSpecification\",\"valueRequired\":true,\"valueName\":\"search_term_string\"}}],\"inLanguage\":\"de\"}]}<\/script>","yoast_head_json":{"title":"Misuratore Di Spessore A Quadrante | H\u00e4rtepr\u00fcfer - Dickenmessger\u00e4te - Schnelltaster | Mechanische Messungen - Metrica","description":"Entdecken Sie die Produktkollektion., Misuratore Di Spessore A Quadrante - H\u00e4rtepr\u00fcfer - Dickenmessger\u00e4te - Schnelltaster.Lettura 0,01 mm,Supporto in alluminio,Leva di sollevamento . Schauen Sie sich den Katalog auf der offiziellen Metrica-Website an","robots":{"index":"index","follow":"follow","max-snippet":"max-snippet:-1","max-image-preview":"max-image-preview:large","max-video-preview":"max-video-preview:-1"},"canonical":"https:\/\/www.metrica.it\/de\/produkt\/uhr-dickenmessgerat\/","og_locale":"de_DE","og_type":"article","og_title":"Misuratore Di Spessore A Quadrante | H\u00e4rtepr\u00fcfer - Dickenmessger\u00e4te - Schnelltaster | Mechanische Messungen - Metrica","og_description":"Entdecken Sie die Produktkollektion., Misuratore Di Spessore A Quadrante - H\u00e4rtepr\u00fcfer - Dickenmessger\u00e4te - Schnelltaster.Lettura 0,01 mm,Supporto in alluminio,Leva di sollevamento . Schauen Sie sich den Katalog auf der offiziellen Metrica-Website an","og_url":"https:\/\/www.metrica.it\/de\/produkt\/uhr-dickenmessgerat\/","og_site_name":"Metrica","article_modified_time":"2024-09-16T19:33:07+00:00","og_image":[{"width":800,"height":800,"url":"https:\/\/www.metrica.it\/wp-content\/uploads\/2024\/05\/43032.jpg","type":"image\/jpeg"}],"twitter_card":"summary_large_image","schema":{"@context":"https:\/\/schema.org","@graph":[{"@type":"WebPage","@id":"https:\/\/www.metrica.it\/de\/produkt\/uhr-dickenmessgerat\/","url":"https:\/\/www.metrica.it\/de\/produkt\/uhr-dickenmessgerat\/","name":"Misuratore Di Spessore A Quadrante | H\u00e4rtepr\u00fcfer - Dickenmessger\u00e4te - Schnelltaster | Mechanische Messungen - Metrica","isPartOf":{"@id":"https:\/\/www.metrica.it\/de\/#website"},"primaryImageOfPage":{"@id":"https:\/\/www.metrica.it\/de\/produkt\/uhr-dickenmessgerat\/#primaryimage"},"image":{"@id":"https:\/\/www.metrica.it\/de\/produkt\/uhr-dickenmessgerat\/#primaryimage"},"thumbnailUrl":"https:\/\/www.metrica.it\/wp-content\/uploads\/2024\/05\/43032.jpg","datePublished":"2024-09-16T10:41:21+00:00","dateModified":"2024-09-16T19:33:07+00:00","description":"Entdecken Sie die Produktkollektion., Misuratore Di Spessore A Quadrante - H\u00e4rtepr\u00fcfer - Dickenmessger\u00e4te - Schnelltaster.Lettura 0,01 mm,Supporto in alluminio,Leva di sollevamento . Schauen Sie sich den Katalog auf der offiziellen Metrica-Website an","breadcrumb":{"@id":"https:\/\/www.metrica.it\/de\/produkt\/uhr-dickenmessgerat\/#breadcrumb"},"inLanguage":"de","potentialAction":[{"@type":"ReadAction","target":["https:\/\/www.metrica.it\/de\/produkt\/uhr-dickenmessgerat\/"]}]},{"@type":"ImageObject","inLanguage":"de","@id":"https:\/\/www.metrica.it\/de\/produkt\/uhr-dickenmessgerat\/#primaryimage","url":"https:\/\/www.metrica.it\/wp-content\/uploads\/2024\/05\/43032.jpg","contentUrl":"https:\/\/www.metrica.it\/wp-content\/uploads\/2024\/05\/43032.jpg","width":800,"height":800},{"@type":"BreadcrumbList","@id":"https:\/\/www.metrica.it\/de\/produkt\/uhr-dickenmessgerat\/#breadcrumb","itemListElement":[{"@type":"ListItem","position":1,"name":"Home","item":"https:\/\/www.metrica.it\/de\/"},{"@type":"ListItem","position":2,"name":"Katalog","item":"https:\/\/www.metrica.it\/de\/katalog\/"},{"@type":"ListItem","position":3,"name":"Uhr-dickenmessger\u00e4t"}]},{"@type":"WebSite","@id":"https:\/\/www.metrica.it\/de\/#website","url":"https:\/\/www.metrica.it\/de\/","name":"Metrica","description":"Made to measure","potentialAction":[{"@type":"SearchAction","target":{"@type":"EntryPoint","urlTemplate":"https:\/\/www.metrica.it\/de\/?s={search_term_string}"},"query-input":{"@type":"PropertyValueSpecification","valueRequired":true,"valueName":"search_term_string"}}],"inLanguage":"de"}]}},"meta_box":{"awr_documentation":[],"awr_manuale":[],"awr_scheda_tecnica":"","awr_youtube_video":"","awr_classe_prodotto":"","awr_customize_product":"0","awr_custom_image":false,"awr_related_products":[{"awr_product_name":"Misuratore Di Spessore A Quadrante","awr_product_references":"ref:43032|ean:8001066430321|c_mm:0 - 10|p_mm:50|unit_misura_mm:0.01|contatto:a|pack:1"},{"awr_product_name":"Misuratore Di Spessore A Quadrante","awr_product_references":"ref:43034|ean:8001066430345|c_mm:0 - 10|p_mm:200|unit_misura_mm:0.01|contatto:a|pack:1"},{"awr_product_name":"Misuratore Di Spessore A Quadrante","awr_product_references":"ref:43037|ean:8001066430376|c_mm:0 - 10|p_mm:120|unit_misura_mm:0.01|contatto:a|pack:1"}],"awr_consumabili":"","awr_alternativi":"","awr_aliases":"43032,43034,43037","awr_skuid":"43032-it"},"_links":{"self":[{"href":"https:\/\/www.metrica.it\/de\/wp-json\/wp\/v2\/product\/143966","targetHints":{"allow":["GET"]}}],"collection":[{"href":"https:\/\/www.metrica.it\/de\/wp-json\/wp\/v2\/product"}],"about":[{"href":"https:\/\/www.metrica.it\/de\/wp-json\/wp\/v2\/types\/product"}],"wp:featuredmedia":[{"embeddable":true,"href":"https:\/\/www.metrica.it\/de\/wp-json\/wp\/v2\/media\/122412"}],"wp:attachment":[{"href":"https:\/\/www.metrica.it\/de\/wp-json\/wp\/v2\/media?parent=143966"}],"wp:term":[{"taxonomy":"product_cat","embeddable":true,"href":"https:\/\/www.metrica.it\/de\/wp-json\/wp\/v2\/product_cat?post=143966"},{"taxonomy":"product_tag","embeddable":true,"href":"https:\/\/www.metrica.it\/de\/wp-json\/wp\/v2\/product_tag?post=143966"}],"curies":[{"name":"wp","href":"https:\/\/api.w.org\/{rel}","templated":true}]}}