{"id":144056,"date":"2024-09-16T12:34:39","date_gmt":"2024-09-16T10:34:39","guid":{"rendered":"https:\/\/www.metrica.it\/prodotto\/elektriker-schere-4\/"},"modified":"2024-09-16T21:25:32","modified_gmt":"2024-09-16T19:25:32","slug":"elektriker-schere-4","status":"publish","type":"product","link":"https:\/\/www.metrica.it\/de\/produkt\/elektriker-schere-4\/","title":{"rendered":"Elektriker-schere"},"content":{"rendered":"<ul>\n<li>Gerade Inox-Klinge mit doppeltem Scheidprofi l 15 mm<\/li>\n<li>Klingenh\u00e4rte 56 HRC<\/li>\n<li>Feinverzahnte Antirutsch-Klinge<\/li>\n<li>Mit Glasfaser verst\u00e4rkter Nylongriff, ergonomisch<\/li>\n<li>Ringe mit doppeltem Griff f\u00fcr mehr Schneidst\u00e4rke, und au\u00dfen aus TPR-Gummi<\/li>\n<\/ul>\n","protected":false},"excerpt":{"rendered":"<p>Gerade Inox-Klinge mit doppeltem Scheidprofi l 15 mm<br \/>Klingenh\u00e4rte 56 HRC<br \/>Feinverzahnte Antirutsch-Klinge<br \/>Mit Glasfaser verst\u00e4rkter Nylongriff, ergonomisch<br \/>Ringe mit doppeltem Griff f\u00fcr mehr Schneidst\u00e4rke, und au\u00dfen aus TPR-Gummi<\/p>\n","protected":false},"featured_media":125340,"template":"","meta":[],"product_cat":[690,674],"product_tag":[],"class_list":{"0":"post-144056","1":"product","2":"type-product","3":"status-publish","4":"has-post-thumbnail","6":"product_cat-scheren-und-scheren","7":"product_cat-schneiden","9":"first","10":"instock","11":"sold-individually","12":"product-type-simple"},"yoast_head":"<title>Forbici Elettricista | Scheren und Scheren | Schneiden - Metrica<\/title>\n<meta name=\"description\" content=\"Entdecken Sie die Produktkollektion., Forbici Elettricista - Scheren und Scheren.Lama retta inox con doppio profilo tagliente da 15 mm,Durezza lame 56 HRC,Lama con microdentatura antisc . Schauen Sie sich den Katalog auf der offiziellen Metrica-Website an\" \/>\n<meta name=\"robots\" content=\"index, follow, max-snippet:-1, max-image-preview:large, max-video-preview:-1\" \/>\n<link rel=\"canonical\" href=\"https:\/\/www.metrica.it\/de\/produkt\/elektriker-schere-4\/\" \/>\n<meta property=\"og:locale\" content=\"de_DE\" \/>\n<meta property=\"og:type\" content=\"article\" \/>\n<meta property=\"og:title\" content=\"Forbici Elettricista | Scheren und Scheren | Schneiden - Metrica\" \/>\n<meta property=\"og:description\" content=\"Entdecken Sie die Produktkollektion., Forbici Elettricista - Scheren und Scheren.Lama retta inox con doppio profilo tagliente da 15 mm,Durezza lame 56 HRC,Lama con microdentatura antisc . Schauen Sie sich den Katalog auf der offiziellen Metrica-Website an\" \/>\n<meta property=\"og:url\" content=\"https:\/\/www.metrica.it\/de\/produkt\/elektriker-schere-4\/\" \/>\n<meta property=\"og:site_name\" content=\"Metrica\" \/>\n<meta property=\"article:modified_time\" content=\"2024-09-16T19:25:32+00:00\" \/>\n<meta property=\"og:image\" content=\"https:\/\/www.metrica.it\/wp-content\/uploads\/2024\/05\/68777.jpg\" \/>\n\t<meta property=\"og:image:width\" content=\"800\" \/>\n\t<meta property=\"og:image:height\" content=\"800\" \/>\n\t<meta property=\"og:image:type\" content=\"image\/jpeg\" \/>\n<meta name=\"twitter:card\" content=\"summary_large_image\" \/>\n<script type=\"application\/ld+json\" class=\"yoast-schema-graph\">{\"@context\":\"https:\\\/\\\/schema.org\",\"@graph\":[{\"@type\":\"WebPage\",\"@id\":\"https:\\\/\\\/www.metrica.it\\\/de\\\/produkt\\\/elektriker-schere-4\\\/\",\"url\":\"https:\\\/\\\/www.metrica.it\\\/de\\\/produkt\\\/elektriker-schere-4\\\/\",\"name\":\"Forbici Elettricista | Scheren und Scheren | Schneiden - Metrica\",\"isPartOf\":{\"@id\":\"https:\\\/\\\/www.metrica.it\\\/de\\\/#website\"},\"primaryImageOfPage\":{\"@id\":\"https:\\\/\\\/www.metrica.it\\\/de\\\/produkt\\\/elektriker-schere-4\\\/#primaryimage\"},\"image\":{\"@id\":\"https:\\\/\\\/www.metrica.it\\\/de\\\/produkt\\\/elektriker-schere-4\\\/#primaryimage\"},\"thumbnailUrl\":\"https:\\\/\\\/www.metrica.it\\\/wp-content\\\/uploads\\\/2024\\\/05\\\/68777.jpg\",\"datePublished\":\"2024-09-16T10:34:39+00:00\",\"dateModified\":\"2024-09-16T19:25:32+00:00\",\"description\":\"Entdecken Sie die Produktkollektion., Forbici Elettricista - Scheren und Scheren.Lama retta inox con doppio profilo tagliente da 15 mm,Durezza lame 56 HRC,Lama con microdentatura antisc . Schauen Sie sich den Katalog auf der offiziellen Metrica-Website an\",\"breadcrumb\":{\"@id\":\"https:\\\/\\\/www.metrica.it\\\/de\\\/produkt\\\/elektriker-schere-4\\\/#breadcrumb\"},\"inLanguage\":\"de\",\"potentialAction\":[{\"@type\":\"ReadAction\",\"target\":[\"https:\\\/\\\/www.metrica.it\\\/de\\\/produkt\\\/elektriker-schere-4\\\/\"]}]},{\"@type\":\"ImageObject\",\"inLanguage\":\"de\",\"@id\":\"https:\\\/\\\/www.metrica.it\\\/de\\\/produkt\\\/elektriker-schere-4\\\/#primaryimage\",\"url\":\"https:\\\/\\\/www.metrica.it\\\/wp-content\\\/uploads\\\/2024\\\/05\\\/68777.jpg\",\"contentUrl\":\"https:\\\/\\\/www.metrica.it\\\/wp-content\\\/uploads\\\/2024\\\/05\\\/68777.jpg\",\"width\":800,\"height\":800},{\"@type\":\"BreadcrumbList\",\"@id\":\"https:\\\/\\\/www.metrica.it\\\/de\\\/produkt\\\/elektriker-schere-4\\\/#breadcrumb\",\"itemListElement\":[{\"@type\":\"ListItem\",\"position\":1,\"name\":\"Home\",\"item\":\"https:\\\/\\\/www.metrica.it\\\/de\\\/\"},{\"@type\":\"ListItem\",\"position\":2,\"name\":\"Katalog\",\"item\":\"https:\\\/\\\/www.metrica.it\\\/de\\\/katalog\\\/\"},{\"@type\":\"ListItem\",\"position\":3,\"name\":\"Elektriker-schere\"}]},{\"@type\":\"WebSite\",\"@id\":\"https:\\\/\\\/www.metrica.it\\\/de\\\/#website\",\"url\":\"https:\\\/\\\/www.metrica.it\\\/de\\\/\",\"name\":\"Metrica\",\"description\":\"Made to measure\",\"potentialAction\":[{\"@type\":\"SearchAction\",\"target\":{\"@type\":\"EntryPoint\",\"urlTemplate\":\"https:\\\/\\\/www.metrica.it\\\/de\\\/?s={search_term_string}\"},\"query-input\":{\"@type\":\"PropertyValueSpecification\",\"valueRequired\":true,\"valueName\":\"search_term_string\"}}],\"inLanguage\":\"de\"}]}<\/script>","yoast_head_json":{"title":"Forbici Elettricista | Scheren und Scheren | Schneiden - Metrica","description":"Entdecken Sie die Produktkollektion., Forbici Elettricista - Scheren und Scheren.Lama retta inox con doppio profilo tagliente da 15 mm,Durezza lame 56 HRC,Lama con microdentatura antisc . Schauen Sie sich den Katalog auf der offiziellen Metrica-Website an","robots":{"index":"index","follow":"follow","max-snippet":"max-snippet:-1","max-image-preview":"max-image-preview:large","max-video-preview":"max-video-preview:-1"},"canonical":"https:\/\/www.metrica.it\/de\/produkt\/elektriker-schere-4\/","og_locale":"de_DE","og_type":"article","og_title":"Forbici Elettricista | Scheren und Scheren | Schneiden - Metrica","og_description":"Entdecken Sie die Produktkollektion., Forbici Elettricista - Scheren und Scheren.Lama retta inox con doppio profilo tagliente da 15 mm,Durezza lame 56 HRC,Lama con microdentatura antisc . Schauen Sie sich den Katalog auf der offiziellen Metrica-Website an","og_url":"https:\/\/www.metrica.it\/de\/produkt\/elektriker-schere-4\/","og_site_name":"Metrica","article_modified_time":"2024-09-16T19:25:32+00:00","og_image":[{"width":800,"height":800,"url":"https:\/\/www.metrica.it\/wp-content\/uploads\/2024\/05\/68777.jpg","type":"image\/jpeg"}],"twitter_card":"summary_large_image","schema":{"@context":"https:\/\/schema.org","@graph":[{"@type":"WebPage","@id":"https:\/\/www.metrica.it\/de\/produkt\/elektriker-schere-4\/","url":"https:\/\/www.metrica.it\/de\/produkt\/elektriker-schere-4\/","name":"Forbici Elettricista | Scheren und Scheren | Schneiden - Metrica","isPartOf":{"@id":"https:\/\/www.metrica.it\/de\/#website"},"primaryImageOfPage":{"@id":"https:\/\/www.metrica.it\/de\/produkt\/elektriker-schere-4\/#primaryimage"},"image":{"@id":"https:\/\/www.metrica.it\/de\/produkt\/elektriker-schere-4\/#primaryimage"},"thumbnailUrl":"https:\/\/www.metrica.it\/wp-content\/uploads\/2024\/05\/68777.jpg","datePublished":"2024-09-16T10:34:39+00:00","dateModified":"2024-09-16T19:25:32+00:00","description":"Entdecken Sie die Produktkollektion., Forbici Elettricista - Scheren und Scheren.Lama retta inox con doppio profilo tagliente da 15 mm,Durezza lame 56 HRC,Lama con microdentatura antisc . Schauen Sie sich den Katalog auf der offiziellen Metrica-Website an","breadcrumb":{"@id":"https:\/\/www.metrica.it\/de\/produkt\/elektriker-schere-4\/#breadcrumb"},"inLanguage":"de","potentialAction":[{"@type":"ReadAction","target":["https:\/\/www.metrica.it\/de\/produkt\/elektriker-schere-4\/"]}]},{"@type":"ImageObject","inLanguage":"de","@id":"https:\/\/www.metrica.it\/de\/produkt\/elektriker-schere-4\/#primaryimage","url":"https:\/\/www.metrica.it\/wp-content\/uploads\/2024\/05\/68777.jpg","contentUrl":"https:\/\/www.metrica.it\/wp-content\/uploads\/2024\/05\/68777.jpg","width":800,"height":800},{"@type":"BreadcrumbList","@id":"https:\/\/www.metrica.it\/de\/produkt\/elektriker-schere-4\/#breadcrumb","itemListElement":[{"@type":"ListItem","position":1,"name":"Home","item":"https:\/\/www.metrica.it\/de\/"},{"@type":"ListItem","position":2,"name":"Katalog","item":"https:\/\/www.metrica.it\/de\/katalog\/"},{"@type":"ListItem","position":3,"name":"Elektriker-schere"}]},{"@type":"WebSite","@id":"https:\/\/www.metrica.it\/de\/#website","url":"https:\/\/www.metrica.it\/de\/","name":"Metrica","description":"Made to measure","potentialAction":[{"@type":"SearchAction","target":{"@type":"EntryPoint","urlTemplate":"https:\/\/www.metrica.it\/de\/?s={search_term_string}"},"query-input":{"@type":"PropertyValueSpecification","valueRequired":true,"valueName":"search_term_string"}}],"inLanguage":"de"}]}},"meta_box":{"awr_documentation":[],"awr_manuale":[],"awr_scheda_tecnica":"","awr_youtube_video":"","awr_classe_prodotto":"","awr_customize_product":"0","awr_custom_image":false,"awr_related_products":[{"awr_product_name":"Forbici Elettricista","awr_product_references":"ref:68777|ean:8001066687770|a_mm:150|num_pz_gdo:10"}],"awr_consumabili":"","awr_alternativi":"","awr_aliases":"68777","awr_skuid":"68777-it"},"_links":{"self":[{"href":"https:\/\/www.metrica.it\/de\/wp-json\/wp\/v2\/product\/144056","targetHints":{"allow":["GET"]}}],"collection":[{"href":"https:\/\/www.metrica.it\/de\/wp-json\/wp\/v2\/product"}],"about":[{"href":"https:\/\/www.metrica.it\/de\/wp-json\/wp\/v2\/types\/product"}],"wp:featuredmedia":[{"embeddable":true,"href":"https:\/\/www.metrica.it\/de\/wp-json\/wp\/v2\/media\/125340"}],"wp:attachment":[{"href":"https:\/\/www.metrica.it\/de\/wp-json\/wp\/v2\/media?parent=144056"}],"wp:term":[{"taxonomy":"product_cat","embeddable":true,"href":"https:\/\/www.metrica.it\/de\/wp-json\/wp\/v2\/product_cat?post=144056"},{"taxonomy":"product_tag","embeddable":true,"href":"https:\/\/www.metrica.it\/de\/wp-json\/wp\/v2\/product_tag?post=144056"}],"curies":[{"name":"wp","href":"https:\/\/api.w.org\/{rel}","templated":true}]}}