{"id":144086,"date":"2024-09-16T12:17:47","date_gmt":"2024-09-16T10:17:47","guid":{"rendered":"https:\/\/www.metrica.it\/prodotto\/zimmermannsmassstab\/"},"modified":"2024-09-16T21:06:14","modified_gmt":"2024-09-16T19:06:14","slug":"zimmermannsmassstab","status":"publish","type":"product","link":"https:\/\/www.metrica.it\/de\/produkt\/zimmermannsmassstab\/","title":{"rendered":"Zimmermannsmassstab"},"content":{"rendered":"<ul>\n<li>Starrer Ma\u00dfstab, poliert<\/li>\n<li>Querschnitt 30 x 1 mm<\/li>\n<li>Aus geh\u00e4rtetem Stahl<\/li>\n<li>Gravierte und geschw\u00e4rzte Teilung<\/li>\n<li>Teilung auf beiden Seiten<\/li>\n<li>Teilung in mm\/cm<\/li>\n<\/ul>\n","protected":false},"excerpt":{"rendered":"<p>Starrer Ma\u00dfstab, poliert<br \/>Querschnitt 30 x 1 mm<br \/>Aus geh\u00e4rtetem Stahl<br \/>Gravierte und geschw\u00e4rzte Teilung<br \/>Teilung auf beiden Seiten<br \/>Teilung in mm\/cm<\/p>\n","protected":false},"featured_media":131864,"template":"","meta":[],"product_cat":[50,610],"product_tag":[],"class_list":{"0":"post-144086","1":"product","2":"type-product","3":"status-publish","4":"has-post-thumbnail","6":"product_cat-laengenmessungen","7":"product_cat-masstabe-masbander-durchmessermassbander","9":"first","10":"instock","11":"sold-individually","12":"product-type-simple"},"yoast_head":"<title>Riga Da Carpentiere | Ma\u00dfst\u00e4be - Ma\u00dfb\u00e4nder - Durchmessermassb\u00e4nder | L\u00e4ngenmessungen - Metrica<\/title>\n<meta name=\"description\" content=\"Entdecken Sie die Produktkollektion., Riga Da Carpentiere - Ma\u00dfst\u00e4be - Ma\u00dfb\u00e4nder - Durchmessermassb\u00e4nder.Riga rigida satinata,Sezione 30 x 1 mm,Acciao temprato . Schauen Sie sich den Katalog auf der offiziellen Metrica-Website an\" \/>\n<meta name=\"robots\" content=\"index, follow, max-snippet:-1, max-image-preview:large, max-video-preview:-1\" \/>\n<link rel=\"canonical\" href=\"https:\/\/www.metrica.it\/de\/produkt\/zimmermannsmassstab\/\" \/>\n<meta property=\"og:locale\" content=\"de_DE\" \/>\n<meta property=\"og:type\" content=\"article\" \/>\n<meta property=\"og:title\" content=\"Riga Da Carpentiere | Ma\u00dfst\u00e4be - Ma\u00dfb\u00e4nder - Durchmessermassb\u00e4nder | L\u00e4ngenmessungen - Metrica\" \/>\n<meta property=\"og:description\" content=\"Entdecken Sie die Produktkollektion., Riga Da Carpentiere - Ma\u00dfst\u00e4be - Ma\u00dfb\u00e4nder - Durchmessermassb\u00e4nder.Riga rigida satinata,Sezione 30 x 1 mm,Acciao temprato . Schauen Sie sich den Katalog auf der offiziellen Metrica-Website an\" \/>\n<meta property=\"og:url\" content=\"https:\/\/www.metrica.it\/de\/produkt\/zimmermannsmassstab\/\" \/>\n<meta property=\"og:site_name\" content=\"Metrica\" \/>\n<meta property=\"article:modified_time\" content=\"2024-09-16T19:06:14+00:00\" \/>\n<meta property=\"og:image\" content=\"https:\/\/www.metrica.it\/wp-content\/uploads\/2024\/06\/25200_1.jpg\" \/>\n\t<meta property=\"og:image:width\" content=\"800\" \/>\n\t<meta property=\"og:image:height\" content=\"800\" \/>\n\t<meta property=\"og:image:type\" content=\"image\/jpeg\" \/>\n<meta name=\"twitter:card\" content=\"summary_large_image\" \/>\n<script type=\"application\/ld+json\" class=\"yoast-schema-graph\">{\"@context\":\"https:\\\/\\\/schema.org\",\"@graph\":[{\"@type\":\"WebPage\",\"@id\":\"https:\\\/\\\/www.metrica.it\\\/de\\\/produkt\\\/zimmermannsmassstab\\\/\",\"url\":\"https:\\\/\\\/www.metrica.it\\\/de\\\/produkt\\\/zimmermannsmassstab\\\/\",\"name\":\"Riga Da Carpentiere | Ma\u00dfst\u00e4be - Ma\u00dfb\u00e4nder - Durchmessermassb\u00e4nder | L\u00e4ngenmessungen - Metrica\",\"isPartOf\":{\"@id\":\"https:\\\/\\\/www.metrica.it\\\/de\\\/#website\"},\"primaryImageOfPage\":{\"@id\":\"https:\\\/\\\/www.metrica.it\\\/de\\\/produkt\\\/zimmermannsmassstab\\\/#primaryimage\"},\"image\":{\"@id\":\"https:\\\/\\\/www.metrica.it\\\/de\\\/produkt\\\/zimmermannsmassstab\\\/#primaryimage\"},\"thumbnailUrl\":\"https:\\\/\\\/www.metrica.it\\\/wp-content\\\/uploads\\\/2024\\\/06\\\/25200_1.jpg\",\"datePublished\":\"2024-09-16T10:17:47+00:00\",\"dateModified\":\"2024-09-16T19:06:14+00:00\",\"description\":\"Entdecken Sie die Produktkollektion., Riga Da Carpentiere - Ma\u00dfst\u00e4be - Ma\u00dfb\u00e4nder - Durchmessermassb\u00e4nder.Riga rigida satinata,Sezione 30 x 1 mm,Acciao temprato . Schauen Sie sich den Katalog auf der offiziellen Metrica-Website an\",\"breadcrumb\":{\"@id\":\"https:\\\/\\\/www.metrica.it\\\/de\\\/produkt\\\/zimmermannsmassstab\\\/#breadcrumb\"},\"inLanguage\":\"de\",\"potentialAction\":[{\"@type\":\"ReadAction\",\"target\":[\"https:\\\/\\\/www.metrica.it\\\/de\\\/produkt\\\/zimmermannsmassstab\\\/\"]}]},{\"@type\":\"ImageObject\",\"inLanguage\":\"de\",\"@id\":\"https:\\\/\\\/www.metrica.it\\\/de\\\/produkt\\\/zimmermannsmassstab\\\/#primaryimage\",\"url\":\"https:\\\/\\\/www.metrica.it\\\/wp-content\\\/uploads\\\/2024\\\/06\\\/25200_1.jpg\",\"contentUrl\":\"https:\\\/\\\/www.metrica.it\\\/wp-content\\\/uploads\\\/2024\\\/06\\\/25200_1.jpg\",\"width\":800,\"height\":800},{\"@type\":\"BreadcrumbList\",\"@id\":\"https:\\\/\\\/www.metrica.it\\\/de\\\/produkt\\\/zimmermannsmassstab\\\/#breadcrumb\",\"itemListElement\":[{\"@type\":\"ListItem\",\"position\":1,\"name\":\"Home\",\"item\":\"https:\\\/\\\/www.metrica.it\\\/de\\\/\"},{\"@type\":\"ListItem\",\"position\":2,\"name\":\"Katalog\",\"item\":\"https:\\\/\\\/www.metrica.it\\\/de\\\/katalog\\\/\"},{\"@type\":\"ListItem\",\"position\":3,\"name\":\"Zimmermannsmassstab\"}]},{\"@type\":\"WebSite\",\"@id\":\"https:\\\/\\\/www.metrica.it\\\/de\\\/#website\",\"url\":\"https:\\\/\\\/www.metrica.it\\\/de\\\/\",\"name\":\"Metrica\",\"description\":\"Made to measure\",\"potentialAction\":[{\"@type\":\"SearchAction\",\"target\":{\"@type\":\"EntryPoint\",\"urlTemplate\":\"https:\\\/\\\/www.metrica.it\\\/de\\\/?s={search_term_string}\"},\"query-input\":{\"@type\":\"PropertyValueSpecification\",\"valueRequired\":true,\"valueName\":\"search_term_string\"}}],\"inLanguage\":\"de\"}]}<\/script>","yoast_head_json":{"title":"Riga Da Carpentiere | Ma\u00dfst\u00e4be - Ma\u00dfb\u00e4nder - Durchmessermassb\u00e4nder | L\u00e4ngenmessungen - Metrica","description":"Entdecken Sie die Produktkollektion., Riga Da Carpentiere - Ma\u00dfst\u00e4be - Ma\u00dfb\u00e4nder - Durchmessermassb\u00e4nder.Riga rigida satinata,Sezione 30 x 1 mm,Acciao temprato . Schauen Sie sich den Katalog auf der offiziellen Metrica-Website an","robots":{"index":"index","follow":"follow","max-snippet":"max-snippet:-1","max-image-preview":"max-image-preview:large","max-video-preview":"max-video-preview:-1"},"canonical":"https:\/\/www.metrica.it\/de\/produkt\/zimmermannsmassstab\/","og_locale":"de_DE","og_type":"article","og_title":"Riga Da Carpentiere | Ma\u00dfst\u00e4be - Ma\u00dfb\u00e4nder - Durchmessermassb\u00e4nder | L\u00e4ngenmessungen - Metrica","og_description":"Entdecken Sie die Produktkollektion., Riga Da Carpentiere - Ma\u00dfst\u00e4be - Ma\u00dfb\u00e4nder - Durchmessermassb\u00e4nder.Riga rigida satinata,Sezione 30 x 1 mm,Acciao temprato . Schauen Sie sich den Katalog auf der offiziellen Metrica-Website an","og_url":"https:\/\/www.metrica.it\/de\/produkt\/zimmermannsmassstab\/","og_site_name":"Metrica","article_modified_time":"2024-09-16T19:06:14+00:00","og_image":[{"width":800,"height":800,"url":"https:\/\/www.metrica.it\/wp-content\/uploads\/2024\/06\/25200_1.jpg","type":"image\/jpeg"}],"twitter_card":"summary_large_image","schema":{"@context":"https:\/\/schema.org","@graph":[{"@type":"WebPage","@id":"https:\/\/www.metrica.it\/de\/produkt\/zimmermannsmassstab\/","url":"https:\/\/www.metrica.it\/de\/produkt\/zimmermannsmassstab\/","name":"Riga Da Carpentiere | Ma\u00dfst\u00e4be - Ma\u00dfb\u00e4nder - Durchmessermassb\u00e4nder | L\u00e4ngenmessungen - Metrica","isPartOf":{"@id":"https:\/\/www.metrica.it\/de\/#website"},"primaryImageOfPage":{"@id":"https:\/\/www.metrica.it\/de\/produkt\/zimmermannsmassstab\/#primaryimage"},"image":{"@id":"https:\/\/www.metrica.it\/de\/produkt\/zimmermannsmassstab\/#primaryimage"},"thumbnailUrl":"https:\/\/www.metrica.it\/wp-content\/uploads\/2024\/06\/25200_1.jpg","datePublished":"2024-09-16T10:17:47+00:00","dateModified":"2024-09-16T19:06:14+00:00","description":"Entdecken Sie die Produktkollektion., Riga Da Carpentiere - Ma\u00dfst\u00e4be - Ma\u00dfb\u00e4nder - Durchmessermassb\u00e4nder.Riga rigida satinata,Sezione 30 x 1 mm,Acciao temprato . Schauen Sie sich den Katalog auf der offiziellen Metrica-Website an","breadcrumb":{"@id":"https:\/\/www.metrica.it\/de\/produkt\/zimmermannsmassstab\/#breadcrumb"},"inLanguage":"de","potentialAction":[{"@type":"ReadAction","target":["https:\/\/www.metrica.it\/de\/produkt\/zimmermannsmassstab\/"]}]},{"@type":"ImageObject","inLanguage":"de","@id":"https:\/\/www.metrica.it\/de\/produkt\/zimmermannsmassstab\/#primaryimage","url":"https:\/\/www.metrica.it\/wp-content\/uploads\/2024\/06\/25200_1.jpg","contentUrl":"https:\/\/www.metrica.it\/wp-content\/uploads\/2024\/06\/25200_1.jpg","width":800,"height":800},{"@type":"BreadcrumbList","@id":"https:\/\/www.metrica.it\/de\/produkt\/zimmermannsmassstab\/#breadcrumb","itemListElement":[{"@type":"ListItem","position":1,"name":"Home","item":"https:\/\/www.metrica.it\/de\/"},{"@type":"ListItem","position":2,"name":"Katalog","item":"https:\/\/www.metrica.it\/de\/katalog\/"},{"@type":"ListItem","position":3,"name":"Zimmermannsmassstab"}]},{"@type":"WebSite","@id":"https:\/\/www.metrica.it\/de\/#website","url":"https:\/\/www.metrica.it\/de\/","name":"Metrica","description":"Made to measure","potentialAction":[{"@type":"SearchAction","target":{"@type":"EntryPoint","urlTemplate":"https:\/\/www.metrica.it\/de\/?s={search_term_string}"},"query-input":{"@type":"PropertyValueSpecification","valueRequired":true,"valueName":"search_term_string"}}],"inLanguage":"de"}]}},"meta_box":{"awr_documentation":[],"awr_manuale":[],"awr_scheda_tecnica":"","awr_youtube_video":"","awr_classe_prodotto":"","awr_customize_product":"0","awr_custom_image":false,"awr_related_products":[{"awr_product_name":"Riga Da Carpentiere","awr_product_references":"ref:25200|ean:8001066252008|l_mm:350|unit_misura:mm\/cm|pack:1"}],"awr_consumabili":"","awr_alternativi":"","awr_aliases":"25200","awr_skuid":"25200-it"},"_links":{"self":[{"href":"https:\/\/www.metrica.it\/de\/wp-json\/wp\/v2\/product\/144086","targetHints":{"allow":["GET"]}}],"collection":[{"href":"https:\/\/www.metrica.it\/de\/wp-json\/wp\/v2\/product"}],"about":[{"href":"https:\/\/www.metrica.it\/de\/wp-json\/wp\/v2\/types\/product"}],"wp:featuredmedia":[{"embeddable":true,"href":"https:\/\/www.metrica.it\/de\/wp-json\/wp\/v2\/media\/131864"}],"wp:attachment":[{"href":"https:\/\/www.metrica.it\/de\/wp-json\/wp\/v2\/media?parent=144086"}],"wp:term":[{"taxonomy":"product_cat","embeddable":true,"href":"https:\/\/www.metrica.it\/de\/wp-json\/wp\/v2\/product_cat?post=144086"},{"taxonomy":"product_tag","embeddable":true,"href":"https:\/\/www.metrica.it\/de\/wp-json\/wp\/v2\/product_tag?post=144086"}],"curies":[{"name":"wp","href":"https:\/\/api.w.org\/{rel}","templated":true}]}}