{"id":144166,"date":"2024-09-16T11:41:10","date_gmt":"2024-09-16T09:41:10","guid":{"rendered":"https:\/\/www.metrica.it\/prodotto\/teleskopische-klemmsaule\/"},"modified":"2024-09-16T20:31:27","modified_gmt":"2024-09-16T18:31:27","slug":"teleskopische-klemmsaule","status":"publish","type":"product","link":"https:\/\/www.metrica.it\/de\/produkt\/teleskopische-klemmsaule\/","title":{"rendered":"Teleskopische Klemms\u00e4ule"},"content":{"rendered":"<ul>\n<li>Besteht aus 4 verschraubbaren Teile (max. 3,60 m)<\/li>\n<li>Verschiebbarer Teller<\/li>\n<li>Code 60560 mit Stativ<\/li>\n<li>H\u00f6henverstellung durch eine Teleskopstange mit Zwingefeststellung<\/li>\n<li>Verschiebbare Teller entlang der vertikalen mit Hebelfeststellung mit Gewinde 5\/8&#8220;<\/li>\n<li>Versehen mit Verl\u00e4ngerung 5\/8&#8243; (Code 60810)<\/li>\n<\/ul>\n","protected":false},"excerpt":{"rendered":"<p>Besteht aus 4 verschraubbaren Teile (max. 3,60 m)<br \/>Verschiebbarer Teller<br \/>Code 60560 mit Stativ<br \/>H\u00f6henverstellung durch eine Teleskopstange mit Zwingefeststellung<br \/>Verschiebbare Teller entlang der vertikalen mit Hebelfeststellung mit Gewinde 5\/8&#8220;<br \/>Versehen mit Verl\u00e4ngerung 5\/8&#8243; (Code 60810) <\/p>\n","protected":false},"featured_media":128680,"template":"","meta":[],"product_cat":[516,519],"product_tag":[],"class_list":{"0":"post-144166","1":"product","2":"type-product","3":"status-publish","4":"has-post-thumbnail","6":"product_cat-laser-und-warmebildkameras","7":"product_cat-zubehore-fur-laser","9":"first","10":"instock","11":"sold-individually","12":"product-type-simple"},"yoast_head":"<title>Aste Telescopiche Con Staffa | Zubeh\u00f6re f\u00fcr Laser | Laser und W\u00e4rmebildkameras - Metrica<\/title>\n<meta name=\"description\" content=\"Entdecken Sie die Produktkollektion., Aste Telescopiche Con Staffa - Zubeh\u00f6re f\u00fcr Laser.Costituita da 4 pezzi avvitabili (max 3,60 m),Piano di appoggio scorrevole,Con treppiede di sos . Schauen Sie sich den Katalog auf der offiziellen Metrica-Website an\" \/>\n<meta name=\"robots\" content=\"index, follow, max-snippet:-1, max-image-preview:large, max-video-preview:-1\" \/>\n<link rel=\"canonical\" href=\"https:\/\/www.metrica.it\/de\/produkt\/teleskopische-klemmsaule\/\" \/>\n<meta property=\"og:locale\" content=\"de_DE\" \/>\n<meta property=\"og:type\" content=\"article\" \/>\n<meta property=\"og:title\" content=\"Aste Telescopiche Con Staffa | Zubeh\u00f6re f\u00fcr Laser | Laser und W\u00e4rmebildkameras - Metrica\" \/>\n<meta property=\"og:description\" content=\"Entdecken Sie die Produktkollektion., Aste Telescopiche Con Staffa - Zubeh\u00f6re f\u00fcr Laser.Costituita da 4 pezzi avvitabili (max 3,60 m),Piano di appoggio scorrevole,Con treppiede di sos . Schauen Sie sich den Katalog auf der offiziellen Metrica-Website an\" \/>\n<meta property=\"og:url\" content=\"https:\/\/www.metrica.it\/de\/produkt\/teleskopische-klemmsaule\/\" \/>\n<meta property=\"og:site_name\" content=\"Metrica\" \/>\n<meta property=\"article:modified_time\" content=\"2024-09-16T18:31:27+00:00\" \/>\n<meta property=\"og:image\" content=\"https:\/\/www.metrica.it\/wp-content\/uploads\/2024\/06\/60559_60560_3.jpg\" \/>\n\t<meta property=\"og:image:width\" content=\"800\" \/>\n\t<meta property=\"og:image:height\" content=\"800\" \/>\n\t<meta property=\"og:image:type\" content=\"image\/jpeg\" \/>\n<meta name=\"twitter:card\" content=\"summary_large_image\" \/>\n<script type=\"application\/ld+json\" class=\"yoast-schema-graph\">{\"@context\":\"https:\\\/\\\/schema.org\",\"@graph\":[{\"@type\":\"WebPage\",\"@id\":\"https:\\\/\\\/www.metrica.it\\\/de\\\/produkt\\\/teleskopische-klemmsaule\\\/\",\"url\":\"https:\\\/\\\/www.metrica.it\\\/de\\\/produkt\\\/teleskopische-klemmsaule\\\/\",\"name\":\"Aste Telescopiche Con Staffa | Zubeh\u00f6re f\u00fcr Laser | Laser und W\u00e4rmebildkameras - Metrica\",\"isPartOf\":{\"@id\":\"https:\\\/\\\/www.metrica.it\\\/de\\\/#website\"},\"primaryImageOfPage\":{\"@id\":\"https:\\\/\\\/www.metrica.it\\\/de\\\/produkt\\\/teleskopische-klemmsaule\\\/#primaryimage\"},\"image\":{\"@id\":\"https:\\\/\\\/www.metrica.it\\\/de\\\/produkt\\\/teleskopische-klemmsaule\\\/#primaryimage\"},\"thumbnailUrl\":\"https:\\\/\\\/www.metrica.it\\\/wp-content\\\/uploads\\\/2024\\\/06\\\/60559_60560_3.jpg\",\"datePublished\":\"2024-09-16T09:41:10+00:00\",\"dateModified\":\"2024-09-16T18:31:27+00:00\",\"description\":\"Entdecken Sie die Produktkollektion., Aste Telescopiche Con Staffa - Zubeh\u00f6re f\u00fcr Laser.Costituita da 4 pezzi avvitabili (max 3,60 m),Piano di appoggio scorrevole,Con treppiede di sos . Schauen Sie sich den Katalog auf der offiziellen Metrica-Website an\",\"breadcrumb\":{\"@id\":\"https:\\\/\\\/www.metrica.it\\\/de\\\/produkt\\\/teleskopische-klemmsaule\\\/#breadcrumb\"},\"inLanguage\":\"de\",\"potentialAction\":[{\"@type\":\"ReadAction\",\"target\":[\"https:\\\/\\\/www.metrica.it\\\/de\\\/produkt\\\/teleskopische-klemmsaule\\\/\"]}]},{\"@type\":\"ImageObject\",\"inLanguage\":\"de\",\"@id\":\"https:\\\/\\\/www.metrica.it\\\/de\\\/produkt\\\/teleskopische-klemmsaule\\\/#primaryimage\",\"url\":\"https:\\\/\\\/www.metrica.it\\\/wp-content\\\/uploads\\\/2024\\\/06\\\/60559_60560_3.jpg\",\"contentUrl\":\"https:\\\/\\\/www.metrica.it\\\/wp-content\\\/uploads\\\/2024\\\/06\\\/60559_60560_3.jpg\",\"width\":800,\"height\":800},{\"@type\":\"BreadcrumbList\",\"@id\":\"https:\\\/\\\/www.metrica.it\\\/de\\\/produkt\\\/teleskopische-klemmsaule\\\/#breadcrumb\",\"itemListElement\":[{\"@type\":\"ListItem\",\"position\":1,\"name\":\"Home\",\"item\":\"https:\\\/\\\/www.metrica.it\\\/de\\\/\"},{\"@type\":\"ListItem\",\"position\":2,\"name\":\"Katalog\",\"item\":\"https:\\\/\\\/www.metrica.it\\\/de\\\/katalog\\\/\"},{\"@type\":\"ListItem\",\"position\":3,\"name\":\"Teleskopische Klemms\u00e4ule\"}]},{\"@type\":\"WebSite\",\"@id\":\"https:\\\/\\\/www.metrica.it\\\/de\\\/#website\",\"url\":\"https:\\\/\\\/www.metrica.it\\\/de\\\/\",\"name\":\"Metrica\",\"description\":\"Made to measure\",\"potentialAction\":[{\"@type\":\"SearchAction\",\"target\":{\"@type\":\"EntryPoint\",\"urlTemplate\":\"https:\\\/\\\/www.metrica.it\\\/de\\\/?s={search_term_string}\"},\"query-input\":{\"@type\":\"PropertyValueSpecification\",\"valueRequired\":true,\"valueName\":\"search_term_string\"}}],\"inLanguage\":\"de\"}]}<\/script>","yoast_head_json":{"title":"Aste Telescopiche Con Staffa | Zubeh\u00f6re f\u00fcr Laser | Laser und W\u00e4rmebildkameras - Metrica","description":"Entdecken Sie die Produktkollektion., Aste Telescopiche Con Staffa - Zubeh\u00f6re f\u00fcr Laser.Costituita da 4 pezzi avvitabili (max 3,60 m),Piano di appoggio scorrevole,Con treppiede di sos . Schauen Sie sich den Katalog auf der offiziellen Metrica-Website an","robots":{"index":"index","follow":"follow","max-snippet":"max-snippet:-1","max-image-preview":"max-image-preview:large","max-video-preview":"max-video-preview:-1"},"canonical":"https:\/\/www.metrica.it\/de\/produkt\/teleskopische-klemmsaule\/","og_locale":"de_DE","og_type":"article","og_title":"Aste Telescopiche Con Staffa | Zubeh\u00f6re f\u00fcr Laser | Laser und W\u00e4rmebildkameras - Metrica","og_description":"Entdecken Sie die Produktkollektion., Aste Telescopiche Con Staffa - Zubeh\u00f6re f\u00fcr Laser.Costituita da 4 pezzi avvitabili (max 3,60 m),Piano di appoggio scorrevole,Con treppiede di sos . Schauen Sie sich den Katalog auf der offiziellen Metrica-Website an","og_url":"https:\/\/www.metrica.it\/de\/produkt\/teleskopische-klemmsaule\/","og_site_name":"Metrica","article_modified_time":"2024-09-16T18:31:27+00:00","og_image":[{"width":800,"height":800,"url":"https:\/\/www.metrica.it\/wp-content\/uploads\/2024\/06\/60559_60560_3.jpg","type":"image\/jpeg"}],"twitter_card":"summary_large_image","schema":{"@context":"https:\/\/schema.org","@graph":[{"@type":"WebPage","@id":"https:\/\/www.metrica.it\/de\/produkt\/teleskopische-klemmsaule\/","url":"https:\/\/www.metrica.it\/de\/produkt\/teleskopische-klemmsaule\/","name":"Aste Telescopiche Con Staffa | Zubeh\u00f6re f\u00fcr Laser | Laser und W\u00e4rmebildkameras - Metrica","isPartOf":{"@id":"https:\/\/www.metrica.it\/de\/#website"},"primaryImageOfPage":{"@id":"https:\/\/www.metrica.it\/de\/produkt\/teleskopische-klemmsaule\/#primaryimage"},"image":{"@id":"https:\/\/www.metrica.it\/de\/produkt\/teleskopische-klemmsaule\/#primaryimage"},"thumbnailUrl":"https:\/\/www.metrica.it\/wp-content\/uploads\/2024\/06\/60559_60560_3.jpg","datePublished":"2024-09-16T09:41:10+00:00","dateModified":"2024-09-16T18:31:27+00:00","description":"Entdecken Sie die Produktkollektion., Aste Telescopiche Con Staffa - Zubeh\u00f6re f\u00fcr Laser.Costituita da 4 pezzi avvitabili (max 3,60 m),Piano di appoggio scorrevole,Con treppiede di sos . Schauen Sie sich den Katalog auf der offiziellen Metrica-Website an","breadcrumb":{"@id":"https:\/\/www.metrica.it\/de\/produkt\/teleskopische-klemmsaule\/#breadcrumb"},"inLanguage":"de","potentialAction":[{"@type":"ReadAction","target":["https:\/\/www.metrica.it\/de\/produkt\/teleskopische-klemmsaule\/"]}]},{"@type":"ImageObject","inLanguage":"de","@id":"https:\/\/www.metrica.it\/de\/produkt\/teleskopische-klemmsaule\/#primaryimage","url":"https:\/\/www.metrica.it\/wp-content\/uploads\/2024\/06\/60559_60560_3.jpg","contentUrl":"https:\/\/www.metrica.it\/wp-content\/uploads\/2024\/06\/60559_60560_3.jpg","width":800,"height":800},{"@type":"BreadcrumbList","@id":"https:\/\/www.metrica.it\/de\/produkt\/teleskopische-klemmsaule\/#breadcrumb","itemListElement":[{"@type":"ListItem","position":1,"name":"Home","item":"https:\/\/www.metrica.it\/de\/"},{"@type":"ListItem","position":2,"name":"Katalog","item":"https:\/\/www.metrica.it\/de\/katalog\/"},{"@type":"ListItem","position":3,"name":"Teleskopische Klemms\u00e4ule"}]},{"@type":"WebSite","@id":"https:\/\/www.metrica.it\/de\/#website","url":"https:\/\/www.metrica.it\/de\/","name":"Metrica","description":"Made to measure","potentialAction":[{"@type":"SearchAction","target":{"@type":"EntryPoint","urlTemplate":"https:\/\/www.metrica.it\/de\/?s={search_term_string}"},"query-input":{"@type":"PropertyValueSpecification","valueRequired":true,"valueName":"search_term_string"}}],"inLanguage":"de"}]}},"meta_box":{"awr_documentation":[],"awr_manuale":[],"awr_scheda_tecnica":"","awr_youtube_video":"","awr_classe_prodotto":"","awr_customize_product":"0","awr_custom_image":false,"awr_related_products":[{"awr_product_name":"Aste Telescopiche Con Staffa","awr_product_references":"ref:60560|ean:8001066605606|l:3,6 m|pack:1"}],"awr_consumabili":"","awr_alternativi":"","awr_aliases":"60560","awr_skuid":"60560-it"},"_links":{"self":[{"href":"https:\/\/www.metrica.it\/de\/wp-json\/wp\/v2\/product\/144166","targetHints":{"allow":["GET"]}}],"collection":[{"href":"https:\/\/www.metrica.it\/de\/wp-json\/wp\/v2\/product"}],"about":[{"href":"https:\/\/www.metrica.it\/de\/wp-json\/wp\/v2\/types\/product"}],"wp:featuredmedia":[{"embeddable":true,"href":"https:\/\/www.metrica.it\/de\/wp-json\/wp\/v2\/media\/128680"}],"wp:attachment":[{"href":"https:\/\/www.metrica.it\/de\/wp-json\/wp\/v2\/media?parent=144166"}],"wp:term":[{"taxonomy":"product_cat","embeddable":true,"href":"https:\/\/www.metrica.it\/de\/wp-json\/wp\/v2\/product_cat?post=144166"},{"taxonomy":"product_tag","embeddable":true,"href":"https:\/\/www.metrica.it\/de\/wp-json\/wp\/v2\/product_tag?post=144166"}],"curies":[{"name":"wp","href":"https:\/\/api.w.org\/{rel}","templated":true}]}}