{"id":144281,"date":"2024-09-16T11:57:24","date_gmt":"2024-09-16T09:57:24","guid":{"rendered":"https:\/\/www.metrica.it\/prodotto\/fingersafe-3\/"},"modified":"2025-06-03T16:15:05","modified_gmt":"2025-06-03T14:15:05","slug":"fingersafe","status":"publish","type":"product","link":"https:\/\/www.metrica.it\/de\/produkt\/fingersafe\/","title":{"rendered":"Fingersafe"},"content":{"rendered":"<ul>\n<li>Magnetischer Fingerschutz-Nagelhalter. Geeignet f\u00fcr kleine und gro\u00dfe N\u00e4gel<\/li>\n<li>Durch den Halter wird der Nagel immer senkrecht zur Wand eingeschlagen, ohne die Sicherheit der Finger zu gef\u00e4hrden<\/li>\n<li>Der Nagelhalter ist mit einem Doppelmagneten ausgestattet, um N\u00e4gel in jeder Position zu halten<\/li>\n<li>Geliefert in Blistern mit 20 N\u00e4geln<\/li>\n<\/ul>\n","protected":false},"excerpt":{"rendered":"<p>Magnetischer Fingerschutz-Nagelhalter. Geeignet f\u00fcr kleine und gro\u00dfe N\u00e4gel<br \/>\nDurch den Halter wird der Nagel immer senkrecht zur Wand eingeschlagen, ohne die Sicherheit der Finger zu gef\u00e4hrden<br \/>\nDer Nagelhalter ist mit einem Doppelmagneten ausgestattet, um N\u00e4gel in jeder Position zu halten<br \/>\nGeliefert in Blistern mit 20 N\u00e4geln<\/p>\n","protected":false},"featured_media":243910,"template":"","meta":[],"product_cat":[686,674],"product_tag":[],"class_list":{"0":"post-144281","1":"product","2":"type-product","3":"status-publish","4":"has-post-thumbnail","6":"product_cat-fingersafe-de","7":"product_cat-schneiden","9":"first","10":"instock","11":"sold-individually","12":"product-type-simple"},"yoast_head":"<title>Fingersafe | Fingersafe | Schneiden - Metrica<\/title>\n<meta name=\"description\" content=\"Entdecken Sie die Produktkollektion., Fingersafe - Fingersafe.Battichiodo magnetico salvadito per chiodi piccoli e grandi,Consente di piantare il chiodo sempre perpendicolare alla paret . Schauen Sie sich den Katalog auf der offiziellen Metrica-Website an\" \/>\n<meta name=\"robots\" content=\"index, follow, max-snippet:-1, max-image-preview:large, max-video-preview:-1\" \/>\n<link rel=\"canonical\" href=\"https:\/\/www.metrica.it\/de\/produkt\/fingersafe\/\" \/>\n<meta property=\"og:locale\" content=\"de_DE\" \/>\n<meta property=\"og:type\" content=\"article\" \/>\n<meta property=\"og:title\" content=\"Fingersafe | Fingersafe | Schneiden - Metrica\" \/>\n<meta property=\"og:description\" content=\"Entdecken Sie die Produktkollektion., Fingersafe - Fingersafe.Battichiodo magnetico salvadito per chiodi piccoli e grandi,Consente di piantare il chiodo sempre perpendicolare alla paret . Schauen Sie sich den Katalog auf der offiziellen Metrica-Website an\" \/>\n<meta property=\"og:url\" content=\"https:\/\/www.metrica.it\/de\/produkt\/fingersafe\/\" \/>\n<meta property=\"og:site_name\" content=\"Metrica\" \/>\n<meta property=\"article:modified_time\" content=\"2025-06-03T14:15:05+00:00\" \/>\n<meta property=\"og:image\" content=\"https:\/\/www.metrica.it\/wp-content\/uploads\/2024\/09\/69997BN-4.jpg\" \/>\n\t<meta property=\"og:image:width\" content=\"1200\" \/>\n\t<meta property=\"og:image:height\" content=\"1200\" \/>\n\t<meta property=\"og:image:type\" content=\"image\/jpeg\" \/>\n<meta name=\"twitter:card\" content=\"summary_large_image\" \/>\n<meta name=\"twitter:label1\" content=\"Gesch\u00e4tzte Lesezeit\" \/>\n\t<meta name=\"twitter:data1\" content=\"1\u00a0Minute\" \/>\n<script type=\"application\/ld+json\" class=\"yoast-schema-graph\">{\"@context\":\"https:\\\/\\\/schema.org\",\"@graph\":[{\"@type\":\"WebPage\",\"@id\":\"https:\\\/\\\/www.metrica.it\\\/de\\\/produkt\\\/fingersafe\\\/\",\"url\":\"https:\\\/\\\/www.metrica.it\\\/de\\\/produkt\\\/fingersafe\\\/\",\"name\":\"Fingersafe | Fingersafe | Schneiden - Metrica\",\"isPartOf\":{\"@id\":\"https:\\\/\\\/www.metrica.it\\\/de\\\/#website\"},\"primaryImageOfPage\":{\"@id\":\"https:\\\/\\\/www.metrica.it\\\/de\\\/produkt\\\/fingersafe\\\/#primaryimage\"},\"image\":{\"@id\":\"https:\\\/\\\/www.metrica.it\\\/de\\\/produkt\\\/fingersafe\\\/#primaryimage\"},\"thumbnailUrl\":\"https:\\\/\\\/www.metrica.it\\\/wp-content\\\/uploads\\\/2024\\\/09\\\/69997BN-4.jpg\",\"datePublished\":\"2024-09-16T09:57:24+00:00\",\"dateModified\":\"2025-06-03T14:15:05+00:00\",\"description\":\"Entdecken Sie die Produktkollektion., Fingersafe - Fingersafe.Battichiodo magnetico salvadito per chiodi piccoli e grandi,Consente di piantare il chiodo sempre perpendicolare alla paret . Schauen Sie sich den Katalog auf der offiziellen Metrica-Website an\",\"breadcrumb\":{\"@id\":\"https:\\\/\\\/www.metrica.it\\\/de\\\/produkt\\\/fingersafe\\\/#breadcrumb\"},\"inLanguage\":\"de\",\"potentialAction\":[{\"@type\":\"ReadAction\",\"target\":[\"https:\\\/\\\/www.metrica.it\\\/de\\\/produkt\\\/fingersafe\\\/\"]}]},{\"@type\":\"ImageObject\",\"inLanguage\":\"de\",\"@id\":\"https:\\\/\\\/www.metrica.it\\\/de\\\/produkt\\\/fingersafe\\\/#primaryimage\",\"url\":\"https:\\\/\\\/www.metrica.it\\\/wp-content\\\/uploads\\\/2024\\\/09\\\/69997BN-4.jpg\",\"contentUrl\":\"https:\\\/\\\/www.metrica.it\\\/wp-content\\\/uploads\\\/2024\\\/09\\\/69997BN-4.jpg\",\"width\":1200,\"height\":1200},{\"@type\":\"BreadcrumbList\",\"@id\":\"https:\\\/\\\/www.metrica.it\\\/de\\\/produkt\\\/fingersafe\\\/#breadcrumb\",\"itemListElement\":[{\"@type\":\"ListItem\",\"position\":1,\"name\":\"Home\",\"item\":\"https:\\\/\\\/www.metrica.it\\\/de\\\/\"},{\"@type\":\"ListItem\",\"position\":2,\"name\":\"Katalog\",\"item\":\"https:\\\/\\\/www.metrica.it\\\/de\\\/katalog\\\/\"},{\"@type\":\"ListItem\",\"position\":3,\"name\":\"Fingersafe\"}]},{\"@type\":\"WebSite\",\"@id\":\"https:\\\/\\\/www.metrica.it\\\/de\\\/#website\",\"url\":\"https:\\\/\\\/www.metrica.it\\\/de\\\/\",\"name\":\"Metrica\",\"description\":\"Made to measure\",\"potentialAction\":[{\"@type\":\"SearchAction\",\"target\":{\"@type\":\"EntryPoint\",\"urlTemplate\":\"https:\\\/\\\/www.metrica.it\\\/de\\\/?s={search_term_string}\"},\"query-input\":{\"@type\":\"PropertyValueSpecification\",\"valueRequired\":true,\"valueName\":\"search_term_string\"}}],\"inLanguage\":\"de\"}]}<\/script>","yoast_head_json":{"title":"Fingersafe | Fingersafe | Schneiden - Metrica","description":"Entdecken Sie die Produktkollektion., Fingersafe - Fingersafe.Battichiodo magnetico salvadito per chiodi piccoli e grandi,Consente di piantare il chiodo sempre perpendicolare alla paret . Schauen Sie sich den Katalog auf der offiziellen Metrica-Website an","robots":{"index":"index","follow":"follow","max-snippet":"max-snippet:-1","max-image-preview":"max-image-preview:large","max-video-preview":"max-video-preview:-1"},"canonical":"https:\/\/www.metrica.it\/de\/produkt\/fingersafe\/","og_locale":"de_DE","og_type":"article","og_title":"Fingersafe | Fingersafe | Schneiden - Metrica","og_description":"Entdecken Sie die Produktkollektion., Fingersafe - Fingersafe.Battichiodo magnetico salvadito per chiodi piccoli e grandi,Consente di piantare il chiodo sempre perpendicolare alla paret . Schauen Sie sich den Katalog auf der offiziellen Metrica-Website an","og_url":"https:\/\/www.metrica.it\/de\/produkt\/fingersafe\/","og_site_name":"Metrica","article_modified_time":"2025-06-03T14:15:05+00:00","og_image":[{"width":1200,"height":1200,"url":"https:\/\/www.metrica.it\/wp-content\/uploads\/2024\/09\/69997BN-4.jpg","type":"image\/jpeg"}],"twitter_card":"summary_large_image","twitter_misc":{"Gesch\u00e4tzte Lesezeit":"1\u00a0Minute"},"schema":{"@context":"https:\/\/schema.org","@graph":[{"@type":"WebPage","@id":"https:\/\/www.metrica.it\/de\/produkt\/fingersafe\/","url":"https:\/\/www.metrica.it\/de\/produkt\/fingersafe\/","name":"Fingersafe | Fingersafe | Schneiden - Metrica","isPartOf":{"@id":"https:\/\/www.metrica.it\/de\/#website"},"primaryImageOfPage":{"@id":"https:\/\/www.metrica.it\/de\/produkt\/fingersafe\/#primaryimage"},"image":{"@id":"https:\/\/www.metrica.it\/de\/produkt\/fingersafe\/#primaryimage"},"thumbnailUrl":"https:\/\/www.metrica.it\/wp-content\/uploads\/2024\/09\/69997BN-4.jpg","datePublished":"2024-09-16T09:57:24+00:00","dateModified":"2025-06-03T14:15:05+00:00","description":"Entdecken Sie die Produktkollektion., Fingersafe - Fingersafe.Battichiodo magnetico salvadito per chiodi piccoli e grandi,Consente di piantare il chiodo sempre perpendicolare alla paret . Schauen Sie sich den Katalog auf der offiziellen Metrica-Website an","breadcrumb":{"@id":"https:\/\/www.metrica.it\/de\/produkt\/fingersafe\/#breadcrumb"},"inLanguage":"de","potentialAction":[{"@type":"ReadAction","target":["https:\/\/www.metrica.it\/de\/produkt\/fingersafe\/"]}]},{"@type":"ImageObject","inLanguage":"de","@id":"https:\/\/www.metrica.it\/de\/produkt\/fingersafe\/#primaryimage","url":"https:\/\/www.metrica.it\/wp-content\/uploads\/2024\/09\/69997BN-4.jpg","contentUrl":"https:\/\/www.metrica.it\/wp-content\/uploads\/2024\/09\/69997BN-4.jpg","width":1200,"height":1200},{"@type":"BreadcrumbList","@id":"https:\/\/www.metrica.it\/de\/produkt\/fingersafe\/#breadcrumb","itemListElement":[{"@type":"ListItem","position":1,"name":"Home","item":"https:\/\/www.metrica.it\/de\/"},{"@type":"ListItem","position":2,"name":"Katalog","item":"https:\/\/www.metrica.it\/de\/katalog\/"},{"@type":"ListItem","position":3,"name":"Fingersafe"}]},{"@type":"WebSite","@id":"https:\/\/www.metrica.it\/de\/#website","url":"https:\/\/www.metrica.it\/de\/","name":"Metrica","description":"Made to measure","potentialAction":[{"@type":"SearchAction","target":{"@type":"EntryPoint","urlTemplate":"https:\/\/www.metrica.it\/de\/?s={search_term_string}"},"query-input":{"@type":"PropertyValueSpecification","valueRequired":true,"valueName":"search_term_string"}}],"inLanguage":"de"}]}},"meta_box":{"awr_documentation":[],"awr_manuale":[],"awr_scheda_tecnica":"","awr_youtube_video":"","awr_classe_prodotto":"","awr_customize_product":"1","awr_custom_image":{"width":96,"height":96,"file":"2024\/09\/69997BN_6.jpg","filesize":504011,"sizes":{"hongo-product-icon-image":{"file":"69997BN_6-64x64.jpg","width":64,"height":64,"mime-type":"image\/jpeg","filesize":30976,"url":"https:\/\/www.metrica.it\/wp-content\/uploads\/2024\/09\/69997BN_6-64x64.jpg"},"hongo-product-small-image":{"file":"69997BN_6-84x84.jpg","width":84,"height":84,"mime-type":"image\/jpeg","filesize":31504,"url":"https:\/\/www.metrica.it\/wp-content\/uploads\/2024\/09\/69997BN_6-84x84.jpg"},"hongo-medium-image":{"file":"69997BN_6-450x450.jpg","width":450,"height":450,"mime-type":"image\/jpeg","filesize":51909,"url":"https:\/\/www.metrica.it\/wp-content\/uploads\/2024\/09\/69997BN_6-450x450.jpg"},"post-thumbnail":{"file":"69997BN_6-790x790.jpg","width":790,"height":790,"mime-type":"image\/jpeg","filesize":82865,"url":"https:\/\/www.metrica.it\/wp-content\/uploads\/2024\/09\/69997BN_6-790x790.jpg"},"dgwt-wcas-product-suggestion":{"file":"69997BN_6-64x64.jpg","width":64,"height":64,"mime-type":"image\/jpeg","filesize":30976,"url":"https:\/\/www.metrica.it\/wp-content\/uploads\/2024\/09\/69997BN_6-64x64.jpg"},"hongo-shop-image":{"file":"69997BN_6-660x660.jpg","width":660,"height":660,"mime-type":"image\/jpeg","filesize":69464,"url":"https:\/\/www.metrica.it\/wp-content\/uploads\/2024\/09\/69997BN_6-660x660.jpg"}},"image_meta":{"aperture":"0","credit":"","camera":"","caption":"","created_timestamp":"0","copyright":"","focal_length":"0","iso":"0","shutter_speed":"0","title":"","orientation":"1","keywords":[]},"ID":"243920","name":"69997BN_6.jpg","path":"\/var\/www\/html\/wp-content\/uploads\/2024\/09\/69997BN_6.jpg","url":"https:\/\/www.metrica.it\/wp-content\/uploads\/2024\/09\/69997BN_6.jpg","full_url":"https:\/\/www.metrica.it\/wp-content\/uploads\/2024\/09\/69997BN_6.jpg","title":"69997BN_6","caption":"","description":"","alt":"","srcset":"https:\/\/www.metrica.it\/wp-content\/uploads\/2024\/09\/69997BN_6.jpg 1200w, https:\/\/www.metrica.it\/wp-content\/uploads\/2024\/09\/69997BN_6-64x64.jpg 64w, https:\/\/www.metrica.it\/wp-content\/uploads\/2024\/09\/69997BN_6-84x84.jpg 84w, https:\/\/www.metrica.it\/wp-content\/uploads\/2024\/09\/69997BN_6-450x450.jpg 450w, https:\/\/www.metrica.it\/wp-content\/uploads\/2024\/09\/69997BN_6-790x790.jpg 790w, https:\/\/www.metrica.it\/wp-content\/uploads\/2024\/09\/69997BN_6-660x660.jpg 660w"},"awr_related_products":[{"awr_product_name":"Fingersafe","awr_product_references":"ref:69997B|ean:8001066699971|num_pz_gdo:24"}],"awr_consumabili":"","awr_alternativi":"","awr_aliases":"69997B","awr_skuid":"69997-it"},"_links":{"self":[{"href":"https:\/\/www.metrica.it\/de\/wp-json\/wp\/v2\/product\/144281","targetHints":{"allow":["GET"]}}],"collection":[{"href":"https:\/\/www.metrica.it\/de\/wp-json\/wp\/v2\/product"}],"about":[{"href":"https:\/\/www.metrica.it\/de\/wp-json\/wp\/v2\/types\/product"}],"wp:featuredmedia":[{"embeddable":true,"href":"https:\/\/www.metrica.it\/de\/wp-json\/wp\/v2\/media\/243910"}],"wp:attachment":[{"href":"https:\/\/www.metrica.it\/de\/wp-json\/wp\/v2\/media?parent=144281"}],"wp:term":[{"taxonomy":"product_cat","embeddable":true,"href":"https:\/\/www.metrica.it\/de\/wp-json\/wp\/v2\/product_cat?post=144281"},{"taxonomy":"product_tag","embeddable":true,"href":"https:\/\/www.metrica.it\/de\/wp-json\/wp\/v2\/product_tag?post=144281"}],"curies":[{"name":"wp","href":"https:\/\/api.w.org\/{rel}","templated":true}]}}