{"id":144317,"date":"2024-09-16T11:49:02","date_gmt":"2024-09-16T09:49:02","guid":{"rendered":"https:\/\/www.metrica.it\/prodotto\/metrica-one-8\/"},"modified":"2024-09-16T20:37:27","modified_gmt":"2024-09-16T18:37:27","slug":"metrica-one","status":"publish","type":"product","link":"https:\/\/www.metrica.it\/de\/produkt\/metrica-one\/","title":{"rendered":"Metrica One"},"content":{"rendered":"<ul>\n<li><span>Hintergrundbeleuchtung mit Anzeige auf einer Zeile<br \/><\/span><\/li>\n<li><span>Bildschirm mit hoher Sichtbarkeit<br \/><\/span><\/li>\n<li><span>Kontinuierliche Messfunktion<br \/><\/span><\/li>\n<li><span>Entfernungen, Fl\u00e4chen, Volumen<br \/><\/span><\/li>\n<li><span>1 Libelle<br \/><\/span><\/li>\n<li><span>Automatische Abschaltung<br \/><\/span><\/li>\n<li><span>Sound-Funktion<br \/><\/span><\/li>\n<li><span>Mit Handschlaufe<br \/><\/span><\/li>\n<li><span>Mit Etui<\/span>\u00a0<\/li>\n<\/ul>\n","protected":false},"excerpt":{"rendered":"<p><span>Hintergrundbeleuchtung mit Anzeige auf einer Zeile<br \/><\/span><\/p>\n<p><span>Bildschirm mit hoher Sichtbarkeit<br \/><\/span><\/p>\n<p><span>Kontinuierliche Messfunktion<br \/><\/span><\/p>\n<p><span>Entfernungen, Fl\u00e4chen, Volumen<br \/><\/span><\/p>\n<p><span>1 Libelle<br \/><\/span><\/p>\n<p><span>Automatische Abschaltung<br \/><\/span><\/p>\n<p><span>Sound-Funktion<br \/><\/span><\/p>\n<p><span>Mit Handschlaufe<br \/><\/span><\/p>\n<p><span>Mit Etui<\/span>\u00a0<\/p>\n","protected":false},"featured_media":126680,"template":"","meta":[],"product_cat":[516,527],"product_tag":[],"class_list":{"0":"post-144317","1":"product","2":"type-product","3":"status-publish","4":"has-post-thumbnail","6":"product_cat-laser-und-warmebildkameras","7":"product_cat-laser-distanzmessgerate","9":"first","10":"instock","11":"sold-individually","12":"product-type-simple"},"yoast_head":"<title>Metrica One | Laser-Distanzmessger\u00e4te | Laser und W\u00e4rmebildkameras - Metrica<\/title>\n<meta name=\"description\" content=\"Entdecken Sie die Produktkollektion., Metrica One - Laser-Distanzmessger\u00e4te.Display retroilluminato su 1 riga&nbsp;,Schermo ad alta visibilit&agrave;,Funzione misurazione conti . Schauen Sie sich den Katalog auf der offiziellen Metrica-Website an\" \/>\n<meta name=\"robots\" content=\"index, follow, max-snippet:-1, max-image-preview:large, max-video-preview:-1\" \/>\n<link rel=\"canonical\" href=\"https:\/\/www.metrica.it\/de\/produkt\/metrica-one\/\" \/>\n<meta property=\"og:locale\" content=\"de_DE\" \/>\n<meta property=\"og:type\" content=\"article\" \/>\n<meta property=\"og:title\" content=\"Metrica One | Laser-Distanzmessger\u00e4te | Laser und W\u00e4rmebildkameras - Metrica\" \/>\n<meta property=\"og:description\" content=\"Entdecken Sie die Produktkollektion., Metrica One - Laser-Distanzmessger\u00e4te.Display retroilluminato su 1 riga&nbsp;,Schermo ad alta visibilit&agrave;,Funzione misurazione conti . Schauen Sie sich den Katalog auf der offiziellen Metrica-Website an\" \/>\n<meta property=\"og:url\" content=\"https:\/\/www.metrica.it\/de\/produkt\/metrica-one\/\" \/>\n<meta property=\"og:site_name\" content=\"Metrica\" \/>\n<meta property=\"article:modified_time\" content=\"2024-09-16T18:37:27+00:00\" \/>\n<meta property=\"og:image\" content=\"https:\/\/www.metrica.it\/wp-content\/uploads\/2024\/06\/60802_1.jpg\" \/>\n\t<meta property=\"og:image:width\" content=\"600\" \/>\n\t<meta property=\"og:image:height\" content=\"600\" \/>\n\t<meta property=\"og:image:type\" content=\"image\/jpeg\" \/>\n<meta name=\"twitter:card\" content=\"summary_large_image\" \/>\n<script type=\"application\/ld+json\" class=\"yoast-schema-graph\">{\"@context\":\"https:\\\/\\\/schema.org\",\"@graph\":[{\"@type\":\"WebPage\",\"@id\":\"https:\\\/\\\/www.metrica.it\\\/de\\\/produkt\\\/metrica-one\\\/\",\"url\":\"https:\\\/\\\/www.metrica.it\\\/de\\\/produkt\\\/metrica-one\\\/\",\"name\":\"Metrica One | Laser-Distanzmessger\u00e4te | Laser und W\u00e4rmebildkameras - Metrica\",\"isPartOf\":{\"@id\":\"https:\\\/\\\/www.metrica.it\\\/de\\\/#website\"},\"primaryImageOfPage\":{\"@id\":\"https:\\\/\\\/www.metrica.it\\\/de\\\/produkt\\\/metrica-one\\\/#primaryimage\"},\"image\":{\"@id\":\"https:\\\/\\\/www.metrica.it\\\/de\\\/produkt\\\/metrica-one\\\/#primaryimage\"},\"thumbnailUrl\":\"https:\\\/\\\/www.metrica.it\\\/wp-content\\\/uploads\\\/2024\\\/06\\\/60802_1.jpg\",\"datePublished\":\"2024-09-16T09:49:02+00:00\",\"dateModified\":\"2024-09-16T18:37:27+00:00\",\"description\":\"Entdecken Sie die Produktkollektion., Metrica One - Laser-Distanzmessger\u00e4te.Display retroilluminato su 1 riga&nbsp;,Schermo ad alta visibilit&agrave;,Funzione misurazione conti . Schauen Sie sich den Katalog auf der offiziellen Metrica-Website an\",\"breadcrumb\":{\"@id\":\"https:\\\/\\\/www.metrica.it\\\/de\\\/produkt\\\/metrica-one\\\/#breadcrumb\"},\"inLanguage\":\"de\",\"potentialAction\":[{\"@type\":\"ReadAction\",\"target\":[\"https:\\\/\\\/www.metrica.it\\\/de\\\/produkt\\\/metrica-one\\\/\"]}]},{\"@type\":\"ImageObject\",\"inLanguage\":\"de\",\"@id\":\"https:\\\/\\\/www.metrica.it\\\/de\\\/produkt\\\/metrica-one\\\/#primaryimage\",\"url\":\"https:\\\/\\\/www.metrica.it\\\/wp-content\\\/uploads\\\/2024\\\/06\\\/60802_1.jpg\",\"contentUrl\":\"https:\\\/\\\/www.metrica.it\\\/wp-content\\\/uploads\\\/2024\\\/06\\\/60802_1.jpg\",\"width\":600,\"height\":600},{\"@type\":\"BreadcrumbList\",\"@id\":\"https:\\\/\\\/www.metrica.it\\\/de\\\/produkt\\\/metrica-one\\\/#breadcrumb\",\"itemListElement\":[{\"@type\":\"ListItem\",\"position\":1,\"name\":\"Home\",\"item\":\"https:\\\/\\\/www.metrica.it\\\/de\\\/\"},{\"@type\":\"ListItem\",\"position\":2,\"name\":\"Katalog\",\"item\":\"https:\\\/\\\/www.metrica.it\\\/de\\\/katalog\\\/\"},{\"@type\":\"ListItem\",\"position\":3,\"name\":\"Metrica One\"}]},{\"@type\":\"WebSite\",\"@id\":\"https:\\\/\\\/www.metrica.it\\\/de\\\/#website\",\"url\":\"https:\\\/\\\/www.metrica.it\\\/de\\\/\",\"name\":\"Metrica\",\"description\":\"Made to measure\",\"potentialAction\":[{\"@type\":\"SearchAction\",\"target\":{\"@type\":\"EntryPoint\",\"urlTemplate\":\"https:\\\/\\\/www.metrica.it\\\/de\\\/?s={search_term_string}\"},\"query-input\":{\"@type\":\"PropertyValueSpecification\",\"valueRequired\":true,\"valueName\":\"search_term_string\"}}],\"inLanguage\":\"de\"}]}<\/script>","yoast_head_json":{"title":"Metrica One | Laser-Distanzmessger\u00e4te | Laser und W\u00e4rmebildkameras - Metrica","description":"Entdecken Sie die Produktkollektion., Metrica One - Laser-Distanzmessger\u00e4te.Display retroilluminato su 1 riga&nbsp;,Schermo ad alta visibilit&agrave;,Funzione misurazione conti . Schauen Sie sich den Katalog auf der offiziellen Metrica-Website an","robots":{"index":"index","follow":"follow","max-snippet":"max-snippet:-1","max-image-preview":"max-image-preview:large","max-video-preview":"max-video-preview:-1"},"canonical":"https:\/\/www.metrica.it\/de\/produkt\/metrica-one\/","og_locale":"de_DE","og_type":"article","og_title":"Metrica One | Laser-Distanzmessger\u00e4te | Laser und W\u00e4rmebildkameras - Metrica","og_description":"Entdecken Sie die Produktkollektion., Metrica One - Laser-Distanzmessger\u00e4te.Display retroilluminato su 1 riga&nbsp;,Schermo ad alta visibilit&agrave;,Funzione misurazione conti . Schauen Sie sich den Katalog auf der offiziellen Metrica-Website an","og_url":"https:\/\/www.metrica.it\/de\/produkt\/metrica-one\/","og_site_name":"Metrica","article_modified_time":"2024-09-16T18:37:27+00:00","og_image":[{"width":600,"height":600,"url":"https:\/\/www.metrica.it\/wp-content\/uploads\/2024\/06\/60802_1.jpg","type":"image\/jpeg"}],"twitter_card":"summary_large_image","schema":{"@context":"https:\/\/schema.org","@graph":[{"@type":"WebPage","@id":"https:\/\/www.metrica.it\/de\/produkt\/metrica-one\/","url":"https:\/\/www.metrica.it\/de\/produkt\/metrica-one\/","name":"Metrica One | Laser-Distanzmessger\u00e4te | Laser und W\u00e4rmebildkameras - Metrica","isPartOf":{"@id":"https:\/\/www.metrica.it\/de\/#website"},"primaryImageOfPage":{"@id":"https:\/\/www.metrica.it\/de\/produkt\/metrica-one\/#primaryimage"},"image":{"@id":"https:\/\/www.metrica.it\/de\/produkt\/metrica-one\/#primaryimage"},"thumbnailUrl":"https:\/\/www.metrica.it\/wp-content\/uploads\/2024\/06\/60802_1.jpg","datePublished":"2024-09-16T09:49:02+00:00","dateModified":"2024-09-16T18:37:27+00:00","description":"Entdecken Sie die Produktkollektion., Metrica One - Laser-Distanzmessger\u00e4te.Display retroilluminato su 1 riga&nbsp;,Schermo ad alta visibilit&agrave;,Funzione misurazione conti . Schauen Sie sich den Katalog auf der offiziellen Metrica-Website an","breadcrumb":{"@id":"https:\/\/www.metrica.it\/de\/produkt\/metrica-one\/#breadcrumb"},"inLanguage":"de","potentialAction":[{"@type":"ReadAction","target":["https:\/\/www.metrica.it\/de\/produkt\/metrica-one\/"]}]},{"@type":"ImageObject","inLanguage":"de","@id":"https:\/\/www.metrica.it\/de\/produkt\/metrica-one\/#primaryimage","url":"https:\/\/www.metrica.it\/wp-content\/uploads\/2024\/06\/60802_1.jpg","contentUrl":"https:\/\/www.metrica.it\/wp-content\/uploads\/2024\/06\/60802_1.jpg","width":600,"height":600},{"@type":"BreadcrumbList","@id":"https:\/\/www.metrica.it\/de\/produkt\/metrica-one\/#breadcrumb","itemListElement":[{"@type":"ListItem","position":1,"name":"Home","item":"https:\/\/www.metrica.it\/de\/"},{"@type":"ListItem","position":2,"name":"Katalog","item":"https:\/\/www.metrica.it\/de\/katalog\/"},{"@type":"ListItem","position":3,"name":"Metrica One"}]},{"@type":"WebSite","@id":"https:\/\/www.metrica.it\/de\/#website","url":"https:\/\/www.metrica.it\/de\/","name":"Metrica","description":"Made to measure","potentialAction":[{"@type":"SearchAction","target":{"@type":"EntryPoint","urlTemplate":"https:\/\/www.metrica.it\/de\/?s={search_term_string}"},"query-input":{"@type":"PropertyValueSpecification","valueRequired":true,"valueName":"search_term_string"}}],"inLanguage":"de"}]}},"meta_box":{"awr_documentation":[{"filesize":3029710,"ID":"146322","name":"61120.pdf","path":"\/var\/www\/html\/wp-content\/uploads\/2024\/09\/61120.pdf","url":"https:\/\/www.metrica.it\/wp-content\/uploads\/2024\/09\/61120.pdf","title":"61120.pdf"}],"awr_manuale":[],"awr_scheda_tecnica":"<table>\n<tbody>\n<tr>\n<td><strong><span>Genauigkeit<\/span>:<\/strong><\/td>\n<td>+ \/ - 2,0 mm<\/td>\n<\/tr>\n<tr>\n<td><strong><span>Reichweite*<\/span>:<\/strong><\/td>\n<td>fino a 30 m<\/td>\n<\/tr>\n<tr>\n<td><strong><span>Batterielebensdauer<\/span>:<\/strong><\/td>\n<td>8000 <span>Einzelmessungen<\/span><\/td>\n<\/tr>\n<tr>\n<td><strong>Laserst\u00e4rke:<\/strong><\/td>\n<td>635 nm <\/td>\n<\/tr>\n<tr>\n<td><strong>Laserklasse:<\/strong><\/td>\n<td>classe II<\/td>\n<\/tr>\n<tr>\n<td><strong><span>Schutzart <\/span>:<\/strong><\/td>\n<td>IP 54<\/td>\n<\/tr>\n<tr>\n<td><strong>Betriebstemperatur:<\/strong><\/td>\n<td>0\u00b0 C \/ 40\u00b0 C<\/td>\n<\/tr>\n<tr>\n<td><strong><span>Batterien<\/span>:<\/strong><\/td>\n<td>tipo AAA 2 x 1,5 V<\/td>\n<\/tr>\n<tr>\n<td><strong><span>Abmessungen<\/span>:<\/strong><\/td>\n<td>105 x 46 x 26 mm<\/td>\n<\/tr>\n<tr>\n<td><strong><span>Gewicht <\/span>\u00a0(<span>ohne Batterien<\/span>):<\/strong><\/td>\n<td>80 g<\/td>\n<\/tr>\n<\/tbody>\n<\/table>\n","awr_youtube_video":"","awr_classe_prodotto":"","awr_customize_product":"1","awr_custom_image":{"width":96,"height":96,"file":"2024\/06\/61120.jpg","filesize":429907,"sizes":{"dgwt-wcas-product-suggestion":{"file":"61120-64x64.jpg","width":64,"height":64,"mime-type":"image\/jpeg","filesize":1890,"url":"https:\/\/www.metrica.it\/wp-content\/uploads\/2024\/06\/61120-64x64.jpg"},"hongo-product-icon-image":{"file":"61120-64x64.jpg","width":64,"height":64,"mime-type":"image\/jpeg","filesize":1890,"url":"https:\/\/www.metrica.it\/wp-content\/uploads\/2024\/06\/61120-64x64.jpg"},"hongo-product-small-image":{"file":"61120-84x84.jpg","width":84,"height":84,"mime-type":"image\/jpeg","filesize":2572,"url":"https:\/\/www.metrica.it\/wp-content\/uploads\/2024\/06\/61120-84x84.jpg"},"hongo-medium-image":{"file":"61120-450x450.jpg","width":450,"height":450,"mime-type":"image\/jpeg","filesize":24851,"url":"https:\/\/www.metrica.it\/wp-content\/uploads\/2024\/06\/61120-450x450.jpg"},"post-thumbnail":{"file":"61120-790x790.jpg","width":790,"height":790,"mime-type":"image\/jpeg","filesize":56898,"url":"https:\/\/www.metrica.it\/wp-content\/uploads\/2024\/06\/61120-790x790.jpg"},"hongo-shop-image":{"file":"61120-660x660.jpg","width":660,"height":660,"mime-type":"image\/jpeg","filesize":43150,"url":"https:\/\/www.metrica.it\/wp-content\/uploads\/2024\/06\/61120-660x660.jpg"}},"image_meta":{"aperture":"0","credit":"","camera":"","caption":"","created_timestamp":"0","copyright":"","focal_length":"0","iso":"0","shutter_speed":"0","title":"","orientation":"1","keywords":[]},"ID":"126675","name":"61120.jpg","path":"\/var\/www\/html\/wp-content\/uploads\/2024\/06\/61120.jpg","url":"https:\/\/www.metrica.it\/wp-content\/uploads\/2024\/06\/61120.jpg","full_url":"https:\/\/www.metrica.it\/wp-content\/uploads\/2024\/06\/61120.jpg","title":"61120.jpg","caption":"","description":"","alt":"","srcset":"https:\/\/www.metrica.it\/wp-content\/uploads\/2024\/06\/61120.jpg 800w, https:\/\/www.metrica.it\/wp-content\/uploads\/2024\/06\/61120-64x64.jpg 64w, https:\/\/www.metrica.it\/wp-content\/uploads\/2024\/06\/61120-84x84.jpg 84w, https:\/\/www.metrica.it\/wp-content\/uploads\/2024\/06\/61120-450x450.jpg 450w, https:\/\/www.metrica.it\/wp-content\/uploads\/2024\/06\/61120-790x790.jpg 790w, https:\/\/www.metrica.it\/wp-content\/uploads\/2024\/06\/61120-660x660.jpg 660w"},"awr_related_products":[{"awr_product_name":"Metrica One","awr_product_references":"ref:61120|ean:8001066611201|l:0,15 &divide; 30 m|pack:1"}],"awr_consumabili":"","awr_alternativi":"","awr_aliases":"61120","awr_skuid":"61120-it"},"_links":{"self":[{"href":"https:\/\/www.metrica.it\/de\/wp-json\/wp\/v2\/product\/144317","targetHints":{"allow":["GET"]}}],"collection":[{"href":"https:\/\/www.metrica.it\/de\/wp-json\/wp\/v2\/product"}],"about":[{"href":"https:\/\/www.metrica.it\/de\/wp-json\/wp\/v2\/types\/product"}],"wp:featuredmedia":[{"embeddable":true,"href":"https:\/\/www.metrica.it\/de\/wp-json\/wp\/v2\/media\/126680"}],"wp:attachment":[{"href":"https:\/\/www.metrica.it\/de\/wp-json\/wp\/v2\/media?parent=144317"}],"wp:term":[{"taxonomy":"product_cat","embeddable":true,"href":"https:\/\/www.metrica.it\/de\/wp-json\/wp\/v2\/product_cat?post=144317"},{"taxonomy":"product_tag","embeddable":true,"href":"https:\/\/www.metrica.it\/de\/wp-json\/wp\/v2\/product_tag?post=144317"}],"curies":[{"name":"wp","href":"https:\/\/api.w.org\/{rel}","templated":true}]}}