{"id":144342,"date":"2024-09-16T12:19:29","date_gmt":"2024-09-16T10:19:29","guid":{"rendered":"https:\/\/www.metrica.it\/prodotto\/anreisslehre\/"},"modified":"2024-09-16T21:08:19","modified_gmt":"2024-09-16T19:08:19","slug":"anreisslehre","status":"publish","type":"product","link":"https:\/\/www.metrica.it\/de\/produkt\/anreisslehre\/","title":{"rendered":"Anreisslehre"},"content":{"rendered":"<ul>\n<li>Stahl<\/li>\n<li>Genauigkeit 0,1 mm<\/li>\n<li>Gravierte Teilung<\/li>\n<li>Feststellschraube<\/li>\n<\/ul>\n","protected":false},"excerpt":{"rendered":"<p>Stahl<br \/>Genauigkeit 0,1 mm<br \/>Gravierte Teilung<br \/>Feststellschraube<\/p>\n","protected":false},"featured_media":130114,"template":"","meta":[],"product_cat":[638,622],"product_tag":[],"class_list":{"0":"post-144342","1":"product","2":"type-product","3":"status-publish","4":"has-post-thumbnail","6":"product_cat-prazisionswinkel","7":"product_cat-winkelmessgerate","9":"first","10":"instock","11":"sold-individually","12":"product-type-simple"},"yoast_head":"<title>Squadra A Battente Per Tracciare | Pr\u00e4zisionswinkel | Winkelmessg\u00ebrate - Metrica<\/title>\n<meta name=\"description\" content=\"Entdecken Sie die Produktkollektion., Squadra A Battente Per Tracciare - Pr\u00e4zisionswinkel.In acciaio,Lettura 0,1 mm,Scala graduata incisa . Schauen Sie sich den Katalog auf der offiziellen Metrica-Website an\" \/>\n<meta name=\"robots\" content=\"index, follow, max-snippet:-1, max-image-preview:large, max-video-preview:-1\" \/>\n<link rel=\"canonical\" href=\"https:\/\/www.metrica.it\/de\/produkt\/anreisslehre\/\" \/>\n<meta property=\"og:locale\" content=\"de_DE\" \/>\n<meta property=\"og:type\" content=\"article\" \/>\n<meta property=\"og:title\" content=\"Squadra A Battente Per Tracciare | Pr\u00e4zisionswinkel | Winkelmessg\u00ebrate - Metrica\" \/>\n<meta property=\"og:description\" content=\"Entdecken Sie die Produktkollektion., Squadra A Battente Per Tracciare - Pr\u00e4zisionswinkel.In acciaio,Lettura 0,1 mm,Scala graduata incisa . Schauen Sie sich den Katalog auf der offiziellen Metrica-Website an\" \/>\n<meta property=\"og:url\" content=\"https:\/\/www.metrica.it\/de\/produkt\/anreisslehre\/\" \/>\n<meta property=\"og:site_name\" content=\"Metrica\" \/>\n<meta property=\"article:modified_time\" content=\"2024-09-16T19:08:19+00:00\" \/>\n<meta property=\"og:image\" content=\"https:\/\/www.metrica.it\/wp-content\/uploads\/2024\/06\/29263.jpg\" \/>\n\t<meta property=\"og:image:width\" content=\"800\" \/>\n\t<meta property=\"og:image:height\" content=\"800\" \/>\n\t<meta property=\"og:image:type\" content=\"image\/jpeg\" \/>\n<meta name=\"twitter:card\" content=\"summary_large_image\" \/>\n<script type=\"application\/ld+json\" class=\"yoast-schema-graph\">{\"@context\":\"https:\\\/\\\/schema.org\",\"@graph\":[{\"@type\":\"WebPage\",\"@id\":\"https:\\\/\\\/www.metrica.it\\\/de\\\/produkt\\\/anreisslehre\\\/\",\"url\":\"https:\\\/\\\/www.metrica.it\\\/de\\\/produkt\\\/anreisslehre\\\/\",\"name\":\"Squadra A Battente Per Tracciare | Pr\u00e4zisionswinkel | Winkelmessg\u00ebrate - Metrica\",\"isPartOf\":{\"@id\":\"https:\\\/\\\/www.metrica.it\\\/de\\\/#website\"},\"primaryImageOfPage\":{\"@id\":\"https:\\\/\\\/www.metrica.it\\\/de\\\/produkt\\\/anreisslehre\\\/#primaryimage\"},\"image\":{\"@id\":\"https:\\\/\\\/www.metrica.it\\\/de\\\/produkt\\\/anreisslehre\\\/#primaryimage\"},\"thumbnailUrl\":\"https:\\\/\\\/www.metrica.it\\\/wp-content\\\/uploads\\\/2024\\\/06\\\/29263.jpg\",\"datePublished\":\"2024-09-16T10:19:29+00:00\",\"dateModified\":\"2024-09-16T19:08:19+00:00\",\"description\":\"Entdecken Sie die Produktkollektion., Squadra A Battente Per Tracciare - Pr\u00e4zisionswinkel.In acciaio,Lettura 0,1 mm,Scala graduata incisa . Schauen Sie sich den Katalog auf der offiziellen Metrica-Website an\",\"breadcrumb\":{\"@id\":\"https:\\\/\\\/www.metrica.it\\\/de\\\/produkt\\\/anreisslehre\\\/#breadcrumb\"},\"inLanguage\":\"de\",\"potentialAction\":[{\"@type\":\"ReadAction\",\"target\":[\"https:\\\/\\\/www.metrica.it\\\/de\\\/produkt\\\/anreisslehre\\\/\"]}]},{\"@type\":\"ImageObject\",\"inLanguage\":\"de\",\"@id\":\"https:\\\/\\\/www.metrica.it\\\/de\\\/produkt\\\/anreisslehre\\\/#primaryimage\",\"url\":\"https:\\\/\\\/www.metrica.it\\\/wp-content\\\/uploads\\\/2024\\\/06\\\/29263.jpg\",\"contentUrl\":\"https:\\\/\\\/www.metrica.it\\\/wp-content\\\/uploads\\\/2024\\\/06\\\/29263.jpg\",\"width\":800,\"height\":800},{\"@type\":\"BreadcrumbList\",\"@id\":\"https:\\\/\\\/www.metrica.it\\\/de\\\/produkt\\\/anreisslehre\\\/#breadcrumb\",\"itemListElement\":[{\"@type\":\"ListItem\",\"position\":1,\"name\":\"Home\",\"item\":\"https:\\\/\\\/www.metrica.it\\\/de\\\/\"},{\"@type\":\"ListItem\",\"position\":2,\"name\":\"Katalog\",\"item\":\"https:\\\/\\\/www.metrica.it\\\/de\\\/katalog\\\/\"},{\"@type\":\"ListItem\",\"position\":3,\"name\":\"Anreisslehre\"}]},{\"@type\":\"WebSite\",\"@id\":\"https:\\\/\\\/www.metrica.it\\\/de\\\/#website\",\"url\":\"https:\\\/\\\/www.metrica.it\\\/de\\\/\",\"name\":\"Metrica\",\"description\":\"Made to measure\",\"potentialAction\":[{\"@type\":\"SearchAction\",\"target\":{\"@type\":\"EntryPoint\",\"urlTemplate\":\"https:\\\/\\\/www.metrica.it\\\/de\\\/?s={search_term_string}\"},\"query-input\":{\"@type\":\"PropertyValueSpecification\",\"valueRequired\":true,\"valueName\":\"search_term_string\"}}],\"inLanguage\":\"de\"}]}<\/script>","yoast_head_json":{"title":"Squadra A Battente Per Tracciare | Pr\u00e4zisionswinkel | Winkelmessg\u00ebrate - Metrica","description":"Entdecken Sie die Produktkollektion., Squadra A Battente Per Tracciare - Pr\u00e4zisionswinkel.In acciaio,Lettura 0,1 mm,Scala graduata incisa . Schauen Sie sich den Katalog auf der offiziellen Metrica-Website an","robots":{"index":"index","follow":"follow","max-snippet":"max-snippet:-1","max-image-preview":"max-image-preview:large","max-video-preview":"max-video-preview:-1"},"canonical":"https:\/\/www.metrica.it\/de\/produkt\/anreisslehre\/","og_locale":"de_DE","og_type":"article","og_title":"Squadra A Battente Per Tracciare | Pr\u00e4zisionswinkel | Winkelmessg\u00ebrate - Metrica","og_description":"Entdecken Sie die Produktkollektion., Squadra A Battente Per Tracciare - Pr\u00e4zisionswinkel.In acciaio,Lettura 0,1 mm,Scala graduata incisa . Schauen Sie sich den Katalog auf der offiziellen Metrica-Website an","og_url":"https:\/\/www.metrica.it\/de\/produkt\/anreisslehre\/","og_site_name":"Metrica","article_modified_time":"2024-09-16T19:08:19+00:00","og_image":[{"width":800,"height":800,"url":"https:\/\/www.metrica.it\/wp-content\/uploads\/2024\/06\/29263.jpg","type":"image\/jpeg"}],"twitter_card":"summary_large_image","schema":{"@context":"https:\/\/schema.org","@graph":[{"@type":"WebPage","@id":"https:\/\/www.metrica.it\/de\/produkt\/anreisslehre\/","url":"https:\/\/www.metrica.it\/de\/produkt\/anreisslehre\/","name":"Squadra A Battente Per Tracciare | Pr\u00e4zisionswinkel | Winkelmessg\u00ebrate - Metrica","isPartOf":{"@id":"https:\/\/www.metrica.it\/de\/#website"},"primaryImageOfPage":{"@id":"https:\/\/www.metrica.it\/de\/produkt\/anreisslehre\/#primaryimage"},"image":{"@id":"https:\/\/www.metrica.it\/de\/produkt\/anreisslehre\/#primaryimage"},"thumbnailUrl":"https:\/\/www.metrica.it\/wp-content\/uploads\/2024\/06\/29263.jpg","datePublished":"2024-09-16T10:19:29+00:00","dateModified":"2024-09-16T19:08:19+00:00","description":"Entdecken Sie die Produktkollektion., Squadra A Battente Per Tracciare - Pr\u00e4zisionswinkel.In acciaio,Lettura 0,1 mm,Scala graduata incisa . Schauen Sie sich den Katalog auf der offiziellen Metrica-Website an","breadcrumb":{"@id":"https:\/\/www.metrica.it\/de\/produkt\/anreisslehre\/#breadcrumb"},"inLanguage":"de","potentialAction":[{"@type":"ReadAction","target":["https:\/\/www.metrica.it\/de\/produkt\/anreisslehre\/"]}]},{"@type":"ImageObject","inLanguage":"de","@id":"https:\/\/www.metrica.it\/de\/produkt\/anreisslehre\/#primaryimage","url":"https:\/\/www.metrica.it\/wp-content\/uploads\/2024\/06\/29263.jpg","contentUrl":"https:\/\/www.metrica.it\/wp-content\/uploads\/2024\/06\/29263.jpg","width":800,"height":800},{"@type":"BreadcrumbList","@id":"https:\/\/www.metrica.it\/de\/produkt\/anreisslehre\/#breadcrumb","itemListElement":[{"@type":"ListItem","position":1,"name":"Home","item":"https:\/\/www.metrica.it\/de\/"},{"@type":"ListItem","position":2,"name":"Katalog","item":"https:\/\/www.metrica.it\/de\/katalog\/"},{"@type":"ListItem","position":3,"name":"Anreisslehre"}]},{"@type":"WebSite","@id":"https:\/\/www.metrica.it\/de\/#website","url":"https:\/\/www.metrica.it\/de\/","name":"Metrica","description":"Made to measure","potentialAction":[{"@type":"SearchAction","target":{"@type":"EntryPoint","urlTemplate":"https:\/\/www.metrica.it\/de\/?s={search_term_string}"},"query-input":{"@type":"PropertyValueSpecification","valueRequired":true,"valueName":"search_term_string"}}],"inLanguage":"de"}]}},"meta_box":{"awr_documentation":[],"awr_manuale":[],"awr_scheda_tecnica":"","awr_youtube_video":"","awr_classe_prodotto":"","awr_customize_product":"0","awr_custom_image":false,"awr_related_products":[{"awr_product_name":"Squadra A Battente Per Tracciare","awr_product_references":"ref:29263|ean:8001066292639|l_mm:200|pack:1"},{"awr_product_name":"Squadra A Battente Per Tracciare","awr_product_references":"ref:29264|ean:8001066292646|l_mm:250|pack:1"},{"awr_product_name":"Squadra A Battente Per Tracciare","awr_product_references":"ref:29265|ean:8001066292653|l_mm:300|pack:1"}],"awr_consumabili":"","awr_alternativi":"","awr_aliases":"29263,29264,29265","awr_skuid":"29263-it"},"_links":{"self":[{"href":"https:\/\/www.metrica.it\/de\/wp-json\/wp\/v2\/product\/144342","targetHints":{"allow":["GET"]}}],"collection":[{"href":"https:\/\/www.metrica.it\/de\/wp-json\/wp\/v2\/product"}],"about":[{"href":"https:\/\/www.metrica.it\/de\/wp-json\/wp\/v2\/types\/product"}],"wp:featuredmedia":[{"embeddable":true,"href":"https:\/\/www.metrica.it\/de\/wp-json\/wp\/v2\/media\/130114"}],"wp:attachment":[{"href":"https:\/\/www.metrica.it\/de\/wp-json\/wp\/v2\/media?parent=144342"}],"wp:term":[{"taxonomy":"product_cat","embeddable":true,"href":"https:\/\/www.metrica.it\/de\/wp-json\/wp\/v2\/product_cat?post=144342"},{"taxonomy":"product_tag","embeddable":true,"href":"https:\/\/www.metrica.it\/de\/wp-json\/wp\/v2\/product_tag?post=144342"}],"curies":[{"name":"wp","href":"https:\/\/api.w.org\/{rel}","templated":true}]}}