{"id":144367,"date":"2024-09-16T11:42:22","date_gmt":"2024-09-16T09:42:22","guid":{"rendered":"https:\/\/www.metrica.it\/prodotto\/prazisions-hohenreisser-mit-teilung\/"},"modified":"2024-09-16T20:32:31","modified_gmt":"2024-09-16T18:32:31","slug":"prazisions-hohenreisser-mit-teilung","status":"publish","type":"product","link":"https:\/\/www.metrica.it\/de\/produkt\/prazisions-hohenreisser-mit-teilung\/","title":{"rendered":"Pr\u00e4zisions-h\u00f6henreisser Mit Teilung"},"content":{"rendered":"<ul>\n<li>Pr\u00e4zisions-H\u00f6henrei\u00dfer mit Teilung<\/li>\n<li>Rostfrei geh\u00e4rtet<\/li>\n<li>Verchromte Skala<\/li>\n<li>Feineinstellung<\/li>\n<li>Hartmetall-Rei\u00dfnadel<\/li>\n<li>Prismatische Sohle<\/li>\n<li>Im Holzetui<\/li>\n<\/ul>\n","protected":false},"excerpt":{"rendered":"<p>Pr\u00e4zisions-H\u00f6henrei\u00dfer mit Teilung<br \/>Rostfrei geh\u00e4rtet<br \/>Verchromte Skala<br \/>Feineinstellung<br \/>Hartmetall-Rei\u00dfnadel<br \/>Prismatische Sohle<br \/>Im Holzetui<\/p>\n","protected":false},"featured_media":125435,"template":"","meta":[],"product_cat":[702,738],"product_tag":[],"class_list":{"0":"post-144367","1":"product","2":"type-product","3":"status-publish","4":"has-post-thumbnail","6":"product_cat-anreisen-und-markieren","7":"product_cat-hohenreisser","9":"first","10":"instock","11":"sold-individually","12":"product-type-simple"},"yoast_head":"<title>Truschino Graduato Di Precisione | H\u00f6henreisser | Anrei\u00dfen und Markieren - Metrica<\/title>\n<meta name=\"description\" content=\"Entdecken Sie die Produktkollektion., Truschino Graduato Di Precisione - H\u00f6henreisser.Truschino graduato di precisione,Inox temprato,Scala cromata . Schauen Sie sich den Katalog auf der offiziellen Metrica-Website an\" \/>\n<meta name=\"robots\" content=\"index, follow, max-snippet:-1, max-image-preview:large, max-video-preview:-1\" \/>\n<link rel=\"canonical\" href=\"https:\/\/www.metrica.it\/de\/produkt\/prazisions-hohenreisser-mit-teilung\/\" \/>\n<meta property=\"og:locale\" content=\"de_DE\" \/>\n<meta property=\"og:type\" content=\"article\" \/>\n<meta property=\"og:title\" content=\"Truschino Graduato Di Precisione | H\u00f6henreisser | Anrei\u00dfen und Markieren - Metrica\" \/>\n<meta property=\"og:description\" content=\"Entdecken Sie die Produktkollektion., Truschino Graduato Di Precisione - H\u00f6henreisser.Truschino graduato di precisione,Inox temprato,Scala cromata . Schauen Sie sich den Katalog auf der offiziellen Metrica-Website an\" \/>\n<meta property=\"og:url\" content=\"https:\/\/www.metrica.it\/de\/produkt\/prazisions-hohenreisser-mit-teilung\/\" \/>\n<meta property=\"og:site_name\" content=\"Metrica\" \/>\n<meta property=\"article:modified_time\" content=\"2024-09-16T18:32:31+00:00\" \/>\n<meta property=\"og:image\" content=\"https:\/\/www.metrica.it\/wp-content\/uploads\/2024\/05\/45050.jpg\" \/>\n\t<meta property=\"og:image:width\" content=\"800\" \/>\n\t<meta property=\"og:image:height\" content=\"800\" \/>\n\t<meta property=\"og:image:type\" content=\"image\/jpeg\" \/>\n<meta name=\"twitter:card\" content=\"summary_large_image\" \/>\n<script type=\"application\/ld+json\" class=\"yoast-schema-graph\">{\"@context\":\"https:\\\/\\\/schema.org\",\"@graph\":[{\"@type\":\"WebPage\",\"@id\":\"https:\\\/\\\/www.metrica.it\\\/de\\\/produkt\\\/prazisions-hohenreisser-mit-teilung\\\/\",\"url\":\"https:\\\/\\\/www.metrica.it\\\/de\\\/produkt\\\/prazisions-hohenreisser-mit-teilung\\\/\",\"name\":\"Truschino Graduato Di Precisione | H\u00f6henreisser | Anrei\u00dfen und Markieren - Metrica\",\"isPartOf\":{\"@id\":\"https:\\\/\\\/www.metrica.it\\\/de\\\/#website\"},\"primaryImageOfPage\":{\"@id\":\"https:\\\/\\\/www.metrica.it\\\/de\\\/produkt\\\/prazisions-hohenreisser-mit-teilung\\\/#primaryimage\"},\"image\":{\"@id\":\"https:\\\/\\\/www.metrica.it\\\/de\\\/produkt\\\/prazisions-hohenreisser-mit-teilung\\\/#primaryimage\"},\"thumbnailUrl\":\"https:\\\/\\\/www.metrica.it\\\/wp-content\\\/uploads\\\/2024\\\/05\\\/45050.jpg\",\"datePublished\":\"2024-09-16T09:42:22+00:00\",\"dateModified\":\"2024-09-16T18:32:31+00:00\",\"description\":\"Entdecken Sie die Produktkollektion., Truschino Graduato Di Precisione - H\u00f6henreisser.Truschino graduato di precisione,Inox temprato,Scala cromata . Schauen Sie sich den Katalog auf der offiziellen Metrica-Website an\",\"breadcrumb\":{\"@id\":\"https:\\\/\\\/www.metrica.it\\\/de\\\/produkt\\\/prazisions-hohenreisser-mit-teilung\\\/#breadcrumb\"},\"inLanguage\":\"de\",\"potentialAction\":[{\"@type\":\"ReadAction\",\"target\":[\"https:\\\/\\\/www.metrica.it\\\/de\\\/produkt\\\/prazisions-hohenreisser-mit-teilung\\\/\"]}]},{\"@type\":\"ImageObject\",\"inLanguage\":\"de\",\"@id\":\"https:\\\/\\\/www.metrica.it\\\/de\\\/produkt\\\/prazisions-hohenreisser-mit-teilung\\\/#primaryimage\",\"url\":\"https:\\\/\\\/www.metrica.it\\\/wp-content\\\/uploads\\\/2024\\\/05\\\/45050.jpg\",\"contentUrl\":\"https:\\\/\\\/www.metrica.it\\\/wp-content\\\/uploads\\\/2024\\\/05\\\/45050.jpg\",\"width\":800,\"height\":800},{\"@type\":\"BreadcrumbList\",\"@id\":\"https:\\\/\\\/www.metrica.it\\\/de\\\/produkt\\\/prazisions-hohenreisser-mit-teilung\\\/#breadcrumb\",\"itemListElement\":[{\"@type\":\"ListItem\",\"position\":1,\"name\":\"Home\",\"item\":\"https:\\\/\\\/www.metrica.it\\\/de\\\/\"},{\"@type\":\"ListItem\",\"position\":2,\"name\":\"Katalog\",\"item\":\"https:\\\/\\\/www.metrica.it\\\/de\\\/katalog\\\/\"},{\"@type\":\"ListItem\",\"position\":3,\"name\":\"Pr\u00e4zisions-h\u00f6henreisser Mit Teilung\"}]},{\"@type\":\"WebSite\",\"@id\":\"https:\\\/\\\/www.metrica.it\\\/de\\\/#website\",\"url\":\"https:\\\/\\\/www.metrica.it\\\/de\\\/\",\"name\":\"Metrica\",\"description\":\"Made to measure\",\"potentialAction\":[{\"@type\":\"SearchAction\",\"target\":{\"@type\":\"EntryPoint\",\"urlTemplate\":\"https:\\\/\\\/www.metrica.it\\\/de\\\/?s={search_term_string}\"},\"query-input\":{\"@type\":\"PropertyValueSpecification\",\"valueRequired\":true,\"valueName\":\"search_term_string\"}}],\"inLanguage\":\"de\"}]}<\/script>","yoast_head_json":{"title":"Truschino Graduato Di Precisione | H\u00f6henreisser | Anrei\u00dfen und Markieren - Metrica","description":"Entdecken Sie die Produktkollektion., Truschino Graduato Di Precisione - H\u00f6henreisser.Truschino graduato di precisione,Inox temprato,Scala cromata . Schauen Sie sich den Katalog auf der offiziellen Metrica-Website an","robots":{"index":"index","follow":"follow","max-snippet":"max-snippet:-1","max-image-preview":"max-image-preview:large","max-video-preview":"max-video-preview:-1"},"canonical":"https:\/\/www.metrica.it\/de\/produkt\/prazisions-hohenreisser-mit-teilung\/","og_locale":"de_DE","og_type":"article","og_title":"Truschino Graduato Di Precisione | H\u00f6henreisser | Anrei\u00dfen und Markieren - Metrica","og_description":"Entdecken Sie die Produktkollektion., Truschino Graduato Di Precisione - H\u00f6henreisser.Truschino graduato di precisione,Inox temprato,Scala cromata . Schauen Sie sich den Katalog auf der offiziellen Metrica-Website an","og_url":"https:\/\/www.metrica.it\/de\/produkt\/prazisions-hohenreisser-mit-teilung\/","og_site_name":"Metrica","article_modified_time":"2024-09-16T18:32:31+00:00","og_image":[{"width":800,"height":800,"url":"https:\/\/www.metrica.it\/wp-content\/uploads\/2024\/05\/45050.jpg","type":"image\/jpeg"}],"twitter_card":"summary_large_image","schema":{"@context":"https:\/\/schema.org","@graph":[{"@type":"WebPage","@id":"https:\/\/www.metrica.it\/de\/produkt\/prazisions-hohenreisser-mit-teilung\/","url":"https:\/\/www.metrica.it\/de\/produkt\/prazisions-hohenreisser-mit-teilung\/","name":"Truschino Graduato Di Precisione | H\u00f6henreisser | Anrei\u00dfen und Markieren - Metrica","isPartOf":{"@id":"https:\/\/www.metrica.it\/de\/#website"},"primaryImageOfPage":{"@id":"https:\/\/www.metrica.it\/de\/produkt\/prazisions-hohenreisser-mit-teilung\/#primaryimage"},"image":{"@id":"https:\/\/www.metrica.it\/de\/produkt\/prazisions-hohenreisser-mit-teilung\/#primaryimage"},"thumbnailUrl":"https:\/\/www.metrica.it\/wp-content\/uploads\/2024\/05\/45050.jpg","datePublished":"2024-09-16T09:42:22+00:00","dateModified":"2024-09-16T18:32:31+00:00","description":"Entdecken Sie die Produktkollektion., Truschino Graduato Di Precisione - H\u00f6henreisser.Truschino graduato di precisione,Inox temprato,Scala cromata . Schauen Sie sich den Katalog auf der offiziellen Metrica-Website an","breadcrumb":{"@id":"https:\/\/www.metrica.it\/de\/produkt\/prazisions-hohenreisser-mit-teilung\/#breadcrumb"},"inLanguage":"de","potentialAction":[{"@type":"ReadAction","target":["https:\/\/www.metrica.it\/de\/produkt\/prazisions-hohenreisser-mit-teilung\/"]}]},{"@type":"ImageObject","inLanguage":"de","@id":"https:\/\/www.metrica.it\/de\/produkt\/prazisions-hohenreisser-mit-teilung\/#primaryimage","url":"https:\/\/www.metrica.it\/wp-content\/uploads\/2024\/05\/45050.jpg","contentUrl":"https:\/\/www.metrica.it\/wp-content\/uploads\/2024\/05\/45050.jpg","width":800,"height":800},{"@type":"BreadcrumbList","@id":"https:\/\/www.metrica.it\/de\/produkt\/prazisions-hohenreisser-mit-teilung\/#breadcrumb","itemListElement":[{"@type":"ListItem","position":1,"name":"Home","item":"https:\/\/www.metrica.it\/de\/"},{"@type":"ListItem","position":2,"name":"Katalog","item":"https:\/\/www.metrica.it\/de\/katalog\/"},{"@type":"ListItem","position":3,"name":"Pr\u00e4zisions-h\u00f6henreisser Mit Teilung"}]},{"@type":"WebSite","@id":"https:\/\/www.metrica.it\/de\/#website","url":"https:\/\/www.metrica.it\/de\/","name":"Metrica","description":"Made to measure","potentialAction":[{"@type":"SearchAction","target":{"@type":"EntryPoint","urlTemplate":"https:\/\/www.metrica.it\/de\/?s={search_term_string}"},"query-input":{"@type":"PropertyValueSpecification","valueRequired":true,"valueName":"search_term_string"}}],"inLanguage":"de"}]}},"meta_box":{"awr_documentation":[],"awr_manuale":[],"awr_scheda_tecnica":"","awr_youtube_video":"","awr_classe_prodotto":"","awr_customize_product":"0","awr_custom_image":false,"awr_related_products":[{"awr_product_name":"Truschino Graduato Di Precisione","awr_product_references":"ref:45050|ean:8001066450503|a_mm:0 - 300|unit_misura_mm:0.02|pack:1"},{"awr_product_name":"Truschino Graduato Di Precisione","awr_product_references":"ref:45051|ean:8001066450510|a_mm:0 - 500|unit_misura_mm:0.02|pack:1"}],"awr_consumabili":"","awr_alternativi":"","awr_aliases":"45050,45051","awr_skuid":"45050-it"},"_links":{"self":[{"href":"https:\/\/www.metrica.it\/de\/wp-json\/wp\/v2\/product\/144367","targetHints":{"allow":["GET"]}}],"collection":[{"href":"https:\/\/www.metrica.it\/de\/wp-json\/wp\/v2\/product"}],"about":[{"href":"https:\/\/www.metrica.it\/de\/wp-json\/wp\/v2\/types\/product"}],"wp:featuredmedia":[{"embeddable":true,"href":"https:\/\/www.metrica.it\/de\/wp-json\/wp\/v2\/media\/125435"}],"wp:attachment":[{"href":"https:\/\/www.metrica.it\/de\/wp-json\/wp\/v2\/media?parent=144367"}],"wp:term":[{"taxonomy":"product_cat","embeddable":true,"href":"https:\/\/www.metrica.it\/de\/wp-json\/wp\/v2\/product_cat?post=144367"},{"taxonomy":"product_tag","embeddable":true,"href":"https:\/\/www.metrica.it\/de\/wp-json\/wp\/v2\/product_tag?post=144367"}],"curies":[{"name":"wp","href":"https:\/\/api.w.org\/{rel}","templated":true}]}}