{"id":144743,"date":"2024-09-16T11:49:44","date_gmt":"2024-09-16T09:49:44","guid":{"rendered":"https:\/\/www.metrica.it\/prodotto\/gliedermasstab-50-holzfaser\/"},"modified":"2024-09-16T20:37:48","modified_gmt":"2024-09-16T18:37:48","slug":"gliedermasstab-50-holzfaser","status":"publish","type":"product","link":"https:\/\/www.metrica.it\/de\/produkt\/gliedermasstab-50-holzfaser\/","title":{"rendered":"Gliedermasstab &#8211; 50% Holzfaser"},"content":{"rendered":"<ul>\n<li>Compound mit 50% Holzfasern &#8211; \u00d6kologisch<\/li>\n<li>Gravierte Teilung<\/li>\n<li>Gelenke mit anti-Verschlei\u00df Doppelfeder und Einrasten bei 90 \u00b0<\/li>\n<li>Nichtleiter, waschbar, Oberfl\u00e4chen bleiben kratzfrei<\/li>\n<\/ul>\n","protected":false},"excerpt":{"rendered":"<p>Compound mit 50% Holzfasern &#8211; \u00d6kologisch<br \/>Gravierte Teilung<br \/>Gelenke mit anti-Verschlei\u00df Doppelfeder und Einrasten bei 90 \u00b0<br \/>Nichtleiter, waschbar, Oberfl\u00e4chen bleiben kratzfrei<\/p>\n","protected":false},"featured_media":120534,"template":"","meta":[],"product_cat":[594,50],"product_tag":[],"class_list":{"0":"post-144743","1":"product","2":"type-product","3":"status-publish","4":"has-post-thumbnail","6":"product_cat-gliedermassstabe-schneidermassstabe","7":"product_cat-laengenmessungen","9":"first","10":"instock","11":"sold-individually","12":"product-type-simple"},"yoast_head":"<title>Fibra Di Legno 50% | Gliedermassst\u00e4be - Schneidermassst\u00e4be | L\u00e4ngenmessungen - Metrica<\/title>\n<meta name=\"description\" content=\"Entdecken Sie die Produktkollektion., Fibra Di Legno 50% - Gliedermassst\u00e4be - Schneidermassst\u00e4be.Compound con 50% di fibra di legno - Ecologico,Graduazione incisa,Snodi con doppia mol . Schauen Sie sich den Katalog auf der offiziellen Metrica-Website an\" \/>\n<meta name=\"robots\" content=\"index, follow, max-snippet:-1, max-image-preview:large, max-video-preview:-1\" \/>\n<link rel=\"canonical\" href=\"https:\/\/www.metrica.it\/de\/produkt\/gliedermasstab-50-holzfaser\/\" \/>\n<meta property=\"og:locale\" content=\"de_DE\" \/>\n<meta property=\"og:type\" content=\"article\" \/>\n<meta property=\"og:title\" content=\"Fibra Di Legno 50% | Gliedermassst\u00e4be - Schneidermassst\u00e4be | L\u00e4ngenmessungen - Metrica\" \/>\n<meta property=\"og:description\" content=\"Entdecken Sie die Produktkollektion., Fibra Di Legno 50% - Gliedermassst\u00e4be - Schneidermassst\u00e4be.Compound con 50% di fibra di legno - Ecologico,Graduazione incisa,Snodi con doppia mol . Schauen Sie sich den Katalog auf der offiziellen Metrica-Website an\" \/>\n<meta property=\"og:url\" content=\"https:\/\/www.metrica.it\/de\/produkt\/gliedermasstab-50-holzfaser\/\" \/>\n<meta property=\"og:site_name\" content=\"Metrica\" \/>\n<meta property=\"article:modified_time\" content=\"2024-09-16T18:37:48+00:00\" \/>\n<meta property=\"og:image\" content=\"https:\/\/www.metrica.it\/wp-content\/uploads\/2024\/05\/18001.jpg\" \/>\n\t<meta property=\"og:image:width\" content=\"600\" \/>\n\t<meta property=\"og:image:height\" content=\"600\" \/>\n\t<meta property=\"og:image:type\" content=\"image\/jpeg\" \/>\n<meta name=\"twitter:card\" content=\"summary_large_image\" \/>\n<script type=\"application\/ld+json\" class=\"yoast-schema-graph\">{\"@context\":\"https:\\\/\\\/schema.org\",\"@graph\":[{\"@type\":\"WebPage\",\"@id\":\"https:\\\/\\\/www.metrica.it\\\/de\\\/produkt\\\/gliedermasstab-50-holzfaser\\\/\",\"url\":\"https:\\\/\\\/www.metrica.it\\\/de\\\/produkt\\\/gliedermasstab-50-holzfaser\\\/\",\"name\":\"Fibra Di Legno 50% | Gliedermassst\u00e4be - Schneidermassst\u00e4be | L\u00e4ngenmessungen - Metrica\",\"isPartOf\":{\"@id\":\"https:\\\/\\\/www.metrica.it\\\/de\\\/#website\"},\"primaryImageOfPage\":{\"@id\":\"https:\\\/\\\/www.metrica.it\\\/de\\\/produkt\\\/gliedermasstab-50-holzfaser\\\/#primaryimage\"},\"image\":{\"@id\":\"https:\\\/\\\/www.metrica.it\\\/de\\\/produkt\\\/gliedermasstab-50-holzfaser\\\/#primaryimage\"},\"thumbnailUrl\":\"https:\\\/\\\/www.metrica.it\\\/wp-content\\\/uploads\\\/2024\\\/05\\\/18001.jpg\",\"datePublished\":\"2024-09-16T09:49:44+00:00\",\"dateModified\":\"2024-09-16T18:37:48+00:00\",\"description\":\"Entdecken Sie die Produktkollektion., Fibra Di Legno 50% - Gliedermassst\u00e4be - Schneidermassst\u00e4be.Compound con 50% di fibra di legno - Ecologico,Graduazione incisa,Snodi con doppia mol . Schauen Sie sich den Katalog auf der offiziellen Metrica-Website an\",\"breadcrumb\":{\"@id\":\"https:\\\/\\\/www.metrica.it\\\/de\\\/produkt\\\/gliedermasstab-50-holzfaser\\\/#breadcrumb\"},\"inLanguage\":\"de\",\"potentialAction\":[{\"@type\":\"ReadAction\",\"target\":[\"https:\\\/\\\/www.metrica.it\\\/de\\\/produkt\\\/gliedermasstab-50-holzfaser\\\/\"]}]},{\"@type\":\"ImageObject\",\"inLanguage\":\"de\",\"@id\":\"https:\\\/\\\/www.metrica.it\\\/de\\\/produkt\\\/gliedermasstab-50-holzfaser\\\/#primaryimage\",\"url\":\"https:\\\/\\\/www.metrica.it\\\/wp-content\\\/uploads\\\/2024\\\/05\\\/18001.jpg\",\"contentUrl\":\"https:\\\/\\\/www.metrica.it\\\/wp-content\\\/uploads\\\/2024\\\/05\\\/18001.jpg\",\"width\":600,\"height\":600},{\"@type\":\"BreadcrumbList\",\"@id\":\"https:\\\/\\\/www.metrica.it\\\/de\\\/produkt\\\/gliedermasstab-50-holzfaser\\\/#breadcrumb\",\"itemListElement\":[{\"@type\":\"ListItem\",\"position\":1,\"name\":\"Home\",\"item\":\"https:\\\/\\\/www.metrica.it\\\/de\\\/\"},{\"@type\":\"ListItem\",\"position\":2,\"name\":\"Katalog\",\"item\":\"https:\\\/\\\/www.metrica.it\\\/de\\\/katalog\\\/\"},{\"@type\":\"ListItem\",\"position\":3,\"name\":\"Gliedermasstab &#8211; 50% Holzfaser\"}]},{\"@type\":\"WebSite\",\"@id\":\"https:\\\/\\\/www.metrica.it\\\/de\\\/#website\",\"url\":\"https:\\\/\\\/www.metrica.it\\\/de\\\/\",\"name\":\"Metrica\",\"description\":\"Made to measure\",\"potentialAction\":[{\"@type\":\"SearchAction\",\"target\":{\"@type\":\"EntryPoint\",\"urlTemplate\":\"https:\\\/\\\/www.metrica.it\\\/de\\\/?s={search_term_string}\"},\"query-input\":{\"@type\":\"PropertyValueSpecification\",\"valueRequired\":true,\"valueName\":\"search_term_string\"}}],\"inLanguage\":\"de\"}]}<\/script>","yoast_head_json":{"title":"Fibra Di Legno 50% | Gliedermassst\u00e4be - Schneidermassst\u00e4be | L\u00e4ngenmessungen - Metrica","description":"Entdecken Sie die Produktkollektion., Fibra Di Legno 50% - Gliedermassst\u00e4be - Schneidermassst\u00e4be.Compound con 50% di fibra di legno - Ecologico,Graduazione incisa,Snodi con doppia mol . Schauen Sie sich den Katalog auf der offiziellen Metrica-Website an","robots":{"index":"index","follow":"follow","max-snippet":"max-snippet:-1","max-image-preview":"max-image-preview:large","max-video-preview":"max-video-preview:-1"},"canonical":"https:\/\/www.metrica.it\/de\/produkt\/gliedermasstab-50-holzfaser\/","og_locale":"de_DE","og_type":"article","og_title":"Fibra Di Legno 50% | Gliedermassst\u00e4be - Schneidermassst\u00e4be | L\u00e4ngenmessungen - Metrica","og_description":"Entdecken Sie die Produktkollektion., Fibra Di Legno 50% - Gliedermassst\u00e4be - Schneidermassst\u00e4be.Compound con 50% di fibra di legno - Ecologico,Graduazione incisa,Snodi con doppia mol . Schauen Sie sich den Katalog auf der offiziellen Metrica-Website an","og_url":"https:\/\/www.metrica.it\/de\/produkt\/gliedermasstab-50-holzfaser\/","og_site_name":"Metrica","article_modified_time":"2024-09-16T18:37:48+00:00","og_image":[{"width":600,"height":600,"url":"https:\/\/www.metrica.it\/wp-content\/uploads\/2024\/05\/18001.jpg","type":"image\/jpeg"}],"twitter_card":"summary_large_image","schema":{"@context":"https:\/\/schema.org","@graph":[{"@type":"WebPage","@id":"https:\/\/www.metrica.it\/de\/produkt\/gliedermasstab-50-holzfaser\/","url":"https:\/\/www.metrica.it\/de\/produkt\/gliedermasstab-50-holzfaser\/","name":"Fibra Di Legno 50% | Gliedermassst\u00e4be - Schneidermassst\u00e4be | L\u00e4ngenmessungen - Metrica","isPartOf":{"@id":"https:\/\/www.metrica.it\/de\/#website"},"primaryImageOfPage":{"@id":"https:\/\/www.metrica.it\/de\/produkt\/gliedermasstab-50-holzfaser\/#primaryimage"},"image":{"@id":"https:\/\/www.metrica.it\/de\/produkt\/gliedermasstab-50-holzfaser\/#primaryimage"},"thumbnailUrl":"https:\/\/www.metrica.it\/wp-content\/uploads\/2024\/05\/18001.jpg","datePublished":"2024-09-16T09:49:44+00:00","dateModified":"2024-09-16T18:37:48+00:00","description":"Entdecken Sie die Produktkollektion., Fibra Di Legno 50% - Gliedermassst\u00e4be - Schneidermassst\u00e4be.Compound con 50% di fibra di legno - Ecologico,Graduazione incisa,Snodi con doppia mol . Schauen Sie sich den Katalog auf der offiziellen Metrica-Website an","breadcrumb":{"@id":"https:\/\/www.metrica.it\/de\/produkt\/gliedermasstab-50-holzfaser\/#breadcrumb"},"inLanguage":"de","potentialAction":[{"@type":"ReadAction","target":["https:\/\/www.metrica.it\/de\/produkt\/gliedermasstab-50-holzfaser\/"]}]},{"@type":"ImageObject","inLanguage":"de","@id":"https:\/\/www.metrica.it\/de\/produkt\/gliedermasstab-50-holzfaser\/#primaryimage","url":"https:\/\/www.metrica.it\/wp-content\/uploads\/2024\/05\/18001.jpg","contentUrl":"https:\/\/www.metrica.it\/wp-content\/uploads\/2024\/05\/18001.jpg","width":600,"height":600},{"@type":"BreadcrumbList","@id":"https:\/\/www.metrica.it\/de\/produkt\/gliedermasstab-50-holzfaser\/#breadcrumb","itemListElement":[{"@type":"ListItem","position":1,"name":"Home","item":"https:\/\/www.metrica.it\/de\/"},{"@type":"ListItem","position":2,"name":"Katalog","item":"https:\/\/www.metrica.it\/de\/katalog\/"},{"@type":"ListItem","position":3,"name":"Gliedermasstab &#8211; 50% Holzfaser"}]},{"@type":"WebSite","@id":"https:\/\/www.metrica.it\/de\/#website","url":"https:\/\/www.metrica.it\/de\/","name":"Metrica","description":"Made to measure","potentialAction":[{"@type":"SearchAction","target":{"@type":"EntryPoint","urlTemplate":"https:\/\/www.metrica.it\/de\/?s={search_term_string}"},"query-input":{"@type":"PropertyValueSpecification","valueRequired":true,"valueName":"search_term_string"}}],"inLanguage":"de"}]}},"meta_box":{"awr_documentation":[],"awr_manuale":[],"awr_scheda_tecnica":"","awr_youtube_video":"","awr_classe_prodotto":"CE_3","awr_customize_product":"1","awr_custom_image":{"width":96,"height":96,"file":"2024\/05\/18001n.jpg","filesize":383103,"sizes":{"dgwt-wcas-product-suggestion":{"file":"18001n-64x64.jpg","width":64,"height":64,"mime-type":"image\/jpeg","filesize":1477,"url":"https:\/\/www.metrica.it\/wp-content\/uploads\/2024\/05\/18001n-64x64.jpg"},"hongo-product-icon-image":{"file":"18001n-64x64.jpg","width":64,"height":64,"mime-type":"image\/jpeg","filesize":1477,"url":"https:\/\/www.metrica.it\/wp-content\/uploads\/2024\/05\/18001n-64x64.jpg"},"hongo-product-small-image":{"file":"18001n-84x84.jpg","width":84,"height":84,"mime-type":"image\/jpeg","filesize":1873,"url":"https:\/\/www.metrica.it\/wp-content\/uploads\/2024\/05\/18001n-84x84.jpg"},"hongo-medium-image":{"file":"18001n-450x450.jpg","width":450,"height":450,"mime-type":"image\/jpeg","filesize":20398,"url":"https:\/\/www.metrica.it\/wp-content\/uploads\/2024\/05\/18001n-450x450.jpg"},"post-thumbnail":{"file":"18001n-790x790.jpg","width":790,"height":790,"mime-type":"image\/jpeg","filesize":52982,"url":"https:\/\/www.metrica.it\/wp-content\/uploads\/2024\/05\/18001n-790x790.jpg"},"hongo-shop-image":{"file":"18001n-660x660.jpg","width":660,"height":660,"mime-type":"image\/jpeg","filesize":39560,"url":"https:\/\/www.metrica.it\/wp-content\/uploads\/2024\/05\/18001n-660x660.jpg"}},"image_meta":{"aperture":"0","credit":"","camera":"","caption":"","created_timestamp":"0","copyright":"","focal_length":"0","iso":"0","shutter_speed":"0","title":"","orientation":"1","keywords":[]},"ID":"120529","name":"18001n.jpg","path":"\/var\/www\/html\/wp-content\/uploads\/2024\/05\/18001n.jpg","url":"https:\/\/www.metrica.it\/wp-content\/uploads\/2024\/05\/18001n.jpg","full_url":"https:\/\/www.metrica.it\/wp-content\/uploads\/2024\/05\/18001n.jpg","title":"18001n.jpg","caption":"","description":"","alt":"","srcset":"https:\/\/www.metrica.it\/wp-content\/uploads\/2024\/05\/18001n.jpg 800w, https:\/\/www.metrica.it\/wp-content\/uploads\/2024\/05\/18001n-64x64.jpg 64w, https:\/\/www.metrica.it\/wp-content\/uploads\/2024\/05\/18001n-84x84.jpg 84w, https:\/\/www.metrica.it\/wp-content\/uploads\/2024\/05\/18001n-450x450.jpg 450w, https:\/\/www.metrica.it\/wp-content\/uploads\/2024\/05\/18001n-790x790.jpg 790w, https:\/\/www.metrica.it\/wp-content\/uploads\/2024\/05\/18001n-660x660.jpg 660w"},"awr_related_products":[{"awr_product_name":"Fibra Di Legno 50%","awr_product_references":"ref:19001|ean:8001066190010|l:1 m|aste:10|unit_misura:mm|pack:12"}],"awr_consumabili":"","awr_alternativi":"","awr_aliases":"19001","awr_skuid":"18001-it"},"_links":{"self":[{"href":"https:\/\/www.metrica.it\/de\/wp-json\/wp\/v2\/product\/144743","targetHints":{"allow":["GET"]}}],"collection":[{"href":"https:\/\/www.metrica.it\/de\/wp-json\/wp\/v2\/product"}],"about":[{"href":"https:\/\/www.metrica.it\/de\/wp-json\/wp\/v2\/types\/product"}],"wp:featuredmedia":[{"embeddable":true,"href":"https:\/\/www.metrica.it\/de\/wp-json\/wp\/v2\/media\/120534"}],"wp:attachment":[{"href":"https:\/\/www.metrica.it\/de\/wp-json\/wp\/v2\/media?parent=144743"}],"wp:term":[{"taxonomy":"product_cat","embeddable":true,"href":"https:\/\/www.metrica.it\/de\/wp-json\/wp\/v2\/product_cat?post=144743"},{"taxonomy":"product_tag","embeddable":true,"href":"https:\/\/www.metrica.it\/de\/wp-json\/wp\/v2\/product_tag?post=144743"}],"curies":[{"name":"wp","href":"https:\/\/api.w.org\/{rel}","templated":true}]}}