{"id":144848,"date":"2024-09-16T12:24:48","date_gmt":"2024-09-16T10:24:48","guid":{"rendered":"https:\/\/www.metrica.it\/prodotto\/optischer-nivellier\/"},"modified":"2024-09-16T21:14:41","modified_gmt":"2024-09-16T19:14:41","slug":"optischer-nivellier","status":"publish","type":"product","link":"https:\/\/www.metrica.it\/de\/produkt\/optischer-nivellier\/","title":{"rendered":"Optischer Nivellier"},"content":{"rendered":"<ul>\n<li>Optische Nivellier-Ger\u00e4te 20x, 24x und 32x<\/li>\n<li>Mittlerer Fehler \u00b1 2,5 mm, 1 km<\/li>\n<li>Basis mit 360\u00b0 Teilung<\/li>\n<li>Additive Konstante: 0<\/li>\n<li>Genauigkeit: \u00b1 0,5\u0094<\/li>\n<li>Im Koffer<\/li>\n<\/ul>\n","protected":false},"excerpt":{"rendered":"<p>Optische Nivellier-Ger\u00e4te 20x, 24x und 32x<br \/>Mittlerer Fehler \u00b1 2,5 mm, 1 km<br \/>Basis mit 360\u00b0 Teilung<br \/>Additive Konstante: 0<br \/>Genauigkeit: \u00b1 0,5\u0094<br \/>Im Koffer<\/p>\n","protected":false},"featured_media":123502,"template":"","meta":[],"product_cat":[531,516],"product_tag":[],"class_list":{"0":"post-144848","1":"product","2":"type-product","3":"status-publish","4":"has-post-thumbnail","6":"product_cat-geodasie","7":"product_cat-laser-und-warmebildkameras","9":"first","10":"instock","11":"sold-individually","12":"product-type-simple"},"yoast_head":"<title>Misuratore Ottico | Geod\u00e4sie | Laser und W\u00e4rmebildkameras - Metrica<\/title>\n<meta name=\"description\" content=\"Entdecken Sie die Produktkollektion., Misuratore Ottico - Geod\u00e4sie.Livello automatico 20x, 24x e 32x,Errore medio &plusmn; 2,5 mm a 1 km,Base graduata a 360&deg; . Schauen Sie sich den Katalog auf der offiziellen Metrica-Website an\" \/>\n<meta name=\"robots\" content=\"index, follow, max-snippet:-1, max-image-preview:large, max-video-preview:-1\" \/>\n<link rel=\"canonical\" href=\"https:\/\/www.metrica.it\/de\/produkt\/optischer-nivellier\/\" \/>\n<meta property=\"og:locale\" content=\"de_DE\" \/>\n<meta property=\"og:type\" content=\"article\" \/>\n<meta property=\"og:title\" content=\"Misuratore Ottico | Geod\u00e4sie | Laser und W\u00e4rmebildkameras - Metrica\" \/>\n<meta property=\"og:description\" content=\"Entdecken Sie die Produktkollektion., Misuratore Ottico - Geod\u00e4sie.Livello automatico 20x, 24x e 32x,Errore medio &plusmn; 2,5 mm a 1 km,Base graduata a 360&deg; . Schauen Sie sich den Katalog auf der offiziellen Metrica-Website an\" \/>\n<meta property=\"og:url\" content=\"https:\/\/www.metrica.it\/de\/produkt\/optischer-nivellier\/\" \/>\n<meta property=\"og:site_name\" content=\"Metrica\" \/>\n<meta property=\"article:modified_time\" content=\"2024-09-16T19:14:41+00:00\" \/>\n<meta property=\"og:image\" content=\"https:\/\/www.metrica.it\/wp-content\/uploads\/2024\/05\/60480_60467_60466.jpg\" \/>\n\t<meta property=\"og:image:width\" content=\"800\" \/>\n\t<meta property=\"og:image:height\" content=\"800\" \/>\n\t<meta property=\"og:image:type\" content=\"image\/jpeg\" \/>\n<meta name=\"twitter:card\" content=\"summary_large_image\" \/>\n<script type=\"application\/ld+json\" class=\"yoast-schema-graph\">{\"@context\":\"https:\\\/\\\/schema.org\",\"@graph\":[{\"@type\":\"WebPage\",\"@id\":\"https:\\\/\\\/www.metrica.it\\\/de\\\/produkt\\\/optischer-nivellier\\\/\",\"url\":\"https:\\\/\\\/www.metrica.it\\\/de\\\/produkt\\\/optischer-nivellier\\\/\",\"name\":\"Misuratore Ottico | Geod\u00e4sie | Laser und W\u00e4rmebildkameras - Metrica\",\"isPartOf\":{\"@id\":\"https:\\\/\\\/www.metrica.it\\\/de\\\/#website\"},\"primaryImageOfPage\":{\"@id\":\"https:\\\/\\\/www.metrica.it\\\/de\\\/produkt\\\/optischer-nivellier\\\/#primaryimage\"},\"image\":{\"@id\":\"https:\\\/\\\/www.metrica.it\\\/de\\\/produkt\\\/optischer-nivellier\\\/#primaryimage\"},\"thumbnailUrl\":\"https:\\\/\\\/www.metrica.it\\\/wp-content\\\/uploads\\\/2024\\\/05\\\/60480_60467_60466.jpg\",\"datePublished\":\"2024-09-16T10:24:48+00:00\",\"dateModified\":\"2024-09-16T19:14:41+00:00\",\"description\":\"Entdecken Sie die Produktkollektion., Misuratore Ottico - Geod\u00e4sie.Livello automatico 20x, 24x e 32x,Errore medio &plusmn; 2,5 mm a 1 km,Base graduata a 360&deg; . Schauen Sie sich den Katalog auf der offiziellen Metrica-Website an\",\"breadcrumb\":{\"@id\":\"https:\\\/\\\/www.metrica.it\\\/de\\\/produkt\\\/optischer-nivellier\\\/#breadcrumb\"},\"inLanguage\":\"de\",\"potentialAction\":[{\"@type\":\"ReadAction\",\"target\":[\"https:\\\/\\\/www.metrica.it\\\/de\\\/produkt\\\/optischer-nivellier\\\/\"]}]},{\"@type\":\"ImageObject\",\"inLanguage\":\"de\",\"@id\":\"https:\\\/\\\/www.metrica.it\\\/de\\\/produkt\\\/optischer-nivellier\\\/#primaryimage\",\"url\":\"https:\\\/\\\/www.metrica.it\\\/wp-content\\\/uploads\\\/2024\\\/05\\\/60480_60467_60466.jpg\",\"contentUrl\":\"https:\\\/\\\/www.metrica.it\\\/wp-content\\\/uploads\\\/2024\\\/05\\\/60480_60467_60466.jpg\",\"width\":800,\"height\":800},{\"@type\":\"BreadcrumbList\",\"@id\":\"https:\\\/\\\/www.metrica.it\\\/de\\\/produkt\\\/optischer-nivellier\\\/#breadcrumb\",\"itemListElement\":[{\"@type\":\"ListItem\",\"position\":1,\"name\":\"Home\",\"item\":\"https:\\\/\\\/www.metrica.it\\\/de\\\/\"},{\"@type\":\"ListItem\",\"position\":2,\"name\":\"Katalog\",\"item\":\"https:\\\/\\\/www.metrica.it\\\/de\\\/katalog\\\/\"},{\"@type\":\"ListItem\",\"position\":3,\"name\":\"Optischer Nivellier\"}]},{\"@type\":\"WebSite\",\"@id\":\"https:\\\/\\\/www.metrica.it\\\/de\\\/#website\",\"url\":\"https:\\\/\\\/www.metrica.it\\\/de\\\/\",\"name\":\"Metrica\",\"description\":\"Made to measure\",\"potentialAction\":[{\"@type\":\"SearchAction\",\"target\":{\"@type\":\"EntryPoint\",\"urlTemplate\":\"https:\\\/\\\/www.metrica.it\\\/de\\\/?s={search_term_string}\"},\"query-input\":{\"@type\":\"PropertyValueSpecification\",\"valueRequired\":true,\"valueName\":\"search_term_string\"}}],\"inLanguage\":\"de\"}]}<\/script>","yoast_head_json":{"title":"Misuratore Ottico | Geod\u00e4sie | Laser und W\u00e4rmebildkameras - Metrica","description":"Entdecken Sie die Produktkollektion., Misuratore Ottico - Geod\u00e4sie.Livello automatico 20x, 24x e 32x,Errore medio &plusmn; 2,5 mm a 1 km,Base graduata a 360&deg; . Schauen Sie sich den Katalog auf der offiziellen Metrica-Website an","robots":{"index":"index","follow":"follow","max-snippet":"max-snippet:-1","max-image-preview":"max-image-preview:large","max-video-preview":"max-video-preview:-1"},"canonical":"https:\/\/www.metrica.it\/de\/produkt\/optischer-nivellier\/","og_locale":"de_DE","og_type":"article","og_title":"Misuratore Ottico | Geod\u00e4sie | Laser und W\u00e4rmebildkameras - Metrica","og_description":"Entdecken Sie die Produktkollektion., Misuratore Ottico - Geod\u00e4sie.Livello automatico 20x, 24x e 32x,Errore medio &plusmn; 2,5 mm a 1 km,Base graduata a 360&deg; . Schauen Sie sich den Katalog auf der offiziellen Metrica-Website an","og_url":"https:\/\/www.metrica.it\/de\/produkt\/optischer-nivellier\/","og_site_name":"Metrica","article_modified_time":"2024-09-16T19:14:41+00:00","og_image":[{"width":800,"height":800,"url":"https:\/\/www.metrica.it\/wp-content\/uploads\/2024\/05\/60480_60467_60466.jpg","type":"image\/jpeg"}],"twitter_card":"summary_large_image","schema":{"@context":"https:\/\/schema.org","@graph":[{"@type":"WebPage","@id":"https:\/\/www.metrica.it\/de\/produkt\/optischer-nivellier\/","url":"https:\/\/www.metrica.it\/de\/produkt\/optischer-nivellier\/","name":"Misuratore Ottico | Geod\u00e4sie | Laser und W\u00e4rmebildkameras - Metrica","isPartOf":{"@id":"https:\/\/www.metrica.it\/de\/#website"},"primaryImageOfPage":{"@id":"https:\/\/www.metrica.it\/de\/produkt\/optischer-nivellier\/#primaryimage"},"image":{"@id":"https:\/\/www.metrica.it\/de\/produkt\/optischer-nivellier\/#primaryimage"},"thumbnailUrl":"https:\/\/www.metrica.it\/wp-content\/uploads\/2024\/05\/60480_60467_60466.jpg","datePublished":"2024-09-16T10:24:48+00:00","dateModified":"2024-09-16T19:14:41+00:00","description":"Entdecken Sie die Produktkollektion., Misuratore Ottico - Geod\u00e4sie.Livello automatico 20x, 24x e 32x,Errore medio &plusmn; 2,5 mm a 1 km,Base graduata a 360&deg; . Schauen Sie sich den Katalog auf der offiziellen Metrica-Website an","breadcrumb":{"@id":"https:\/\/www.metrica.it\/de\/produkt\/optischer-nivellier\/#breadcrumb"},"inLanguage":"de","potentialAction":[{"@type":"ReadAction","target":["https:\/\/www.metrica.it\/de\/produkt\/optischer-nivellier\/"]}]},{"@type":"ImageObject","inLanguage":"de","@id":"https:\/\/www.metrica.it\/de\/produkt\/optischer-nivellier\/#primaryimage","url":"https:\/\/www.metrica.it\/wp-content\/uploads\/2024\/05\/60480_60467_60466.jpg","contentUrl":"https:\/\/www.metrica.it\/wp-content\/uploads\/2024\/05\/60480_60467_60466.jpg","width":800,"height":800},{"@type":"BreadcrumbList","@id":"https:\/\/www.metrica.it\/de\/produkt\/optischer-nivellier\/#breadcrumb","itemListElement":[{"@type":"ListItem","position":1,"name":"Home","item":"https:\/\/www.metrica.it\/de\/"},{"@type":"ListItem","position":2,"name":"Katalog","item":"https:\/\/www.metrica.it\/de\/katalog\/"},{"@type":"ListItem","position":3,"name":"Optischer Nivellier"}]},{"@type":"WebSite","@id":"https:\/\/www.metrica.it\/de\/#website","url":"https:\/\/www.metrica.it\/de\/","name":"Metrica","description":"Made to measure","potentialAction":[{"@type":"SearchAction","target":{"@type":"EntryPoint","urlTemplate":"https:\/\/www.metrica.it\/de\/?s={search_term_string}"},"query-input":{"@type":"PropertyValueSpecification","valueRequired":true,"valueName":"search_term_string"}}],"inLanguage":"de"}]}},"meta_box":{"awr_documentation":[{"filesize":218698,"ID":"146364","name":"60480_60466_60467.pdf","path":"\/var\/www\/html\/wp-content\/uploads\/2024\/09\/60480_60466_60467.pdf","url":"https:\/\/www.metrica.it\/wp-content\/uploads\/2024\/09\/60480_60466_60467.pdf","title":"60480_60466_60467.pdf"}],"awr_manuale":[],"awr_scheda_tecnica":"","awr_youtube_video":"","awr_classe_prodotto":"","awr_customize_product":"0","awr_custom_image":false,"awr_related_products":[{"awr_product_name":"Misuratore Ottico","awr_product_references":"ref:60466|ean:8001066604661|zoom:32 x|pack:1"},{"awr_product_name":"Misuratore Ottico","awr_product_references":"ref:60467|ean:8001066604678|zoom:24 x|pack:1"},{"awr_product_name":"Misuratore Ottico","awr_product_references":"ref:60480|ean:8001066604807|zoom:20 x|pack:1"}],"awr_consumabili":"","awr_alternativi":"","awr_aliases":"60466,60467,60480","awr_skuid":"60480-it"},"_links":{"self":[{"href":"https:\/\/www.metrica.it\/de\/wp-json\/wp\/v2\/product\/144848","targetHints":{"allow":["GET"]}}],"collection":[{"href":"https:\/\/www.metrica.it\/de\/wp-json\/wp\/v2\/product"}],"about":[{"href":"https:\/\/www.metrica.it\/de\/wp-json\/wp\/v2\/types\/product"}],"wp:featuredmedia":[{"embeddable":true,"href":"https:\/\/www.metrica.it\/de\/wp-json\/wp\/v2\/media\/123502"}],"wp:attachment":[{"href":"https:\/\/www.metrica.it\/de\/wp-json\/wp\/v2\/media?parent=144848"}],"wp:term":[{"taxonomy":"product_cat","embeddable":true,"href":"https:\/\/www.metrica.it\/de\/wp-json\/wp\/v2\/product_cat?post=144848"},{"taxonomy":"product_tag","embeddable":true,"href":"https:\/\/www.metrica.it\/de\/wp-json\/wp\/v2\/product_tag?post=144848"}],"curies":[{"name":"wp","href":"https:\/\/api.w.org\/{rel}","templated":true}]}}