{"id":144853,"date":"2024-09-16T11:36:21","date_gmt":"2024-09-16T09:36:21","guid":{"rendered":"https:\/\/www.metrica.it\/prodotto\/dickenmessgerat-taschenformat-zehntel\/"},"modified":"2024-09-16T20:27:46","modified_gmt":"2024-09-16T18:27:46","slug":"dickenmessgerat-taschenformat-zehntel","status":"publish","type":"product","link":"https:\/\/www.metrica.it\/de\/produkt\/dickenmessgerat-taschenformat-zehntel\/","title":{"rendered":"Dickenmessger\u00e4t-taschenformat Zehntel"},"content":{"rendered":"<ul>\n<li>Ablesung 0,1 mm<\/li>\n<li>Taschenausf\u00fcrhung mit Feststellung<\/li>\n<li>Ergonomische Form<\/li>\n<li>Aluminium-Rahmen und Anti-Rutsch-Lack<\/li>\n<li>Kunstleder Tasche<\/li>\n<\/ul>\n","protected":false},"excerpt":{"rendered":"<p>Ablesung 0,1 mm<br \/>Taschenausf\u00fcrhung mit Feststellung<br \/>Ergonomische Form<br \/>Aluminium-Rahmen und Anti-Rutsch-Lack<br \/>Kunstleder Tasche<\/p>\n","protected":false},"featured_media":129079,"template":"","meta":[],"product_cat":[666,642],"product_tag":[],"class_list":{"0":"post-144853","1":"product","2":"type-product","3":"status-publish","4":"has-post-thumbnail","6":"product_cat-harteprufer-dickenmessgerate-schnelltaster","7":"product_cat-mechanische-messungen","9":"first","10":"instock","11":"sold-individually","12":"product-type-simple"},"yoast_head":"<title>Misuratore Di Spessore Tascabile Decimale | H\u00e4rtepr\u00fcfer - Dickenmessger\u00e4te - Schnelltaster | Mechanische Messungen - Metrica<\/title>\n<meta name=\"description\" content=\"Entdecken Sie die Produktkollektion., Misuratore Di Spessore Tascabile Decimale - H\u00e4rtepr\u00fcfer - Dickenmessger\u00e4te - Schnelltaster.Lettura 0,1 mm,Esecuzione tascabile con bloccaggio,Fo . Schauen Sie sich den Katalog auf der offiziellen Metrica-Website an\" \/>\n<meta name=\"robots\" content=\"index, follow, max-snippet:-1, max-image-preview:large, max-video-preview:-1\" \/>\n<link rel=\"canonical\" href=\"https:\/\/www.metrica.it\/de\/produkt\/dickenmessgerat-taschenformat-zehntel\/\" \/>\n<meta property=\"og:locale\" content=\"de_DE\" \/>\n<meta property=\"og:type\" content=\"article\" \/>\n<meta property=\"og:title\" content=\"Misuratore Di Spessore Tascabile Decimale | H\u00e4rtepr\u00fcfer - Dickenmessger\u00e4te - Schnelltaster | Mechanische Messungen - Metrica\" \/>\n<meta property=\"og:description\" content=\"Entdecken Sie die Produktkollektion., Misuratore Di Spessore Tascabile Decimale - H\u00e4rtepr\u00fcfer - Dickenmessger\u00e4te - Schnelltaster.Lettura 0,1 mm,Esecuzione tascabile con bloccaggio,Fo . Schauen Sie sich den Katalog auf der offiziellen Metrica-Website an\" \/>\n<meta property=\"og:url\" content=\"https:\/\/www.metrica.it\/de\/produkt\/dickenmessgerat-taschenformat-zehntel\/\" \/>\n<meta property=\"og:site_name\" content=\"Metrica\" \/>\n<meta property=\"article:modified_time\" content=\"2024-09-16T18:27:46+00:00\" \/>\n<meta property=\"og:image\" content=\"https:\/\/www.metrica.it\/wp-content\/uploads\/2024\/06\/43051_2.jpg\" \/>\n\t<meta property=\"og:image:width\" content=\"800\" \/>\n\t<meta property=\"og:image:height\" content=\"800\" \/>\n\t<meta property=\"og:image:type\" content=\"image\/jpeg\" \/>\n<meta name=\"twitter:card\" content=\"summary_large_image\" \/>\n<script type=\"application\/ld+json\" class=\"yoast-schema-graph\">{\"@context\":\"https:\\\/\\\/schema.org\",\"@graph\":[{\"@type\":\"WebPage\",\"@id\":\"https:\\\/\\\/www.metrica.it\\\/de\\\/produkt\\\/dickenmessgerat-taschenformat-zehntel\\\/\",\"url\":\"https:\\\/\\\/www.metrica.it\\\/de\\\/produkt\\\/dickenmessgerat-taschenformat-zehntel\\\/\",\"name\":\"Misuratore Di Spessore Tascabile Decimale | H\u00e4rtepr\u00fcfer - Dickenmessger\u00e4te - Schnelltaster | Mechanische Messungen - Metrica\",\"isPartOf\":{\"@id\":\"https:\\\/\\\/www.metrica.it\\\/de\\\/#website\"},\"primaryImageOfPage\":{\"@id\":\"https:\\\/\\\/www.metrica.it\\\/de\\\/produkt\\\/dickenmessgerat-taschenformat-zehntel\\\/#primaryimage\"},\"image\":{\"@id\":\"https:\\\/\\\/www.metrica.it\\\/de\\\/produkt\\\/dickenmessgerat-taschenformat-zehntel\\\/#primaryimage\"},\"thumbnailUrl\":\"https:\\\/\\\/www.metrica.it\\\/wp-content\\\/uploads\\\/2024\\\/06\\\/43051_2.jpg\",\"datePublished\":\"2024-09-16T09:36:21+00:00\",\"dateModified\":\"2024-09-16T18:27:46+00:00\",\"description\":\"Entdecken Sie die Produktkollektion., Misuratore Di Spessore Tascabile Decimale - H\u00e4rtepr\u00fcfer - Dickenmessger\u00e4te - Schnelltaster.Lettura 0,1 mm,Esecuzione tascabile con bloccaggio,Fo . Schauen Sie sich den Katalog auf der offiziellen Metrica-Website an\",\"breadcrumb\":{\"@id\":\"https:\\\/\\\/www.metrica.it\\\/de\\\/produkt\\\/dickenmessgerat-taschenformat-zehntel\\\/#breadcrumb\"},\"inLanguage\":\"de\",\"potentialAction\":[{\"@type\":\"ReadAction\",\"target\":[\"https:\\\/\\\/www.metrica.it\\\/de\\\/produkt\\\/dickenmessgerat-taschenformat-zehntel\\\/\"]}]},{\"@type\":\"ImageObject\",\"inLanguage\":\"de\",\"@id\":\"https:\\\/\\\/www.metrica.it\\\/de\\\/produkt\\\/dickenmessgerat-taschenformat-zehntel\\\/#primaryimage\",\"url\":\"https:\\\/\\\/www.metrica.it\\\/wp-content\\\/uploads\\\/2024\\\/06\\\/43051_2.jpg\",\"contentUrl\":\"https:\\\/\\\/www.metrica.it\\\/wp-content\\\/uploads\\\/2024\\\/06\\\/43051_2.jpg\",\"width\":800,\"height\":800},{\"@type\":\"BreadcrumbList\",\"@id\":\"https:\\\/\\\/www.metrica.it\\\/de\\\/produkt\\\/dickenmessgerat-taschenformat-zehntel\\\/#breadcrumb\",\"itemListElement\":[{\"@type\":\"ListItem\",\"position\":1,\"name\":\"Home\",\"item\":\"https:\\\/\\\/www.metrica.it\\\/de\\\/\"},{\"@type\":\"ListItem\",\"position\":2,\"name\":\"Katalog\",\"item\":\"https:\\\/\\\/www.metrica.it\\\/de\\\/katalog\\\/\"},{\"@type\":\"ListItem\",\"position\":3,\"name\":\"Dickenmessger\u00e4t-taschenformat Zehntel\"}]},{\"@type\":\"WebSite\",\"@id\":\"https:\\\/\\\/www.metrica.it\\\/de\\\/#website\",\"url\":\"https:\\\/\\\/www.metrica.it\\\/de\\\/\",\"name\":\"Metrica\",\"description\":\"Made to measure\",\"potentialAction\":[{\"@type\":\"SearchAction\",\"target\":{\"@type\":\"EntryPoint\",\"urlTemplate\":\"https:\\\/\\\/www.metrica.it\\\/de\\\/?s={search_term_string}\"},\"query-input\":{\"@type\":\"PropertyValueSpecification\",\"valueRequired\":true,\"valueName\":\"search_term_string\"}}],\"inLanguage\":\"de\"}]}<\/script>","yoast_head_json":{"title":"Misuratore Di Spessore Tascabile Decimale | H\u00e4rtepr\u00fcfer - Dickenmessger\u00e4te - Schnelltaster | Mechanische Messungen - Metrica","description":"Entdecken Sie die Produktkollektion., Misuratore Di Spessore Tascabile Decimale - H\u00e4rtepr\u00fcfer - Dickenmessger\u00e4te - Schnelltaster.Lettura 0,1 mm,Esecuzione tascabile con bloccaggio,Fo . Schauen Sie sich den Katalog auf der offiziellen Metrica-Website an","robots":{"index":"index","follow":"follow","max-snippet":"max-snippet:-1","max-image-preview":"max-image-preview:large","max-video-preview":"max-video-preview:-1"},"canonical":"https:\/\/www.metrica.it\/de\/produkt\/dickenmessgerat-taschenformat-zehntel\/","og_locale":"de_DE","og_type":"article","og_title":"Misuratore Di Spessore Tascabile Decimale | H\u00e4rtepr\u00fcfer - Dickenmessger\u00e4te - Schnelltaster | Mechanische Messungen - Metrica","og_description":"Entdecken Sie die Produktkollektion., Misuratore Di Spessore Tascabile Decimale - H\u00e4rtepr\u00fcfer - Dickenmessger\u00e4te - Schnelltaster.Lettura 0,1 mm,Esecuzione tascabile con bloccaggio,Fo . Schauen Sie sich den Katalog auf der offiziellen Metrica-Website an","og_url":"https:\/\/www.metrica.it\/de\/produkt\/dickenmessgerat-taschenformat-zehntel\/","og_site_name":"Metrica","article_modified_time":"2024-09-16T18:27:46+00:00","og_image":[{"width":800,"height":800,"url":"https:\/\/www.metrica.it\/wp-content\/uploads\/2024\/06\/43051_2.jpg","type":"image\/jpeg"}],"twitter_card":"summary_large_image","schema":{"@context":"https:\/\/schema.org","@graph":[{"@type":"WebPage","@id":"https:\/\/www.metrica.it\/de\/produkt\/dickenmessgerat-taschenformat-zehntel\/","url":"https:\/\/www.metrica.it\/de\/produkt\/dickenmessgerat-taschenformat-zehntel\/","name":"Misuratore Di Spessore Tascabile Decimale | H\u00e4rtepr\u00fcfer - Dickenmessger\u00e4te - Schnelltaster | Mechanische Messungen - Metrica","isPartOf":{"@id":"https:\/\/www.metrica.it\/de\/#website"},"primaryImageOfPage":{"@id":"https:\/\/www.metrica.it\/de\/produkt\/dickenmessgerat-taschenformat-zehntel\/#primaryimage"},"image":{"@id":"https:\/\/www.metrica.it\/de\/produkt\/dickenmessgerat-taschenformat-zehntel\/#primaryimage"},"thumbnailUrl":"https:\/\/www.metrica.it\/wp-content\/uploads\/2024\/06\/43051_2.jpg","datePublished":"2024-09-16T09:36:21+00:00","dateModified":"2024-09-16T18:27:46+00:00","description":"Entdecken Sie die Produktkollektion., Misuratore Di Spessore Tascabile Decimale - H\u00e4rtepr\u00fcfer - Dickenmessger\u00e4te - Schnelltaster.Lettura 0,1 mm,Esecuzione tascabile con bloccaggio,Fo . Schauen Sie sich den Katalog auf der offiziellen Metrica-Website an","breadcrumb":{"@id":"https:\/\/www.metrica.it\/de\/produkt\/dickenmessgerat-taschenformat-zehntel\/#breadcrumb"},"inLanguage":"de","potentialAction":[{"@type":"ReadAction","target":["https:\/\/www.metrica.it\/de\/produkt\/dickenmessgerat-taschenformat-zehntel\/"]}]},{"@type":"ImageObject","inLanguage":"de","@id":"https:\/\/www.metrica.it\/de\/produkt\/dickenmessgerat-taschenformat-zehntel\/#primaryimage","url":"https:\/\/www.metrica.it\/wp-content\/uploads\/2024\/06\/43051_2.jpg","contentUrl":"https:\/\/www.metrica.it\/wp-content\/uploads\/2024\/06\/43051_2.jpg","width":800,"height":800},{"@type":"BreadcrumbList","@id":"https:\/\/www.metrica.it\/de\/produkt\/dickenmessgerat-taschenformat-zehntel\/#breadcrumb","itemListElement":[{"@type":"ListItem","position":1,"name":"Home","item":"https:\/\/www.metrica.it\/de\/"},{"@type":"ListItem","position":2,"name":"Katalog","item":"https:\/\/www.metrica.it\/de\/katalog\/"},{"@type":"ListItem","position":3,"name":"Dickenmessger\u00e4t-taschenformat Zehntel"}]},{"@type":"WebSite","@id":"https:\/\/www.metrica.it\/de\/#website","url":"https:\/\/www.metrica.it\/de\/","name":"Metrica","description":"Made to measure","potentialAction":[{"@type":"SearchAction","target":{"@type":"EntryPoint","urlTemplate":"https:\/\/www.metrica.it\/de\/?s={search_term_string}"},"query-input":{"@type":"PropertyValueSpecification","valueRequired":true,"valueName":"search_term_string"}}],"inLanguage":"de"}]}},"meta_box":{"awr_documentation":[],"awr_manuale":[],"awr_scheda_tecnica":"","awr_youtube_video":"","awr_classe_prodotto":"","awr_customize_product":"1","awr_custom_image":{"width":96,"height":96,"file":"2024\/06\/43052.jpg","filesize":483921,"sizes":{"dgwt-wcas-product-suggestion":{"file":"43052-64x64.jpg","width":64,"height":64,"mime-type":"image\/jpeg","filesize":1831,"url":"https:\/\/www.metrica.it\/wp-content\/uploads\/2024\/06\/43052-64x64.jpg"},"hongo-product-icon-image":{"file":"43052-64x64.jpg","width":64,"height":64,"mime-type":"image\/jpeg","filesize":1831,"url":"https:\/\/www.metrica.it\/wp-content\/uploads\/2024\/06\/43052-64x64.jpg"},"hongo-product-small-image":{"file":"43052-84x84.jpg","width":84,"height":84,"mime-type":"image\/jpeg","filesize":2538,"url":"https:\/\/www.metrica.it\/wp-content\/uploads\/2024\/06\/43052-84x84.jpg"},"hongo-medium-image":{"file":"43052-450x450.jpg","width":450,"height":450,"mime-type":"image\/jpeg","filesize":28611,"url":"https:\/\/www.metrica.it\/wp-content\/uploads\/2024\/06\/43052-450x450.jpg"},"post-thumbnail":{"file":"43052-790x790.jpg","width":790,"height":790,"mime-type":"image\/jpeg","filesize":69473,"url":"https:\/\/www.metrica.it\/wp-content\/uploads\/2024\/06\/43052-790x790.jpg"},"hongo-shop-image":{"file":"43052-660x660.jpg","width":660,"height":660,"mime-type":"image\/jpeg","filesize":52815,"url":"https:\/\/www.metrica.it\/wp-content\/uploads\/2024\/06\/43052-660x660.jpg"}},"image_meta":{"aperture":"0","credit":"","camera":"","caption":"","created_timestamp":"0","copyright":"","focal_length":"0","iso":"0","shutter_speed":"0","title":"","orientation":"1","keywords":[]},"ID":"129074","name":"43052.jpg","path":"\/var\/www\/html\/wp-content\/uploads\/2024\/06\/43052.jpg","url":"https:\/\/www.metrica.it\/wp-content\/uploads\/2024\/06\/43052.jpg","full_url":"https:\/\/www.metrica.it\/wp-content\/uploads\/2024\/06\/43052.jpg","title":"43052.jpg","caption":"","description":"","alt":"","srcset":"https:\/\/www.metrica.it\/wp-content\/uploads\/2024\/06\/43052.jpg 800w, https:\/\/www.metrica.it\/wp-content\/uploads\/2024\/06\/43052-64x64.jpg 64w, https:\/\/www.metrica.it\/wp-content\/uploads\/2024\/06\/43052-84x84.jpg 84w, https:\/\/www.metrica.it\/wp-content\/uploads\/2024\/06\/43052-450x450.jpg 450w, https:\/\/www.metrica.it\/wp-content\/uploads\/2024\/06\/43052-790x790.jpg 790w, https:\/\/www.metrica.it\/wp-content\/uploads\/2024\/06\/43052-660x660.jpg 660w"},"awr_related_products":[{"awr_product_name":"Misuratore Di Spessore Tascabile Decimale","awr_product_references":"ref:43051|ean:8001066430512|c_mm:0 - 10|p_mm:20|unit_misura_mm:0.1|contatto:a|pack:1"},{"awr_product_name":"Misuratore Di Spessore Tascabile Decimale","awr_product_references":"ref:43052|ean:8001066430529|c_mm:0 - 20|p_mm:20|unit_misura_mm:0.1|contatto:a|pack:1"},{"awr_product_name":"Misuratore Di Spessore Tascabile Decimale","awr_product_references":"ref:43053|ean:8001066430536|c_mm:0 - 20|p_mm:50|unit_misura_mm:0.1|contatto:a|pack:1"},{"awr_product_name":"Misuratore Di Spessore Tascabile Decimale","awr_product_references":"ref:43054|ean:8001066430543|c_mm:0 - 30|p_mm:50|unit_misura_mm:0.1|contatto:a|pack:1"},{"awr_product_name":"Misuratore Di Spessore Tascabile Decimale","awr_product_references":"ref:43068|ean:8001066430680|c_mm:0 - 20|p_mm:20|unit_misura_mm:0.1|contatto:b|pack:1"},{"awr_product_name":"Misuratore Di Spessore Tascabile Decimale","awr_product_references":"ref:43069|ean:8001066430697|c_mm:0 - 20|p_mm:50|unit_misura_mm:0.1|contatto:b|pack:1"}],"awr_consumabili":"","awr_alternativi":"","awr_aliases":"43051,43052,43053,43054,43068,43069","awr_skuid":"43051-it"},"_links":{"self":[{"href":"https:\/\/www.metrica.it\/de\/wp-json\/wp\/v2\/product\/144853","targetHints":{"allow":["GET"]}}],"collection":[{"href":"https:\/\/www.metrica.it\/de\/wp-json\/wp\/v2\/product"}],"about":[{"href":"https:\/\/www.metrica.it\/de\/wp-json\/wp\/v2\/types\/product"}],"wp:featuredmedia":[{"embeddable":true,"href":"https:\/\/www.metrica.it\/de\/wp-json\/wp\/v2\/media\/129079"}],"wp:attachment":[{"href":"https:\/\/www.metrica.it\/de\/wp-json\/wp\/v2\/media?parent=144853"}],"wp:term":[{"taxonomy":"product_cat","embeddable":true,"href":"https:\/\/www.metrica.it\/de\/wp-json\/wp\/v2\/product_cat?post=144853"},{"taxonomy":"product_tag","embeddable":true,"href":"https:\/\/www.metrica.it\/de\/wp-json\/wp\/v2\/product_tag?post=144853"}],"curies":[{"name":"wp","href":"https:\/\/api.w.org\/{rel}","templated":true}]}}