{"id":144868,"date":"2024-09-16T12:09:59","date_gmt":"2024-09-16T10:09:59","guid":{"rendered":"https:\/\/www.metrica.it\/prodotto\/metrica-point-2-point-40-60-3\/"},"modified":"2024-09-16T20:57:42","modified_gmt":"2024-09-16T18:57:42","slug":"metrica-point-2-point-40-60","status":"publish","type":"product","link":"https:\/\/www.metrica.it\/de\/produkt\/metrica-point-2-point-40-60\/","title":{"rendered":"Metrica Point 2 Point 40 \/ 60"},"content":{"rendered":"<ul>\n<li>\u00a0<\/li>\n<li>Punkt-2-Punkt-Funktion: misst den Abstand zwischen 2 Punkten A und B, indem A und B nacheinander angezielt werden<\/li>\n<li>Eingebautes Messrad: Zum Erfassen der Momentanmessung das Rad bewegen. Unentbehrlich f\u00fcr Seitenmessungen ohne Anschlag.<\/li>\n<li>Berechnung von Fl\u00e4chen und Volumen auch mit kombiniertem Einsatz von Laser und Rad.<\/li>\n<li>Kontinuierliche Messfunktion mit MAX und MIN<\/li>\n<li>Neigungssensor<\/li>\n<li>Projiziert eine fixe Laserlinie zur Objektausrichtung<\/li>\n<li>Messungen: Abst\u00e4nde, Fl\u00e4chen, Volumen, Summe, Subtraktion, Pythagoras-Funktionen<\/li>\n<li>Bluetooth-System und Metrica Plan App f\u00fcr eine perfekte Integration mit Ihrem PC<\/li>\n<li>2,4&#8243;-HD-Bildschirm mit deaktivierbarer Autorotationsfunktion.<\/li>\n<li>Schutzart IP65<\/li>\n<li>Wiederaufladbare Batterien<\/li>\n<li>1\/4&#8243;-Gewinde f\u00fcr Stativanschluss<\/li>\n<li>Mit Trageriemen und Tasche<\/li>\n<\/ul>\n<p>\u00a0<\/p>\n","protected":false},"excerpt":{"rendered":"<p>Punkt-2-Punkt-Funktion: misst den Abstand zwischen 2 Punkten A und B, indem A und B nacheinander angezielt werden<\/p>\n<p>Eingebautes Messrad: Zum Erfassen der Momentanmessung das Rad bewegen. Unentbehrlich f\u00fcr Seitenmessungen ohne Anschlag.<\/p>\n<p>Berechnung von Fl\u00e4chen und Volumen auch mit kombiniertem Einsatz von Laser und Rad.<\/p>\n<p>Kontinuierliche Messfunktion mit MAX und MIN<\/p>\n<p>Neigungssensor<\/p>\n<p>Projiziert eine fixe Laserlinie zur Objektausrichtung<\/p>\n<p>Messungen: Abst\u00e4nde, Fl\u00e4chen, Volumen, Summe, Subtraktion, Pythagoras-Funktionen<\/p>\n<p>Bluetooth-System und Metrica Plan App f\u00fcr eine perfekte Integration mit Ihrem PC<\/p>\n<p>2,4&#8243;-HD-Bildschirm mit deaktivierbarer Autorotationsfunktion.<\/p>\n<p>Schutzart IP65<\/p>\n<p>Wiederaufladbare Batterien<\/p>\n<p>1\/4&#8243;-Gewinde f\u00fcr Stativanschluss<\/p>\n<p>Mit Trageriemen und Tasche<\/p>\n","protected":false},"featured_media":119304,"template":"","meta":[],"product_cat":[516,527],"product_tag":[],"class_list":{"0":"post-144868","1":"product","2":"type-product","3":"status-publish","4":"has-post-thumbnail","6":"product_cat-laser-und-warmebildkameras","7":"product_cat-laser-distanzmessgerate","9":"first","10":"instock","11":"sold-individually","12":"product-type-simple"},"yoast_head":"<title>METRICA POINT 2 POINT 40<\/title>\n<meta name=\"robots\" content=\"index, follow, max-snippet:-1, max-image-preview:large, max-video-preview:-1\" \/>\n<link rel=\"canonical\" href=\"https:\/\/www.metrica.it\/de\/produkt\/metrica-point-2-point-40-60\/\" \/>\n<meta property=\"og:locale\" content=\"de_DE\" \/>\n<meta property=\"og:type\" content=\"article\" \/>\n<meta property=\"og:title\" content=\"METRICA POINT 2 POINT 40\" \/>\n<meta property=\"og:description\" content=\"Punkt-2-Punkt-Funktion: misst den Abstand zwischen 2 Punkten A und B, indem A und B nacheinander angezielt werdenEingebautes Messrad: Zum Erfassen der Momentanmessung das Rad bewegen. Unentbehrlich f\u00fcr Seitenmessungen ohne Anschlag.Berechnung von Fl\u00e4chen und Volumen auch mit kombiniertem Einsatz von Laser und Rad.Kontinuierliche Messfunktion mit MAX und MINNeigungssensorProjiziert eine fixe Laserlinie zur ObjektausrichtungMessungen: Abst\u00e4nde, Fl\u00e4chen, Volumen, Summe, Subtraktion, Pythagoras-FunktionenBluetooth-System und Metrica Plan App f\u00fcr eine perfekte Integration mit Ihrem PC2,4&quot;-HD-Bildschirm mit deaktivierbarer Autorotationsfunktion.Schutzart IP65Wiederaufladbare Batterien1\/4&quot;-Gewinde f\u00fcr StativanschlussMit Trageriemen und Tasche\" \/>\n<meta property=\"og:url\" content=\"https:\/\/www.metrica.it\/de\/produkt\/metrica-point-2-point-40-60\/\" \/>\n<meta property=\"og:site_name\" content=\"Metrica\" \/>\n<meta property=\"article:modified_time\" content=\"2024-09-16T18:57:42+00:00\" \/>\n<meta property=\"og:image\" content=\"https:\/\/www.metrica.it\/wp-content\/uploads\/2024\/05\/61240_61260_1.jpg\" \/>\n\t<meta property=\"og:image:width\" content=\"1200\" \/>\n\t<meta property=\"og:image:height\" content=\"1200\" \/>\n\t<meta property=\"og:image:type\" content=\"image\/jpeg\" \/>\n<meta name=\"twitter:card\" content=\"summary_large_image\" \/>\n<script type=\"application\/ld+json\" class=\"yoast-schema-graph\">{\"@context\":\"https:\\\/\\\/schema.org\",\"@graph\":[{\"@type\":\"WebPage\",\"@id\":\"https:\\\/\\\/www.metrica.it\\\/de\\\/produkt\\\/metrica-point-2-point-40-60\\\/\",\"url\":\"https:\\\/\\\/www.metrica.it\\\/de\\\/produkt\\\/metrica-point-2-point-40-60\\\/\",\"name\":\"METRICA POINT 2 POINT 40\",\"isPartOf\":{\"@id\":\"https:\\\/\\\/www.metrica.it\\\/de\\\/#website\"},\"primaryImageOfPage\":{\"@id\":\"https:\\\/\\\/www.metrica.it\\\/de\\\/produkt\\\/metrica-point-2-point-40-60\\\/#primaryimage\"},\"image\":{\"@id\":\"https:\\\/\\\/www.metrica.it\\\/de\\\/produkt\\\/metrica-point-2-point-40-60\\\/#primaryimage\"},\"thumbnailUrl\":\"https:\\\/\\\/www.metrica.it\\\/wp-content\\\/uploads\\\/2024\\\/05\\\/61240_61260_1.jpg\",\"datePublished\":\"2024-09-16T10:09:59+00:00\",\"dateModified\":\"2024-09-16T18:57:42+00:00\",\"breadcrumb\":{\"@id\":\"https:\\\/\\\/www.metrica.it\\\/de\\\/produkt\\\/metrica-point-2-point-40-60\\\/#breadcrumb\"},\"inLanguage\":\"de\",\"potentialAction\":[{\"@type\":\"ReadAction\",\"target\":[\"https:\\\/\\\/www.metrica.it\\\/de\\\/produkt\\\/metrica-point-2-point-40-60\\\/\"]}]},{\"@type\":\"ImageObject\",\"inLanguage\":\"de\",\"@id\":\"https:\\\/\\\/www.metrica.it\\\/de\\\/produkt\\\/metrica-point-2-point-40-60\\\/#primaryimage\",\"url\":\"https:\\\/\\\/www.metrica.it\\\/wp-content\\\/uploads\\\/2024\\\/05\\\/61240_61260_1.jpg\",\"contentUrl\":\"https:\\\/\\\/www.metrica.it\\\/wp-content\\\/uploads\\\/2024\\\/05\\\/61240_61260_1.jpg\",\"width\":1200,\"height\":1200},{\"@type\":\"BreadcrumbList\",\"@id\":\"https:\\\/\\\/www.metrica.it\\\/de\\\/produkt\\\/metrica-point-2-point-40-60\\\/#breadcrumb\",\"itemListElement\":[{\"@type\":\"ListItem\",\"position\":1,\"name\":\"Home\",\"item\":\"https:\\\/\\\/www.metrica.it\\\/de\\\/\"},{\"@type\":\"ListItem\",\"position\":2,\"name\":\"Katalog\",\"item\":\"https:\\\/\\\/www.metrica.it\\\/de\\\/katalog\\\/\"},{\"@type\":\"ListItem\",\"position\":3,\"name\":\"Metrica Point 2 Point 40 \\\/ 60\"}]},{\"@type\":\"WebSite\",\"@id\":\"https:\\\/\\\/www.metrica.it\\\/de\\\/#website\",\"url\":\"https:\\\/\\\/www.metrica.it\\\/de\\\/\",\"name\":\"Metrica\",\"description\":\"Made to measure\",\"potentialAction\":[{\"@type\":\"SearchAction\",\"target\":{\"@type\":\"EntryPoint\",\"urlTemplate\":\"https:\\\/\\\/www.metrica.it\\\/de\\\/?s={search_term_string}\"},\"query-input\":{\"@type\":\"PropertyValueSpecification\",\"valueRequired\":true,\"valueName\":\"search_term_string\"}}],\"inLanguage\":\"de\"}]}<\/script>","yoast_head_json":{"title":"METRICA POINT 2 POINT 40","robots":{"index":"index","follow":"follow","max-snippet":"max-snippet:-1","max-image-preview":"max-image-preview:large","max-video-preview":"max-video-preview:-1"},"canonical":"https:\/\/www.metrica.it\/de\/produkt\/metrica-point-2-point-40-60\/","og_locale":"de_DE","og_type":"article","og_title":"METRICA POINT 2 POINT 40","og_description":"Punkt-2-Punkt-Funktion: misst den Abstand zwischen 2 Punkten A und B, indem A und B nacheinander angezielt werdenEingebautes Messrad: Zum Erfassen der Momentanmessung das Rad bewegen. Unentbehrlich f\u00fcr Seitenmessungen ohne Anschlag.Berechnung von Fl\u00e4chen und Volumen auch mit kombiniertem Einsatz von Laser und Rad.Kontinuierliche Messfunktion mit MAX und MINNeigungssensorProjiziert eine fixe Laserlinie zur ObjektausrichtungMessungen: Abst\u00e4nde, Fl\u00e4chen, Volumen, Summe, Subtraktion, Pythagoras-FunktionenBluetooth-System und Metrica Plan App f\u00fcr eine perfekte Integration mit Ihrem PC2,4\"-HD-Bildschirm mit deaktivierbarer Autorotationsfunktion.Schutzart IP65Wiederaufladbare Batterien1\/4\"-Gewinde f\u00fcr StativanschlussMit Trageriemen und Tasche","og_url":"https:\/\/www.metrica.it\/de\/produkt\/metrica-point-2-point-40-60\/","og_site_name":"Metrica","article_modified_time":"2024-09-16T18:57:42+00:00","og_image":[{"width":1200,"height":1200,"url":"https:\/\/www.metrica.it\/wp-content\/uploads\/2024\/05\/61240_61260_1.jpg","type":"image\/jpeg"}],"twitter_card":"summary_large_image","schema":{"@context":"https:\/\/schema.org","@graph":[{"@type":"WebPage","@id":"https:\/\/www.metrica.it\/de\/produkt\/metrica-point-2-point-40-60\/","url":"https:\/\/www.metrica.it\/de\/produkt\/metrica-point-2-point-40-60\/","name":"METRICA POINT 2 POINT 40","isPartOf":{"@id":"https:\/\/www.metrica.it\/de\/#website"},"primaryImageOfPage":{"@id":"https:\/\/www.metrica.it\/de\/produkt\/metrica-point-2-point-40-60\/#primaryimage"},"image":{"@id":"https:\/\/www.metrica.it\/de\/produkt\/metrica-point-2-point-40-60\/#primaryimage"},"thumbnailUrl":"https:\/\/www.metrica.it\/wp-content\/uploads\/2024\/05\/61240_61260_1.jpg","datePublished":"2024-09-16T10:09:59+00:00","dateModified":"2024-09-16T18:57:42+00:00","breadcrumb":{"@id":"https:\/\/www.metrica.it\/de\/produkt\/metrica-point-2-point-40-60\/#breadcrumb"},"inLanguage":"de","potentialAction":[{"@type":"ReadAction","target":["https:\/\/www.metrica.it\/de\/produkt\/metrica-point-2-point-40-60\/"]}]},{"@type":"ImageObject","inLanguage":"de","@id":"https:\/\/www.metrica.it\/de\/produkt\/metrica-point-2-point-40-60\/#primaryimage","url":"https:\/\/www.metrica.it\/wp-content\/uploads\/2024\/05\/61240_61260_1.jpg","contentUrl":"https:\/\/www.metrica.it\/wp-content\/uploads\/2024\/05\/61240_61260_1.jpg","width":1200,"height":1200},{"@type":"BreadcrumbList","@id":"https:\/\/www.metrica.it\/de\/produkt\/metrica-point-2-point-40-60\/#breadcrumb","itemListElement":[{"@type":"ListItem","position":1,"name":"Home","item":"https:\/\/www.metrica.it\/de\/"},{"@type":"ListItem","position":2,"name":"Katalog","item":"https:\/\/www.metrica.it\/de\/katalog\/"},{"@type":"ListItem","position":3,"name":"Metrica Point 2 Point 40 \/ 60"}]},{"@type":"WebSite","@id":"https:\/\/www.metrica.it\/de\/#website","url":"https:\/\/www.metrica.it\/de\/","name":"Metrica","description":"Made to measure","potentialAction":[{"@type":"SearchAction","target":{"@type":"EntryPoint","urlTemplate":"https:\/\/www.metrica.it\/de\/?s={search_term_string}"},"query-input":{"@type":"PropertyValueSpecification","valueRequired":true,"valueName":"search_term_string"}}],"inLanguage":"de"}]}},"meta_box":{"awr_documentation":[{"filesize":43295491,"ID":"146351","name":"61240.pdf","path":"\/var\/www\/html\/wp-content\/uploads\/2024\/09\/61240.pdf","url":"https:\/\/www.metrica.it\/wp-content\/uploads\/2024\/09\/61240.pdf","title":"61240.pdf"}],"awr_manuale":[],"awr_scheda_tecnica":"<table>\n<tbody>\n<tr>\n<td><strong>Typische Genauigkeit<\/strong><\/td>\n<td>\u00b1 <span>2,0 mm + (5XD*<span>10<\/span><span>-5)<\/span><\/span><\/td>\n<\/tr>\n<tr>\n<td><strong>Radgenauigkeit<\/strong><\/td>\n<td>\u00b1 5\u2030<\/td>\n<\/tr>\n<tr>\n<td><strong>Anzeigegenauigkeit<\/strong><\/td>\n<td>1 mm<\/td>\n<\/tr>\n<tr>\n<td><strong>Lasertyp<\/strong><\/td>\n<td>630-670 nm <\/td>\n<\/tr>\n<tr>\n<td><strong>Laserleistung<\/strong><\/td>\n<td>Klasse II<\/td>\n<\/tr>\n<tr>\n<td><strong>Fl\u00e4che \/ Volumen<\/strong><\/td>\n<td>ja<\/td>\n<\/tr>\n<tr>\n<td><strong>Max\/Min<\/strong><\/td>\n<td>ja<\/td>\n<\/tr>\n<tr>\n<td><strong>Pitagora<\/strong><\/td>\n<td>ja<\/td>\n<\/tr>\n<tr>\n<td><strong>Subtraktion\/Addition<\/strong><\/td>\n<td>ja<\/td>\n<\/tr>\n<tr>\n<td><strong>Speicher<\/strong><\/td>\n<td>50 Messungen<\/td>\n<\/tr>\n<tr>\n<td><strong>Schutzart<\/strong><\/td>\n<td>IP 65<\/td>\n<\/tr>\n<tr>\n<td><strong>Batterien<\/strong><\/td>\n<td>15V. X 3 - AAA Wiederaufladbar USB-C<\/td>\n<\/tr>\n<tr>\n<td><strong>Ladespannung<\/strong><\/td>\n<td>5 Volt<\/td>\n<\/tr>\n<tr>\n<td><strong>Abmessungen (mm)<\/strong><\/td>\n<td>137 x 55 x 26<\/td>\n<\/tr>\n<tr>\n<td><strong>Gewicht<\/strong><\/td>\n<td>132 g<\/td>\n<\/tr>\n<tr>\n<td><strong>Filetto per attacco treppiedi<\/strong><\/td>\n<td>1\/4\"<\/td>\n<\/tr>\n<\/tbody>\n<\/table>\n","awr_youtube_video":"https:\/\/www.youtube.com\/embed\/kz7yE7nnwIU","awr_classe_prodotto":"","awr_customize_product":"0","awr_custom_image":false,"awr_related_products":[{"awr_product_name":"Metrica Point 2 Point 40","awr_product_references":"ref:61240|ean:8001066612406|l:0,2-40m|pack:1"},{"awr_product_name":"Metrica Point 2 Point 60","awr_product_references":"ref:61260|ean:8001066612604|l:0,2-60m|pack:1"}],"awr_consumabili":"","awr_alternativi":"","awr_aliases":"61240,61260","awr_skuid":"61240-it"},"_links":{"self":[{"href":"https:\/\/www.metrica.it\/de\/wp-json\/wp\/v2\/product\/144868","targetHints":{"allow":["GET"]}}],"collection":[{"href":"https:\/\/www.metrica.it\/de\/wp-json\/wp\/v2\/product"}],"about":[{"href":"https:\/\/www.metrica.it\/de\/wp-json\/wp\/v2\/types\/product"}],"wp:featuredmedia":[{"embeddable":true,"href":"https:\/\/www.metrica.it\/de\/wp-json\/wp\/v2\/media\/119304"}],"wp:attachment":[{"href":"https:\/\/www.metrica.it\/de\/wp-json\/wp\/v2\/media?parent=144868"}],"wp:term":[{"taxonomy":"product_cat","embeddable":true,"href":"https:\/\/www.metrica.it\/de\/wp-json\/wp\/v2\/product_cat?post=144868"},{"taxonomy":"product_tag","embeddable":true,"href":"https:\/\/www.metrica.it\/de\/wp-json\/wp\/v2\/product_tag?post=144868"}],"curies":[{"name":"wp","href":"https:\/\/api.w.org\/{rel}","templated":true}]}}