{"id":154262,"date":"2025-01-14T09:53:34","date_gmt":"2025-01-14T08:53:34","guid":{"rendered":"https:\/\/www.metrica.it\/prodotto\/bravo-laser-rotativo-hv4-green-3\/"},"modified":"2025-01-14T09:53:41","modified_gmt":"2025-01-14T08:53:41","slug":"bravo-laser-rotativo-hv4-green-3","status":"publish","type":"product","link":"https:\/\/www.metrica.it\/de\/produkt\/bravo-laser-rotativo-hv4-green-3\/","title":{"rendered":"BRAVO LASER ROTATIVO HV4 GREEN"},"content":{"rendered":"<ul>\n<li>Automatisches Lasernivellierger\u00e4t mit sichtbarem gr\u00fcn rotierenden Strahl: erzeugt eine horizontale selbstnivellierte Ebene und 2 Lotlinie<\/li>\n<li>Hochempfindlicher 4-Stufen-Empf\u00e4nger<\/li>\n<li>Metallabdeckung<\/li>\n<li>IP 66 Schutzart: gesch\u00fctzt gegen Eindringen von Staub und Wasser<\/li>\n<li>Durch Drehen der Einheit um 90\u00b0 erzeugt das Ger\u00e4t eine vertikale selbstnivellierte Laserebene und zwei horizontale Strahlen<\/li>\n<li>SCANNER-Funktion, um eine sichtbarere und k\u00fcrzere Linie zu projizieren (auf 4 L\u00e4ngen einstellbar)<\/li>\n<li>SLOPE-Funktion (manuelle Neigungen X, Y)<\/li>\n<li>MANUELL-Funktion, die eine automatische Nivellierung ausschlie\u00dft und es erm\u00f6glicht, das Ger\u00e4t nach Belieben zu neigen<\/li>\n<li>TILT-Funktion: Bei unbeabsichtigter Bewegung schaltet das Ger\u00e4t den Laserstrahl aus<\/li>\n<li>Laser mit 4 gummierten Griffen f\u00fcr einen leichteren Halt und einen erh\u00f6hten Schutz<\/li>\n<li>Empfang der Fernbedienung auf den 4 Seiten des Ger\u00e4tes<\/li>\n<li>LED-Akku-Ladeanzeige<\/li>\n<li>Wiederaufladbare Li-ion-Batterien mit langer Dauer.<\/li>\n<\/ul>\n","protected":false},"excerpt":{"rendered":"<p>Automatisches Lasernivellierger\u00e4t mit sichtbarem gr\u00fcn rotierenden Strahl: erzeugt eine horizontale selbstnivellierte Ebene und 2 Lotlinie <br \/>Hochempfindlicher 4-Stufen-Empf\u00e4nger <br \/>Metallabdeckung <br \/>IP 66 Schutzart: gesch\u00fctzt gegen Eindringen von Staub und Wasser <br \/>Durch Drehen der Einheit um 90\u00b0 erzeugt das Ger\u00e4t eine vertikale selbstnivellierte Laserebene und zwei horizontale Strahlen <br \/>SCANNER-Funktion, um eine sichtbarere und k\u00fcrzere Linie zu projizieren (auf 4 L\u00e4ngen einstellbar) <br \/>SLOPE-Funktion (manuelle Neigungen X, Y) <br \/>MANUELL-Funktion, die eine automatische Nivellierung ausschlie\u00dft und es erm\u00f6glicht, das Ger\u00e4t nach Belieben zu neigen <br \/>TILT-Funktion: Bei unbeabsichtigter Bewegung schaltet das Ger\u00e4t den Laserstrahl aus <br \/>Laser mit 4 gummierten Griffen f\u00fcr einen leichteren Halt und einen erh\u00f6hten Schutz <br \/>Empfang der Fernbedienung auf den 4 Seiten des Ger\u00e4tes <br \/>LED-Akku-Ladeanzeige <br \/>Wiederaufladbare Li-ion-Batterien mit langer Dauer. <\/p>\n","protected":false},"featured_media":150290,"template":"","meta":[],"product_cat":[516,523],"product_tag":[],"class_list":{"0":"post-154262","1":"product","2":"type-product","3":"status-publish","4":"has-post-thumbnail","6":"product_cat-laser-und-warmebildkameras","7":"product_cat-laser-nivellier-gerate","9":"first","10":"instock","11":"featured","12":"sold-individually","13":"product-type-simple"},"yoast_head":"<title>BRAVO LASER ROTATIVO HV4 GREEN - Metrica<\/title>\n<meta name=\"robots\" content=\"index, follow, max-snippet:-1, max-image-preview:large, max-video-preview:-1\" \/>\n<link rel=\"canonical\" href=\"https:\/\/www.metrica.it\/de\/produkt\/bravo-laser-rotativo-hv4-green-3\/\" \/>\n<meta property=\"og:locale\" content=\"de_DE\" \/>\n<meta property=\"og:type\" content=\"article\" \/>\n<meta property=\"og:title\" content=\"BRAVO LASER ROTATIVO HV4 GREEN - Metrica\" \/>\n<meta property=\"og:description\" content=\"Automatisches Lasernivellierger\u00e4t mit sichtbarem gr\u00fcn rotierenden Strahl: erzeugt eine horizontale selbstnivellierte Ebene und 2 Lotlinie Hochempfindlicher 4-Stufen-Empf\u00e4nger Metallabdeckung IP 66 Schutzart: gesch\u00fctzt gegen Eindringen von Staub und Wasser Durch Drehen der Einheit um 90\u00b0 erzeugt das Ger\u00e4t eine vertikale selbstnivellierte Laserebene und zwei horizontale Strahlen SCANNER-Funktion, um eine sichtbarere und k\u00fcrzere Linie zu projizieren (auf 4 L\u00e4ngen einstellbar) SLOPE-Funktion (manuelle Neigungen X, Y) MANUELL-Funktion, die eine automatische Nivellierung ausschlie\u00dft und es erm\u00f6glicht, das Ger\u00e4t nach Belieben zu neigen TILT-Funktion: Bei unbeabsichtigter Bewegung schaltet das Ger\u00e4t den Laserstrahl aus Laser mit 4 gummierten Griffen f\u00fcr einen leichteren Halt und einen erh\u00f6hten Schutz Empfang der Fernbedienung auf den 4 Seiten des Ger\u00e4tes LED-Akku-Ladeanzeige Wiederaufladbare Li-ion-Batterien mit langer Dauer.\" \/>\n<meta property=\"og:url\" content=\"https:\/\/www.metrica.it\/de\/produkt\/bravo-laser-rotativo-hv4-green-3\/\" \/>\n<meta property=\"og:site_name\" content=\"Metrica\" \/>\n<meta property=\"article:modified_time\" content=\"2025-01-14T08:53:41+00:00\" \/>\n<meta property=\"og:image\" content=\"https:\/\/www.metrica.it\/wp-content\/uploads\/2024\/12\/61395-scaled.jpg\" \/>\n\t<meta property=\"og:image:width\" content=\"2560\" \/>\n\t<meta property=\"og:image:height\" content=\"2560\" \/>\n\t<meta property=\"og:image:type\" content=\"image\/jpeg\" \/>\n<meta name=\"twitter:card\" content=\"summary_large_image\" \/>\n<meta name=\"twitter:label1\" content=\"Gesch\u00e4tzte Lesezeit\" \/>\n\t<meta name=\"twitter:data1\" content=\"1\u00a0Minute\" \/>\n<script type=\"application\/ld+json\" class=\"yoast-schema-graph\">{\"@context\":\"https:\\\/\\\/schema.org\",\"@graph\":[{\"@type\":\"WebPage\",\"@id\":\"https:\\\/\\\/www.metrica.it\\\/de\\\/produkt\\\/bravo-laser-rotativo-hv4-green-3\\\/\",\"url\":\"https:\\\/\\\/www.metrica.it\\\/de\\\/produkt\\\/bravo-laser-rotativo-hv4-green-3\\\/\",\"name\":\"BRAVO LASER ROTATIVO HV4 GREEN - Metrica\",\"isPartOf\":{\"@id\":\"https:\\\/\\\/www.metrica.it\\\/de\\\/#website\"},\"primaryImageOfPage\":{\"@id\":\"https:\\\/\\\/www.metrica.it\\\/de\\\/produkt\\\/bravo-laser-rotativo-hv4-green-3\\\/#primaryimage\"},\"image\":{\"@id\":\"https:\\\/\\\/www.metrica.it\\\/de\\\/produkt\\\/bravo-laser-rotativo-hv4-green-3\\\/#primaryimage\"},\"thumbnailUrl\":\"https:\\\/\\\/www.metrica.it\\\/wp-content\\\/uploads\\\/2024\\\/12\\\/61395-scaled.jpg\",\"datePublished\":\"2025-01-14T08:53:34+00:00\",\"dateModified\":\"2025-01-14T08:53:41+00:00\",\"breadcrumb\":{\"@id\":\"https:\\\/\\\/www.metrica.it\\\/de\\\/produkt\\\/bravo-laser-rotativo-hv4-green-3\\\/#breadcrumb\"},\"inLanguage\":\"de\",\"potentialAction\":[{\"@type\":\"ReadAction\",\"target\":[\"https:\\\/\\\/www.metrica.it\\\/de\\\/produkt\\\/bravo-laser-rotativo-hv4-green-3\\\/\"]}]},{\"@type\":\"ImageObject\",\"inLanguage\":\"de\",\"@id\":\"https:\\\/\\\/www.metrica.it\\\/de\\\/produkt\\\/bravo-laser-rotativo-hv4-green-3\\\/#primaryimage\",\"url\":\"https:\\\/\\\/www.metrica.it\\\/wp-content\\\/uploads\\\/2024\\\/12\\\/61395-scaled.jpg\",\"contentUrl\":\"https:\\\/\\\/www.metrica.it\\\/wp-content\\\/uploads\\\/2024\\\/12\\\/61395-scaled.jpg\",\"width\":2560,\"height\":2560},{\"@type\":\"BreadcrumbList\",\"@id\":\"https:\\\/\\\/www.metrica.it\\\/de\\\/produkt\\\/bravo-laser-rotativo-hv4-green-3\\\/#breadcrumb\",\"itemListElement\":[{\"@type\":\"ListItem\",\"position\":1,\"name\":\"Home\",\"item\":\"https:\\\/\\\/www.metrica.it\\\/de\\\/\"},{\"@type\":\"ListItem\",\"position\":2,\"name\":\"Katalog\",\"item\":\"https:\\\/\\\/www.metrica.it\\\/de\\\/katalog\\\/\"},{\"@type\":\"ListItem\",\"position\":3,\"name\":\"BRAVO LASER ROTATIVO HV4 GREEN\"}]},{\"@type\":\"WebSite\",\"@id\":\"https:\\\/\\\/www.metrica.it\\\/de\\\/#website\",\"url\":\"https:\\\/\\\/www.metrica.it\\\/de\\\/\",\"name\":\"Metrica\",\"description\":\"Made to measure\",\"potentialAction\":[{\"@type\":\"SearchAction\",\"target\":{\"@type\":\"EntryPoint\",\"urlTemplate\":\"https:\\\/\\\/www.metrica.it\\\/de\\\/?s={search_term_string}\"},\"query-input\":{\"@type\":\"PropertyValueSpecification\",\"valueRequired\":true,\"valueName\":\"search_term_string\"}}],\"inLanguage\":\"de\"}]}<\/script>","yoast_head_json":{"title":"BRAVO LASER ROTATIVO HV4 GREEN - Metrica","robots":{"index":"index","follow":"follow","max-snippet":"max-snippet:-1","max-image-preview":"max-image-preview:large","max-video-preview":"max-video-preview:-1"},"canonical":"https:\/\/www.metrica.it\/de\/produkt\/bravo-laser-rotativo-hv4-green-3\/","og_locale":"de_DE","og_type":"article","og_title":"BRAVO LASER ROTATIVO HV4 GREEN - Metrica","og_description":"Automatisches Lasernivellierger\u00e4t mit sichtbarem gr\u00fcn rotierenden Strahl: erzeugt eine horizontale selbstnivellierte Ebene und 2 Lotlinie Hochempfindlicher 4-Stufen-Empf\u00e4nger Metallabdeckung IP 66 Schutzart: gesch\u00fctzt gegen Eindringen von Staub und Wasser Durch Drehen der Einheit um 90\u00b0 erzeugt das Ger\u00e4t eine vertikale selbstnivellierte Laserebene und zwei horizontale Strahlen SCANNER-Funktion, um eine sichtbarere und k\u00fcrzere Linie zu projizieren (auf 4 L\u00e4ngen einstellbar) SLOPE-Funktion (manuelle Neigungen X, Y) MANUELL-Funktion, die eine automatische Nivellierung ausschlie\u00dft und es erm\u00f6glicht, das Ger\u00e4t nach Belieben zu neigen TILT-Funktion: Bei unbeabsichtigter Bewegung schaltet das Ger\u00e4t den Laserstrahl aus Laser mit 4 gummierten Griffen f\u00fcr einen leichteren Halt und einen erh\u00f6hten Schutz Empfang der Fernbedienung auf den 4 Seiten des Ger\u00e4tes LED-Akku-Ladeanzeige Wiederaufladbare Li-ion-Batterien mit langer Dauer.","og_url":"https:\/\/www.metrica.it\/de\/produkt\/bravo-laser-rotativo-hv4-green-3\/","og_site_name":"Metrica","article_modified_time":"2025-01-14T08:53:41+00:00","og_image":[{"width":2560,"height":2560,"url":"https:\/\/www.metrica.it\/wp-content\/uploads\/2024\/12\/61395-scaled.jpg","type":"image\/jpeg"}],"twitter_card":"summary_large_image","twitter_misc":{"Gesch\u00e4tzte Lesezeit":"1\u00a0Minute"},"schema":{"@context":"https:\/\/schema.org","@graph":[{"@type":"WebPage","@id":"https:\/\/www.metrica.it\/de\/produkt\/bravo-laser-rotativo-hv4-green-3\/","url":"https:\/\/www.metrica.it\/de\/produkt\/bravo-laser-rotativo-hv4-green-3\/","name":"BRAVO LASER ROTATIVO HV4 GREEN - Metrica","isPartOf":{"@id":"https:\/\/www.metrica.it\/de\/#website"},"primaryImageOfPage":{"@id":"https:\/\/www.metrica.it\/de\/produkt\/bravo-laser-rotativo-hv4-green-3\/#primaryimage"},"image":{"@id":"https:\/\/www.metrica.it\/de\/produkt\/bravo-laser-rotativo-hv4-green-3\/#primaryimage"},"thumbnailUrl":"https:\/\/www.metrica.it\/wp-content\/uploads\/2024\/12\/61395-scaled.jpg","datePublished":"2025-01-14T08:53:34+00:00","dateModified":"2025-01-14T08:53:41+00:00","breadcrumb":{"@id":"https:\/\/www.metrica.it\/de\/produkt\/bravo-laser-rotativo-hv4-green-3\/#breadcrumb"},"inLanguage":"de","potentialAction":[{"@type":"ReadAction","target":["https:\/\/www.metrica.it\/de\/produkt\/bravo-laser-rotativo-hv4-green-3\/"]}]},{"@type":"ImageObject","inLanguage":"de","@id":"https:\/\/www.metrica.it\/de\/produkt\/bravo-laser-rotativo-hv4-green-3\/#primaryimage","url":"https:\/\/www.metrica.it\/wp-content\/uploads\/2024\/12\/61395-scaled.jpg","contentUrl":"https:\/\/www.metrica.it\/wp-content\/uploads\/2024\/12\/61395-scaled.jpg","width":2560,"height":2560},{"@type":"BreadcrumbList","@id":"https:\/\/www.metrica.it\/de\/produkt\/bravo-laser-rotativo-hv4-green-3\/#breadcrumb","itemListElement":[{"@type":"ListItem","position":1,"name":"Home","item":"https:\/\/www.metrica.it\/de\/"},{"@type":"ListItem","position":2,"name":"Katalog","item":"https:\/\/www.metrica.it\/de\/katalog\/"},{"@type":"ListItem","position":3,"name":"BRAVO LASER ROTATIVO HV4 GREEN"}]},{"@type":"WebSite","@id":"https:\/\/www.metrica.it\/de\/#website","url":"https:\/\/www.metrica.it\/de\/","name":"Metrica","description":"Made to measure","potentialAction":[{"@type":"SearchAction","target":{"@type":"EntryPoint","urlTemplate":"https:\/\/www.metrica.it\/de\/?s={search_term_string}"},"query-input":{"@type":"PropertyValueSpecification","valueRequired":true,"valueName":"search_term_string"}}],"inLanguage":"de"}]}},"meta_box":{"awr_documentation":[{"filesize":1092164,"ID":"150289","name":"61395.pdf","path":"\/var\/www\/html\/wp-content\/uploads\/2024\/12\/61395.pdf","url":"https:\/\/www.metrica.it\/wp-content\/uploads\/2024\/12\/61395.pdf","title":"61395.pdf"}],"awr_manuale":[],"awr_scheda_tecnica":"<table>\n<tr>\n<td>Nivelliergenauigkeit horizontal <\/td>\n<td>\u00b1 3 mm \/ 30 m <br \/> vertikal \u00b1 5 mm \/ 30 m<\/td>\n<\/tr>\n<tr>\n<td>Nivellierungsbereich<\/td>\n<td> \u00b1 5\u00b0<\/td>\n<\/tr>\n<tr>\n<td>Betriebsdauer <\/td>\n<td>~ 35 Std.<\/td>\n<\/tr>\n<tr>\n<td>Reichweite <\/td>\n<td>500 m \u00d8 (mit Empf\u00e4nger) abh\u00e4ngig <br \/> von den Klimatischen Bedingungen<\/td>\n<\/tr>\n<tr>\n<td>Rotationswerte<\/td>\n<td> 0 - 60 - 120 - 300 - 600 U\/min<\/td>\n<\/tr>\n<tr>\n<td>Scanner <\/td>\n<td>10\u00b0 - 45\u00b0 - 90\u00b0 - 180\u00b0<\/td>\n<\/tr>\n<tr>\n<td>Tilt-Funktion <\/td>\n<td>ja<\/td>\n<\/tr>\n<tr>\n<td>Selbstnivellierungs-Alarm <\/td>\n<td>ja<\/td>\n<\/tr>\n<tr>\n<td>Laser-Typ <\/td>\n<td> 515\/638 nm, &lt;1 mW<\/td>\n<\/tr>\n<tr>\n<td>Laserst\u00e4rke <\/td>\n<td>Klasse II<\/td>\n<\/tr>\n<tr>\n<td>Wiederaufladbare Batterien <\/td>\n<td>4 x Li-ion 4000mAh 1,2 V<\/td>\n<\/tr>\n<tr>\n<td>Abmessungen (mm) <\/td>\n<td>220 x 220 x 210<\/td>\n<\/tr>\n<tr>\n<td>Gewicht (ohne Batterien) <\/td>\n<td>3,5 Kg<\/td>\n<\/tr>\n<tr>\n<td>Betriebstemperatur <\/td>\n<td>-10 \u00b0C \/ +50 \u00b0C<\/td>\n<\/tr>\n<tr>\n<td>Schutzart <\/td>\n<td>IP 66<\/td>\n<\/tr>\n<tr>\n<td>Stativgewinde <\/td>\n<td>5\/8\u201d<\/td>\n<\/tr>\n<tr>\n<td>Reichweite der Fernbedienung <\/td>\n<td>ca. 30 \/ 10 m (in\/out)<\/td>\n<\/tr>\n<tr>\n<td>Fernbedienungs-Batterien <\/td>\n<td>2 x 1,5 V DC<\/td>\n<\/tr>\n<tr>\n<td>Empf\u00e4nger-Batterie <\/td>\n<td>9 V DC<\/td>\n<\/tr>\n<\/table>\n","awr_youtube_video":"","awr_classe_prodotto":"","awr_customize_product":"0","awr_custom_image":false,"awr_related_products":[{"awr_product_references":"ref:61395|ean:8001066613953|pack:1"}],"awr_consumabili":"61396,61319,61388,61389,61391,60712","awr_alternativi":"61385,61386,61350,61345,61392","awr_aliases":"61395","awr_skuid":"61395-it"},"_links":{"self":[{"href":"https:\/\/www.metrica.it\/de\/wp-json\/wp\/v2\/product\/154262","targetHints":{"allow":["GET"]}}],"collection":[{"href":"https:\/\/www.metrica.it\/de\/wp-json\/wp\/v2\/product"}],"about":[{"href":"https:\/\/www.metrica.it\/de\/wp-json\/wp\/v2\/types\/product"}],"wp:featuredmedia":[{"embeddable":true,"href":"https:\/\/www.metrica.it\/de\/wp-json\/wp\/v2\/media\/150290"}],"wp:attachment":[{"href":"https:\/\/www.metrica.it\/de\/wp-json\/wp\/v2\/media?parent=154262"}],"wp:term":[{"taxonomy":"product_cat","embeddable":true,"href":"https:\/\/www.metrica.it\/de\/wp-json\/wp\/v2\/product_cat?post=154262"},{"taxonomy":"product_tag","embeddable":true,"href":"https:\/\/www.metrica.it\/de\/wp-json\/wp\/v2\/product_tag?post=154262"}],"curies":[{"name":"wp","href":"https:\/\/api.w.org\/{rel}","templated":true}]}}