{"id":154267,"date":"2025-01-14T09:53:45","date_gmt":"2025-01-14T08:53:45","guid":{"rendered":"https:\/\/www.metrica.it\/prodotto\/ground-360-3\/"},"modified":"2025-01-14T09:53:48","modified_gmt":"2025-01-14T08:53:48","slug":"ground-360-3","status":"publish","type":"product","link":"https:\/\/www.metrica.it\/de\/produkt\/ground-360-3\/","title":{"rendered":"Ground 360"},"content":{"rendered":"<ul>\n<li>Gr\u00fcnes Laser-Nivellierger\u00e4t. Projiziert: eine horizontale Ebene auf 360\u00b0 plus eine senkrechte Ebene im 90\u00b0-Winkel, die 1 Kreuz an der Wand bilden<\/li>\n<li>Einfache Positionierung am Bodenrand (< 1 cm)<\/li>\n<li>Laser mit einstellbarer Intensit\u00e4t<\/li>\n<li>Innen-\/Au\u00dfeneinsatz (mit Empf\u00e4nger nicht im Lieferumfang enthalten Art. 60749)<\/li>\n<li>Automatisches Blinken des Lasers, wenn sich das Ger\u00e4t au\u00dferhalb des Selbstnivellierbereichs befindet<\/li>\n<li>Automatisches Verriegelungssystem zur Vermeidung von Vibrationen beim Transport<\/li>\n<li>Kompakte Form, rutschfeste und sto\u00dffeste Gummierung<\/li>\n<li>\u00bc\u201d-Anschluss f\u00fcr Stative<\/li>\n<li>Magnetische Basis und Metallkappe f\u00fcr einfaches Stapeln<\/li>\n<li>Wiederaufladbare Ion-Li-Batterien \u00fcber mitgeliefertes USB-Kabe<\/li>\n<\/ul>\n","protected":false},"excerpt":{"rendered":"<p>Gr\u00fcnes Laser-Nivellierger\u00e4t. Projiziert: eine horizontale Ebene auf 360\u00b0 plus eine senkrechte Ebene im 90\u00b0-Winkel, die 1 Kreuz an der Wand bilden <br \/>Einfache Positionierung am Bodenrand (< 1 cm) <br \/>Laser mit einstellbarer Intensit\u00e4t <br \/>Innen-\/Au\u00dfeneinsatz (mit Empf\u00e4nger nicht im Lieferumfang enthalten Art. 60749) <br \/>Automatisches Blinken des Lasers, wenn sich das Ger\u00e4t au\u00dferhalb des Selbstnivellierbereichs befindet <br \/>Automatisches Verriegelungssystem zur Vermeidung von Vibrationen beim Transport <br \/>Kompakte Form, rutschfeste und sto\u00dffeste Gummierung <br \/>\u00bc\u201d-Anschluss f\u00fcr Stative <br \/>Magnetische Basis und Metallkappe f\u00fcr einfaches Stapeln <br \/>Wiederaufladbare Ion-Li-Batterien \u00fcber mitgeliefertes USB-Kabe <\/p>\n","protected":false},"featured_media":150307,"template":"","meta":[],"product_cat":[516,523],"product_tag":[],"class_list":{"0":"post-154267","1":"product","2":"type-product","3":"status-publish","4":"has-post-thumbnail","6":"product_cat-laser-und-warmebildkameras","7":"product_cat-laser-nivellier-gerate","9":"first","10":"instock","11":"featured","12":"sold-individually","13":"product-type-simple"},"yoast_head":"<title>Ground 360 - Metrica<\/title>\n<meta name=\"robots\" content=\"index, follow, max-snippet:-1, max-image-preview:large, max-video-preview:-1\" \/>\n<link rel=\"canonical\" href=\"https:\/\/www.metrica.it\/de\/produkt\/ground-360-3\/\" \/>\n<meta property=\"og:locale\" content=\"de_DE\" \/>\n<meta property=\"og:type\" content=\"article\" \/>\n<meta property=\"og:title\" content=\"Ground 360 - Metrica\" \/>\n<meta property=\"og:description\" content=\"Gr\u00fcnes Laser-Nivellierger\u00e4t. Projiziert: eine horizontale Ebene auf 360\u00b0 plus eine senkrechte Ebene im 90\u00b0-Winkel, die 1 Kreuz an der Wand bilden Einfache Positionierung am Bodenrand (&lt; 1 cm) Laser mit einstellbarer Intensit\u00e4t Innen-\/Au\u00dfeneinsatz (mit Empf\u00e4nger nicht im Lieferumfang enthalten Art. 60749) Automatisches Blinken des Lasers, wenn sich das Ger\u00e4t au\u00dferhalb des Selbstnivellierbereichs befindet Automatisches Verriegelungssystem zur Vermeidung von Vibrationen beim Transport Kompakte Form, rutschfeste und sto\u00dffeste Gummierung \u00bc\u201d-Anschluss f\u00fcr Stative Magnetische Basis und Metallkappe f\u00fcr einfaches Stapeln Wiederaufladbare Ion-Li-Batterien \u00fcber mitgeliefertes USB-Kabe\" \/>\n<meta property=\"og:url\" content=\"https:\/\/www.metrica.it\/de\/produkt\/ground-360-3\/\" \/>\n<meta property=\"og:site_name\" content=\"Metrica\" \/>\n<meta property=\"article:modified_time\" content=\"2025-01-14T08:53:48+00:00\" \/>\n<meta property=\"og:image\" content=\"https:\/\/www.metrica.it\/wp-content\/uploads\/2024\/12\/61425-scaled.jpg\" \/>\n\t<meta property=\"og:image:width\" content=\"2560\" \/>\n\t<meta property=\"og:image:height\" content=\"2560\" \/>\n\t<meta property=\"og:image:type\" content=\"image\/jpeg\" \/>\n<meta name=\"twitter:card\" content=\"summary_large_image\" \/>\n<script type=\"application\/ld+json\" class=\"yoast-schema-graph\">{\"@context\":\"https:\\\/\\\/schema.org\",\"@graph\":[{\"@type\":\"WebPage\",\"@id\":\"https:\\\/\\\/www.metrica.it\\\/de\\\/produkt\\\/ground-360-3\\\/\",\"url\":\"https:\\\/\\\/www.metrica.it\\\/de\\\/produkt\\\/ground-360-3\\\/\",\"name\":\"Ground 360 - Metrica\",\"isPartOf\":{\"@id\":\"https:\\\/\\\/www.metrica.it\\\/de\\\/#website\"},\"primaryImageOfPage\":{\"@id\":\"https:\\\/\\\/www.metrica.it\\\/de\\\/produkt\\\/ground-360-3\\\/#primaryimage\"},\"image\":{\"@id\":\"https:\\\/\\\/www.metrica.it\\\/de\\\/produkt\\\/ground-360-3\\\/#primaryimage\"},\"thumbnailUrl\":\"https:\\\/\\\/www.metrica.it\\\/wp-content\\\/uploads\\\/2024\\\/12\\\/61425-scaled.jpg\",\"datePublished\":\"2025-01-14T08:53:45+00:00\",\"dateModified\":\"2025-01-14T08:53:48+00:00\",\"breadcrumb\":{\"@id\":\"https:\\\/\\\/www.metrica.it\\\/de\\\/produkt\\\/ground-360-3\\\/#breadcrumb\"},\"inLanguage\":\"de\",\"potentialAction\":[{\"@type\":\"ReadAction\",\"target\":[\"https:\\\/\\\/www.metrica.it\\\/de\\\/produkt\\\/ground-360-3\\\/\"]}]},{\"@type\":\"ImageObject\",\"inLanguage\":\"de\",\"@id\":\"https:\\\/\\\/www.metrica.it\\\/de\\\/produkt\\\/ground-360-3\\\/#primaryimage\",\"url\":\"https:\\\/\\\/www.metrica.it\\\/wp-content\\\/uploads\\\/2024\\\/12\\\/61425-scaled.jpg\",\"contentUrl\":\"https:\\\/\\\/www.metrica.it\\\/wp-content\\\/uploads\\\/2024\\\/12\\\/61425-scaled.jpg\",\"width\":2560,\"height\":2560},{\"@type\":\"BreadcrumbList\",\"@id\":\"https:\\\/\\\/www.metrica.it\\\/de\\\/produkt\\\/ground-360-3\\\/#breadcrumb\",\"itemListElement\":[{\"@type\":\"ListItem\",\"position\":1,\"name\":\"Home\",\"item\":\"https:\\\/\\\/www.metrica.it\\\/de\\\/\"},{\"@type\":\"ListItem\",\"position\":2,\"name\":\"Katalog\",\"item\":\"https:\\\/\\\/www.metrica.it\\\/de\\\/katalog\\\/\"},{\"@type\":\"ListItem\",\"position\":3,\"name\":\"Ground 360\"}]},{\"@type\":\"WebSite\",\"@id\":\"https:\\\/\\\/www.metrica.it\\\/de\\\/#website\",\"url\":\"https:\\\/\\\/www.metrica.it\\\/de\\\/\",\"name\":\"Metrica\",\"description\":\"Made to measure\",\"potentialAction\":[{\"@type\":\"SearchAction\",\"target\":{\"@type\":\"EntryPoint\",\"urlTemplate\":\"https:\\\/\\\/www.metrica.it\\\/de\\\/?s={search_term_string}\"},\"query-input\":{\"@type\":\"PropertyValueSpecification\",\"valueRequired\":true,\"valueName\":\"search_term_string\"}}],\"inLanguage\":\"de\"}]}<\/script>","yoast_head_json":{"title":"Ground 360 - Metrica","robots":{"index":"index","follow":"follow","max-snippet":"max-snippet:-1","max-image-preview":"max-image-preview:large","max-video-preview":"max-video-preview:-1"},"canonical":"https:\/\/www.metrica.it\/de\/produkt\/ground-360-3\/","og_locale":"de_DE","og_type":"article","og_title":"Ground 360 - Metrica","og_description":"Gr\u00fcnes Laser-Nivellierger\u00e4t. Projiziert: eine horizontale Ebene auf 360\u00b0 plus eine senkrechte Ebene im 90\u00b0-Winkel, die 1 Kreuz an der Wand bilden Einfache Positionierung am Bodenrand (< 1 cm) Laser mit einstellbarer Intensit\u00e4t Innen-\/Au\u00dfeneinsatz (mit Empf\u00e4nger nicht im Lieferumfang enthalten Art. 60749) Automatisches Blinken des Lasers, wenn sich das Ger\u00e4t au\u00dferhalb des Selbstnivellierbereichs befindet Automatisches Verriegelungssystem zur Vermeidung von Vibrationen beim Transport Kompakte Form, rutschfeste und sto\u00dffeste Gummierung \u00bc\u201d-Anschluss f\u00fcr Stative Magnetische Basis und Metallkappe f\u00fcr einfaches Stapeln Wiederaufladbare Ion-Li-Batterien \u00fcber mitgeliefertes USB-Kabe","og_url":"https:\/\/www.metrica.it\/de\/produkt\/ground-360-3\/","og_site_name":"Metrica","article_modified_time":"2025-01-14T08:53:48+00:00","og_image":[{"width":2560,"height":2560,"url":"https:\/\/www.metrica.it\/wp-content\/uploads\/2024\/12\/61425-scaled.jpg","type":"image\/jpeg"}],"twitter_card":"summary_large_image","schema":{"@context":"https:\/\/schema.org","@graph":[{"@type":"WebPage","@id":"https:\/\/www.metrica.it\/de\/produkt\/ground-360-3\/","url":"https:\/\/www.metrica.it\/de\/produkt\/ground-360-3\/","name":"Ground 360 - Metrica","isPartOf":{"@id":"https:\/\/www.metrica.it\/de\/#website"},"primaryImageOfPage":{"@id":"https:\/\/www.metrica.it\/de\/produkt\/ground-360-3\/#primaryimage"},"image":{"@id":"https:\/\/www.metrica.it\/de\/produkt\/ground-360-3\/#primaryimage"},"thumbnailUrl":"https:\/\/www.metrica.it\/wp-content\/uploads\/2024\/12\/61425-scaled.jpg","datePublished":"2025-01-14T08:53:45+00:00","dateModified":"2025-01-14T08:53:48+00:00","breadcrumb":{"@id":"https:\/\/www.metrica.it\/de\/produkt\/ground-360-3\/#breadcrumb"},"inLanguage":"de","potentialAction":[{"@type":"ReadAction","target":["https:\/\/www.metrica.it\/de\/produkt\/ground-360-3\/"]}]},{"@type":"ImageObject","inLanguage":"de","@id":"https:\/\/www.metrica.it\/de\/produkt\/ground-360-3\/#primaryimage","url":"https:\/\/www.metrica.it\/wp-content\/uploads\/2024\/12\/61425-scaled.jpg","contentUrl":"https:\/\/www.metrica.it\/wp-content\/uploads\/2024\/12\/61425-scaled.jpg","width":2560,"height":2560},{"@type":"BreadcrumbList","@id":"https:\/\/www.metrica.it\/de\/produkt\/ground-360-3\/#breadcrumb","itemListElement":[{"@type":"ListItem","position":1,"name":"Home","item":"https:\/\/www.metrica.it\/de\/"},{"@type":"ListItem","position":2,"name":"Katalog","item":"https:\/\/www.metrica.it\/de\/katalog\/"},{"@type":"ListItem","position":3,"name":"Ground 360"}]},{"@type":"WebSite","@id":"https:\/\/www.metrica.it\/de\/#website","url":"https:\/\/www.metrica.it\/de\/","name":"Metrica","description":"Made to measure","potentialAction":[{"@type":"SearchAction","target":{"@type":"EntryPoint","urlTemplate":"https:\/\/www.metrica.it\/de\/?s={search_term_string}"},"query-input":{"@type":"PropertyValueSpecification","valueRequired":true,"valueName":"search_term_string"}}],"inLanguage":"de"}]}},"meta_box":{"awr_documentation":[{"filesize":582399,"ID":"150306","name":"61425.pdf","path":"\/var\/www\/html\/wp-content\/uploads\/2024\/12\/61425.pdf","url":"https:\/\/www.metrica.it\/wp-content\/uploads\/2024\/12\/61425.pdf","title":"61425.pdf"}],"awr_manuale":[],"awr_scheda_tecnica":"<table>\n<tr>\n<td>Reichweite (je nach Umgebungshelligkeit) <\/td>\n<td>30 m (\u00d8 60 m)<\/td>\n<\/tr>\n<tr>\n<td>Reichweite mit Empf\u00e4nger<\/td>\n<td>50 m (\u00d8 100 m)<\/td>\n<\/tr>\n<tr>\n<td>Nivelliergenauigkeit <\/td>\n<td>\u00b1 3 mm \/ 10 m<\/td>\n<\/tr>\n<tr>\n<td>Selbstnivellierbereich <\/td>\n<td>\u00b1 4\u00b0<\/td>\n<\/tr>\n<tr>\n<td>Selbstnivellierungs-Alarm<\/td>\n<td>Ja<\/td>\n<\/tr>\n<tr>\n<td>Laser-Typ <\/td>\n<td>505-550 nm &lt; 1mw<\/td>\n<\/tr>\n<tr>\n<td>Laserst\u00e4rke <\/td>\n<td>Classe II<\/td>\n<\/tr>\n<tr>\n<td>Wiederaufladbare Batterien <\/td>\n<td>3,7 4400 mAh li-ion<\/td>\n<\/tr>\n<tr>\n<td>Abmessungen (mm) <\/td>\n<td>104 x 83 x 83<\/td>\n<\/tr>\n<tr>\n<td>Gewicht <\/td>\n<td>0,450 Kg<\/td>\n<\/tr>\n<tr>\n<td>Schutzart<\/td>\n<td>IP 54<\/td>\n<\/tr>\n<tr>\n<td>Gewinde f\u00fcr Stative<\/td>\n<td>1\/4\u201d<\/td>\n<\/tr>\n<\/table>\n","awr_youtube_video":"","awr_classe_prodotto":"","awr_customize_product":"0","awr_custom_image":false,"awr_related_products":[{"awr_product_references":"ref:61425|ean:80010666143257|pack:1"}],"awr_consumabili":"60749","awr_alternativi":"61432,61435,61438,60845","awr_aliases":"61425","awr_skuid":"61425-it"},"_links":{"self":[{"href":"https:\/\/www.metrica.it\/de\/wp-json\/wp\/v2\/product\/154267","targetHints":{"allow":["GET"]}}],"collection":[{"href":"https:\/\/www.metrica.it\/de\/wp-json\/wp\/v2\/product"}],"about":[{"href":"https:\/\/www.metrica.it\/de\/wp-json\/wp\/v2\/types\/product"}],"wp:featuredmedia":[{"embeddable":true,"href":"https:\/\/www.metrica.it\/de\/wp-json\/wp\/v2\/media\/150307"}],"wp:attachment":[{"href":"https:\/\/www.metrica.it\/de\/wp-json\/wp\/v2\/media?parent=154267"}],"wp:term":[{"taxonomy":"product_cat","embeddable":true,"href":"https:\/\/www.metrica.it\/de\/wp-json\/wp\/v2\/product_cat?post=154267"},{"taxonomy":"product_tag","embeddable":true,"href":"https:\/\/www.metrica.it\/de\/wp-json\/wp\/v2\/product_tag?post=154267"}],"curies":[{"name":"wp","href":"https:\/\/api.w.org\/{rel}","templated":true}]}}