{"id":154272,"date":"2025-01-14T09:53:50","date_gmt":"2025-01-14T08:53:50","guid":{"rendered":"https:\/\/www.metrica.it\/prodotto\/bravo-laser-flash-green-3\/"},"modified":"2025-01-14T09:53:57","modified_gmt":"2025-01-14T08:53:57","slug":"bravo-laser-flash-green-3","status":"publish","type":"product","link":"https:\/\/www.metrica.it\/de\/produkt\/bravo-laser-flash-green-3\/","title":{"rendered":"Bravo Laser Flash Green"},"content":{"rendered":"<ul>\n<li>Gr\u00fcne Laser-Wasserwaage. Projiziert eine horizontale und eine vertikale Ebene als 1 Kreuz auf die Wand <\/li>\n<li>Verwendung im Innen- und Au\u00dfenbereich (mit Empf\u00e4nger, nicht im Lieferumfang enthalten, Art.-Nr. 60749) <\/li>\n<li>Magnetische Basis und Metallabdeckung f\u00fcr einfaches Stapeln<\/li>\n<li>Interner Li-Ionen-Akku, der \u00fcber das mitgelieferte USB-Kabel aufgeladen werden kann.<\/li>\n<\/ul>\n","protected":false},"excerpt":{"rendered":"<p>Gr\u00fcne Laser-Wasserwaage. Projiziert eine horizontale und eine vertikale Ebene als 1 Kreuz auf die Wand <br \/>Verwendung im Innen- und Au\u00dfenbereich (mit Empf\u00e4nger, nicht im Lieferumfang enthalten, Art.-Nr. 60749) <br \/>Magnetische Basis und Metallabdeckung f\u00fcr einfaches Stapeln <br \/>Interner Li-Ionen-Akku, der \u00fcber das mitgelieferte USB-Kabel aufgeladen werden kann. <\/p>\n","protected":false},"featured_media":150318,"template":"","meta":[],"product_cat":[516,523],"product_tag":[],"class_list":{"0":"post-154272","1":"product","2":"type-product","3":"status-publish","4":"has-post-thumbnail","6":"product_cat-laser-und-warmebildkameras","7":"product_cat-laser-nivellier-gerate","9":"first","10":"instock","11":"featured","12":"sold-individually","13":"product-type-simple"},"yoast_head":"<title>Bravo Laser Flash Green - Metrica<\/title>\n<meta name=\"robots\" content=\"index, follow, max-snippet:-1, max-image-preview:large, max-video-preview:-1\" \/>\n<link rel=\"canonical\" href=\"https:\/\/www.metrica.it\/de\/produkt\/bravo-laser-flash-green-3\/\" \/>\n<meta property=\"og:locale\" content=\"de_DE\" \/>\n<meta property=\"og:type\" content=\"article\" \/>\n<meta property=\"og:title\" content=\"Bravo Laser Flash Green - Metrica\" \/>\n<meta property=\"og:description\" content=\"Gr\u00fcne Laser-Wasserwaage. Projiziert eine horizontale und eine vertikale Ebene als 1 Kreuz auf die Wand Verwendung im Innen- und Au\u00dfenbereich (mit Empf\u00e4nger, nicht im Lieferumfang enthalten, Art.-Nr. 60749) Magnetische Basis und Metallabdeckung f\u00fcr einfaches Stapeln Interner Li-Ionen-Akku, der \u00fcber das mitgelieferte USB-Kabel aufgeladen werden kann.\" \/>\n<meta property=\"og:url\" content=\"https:\/\/www.metrica.it\/de\/produkt\/bravo-laser-flash-green-3\/\" \/>\n<meta property=\"og:site_name\" content=\"Metrica\" \/>\n<meta property=\"article:modified_time\" content=\"2025-01-14T08:53:57+00:00\" \/>\n<meta property=\"og:image\" content=\"https:\/\/www.metrica.it\/wp-content\/uploads\/2024\/12\/61432-scaled.jpg\" \/>\n\t<meta property=\"og:image:width\" content=\"2560\" \/>\n\t<meta property=\"og:image:height\" content=\"2560\" \/>\n\t<meta property=\"og:image:type\" content=\"image\/jpeg\" \/>\n<meta name=\"twitter:card\" content=\"summary_large_image\" \/>\n<script type=\"application\/ld+json\" class=\"yoast-schema-graph\">{\"@context\":\"https:\\\/\\\/schema.org\",\"@graph\":[{\"@type\":\"WebPage\",\"@id\":\"https:\\\/\\\/www.metrica.it\\\/de\\\/produkt\\\/bravo-laser-flash-green-3\\\/\",\"url\":\"https:\\\/\\\/www.metrica.it\\\/de\\\/produkt\\\/bravo-laser-flash-green-3\\\/\",\"name\":\"Bravo Laser Flash Green - Metrica\",\"isPartOf\":{\"@id\":\"https:\\\/\\\/www.metrica.it\\\/de\\\/#website\"},\"primaryImageOfPage\":{\"@id\":\"https:\\\/\\\/www.metrica.it\\\/de\\\/produkt\\\/bravo-laser-flash-green-3\\\/#primaryimage\"},\"image\":{\"@id\":\"https:\\\/\\\/www.metrica.it\\\/de\\\/produkt\\\/bravo-laser-flash-green-3\\\/#primaryimage\"},\"thumbnailUrl\":\"https:\\\/\\\/www.metrica.it\\\/wp-content\\\/uploads\\\/2024\\\/12\\\/61432-scaled.jpg\",\"datePublished\":\"2025-01-14T08:53:50+00:00\",\"dateModified\":\"2025-01-14T08:53:57+00:00\",\"breadcrumb\":{\"@id\":\"https:\\\/\\\/www.metrica.it\\\/de\\\/produkt\\\/bravo-laser-flash-green-3\\\/#breadcrumb\"},\"inLanguage\":\"de\",\"potentialAction\":[{\"@type\":\"ReadAction\",\"target\":[\"https:\\\/\\\/www.metrica.it\\\/de\\\/produkt\\\/bravo-laser-flash-green-3\\\/\"]}]},{\"@type\":\"ImageObject\",\"inLanguage\":\"de\",\"@id\":\"https:\\\/\\\/www.metrica.it\\\/de\\\/produkt\\\/bravo-laser-flash-green-3\\\/#primaryimage\",\"url\":\"https:\\\/\\\/www.metrica.it\\\/wp-content\\\/uploads\\\/2024\\\/12\\\/61432-scaled.jpg\",\"contentUrl\":\"https:\\\/\\\/www.metrica.it\\\/wp-content\\\/uploads\\\/2024\\\/12\\\/61432-scaled.jpg\",\"width\":2560,\"height\":2560},{\"@type\":\"BreadcrumbList\",\"@id\":\"https:\\\/\\\/www.metrica.it\\\/de\\\/produkt\\\/bravo-laser-flash-green-3\\\/#breadcrumb\",\"itemListElement\":[{\"@type\":\"ListItem\",\"position\":1,\"name\":\"Home\",\"item\":\"https:\\\/\\\/www.metrica.it\\\/de\\\/\"},{\"@type\":\"ListItem\",\"position\":2,\"name\":\"Katalog\",\"item\":\"https:\\\/\\\/www.metrica.it\\\/de\\\/katalog\\\/\"},{\"@type\":\"ListItem\",\"position\":3,\"name\":\"Bravo Laser Flash Green\"}]},{\"@type\":\"WebSite\",\"@id\":\"https:\\\/\\\/www.metrica.it\\\/de\\\/#website\",\"url\":\"https:\\\/\\\/www.metrica.it\\\/de\\\/\",\"name\":\"Metrica\",\"description\":\"Made to measure\",\"potentialAction\":[{\"@type\":\"SearchAction\",\"target\":{\"@type\":\"EntryPoint\",\"urlTemplate\":\"https:\\\/\\\/www.metrica.it\\\/de\\\/?s={search_term_string}\"},\"query-input\":{\"@type\":\"PropertyValueSpecification\",\"valueRequired\":true,\"valueName\":\"search_term_string\"}}],\"inLanguage\":\"de\"}]}<\/script>","yoast_head_json":{"title":"Bravo Laser Flash Green - Metrica","robots":{"index":"index","follow":"follow","max-snippet":"max-snippet:-1","max-image-preview":"max-image-preview:large","max-video-preview":"max-video-preview:-1"},"canonical":"https:\/\/www.metrica.it\/de\/produkt\/bravo-laser-flash-green-3\/","og_locale":"de_DE","og_type":"article","og_title":"Bravo Laser Flash Green - Metrica","og_description":"Gr\u00fcne Laser-Wasserwaage. Projiziert eine horizontale und eine vertikale Ebene als 1 Kreuz auf die Wand Verwendung im Innen- und Au\u00dfenbereich (mit Empf\u00e4nger, nicht im Lieferumfang enthalten, Art.-Nr. 60749) Magnetische Basis und Metallabdeckung f\u00fcr einfaches Stapeln Interner Li-Ionen-Akku, der \u00fcber das mitgelieferte USB-Kabel aufgeladen werden kann.","og_url":"https:\/\/www.metrica.it\/de\/produkt\/bravo-laser-flash-green-3\/","og_site_name":"Metrica","article_modified_time":"2025-01-14T08:53:57+00:00","og_image":[{"width":2560,"height":2560,"url":"https:\/\/www.metrica.it\/wp-content\/uploads\/2024\/12\/61432-scaled.jpg","type":"image\/jpeg"}],"twitter_card":"summary_large_image","schema":{"@context":"https:\/\/schema.org","@graph":[{"@type":"WebPage","@id":"https:\/\/www.metrica.it\/de\/produkt\/bravo-laser-flash-green-3\/","url":"https:\/\/www.metrica.it\/de\/produkt\/bravo-laser-flash-green-3\/","name":"Bravo Laser Flash Green - Metrica","isPartOf":{"@id":"https:\/\/www.metrica.it\/de\/#website"},"primaryImageOfPage":{"@id":"https:\/\/www.metrica.it\/de\/produkt\/bravo-laser-flash-green-3\/#primaryimage"},"image":{"@id":"https:\/\/www.metrica.it\/de\/produkt\/bravo-laser-flash-green-3\/#primaryimage"},"thumbnailUrl":"https:\/\/www.metrica.it\/wp-content\/uploads\/2024\/12\/61432-scaled.jpg","datePublished":"2025-01-14T08:53:50+00:00","dateModified":"2025-01-14T08:53:57+00:00","breadcrumb":{"@id":"https:\/\/www.metrica.it\/de\/produkt\/bravo-laser-flash-green-3\/#breadcrumb"},"inLanguage":"de","potentialAction":[{"@type":"ReadAction","target":["https:\/\/www.metrica.it\/de\/produkt\/bravo-laser-flash-green-3\/"]}]},{"@type":"ImageObject","inLanguage":"de","@id":"https:\/\/www.metrica.it\/de\/produkt\/bravo-laser-flash-green-3\/#primaryimage","url":"https:\/\/www.metrica.it\/wp-content\/uploads\/2024\/12\/61432-scaled.jpg","contentUrl":"https:\/\/www.metrica.it\/wp-content\/uploads\/2024\/12\/61432-scaled.jpg","width":2560,"height":2560},{"@type":"BreadcrumbList","@id":"https:\/\/www.metrica.it\/de\/produkt\/bravo-laser-flash-green-3\/#breadcrumb","itemListElement":[{"@type":"ListItem","position":1,"name":"Home","item":"https:\/\/www.metrica.it\/de\/"},{"@type":"ListItem","position":2,"name":"Katalog","item":"https:\/\/www.metrica.it\/de\/katalog\/"},{"@type":"ListItem","position":3,"name":"Bravo Laser Flash Green"}]},{"@type":"WebSite","@id":"https:\/\/www.metrica.it\/de\/#website","url":"https:\/\/www.metrica.it\/de\/","name":"Metrica","description":"Made to measure","potentialAction":[{"@type":"SearchAction","target":{"@type":"EntryPoint","urlTemplate":"https:\/\/www.metrica.it\/de\/?s={search_term_string}"},"query-input":{"@type":"PropertyValueSpecification","valueRequired":true,"valueName":"search_term_string"}}],"inLanguage":"de"}]}},"meta_box":{"awr_documentation":[{"filesize":644298,"ID":"150317","name":"61432.pdf","path":"\/var\/www\/html\/wp-content\/uploads\/2024\/12\/61432.pdf","url":"https:\/\/www.metrica.it\/wp-content\/uploads\/2024\/12\/61432.pdf","title":"61432.pdf"}],"awr_manuale":[],"awr_scheda_tecnica":"<table>\n<tr>\n<td>Reichweite (je nach Umgebungshelligkeit) <\/td>\n<td>30 m<\/td>\n<\/tr>\n<tr>\n<td>Reichweite mit Empf\u00e4nger <\/td>\n<td>50 m<\/td>\n<\/tr>\n<tr>\n<td>Nivelliergenauigkeit <\/td>\n<td>\u00b1 3 mm \/ 10 m<\/td>\n<\/tr>\n<tr>\n<td>Selbstnivellierbereich <\/td>\n<td>\u00b1 4\u00b0(\u00b11)<\/td>\n<\/tr>\n<tr>\n<td>Selbstnivellierungs-Alarm<\/td>\n<td> ja<\/td>\n<\/tr>\n<tr>\n<td>Laser-Typ <\/td>\n<td>520nm<\/td>\n<\/tr>\n<tr>\n<td>Laserst\u00e4rke <\/td>\n<td>Klasse II<\/td>\n<\/tr>\n<tr>\n<td>Wiederaufladbare Batterien <\/td>\n<td>2000 mAh li-ion<\/td>\n<\/tr>\n<tr>\n<td>Magnetische Basis <\/td>\n<td>ja<\/td>\n<\/tr>\n<tr>\n<td>Abmessungen (mm) <\/td>\n<td>96 x - \u00d8 58<\/td>\n<\/tr>\n<tr>\n<td>Gewicht (mit Batterien)<\/td>\n<td> 400 gr<\/td>\n<\/tr>\n<tr>\n<td>Schutzart <\/td>\n<td>IP 54<\/td>\n<\/tr>\n<tr>\n<td>Stativgewinde <\/td>\n<td>1\/4\u201d<\/td>\n<\/tr>\n<\/table>\n","awr_youtube_video":"","awr_classe_prodotto":"","awr_customize_product":"0","awr_custom_image":false,"awr_related_products":[{"awr_product_references":"ref:61432|ean:8001066614325|pack:1"}],"awr_consumabili":"60714M","awr_alternativi":"61302,61435,60845","awr_aliases":"61432","awr_skuid":"61432-it"},"_links":{"self":[{"href":"https:\/\/www.metrica.it\/de\/wp-json\/wp\/v2\/product\/154272","targetHints":{"allow":["GET"]}}],"collection":[{"href":"https:\/\/www.metrica.it\/de\/wp-json\/wp\/v2\/product"}],"about":[{"href":"https:\/\/www.metrica.it\/de\/wp-json\/wp\/v2\/types\/product"}],"wp:featuredmedia":[{"embeddable":true,"href":"https:\/\/www.metrica.it\/de\/wp-json\/wp\/v2\/media\/150318"}],"wp:attachment":[{"href":"https:\/\/www.metrica.it\/de\/wp-json\/wp\/v2\/media?parent=154272"}],"wp:term":[{"taxonomy":"product_cat","embeddable":true,"href":"https:\/\/www.metrica.it\/de\/wp-json\/wp\/v2\/product_cat?post=154272"},{"taxonomy":"product_tag","embeddable":true,"href":"https:\/\/www.metrica.it\/de\/wp-json\/wp\/v2\/product_tag?post=154272"}],"curies":[{"name":"wp","href":"https:\/\/api.w.org\/{rel}","templated":true}]}}