{"id":156484,"date":"2025-01-26T17:09:02","date_gmt":"2025-01-26T16:09:02","guid":{"rendered":"https:\/\/www.metrica.it\/prodotto\/bravo-laser-green-h360-1v-2-dots-3\/"},"modified":"2025-01-26T17:10:00","modified_gmt":"2025-01-26T16:10:00","slug":"bravo-laser-green-h360-1v-2-dots-3","status":"publish","type":"product","link":"https:\/\/www.metrica.it\/de\/produkt\/bravo-laser-green-h360-1v-2-dots-3\/","title":{"rendered":"BRAVO LASER GREEN H360 + 1V + 2 DOTS"},"content":{"rendered":"<ul>\n<li>Selbstnivellierender oder gr\u00fcner Laser. Projiziert: eine horizontale Ebene auf 360\u00b0 plus eine vertikale Ebene, welche 1 Wandkreuz bilden, plus 2 Lotpunkte (Boden und Decke).<\/li>\n<li>Einfache Positionierung an Decken (< 2 cm)<\/li>\n<li>Innen- und Au\u00dfenbereich (mit Empf\u00e4nger nicht enthalten Art. 60749 gr\u00fcn)<\/li>\n<li>Automatisches Blinken, wenn das Ger\u00e4t au\u00dferhalb des Nivellierbereichs ist<\/li>\n<li>M\u00f6glichkeit, Linien zu projizieren, selbst in einer fixen und geneigten Position<\/li>\n<li>Integriertes Verriegelungssystem, um Vibrationen w\u00e4hrend des Transports zu vermeiden<\/li>\n<li>Kompakt, rutschfeste Gummierung<\/li>\n<li>Geliefert mit Magnethalter f\u00fcr Mauerwerk und Gipser im Hartschalenkoffer<\/li>\n<\/ul>\n","protected":false},"excerpt":{"rendered":"<p>Selbstnivellierender oder gr\u00fcner Laser. Projiziert: eine horizontale Ebene auf 360\u00b0 plus eine vertikale Ebene, welche 1 Wandkreuz bilden, plus 2 Lotpunkte (Boden und Decke). <br \/>Einfache Positionierung an Decken (< 2 cm) <br \/>Innen- und Au\u00dfenbereich (mit Empf\u00e4nger nicht enthalten Art. 60749 gr\u00fcn) <br \/>Automatisches Blinken, wenn das Ger\u00e4t au\u00dferhalb des Nivellierbereichs ist <br \/>M\u00f6glichkeit, Linien zu projizieren, selbst in einer fixen und geneigten Position <br \/>Integriertes Verriegelungssystem, um Vibrationen w\u00e4hrend des Transports zu vermeiden <br \/>Kompakt, rutschfeste Gummierung <br \/>Geliefert mit Magnethalter f\u00fcr Mauerwerk und Gipser im Hartschalenkoffer <\/p>\n","protected":false},"featured_media":156476,"template":"","meta":[],"product_cat":[516,523],"product_tag":[],"class_list":{"0":"post-156484","1":"product","2":"type-product","3":"status-publish","4":"has-post-thumbnail","6":"product_cat-laser-und-warmebildkameras","7":"product_cat-laser-nivellier-gerate","9":"first","10":"instock","11":"sold-individually","12":"product-type-simple"},"yoast_head":"<title>BRAVO LASER GREEN H360 + 1V + 2 DOTS - Metrica<\/title>\n<meta name=\"robots\" content=\"index, follow, max-snippet:-1, max-image-preview:large, max-video-preview:-1\" \/>\n<link rel=\"canonical\" href=\"https:\/\/www.metrica.it\/de\/produkt\/bravo-laser-green-h360-1v-2-dots-3\/\" \/>\n<meta property=\"og:locale\" content=\"de_DE\" \/>\n<meta property=\"og:type\" content=\"article\" \/>\n<meta property=\"og:title\" content=\"BRAVO LASER GREEN H360 + 1V + 2 DOTS - Metrica\" \/>\n<meta property=\"og:description\" content=\"Selbstnivellierender oder gr\u00fcner Laser. Projiziert: eine horizontale Ebene auf 360\u00b0 plus eine vertikale Ebene, welche 1 Wandkreuz bilden, plus 2 Lotpunkte (Boden und Decke). Einfache Positionierung an Decken (&lt; 2 cm) Innen- und Au\u00dfenbereich (mit Empf\u00e4nger nicht enthalten Art. 60749 gr\u00fcn) Automatisches Blinken, wenn das Ger\u00e4t au\u00dferhalb des Nivellierbereichs ist M\u00f6glichkeit, Linien zu projizieren, selbst in einer fixen und geneigten Position Integriertes Verriegelungssystem, um Vibrationen w\u00e4hrend des Transports zu vermeiden Kompakt, rutschfeste Gummierung Geliefert mit Magnethalter f\u00fcr Mauerwerk und Gipser im Hartschalenkoffer\" \/>\n<meta property=\"og:url\" content=\"https:\/\/www.metrica.it\/de\/produkt\/bravo-laser-green-h360-1v-2-dots-3\/\" \/>\n<meta property=\"og:site_name\" content=\"Metrica\" \/>\n<meta property=\"article:modified_time\" content=\"2025-01-26T16:10:00+00:00\" \/>\n<meta property=\"og:image\" content=\"https:\/\/www.metrica.it\/wp-content\/uploads\/2025\/01\/61375M-scaled.jpg\" \/>\n\t<meta property=\"og:image:width\" content=\"2560\" \/>\n\t<meta property=\"og:image:height\" content=\"2560\" \/>\n\t<meta property=\"og:image:type\" content=\"image\/jpeg\" \/>\n<meta name=\"twitter:card\" content=\"summary_large_image\" \/>\n<script type=\"application\/ld+json\" class=\"yoast-schema-graph\">{\"@context\":\"https:\\\/\\\/schema.org\",\"@graph\":[{\"@type\":\"WebPage\",\"@id\":\"https:\\\/\\\/www.metrica.it\\\/de\\\/produkt\\\/bravo-laser-green-h360-1v-2-dots-3\\\/\",\"url\":\"https:\\\/\\\/www.metrica.it\\\/de\\\/produkt\\\/bravo-laser-green-h360-1v-2-dots-3\\\/\",\"name\":\"BRAVO LASER GREEN H360 + 1V + 2 DOTS - Metrica\",\"isPartOf\":{\"@id\":\"https:\\\/\\\/www.metrica.it\\\/de\\\/#website\"},\"primaryImageOfPage\":{\"@id\":\"https:\\\/\\\/www.metrica.it\\\/de\\\/produkt\\\/bravo-laser-green-h360-1v-2-dots-3\\\/#primaryimage\"},\"image\":{\"@id\":\"https:\\\/\\\/www.metrica.it\\\/de\\\/produkt\\\/bravo-laser-green-h360-1v-2-dots-3\\\/#primaryimage\"},\"thumbnailUrl\":\"https:\\\/\\\/www.metrica.it\\\/wp-content\\\/uploads\\\/2025\\\/01\\\/61375M-scaled.jpg\",\"datePublished\":\"2025-01-26T16:09:02+00:00\",\"dateModified\":\"2025-01-26T16:10:00+00:00\",\"breadcrumb\":{\"@id\":\"https:\\\/\\\/www.metrica.it\\\/de\\\/produkt\\\/bravo-laser-green-h360-1v-2-dots-3\\\/#breadcrumb\"},\"inLanguage\":\"de\",\"potentialAction\":[{\"@type\":\"ReadAction\",\"target\":[\"https:\\\/\\\/www.metrica.it\\\/de\\\/produkt\\\/bravo-laser-green-h360-1v-2-dots-3\\\/\"]}]},{\"@type\":\"ImageObject\",\"inLanguage\":\"de\",\"@id\":\"https:\\\/\\\/www.metrica.it\\\/de\\\/produkt\\\/bravo-laser-green-h360-1v-2-dots-3\\\/#primaryimage\",\"url\":\"https:\\\/\\\/www.metrica.it\\\/wp-content\\\/uploads\\\/2025\\\/01\\\/61375M-scaled.jpg\",\"contentUrl\":\"https:\\\/\\\/www.metrica.it\\\/wp-content\\\/uploads\\\/2025\\\/01\\\/61375M-scaled.jpg\",\"width\":2560,\"height\":2560},{\"@type\":\"BreadcrumbList\",\"@id\":\"https:\\\/\\\/www.metrica.it\\\/de\\\/produkt\\\/bravo-laser-green-h360-1v-2-dots-3\\\/#breadcrumb\",\"itemListElement\":[{\"@type\":\"ListItem\",\"position\":1,\"name\":\"Home\",\"item\":\"https:\\\/\\\/www.metrica.it\\\/de\\\/\"},{\"@type\":\"ListItem\",\"position\":2,\"name\":\"Katalog\",\"item\":\"https:\\\/\\\/www.metrica.it\\\/de\\\/katalog\\\/\"},{\"@type\":\"ListItem\",\"position\":3,\"name\":\"BRAVO LASER GREEN H360 + 1V + 2 DOTS\"}]},{\"@type\":\"WebSite\",\"@id\":\"https:\\\/\\\/www.metrica.it\\\/de\\\/#website\",\"url\":\"https:\\\/\\\/www.metrica.it\\\/de\\\/\",\"name\":\"Metrica\",\"description\":\"Made to measure\",\"potentialAction\":[{\"@type\":\"SearchAction\",\"target\":{\"@type\":\"EntryPoint\",\"urlTemplate\":\"https:\\\/\\\/www.metrica.it\\\/de\\\/?s={search_term_string}\"},\"query-input\":{\"@type\":\"PropertyValueSpecification\",\"valueRequired\":true,\"valueName\":\"search_term_string\"}}],\"inLanguage\":\"de\"}]}<\/script>","yoast_head_json":{"title":"BRAVO LASER GREEN H360 + 1V + 2 DOTS - Metrica","robots":{"index":"index","follow":"follow","max-snippet":"max-snippet:-1","max-image-preview":"max-image-preview:large","max-video-preview":"max-video-preview:-1"},"canonical":"https:\/\/www.metrica.it\/de\/produkt\/bravo-laser-green-h360-1v-2-dots-3\/","og_locale":"de_DE","og_type":"article","og_title":"BRAVO LASER GREEN H360 + 1V + 2 DOTS - Metrica","og_description":"Selbstnivellierender oder gr\u00fcner Laser. Projiziert: eine horizontale Ebene auf 360\u00b0 plus eine vertikale Ebene, welche 1 Wandkreuz bilden, plus 2 Lotpunkte (Boden und Decke). Einfache Positionierung an Decken (< 2 cm) Innen- und Au\u00dfenbereich (mit Empf\u00e4nger nicht enthalten Art. 60749 gr\u00fcn) Automatisches Blinken, wenn das Ger\u00e4t au\u00dferhalb des Nivellierbereichs ist M\u00f6glichkeit, Linien zu projizieren, selbst in einer fixen und geneigten Position Integriertes Verriegelungssystem, um Vibrationen w\u00e4hrend des Transports zu vermeiden Kompakt, rutschfeste Gummierung Geliefert mit Magnethalter f\u00fcr Mauerwerk und Gipser im Hartschalenkoffer","og_url":"https:\/\/www.metrica.it\/de\/produkt\/bravo-laser-green-h360-1v-2-dots-3\/","og_site_name":"Metrica","article_modified_time":"2025-01-26T16:10:00+00:00","og_image":[{"width":2560,"height":2560,"url":"https:\/\/www.metrica.it\/wp-content\/uploads\/2025\/01\/61375M-scaled.jpg","type":"image\/jpeg"}],"twitter_card":"summary_large_image","schema":{"@context":"https:\/\/schema.org","@graph":[{"@type":"WebPage","@id":"https:\/\/www.metrica.it\/de\/produkt\/bravo-laser-green-h360-1v-2-dots-3\/","url":"https:\/\/www.metrica.it\/de\/produkt\/bravo-laser-green-h360-1v-2-dots-3\/","name":"BRAVO LASER GREEN H360 + 1V + 2 DOTS - Metrica","isPartOf":{"@id":"https:\/\/www.metrica.it\/de\/#website"},"primaryImageOfPage":{"@id":"https:\/\/www.metrica.it\/de\/produkt\/bravo-laser-green-h360-1v-2-dots-3\/#primaryimage"},"image":{"@id":"https:\/\/www.metrica.it\/de\/produkt\/bravo-laser-green-h360-1v-2-dots-3\/#primaryimage"},"thumbnailUrl":"https:\/\/www.metrica.it\/wp-content\/uploads\/2025\/01\/61375M-scaled.jpg","datePublished":"2025-01-26T16:09:02+00:00","dateModified":"2025-01-26T16:10:00+00:00","breadcrumb":{"@id":"https:\/\/www.metrica.it\/de\/produkt\/bravo-laser-green-h360-1v-2-dots-3\/#breadcrumb"},"inLanguage":"de","potentialAction":[{"@type":"ReadAction","target":["https:\/\/www.metrica.it\/de\/produkt\/bravo-laser-green-h360-1v-2-dots-3\/"]}]},{"@type":"ImageObject","inLanguage":"de","@id":"https:\/\/www.metrica.it\/de\/produkt\/bravo-laser-green-h360-1v-2-dots-3\/#primaryimage","url":"https:\/\/www.metrica.it\/wp-content\/uploads\/2025\/01\/61375M-scaled.jpg","contentUrl":"https:\/\/www.metrica.it\/wp-content\/uploads\/2025\/01\/61375M-scaled.jpg","width":2560,"height":2560},{"@type":"BreadcrumbList","@id":"https:\/\/www.metrica.it\/de\/produkt\/bravo-laser-green-h360-1v-2-dots-3\/#breadcrumb","itemListElement":[{"@type":"ListItem","position":1,"name":"Home","item":"https:\/\/www.metrica.it\/de\/"},{"@type":"ListItem","position":2,"name":"Katalog","item":"https:\/\/www.metrica.it\/de\/katalog\/"},{"@type":"ListItem","position":3,"name":"BRAVO LASER GREEN H360 + 1V + 2 DOTS"}]},{"@type":"WebSite","@id":"https:\/\/www.metrica.it\/de\/#website","url":"https:\/\/www.metrica.it\/de\/","name":"Metrica","description":"Made to measure","potentialAction":[{"@type":"SearchAction","target":{"@type":"EntryPoint","urlTemplate":"https:\/\/www.metrica.it\/de\/?s={search_term_string}"},"query-input":{"@type":"PropertyValueSpecification","valueRequired":true,"valueName":"search_term_string"}}],"inLanguage":"de"}]}},"meta_box":{"awr_documentation":[{"filesize":534602,"ID":"156475","name":"61375M.pdf","path":"\/var\/www\/html\/wp-content\/uploads\/2025\/01\/61375M.pdf","url":"https:\/\/www.metrica.it\/wp-content\/uploads\/2025\/01\/61375M.pdf","title":"61375M.pdf"}],"awr_manuale":[],"awr_scheda_tecnica":"<table>\n<tr>\n<td>Reichweite (je nach Umgebungshelligkeit) <\/td>\n<td>30 m (\u00d8 60 m)<\/td>\n<\/tr>\n<tr>\n<td>Reichweite mit Empf\u00e4nger<\/td>\n<td>50 m (\u00d8 100 m)<\/td>\n<\/tr>\n<tr>\n<td>Nivelliergenauigkeit <\/td>\n<td>\u00b1 3 mm \/ 10 m<\/td>\n<\/tr>\n<tr>\n<td>Selbstnivellierbereich <\/td>\n<td>\u00b1 4\u00b0<\/td>\n<\/tr>\n<tr>\n<td>Selbstnivellierungs-Alarm<\/td>\n<td>Ja<\/td>\n<\/tr>\n<tr>\n<td>Laser-Typ  <\/td>\n<td>505-550 nm &lt; 1mw<\/td>\n<\/tr>\n<tr>\n<td>Laserst\u00e4rke <\/td>\n<td>Classe II<\/td>\n<\/tr>\n<tr>\n<td>Wiederaufladbare Batterien <\/td>\n<td>3,7 4400 mAh li-ion<\/td>\n<\/tr>\n<tr>\n<td>Abmessungen (mm) <\/td>\n<td>104 x 83 x 83<\/td>\n<\/tr>\n<tr>\n<td>Gewicht <\/td>\n<td>0,450 Kg<\/td>\n<\/tr>\n<tr>\n<td>Schutzart<\/td>\n<td>IP 54<\/td>\n<\/tr>\n<tr>\n<td>Gewinde f\u00fcr Stative<\/td>\n<td>1\/4\u201d<\/td>\n<\/tr>\n<\/table>\n","awr_youtube_video":"","awr_classe_prodotto":"","awr_customize_product":"0","awr_custom_image":false,"awr_related_products":[{"awr_product_references":"ref:61375M|ean:8001066613755|pack:1"}],"awr_consumabili":"61702","awr_alternativi":"61435,61425,61302,61432","awr_aliases":"61435,61425,61302,61432,green,360","awr_skuid":"61375M-it"},"_links":{"self":[{"href":"https:\/\/www.metrica.it\/de\/wp-json\/wp\/v2\/product\/156484","targetHints":{"allow":["GET"]}}],"collection":[{"href":"https:\/\/www.metrica.it\/de\/wp-json\/wp\/v2\/product"}],"about":[{"href":"https:\/\/www.metrica.it\/de\/wp-json\/wp\/v2\/types\/product"}],"wp:featuredmedia":[{"embeddable":true,"href":"https:\/\/www.metrica.it\/de\/wp-json\/wp\/v2\/media\/156476"}],"wp:attachment":[{"href":"https:\/\/www.metrica.it\/de\/wp-json\/wp\/v2\/media?parent=156484"}],"wp:term":[{"taxonomy":"product_cat","embeddable":true,"href":"https:\/\/www.metrica.it\/de\/wp-json\/wp\/v2\/product_cat?post=156484"},{"taxonomy":"product_tag","embeddable":true,"href":"https:\/\/www.metrica.it\/de\/wp-json\/wp\/v2\/product_tag?post=156484"}],"curies":[{"name":"wp","href":"https:\/\/api.w.org\/{rel}","templated":true}]}}