{"id":156515,"date":"2025-01-26T17:11:16","date_gmt":"2025-01-26T16:11:16","guid":{"rendered":"https:\/\/www.metrica.it\/prodotto\/bravo-laser-rotativo-incligrad-2-green-3\/"},"modified":"2025-05-15T14:28:51","modified_gmt":"2025-05-15T12:28:51","slug":"bravo-laser-rotativo-incligrad-2-green-3","status":"publish","type":"product","link":"https:\/\/www.metrica.it\/de\/produkt\/bravo-laser-rotativo-incligrad-2-green-3\/","title":{"rendered":"BRAVO LASER ROTATIVO INCLIGRAD 2 GREEN"},"content":{"rendered":"<ul>\n<li>Erzeugt eine horizontale, vertikale oder geneigte Ebene, die um \u00b1 10% in X- und Y-Richtung verstellt werden kann und zwei Lotpunkte<\/li>\n<li>Hochempfindlicher Empf\u00e4nger mit Abweichungsanzeige in mm<\/li>\n<li>Metallabdeckung<\/li>\n<li>Durch Drehen der Einheit um 90\u00b0 erzeugt das Ger\u00e4t eine vertikale selbstnivellierte Laserebene und zwei horizontale Strahlen<\/li>\n<li>Einstellung der geneigten Ebene, welche auf dem Display zu sehen ist<\/li>\n<li>SCANNER-Funktion, um eine sichtbare und k\u00fcrzere Linie zu projizieren (auf 4 L\u00e4ngen einstellbar: 10\u00b0 &#8211; 45\u00b0 &#8211; 90\u00b0 &#8211; 180\u00b0)<\/li>\n<li>TILT-Funktion: Bei unbeabsichtigter Bewegung schaltet das Ger\u00e4t den Laserstrahl aus<\/li>\n<li>Schritt-f\u00fcr-Schritt Rotationsfunktion<\/li>\n<li>MANUELL-Funktion, welche eine automatische Nivellierung ausschlie\u00dft<\/li>\n<li>Laser mit 4 gummierten Griffen f\u00fcr einen leichteren Halt und einen erh\u00f6hten Schutz<\/li>\n<li>Empfang der Fernbedienung auf den 4 Seiten des Ger\u00e4tes zur Einstellung der Neigungen der X- und Y-Achsen<\/li>\n<li>Wiederaufladbare Li-ion-Batterien mit langer Dauer.<\/li>\n<\/ul>\n","protected":false},"excerpt":{"rendered":"<p>Erzeugt eine horizontale, vertikale oder geneigte Ebene, die um \u00b1 10% in X- und Y-Richtung verstellt werden kann und zwei Lotpunkte<br \/>\nHochempfindlicher Empf\u00e4nger mit Abweichungsanzeige in mm<br \/>\nMetallabdeckung<br \/>\nDurch Drehen der Einheit um 90\u00b0 erzeugt das Ger\u00e4t eine vertikale selbstnivellierte Laserebene und zwei horizontale Strahlen<br \/>\nEinstellung der geneigten Ebene, welche auf dem Display zu sehen ist<br \/>\nSCANNER-Funktion, um eine sichtbare und k\u00fcrzere Linie zu projizieren (auf 4 L\u00e4ngen einstellbar: 10\u00b0 &#8211; 45\u00b0 &#8211; 90\u00b0 &#8211; 180\u00b0)<br \/>\nTILT-Funktion: Bei unbeabsichtigter Bewegung schaltet das Ger\u00e4t den Laserstrahl aus<br \/>\nSchritt-f\u00fcr-Schritt Rotationsfunktion<br \/>\nMANUELL-Funktion, welche eine automatische Nivellierung ausschlie\u00dft<br \/>\nLaser mit 4 gummierten Griffen f\u00fcr einen leichteren Halt und einen erh\u00f6hten Schutz<br \/>\nEmpfang der Fernbedienung auf den 4 Seiten des Ger\u00e4tes zur Einstellung der Neigungen der X- und Y-Achsen<br \/>\nWiederaufladbare Li-ion-Batterien mit langer Dauer.<\/p>\n","protected":false},"featured_media":156503,"template":"","meta":[],"product_cat":[516,523],"product_tag":[],"class_list":{"0":"post-156515","1":"product","2":"type-product","3":"status-publish","4":"has-post-thumbnail","6":"product_cat-laser-und-warmebildkameras","7":"product_cat-laser-nivellier-gerate","9":"first","10":"instock","11":"sold-individually","12":"product-type-simple"},"yoast_head":"<title>BRAVO LASER ROTATIVO INCLIGRAD 2 GREEN - Metrica<\/title>\n<meta name=\"robots\" content=\"index, follow, max-snippet:-1, max-image-preview:large, max-video-preview:-1\" \/>\n<link rel=\"canonical\" href=\"https:\/\/www.metrica.it\/de\/produkt\/bravo-laser-rotativo-incligrad-2-green-3\/\" \/>\n<meta property=\"og:locale\" content=\"de_DE\" \/>\n<meta property=\"og:type\" content=\"article\" \/>\n<meta property=\"og:title\" content=\"BRAVO LASER ROTATIVO INCLIGRAD 2 GREEN - Metrica\" \/>\n<meta property=\"og:description\" content=\"Erzeugt eine horizontale, vertikale oder geneigte Ebene, die um \u00b1 10% in X- und Y-Richtung verstellt werden kann und zwei Lotpunkte Hochempfindlicher Empf\u00e4nger mit Abweichungsanzeige in mm Metallabdeckung Durch Drehen der Einheit um 90\u00b0 erzeugt das Ger\u00e4t eine vertikale selbstnivellierte Laserebene und zwei horizontale Strahlen Einstellung der geneigten Ebene, welche auf dem Display zu sehen ist SCANNER-Funktion, um eine sichtbare und k\u00fcrzere Linie zu projizieren (auf 4 L\u00e4ngen einstellbar: 10\u00b0 - 45\u00b0 - 90\u00b0 - 180\u00b0) TILT-Funktion: Bei unbeabsichtigter Bewegung schaltet das Ger\u00e4t den Laserstrahl aus Schritt-f\u00fcr-Schritt Rotationsfunktion MANUELL-Funktion, welche eine automatische Nivellierung ausschlie\u00dft Laser mit 4 gummierten Griffen f\u00fcr einen leichteren Halt und einen erh\u00f6hten Schutz Empfang der Fernbedienung auf den 4 Seiten des Ger\u00e4tes zur Einstellung der Neigungen der X- und Y-Achsen Wiederaufladbare Li-ion-Batterien mit langer Dauer.\" \/>\n<meta property=\"og:url\" content=\"https:\/\/www.metrica.it\/de\/produkt\/bravo-laser-rotativo-incligrad-2-green-3\/\" \/>\n<meta property=\"og:site_name\" content=\"Metrica\" \/>\n<meta property=\"article:modified_time\" content=\"2025-05-15T12:28:51+00:00\" \/>\n<meta property=\"og:image\" content=\"https:\/\/www.metrica.it\/wp-content\/uploads\/2025\/01\/61392-scaled.jpg\" \/>\n\t<meta property=\"og:image:width\" content=\"2560\" \/>\n\t<meta property=\"og:image:height\" content=\"2560\" \/>\n\t<meta property=\"og:image:type\" content=\"image\/jpeg\" \/>\n<meta name=\"twitter:card\" content=\"summary_large_image\" \/>\n<meta name=\"twitter:label1\" content=\"Gesch\u00e4tzte Lesezeit\" \/>\n\t<meta name=\"twitter:data1\" content=\"1\u00a0Minute\" \/>\n<script type=\"application\/ld+json\" class=\"yoast-schema-graph\">{\"@context\":\"https:\\\/\\\/schema.org\",\"@graph\":[{\"@type\":\"WebPage\",\"@id\":\"https:\\\/\\\/www.metrica.it\\\/de\\\/produkt\\\/bravo-laser-rotativo-incligrad-2-green-3\\\/\",\"url\":\"https:\\\/\\\/www.metrica.it\\\/de\\\/produkt\\\/bravo-laser-rotativo-incligrad-2-green-3\\\/\",\"name\":\"BRAVO LASER ROTATIVO INCLIGRAD 2 GREEN - Metrica\",\"isPartOf\":{\"@id\":\"https:\\\/\\\/www.metrica.it\\\/de\\\/#website\"},\"primaryImageOfPage\":{\"@id\":\"https:\\\/\\\/www.metrica.it\\\/de\\\/produkt\\\/bravo-laser-rotativo-incligrad-2-green-3\\\/#primaryimage\"},\"image\":{\"@id\":\"https:\\\/\\\/www.metrica.it\\\/de\\\/produkt\\\/bravo-laser-rotativo-incligrad-2-green-3\\\/#primaryimage\"},\"thumbnailUrl\":\"https:\\\/\\\/www.metrica.it\\\/wp-content\\\/uploads\\\/2025\\\/01\\\/61392-scaled.jpg\",\"datePublished\":\"2025-01-26T16:11:16+00:00\",\"dateModified\":\"2025-05-15T12:28:51+00:00\",\"breadcrumb\":{\"@id\":\"https:\\\/\\\/www.metrica.it\\\/de\\\/produkt\\\/bravo-laser-rotativo-incligrad-2-green-3\\\/#breadcrumb\"},\"inLanguage\":\"de\",\"potentialAction\":[{\"@type\":\"ReadAction\",\"target\":[\"https:\\\/\\\/www.metrica.it\\\/de\\\/produkt\\\/bravo-laser-rotativo-incligrad-2-green-3\\\/\"]}]},{\"@type\":\"ImageObject\",\"inLanguage\":\"de\",\"@id\":\"https:\\\/\\\/www.metrica.it\\\/de\\\/produkt\\\/bravo-laser-rotativo-incligrad-2-green-3\\\/#primaryimage\",\"url\":\"https:\\\/\\\/www.metrica.it\\\/wp-content\\\/uploads\\\/2025\\\/01\\\/61392-scaled.jpg\",\"contentUrl\":\"https:\\\/\\\/www.metrica.it\\\/wp-content\\\/uploads\\\/2025\\\/01\\\/61392-scaled.jpg\",\"width\":2560,\"height\":2560},{\"@type\":\"BreadcrumbList\",\"@id\":\"https:\\\/\\\/www.metrica.it\\\/de\\\/produkt\\\/bravo-laser-rotativo-incligrad-2-green-3\\\/#breadcrumb\",\"itemListElement\":[{\"@type\":\"ListItem\",\"position\":1,\"name\":\"Home\",\"item\":\"https:\\\/\\\/www.metrica.it\\\/de\\\/\"},{\"@type\":\"ListItem\",\"position\":2,\"name\":\"Katalog\",\"item\":\"https:\\\/\\\/www.metrica.it\\\/de\\\/katalog\\\/\"},{\"@type\":\"ListItem\",\"position\":3,\"name\":\"BRAVO LASER ROTATIVO INCLIGRAD 2 GREEN\"}]},{\"@type\":\"WebSite\",\"@id\":\"https:\\\/\\\/www.metrica.it\\\/de\\\/#website\",\"url\":\"https:\\\/\\\/www.metrica.it\\\/de\\\/\",\"name\":\"Metrica\",\"description\":\"Made to measure\",\"potentialAction\":[{\"@type\":\"SearchAction\",\"target\":{\"@type\":\"EntryPoint\",\"urlTemplate\":\"https:\\\/\\\/www.metrica.it\\\/de\\\/?s={search_term_string}\"},\"query-input\":{\"@type\":\"PropertyValueSpecification\",\"valueRequired\":true,\"valueName\":\"search_term_string\"}}],\"inLanguage\":\"de\"}]}<\/script>","yoast_head_json":{"title":"BRAVO LASER ROTATIVO INCLIGRAD 2 GREEN - Metrica","robots":{"index":"index","follow":"follow","max-snippet":"max-snippet:-1","max-image-preview":"max-image-preview:large","max-video-preview":"max-video-preview:-1"},"canonical":"https:\/\/www.metrica.it\/de\/produkt\/bravo-laser-rotativo-incligrad-2-green-3\/","og_locale":"de_DE","og_type":"article","og_title":"BRAVO LASER ROTATIVO INCLIGRAD 2 GREEN - Metrica","og_description":"Erzeugt eine horizontale, vertikale oder geneigte Ebene, die um \u00b1 10% in X- und Y-Richtung verstellt werden kann und zwei Lotpunkte Hochempfindlicher Empf\u00e4nger mit Abweichungsanzeige in mm Metallabdeckung Durch Drehen der Einheit um 90\u00b0 erzeugt das Ger\u00e4t eine vertikale selbstnivellierte Laserebene und zwei horizontale Strahlen Einstellung der geneigten Ebene, welche auf dem Display zu sehen ist SCANNER-Funktion, um eine sichtbare und k\u00fcrzere Linie zu projizieren (auf 4 L\u00e4ngen einstellbar: 10\u00b0 - 45\u00b0 - 90\u00b0 - 180\u00b0) TILT-Funktion: Bei unbeabsichtigter Bewegung schaltet das Ger\u00e4t den Laserstrahl aus Schritt-f\u00fcr-Schritt Rotationsfunktion MANUELL-Funktion, welche eine automatische Nivellierung ausschlie\u00dft Laser mit 4 gummierten Griffen f\u00fcr einen leichteren Halt und einen erh\u00f6hten Schutz Empfang der Fernbedienung auf den 4 Seiten des Ger\u00e4tes zur Einstellung der Neigungen der X- und Y-Achsen Wiederaufladbare Li-ion-Batterien mit langer Dauer.","og_url":"https:\/\/www.metrica.it\/de\/produkt\/bravo-laser-rotativo-incligrad-2-green-3\/","og_site_name":"Metrica","article_modified_time":"2025-05-15T12:28:51+00:00","og_image":[{"width":2560,"height":2560,"url":"https:\/\/www.metrica.it\/wp-content\/uploads\/2025\/01\/61392-scaled.jpg","type":"image\/jpeg"}],"twitter_card":"summary_large_image","twitter_misc":{"Gesch\u00e4tzte Lesezeit":"1\u00a0Minute"},"schema":{"@context":"https:\/\/schema.org","@graph":[{"@type":"WebPage","@id":"https:\/\/www.metrica.it\/de\/produkt\/bravo-laser-rotativo-incligrad-2-green-3\/","url":"https:\/\/www.metrica.it\/de\/produkt\/bravo-laser-rotativo-incligrad-2-green-3\/","name":"BRAVO LASER ROTATIVO INCLIGRAD 2 GREEN - Metrica","isPartOf":{"@id":"https:\/\/www.metrica.it\/de\/#website"},"primaryImageOfPage":{"@id":"https:\/\/www.metrica.it\/de\/produkt\/bravo-laser-rotativo-incligrad-2-green-3\/#primaryimage"},"image":{"@id":"https:\/\/www.metrica.it\/de\/produkt\/bravo-laser-rotativo-incligrad-2-green-3\/#primaryimage"},"thumbnailUrl":"https:\/\/www.metrica.it\/wp-content\/uploads\/2025\/01\/61392-scaled.jpg","datePublished":"2025-01-26T16:11:16+00:00","dateModified":"2025-05-15T12:28:51+00:00","breadcrumb":{"@id":"https:\/\/www.metrica.it\/de\/produkt\/bravo-laser-rotativo-incligrad-2-green-3\/#breadcrumb"},"inLanguage":"de","potentialAction":[{"@type":"ReadAction","target":["https:\/\/www.metrica.it\/de\/produkt\/bravo-laser-rotativo-incligrad-2-green-3\/"]}]},{"@type":"ImageObject","inLanguage":"de","@id":"https:\/\/www.metrica.it\/de\/produkt\/bravo-laser-rotativo-incligrad-2-green-3\/#primaryimage","url":"https:\/\/www.metrica.it\/wp-content\/uploads\/2025\/01\/61392-scaled.jpg","contentUrl":"https:\/\/www.metrica.it\/wp-content\/uploads\/2025\/01\/61392-scaled.jpg","width":2560,"height":2560},{"@type":"BreadcrumbList","@id":"https:\/\/www.metrica.it\/de\/produkt\/bravo-laser-rotativo-incligrad-2-green-3\/#breadcrumb","itemListElement":[{"@type":"ListItem","position":1,"name":"Home","item":"https:\/\/www.metrica.it\/de\/"},{"@type":"ListItem","position":2,"name":"Katalog","item":"https:\/\/www.metrica.it\/de\/katalog\/"},{"@type":"ListItem","position":3,"name":"BRAVO LASER ROTATIVO INCLIGRAD 2 GREEN"}]},{"@type":"WebSite","@id":"https:\/\/www.metrica.it\/de\/#website","url":"https:\/\/www.metrica.it\/de\/","name":"Metrica","description":"Made to measure","potentialAction":[{"@type":"SearchAction","target":{"@type":"EntryPoint","urlTemplate":"https:\/\/www.metrica.it\/de\/?s={search_term_string}"},"query-input":{"@type":"PropertyValueSpecification","valueRequired":true,"valueName":"search_term_string"}}],"inLanguage":"de"}]}},"meta_box":{"awr_documentation":[{"filesize":5120325,"ID":"156502","name":"61392.pdf","path":"\/var\/www\/html\/wp-content\/uploads\/2025\/01\/61392.pdf","url":"https:\/\/www.metrica.it\/wp-content\/uploads\/2025\/01\/61392.pdf","title":"61392.pdf"}],"awr_manuale":[],"awr_scheda_tecnica":"<table>\n<tbody>\n<tr>\n<td>Nivelliergenauigkeit<\/td>\n<td>horizontale \u00b1 3 mm \/ 30 m<\/td>\n<\/tr>\n<tr>\n<td>Nivelliergenauigkeit<\/td>\n<td>vertikale \u00b1 5 mm \/ 30 m<\/td>\n<\/tr>\n<tr>\n<td>Nivellierbereich<\/td>\n<td>\u00b1 5\u00b0<\/td>\n<\/tr>\n<tr>\n<td>Einstellbereich der Neigungen<\/td>\n<td>\u00b1 10%<\/td>\n<\/tr>\n<tr>\n<td>Nivelliersystem<\/td>\n<td>Schnelle elektronische Sensoren<\/td>\n<\/tr>\n<tr>\n<td>Autonomie<\/td>\n<td>~ 35 ore<\/td>\n<\/tr>\n<tr>\n<td>Reichweite<\/td>\n<td>500 m \u00d8<\/td>\n<\/tr>\n<tr>\n<td>Rotationsgeschwindigkeiten<\/td>\n<td>0-60-120-300-600 U\/min<\/td>\n<\/tr>\n<tr>\n<td>Scanner-Funktion<\/td>\n<td>10\u00b0 - 45\u00b0 - 90\u00b0 - 180\u00b0<\/td>\n<\/tr>\n<tr>\n<td>Tilt-Funktion<\/td>\n<td>Ja<\/td>\n<\/tr>\n<tr>\n<td>Lasertyp<\/td>\n<td>515\/638nm,<\/td>\n<\/tr>\n<tr>\n<td>Laserst\u00e4rke<\/td>\n<td>Klasse 2<\/td>\n<\/tr>\n<tr>\n<td>Speisung<\/td>\n<td>4 x Li-ion 4000mAh 1,2 V<\/td>\n<\/tr>\n<tr>\n<td>Abmessungen<\/td>\n<td>220 x 220 x 210<\/td>\n<\/tr>\n<tr>\n<td>Betriebstemperatur<\/td>\n<td>-10 \u00b0C \/ +50 \u00b0C<\/td>\n<\/tr>\n<tr>\n<td>Gewicht (ohne Batterien)<\/td>\n<td>3,5 Kg<\/td>\n<\/tr>\n<tr>\n<td>Schutzart<\/td>\n<td>IP 54<\/td>\n<\/tr>\n<tr>\n<td>Stativgewinde<\/td>\n<td>5\/8\u201d<\/td>\n<\/tr>\n<tr>\n<td>Stativgewinde<\/td>\n<td>~ 30 \/ 10 m (in\/out)<\/td>\n<\/tr>\n<tr>\n<td>Batterien f\u00fcr Fernbedienung<\/td>\n<td>2 x 1,5 V DC<\/td>\n<\/tr>\n<tr>\n<td>Batterie f\u00fcr den Empf\u00e4nger<\/td>\n<td>1 x 9 V DC<\/td>\n<\/tr>\n<\/tbody>\n<\/table>\n","awr_youtube_video":"","awr_classe_prodotto":"","awr_customize_product":"0","awr_custom_image":false,"awr_related_products":[{"awr_product_references":"ref:61392|ean:800106661392|pack:1"}],"awr_consumabili":"61393,61394,61389,61391,60712","awr_alternativi":"61385,61386,61350,61395,61345","awr_aliases":"61392","awr_skuid":"61392-it"},"_links":{"self":[{"href":"https:\/\/www.metrica.it\/de\/wp-json\/wp\/v2\/product\/156515","targetHints":{"allow":["GET"]}}],"collection":[{"href":"https:\/\/www.metrica.it\/de\/wp-json\/wp\/v2\/product"}],"about":[{"href":"https:\/\/www.metrica.it\/de\/wp-json\/wp\/v2\/types\/product"}],"wp:featuredmedia":[{"embeddable":true,"href":"https:\/\/www.metrica.it\/de\/wp-json\/wp\/v2\/media\/156503"}],"wp:attachment":[{"href":"https:\/\/www.metrica.it\/de\/wp-json\/wp\/v2\/media?parent=156515"}],"wp:term":[{"taxonomy":"product_cat","embeddable":true,"href":"https:\/\/www.metrica.it\/de\/wp-json\/wp\/v2\/product_cat?post=156515"},{"taxonomy":"product_tag","embeddable":true,"href":"https:\/\/www.metrica.it\/de\/wp-json\/wp\/v2\/product_tag?post=156515"}],"curies":[{"name":"wp","href":"https:\/\/api.w.org\/{rel}","templated":true}]}}