{"id":156530,"date":"2025-01-26T17:14:11","date_gmt":"2025-01-26T16:14:11","guid":{"rendered":"https:\/\/www.metrica.it\/prodotto\/metrica-3d-green-3\/"},"modified":"2025-01-26T17:15:36","modified_gmt":"2025-01-26T16:15:36","slug":"metrica-3d-green-3","status":"publish","type":"product","link":"https:\/\/www.metrica.it\/de\/produkt\/metrica-3d-green-3\/","title":{"rendered":"METRICA 3D GREEN"},"content":{"rendered":"<ul>\n<li>Automatisches Lasernivellierger\u00e4t gr\u00fcn (Art. 61410MPLUS). Projiziert 3 Ebenen von jeweils 360\u00b0, eine horizontale Ebene und zwei vertikalen Ebenen um 90\u00b0 zueinander.<\/li>\n<li>4 komplette Winkel an den W\u00e4nden<\/li>\n<li>2 Kreuze, eins an der Decke und auf dem Boden, au\u00dferhalb der Basis des Ger\u00e4tes f\u00fcr immer sichtbare Lotpunkte<\/li>\n<li>Optische Gl\u00e4ser<\/li>\n<li>Hohe Sichtbarkeit<\/li>\n<li>Einfach Deckenpositionierung (< 2 cm)<\/li>\n<li>Innen- und Au\u00dfenbereich (mit Empf\u00e4nger, nicht inbegriffen)<\/li>\n<li>Automatisches Blinken und akustische Warnung, wenn das Ger\u00e4t au\u00dferhalb des Nivellierbereichs ist<\/li>\n<li>Integriertes Verriegelungssystem gegen Ersch\u00fctterungen w\u00e4hrend des Transports; M\u00f6glichkeit in festen geneigten Positionen des Laserstrahl zu projizieren.<\/li>\n<li>Kompakte, rutschfeste Gummierung<\/li>\n<li>Wiederaufladbare Li-ion-Batterien mit langer Dauer; Ersatzbatterie und Ladeger\u00e4t im Lieferumfang<\/li>\n<li>In das Ger\u00e4t integrierter USB-C-Anschluss<\/li>\n<li>LED-Akku-Ladeanzeige<\/li>\n<li>Fernbedienungs<\/li>\n<li>Geliefert mit Magnethalter f\u00fcr Mauerwerk und Gipser im<br \/>\nHartschalenkoffer<\/li>\n<\/ul>\n","protected":false},"excerpt":{"rendered":"<p>Automatisches Lasernivellierger\u00e4t gr\u00fcn (Art. 61410MPLUS). Projiziert 3 Ebenen von jeweils 360\u00b0, eine horizontale Ebene und zwei vertikalen Ebenen um 90\u00b0 zueinander. <br \/>4 komplette Winkel an den W\u00e4nden <br \/>2 Kreuze, eins an der Decke und auf dem Boden, au\u00dferhalb der Basis des Ger\u00e4tes f\u00fcr immer sichtbare Lotpunkte <br \/>Optische Gl\u00e4ser <br \/>Hohe Sichtbarkeit <br \/>Einfach Deckenpositionierung (< 2 cm) <br \/>Innen- und Au\u00dfenbereich (mit Empf\u00e4nger, nicht inbegriffen) <br \/>Automatisches Blinken und akustische Warnung, wenn das Ger\u00e4t au\u00dferhalb des Nivellierbereichs ist <br \/>Integriertes Verriegelungssystem gegen Ersch\u00fctterungen w\u00e4hrend des Transports; M\u00f6glichkeit in festen geneigten Positionen des Laserstrahl zu projizieren. <br \/>Kompakte, rutschfeste Gummierung <br \/>Wiederaufladbare Li-ion-Batterien mit langer Dauer; Ersatzbatterie und Ladeger\u00e4t im Lieferumfang <br \/>In das Ger\u00e4t integrierter USB-C-Anschluss <br \/>LED-Akku-Ladeanzeige <br \/>Fernbedienungs <br \/>Geliefert mit Magnethalter f\u00fcr Mauerwerk und Gipser im<br \/>\nHartschalenkoffer <\/p>\n","protected":false},"featured_media":156520,"template":"","meta":[],"product_cat":[516,523],"product_tag":[],"class_list":{"0":"post-156530","1":"product","2":"type-product","3":"status-publish","4":"has-post-thumbnail","6":"product_cat-laser-und-warmebildkameras","7":"product_cat-laser-nivellier-gerate","9":"first","10":"instock","11":"sold-individually","12":"product-type-simple"},"yoast_head":"<title>METRICA 3D GREEN - Metrica<\/title>\n<meta name=\"robots\" content=\"index, follow, max-snippet:-1, max-image-preview:large, max-video-preview:-1\" \/>\n<link rel=\"canonical\" href=\"https:\/\/www.metrica.it\/de\/produkt\/metrica-3d-green-3\/\" \/>\n<meta property=\"og:locale\" content=\"de_DE\" \/>\n<meta property=\"og:type\" content=\"article\" \/>\n<meta property=\"og:title\" content=\"METRICA 3D GREEN - Metrica\" \/>\n<meta property=\"og:description\" content=\"Automatisches Lasernivellierger\u00e4t gr\u00fcn (Art. 61410MPLUS). Projiziert 3 Ebenen von jeweils 360\u00b0, eine horizontale Ebene und zwei vertikalen Ebenen um 90\u00b0 zueinander. 4 komplette Winkel an den W\u00e4nden 2 Kreuze, eins an der Decke und auf dem Boden, au\u00dferhalb der Basis des Ger\u00e4tes f\u00fcr immer sichtbare Lotpunkte Optische Gl\u00e4ser Hohe Sichtbarkeit Einfach Deckenpositionierung (&lt; 2 cm) Innen- und Au\u00dfenbereich (mit Empf\u00e4nger, nicht inbegriffen) Automatisches Blinken und akustische Warnung, wenn das Ger\u00e4t au\u00dferhalb des Nivellierbereichs ist Integriertes Verriegelungssystem gegen Ersch\u00fctterungen w\u00e4hrend des Transports; M\u00f6glichkeit in festen geneigten Positionen des Laserstrahl zu projizieren. Kompakte, rutschfeste Gummierung Wiederaufladbare Li-ion-Batterien mit langer Dauer; Ersatzbatterie und Ladeger\u00e4t im Lieferumfang In das Ger\u00e4t integrierter USB-C-Anschluss LED-Akku-Ladeanzeige Fernbedienungs Geliefert mit Magnethalter f\u00fcr Mauerwerk und Gipser im Hartschalenkoffer\" \/>\n<meta property=\"og:url\" content=\"https:\/\/www.metrica.it\/de\/produkt\/metrica-3d-green-3\/\" \/>\n<meta property=\"og:site_name\" content=\"Metrica\" \/>\n<meta property=\"article:modified_time\" content=\"2025-01-26T16:15:36+00:00\" \/>\n<meta property=\"og:image\" content=\"https:\/\/www.metrica.it\/wp-content\/uploads\/2025\/01\/61410MPLUS-scaled.jpg\" \/>\n\t<meta property=\"og:image:width\" content=\"2560\" \/>\n\t<meta property=\"og:image:height\" content=\"2560\" \/>\n\t<meta property=\"og:image:type\" content=\"image\/jpeg\" \/>\n<meta name=\"twitter:card\" content=\"summary_large_image\" \/>\n<meta name=\"twitter:label1\" content=\"Gesch\u00e4tzte Lesezeit\" \/>\n\t<meta name=\"twitter:data1\" content=\"1\u00a0Minute\" \/>\n<script type=\"application\/ld+json\" class=\"yoast-schema-graph\">{\"@context\":\"https:\\\/\\\/schema.org\",\"@graph\":[{\"@type\":\"WebPage\",\"@id\":\"https:\\\/\\\/www.metrica.it\\\/de\\\/produkt\\\/metrica-3d-green-3\\\/\",\"url\":\"https:\\\/\\\/www.metrica.it\\\/de\\\/produkt\\\/metrica-3d-green-3\\\/\",\"name\":\"METRICA 3D GREEN - Metrica\",\"isPartOf\":{\"@id\":\"https:\\\/\\\/www.metrica.it\\\/de\\\/#website\"},\"primaryImageOfPage\":{\"@id\":\"https:\\\/\\\/www.metrica.it\\\/de\\\/produkt\\\/metrica-3d-green-3\\\/#primaryimage\"},\"image\":{\"@id\":\"https:\\\/\\\/www.metrica.it\\\/de\\\/produkt\\\/metrica-3d-green-3\\\/#primaryimage\"},\"thumbnailUrl\":\"https:\\\/\\\/www.metrica.it\\\/wp-content\\\/uploads\\\/2025\\\/01\\\/61410MPLUS-scaled.jpg\",\"datePublished\":\"2025-01-26T16:14:11+00:00\",\"dateModified\":\"2025-01-26T16:15:36+00:00\",\"breadcrumb\":{\"@id\":\"https:\\\/\\\/www.metrica.it\\\/de\\\/produkt\\\/metrica-3d-green-3\\\/#breadcrumb\"},\"inLanguage\":\"de\",\"potentialAction\":[{\"@type\":\"ReadAction\",\"target\":[\"https:\\\/\\\/www.metrica.it\\\/de\\\/produkt\\\/metrica-3d-green-3\\\/\"]}]},{\"@type\":\"ImageObject\",\"inLanguage\":\"de\",\"@id\":\"https:\\\/\\\/www.metrica.it\\\/de\\\/produkt\\\/metrica-3d-green-3\\\/#primaryimage\",\"url\":\"https:\\\/\\\/www.metrica.it\\\/wp-content\\\/uploads\\\/2025\\\/01\\\/61410MPLUS-scaled.jpg\",\"contentUrl\":\"https:\\\/\\\/www.metrica.it\\\/wp-content\\\/uploads\\\/2025\\\/01\\\/61410MPLUS-scaled.jpg\",\"width\":2560,\"height\":2560},{\"@type\":\"BreadcrumbList\",\"@id\":\"https:\\\/\\\/www.metrica.it\\\/de\\\/produkt\\\/metrica-3d-green-3\\\/#breadcrumb\",\"itemListElement\":[{\"@type\":\"ListItem\",\"position\":1,\"name\":\"Home\",\"item\":\"https:\\\/\\\/www.metrica.it\\\/de\\\/\"},{\"@type\":\"ListItem\",\"position\":2,\"name\":\"Katalog\",\"item\":\"https:\\\/\\\/www.metrica.it\\\/de\\\/katalog\\\/\"},{\"@type\":\"ListItem\",\"position\":3,\"name\":\"METRICA 3D GREEN\"}]},{\"@type\":\"WebSite\",\"@id\":\"https:\\\/\\\/www.metrica.it\\\/de\\\/#website\",\"url\":\"https:\\\/\\\/www.metrica.it\\\/de\\\/\",\"name\":\"Metrica\",\"description\":\"Made to measure\",\"potentialAction\":[{\"@type\":\"SearchAction\",\"target\":{\"@type\":\"EntryPoint\",\"urlTemplate\":\"https:\\\/\\\/www.metrica.it\\\/de\\\/?s={search_term_string}\"},\"query-input\":{\"@type\":\"PropertyValueSpecification\",\"valueRequired\":true,\"valueName\":\"search_term_string\"}}],\"inLanguage\":\"de\"}]}<\/script>","yoast_head_json":{"title":"METRICA 3D GREEN - Metrica","robots":{"index":"index","follow":"follow","max-snippet":"max-snippet:-1","max-image-preview":"max-image-preview:large","max-video-preview":"max-video-preview:-1"},"canonical":"https:\/\/www.metrica.it\/de\/produkt\/metrica-3d-green-3\/","og_locale":"de_DE","og_type":"article","og_title":"METRICA 3D GREEN - Metrica","og_description":"Automatisches Lasernivellierger\u00e4t gr\u00fcn (Art. 61410MPLUS). Projiziert 3 Ebenen von jeweils 360\u00b0, eine horizontale Ebene und zwei vertikalen Ebenen um 90\u00b0 zueinander. 4 komplette Winkel an den W\u00e4nden 2 Kreuze, eins an der Decke und auf dem Boden, au\u00dferhalb der Basis des Ger\u00e4tes f\u00fcr immer sichtbare Lotpunkte Optische Gl\u00e4ser Hohe Sichtbarkeit Einfach Deckenpositionierung (< 2 cm) Innen- und Au\u00dfenbereich (mit Empf\u00e4nger, nicht inbegriffen) Automatisches Blinken und akustische Warnung, wenn das Ger\u00e4t au\u00dferhalb des Nivellierbereichs ist Integriertes Verriegelungssystem gegen Ersch\u00fctterungen w\u00e4hrend des Transports; M\u00f6glichkeit in festen geneigten Positionen des Laserstrahl zu projizieren. Kompakte, rutschfeste Gummierung Wiederaufladbare Li-ion-Batterien mit langer Dauer; Ersatzbatterie und Ladeger\u00e4t im Lieferumfang In das Ger\u00e4t integrierter USB-C-Anschluss LED-Akku-Ladeanzeige Fernbedienungs Geliefert mit Magnethalter f\u00fcr Mauerwerk und Gipser im Hartschalenkoffer","og_url":"https:\/\/www.metrica.it\/de\/produkt\/metrica-3d-green-3\/","og_site_name":"Metrica","article_modified_time":"2025-01-26T16:15:36+00:00","og_image":[{"width":2560,"height":2560,"url":"https:\/\/www.metrica.it\/wp-content\/uploads\/2025\/01\/61410MPLUS-scaled.jpg","type":"image\/jpeg"}],"twitter_card":"summary_large_image","twitter_misc":{"Gesch\u00e4tzte Lesezeit":"1\u00a0Minute"},"schema":{"@context":"https:\/\/schema.org","@graph":[{"@type":"WebPage","@id":"https:\/\/www.metrica.it\/de\/produkt\/metrica-3d-green-3\/","url":"https:\/\/www.metrica.it\/de\/produkt\/metrica-3d-green-3\/","name":"METRICA 3D GREEN - Metrica","isPartOf":{"@id":"https:\/\/www.metrica.it\/de\/#website"},"primaryImageOfPage":{"@id":"https:\/\/www.metrica.it\/de\/produkt\/metrica-3d-green-3\/#primaryimage"},"image":{"@id":"https:\/\/www.metrica.it\/de\/produkt\/metrica-3d-green-3\/#primaryimage"},"thumbnailUrl":"https:\/\/www.metrica.it\/wp-content\/uploads\/2025\/01\/61410MPLUS-scaled.jpg","datePublished":"2025-01-26T16:14:11+00:00","dateModified":"2025-01-26T16:15:36+00:00","breadcrumb":{"@id":"https:\/\/www.metrica.it\/de\/produkt\/metrica-3d-green-3\/#breadcrumb"},"inLanguage":"de","potentialAction":[{"@type":"ReadAction","target":["https:\/\/www.metrica.it\/de\/produkt\/metrica-3d-green-3\/"]}]},{"@type":"ImageObject","inLanguage":"de","@id":"https:\/\/www.metrica.it\/de\/produkt\/metrica-3d-green-3\/#primaryimage","url":"https:\/\/www.metrica.it\/wp-content\/uploads\/2025\/01\/61410MPLUS-scaled.jpg","contentUrl":"https:\/\/www.metrica.it\/wp-content\/uploads\/2025\/01\/61410MPLUS-scaled.jpg","width":2560,"height":2560},{"@type":"BreadcrumbList","@id":"https:\/\/www.metrica.it\/de\/produkt\/metrica-3d-green-3\/#breadcrumb","itemListElement":[{"@type":"ListItem","position":1,"name":"Home","item":"https:\/\/www.metrica.it\/de\/"},{"@type":"ListItem","position":2,"name":"Katalog","item":"https:\/\/www.metrica.it\/de\/katalog\/"},{"@type":"ListItem","position":3,"name":"METRICA 3D GREEN"}]},{"@type":"WebSite","@id":"https:\/\/www.metrica.it\/de\/#website","url":"https:\/\/www.metrica.it\/de\/","name":"Metrica","description":"Made to measure","potentialAction":[{"@type":"SearchAction","target":{"@type":"EntryPoint","urlTemplate":"https:\/\/www.metrica.it\/de\/?s={search_term_string}"},"query-input":{"@type":"PropertyValueSpecification","valueRequired":true,"valueName":"search_term_string"}}],"inLanguage":"de"}]}},"meta_box":{"awr_documentation":[{"filesize":2815663,"ID":"243829","name":"61410MPLUS-2.pdf","path":"\/var\/www\/html\/wp-content\/uploads\/2025\/01\/61410MPLUS-2.pdf","url":"https:\/\/www.metrica.it\/wp-content\/uploads\/2025\/01\/61410MPLUS-2.pdf","title":"61410MPLUS"}],"awr_manuale":[],"awr_scheda_tecnica":"<table>\n<tr>\n<td>Reichweite (je nach Umgebungshelligkeit)<\/td>\n<td> 30 m (\u00d8 60 m)<\/td>\n<\/tr>\n<tr>\n<td>Messbereich mit Empf\u00e4nger<\/td>\n<td>50 m (\u00d8 100 m)<\/td>\n<\/tr>\n<tr>\n<td>Nivelliergenauigkeit<\/td>\n<td>\u00b1 2 mm \/ 10 m<\/td>\n<\/tr>\n<tr>\n<td>Selbstnivellierbereich<\/td>\n<td>\u00b1 4\u00b0<\/td>\n<\/tr>\n<tr>\n<td>Selbstnivellierungs-Alarm<\/td>\n<td>Ja<\/td>\n<\/tr>\n<tr>\n<td>Laser-Typ<\/td>\n<td>520 nm &lt;1mw<\/td>\n<\/tr>\n<tr>\n<td>Laserst\u00e4rke<\/td>\n<td>Klasse II<\/td>\n<\/tr>\n<tr>\n<td>Batterien<\/td>\n<td>7.4V 2600 mAh<\/td>\n<\/tr>\n<tr>\n<td>Abmessungen<\/td>\n<td>140 x 160 x 85<\/td>\n<\/tr>\n<tr>\n<td>Gewicht (ohne Batterien)<\/td>\n<td>0,65 Kg<\/td>\n<\/tr>\n<tr>\n<td>Schutzart<\/td>\n<td>IP 54<\/td>\n<\/tr>\n<tr>\n<td>Stativgewinde<\/td>\n<td>1\/4\u201d - 5\/8\u201d<\/td>\n<\/tr>\n<\/table>\n","awr_youtube_video":"","awr_classe_prodotto":"","awr_customize_product":"0","awr_custom_image":false,"awr_related_products":[{"awr_product_references":"ref:61410MPLUS|ean:8001066614103|pack:1"}],"awr_consumabili":"61447,60866,61453,61454,61450,61451,61465","awr_alternativi":"61415MPLUS,60845,61438,61470","awr_aliases":"61410MPLUS","awr_skuid":"61410MPLUS-it"},"_links":{"self":[{"href":"https:\/\/www.metrica.it\/de\/wp-json\/wp\/v2\/product\/156530","targetHints":{"allow":["GET"]}}],"collection":[{"href":"https:\/\/www.metrica.it\/de\/wp-json\/wp\/v2\/product"}],"about":[{"href":"https:\/\/www.metrica.it\/de\/wp-json\/wp\/v2\/types\/product"}],"wp:featuredmedia":[{"embeddable":true,"href":"https:\/\/www.metrica.it\/de\/wp-json\/wp\/v2\/media\/156520"}],"wp:attachment":[{"href":"https:\/\/www.metrica.it\/de\/wp-json\/wp\/v2\/media?parent=156530"}],"wp:term":[{"taxonomy":"product_cat","embeddable":true,"href":"https:\/\/www.metrica.it\/de\/wp-json\/wp\/v2\/product_cat?post=156530"},{"taxonomy":"product_tag","embeddable":true,"href":"https:\/\/www.metrica.it\/de\/wp-json\/wp\/v2\/product_tag?post=156530"}],"curies":[{"name":"wp","href":"https:\/\/api.w.org\/{rel}","templated":true}]}}