{"id":156924,"date":"2025-02-09T14:19:10","date_gmt":"2025-02-09T13:19:10","guid":{"rendered":"https:\/\/www.metrica.it\/prodotto\/empfanger-fur-baumaschinen\/"},"modified":"2025-02-09T14:19:51","modified_gmt":"2025-02-09T13:19:51","slug":"empfanger-fur-baumaschinen","status":"publish","type":"product","link":"https:\/\/www.metrica.it\/de\/produkt\/empfanger-fur-baumaschinen\/","title":{"rendered":"Empf\u00c4nger F\u00dcr Baumaschinen"},"content":{"rendered":"<ul>\n<li>Kann sowohl f\u00fcr rote als auch f\u00fcr gr\u00fcne Laser verwendet werden<\/li>\n<li>Erm\u00f6glicht die Steuerung der Nivellierung auf Erdbewegungsmaschinen<\/li>\n<li>Empf\u00e4ngt das Signal aller roten Rotationslaser<\/li>\n<li>L\u00e4nge des Empfangsger\u00e4ts 25 cm und 360\u00b0-Empfang<\/li>\n<li>Die LEDs empfangen den Laserstrahl<\/li>\n<li>Mit Klemmschrauben<br \/>\n Ausgestattet mit Halterungen mit Schraub- oder Magnetbefestigung zur Befestigung des Ger\u00e4tes am Baggerarm<\/li>\n<li>Doppelte Genauigkeit, einstellbar<\/li>\n<li>Schutzart IP 66<\/li>\n<li>Fern-Empf\u00e4nger<\/li>\n<li>Ausgestattet mit Ladeger\u00e4t 220 V, Kabel f\u00fcr Fahrzeug-Batterie 12 V, Anschlusskabel an den Empf\u00e4nger und Fernempf\u00e4nger<\/li>\n<li>Dauer der Batterien: ca. 40 Stunden<\/li>\n<li>Art. 60871 &#8211; 2 Klammern (Ersatzteil)<\/li>\n<li>Art. 60872 &#8211; 2 Haftmagneten (Ersatzteil)<\/li>\n<\/ul>\n","protected":false},"excerpt":{"rendered":"<p>Kann sowohl f\u00fcr rote als auch f\u00fcr gr\u00fcne Laser verwendet werden <br \/>Erm\u00f6glicht die Steuerung der Nivellierung auf Erdbewegungsmaschinen <br \/>Empf\u00e4ngt das Signal aller roten Rotationslaser <br \/>L\u00e4nge des Empfangsger\u00e4ts 25 cm und 360\u00b0-Empfang <br \/>Die LEDs empfangen den Laserstrahl <br \/>Mit Klemmschrauben<br \/>\n Ausgestattet mit Halterungen mit Schraub- oder Magnetbefestigung zur Befestigung des Ger\u00e4tes am Baggerarm <br \/>Doppelte Genauigkeit, einstellbar <br \/>Schutzart IP 66 <br \/>Fern-Empf\u00e4nger <br \/>Ausgestattet mit Ladeger\u00e4t 220 V, Kabel f\u00fcr Fahrzeug-Batterie 12 V, Anschlusskabel an den Empf\u00e4nger und Fernempf\u00e4nger <br \/>Dauer der Batterien: ca. 40 Stunden <br \/>Art. 60871 &#8211; 2 Klammern (Ersatzteil) <br \/>Art. 60872 &#8211; 2 Haftmagneten (Ersatzteil) <\/p>\n","protected":false},"featured_media":156915,"template":"","meta":[],"product_cat":[516,519],"product_tag":[],"class_list":{"0":"post-156924","1":"product","2":"type-product","3":"status-publish","4":"has-post-thumbnail","6":"product_cat-laser-und-warmebildkameras","7":"product_cat-zubehore-fur-laser","9":"first","10":"instock","11":"sold-individually","12":"product-type-simple"},"yoast_head":"<title>Empf\u00c4nger F\u00dcr Baumaschinen - Metrica<\/title>\n<meta name=\"robots\" content=\"index, follow, max-snippet:-1, max-image-preview:large, max-video-preview:-1\" \/>\n<link rel=\"canonical\" href=\"https:\/\/www.metrica.it\/de\/produkt\/empfanger-fur-baumaschinen\/\" \/>\n<meta property=\"og:locale\" content=\"de_DE\" \/>\n<meta property=\"og:type\" content=\"article\" \/>\n<meta property=\"og:title\" content=\"Empf\u00c4nger F\u00dcr Baumaschinen - Metrica\" \/>\n<meta property=\"og:description\" content=\"Kann sowohl f\u00fcr rote als auch f\u00fcr gr\u00fcne Laser verwendet werden Erm\u00f6glicht die Steuerung der Nivellierung auf Erdbewegungsmaschinen Empf\u00e4ngt das Signal aller roten Rotationslaser L\u00e4nge des Empfangsger\u00e4ts 25 cm und 360\u00b0-Empfang Die LEDs empfangen den Laserstrahl Mit Klemmschrauben Ausgestattet mit Halterungen mit Schraub- oder Magnetbefestigung zur Befestigung des Ger\u00e4tes am Baggerarm Doppelte Genauigkeit, einstellbar Schutzart IP 66 Fern-Empf\u00e4nger Ausgestattet mit Ladeger\u00e4t 220 V, Kabel f\u00fcr Fahrzeug-Batterie 12 V, Anschlusskabel an den Empf\u00e4nger und Fernempf\u00e4nger Dauer der Batterien: ca. 40 Stunden Art. 60871 - 2 Klammern (Ersatzteil) Art. 60872 - 2 Haftmagneten (Ersatzteil)\" \/>\n<meta property=\"og:url\" content=\"https:\/\/www.metrica.it\/de\/produkt\/empfanger-fur-baumaschinen\/\" \/>\n<meta property=\"og:site_name\" content=\"Metrica\" \/>\n<meta property=\"article:modified_time\" content=\"2025-02-09T13:19:51+00:00\" \/>\n<meta property=\"og:image\" content=\"https:\/\/www.metrica.it\/wp-content\/uploads\/2025\/02\/60895.jpg\" \/>\n\t<meta property=\"og:image:width\" content=\"660\" \/>\n\t<meta property=\"og:image:height\" content=\"660\" \/>\n\t<meta property=\"og:image:type\" content=\"image\/jpeg\" \/>\n<meta name=\"twitter:card\" content=\"summary_large_image\" \/>\n<script type=\"application\/ld+json\" class=\"yoast-schema-graph\">{\"@context\":\"https:\\\/\\\/schema.org\",\"@graph\":[{\"@type\":\"WebPage\",\"@id\":\"https:\\\/\\\/www.metrica.it\\\/de\\\/produkt\\\/empfanger-fur-baumaschinen\\\/\",\"url\":\"https:\\\/\\\/www.metrica.it\\\/de\\\/produkt\\\/empfanger-fur-baumaschinen\\\/\",\"name\":\"Empf\u00c4nger F\u00dcr Baumaschinen - Metrica\",\"isPartOf\":{\"@id\":\"https:\\\/\\\/www.metrica.it\\\/de\\\/#website\"},\"primaryImageOfPage\":{\"@id\":\"https:\\\/\\\/www.metrica.it\\\/de\\\/produkt\\\/empfanger-fur-baumaschinen\\\/#primaryimage\"},\"image\":{\"@id\":\"https:\\\/\\\/www.metrica.it\\\/de\\\/produkt\\\/empfanger-fur-baumaschinen\\\/#primaryimage\"},\"thumbnailUrl\":\"https:\\\/\\\/www.metrica.it\\\/wp-content\\\/uploads\\\/2025\\\/02\\\/60895.jpg\",\"datePublished\":\"2025-02-09T13:19:10+00:00\",\"dateModified\":\"2025-02-09T13:19:51+00:00\",\"breadcrumb\":{\"@id\":\"https:\\\/\\\/www.metrica.it\\\/de\\\/produkt\\\/empfanger-fur-baumaschinen\\\/#breadcrumb\"},\"inLanguage\":\"de\",\"potentialAction\":[{\"@type\":\"ReadAction\",\"target\":[\"https:\\\/\\\/www.metrica.it\\\/de\\\/produkt\\\/empfanger-fur-baumaschinen\\\/\"]}]},{\"@type\":\"ImageObject\",\"inLanguage\":\"de\",\"@id\":\"https:\\\/\\\/www.metrica.it\\\/de\\\/produkt\\\/empfanger-fur-baumaschinen\\\/#primaryimage\",\"url\":\"https:\\\/\\\/www.metrica.it\\\/wp-content\\\/uploads\\\/2025\\\/02\\\/60895.jpg\",\"contentUrl\":\"https:\\\/\\\/www.metrica.it\\\/wp-content\\\/uploads\\\/2025\\\/02\\\/60895.jpg\",\"width\":660,\"height\":660},{\"@type\":\"BreadcrumbList\",\"@id\":\"https:\\\/\\\/www.metrica.it\\\/de\\\/produkt\\\/empfanger-fur-baumaschinen\\\/#breadcrumb\",\"itemListElement\":[{\"@type\":\"ListItem\",\"position\":1,\"name\":\"Home\",\"item\":\"https:\\\/\\\/www.metrica.it\\\/de\\\/\"},{\"@type\":\"ListItem\",\"position\":2,\"name\":\"Katalog\",\"item\":\"https:\\\/\\\/www.metrica.it\\\/de\\\/katalog\\\/\"},{\"@type\":\"ListItem\",\"position\":3,\"name\":\"Empf\u00c4nger F\u00dcr Baumaschinen\"}]},{\"@type\":\"WebSite\",\"@id\":\"https:\\\/\\\/www.metrica.it\\\/de\\\/#website\",\"url\":\"https:\\\/\\\/www.metrica.it\\\/de\\\/\",\"name\":\"Metrica\",\"description\":\"Made to measure\",\"potentialAction\":[{\"@type\":\"SearchAction\",\"target\":{\"@type\":\"EntryPoint\",\"urlTemplate\":\"https:\\\/\\\/www.metrica.it\\\/de\\\/?s={search_term_string}\"},\"query-input\":{\"@type\":\"PropertyValueSpecification\",\"valueRequired\":true,\"valueName\":\"search_term_string\"}}],\"inLanguage\":\"de\"}]}<\/script>","yoast_head_json":{"title":"Empf\u00c4nger F\u00dcr Baumaschinen - Metrica","robots":{"index":"index","follow":"follow","max-snippet":"max-snippet:-1","max-image-preview":"max-image-preview:large","max-video-preview":"max-video-preview:-1"},"canonical":"https:\/\/www.metrica.it\/de\/produkt\/empfanger-fur-baumaschinen\/","og_locale":"de_DE","og_type":"article","og_title":"Empf\u00c4nger F\u00dcr Baumaschinen - Metrica","og_description":"Kann sowohl f\u00fcr rote als auch f\u00fcr gr\u00fcne Laser verwendet werden Erm\u00f6glicht die Steuerung der Nivellierung auf Erdbewegungsmaschinen Empf\u00e4ngt das Signal aller roten Rotationslaser L\u00e4nge des Empfangsger\u00e4ts 25 cm und 360\u00b0-Empfang Die LEDs empfangen den Laserstrahl Mit Klemmschrauben Ausgestattet mit Halterungen mit Schraub- oder Magnetbefestigung zur Befestigung des Ger\u00e4tes am Baggerarm Doppelte Genauigkeit, einstellbar Schutzart IP 66 Fern-Empf\u00e4nger Ausgestattet mit Ladeger\u00e4t 220 V, Kabel f\u00fcr Fahrzeug-Batterie 12 V, Anschlusskabel an den Empf\u00e4nger und Fernempf\u00e4nger Dauer der Batterien: ca. 40 Stunden Art. 60871 - 2 Klammern (Ersatzteil) Art. 60872 - 2 Haftmagneten (Ersatzteil)","og_url":"https:\/\/www.metrica.it\/de\/produkt\/empfanger-fur-baumaschinen\/","og_site_name":"Metrica","article_modified_time":"2025-02-09T13:19:51+00:00","og_image":[{"width":660,"height":660,"url":"https:\/\/www.metrica.it\/wp-content\/uploads\/2025\/02\/60895.jpg","type":"image\/jpeg"}],"twitter_card":"summary_large_image","schema":{"@context":"https:\/\/schema.org","@graph":[{"@type":"WebPage","@id":"https:\/\/www.metrica.it\/de\/produkt\/empfanger-fur-baumaschinen\/","url":"https:\/\/www.metrica.it\/de\/produkt\/empfanger-fur-baumaschinen\/","name":"Empf\u00c4nger F\u00dcr Baumaschinen - Metrica","isPartOf":{"@id":"https:\/\/www.metrica.it\/de\/#website"},"primaryImageOfPage":{"@id":"https:\/\/www.metrica.it\/de\/produkt\/empfanger-fur-baumaschinen\/#primaryimage"},"image":{"@id":"https:\/\/www.metrica.it\/de\/produkt\/empfanger-fur-baumaschinen\/#primaryimage"},"thumbnailUrl":"https:\/\/www.metrica.it\/wp-content\/uploads\/2025\/02\/60895.jpg","datePublished":"2025-02-09T13:19:10+00:00","dateModified":"2025-02-09T13:19:51+00:00","breadcrumb":{"@id":"https:\/\/www.metrica.it\/de\/produkt\/empfanger-fur-baumaschinen\/#breadcrumb"},"inLanguage":"de","potentialAction":[{"@type":"ReadAction","target":["https:\/\/www.metrica.it\/de\/produkt\/empfanger-fur-baumaschinen\/"]}]},{"@type":"ImageObject","inLanguage":"de","@id":"https:\/\/www.metrica.it\/de\/produkt\/empfanger-fur-baumaschinen\/#primaryimage","url":"https:\/\/www.metrica.it\/wp-content\/uploads\/2025\/02\/60895.jpg","contentUrl":"https:\/\/www.metrica.it\/wp-content\/uploads\/2025\/02\/60895.jpg","width":660,"height":660},{"@type":"BreadcrumbList","@id":"https:\/\/www.metrica.it\/de\/produkt\/empfanger-fur-baumaschinen\/#breadcrumb","itemListElement":[{"@type":"ListItem","position":1,"name":"Home","item":"https:\/\/www.metrica.it\/de\/"},{"@type":"ListItem","position":2,"name":"Katalog","item":"https:\/\/www.metrica.it\/de\/katalog\/"},{"@type":"ListItem","position":3,"name":"Empf\u00c4nger F\u00dcr Baumaschinen"}]},{"@type":"WebSite","@id":"https:\/\/www.metrica.it\/de\/#website","url":"https:\/\/www.metrica.it\/de\/","name":"Metrica","description":"Made to measure","potentialAction":[{"@type":"SearchAction","target":{"@type":"EntryPoint","urlTemplate":"https:\/\/www.metrica.it\/de\/?s={search_term_string}"},"query-input":{"@type":"PropertyValueSpecification","valueRequired":true,"valueName":"search_term_string"}}],"inLanguage":"de"}]}},"meta_box":{"awr_documentation":[{"filesize":1430386,"ID":"244874","name":"60895.pdf","path":"\/var\/www\/html\/wp-content\/uploads\/2025\/02\/60895.pdf","url":"https:\/\/www.metrica.it\/wp-content\/uploads\/2025\/02\/60895.pdf","title":"60895"}],"awr_manuale":[],"awr_scheda_tecnica":"<table>\n<tr>\n<td>Genauigkeit, fein<\/td>\n<td>\u00f7 2 mm \/\u00f7 10 mm<\/td>\n<\/tr>\n<tr>\n<td>Genauigkeit, grob<\/td>\n<td>\u00f7 5 mm \/\u00f7 23 mm<\/td>\n<\/tr>\n<tr>\n<td>Batterien<\/td>\n<td>7,2 V NiMh\/2500 mAh, Ladeger\u00e4t<\/td>\n<\/tr>\n<tr>\n<td>Autonomie<\/td>\n<td>ca. 40 stunden<\/td>\n<\/tr>\n<tr>\n<td>Ladezeit<\/td>\n<td>ca. 15 stunden<\/td>\n<\/tr>\n<tr>\n<td>Abmessungen<\/td>\n<td>376 x 180 x 60 mm<\/td>\n<\/tr>\n<tr>\n<td>Arbeitstemperatur<\/td>\n<td>-20 \u00b0C \/ +50 \u00b0C<\/td>\n<\/tr>\n<tr>\n<td>Gewicht (ohne Batterien)<\/td>\n<td>3,10 Kg<\/td>\n<\/tr>\n<tr>\n<td>Wasserschutz<\/td>\n<td>IP 66<\/td>\n<\/tr>\n<\/table>\n","awr_youtube_video":"","awr_classe_prodotto":"","awr_customize_product":"0","awr_custom_image":false,"awr_related_products":[{"awr_product_references":"ref:60895|ean:8001066608959|pack:1"}],"awr_consumabili":"","awr_alternativi":"61385,61386,61350,61395,61345","awr_aliases":"60895","awr_skuid":"60895-it"},"_links":{"self":[{"href":"https:\/\/www.metrica.it\/de\/wp-json\/wp\/v2\/product\/156924","targetHints":{"allow":["GET"]}}],"collection":[{"href":"https:\/\/www.metrica.it\/de\/wp-json\/wp\/v2\/product"}],"about":[{"href":"https:\/\/www.metrica.it\/de\/wp-json\/wp\/v2\/types\/product"}],"wp:featuredmedia":[{"embeddable":true,"href":"https:\/\/www.metrica.it\/de\/wp-json\/wp\/v2\/media\/156915"}],"wp:attachment":[{"href":"https:\/\/www.metrica.it\/de\/wp-json\/wp\/v2\/media?parent=156924"}],"wp:term":[{"taxonomy":"product_cat","embeddable":true,"href":"https:\/\/www.metrica.it\/de\/wp-json\/wp\/v2\/product_cat?post=156924"},{"taxonomy":"product_tag","embeddable":true,"href":"https:\/\/www.metrica.it\/de\/wp-json\/wp\/v2\/product_tag?post=156924"}],"curies":[{"name":"wp","href":"https:\/\/api.w.org\/{rel}","templated":true}]}}