{"id":157351,"date":"2025-02-23T12:08:54","date_gmt":"2025-02-23T11:08:54","guid":{"rendered":"https:\/\/www.metrica.it\/prodotto\/flir-one-edge-edge-pro-3\/"},"modified":"2025-02-23T12:09:09","modified_gmt":"2025-02-23T11:09:09","slug":"flir-one-edge-edge-pro-3","status":"publish","type":"product","link":"https:\/\/www.metrica.it\/de\/produkt\/flir-one-edge-edge-pro-3\/","title":{"rendered":"FLIR ONE EDGE \/ EDGE PRO"},"content":{"rendered":"<ul>\n<li>W\u00e4rmebildkameras mit drahtloser Verbindung f\u00fcr mobile Ger\u00e4te<\/li>\n<li>Aufl\u00f6sung des W\u00e4rmebildes 160 x 120 (19.200 Pixel) bei der EDGE PRO (ref. 60378) und 80 x 60 (4.800) bei der EDGE (ref. 60370)<\/li>\n<li>Messung von Temperaturen bis 400 \u00b0C (EDGE PRO) und 120 \u00b0C (EDGE)<\/li>\n<li>Robustes Design mit einer Batterielebensdauer von bis zu 1 Stunde und 30 Minuten.<\/li>\n<li>MSX\u00ae-Funktion<\/li>\n<li>Automatische Erkennung der hei\u00dfesten, k\u00e4ltesten und drei einstellbaren Punkten.<\/li>\n<li>Identifizierung und Lokalisierung von Feuchtigkeitsintrusionen und Isolationsfehlern.<\/li>\n<li>Diagnose von Problemen bei HLK\/R-Inspektionen<\/li>\n<li>Identifikation von Anomalien in elektrischen und mechanischen Komponenten<\/li>\n<li>FLIR EDGE &#8211; (ref. 60370)<\/li>\n<li>FLIR EDGE PRO &#8211; ref. 60378 <\/li>\n<\/ul>\n","protected":false},"excerpt":{"rendered":"<p>W\u00e4rmebildkameras mit drahtloser Verbindung f\u00fcr mobile Ger\u00e4te <br \/>Aufl\u00f6sung des W\u00e4rmebildes 160 x 120 (19.200 Pixel) bei der EDGE PRO (ref. 60378) und 80 x 60 (4.800) bei der EDGE (ref. 60370) <br \/>Messung von Temperaturen bis 400 \u00b0C (EDGE PRO) und 120 \u00b0C (EDGE) <br \/>Robustes Design mit einer Batterielebensdauer von bis zu 1 Stunde und 30 Minuten. <br \/>MSX\u00ae-Funktion <br \/>Automatische Erkennung der hei\u00dfesten, k\u00e4ltesten und drei einstellbaren Punkten. <br \/>Identifizierung und Lokalisierung von Feuchtigkeitsintrusionen und Isolationsfehlern. <br \/>Diagnose von Problemen bei HLK\/R-Inspektionen <br \/>Identifikation von Anomalien in elektrischen und mechanischen Komponenten <br \/>FLIR EDGE &#8211; (ref. 60370) <br \/>FLIR EDGE PRO &#8211; ref. 60378 <\/p>\n","protected":false},"featured_media":157346,"template":"","meta":[],"product_cat":[516,543],"product_tag":[],"class_list":{"0":"post-157351","1":"product","2":"type-product","3":"status-publish","4":"has-post-thumbnail","6":"product_cat-laser-und-warmebildkameras","7":"product_cat-warmebildkameras","9":"first","10":"instock","11":"sold-individually","12":"product-type-simple"},"yoast_head":"<title>FLIR ONE EDGE \/ EDGE PRO - Metrica<\/title>\n<meta name=\"robots\" content=\"index, follow, max-snippet:-1, max-image-preview:large, max-video-preview:-1\" \/>\n<link rel=\"canonical\" href=\"https:\/\/www.metrica.it\/de\/produkt\/flir-one-edge-edge-pro-3\/\" \/>\n<meta property=\"og:locale\" content=\"de_DE\" \/>\n<meta property=\"og:type\" content=\"article\" \/>\n<meta property=\"og:title\" content=\"FLIR ONE EDGE \/ EDGE PRO - Metrica\" \/>\n<meta property=\"og:description\" content=\"W\u00e4rmebildkameras mit drahtloser Verbindung f\u00fcr mobile Ger\u00e4te Aufl\u00f6sung des W\u00e4rmebildes 160 x 120 (19.200 Pixel) bei der EDGE PRO (ref. 60378) und 80 x 60 (4.800) bei der EDGE (ref. 60370) Messung von Temperaturen bis 400 \u00b0C (EDGE PRO) und 120 \u00b0C (EDGE) Robustes Design mit einer Batterielebensdauer von bis zu 1 Stunde und 30 Minuten. MSX\u00ae-Funktion Automatische Erkennung der hei\u00dfesten, k\u00e4ltesten und drei einstellbaren Punkten. Identifizierung und Lokalisierung von Feuchtigkeitsintrusionen und Isolationsfehlern. Diagnose von Problemen bei HLK\/R-Inspektionen Identifikation von Anomalien in elektrischen und mechanischen Komponenten FLIR EDGE - (ref. 60370) FLIR EDGE PRO - ref. 60378\" \/>\n<meta property=\"og:url\" content=\"https:\/\/www.metrica.it\/de\/produkt\/flir-one-edge-edge-pro-3\/\" \/>\n<meta property=\"og:site_name\" content=\"Metrica\" \/>\n<meta property=\"article:modified_time\" content=\"2025-02-23T11:09:09+00:00\" \/>\n<meta property=\"og:image\" content=\"https:\/\/www.metrica.it\/wp-content\/uploads\/2025\/02\/60370.jpg\" \/>\n\t<meta property=\"og:image:width\" content=\"1200\" \/>\n\t<meta property=\"og:image:height\" content=\"1200\" \/>\n\t<meta property=\"og:image:type\" content=\"image\/jpeg\" \/>\n<meta name=\"twitter:card\" content=\"summary_large_image\" \/>\n<script type=\"application\/ld+json\" class=\"yoast-schema-graph\">{\"@context\":\"https:\\\/\\\/schema.org\",\"@graph\":[{\"@type\":\"WebPage\",\"@id\":\"https:\\\/\\\/www.metrica.it\\\/de\\\/produkt\\\/flir-one-edge-edge-pro-3\\\/\",\"url\":\"https:\\\/\\\/www.metrica.it\\\/de\\\/produkt\\\/flir-one-edge-edge-pro-3\\\/\",\"name\":\"FLIR ONE EDGE \\\/ EDGE PRO - Metrica\",\"isPartOf\":{\"@id\":\"https:\\\/\\\/www.metrica.it\\\/de\\\/#website\"},\"primaryImageOfPage\":{\"@id\":\"https:\\\/\\\/www.metrica.it\\\/de\\\/produkt\\\/flir-one-edge-edge-pro-3\\\/#primaryimage\"},\"image\":{\"@id\":\"https:\\\/\\\/www.metrica.it\\\/de\\\/produkt\\\/flir-one-edge-edge-pro-3\\\/#primaryimage\"},\"thumbnailUrl\":\"https:\\\/\\\/www.metrica.it\\\/wp-content\\\/uploads\\\/2025\\\/02\\\/60370.jpg\",\"datePublished\":\"2025-02-23T11:08:54+00:00\",\"dateModified\":\"2025-02-23T11:09:09+00:00\",\"breadcrumb\":{\"@id\":\"https:\\\/\\\/www.metrica.it\\\/de\\\/produkt\\\/flir-one-edge-edge-pro-3\\\/#breadcrumb\"},\"inLanguage\":\"de\",\"potentialAction\":[{\"@type\":\"ReadAction\",\"target\":[\"https:\\\/\\\/www.metrica.it\\\/de\\\/produkt\\\/flir-one-edge-edge-pro-3\\\/\"]}]},{\"@type\":\"ImageObject\",\"inLanguage\":\"de\",\"@id\":\"https:\\\/\\\/www.metrica.it\\\/de\\\/produkt\\\/flir-one-edge-edge-pro-3\\\/#primaryimage\",\"url\":\"https:\\\/\\\/www.metrica.it\\\/wp-content\\\/uploads\\\/2025\\\/02\\\/60370.jpg\",\"contentUrl\":\"https:\\\/\\\/www.metrica.it\\\/wp-content\\\/uploads\\\/2025\\\/02\\\/60370.jpg\",\"width\":1200,\"height\":1200},{\"@type\":\"BreadcrumbList\",\"@id\":\"https:\\\/\\\/www.metrica.it\\\/de\\\/produkt\\\/flir-one-edge-edge-pro-3\\\/#breadcrumb\",\"itemListElement\":[{\"@type\":\"ListItem\",\"position\":1,\"name\":\"Home\",\"item\":\"https:\\\/\\\/www.metrica.it\\\/de\\\/\"},{\"@type\":\"ListItem\",\"position\":2,\"name\":\"Katalog\",\"item\":\"https:\\\/\\\/www.metrica.it\\\/de\\\/katalog\\\/\"},{\"@type\":\"ListItem\",\"position\":3,\"name\":\"FLIR ONE EDGE \\\/ EDGE PRO\"}]},{\"@type\":\"WebSite\",\"@id\":\"https:\\\/\\\/www.metrica.it\\\/de\\\/#website\",\"url\":\"https:\\\/\\\/www.metrica.it\\\/de\\\/\",\"name\":\"Metrica\",\"description\":\"Made to measure\",\"potentialAction\":[{\"@type\":\"SearchAction\",\"target\":{\"@type\":\"EntryPoint\",\"urlTemplate\":\"https:\\\/\\\/www.metrica.it\\\/de\\\/?s={search_term_string}\"},\"query-input\":{\"@type\":\"PropertyValueSpecification\",\"valueRequired\":true,\"valueName\":\"search_term_string\"}}],\"inLanguage\":\"de\"}]}<\/script>","yoast_head_json":{"title":"FLIR ONE EDGE \/ EDGE PRO - Metrica","robots":{"index":"index","follow":"follow","max-snippet":"max-snippet:-1","max-image-preview":"max-image-preview:large","max-video-preview":"max-video-preview:-1"},"canonical":"https:\/\/www.metrica.it\/de\/produkt\/flir-one-edge-edge-pro-3\/","og_locale":"de_DE","og_type":"article","og_title":"FLIR ONE EDGE \/ EDGE PRO - Metrica","og_description":"W\u00e4rmebildkameras mit drahtloser Verbindung f\u00fcr mobile Ger\u00e4te Aufl\u00f6sung des W\u00e4rmebildes 160 x 120 (19.200 Pixel) bei der EDGE PRO (ref. 60378) und 80 x 60 (4.800) bei der EDGE (ref. 60370) Messung von Temperaturen bis 400 \u00b0C (EDGE PRO) und 120 \u00b0C (EDGE) Robustes Design mit einer Batterielebensdauer von bis zu 1 Stunde und 30 Minuten. MSX\u00ae-Funktion Automatische Erkennung der hei\u00dfesten, k\u00e4ltesten und drei einstellbaren Punkten. Identifizierung und Lokalisierung von Feuchtigkeitsintrusionen und Isolationsfehlern. Diagnose von Problemen bei HLK\/R-Inspektionen Identifikation von Anomalien in elektrischen und mechanischen Komponenten FLIR EDGE - (ref. 60370) FLIR EDGE PRO - ref. 60378","og_url":"https:\/\/www.metrica.it\/de\/produkt\/flir-one-edge-edge-pro-3\/","og_site_name":"Metrica","article_modified_time":"2025-02-23T11:09:09+00:00","og_image":[{"width":1200,"height":1200,"url":"https:\/\/www.metrica.it\/wp-content\/uploads\/2025\/02\/60370.jpg","type":"image\/jpeg"}],"twitter_card":"summary_large_image","schema":{"@context":"https:\/\/schema.org","@graph":[{"@type":"WebPage","@id":"https:\/\/www.metrica.it\/de\/produkt\/flir-one-edge-edge-pro-3\/","url":"https:\/\/www.metrica.it\/de\/produkt\/flir-one-edge-edge-pro-3\/","name":"FLIR ONE EDGE \/ EDGE PRO - Metrica","isPartOf":{"@id":"https:\/\/www.metrica.it\/de\/#website"},"primaryImageOfPage":{"@id":"https:\/\/www.metrica.it\/de\/produkt\/flir-one-edge-edge-pro-3\/#primaryimage"},"image":{"@id":"https:\/\/www.metrica.it\/de\/produkt\/flir-one-edge-edge-pro-3\/#primaryimage"},"thumbnailUrl":"https:\/\/www.metrica.it\/wp-content\/uploads\/2025\/02\/60370.jpg","datePublished":"2025-02-23T11:08:54+00:00","dateModified":"2025-02-23T11:09:09+00:00","breadcrumb":{"@id":"https:\/\/www.metrica.it\/de\/produkt\/flir-one-edge-edge-pro-3\/#breadcrumb"},"inLanguage":"de","potentialAction":[{"@type":"ReadAction","target":["https:\/\/www.metrica.it\/de\/produkt\/flir-one-edge-edge-pro-3\/"]}]},{"@type":"ImageObject","inLanguage":"de","@id":"https:\/\/www.metrica.it\/de\/produkt\/flir-one-edge-edge-pro-3\/#primaryimage","url":"https:\/\/www.metrica.it\/wp-content\/uploads\/2025\/02\/60370.jpg","contentUrl":"https:\/\/www.metrica.it\/wp-content\/uploads\/2025\/02\/60370.jpg","width":1200,"height":1200},{"@type":"BreadcrumbList","@id":"https:\/\/www.metrica.it\/de\/produkt\/flir-one-edge-edge-pro-3\/#breadcrumb","itemListElement":[{"@type":"ListItem","position":1,"name":"Home","item":"https:\/\/www.metrica.it\/de\/"},{"@type":"ListItem","position":2,"name":"Katalog","item":"https:\/\/www.metrica.it\/de\/katalog\/"},{"@type":"ListItem","position":3,"name":"FLIR ONE EDGE \/ EDGE PRO"}]},{"@type":"WebSite","@id":"https:\/\/www.metrica.it\/de\/#website","url":"https:\/\/www.metrica.it\/de\/","name":"Metrica","description":"Made to measure","potentialAction":[{"@type":"SearchAction","target":{"@type":"EntryPoint","urlTemplate":"https:\/\/www.metrica.it\/de\/?s={search_term_string}"},"query-input":{"@type":"PropertyValueSpecification","valueRequired":true,"valueName":"search_term_string"}}],"inLanguage":"de"}]}},"meta_box":{"awr_documentation":[],"awr_manuale":[],"awr_scheda_tecnica":"","awr_youtube_video":"","awr_classe_prodotto":"","awr_customize_product":"0","awr_custom_image":false,"awr_related_products":[{"awr_product_references":"ref:60370|ean:8001066603701|pack:1"},{"awr_product_references":"ref:60378|ean:8001066603787|pack:1"},{"awr_product_references":"ref:60379|ean:8001066603794|pack:1"}],"awr_consumabili":"","awr_alternativi":"","awr_aliases":"60370,60378,60379","awr_skuid":"60370-it"},"_links":{"self":[{"href":"https:\/\/www.metrica.it\/de\/wp-json\/wp\/v2\/product\/157351","targetHints":{"allow":["GET"]}}],"collection":[{"href":"https:\/\/www.metrica.it\/de\/wp-json\/wp\/v2\/product"}],"about":[{"href":"https:\/\/www.metrica.it\/de\/wp-json\/wp\/v2\/types\/product"}],"wp:featuredmedia":[{"embeddable":true,"href":"https:\/\/www.metrica.it\/de\/wp-json\/wp\/v2\/media\/157346"}],"wp:attachment":[{"href":"https:\/\/www.metrica.it\/de\/wp-json\/wp\/v2\/media?parent=157351"}],"wp:term":[{"taxonomy":"product_cat","embeddable":true,"href":"https:\/\/www.metrica.it\/de\/wp-json\/wp\/v2\/product_cat?post=157351"},{"taxonomy":"product_tag","embeddable":true,"href":"https:\/\/www.metrica.it\/de\/wp-json\/wp\/v2\/product_tag?post=157351"}],"curies":[{"name":"wp","href":"https:\/\/api.w.org\/{rel}","templated":true}]}}