{"id":157365,"date":"2025-02-23T12:09:28","date_gmt":"2025-02-23T11:09:28","guid":{"rendered":"https:\/\/www.metrica.it\/prodotto\/warmebildkamera-flir-tg297\/"},"modified":"2025-02-23T12:09:36","modified_gmt":"2025-02-23T11:09:36","slug":"warmebildkamera-flir-tg297","status":"publish","type":"product","link":"https:\/\/www.metrica.it\/de\/produkt\/warmebildkamera-flir-tg297\/","title":{"rendered":"W\u00c4RMEBILDKAMERA FLIR TG297"},"content":{"rendered":"<ul>\n<li>Industrielle Diagnostik mit pr\u00e4ziser Temperaturmessung und der M\u00f6glichkeit, Bilder von Temperaturen bis zu 1030 \u00b0C aufzunehmen<\/li>\n<li>Ideal f\u00fcr industrielle Hochtemperaturanwendungen wie die W\u00e4rmemessung in Glas\u00f6fen, Trocken\u00f6fen und Schmieden. <\/li>\n<li>Sie k\u00f6nnen Probleme bei extrem hei\u00dfen Objektiven schneller diagnostizieren, indem Sie den Hochtemperaturfilter auf dem Objektiv verwenden, um ein detailliertes Bild zu erstellen.<\/li>\n<li>MSX-Funktionalit\u00e4t und Bluetooth<\/li>\n<li>IR-Kamera 160 x 120 (19.200 Pixel).<\/li>\n<li>Automatische Anpassung des Bildes<\/li>\n<li>IP54<\/li>\n<li>Speicher: 4 GB<\/li>\n<li>LED-Lampe und Laserpointer mit Ochsenauge<\/li>\n<li>Wiederaufladbarer Lithium-Ionen-Akku<\/li>\n<li>Widerstandsf\u00e4hig gegen St\u00fcrze aus 2 m H\u00f6he<\/li>\n<\/ul>\n","protected":false},"excerpt":{"rendered":"<p>Industrielle Diagnostik mit pr\u00e4ziser Temperaturmessung und der M\u00f6glichkeit, Bilder von Temperaturen bis zu 1030 \u00b0C aufzunehmen <br \/>Ideal f\u00fcr industrielle Hochtemperaturanwendungen wie die W\u00e4rmemessung in Glas\u00f6fen, Trocken\u00f6fen und Schmieden. <br \/>Sie k\u00f6nnen Probleme bei extrem hei\u00dfen Objektiven schneller diagnostizieren, indem Sie den Hochtemperaturfilter auf dem Objektiv verwenden, um ein detailliertes Bild zu erstellen. <br \/>MSX-Funktionalit\u00e4t und Bluetooth <br \/>IR-Kamera 160 x 120 (19.200 Pixel). <br \/>Automatische Anpassung des Bildes <br \/>IP54 <br \/>Speicher: 4 GB <br \/>LED-Lampe und Laserpointer mit Ochsenauge <br \/>Wiederaufladbarer Lithium-Ionen-Akku <br \/>Widerstandsf\u00e4hig gegen St\u00fcrze aus 2 m H\u00f6he <\/p>\n","protected":false},"featured_media":157362,"template":"","meta":[],"product_cat":[516,543],"product_tag":[],"class_list":{"0":"post-157365","1":"product","2":"type-product","3":"status-publish","4":"has-post-thumbnail","6":"product_cat-laser-und-warmebildkameras","7":"product_cat-warmebildkameras","9":"first","10":"instock","11":"sold-individually","12":"product-type-simple"},"yoast_head":"<title>W\u00c4RMEBILDKAMERA FLIR TG297 - Metrica<\/title>\n<meta name=\"robots\" content=\"index, follow, max-snippet:-1, max-image-preview:large, max-video-preview:-1\" \/>\n<link rel=\"canonical\" href=\"https:\/\/www.metrica.it\/de\/produkt\/warmebildkamera-flir-tg297\/\" \/>\n<meta property=\"og:locale\" content=\"de_DE\" \/>\n<meta property=\"og:type\" content=\"article\" \/>\n<meta property=\"og:title\" content=\"W\u00c4RMEBILDKAMERA FLIR TG297 - Metrica\" \/>\n<meta property=\"og:description\" content=\"Industrielle Diagnostik mit pr\u00e4ziser Temperaturmessung und der M\u00f6glichkeit, Bilder von Temperaturen bis zu 1030 \u00b0C aufzunehmen Ideal f\u00fcr industrielle Hochtemperaturanwendungen wie die W\u00e4rmemessung in Glas\u00f6fen, Trocken\u00f6fen und Schmieden. Sie k\u00f6nnen Probleme bei extrem hei\u00dfen Objektiven schneller diagnostizieren, indem Sie den Hochtemperaturfilter auf dem Objektiv verwenden, um ein detailliertes Bild zu erstellen. MSX-Funktionalit\u00e4t und Bluetooth IR-Kamera 160 x 120 (19.200 Pixel). Automatische Anpassung des Bildes IP54 Speicher: 4 GB LED-Lampe und Laserpointer mit Ochsenauge Wiederaufladbarer Lithium-Ionen-Akku Widerstandsf\u00e4hig gegen St\u00fcrze aus 2 m H\u00f6he\" \/>\n<meta property=\"og:url\" content=\"https:\/\/www.metrica.it\/de\/produkt\/warmebildkamera-flir-tg297\/\" \/>\n<meta property=\"og:site_name\" content=\"Metrica\" \/>\n<meta property=\"article:modified_time\" content=\"2025-02-23T11:09:36+00:00\" \/>\n<meta property=\"og:image\" content=\"https:\/\/www.metrica.it\/wp-content\/uploads\/2025\/02\/60376.jpg\" \/>\n\t<meta property=\"og:image:width\" content=\"1200\" \/>\n\t<meta property=\"og:image:height\" content=\"1200\" \/>\n\t<meta property=\"og:image:type\" content=\"image\/jpeg\" \/>\n<meta name=\"twitter:card\" content=\"summary_large_image\" \/>\n<script type=\"application\/ld+json\" class=\"yoast-schema-graph\">{\"@context\":\"https:\\\/\\\/schema.org\",\"@graph\":[{\"@type\":\"WebPage\",\"@id\":\"https:\\\/\\\/www.metrica.it\\\/de\\\/produkt\\\/warmebildkamera-flir-tg297\\\/\",\"url\":\"https:\\\/\\\/www.metrica.it\\\/de\\\/produkt\\\/warmebildkamera-flir-tg297\\\/\",\"name\":\"W\u00c4RMEBILDKAMERA FLIR TG297 - Metrica\",\"isPartOf\":{\"@id\":\"https:\\\/\\\/www.metrica.it\\\/de\\\/#website\"},\"primaryImageOfPage\":{\"@id\":\"https:\\\/\\\/www.metrica.it\\\/de\\\/produkt\\\/warmebildkamera-flir-tg297\\\/#primaryimage\"},\"image\":{\"@id\":\"https:\\\/\\\/www.metrica.it\\\/de\\\/produkt\\\/warmebildkamera-flir-tg297\\\/#primaryimage\"},\"thumbnailUrl\":\"https:\\\/\\\/www.metrica.it\\\/wp-content\\\/uploads\\\/2025\\\/02\\\/60376.jpg\",\"datePublished\":\"2025-02-23T11:09:28+00:00\",\"dateModified\":\"2025-02-23T11:09:36+00:00\",\"breadcrumb\":{\"@id\":\"https:\\\/\\\/www.metrica.it\\\/de\\\/produkt\\\/warmebildkamera-flir-tg297\\\/#breadcrumb\"},\"inLanguage\":\"de\",\"potentialAction\":[{\"@type\":\"ReadAction\",\"target\":[\"https:\\\/\\\/www.metrica.it\\\/de\\\/produkt\\\/warmebildkamera-flir-tg297\\\/\"]}]},{\"@type\":\"ImageObject\",\"inLanguage\":\"de\",\"@id\":\"https:\\\/\\\/www.metrica.it\\\/de\\\/produkt\\\/warmebildkamera-flir-tg297\\\/#primaryimage\",\"url\":\"https:\\\/\\\/www.metrica.it\\\/wp-content\\\/uploads\\\/2025\\\/02\\\/60376.jpg\",\"contentUrl\":\"https:\\\/\\\/www.metrica.it\\\/wp-content\\\/uploads\\\/2025\\\/02\\\/60376.jpg\",\"width\":1200,\"height\":1200},{\"@type\":\"BreadcrumbList\",\"@id\":\"https:\\\/\\\/www.metrica.it\\\/de\\\/produkt\\\/warmebildkamera-flir-tg297\\\/#breadcrumb\",\"itemListElement\":[{\"@type\":\"ListItem\",\"position\":1,\"name\":\"Home\",\"item\":\"https:\\\/\\\/www.metrica.it\\\/de\\\/\"},{\"@type\":\"ListItem\",\"position\":2,\"name\":\"Katalog\",\"item\":\"https:\\\/\\\/www.metrica.it\\\/de\\\/katalog\\\/\"},{\"@type\":\"ListItem\",\"position\":3,\"name\":\"W\u00c4RMEBILDKAMERA FLIR TG297\"}]},{\"@type\":\"WebSite\",\"@id\":\"https:\\\/\\\/www.metrica.it\\\/de\\\/#website\",\"url\":\"https:\\\/\\\/www.metrica.it\\\/de\\\/\",\"name\":\"Metrica\",\"description\":\"Made to measure\",\"potentialAction\":[{\"@type\":\"SearchAction\",\"target\":{\"@type\":\"EntryPoint\",\"urlTemplate\":\"https:\\\/\\\/www.metrica.it\\\/de\\\/?s={search_term_string}\"},\"query-input\":{\"@type\":\"PropertyValueSpecification\",\"valueRequired\":true,\"valueName\":\"search_term_string\"}}],\"inLanguage\":\"de\"}]}<\/script>","yoast_head_json":{"title":"W\u00c4RMEBILDKAMERA FLIR TG297 - Metrica","robots":{"index":"index","follow":"follow","max-snippet":"max-snippet:-1","max-image-preview":"max-image-preview:large","max-video-preview":"max-video-preview:-1"},"canonical":"https:\/\/www.metrica.it\/de\/produkt\/warmebildkamera-flir-tg297\/","og_locale":"de_DE","og_type":"article","og_title":"W\u00c4RMEBILDKAMERA FLIR TG297 - Metrica","og_description":"Industrielle Diagnostik mit pr\u00e4ziser Temperaturmessung und der M\u00f6glichkeit, Bilder von Temperaturen bis zu 1030 \u00b0C aufzunehmen Ideal f\u00fcr industrielle Hochtemperaturanwendungen wie die W\u00e4rmemessung in Glas\u00f6fen, Trocken\u00f6fen und Schmieden. Sie k\u00f6nnen Probleme bei extrem hei\u00dfen Objektiven schneller diagnostizieren, indem Sie den Hochtemperaturfilter auf dem Objektiv verwenden, um ein detailliertes Bild zu erstellen. MSX-Funktionalit\u00e4t und Bluetooth IR-Kamera 160 x 120 (19.200 Pixel). Automatische Anpassung des Bildes IP54 Speicher: 4 GB LED-Lampe und Laserpointer mit Ochsenauge Wiederaufladbarer Lithium-Ionen-Akku Widerstandsf\u00e4hig gegen St\u00fcrze aus 2 m H\u00f6he","og_url":"https:\/\/www.metrica.it\/de\/produkt\/warmebildkamera-flir-tg297\/","og_site_name":"Metrica","article_modified_time":"2025-02-23T11:09:36+00:00","og_image":[{"width":1200,"height":1200,"url":"https:\/\/www.metrica.it\/wp-content\/uploads\/2025\/02\/60376.jpg","type":"image\/jpeg"}],"twitter_card":"summary_large_image","schema":{"@context":"https:\/\/schema.org","@graph":[{"@type":"WebPage","@id":"https:\/\/www.metrica.it\/de\/produkt\/warmebildkamera-flir-tg297\/","url":"https:\/\/www.metrica.it\/de\/produkt\/warmebildkamera-flir-tg297\/","name":"W\u00c4RMEBILDKAMERA FLIR TG297 - Metrica","isPartOf":{"@id":"https:\/\/www.metrica.it\/de\/#website"},"primaryImageOfPage":{"@id":"https:\/\/www.metrica.it\/de\/produkt\/warmebildkamera-flir-tg297\/#primaryimage"},"image":{"@id":"https:\/\/www.metrica.it\/de\/produkt\/warmebildkamera-flir-tg297\/#primaryimage"},"thumbnailUrl":"https:\/\/www.metrica.it\/wp-content\/uploads\/2025\/02\/60376.jpg","datePublished":"2025-02-23T11:09:28+00:00","dateModified":"2025-02-23T11:09:36+00:00","breadcrumb":{"@id":"https:\/\/www.metrica.it\/de\/produkt\/warmebildkamera-flir-tg297\/#breadcrumb"},"inLanguage":"de","potentialAction":[{"@type":"ReadAction","target":["https:\/\/www.metrica.it\/de\/produkt\/warmebildkamera-flir-tg297\/"]}]},{"@type":"ImageObject","inLanguage":"de","@id":"https:\/\/www.metrica.it\/de\/produkt\/warmebildkamera-flir-tg297\/#primaryimage","url":"https:\/\/www.metrica.it\/wp-content\/uploads\/2025\/02\/60376.jpg","contentUrl":"https:\/\/www.metrica.it\/wp-content\/uploads\/2025\/02\/60376.jpg","width":1200,"height":1200},{"@type":"BreadcrumbList","@id":"https:\/\/www.metrica.it\/de\/produkt\/warmebildkamera-flir-tg297\/#breadcrumb","itemListElement":[{"@type":"ListItem","position":1,"name":"Home","item":"https:\/\/www.metrica.it\/de\/"},{"@type":"ListItem","position":2,"name":"Katalog","item":"https:\/\/www.metrica.it\/de\/katalog\/"},{"@type":"ListItem","position":3,"name":"W\u00c4RMEBILDKAMERA FLIR TG297"}]},{"@type":"WebSite","@id":"https:\/\/www.metrica.it\/de\/#website","url":"https:\/\/www.metrica.it\/de\/","name":"Metrica","description":"Made to measure","potentialAction":[{"@type":"SearchAction","target":{"@type":"EntryPoint","urlTemplate":"https:\/\/www.metrica.it\/de\/?s={search_term_string}"},"query-input":{"@type":"PropertyValueSpecification","valueRequired":true,"valueName":"search_term_string"}}],"inLanguage":"de"}]}},"meta_box":{"awr_documentation":[],"awr_manuale":[],"awr_scheda_tecnica":"","awr_youtube_video":"","awr_classe_prodotto":"","awr_customize_product":"0","awr_custom_image":false,"awr_related_products":[{"awr_product_references":"ref:60376|ean:8001066603763|pack:1"}],"awr_consumabili":"","awr_alternativi":"","awr_aliases":"60376","awr_skuid":"60376-it"},"_links":{"self":[{"href":"https:\/\/www.metrica.it\/de\/wp-json\/wp\/v2\/product\/157365","targetHints":{"allow":["GET"]}}],"collection":[{"href":"https:\/\/www.metrica.it\/de\/wp-json\/wp\/v2\/product"}],"about":[{"href":"https:\/\/www.metrica.it\/de\/wp-json\/wp\/v2\/types\/product"}],"wp:featuredmedia":[{"embeddable":true,"href":"https:\/\/www.metrica.it\/de\/wp-json\/wp\/v2\/media\/157362"}],"wp:attachment":[{"href":"https:\/\/www.metrica.it\/de\/wp-json\/wp\/v2\/media?parent=157365"}],"wp:term":[{"taxonomy":"product_cat","embeddable":true,"href":"https:\/\/www.metrica.it\/de\/wp-json\/wp\/v2\/product_cat?post=157365"},{"taxonomy":"product_tag","embeddable":true,"href":"https:\/\/www.metrica.it\/de\/wp-json\/wp\/v2\/product_tag?post=157365"}],"curies":[{"name":"wp","href":"https:\/\/api.w.org\/{rel}","templated":true}]}}