{"id":157374,"date":"2025-02-23T12:09:39","date_gmt":"2025-02-23T11:09:39","guid":{"rendered":"https:\/\/www.metrica.it\/prodotto\/warmebildkameras-pro-serie\/"},"modified":"2025-02-23T12:09:55","modified_gmt":"2025-02-23T11:09:55","slug":"warmebildkameras-pro-serie","status":"publish","type":"product","link":"https:\/\/www.metrica.it\/de\/produkt\/warmebildkameras-pro-serie\/","title":{"rendered":"W\u00c4RMEBILDKAMERAS PRO-SERIE"},"content":{"rendered":"<ul>\n<li>PRO-Modelle<\/li>\n<li>Aufl\u00f6sung Digitalkamera 5 MP<\/li>\n<li>Display-Aufl\u00f6sung 640 x 480<\/li>\n<li>3,5-Zoll-Bildschirm<\/li>\n<li>Modernes &#038; intuitives Touchscreen-Design<\/li>\n<li>Integrierte LED-Taschenlampe<\/li>\n<li>M\u00f6glichkeit, Fotos mit detaillierten Notizen zu versehen.<\/li>\n<li>Neue 1-Touch-Funktion Level\/Span: Ber\u00fchren Sie einfach den Bildschirm, um einen Fokusbereich auf einem W\u00e4rmebild auszuw\u00e4hlen, und die Kamera passt die H\u00f6he und den Bereich automatisch an, je nach thermischem Kontrast<\/li>\n<li>Leicht und sehr robust (Fallschutz 2 m)<\/li>\n<li>Einbettung von PiP-Bildern<\/li>\n<li>Art. | \u00b0C | IR-Aufl\u00f6sung | Thermische Empfindlichkeit<\/li>\n<li>60435 E5 XT | -20 a 400 C\u00b0 | 19.200 pixel (160 x 120) | < 100 mk (< 0,10 \u00b0C)<\/li>\n<li>60365 E5 PRO | -20 a 400 C\u00b0 | 19.200 pixel (160 x 120) | < 60 mk (<0,06 \u00b0C)<\/li>\n<li>60366 E6 PRO | -20 a 550 C\u00b0 | 43.200 pixel (240 x 180) | < 50 mk (< 0,05 \u00b0C)<\/li>\n<li>60368 E8 PRO | -20 a 550 C\u00b0 | 76.800 pixel (320 x 240) | < 40 mk (< 0,04 \u00b0C)<\/li>\n<\/ul>\n","protected":false},"excerpt":{"rendered":"<p>PRO-Modelle <br \/>Aufl\u00f6sung Digitalkamera 5 MP <br \/>Display-Aufl\u00f6sung 640 x 480 <br \/>3,5-Zoll-Bildschirm <br \/>Modernes &#038; intuitives Touchscreen-Design <br \/>Integrierte LED-Taschenlampe <br \/>M\u00f6glichkeit, Fotos mit detaillierten Notizen zu versehen. <br \/>Neue 1-Touch-Funktion Level\/Span: Ber\u00fchren Sie einfach den Bildschirm, um einen Fokusbereich auf einem W\u00e4rmebild auszuw\u00e4hlen, und die Kamera passt die H\u00f6he und den Bereich automatisch an, je nach thermischem Kontrast <br \/>Leicht und sehr robust (Fallschutz 2 m) <br \/>Einbettung von PiP-Bildern <br \/>Art. | \u00b0C | IR-Aufl\u00f6sung | Thermische Empfindlichkeit <br \/>60435 E5 XT | -20 a 400 C\u00b0 | 19.200 pixel (160 x 120) | < 100 mk (< 0,10 \u00b0C) <br \/>60365 E5 PRO | -20 a 400 C\u00b0 | 19.200 pixel (160 x 120) | < 60 mk (<0,06 \u00b0C) <br \/>60366 E6 PRO | -20 a 550 C\u00b0 | 43.200 pixel (240 x 180) | < 50 mk (< 0,05 \u00b0C) <br \/>60368 E8 PRO | -20 a 550 C\u00b0 | 76.800 pixel (320 x 240) | < 40 mk (< 0,04 \u00b0C) <\/p>\n","protected":false},"featured_media":157369,"template":"","meta":[],"product_cat":[516,543],"product_tag":[],"class_list":{"0":"post-157374","1":"product","2":"type-product","3":"status-publish","4":"has-post-thumbnail","6":"product_cat-laser-und-warmebildkameras","7":"product_cat-warmebildkameras","9":"first","10":"instock","11":"sold-individually","12":"product-type-simple"},"yoast_head":"<title>W\u00c4RMEBILDKAMERAS PRO-SERIE - Metrica<\/title>\n<meta name=\"robots\" content=\"index, follow, max-snippet:-1, max-image-preview:large, max-video-preview:-1\" \/>\n<link rel=\"canonical\" href=\"https:\/\/www.metrica.it\/de\/produkt\/warmebildkameras-pro-serie\/\" \/>\n<meta property=\"og:locale\" content=\"de_DE\" \/>\n<meta property=\"og:type\" content=\"article\" \/>\n<meta property=\"og:title\" content=\"W\u00c4RMEBILDKAMERAS PRO-SERIE - Metrica\" \/>\n<meta property=\"og:description\" content=\"PRO-Modelle Aufl\u00f6sung Digitalkamera 5 MP Display-Aufl\u00f6sung 640 x 480 3,5-Zoll-Bildschirm Modernes &amp; intuitives Touchscreen-Design Integrierte LED-Taschenlampe M\u00f6glichkeit, Fotos mit detaillierten Notizen zu versehen. Neue 1-Touch-Funktion Level\/Span: Ber\u00fchren Sie einfach den Bildschirm, um einen Fokusbereich auf einem W\u00e4rmebild auszuw\u00e4hlen, und die Kamera passt die H\u00f6he und den Bereich automatisch an, je nach thermischem Kontrast Leicht und sehr robust (Fallschutz 2 m) Einbettung von PiP-Bildern Art. | \u00b0C | IR-Aufl\u00f6sung | Thermische Empfindlichkeit 60435 E5 XT | -20 a 400 C\u00b0 | 19.200 pixel (160 x 120) | &lt; 100 mk (&lt; 0,10 \u00b0C) 60365 E5 PRO | -20 a 400 C\u00b0 | 19.200 pixel (160 x 120) | &lt; 60 mk (\" \/>\n<meta property=\"og:url\" content=\"https:\/\/www.metrica.it\/de\/produkt\/warmebildkameras-pro-serie\/\" \/>\n<meta property=\"og:site_name\" content=\"Metrica\" \/>\n<meta property=\"article:modified_time\" content=\"2025-02-23T11:09:55+00:00\" \/>\n<meta property=\"og:image\" content=\"https:\/\/www.metrica.it\/wp-content\/uploads\/2025\/02\/60435.jpg\" \/>\n\t<meta property=\"og:image:width\" content=\"1200\" \/>\n\t<meta property=\"og:image:height\" content=\"1200\" \/>\n\t<meta property=\"og:image:type\" content=\"image\/jpeg\" \/>\n<meta name=\"twitter:card\" content=\"summary_large_image\" \/>\n<script type=\"application\/ld+json\" class=\"yoast-schema-graph\">{\"@context\":\"https:\\\/\\\/schema.org\",\"@graph\":[{\"@type\":\"WebPage\",\"@id\":\"https:\\\/\\\/www.metrica.it\\\/de\\\/produkt\\\/warmebildkameras-pro-serie\\\/\",\"url\":\"https:\\\/\\\/www.metrica.it\\\/de\\\/produkt\\\/warmebildkameras-pro-serie\\\/\",\"name\":\"W\u00c4RMEBILDKAMERAS PRO-SERIE - Metrica\",\"isPartOf\":{\"@id\":\"https:\\\/\\\/www.metrica.it\\\/de\\\/#website\"},\"primaryImageOfPage\":{\"@id\":\"https:\\\/\\\/www.metrica.it\\\/de\\\/produkt\\\/warmebildkameras-pro-serie\\\/#primaryimage\"},\"image\":{\"@id\":\"https:\\\/\\\/www.metrica.it\\\/de\\\/produkt\\\/warmebildkameras-pro-serie\\\/#primaryimage\"},\"thumbnailUrl\":\"https:\\\/\\\/www.metrica.it\\\/wp-content\\\/uploads\\\/2025\\\/02\\\/60435.jpg\",\"datePublished\":\"2025-02-23T11:09:39+00:00\",\"dateModified\":\"2025-02-23T11:09:55+00:00\",\"breadcrumb\":{\"@id\":\"https:\\\/\\\/www.metrica.it\\\/de\\\/produkt\\\/warmebildkameras-pro-serie\\\/#breadcrumb\"},\"inLanguage\":\"de\",\"potentialAction\":[{\"@type\":\"ReadAction\",\"target\":[\"https:\\\/\\\/www.metrica.it\\\/de\\\/produkt\\\/warmebildkameras-pro-serie\\\/\"]}]},{\"@type\":\"ImageObject\",\"inLanguage\":\"de\",\"@id\":\"https:\\\/\\\/www.metrica.it\\\/de\\\/produkt\\\/warmebildkameras-pro-serie\\\/#primaryimage\",\"url\":\"https:\\\/\\\/www.metrica.it\\\/wp-content\\\/uploads\\\/2025\\\/02\\\/60435.jpg\",\"contentUrl\":\"https:\\\/\\\/www.metrica.it\\\/wp-content\\\/uploads\\\/2025\\\/02\\\/60435.jpg\",\"width\":1200,\"height\":1200},{\"@type\":\"BreadcrumbList\",\"@id\":\"https:\\\/\\\/www.metrica.it\\\/de\\\/produkt\\\/warmebildkameras-pro-serie\\\/#breadcrumb\",\"itemListElement\":[{\"@type\":\"ListItem\",\"position\":1,\"name\":\"Home\",\"item\":\"https:\\\/\\\/www.metrica.it\\\/de\\\/\"},{\"@type\":\"ListItem\",\"position\":2,\"name\":\"Katalog\",\"item\":\"https:\\\/\\\/www.metrica.it\\\/de\\\/katalog\\\/\"},{\"@type\":\"ListItem\",\"position\":3,\"name\":\"W\u00c4RMEBILDKAMERAS PRO-SERIE\"}]},{\"@type\":\"WebSite\",\"@id\":\"https:\\\/\\\/www.metrica.it\\\/de\\\/#website\",\"url\":\"https:\\\/\\\/www.metrica.it\\\/de\\\/\",\"name\":\"Metrica\",\"description\":\"Made to measure\",\"potentialAction\":[{\"@type\":\"SearchAction\",\"target\":{\"@type\":\"EntryPoint\",\"urlTemplate\":\"https:\\\/\\\/www.metrica.it\\\/de\\\/?s={search_term_string}\"},\"query-input\":{\"@type\":\"PropertyValueSpecification\",\"valueRequired\":true,\"valueName\":\"search_term_string\"}}],\"inLanguage\":\"de\"}]}<\/script>","yoast_head_json":{"title":"W\u00c4RMEBILDKAMERAS PRO-SERIE - Metrica","robots":{"index":"index","follow":"follow","max-snippet":"max-snippet:-1","max-image-preview":"max-image-preview:large","max-video-preview":"max-video-preview:-1"},"canonical":"https:\/\/www.metrica.it\/de\/produkt\/warmebildkameras-pro-serie\/","og_locale":"de_DE","og_type":"article","og_title":"W\u00c4RMEBILDKAMERAS PRO-SERIE - Metrica","og_description":"PRO-Modelle Aufl\u00f6sung Digitalkamera 5 MP Display-Aufl\u00f6sung 640 x 480 3,5-Zoll-Bildschirm Modernes & intuitives Touchscreen-Design Integrierte LED-Taschenlampe M\u00f6glichkeit, Fotos mit detaillierten Notizen zu versehen. Neue 1-Touch-Funktion Level\/Span: Ber\u00fchren Sie einfach den Bildschirm, um einen Fokusbereich auf einem W\u00e4rmebild auszuw\u00e4hlen, und die Kamera passt die H\u00f6he und den Bereich automatisch an, je nach thermischem Kontrast Leicht und sehr robust (Fallschutz 2 m) Einbettung von PiP-Bildern Art. | \u00b0C | IR-Aufl\u00f6sung | Thermische Empfindlichkeit 60435 E5 XT | -20 a 400 C\u00b0 | 19.200 pixel (160 x 120) | < 100 mk (< 0,10 \u00b0C) 60365 E5 PRO | -20 a 400 C\u00b0 | 19.200 pixel (160 x 120) | < 60 mk (","og_url":"https:\/\/www.metrica.it\/de\/produkt\/warmebildkameras-pro-serie\/","og_site_name":"Metrica","article_modified_time":"2025-02-23T11:09:55+00:00","og_image":[{"width":1200,"height":1200,"url":"https:\/\/www.metrica.it\/wp-content\/uploads\/2025\/02\/60435.jpg","type":"image\/jpeg"}],"twitter_card":"summary_large_image","schema":{"@context":"https:\/\/schema.org","@graph":[{"@type":"WebPage","@id":"https:\/\/www.metrica.it\/de\/produkt\/warmebildkameras-pro-serie\/","url":"https:\/\/www.metrica.it\/de\/produkt\/warmebildkameras-pro-serie\/","name":"W\u00c4RMEBILDKAMERAS PRO-SERIE - Metrica","isPartOf":{"@id":"https:\/\/www.metrica.it\/de\/#website"},"primaryImageOfPage":{"@id":"https:\/\/www.metrica.it\/de\/produkt\/warmebildkameras-pro-serie\/#primaryimage"},"image":{"@id":"https:\/\/www.metrica.it\/de\/produkt\/warmebildkameras-pro-serie\/#primaryimage"},"thumbnailUrl":"https:\/\/www.metrica.it\/wp-content\/uploads\/2025\/02\/60435.jpg","datePublished":"2025-02-23T11:09:39+00:00","dateModified":"2025-02-23T11:09:55+00:00","breadcrumb":{"@id":"https:\/\/www.metrica.it\/de\/produkt\/warmebildkameras-pro-serie\/#breadcrumb"},"inLanguage":"de","potentialAction":[{"@type":"ReadAction","target":["https:\/\/www.metrica.it\/de\/produkt\/warmebildkameras-pro-serie\/"]}]},{"@type":"ImageObject","inLanguage":"de","@id":"https:\/\/www.metrica.it\/de\/produkt\/warmebildkameras-pro-serie\/#primaryimage","url":"https:\/\/www.metrica.it\/wp-content\/uploads\/2025\/02\/60435.jpg","contentUrl":"https:\/\/www.metrica.it\/wp-content\/uploads\/2025\/02\/60435.jpg","width":1200,"height":1200},{"@type":"BreadcrumbList","@id":"https:\/\/www.metrica.it\/de\/produkt\/warmebildkameras-pro-serie\/#breadcrumb","itemListElement":[{"@type":"ListItem","position":1,"name":"Home","item":"https:\/\/www.metrica.it\/de\/"},{"@type":"ListItem","position":2,"name":"Katalog","item":"https:\/\/www.metrica.it\/de\/katalog\/"},{"@type":"ListItem","position":3,"name":"W\u00c4RMEBILDKAMERAS PRO-SERIE"}]},{"@type":"WebSite","@id":"https:\/\/www.metrica.it\/de\/#website","url":"https:\/\/www.metrica.it\/de\/","name":"Metrica","description":"Made to measure","potentialAction":[{"@type":"SearchAction","target":{"@type":"EntryPoint","urlTemplate":"https:\/\/www.metrica.it\/de\/?s={search_term_string}"},"query-input":{"@type":"PropertyValueSpecification","valueRequired":true,"valueName":"search_term_string"}}],"inLanguage":"de"}]}},"meta_box":{"awr_documentation":[],"awr_manuale":[],"awr_scheda_tecnica":"","awr_youtube_video":"https:\/\/www.youtube.com\/embed\/mAUHTwugyuA","awr_classe_prodotto":"","awr_customize_product":"0","awr_custom_image":false,"awr_related_products":[{"awr_product_references":"ref:60435|ean:8001066604357|pack:1"},{"awr_product_references":"ref:60365|ean:8001066603657|pack:1"},{"awr_product_references":"ref:60366|ean:8001066603664|pack:1"},{"awr_product_references":"ref:60368|ean:8001066603688|pack:1"}],"awr_consumabili":"","awr_alternativi":"","awr_aliases":"60435,60365,60366,60368","awr_skuid":"60435-it"},"_links":{"self":[{"href":"https:\/\/www.metrica.it\/de\/wp-json\/wp\/v2\/product\/157374","targetHints":{"allow":["GET"]}}],"collection":[{"href":"https:\/\/www.metrica.it\/de\/wp-json\/wp\/v2\/product"}],"about":[{"href":"https:\/\/www.metrica.it\/de\/wp-json\/wp\/v2\/types\/product"}],"wp:featuredmedia":[{"embeddable":true,"href":"https:\/\/www.metrica.it\/de\/wp-json\/wp\/v2\/media\/157369"}],"wp:attachment":[{"href":"https:\/\/www.metrica.it\/de\/wp-json\/wp\/v2\/media?parent=157374"}],"wp:term":[{"taxonomy":"product_cat","embeddable":true,"href":"https:\/\/www.metrica.it\/de\/wp-json\/wp\/v2\/product_cat?post=157374"},{"taxonomy":"product_tag","embeddable":true,"href":"https:\/\/www.metrica.it\/de\/wp-json\/wp\/v2\/product_tag?post=157374"}],"curies":[{"name":"wp","href":"https:\/\/api.w.org\/{rel}","templated":true}]}}