{"id":157896,"date":"2025-03-09T13:26:33","date_gmt":"2025-03-09T12:26:33","guid":{"rendered":"https:\/\/www.metrica.it\/prodotto\/24-pz-cutter-18mm-black-blade-sk4-3\/"},"modified":"2025-03-09T13:26:39","modified_gmt":"2025-03-09T12:26:39","slug":"24-pz-cutter-18mm-black-blade-sk4-3","status":"publish","type":"product","link":"https:\/\/www.metrica.it\/de\/produkt\/24-pz-cutter-18mm-black-blade-sk4-3\/","title":{"rendered":"24 PZ &#8211; CUTTER 18mm &#8211; BLACK BLADE SK4"},"content":{"rendered":"<ul>\n<li>K\u00f6rper aus ABS<\/li>\n<li>Ergonomischer, rutschfester, gummierter Griff<\/li>\n<li>Metallklingenf\u00fchrung<\/li>\n<li> Ultrascharfe schwarze Klinge &#8211; SK4 &#8211; HRC > 65<\/li>\n<li>Verkauft in einer Schachtel mit 24 St\u00fcck.<\/li>\n<\/ul>\n","protected":false},"excerpt":{"rendered":"<p>K\u00f6rper aus ABS <br \/>Ergonomischer, rutschfester, gummierter Griff <br \/>Metallklingenf\u00fchrung <br \/> Ultrascharfe schwarze Klinge &#8211; SK4 &#8211; HRC > 65 <br \/>Verkauft in einer Schachtel mit 24 St\u00fcck. <\/p>\n","protected":false},"featured_media":157904,"template":"","meta":[],"product_cat":[682,674],"product_tag":[],"class_list":{"0":"post-157896","1":"product","2":"type-product","3":"status-publish","4":"has-post-thumbnail","6":"product_cat-messer","7":"product_cat-schneiden","9":"first","10":"instock","11":"sold-individually","12":"product-type-simple"},"yoast_head":"<title>24 PZ - CUTTER 18mm - BLACK BLADE SK4 - Metrica<\/title>\n<meta name=\"robots\" content=\"index, follow, max-snippet:-1, max-image-preview:large, max-video-preview:-1\" \/>\n<link rel=\"canonical\" href=\"https:\/\/www.metrica.it\/de\/produkt\/24-pz-cutter-18mm-black-blade-sk4-3\/\" \/>\n<meta property=\"og:locale\" content=\"de_DE\" \/>\n<meta property=\"og:type\" content=\"article\" \/>\n<meta property=\"og:title\" content=\"24 PZ - CUTTER 18mm - BLACK BLADE SK4 - Metrica\" \/>\n<meta property=\"og:description\" content=\"K\u00f6rper aus ABS Ergonomischer, rutschfester, gummierter Griff Metallklingenf\u00fchrung Ultrascharfe schwarze Klinge - SK4 - HRC &gt; 65 Verkauft in einer Schachtel mit 24 St\u00fcck.\" \/>\n<meta property=\"og:url\" content=\"https:\/\/www.metrica.it\/de\/produkt\/24-pz-cutter-18mm-black-blade-sk4-3\/\" \/>\n<meta property=\"og:site_name\" content=\"Metrica\" \/>\n<meta property=\"article:modified_time\" content=\"2025-03-09T12:26:39+00:00\" \/>\n<meta property=\"og:image\" content=\"https:\/\/www.metrica.it\/wp-content\/uploads\/2025\/03\/89356.jpg\" \/>\n\t<meta property=\"og:image:width\" content=\"1200\" \/>\n\t<meta property=\"og:image:height\" content=\"1200\" \/>\n\t<meta property=\"og:image:type\" content=\"image\/jpeg\" \/>\n<meta name=\"twitter:card\" content=\"summary_large_image\" \/>\n<script type=\"application\/ld+json\" class=\"yoast-schema-graph\">{\"@context\":\"https:\\\/\\\/schema.org\",\"@graph\":[{\"@type\":\"WebPage\",\"@id\":\"https:\\\/\\\/www.metrica.it\\\/de\\\/produkt\\\/24-pz-cutter-18mm-black-blade-sk4-3\\\/\",\"url\":\"https:\\\/\\\/www.metrica.it\\\/de\\\/produkt\\\/24-pz-cutter-18mm-black-blade-sk4-3\\\/\",\"name\":\"24 PZ - CUTTER 18mm - BLACK BLADE SK4 - Metrica\",\"isPartOf\":{\"@id\":\"https:\\\/\\\/www.metrica.it\\\/de\\\/#website\"},\"primaryImageOfPage\":{\"@id\":\"https:\\\/\\\/www.metrica.it\\\/de\\\/produkt\\\/24-pz-cutter-18mm-black-blade-sk4-3\\\/#primaryimage\"},\"image\":{\"@id\":\"https:\\\/\\\/www.metrica.it\\\/de\\\/produkt\\\/24-pz-cutter-18mm-black-blade-sk4-3\\\/#primaryimage\"},\"thumbnailUrl\":\"https:\\\/\\\/www.metrica.it\\\/wp-content\\\/uploads\\\/2025\\\/03\\\/89356.jpg\",\"datePublished\":\"2025-03-09T12:26:33+00:00\",\"dateModified\":\"2025-03-09T12:26:39+00:00\",\"breadcrumb\":{\"@id\":\"https:\\\/\\\/www.metrica.it\\\/de\\\/produkt\\\/24-pz-cutter-18mm-black-blade-sk4-3\\\/#breadcrumb\"},\"inLanguage\":\"de\",\"potentialAction\":[{\"@type\":\"ReadAction\",\"target\":[\"https:\\\/\\\/www.metrica.it\\\/de\\\/produkt\\\/24-pz-cutter-18mm-black-blade-sk4-3\\\/\"]}]},{\"@type\":\"ImageObject\",\"inLanguage\":\"de\",\"@id\":\"https:\\\/\\\/www.metrica.it\\\/de\\\/produkt\\\/24-pz-cutter-18mm-black-blade-sk4-3\\\/#primaryimage\",\"url\":\"https:\\\/\\\/www.metrica.it\\\/wp-content\\\/uploads\\\/2025\\\/03\\\/89356.jpg\",\"contentUrl\":\"https:\\\/\\\/www.metrica.it\\\/wp-content\\\/uploads\\\/2025\\\/03\\\/89356.jpg\",\"width\":1200,\"height\":1200},{\"@type\":\"BreadcrumbList\",\"@id\":\"https:\\\/\\\/www.metrica.it\\\/de\\\/produkt\\\/24-pz-cutter-18mm-black-blade-sk4-3\\\/#breadcrumb\",\"itemListElement\":[{\"@type\":\"ListItem\",\"position\":1,\"name\":\"Home\",\"item\":\"https:\\\/\\\/www.metrica.it\\\/de\\\/\"},{\"@type\":\"ListItem\",\"position\":2,\"name\":\"Katalog\",\"item\":\"https:\\\/\\\/www.metrica.it\\\/de\\\/katalog\\\/\"},{\"@type\":\"ListItem\",\"position\":3,\"name\":\"24 PZ &#8211; CUTTER 18mm &#8211; BLACK BLADE SK4\"}]},{\"@type\":\"WebSite\",\"@id\":\"https:\\\/\\\/www.metrica.it\\\/de\\\/#website\",\"url\":\"https:\\\/\\\/www.metrica.it\\\/de\\\/\",\"name\":\"Metrica\",\"description\":\"Made to measure\",\"potentialAction\":[{\"@type\":\"SearchAction\",\"target\":{\"@type\":\"EntryPoint\",\"urlTemplate\":\"https:\\\/\\\/www.metrica.it\\\/de\\\/?s={search_term_string}\"},\"query-input\":{\"@type\":\"PropertyValueSpecification\",\"valueRequired\":true,\"valueName\":\"search_term_string\"}}],\"inLanguage\":\"de\"}]}<\/script>","yoast_head_json":{"title":"24 PZ - CUTTER 18mm - BLACK BLADE SK4 - Metrica","robots":{"index":"index","follow":"follow","max-snippet":"max-snippet:-1","max-image-preview":"max-image-preview:large","max-video-preview":"max-video-preview:-1"},"canonical":"https:\/\/www.metrica.it\/de\/produkt\/24-pz-cutter-18mm-black-blade-sk4-3\/","og_locale":"de_DE","og_type":"article","og_title":"24 PZ - CUTTER 18mm - BLACK BLADE SK4 - Metrica","og_description":"K\u00f6rper aus ABS Ergonomischer, rutschfester, gummierter Griff Metallklingenf\u00fchrung Ultrascharfe schwarze Klinge - SK4 - HRC > 65 Verkauft in einer Schachtel mit 24 St\u00fcck.","og_url":"https:\/\/www.metrica.it\/de\/produkt\/24-pz-cutter-18mm-black-blade-sk4-3\/","og_site_name":"Metrica","article_modified_time":"2025-03-09T12:26:39+00:00","og_image":[{"width":1200,"height":1200,"url":"https:\/\/www.metrica.it\/wp-content\/uploads\/2025\/03\/89356.jpg","type":"image\/jpeg"}],"twitter_card":"summary_large_image","schema":{"@context":"https:\/\/schema.org","@graph":[{"@type":"WebPage","@id":"https:\/\/www.metrica.it\/de\/produkt\/24-pz-cutter-18mm-black-blade-sk4-3\/","url":"https:\/\/www.metrica.it\/de\/produkt\/24-pz-cutter-18mm-black-blade-sk4-3\/","name":"24 PZ - CUTTER 18mm - BLACK BLADE SK4 - Metrica","isPartOf":{"@id":"https:\/\/www.metrica.it\/de\/#website"},"primaryImageOfPage":{"@id":"https:\/\/www.metrica.it\/de\/produkt\/24-pz-cutter-18mm-black-blade-sk4-3\/#primaryimage"},"image":{"@id":"https:\/\/www.metrica.it\/de\/produkt\/24-pz-cutter-18mm-black-blade-sk4-3\/#primaryimage"},"thumbnailUrl":"https:\/\/www.metrica.it\/wp-content\/uploads\/2025\/03\/89356.jpg","datePublished":"2025-03-09T12:26:33+00:00","dateModified":"2025-03-09T12:26:39+00:00","breadcrumb":{"@id":"https:\/\/www.metrica.it\/de\/produkt\/24-pz-cutter-18mm-black-blade-sk4-3\/#breadcrumb"},"inLanguage":"de","potentialAction":[{"@type":"ReadAction","target":["https:\/\/www.metrica.it\/de\/produkt\/24-pz-cutter-18mm-black-blade-sk4-3\/"]}]},{"@type":"ImageObject","inLanguage":"de","@id":"https:\/\/www.metrica.it\/de\/produkt\/24-pz-cutter-18mm-black-blade-sk4-3\/#primaryimage","url":"https:\/\/www.metrica.it\/wp-content\/uploads\/2025\/03\/89356.jpg","contentUrl":"https:\/\/www.metrica.it\/wp-content\/uploads\/2025\/03\/89356.jpg","width":1200,"height":1200},{"@type":"BreadcrumbList","@id":"https:\/\/www.metrica.it\/de\/produkt\/24-pz-cutter-18mm-black-blade-sk4-3\/#breadcrumb","itemListElement":[{"@type":"ListItem","position":1,"name":"Home","item":"https:\/\/www.metrica.it\/de\/"},{"@type":"ListItem","position":2,"name":"Katalog","item":"https:\/\/www.metrica.it\/de\/katalog\/"},{"@type":"ListItem","position":3,"name":"24 PZ &#8211; CUTTER 18mm &#8211; BLACK BLADE SK4"}]},{"@type":"WebSite","@id":"https:\/\/www.metrica.it\/de\/#website","url":"https:\/\/www.metrica.it\/de\/","name":"Metrica","description":"Made to measure","potentialAction":[{"@type":"SearchAction","target":{"@type":"EntryPoint","urlTemplate":"https:\/\/www.metrica.it\/de\/?s={search_term_string}"},"query-input":{"@type":"PropertyValueSpecification","valueRequired":true,"valueName":"search_term_string"}}],"inLanguage":"de"}]}},"meta_box":{"awr_documentation":[],"awr_manuale":[],"awr_scheda_tecnica":"","awr_youtube_video":"","awr_classe_prodotto":"","awr_customize_product":"0","awr_custom_image":false,"awr_related_products":[{"awr_product_references":"ref:89365|ean:8001066893652|l_mm:160|pack:1"}],"awr_consumabili":"","awr_alternativi":"","awr_aliases":"89365","awr_skuid":"89365-it"},"_links":{"self":[{"href":"https:\/\/www.metrica.it\/de\/wp-json\/wp\/v2\/product\/157896","targetHints":{"allow":["GET"]}}],"collection":[{"href":"https:\/\/www.metrica.it\/de\/wp-json\/wp\/v2\/product"}],"about":[{"href":"https:\/\/www.metrica.it\/de\/wp-json\/wp\/v2\/types\/product"}],"wp:featuredmedia":[{"embeddable":true,"href":"https:\/\/www.metrica.it\/de\/wp-json\/wp\/v2\/media\/157904"}],"wp:attachment":[{"href":"https:\/\/www.metrica.it\/de\/wp-json\/wp\/v2\/media?parent=157896"}],"wp:term":[{"taxonomy":"product_cat","embeddable":true,"href":"https:\/\/www.metrica.it\/de\/wp-json\/wp\/v2\/product_cat?post=157896"},{"taxonomy":"product_tag","embeddable":true,"href":"https:\/\/www.metrica.it\/de\/wp-json\/wp\/v2\/product_tag?post=157896"}],"curies":[{"name":"wp","href":"https:\/\/api.w.org\/{rel}","templated":true}]}}