{"id":138912,"date":"2024-06-03T17:14:24","date_gmt":"2024-06-03T15:14:24","guid":{"rendered":"https:\/\/www.metrica.it\/investigacion-y-desarrollo\/"},"modified":"2024-09-23T15:42:57","modified_gmt":"2024-09-23T13:42:57","slug":"investigacion-y-desarrollo","status":"publish","type":"page","link":"https:\/\/www.metrica.it\/es\/investigacion-y-desarrollo\/","title":{"rendered":"Investigaci\u00f3n y desarrollo"},"content":{"rendered":"<div class=\"wpb-content-wrapper\"><section class=\"vc_row wpb_row vc_row-fluid awr-page-body    vc_row-o-equal-height vc_row-o-content-middle vc_row-flex\"><div class=\"wpb_column vc_column_container vc_col-sm-6 vc_col-md-5 vc_col-xs-12\"><div class=\"vc_column-inner  hongo_responsive_1570718819413\"><div class=\"wpb_wrapper\"><div class=\"wpb_single_image    hongo-full-width-single-image\">\r\n\t\t\t<figure class=\"wpb_wrapper vc_figure\">\r\n\t\t\t\t<div class=\"vc_single_image-wrapper  \"><img decoding=\"async\" width=\"450\" height=\"450\" src=\"https:\/\/www.metrica.it\/wp-content\/uploads\/2024\/06\/ricerca-sviluppo.jpg\" class=\"vc_single_image-img attachment-full\" alt=\"\" title=\"ricerca-sviluppo\" srcset=\"https:\/\/www.metrica.it\/wp-content\/uploads\/2024\/06\/ricerca-sviluppo.jpg 450w, https:\/\/www.metrica.it\/wp-content\/uploads\/2024\/06\/ricerca-sviluppo-64x64.jpg 64w, https:\/\/www.metrica.it\/wp-content\/uploads\/2024\/06\/ricerca-sviluppo-84x84.jpg 84w\" sizes=\"(max-width: 450px) 100vw, 450px\" \/><\/div>\r\n\t\t\t<\/figure>\r\n\t\t\t\r\n\t\t<\/div><\/div><\/div><\/div><div class=\"wpb_column vc_column_container vc_col-sm-6 vc_col-md-offset-1 vc_col-xs-12 xs-text-center\"><div class=\"vc_column-inner vc_custom_1570718855531  hongo_responsive_1570718855535\"><div class=\"wpb_wrapper\"><div class=\"text-block-content text-block-opening hongo-text-block-1 vc_custom_1725439352204 last-paragraph-no-margin  hongo_responsive_1725439352205\"><p><strong>Metrica<\/strong> cuenta con un <strong>departamento de Investigaci\u00f3n y Desarrollo<\/strong> para instrumentos de medida dividido entre dos centros de producci\u00f3n: Mil\u00e1n y Arzignano, en la provincia de Vicenza.<\/p>\n<\/div><div class=\"text-block-content hongo-text-block-2 last-paragraph-no-margin\"><p>El equipo tiene como objetivo reelaborar o a\u00f1adir <strong>nuevas funciones y mejoras<\/strong> a los productos ya incluidos en el cat\u00e1logo y dise\u00f1ar nuevas herramientas destinadas a agilizar y simplificar el trabajo de los clientes.<\/p>\n<p><strong>Se trata de un trabajo constante<\/strong>, apoyado por un equipo de pruebas formado por profesionales que utilizan a diario las primeras versiones de los productos con el objetivo de identificar defectos para eliminarlos o sugerir mejoras: los productos de <strong>Metrica<\/strong> son el resultado del uso pr\u00e1ctico diario.<\/p>\n<p><strong>La b\u00fasqueda del detalle<\/strong> es un elemento muy importante para <strong>Metrica<\/strong> y se considera la \u00fanica manera de mejorar concretamente la usabilidad de las herramientas de medici\u00f3n.<\/p>\n<\/div><\/div><\/div><\/div><\/section><section class=\"vc_row wpb_row vc_row-fluid\"><div class=\"wpb_column vc_column_container col-xs-mobile-fullwidth vc_col-sm-12\"><div class=\"vc_column-inner\"><div class=\"wpb_wrapper\"><div class=\"vc_row wpb_row vc_inner vc_row-fluid   vc_row-o-equal-height vc_row-o-content-middle vc_row-flex\"><div class=\"wpb_column vc_column_container vc_col-sm-6 vc_col-md-4 vc_col-xs-12\"><div class=\"vc_column-inner  hongo_responsive_1564404877774\"><div class=\"wpb_wrapper\"><div class=\"hongo-featurebox-wrap interactive-banner-style-1 hongo-interactive-banner-1-1\"><div class=\"interactive-featurebox-image\"><img decoding=\"async\" width=\"660\" height=\"660\" src=\"https:\/\/www.metrica.it\/wp-content\/uploads\/2024\/06\/chi-siamo-660x660.jpg\" class=\"attachment-hongo-shop-image size-hongo-shop-image\" alt=\"\" srcset=\"https:\/\/www.metrica.it\/wp-content\/uploads\/2024\/06\/chi-siamo-660x660.jpg 660w, https:\/\/www.metrica.it\/wp-content\/uploads\/2024\/06\/chi-siamo-64x64.jpg 64w, https:\/\/www.metrica.it\/wp-content\/uploads\/2024\/06\/chi-siamo-84x84.jpg 84w, https:\/\/www.metrica.it\/wp-content\/uploads\/2024\/06\/chi-siamo-450x450.jpg 450w, https:\/\/www.metrica.it\/wp-content\/uploads\/2024\/06\/chi-siamo-790x790.jpg 790w, https:\/\/www.metrica.it\/wp-content\/uploads\/2024\/06\/chi-siamo.jpg 1000w\" sizes=\"(max-width: 660px) 100vw, 660px\" \/><\/div><div class=\"hongo-featurebox-text hongo_font_1718973288069\">Qui\u00e9nes somos<i class=\"fas fa-arrow-right\"><\/i><\/div><div class=\"hongo-featurebox-hover\"><div class=\"hongo-interative-banner-content-wrap\"><div class=\"hongo-interative-banner-content-middle\"><div class=\"hongo-featurebox-text alt-font\">Qui\u00e9nes somos<\/div><a href=\"http:\/\/www.metrica.it\/es\/quienes-somos\/\" target=\"_self\" class=\"hongo_button_1718973288066 btn alt-font\">Leer m\u00e1s<\/a><\/div><\/div><\/div><\/div><\/div><\/div><\/div><div class=\"wpb_column vc_column_container vc_col-sm-6 vc_col-md-4 vc_col-xs-12\"><div class=\"vc_column-inner  hongo_responsive_1564404884696\"><div class=\"wpb_wrapper\"><div class=\"hongo-featurebox-wrap interactive-banner-style-1 hongo-interactive-banner-1-2\"><div class=\"interactive-featurebox-image\"><img decoding=\"async\" width=\"450\" height=\"450\" src=\"https:\/\/www.metrica.it\/wp-content\/uploads\/2024\/06\/sedi.jpg\" class=\"attachment-full size-full\" alt=\"\" srcset=\"https:\/\/www.metrica.it\/wp-content\/uploads\/2024\/06\/sedi.jpg 450w, https:\/\/www.metrica.it\/wp-content\/uploads\/2024\/06\/sedi-64x64.jpg 64w, https:\/\/www.metrica.it\/wp-content\/uploads\/2024\/06\/sedi-84x84.jpg 84w\" sizes=\"(max-width: 450px) 100vw, 450px\" \/><\/div><div class=\"hongo-featurebox-text hongo_font_1718971810047 alt-font\">Centros de producci\u00f3n en italia<i class=\"fas fa-arrow-right\"><\/i><\/div><div class=\"hongo-featurebox-hover\"><div class=\"hongo-interative-banner-content-wrap\"><div class=\"hongo-interative-banner-content-middle\"><div class=\"hongo-featurebox-text alt-font\">Centros de producci\u00f3n en italia<\/div><div class=\"content\">La sede hist\u00f3rica de Metrica, donde todo comenz\u00f3 en 1949 en Danta di Cadore, en la provincia de Belluno, sigue dedic\u00e1ndose a una producci\u00f3n extremadamente controlada de algunos de sus productos. Est\u00e1 altamente especializada y equipada con maquinaria de \u00faltima generaci\u00f3n.<\/div><a href=\"http:\/\/www.metrica.it\/es\/centros-de-produccion-en-italia\/\" target=\"_self\" class=\"hongo_button_1718971810042 btn alt-font\">Leer m\u00e1s<\/a><\/div><\/div><\/div><\/div><\/div><\/div><\/div><\/div><\/div><\/div><\/div><\/section>\n<\/div>","protected":false},"excerpt":{"rendered":"Metrica cuenta con un departamento de Investigaci\u00f3n y Desarrollo para instrumentos de medida dividido entre dos centros de producci\u00f3n: Mil\u00e1n y Arzignano, en la provincia de Vicenza. El equipo tiene como objetivo reelaborar o a\u00f1adir nuevas funciones y mejoras a los productos ya incluidos en el cat\u00e1logo y dise\u00f1ar nuevas herramientas destinadas a agilizar y simplificar el trabajo de los clientes. Se trata de un trabajo constante, apoyado por un equipo de pruebas formado por profesionales que utilizan a diario las primeras versiones de los productos con el objetivo de identificar defectos para eliminarlos o sugerir mejoras: los productos de Metrica son el resultado del uso pr\u00e1ctico diario. La b\u00fasqueda del detalle es un elemento muy importante para Metrica y se considera la \u00fanica manera de mejorar concretamente la usabilidad de las herramientas de medici\u00f3n. Qui\u00e9nes somosQui\u00e9nes somosLeer m\u00e1sCentros de producci\u00f3n en italiaCentros de producci\u00f3n en italiaLa sede hist\u00f3rica de Metrica, donde todo comenz\u00f3 en 1949 en Danta di Cadore, en la provincia de Belluno, sigue dedic\u00e1ndose a una producci\u00f3n extremadamente controlada de algunos de sus productos. Est\u00e1 altamente especializada y equipada con maquinaria de \u00faltima generaci\u00f3n.Leer m\u00e1s","protected":false},"author":1,"featured_media":0,"parent":0,"menu_order":0,"comment_status":"closed","ping_status":"closed","template":"","meta":{"footnotes":""},"class_list":["post-138912","page","type-page","status-publish","hentry"],"yoast_head":"<title>Instrumentos de medici\u00f3n | Investigaci\u00f3n y Desarrollo | Metrica<\/title>\n<meta name=\"description\" content=\"vMetrica desarrolla instrumentos de medici\u00f3n innovadores gracias a un departamento de I+D especializado que trabaja constantemente para mejorar la calidad y la funcionalidad.\" \/>\n<meta name=\"robots\" content=\"index, follow, max-snippet:-1, max-image-preview:large, max-video-preview:-1\" \/>\n<link rel=\"canonical\" href=\"https:\/\/www.metrica.it\/es\/investigacion-y-desarrollo\/\" \/>\n<meta property=\"og:locale\" content=\"es_ES\" \/>\n<meta property=\"og:type\" content=\"article\" \/>\n<meta property=\"og:title\" content=\"Instrumentos de medici\u00f3n | Investigaci\u00f3n y Desarrollo | Metrica\" \/>\n<meta property=\"og:description\" content=\"vMetrica desarrolla instrumentos de medici\u00f3n innovadores gracias a un departamento de I+D especializado que trabaja constantemente para mejorar la calidad y la funcionalidad.\" \/>\n<meta property=\"og:url\" content=\"https:\/\/www.metrica.it\/es\/investigacion-y-desarrollo\/\" \/>\n<meta property=\"og:site_name\" content=\"Metrica\" \/>\n<meta property=\"article:modified_time\" content=\"2024-09-23T13:42:57+00:00\" \/>\n<meta name=\"twitter:card\" content=\"summary_large_image\" \/>\n<meta name=\"twitter:label1\" content=\"Tiempo de lectura\" \/>\n\t<meta name=\"twitter:data1\" content=\"2 minutos\" \/>\n<script type=\"application\/ld+json\" class=\"yoast-schema-graph\">{\"@context\":\"https:\\\/\\\/schema.org\",\"@graph\":[{\"@type\":\"WebPage\",\"@id\":\"https:\\\/\\\/www.metrica.it\\\/es\\\/investigacion-y-desarrollo\\\/\",\"url\":\"https:\\\/\\\/www.metrica.it\\\/es\\\/investigacion-y-desarrollo\\\/\",\"name\":\"Instrumentos de medici\u00f3n | Investigaci\u00f3n y Desarrollo | Metrica\",\"isPartOf\":{\"@id\":\"https:\\\/\\\/www.metrica.it\\\/es\\\/#website\"},\"datePublished\":\"2024-06-03T15:14:24+00:00\",\"dateModified\":\"2024-09-23T13:42:57+00:00\",\"description\":\"vMetrica desarrolla instrumentos de medici\u00f3n innovadores gracias a un departamento de I+D especializado que trabaja constantemente para mejorar la calidad y la funcionalidad.\",\"breadcrumb\":{\"@id\":\"https:\\\/\\\/www.metrica.it\\\/es\\\/investigacion-y-desarrollo\\\/#breadcrumb\"},\"inLanguage\":\"es\",\"potentialAction\":[{\"@type\":\"ReadAction\",\"target\":[\"https:\\\/\\\/www.metrica.it\\\/es\\\/investigacion-y-desarrollo\\\/\"]}]},{\"@type\":\"BreadcrumbList\",\"@id\":\"https:\\\/\\\/www.metrica.it\\\/es\\\/investigacion-y-desarrollo\\\/#breadcrumb\",\"itemListElement\":[{\"@type\":\"ListItem\",\"position\":1,\"name\":\"Home\",\"item\":\"https:\\\/\\\/www.metrica.it\\\/es\\\/\"},{\"@type\":\"ListItem\",\"position\":2,\"name\":\"Investigaci\u00f3n y desarrollo\"}]},{\"@type\":\"WebSite\",\"@id\":\"https:\\\/\\\/www.metrica.it\\\/es\\\/#website\",\"url\":\"https:\\\/\\\/www.metrica.it\\\/es\\\/\",\"name\":\"Metrica\",\"description\":\"Made to measure\",\"potentialAction\":[{\"@type\":\"SearchAction\",\"target\":{\"@type\":\"EntryPoint\",\"urlTemplate\":\"https:\\\/\\\/www.metrica.it\\\/es\\\/?s={search_term_string}\"},\"query-input\":{\"@type\":\"PropertyValueSpecification\",\"valueRequired\":true,\"valueName\":\"search_term_string\"}}],\"inLanguage\":\"es\"}]}<\/script>","yoast_head_json":{"title":"Instrumentos de medici\u00f3n | Investigaci\u00f3n y Desarrollo | Metrica","description":"vMetrica desarrolla instrumentos de medici\u00f3n innovadores gracias a un departamento de I+D especializado que trabaja constantemente para mejorar la calidad y la funcionalidad.","robots":{"index":"index","follow":"follow","max-snippet":"max-snippet:-1","max-image-preview":"max-image-preview:large","max-video-preview":"max-video-preview:-1"},"canonical":"https:\/\/www.metrica.it\/es\/investigacion-y-desarrollo\/","og_locale":"es_ES","og_type":"article","og_title":"Instrumentos de medici\u00f3n | Investigaci\u00f3n y Desarrollo | Metrica","og_description":"vMetrica desarrolla instrumentos de medici\u00f3n innovadores gracias a un departamento de I+D especializado que trabaja constantemente para mejorar la calidad y la funcionalidad.","og_url":"https:\/\/www.metrica.it\/es\/investigacion-y-desarrollo\/","og_site_name":"Metrica","article_modified_time":"2024-09-23T13:42:57+00:00","twitter_card":"summary_large_image","twitter_misc":{"Tiempo de lectura":"2 minutos"},"schema":{"@context":"https:\/\/schema.org","@graph":[{"@type":"WebPage","@id":"https:\/\/www.metrica.it\/es\/investigacion-y-desarrollo\/","url":"https:\/\/www.metrica.it\/es\/investigacion-y-desarrollo\/","name":"Instrumentos de medici\u00f3n | Investigaci\u00f3n y Desarrollo | Metrica","isPartOf":{"@id":"https:\/\/www.metrica.it\/es\/#website"},"datePublished":"2024-06-03T15:14:24+00:00","dateModified":"2024-09-23T13:42:57+00:00","description":"vMetrica desarrolla instrumentos de medici\u00f3n innovadores gracias a un departamento de I+D especializado que trabaja constantemente para mejorar la calidad y la funcionalidad.","breadcrumb":{"@id":"https:\/\/www.metrica.it\/es\/investigacion-y-desarrollo\/#breadcrumb"},"inLanguage":"es","potentialAction":[{"@type":"ReadAction","target":["https:\/\/www.metrica.it\/es\/investigacion-y-desarrollo\/"]}]},{"@type":"BreadcrumbList","@id":"https:\/\/www.metrica.it\/es\/investigacion-y-desarrollo\/#breadcrumb","itemListElement":[{"@type":"ListItem","position":1,"name":"Home","item":"https:\/\/www.metrica.it\/es\/"},{"@type":"ListItem","position":2,"name":"Investigaci\u00f3n y desarrollo"}]},{"@type":"WebSite","@id":"https:\/\/www.metrica.it\/es\/#website","url":"https:\/\/www.metrica.it\/es\/","name":"Metrica","description":"Made to measure","potentialAction":[{"@type":"SearchAction","target":{"@type":"EntryPoint","urlTemplate":"https:\/\/www.metrica.it\/es\/?s={search_term_string}"},"query-input":{"@type":"PropertyValueSpecification","valueRequired":true,"valueName":"search_term_string"}}],"inLanguage":"es"}]}},"meta_box":{"dwn_cataloghi":[],"dwn_certificazioni":[],"dwn_laser_e_termocamere":[],"dwn_livelle":[],"dwn_misure_meccaniche":[],"dwn_misure_di_angoli":[],"dwn_misura_di_lunghezze":[]},"_links":{"self":[{"href":"https:\/\/www.metrica.it\/es\/wp-json\/wp\/v2\/pages\/138912","targetHints":{"allow":["GET"]}}],"collection":[{"href":"https:\/\/www.metrica.it\/es\/wp-json\/wp\/v2\/pages"}],"about":[{"href":"https:\/\/www.metrica.it\/es\/wp-json\/wp\/v2\/types\/page"}],"author":[{"embeddable":true,"href":"https:\/\/www.metrica.it\/es\/wp-json\/wp\/v2\/users\/1"}],"replies":[{"embeddable":true,"href":"https:\/\/www.metrica.it\/es\/wp-json\/wp\/v2\/comments?post=138912"}],"version-history":[{"count":0,"href":"https:\/\/www.metrica.it\/es\/wp-json\/wp\/v2\/pages\/138912\/revisions"}],"wp:attachment":[{"href":"https:\/\/www.metrica.it\/es\/wp-json\/wp\/v2\/media?parent=138912"}],"curies":[{"name":"wp","href":"https:\/\/api.w.org\/{rel}","templated":true}]}}