{"id":138926,"date":"2018-06-01T06:54:02","date_gmt":"2018-06-01T04:54:02","guid":{"rendered":"https:\/\/www.metrica.it\/centros-de-produccion-en-italia\/"},"modified":"2024-10-01T09:53:14","modified_gmt":"2024-10-01T07:53:14","slug":"centros-de-produccion-en-italia","status":"publish","type":"page","link":"https:\/\/www.metrica.it\/es\/centros-de-produccion-en-italia\/","title":{"rendered":"Centros de producci\u00f3n en Italia"},"content":{"rendered":"<div class=\"wpb-content-wrapper\"><section class=\"vc_row wpb_row vc_row-fluid     vc_row-o-equal-height vc_row-o-content-middle vc_row-flex\"><div class=\"wpb_column vc_column_container vc_col-sm-6 vc_col-md-5 vc_col-xs-12\"><div class=\"vc_column-inner  hongo_responsive_1570718819413\"><div class=\"wpb_wrapper\"><div class=\"wpb_single_image    hongo-full-width-single-image\">\r\n\t\t\t<figure class=\"wpb_wrapper vc_figure\">\r\n\t\t\t\t<div class=\"vc_single_image-wrapper  \"><img decoding=\"async\" width=\"850\" height=\"885\" src=\"https:\/\/www.metrica.it\/wp-content\/uploads\/2024\/10\/sedi02.jpg\" class=\"vc_single_image-img attachment-full\" alt=\"\" title=\"sedi02\" srcset=\"https:\/\/www.metrica.it\/wp-content\/uploads\/2024\/10\/sedi02.jpg 850w, https:\/\/www.metrica.it\/wp-content\/uploads\/2024\/10\/sedi02-84x87.jpg 84w, https:\/\/www.metrica.it\/wp-content\/uploads\/2024\/10\/sedi02-450x469.jpg 450w, https:\/\/www.metrica.it\/wp-content\/uploads\/2024\/10\/sedi02-759x790.jpg 759w, https:\/\/www.metrica.it\/wp-content\/uploads\/2024\/10\/sedi02-64x67.jpg 64w\" sizes=\"(max-width: 850px) 100vw, 850px\" \/><\/div>\r\n\t\t\t<\/figure>\r\n\t\t\t\r\n\t\t<\/div><\/div><\/div><\/div><div class=\"wpb_column vc_column_container awr-page-body vc_col-sm-6 vc_col-md-offset-1 vc_col-xs-12 xs-text-center\"><div class=\"vc_column-inner vc_custom_1718973563613  hongo_responsive_1718973563614\"><div class=\"wpb_wrapper\"><div class=\"text-block-content text-block-opening hongo-text-block-1 vc_custom_1717426789368 last-paragraph-no-margin  hongo_responsive_1717426789369\"><p>La sede hist\u00f3rica de <strong>Metrica<\/strong>, donde todo comenz\u00f3 en 1949 <strong>en Danta di Cadore, en la provincia de Belluno<\/strong>, sigue dedic\u00e1ndose a una producci\u00f3n extremadamente controlada de algunos de sus productos. Est\u00e1 altamente especializada y equipada con maquinaria de \u00faltima generaci\u00f3n.<\/p>\n<\/div><div class=\"text-block-content hongo-text-block-2 last-paragraph-no-margin\"><p>En Danta di Cadore se concentra la producci\u00f3n de metros de ABS &#8211; <strong>fibra de vidrio, aluminio y acero inoxidable, as\u00ed como algunos tipos de calibres utilizados tambi\u00e9n en el sector m\u00e9dico<\/strong>.<\/p>\n<p>Se trata de art\u00edculos ic\u00f3nicos e hist\u00f3ricos que a\u00fan hoy se fabrican con la experiencia y los materiales del Made in Italy. El mismo enfoque t\u00e9cnico est\u00e1 presente en la planta de Arzignano.<\/p>\n<p>Aqu\u00ed es donde se lleva a cabo la producci\u00f3n dedicada de los productos patentados de <strong>Metrica<\/strong>, como <strong>Telefix -medidores telesc\u00f3picos- y Quadranfix, as\u00ed como medidores de espesor y calibres<\/strong>.<\/p>\n<p>Todo el dise\u00f1o de cada art\u00edculo, el desarrollo y las pruebas se llevan a cabo en Italia por el equipo de<strong> Metrica<\/strong>, lo que garantiza <strong>exactitud, precisi\u00f3n y calidad<\/strong>.<\/p>\n<\/div><\/div><\/div><\/div><\/section><section class=\"vc_row wpb_row vc_row-fluid\"><div class=\"wpb_column vc_column_container col-xs-mobile-fullwidth vc_col-sm-12\"><div class=\"vc_column-inner\"><div class=\"wpb_wrapper\"><div class=\"vc_row wpb_row vc_inner vc_row-fluid   vc_row-o-equal-height vc_row-o-content-middle vc_row-flex\"><div class=\"wpb_column vc_column_container vc_col-sm-6 vc_col-md-4 vc_col-xs-12\"><div class=\"vc_column-inner  hongo_responsive_1564404877774\"><div class=\"wpb_wrapper\"><div class=\"hongo-featurebox-wrap interactive-banner-style-1 hongo-interactive-banner-1-1\"><div class=\"interactive-featurebox-image\"><img decoding=\"async\" width=\"660\" height=\"660\" src=\"https:\/\/www.metrica.it\/wp-content\/uploads\/2024\/06\/chi-siamo-660x660.jpg\" class=\"attachment-hongo-shop-image size-hongo-shop-image\" alt=\"\" srcset=\"https:\/\/www.metrica.it\/wp-content\/uploads\/2024\/06\/chi-siamo-660x660.jpg 660w, https:\/\/www.metrica.it\/wp-content\/uploads\/2024\/06\/chi-siamo-64x64.jpg 64w, https:\/\/www.metrica.it\/wp-content\/uploads\/2024\/06\/chi-siamo-84x84.jpg 84w, https:\/\/www.metrica.it\/wp-content\/uploads\/2024\/06\/chi-siamo-450x450.jpg 450w, https:\/\/www.metrica.it\/wp-content\/uploads\/2024\/06\/chi-siamo-790x790.jpg 790w, https:\/\/www.metrica.it\/wp-content\/uploads\/2024\/06\/chi-siamo.jpg 1000w\" sizes=\"(max-width: 660px) 100vw, 660px\" \/><\/div><div class=\"hongo-featurebox-text hongo_font_1718973288069\">Qui\u00e9nes somos<i class=\"fas fa-arrow-right\"><\/i><\/div><div class=\"hongo-featurebox-hover\"><div class=\"hongo-interative-banner-content-wrap\"><div class=\"hongo-interative-banner-content-middle\"><div class=\"hongo-featurebox-text alt-font\">Qui\u00e9nes somos<\/div><div class=\"content\">Metrica es una empresa especializada en el dise\u00f1o, el desarrollo, la producci\u00f3n, la venta y el servicio de herramientas de medici\u00f3n en los sectores de la mec\u00e1nica, la construcci\u00f3n y las herramientas, la m\u00e1s antigua de Italia.<\/div><a href=\"http:\/\/www.metrica.it\/es\/quienes-somos\/\" target=\"_self\" class=\"hongo_button_1718973288066 btn alt-font\">Leer m\u00e1s<\/a><\/div><\/div><\/div><\/div><\/div><\/div><\/div><div class=\"wpb_column vc_column_container vc_col-sm-6 vc_col-md-4 vc_col-xs-12\"><div class=\"vc_column-inner  hongo_responsive_1564404884696\"><div class=\"wpb_wrapper\"><div class=\"hongo-featurebox-wrap interactive-banner-style-1 hongo-interactive-banner-1-2\"><div class=\"interactive-featurebox-image\"><img decoding=\"async\" width=\"450\" height=\"450\" src=\"https:\/\/www.metrica.it\/wp-content\/uploads\/2024\/06\/ricerca-sviluppo.jpg\" class=\"attachment-hongo-shop-image size-hongo-shop-image\" alt=\"\" srcset=\"https:\/\/www.metrica.it\/wp-content\/uploads\/2024\/06\/ricerca-sviluppo.jpg 450w, https:\/\/www.metrica.it\/wp-content\/uploads\/2024\/06\/ricerca-sviluppo-64x64.jpg 64w, https:\/\/www.metrica.it\/wp-content\/uploads\/2024\/06\/ricerca-sviluppo-84x84.jpg 84w\" sizes=\"(max-width: 450px) 100vw, 450px\" \/><\/div><div class=\"hongo-featurebox-text hongo_font_1718971788977 alt-font\">Investigaci\u00f3n y desarrollo<i class=\"fas fa-arrow-right\"><\/i><\/div><div class=\"hongo-featurebox-hover\"><div class=\"hongo-interative-banner-content-wrap\"><div class=\"hongo-interative-banner-content-middle\"><div class=\"hongo-featurebox-text alt-font\">Investigaci\u00f3n y desarrollo<\/div><div class=\"content\">Metrica cuenta con un departamento de Investigaci\u00f3n y Desarrollo dividido entre dos centros de producci\u00f3n: Mil\u00e1n y Arzignano, en la provincia de Vicenza.<\/div><a href=\"http:\/\/www.metrica.it\/es\/investigacion-y-desarrollo\/\" target=\"_self\" class=\"hongo_button_1718971788974 btn alt-font\">Leer m\u00e1s<\/a><\/div><\/div><\/div><\/div><\/div><\/div><\/div><\/div><\/div><\/div><\/div><\/section>\n<\/div>","protected":false},"excerpt":{"rendered":"La sede hist\u00f3rica de Metrica, donde todo comenz\u00f3 en 1949 en Danta di Cadore, en la provincia de Belluno, sigue dedic\u00e1ndose a una producci\u00f3n extremadamente controlada de algunos de sus productos. Est\u00e1 altamente especializada y equipada con maquinaria de \u00faltima generaci\u00f3n. En Danta di Cadore se concentra la producci\u00f3n de metros de ABS - fibra de vidrio, aluminio y acero inoxidable, as\u00ed como algunos tipos de calibres utilizados tambi\u00e9n en el sector m\u00e9dico. Se trata de art\u00edculos ic\u00f3nicos e hist\u00f3ricos que a\u00fan hoy se fabrican con la experiencia y los materiales del Made in Italy. El mismo enfoque t\u00e9cnico est\u00e1 presente en la planta de Arzignano. Aqu\u00ed es donde se lleva a cabo la producci\u00f3n dedicada de los productos patentados de Metrica, como Telefix -medidores telesc\u00f3picos- y Quadranfix, as\u00ed como medidores de espesor y calibres. Todo el dise\u00f1o de cada art\u00edculo, el desarrollo y las pruebas se llevan a cabo en Italia por el equipo de Metrica, lo que garantiza exactitud, precisi\u00f3n y calidad. Qui\u00e9nes somosQui\u00e9nes somosMetrica es una empresa especializada en el dise\u00f1o, el desarrollo, la producci\u00f3n, la venta y el servicio de herramientas de medici\u00f3n en los sectores de la mec\u00e1nica, la construcci\u00f3n y las herramientas, la m\u00e1s...","protected":false},"author":1,"featured_media":0,"parent":0,"menu_order":0,"comment_status":"closed","ping_status":"closed","template":"","meta":{"footnotes":""},"class_list":["post-138926","page","type-page","status-publish","hentry"],"yoast_head":"<title>Las plantas de producci\u00f3n de Metrica | Instrumentos de medici\u00f3n<\/title>\n<meta name=\"description\" content=\"Metrica produce instrumentos de medici\u00f3n de precisi\u00f3n desde 1949, garantizando precisi\u00f3n y calidad gracias a una producci\u00f3n Made in Italy.\" \/>\n<meta name=\"robots\" content=\"index, follow, max-snippet:-1, max-image-preview:large, max-video-preview:-1\" \/>\n<link rel=\"canonical\" href=\"https:\/\/www.metrica.it\/es\/centros-de-produccion-en-italia\/\" \/>\n<meta property=\"og:locale\" content=\"es_ES\" \/>\n<meta property=\"og:type\" content=\"article\" \/>\n<meta property=\"og:title\" content=\"Las plantas de producci\u00f3n de Metrica | Instrumentos de medici\u00f3n\" \/>\n<meta property=\"og:description\" content=\"Metrica produce instrumentos de medici\u00f3n de precisi\u00f3n desde 1949, garantizando precisi\u00f3n y calidad gracias a una producci\u00f3n Made in Italy.\" \/>\n<meta property=\"og:url\" content=\"https:\/\/www.metrica.it\/es\/centros-de-produccion-en-italia\/\" \/>\n<meta property=\"og:site_name\" content=\"Metrica\" \/>\n<meta property=\"article:modified_time\" content=\"2024-10-01T07:53:14+00:00\" \/>\n<meta name=\"twitter:card\" content=\"summary_large_image\" \/>\n<meta name=\"twitter:label1\" content=\"Tiempo de lectura\" \/>\n\t<meta name=\"twitter:data1\" content=\"2 minutos\" \/>\n<script type=\"application\/ld+json\" class=\"yoast-schema-graph\">{\"@context\":\"https:\\\/\\\/schema.org\",\"@graph\":[{\"@type\":\"WebPage\",\"@id\":\"https:\\\/\\\/www.metrica.it\\\/es\\\/centros-de-produccion-en-italia\\\/\",\"url\":\"https:\\\/\\\/www.metrica.it\\\/es\\\/centros-de-produccion-en-italia\\\/\",\"name\":\"Las plantas de producci\u00f3n de Metrica | Instrumentos de medici\u00f3n\",\"isPartOf\":{\"@id\":\"https:\\\/\\\/www.metrica.it\\\/es\\\/#website\"},\"datePublished\":\"2018-06-01T04:54:02+00:00\",\"dateModified\":\"2024-10-01T07:53:14+00:00\",\"description\":\"Metrica produce instrumentos de medici\u00f3n de precisi\u00f3n desde 1949, garantizando precisi\u00f3n y calidad gracias a una producci\u00f3n Made in Italy.\",\"breadcrumb\":{\"@id\":\"https:\\\/\\\/www.metrica.it\\\/es\\\/centros-de-produccion-en-italia\\\/#breadcrumb\"},\"inLanguage\":\"es\",\"potentialAction\":[{\"@type\":\"ReadAction\",\"target\":[\"https:\\\/\\\/www.metrica.it\\\/es\\\/centros-de-produccion-en-italia\\\/\"]}]},{\"@type\":\"BreadcrumbList\",\"@id\":\"https:\\\/\\\/www.metrica.it\\\/es\\\/centros-de-produccion-en-italia\\\/#breadcrumb\",\"itemListElement\":[{\"@type\":\"ListItem\",\"position\":1,\"name\":\"Home\",\"item\":\"https:\\\/\\\/www.metrica.it\\\/es\\\/\"},{\"@type\":\"ListItem\",\"position\":2,\"name\":\"Centros de producci\u00f3n en Italia\"}]},{\"@type\":\"WebSite\",\"@id\":\"https:\\\/\\\/www.metrica.it\\\/es\\\/#website\",\"url\":\"https:\\\/\\\/www.metrica.it\\\/es\\\/\",\"name\":\"Metrica\",\"description\":\"Made to measure\",\"potentialAction\":[{\"@type\":\"SearchAction\",\"target\":{\"@type\":\"EntryPoint\",\"urlTemplate\":\"https:\\\/\\\/www.metrica.it\\\/es\\\/?s={search_term_string}\"},\"query-input\":{\"@type\":\"PropertyValueSpecification\",\"valueRequired\":true,\"valueName\":\"search_term_string\"}}],\"inLanguage\":\"es\"}]}<\/script>","yoast_head_json":{"title":"Las plantas de producci\u00f3n de Metrica | Instrumentos de medici\u00f3n","description":"Metrica produce instrumentos de medici\u00f3n de precisi\u00f3n desde 1949, garantizando precisi\u00f3n y calidad gracias a una producci\u00f3n Made in Italy.","robots":{"index":"index","follow":"follow","max-snippet":"max-snippet:-1","max-image-preview":"max-image-preview:large","max-video-preview":"max-video-preview:-1"},"canonical":"https:\/\/www.metrica.it\/es\/centros-de-produccion-en-italia\/","og_locale":"es_ES","og_type":"article","og_title":"Las plantas de producci\u00f3n de Metrica | Instrumentos de medici\u00f3n","og_description":"Metrica produce instrumentos de medici\u00f3n de precisi\u00f3n desde 1949, garantizando precisi\u00f3n y calidad gracias a una producci\u00f3n Made in Italy.","og_url":"https:\/\/www.metrica.it\/es\/centros-de-produccion-en-italia\/","og_site_name":"Metrica","article_modified_time":"2024-10-01T07:53:14+00:00","twitter_card":"summary_large_image","twitter_misc":{"Tiempo de lectura":"2 minutos"},"schema":{"@context":"https:\/\/schema.org","@graph":[{"@type":"WebPage","@id":"https:\/\/www.metrica.it\/es\/centros-de-produccion-en-italia\/","url":"https:\/\/www.metrica.it\/es\/centros-de-produccion-en-italia\/","name":"Las plantas de producci\u00f3n de Metrica | Instrumentos de medici\u00f3n","isPartOf":{"@id":"https:\/\/www.metrica.it\/es\/#website"},"datePublished":"2018-06-01T04:54:02+00:00","dateModified":"2024-10-01T07:53:14+00:00","description":"Metrica produce instrumentos de medici\u00f3n de precisi\u00f3n desde 1949, garantizando precisi\u00f3n y calidad gracias a una producci\u00f3n Made in Italy.","breadcrumb":{"@id":"https:\/\/www.metrica.it\/es\/centros-de-produccion-en-italia\/#breadcrumb"},"inLanguage":"es","potentialAction":[{"@type":"ReadAction","target":["https:\/\/www.metrica.it\/es\/centros-de-produccion-en-italia\/"]}]},{"@type":"BreadcrumbList","@id":"https:\/\/www.metrica.it\/es\/centros-de-produccion-en-italia\/#breadcrumb","itemListElement":[{"@type":"ListItem","position":1,"name":"Home","item":"https:\/\/www.metrica.it\/es\/"},{"@type":"ListItem","position":2,"name":"Centros de producci\u00f3n en Italia"}]},{"@type":"WebSite","@id":"https:\/\/www.metrica.it\/es\/#website","url":"https:\/\/www.metrica.it\/es\/","name":"Metrica","description":"Made to measure","potentialAction":[{"@type":"SearchAction","target":{"@type":"EntryPoint","urlTemplate":"https:\/\/www.metrica.it\/es\/?s={search_term_string}"},"query-input":{"@type":"PropertyValueSpecification","valueRequired":true,"valueName":"search_term_string"}}],"inLanguage":"es"}]}},"meta_box":{"dwn_cataloghi":[],"dwn_certificazioni":[],"dwn_laser_e_termocamere":[],"dwn_livelle":[],"dwn_misure_meccaniche":[],"dwn_misure_di_angoli":[],"dwn_misura_di_lunghezze":[]},"_links":{"self":[{"href":"https:\/\/www.metrica.it\/es\/wp-json\/wp\/v2\/pages\/138926","targetHints":{"allow":["GET"]}}],"collection":[{"href":"https:\/\/www.metrica.it\/es\/wp-json\/wp\/v2\/pages"}],"about":[{"href":"https:\/\/www.metrica.it\/es\/wp-json\/wp\/v2\/types\/page"}],"author":[{"embeddable":true,"href":"https:\/\/www.metrica.it\/es\/wp-json\/wp\/v2\/users\/1"}],"replies":[{"embeddable":true,"href":"https:\/\/www.metrica.it\/es\/wp-json\/wp\/v2\/comments?post=138926"}],"version-history":[{"count":0,"href":"https:\/\/www.metrica.it\/es\/wp-json\/wp\/v2\/pages\/138926\/revisions"}],"wp:attachment":[{"href":"https:\/\/www.metrica.it\/es\/wp-json\/wp\/v2\/media?parent=138926"}],"curies":[{"name":"wp","href":"https:\/\/api.w.org\/{rel}","templated":true}]}}