{"id":142111,"date":"2024-09-16T12:33:29","date_gmt":"2024-09-16T10:33:29","guid":{"rendered":"https:\/\/www.metrica.it\/prodotto\/telefix-medidor-telescopico-hasta-6-m\/"},"modified":"2024-09-16T21:24:52","modified_gmt":"2024-09-16T19:24:52","slug":"telefix-medidor-telescopico-hasta-6-m","status":"publish","type":"product","link":"https:\/\/www.metrica.it\/es\/producto\/telefix-medidor-telescopico-hasta-6-m\/","title":{"rendered":"Telefix Medidor Telescopico &#8211; Hasta 6 M"},"content":{"rendered":"<ul>\n<li>Medidores telescopicos a lectura directa con cinta graduada, con indicaci\u00f2n de medidas externas y internas<\/li>\n<li>El sistema se encuentra en la extremidad superior de el instrumento, para facilitar la lectura<\/li>\n<li>Base y funda impermeable (patentada)<\/li>\n<li>Bloqueo automatico de cada elemento completamente extendido, Resortes internos en acero inoxidable<\/li>\n<li>Burbuja horizontal y vertical para un posicionamiento correcto del instrumento durante las mediciones<\/li>\n<li>Estuche de vinilo con empu\u00f1adura para el transporte<\/li>\n<li>Posibilidad de atornillar a las extremidades dos puntas en acero para medir en las grietas y diagonales<\/li>\n<\/ul>\n<p>\u00a0<\/p>\n<p><strong><span>ACCESORIOS<\/span><\/strong><strong>\u00a0(*)<\/strong><\/p>\n<ul>\n<li>Ref.\u00a0 49370 &#8211; <span>PARA MEDIR EN LOS HUECOS<\/span> &#8211; <span>Juego de dos adaptadores de 50 mm con punta redondeada \u00d8 10 mm<\/span><\/li>\n<li>Ref.\u00a0 49371 &#8211; <span>PARA MEDIR DIAGONALES<\/span> &#8211; <span>Juego de dos adaptadores de 50 mm con punta triangular para diagonales<\/span><\/li>\n<li>Ref.\u00a0 49377 &#8211; <span>PARA MEDICIONES EXTERIORES<\/span> &#8211; <span>Punta 33 cm atornillable para mediciones exteriores<\/span><\/li>\n<li>* <span>La utilizaci\u00f3n de accesorios invalidar\u00e1 la certificaci\u00f3n<\/span><span><span><strong><span>CE<\/span>\u00a0<\/strong><\/span><\/span><\/li>\n<\/ul>\n","protected":false},"excerpt":{"rendered":"<p>Medidores telescopicos a lectura directa con cinta graduada, con indicaci\u00f2n de medidas externas y internas<br \/>El sistema se encuentra en la extremidad superior de el instrumento, para facilitar la lectura <br \/>Base y funda impermeable (patentada)<br \/>Bloqueo automatico de cada elemento completamente extendido, Resortes internos en acero inoxidable<br \/>Burbuja horizontal y vertical para un posicionamiento correcto del instrumento durante las mediciones<br \/>Estuche de vinilo con empu\u00f1adura para el transporte<br \/>Posibilidad de atornillar a las extremidades dos puntas en acero para medir en las grietas y diagonales<\/p>\n","protected":false},"featured_media":130484,"template":"","meta":[],"product_cat":[51,619],"product_tag":[],"class_list":{"0":"post-142111","1":"product","2":"type-product","3":"status-publish","4":"has-post-thumbnail","6":"product_cat-medidas-de-longitud","7":"product_cat-medidores-telescopico","9":"first","10":"instock","11":"sold-individually","12":"product-type-simple"},"yoast_head":"<title>Telefix Metro-Telescopico - Fino A 6 m | Medidores telesc\u00f3pico | Medidas de Longitud - Metrica<\/title>\n<meta name=\"description\" content=\"Descubre la colecci\u00f3n de productos., Telefix Metro-Telescopico - Fino A 6 m - Medidores telesc\u00f3pico.Misuratore telescopico professionale a LETTURA DIRETTA SU NASTRO GRADUATO con indicazione di misure . Consulta el cat\u00e1logo en la web oficial de Metrica.\" \/>\n<meta name=\"robots\" content=\"index, follow, max-snippet:-1, max-image-preview:large, max-video-preview:-1\" \/>\n<link rel=\"canonical\" href=\"https:\/\/www.metrica.it\/es\/producto\/telefix-medidor-telescopico-hasta-6-m\/\" \/>\n<meta property=\"og:locale\" content=\"es_ES\" \/>\n<meta property=\"og:type\" content=\"article\" \/>\n<meta property=\"og:title\" content=\"Telefix Metro-Telescopico - Fino A 6 m | Medidores telesc\u00f3pico | Medidas de Longitud - Metrica\" \/>\n<meta property=\"og:description\" content=\"Descubre la colecci\u00f3n de productos., Telefix Metro-Telescopico - Fino A 6 m - Medidores telesc\u00f3pico.Misuratore telescopico professionale a LETTURA DIRETTA SU NASTRO GRADUATO con indicazione di misure . Consulta el cat\u00e1logo en la web oficial de Metrica.\" \/>\n<meta property=\"og:url\" content=\"https:\/\/www.metrica.it\/es\/producto\/telefix-medidor-telescopico-hasta-6-m\/\" \/>\n<meta property=\"og:site_name\" content=\"Metrica\" \/>\n<meta property=\"article:modified_time\" content=\"2024-09-16T19:24:52+00:00\" \/>\n<meta property=\"og:image\" content=\"https:\/\/www.metrica.it\/wp-content\/uploads\/2024\/06\/49358.jpg\" \/>\n\t<meta property=\"og:image:width\" content=\"800\" \/>\n\t<meta property=\"og:image:height\" content=\"800\" \/>\n\t<meta property=\"og:image:type\" content=\"image\/jpeg\" \/>\n<meta name=\"twitter:card\" content=\"summary_large_image\" \/>\n<meta name=\"twitter:label1\" content=\"Tiempo de lectura\" \/>\n\t<meta name=\"twitter:data1\" content=\"1 minuto\" \/>\n<script type=\"application\/ld+json\" class=\"yoast-schema-graph\">{\"@context\":\"https:\\\/\\\/schema.org\",\"@graph\":[{\"@type\":\"WebPage\",\"@id\":\"https:\\\/\\\/www.metrica.it\\\/es\\\/producto\\\/telefix-medidor-telescopico-hasta-6-m\\\/\",\"url\":\"https:\\\/\\\/www.metrica.it\\\/es\\\/producto\\\/telefix-medidor-telescopico-hasta-6-m\\\/\",\"name\":\"Telefix Metro-Telescopico - Fino A 6 m | Medidores telesc\u00f3pico | Medidas de Longitud - Metrica\",\"isPartOf\":{\"@id\":\"https:\\\/\\\/www.metrica.it\\\/es\\\/#website\"},\"primaryImageOfPage\":{\"@id\":\"https:\\\/\\\/www.metrica.it\\\/es\\\/producto\\\/telefix-medidor-telescopico-hasta-6-m\\\/#primaryimage\"},\"image\":{\"@id\":\"https:\\\/\\\/www.metrica.it\\\/es\\\/producto\\\/telefix-medidor-telescopico-hasta-6-m\\\/#primaryimage\"},\"thumbnailUrl\":\"https:\\\/\\\/www.metrica.it\\\/wp-content\\\/uploads\\\/2024\\\/06\\\/49358.jpg\",\"datePublished\":\"2024-09-16T10:33:29+00:00\",\"dateModified\":\"2024-09-16T19:24:52+00:00\",\"description\":\"Descubre la colecci\u00f3n de productos., Telefix Metro-Telescopico - Fino A 6 m - Medidores telesc\u00f3pico.Misuratore telescopico professionale a LETTURA DIRETTA SU NASTRO GRADUATO con indicazione di misure . Consulta el cat\u00e1logo en la web oficial de Metrica.\",\"breadcrumb\":{\"@id\":\"https:\\\/\\\/www.metrica.it\\\/es\\\/producto\\\/telefix-medidor-telescopico-hasta-6-m\\\/#breadcrumb\"},\"inLanguage\":\"es\",\"potentialAction\":[{\"@type\":\"ReadAction\",\"target\":[\"https:\\\/\\\/www.metrica.it\\\/es\\\/producto\\\/telefix-medidor-telescopico-hasta-6-m\\\/\"]}]},{\"@type\":\"ImageObject\",\"inLanguage\":\"es\",\"@id\":\"https:\\\/\\\/www.metrica.it\\\/es\\\/producto\\\/telefix-medidor-telescopico-hasta-6-m\\\/#primaryimage\",\"url\":\"https:\\\/\\\/www.metrica.it\\\/wp-content\\\/uploads\\\/2024\\\/06\\\/49358.jpg\",\"contentUrl\":\"https:\\\/\\\/www.metrica.it\\\/wp-content\\\/uploads\\\/2024\\\/06\\\/49358.jpg\",\"width\":800,\"height\":800},{\"@type\":\"BreadcrumbList\",\"@id\":\"https:\\\/\\\/www.metrica.it\\\/es\\\/producto\\\/telefix-medidor-telescopico-hasta-6-m\\\/#breadcrumb\",\"itemListElement\":[{\"@type\":\"ListItem\",\"position\":1,\"name\":\"Home\",\"item\":\"https:\\\/\\\/www.metrica.it\\\/es\\\/\"},{\"@type\":\"ListItem\",\"position\":2,\"name\":\"Cat\u00e1logo\",\"item\":\"https:\\\/\\\/www.metrica.it\\\/es\\\/catalogo-es\\\/\"},{\"@type\":\"ListItem\",\"position\":3,\"name\":\"Telefix Medidor Telescopico &#8211; Hasta 6 M\"}]},{\"@type\":\"WebSite\",\"@id\":\"https:\\\/\\\/www.metrica.it\\\/es\\\/#website\",\"url\":\"https:\\\/\\\/www.metrica.it\\\/es\\\/\",\"name\":\"Metrica\",\"description\":\"Made to measure\",\"potentialAction\":[{\"@type\":\"SearchAction\",\"target\":{\"@type\":\"EntryPoint\",\"urlTemplate\":\"https:\\\/\\\/www.metrica.it\\\/es\\\/?s={search_term_string}\"},\"query-input\":{\"@type\":\"PropertyValueSpecification\",\"valueRequired\":true,\"valueName\":\"search_term_string\"}}],\"inLanguage\":\"es\"}]}<\/script>","yoast_head_json":{"title":"Telefix Metro-Telescopico - Fino A 6 m | Medidores telesc\u00f3pico | Medidas de Longitud - Metrica","description":"Descubre la colecci\u00f3n de productos., Telefix Metro-Telescopico - Fino A 6 m - Medidores telesc\u00f3pico.Misuratore telescopico professionale a LETTURA DIRETTA SU NASTRO GRADUATO con indicazione di misure . Consulta el cat\u00e1logo en la web oficial de Metrica.","robots":{"index":"index","follow":"follow","max-snippet":"max-snippet:-1","max-image-preview":"max-image-preview:large","max-video-preview":"max-video-preview:-1"},"canonical":"https:\/\/www.metrica.it\/es\/producto\/telefix-medidor-telescopico-hasta-6-m\/","og_locale":"es_ES","og_type":"article","og_title":"Telefix Metro-Telescopico - Fino A 6 m | Medidores telesc\u00f3pico | Medidas de Longitud - Metrica","og_description":"Descubre la colecci\u00f3n de productos., Telefix Metro-Telescopico - Fino A 6 m - Medidores telesc\u00f3pico.Misuratore telescopico professionale a LETTURA DIRETTA SU NASTRO GRADUATO con indicazione di misure . Consulta el cat\u00e1logo en la web oficial de Metrica.","og_url":"https:\/\/www.metrica.it\/es\/producto\/telefix-medidor-telescopico-hasta-6-m\/","og_site_name":"Metrica","article_modified_time":"2024-09-16T19:24:52+00:00","og_image":[{"width":800,"height":800,"url":"https:\/\/www.metrica.it\/wp-content\/uploads\/2024\/06\/49358.jpg","type":"image\/jpeg"}],"twitter_card":"summary_large_image","twitter_misc":{"Tiempo de lectura":"1 minuto"},"schema":{"@context":"https:\/\/schema.org","@graph":[{"@type":"WebPage","@id":"https:\/\/www.metrica.it\/es\/producto\/telefix-medidor-telescopico-hasta-6-m\/","url":"https:\/\/www.metrica.it\/es\/producto\/telefix-medidor-telescopico-hasta-6-m\/","name":"Telefix Metro-Telescopico - Fino A 6 m | Medidores telesc\u00f3pico | Medidas de Longitud - Metrica","isPartOf":{"@id":"https:\/\/www.metrica.it\/es\/#website"},"primaryImageOfPage":{"@id":"https:\/\/www.metrica.it\/es\/producto\/telefix-medidor-telescopico-hasta-6-m\/#primaryimage"},"image":{"@id":"https:\/\/www.metrica.it\/es\/producto\/telefix-medidor-telescopico-hasta-6-m\/#primaryimage"},"thumbnailUrl":"https:\/\/www.metrica.it\/wp-content\/uploads\/2024\/06\/49358.jpg","datePublished":"2024-09-16T10:33:29+00:00","dateModified":"2024-09-16T19:24:52+00:00","description":"Descubre la colecci\u00f3n de productos., Telefix Metro-Telescopico - Fino A 6 m - Medidores telesc\u00f3pico.Misuratore telescopico professionale a LETTURA DIRETTA SU NASTRO GRADUATO con indicazione di misure . Consulta el cat\u00e1logo en la web oficial de Metrica.","breadcrumb":{"@id":"https:\/\/www.metrica.it\/es\/producto\/telefix-medidor-telescopico-hasta-6-m\/#breadcrumb"},"inLanguage":"es","potentialAction":[{"@type":"ReadAction","target":["https:\/\/www.metrica.it\/es\/producto\/telefix-medidor-telescopico-hasta-6-m\/"]}]},{"@type":"ImageObject","inLanguage":"es","@id":"https:\/\/www.metrica.it\/es\/producto\/telefix-medidor-telescopico-hasta-6-m\/#primaryimage","url":"https:\/\/www.metrica.it\/wp-content\/uploads\/2024\/06\/49358.jpg","contentUrl":"https:\/\/www.metrica.it\/wp-content\/uploads\/2024\/06\/49358.jpg","width":800,"height":800},{"@type":"BreadcrumbList","@id":"https:\/\/www.metrica.it\/es\/producto\/telefix-medidor-telescopico-hasta-6-m\/#breadcrumb","itemListElement":[{"@type":"ListItem","position":1,"name":"Home","item":"https:\/\/www.metrica.it\/es\/"},{"@type":"ListItem","position":2,"name":"Cat\u00e1logo","item":"https:\/\/www.metrica.it\/es\/catalogo-es\/"},{"@type":"ListItem","position":3,"name":"Telefix Medidor Telescopico &#8211; Hasta 6 M"}]},{"@type":"WebSite","@id":"https:\/\/www.metrica.it\/es\/#website","url":"https:\/\/www.metrica.it\/es\/","name":"Metrica","description":"Made to measure","potentialAction":[{"@type":"SearchAction","target":{"@type":"EntryPoint","urlTemplate":"https:\/\/www.metrica.it\/es\/?s={search_term_string}"},"query-input":{"@type":"PropertyValueSpecification","valueRequired":true,"valueName":"search_term_string"}}],"inLanguage":"es"}]}},"meta_box":{"awr_documentation":[{"filesize":18319824,"ID":"146369","name":"telefix.pdf","path":"\/var\/www\/html\/wp-content\/uploads\/2024\/09\/telefix.pdf","url":"https:\/\/www.metrica.it\/wp-content\/uploads\/2024\/09\/telefix.pdf","title":"telefix.pdf"}],"awr_manuale":[],"awr_scheda_tecnica":"","awr_youtube_video":"https:\/\/www.youtube.com\/embed\/WdjSDGUXhXE","awr_classe_prodotto":"","awr_customize_product":"0","awr_custom_image":false,"awr_related_products":[{"awr_product_name":"Telefix Metro-telescopico - Fino A 6 M","awr_product_references":"ref:49358|ean:8001066493586|telescopico_aperto:1 m|telescopico_chiuso:32 cm|unit_misura:mm|pack:1"},{"awr_product_name":"Telefix Metro-telescopico - Fino A 6 M","awr_product_references":"ref:49359|ean:8001066493593|telescopico_aperto:2 m|telescopico_chiuso:49 cm|unit_misura:mm|pack:1"},{"awr_product_name":"Telefix Metro-telescopico - Fino A 6 M","awr_product_references":"ref:49360|ean:8001066493609|telescopico_aperto:3 m|telescopico_chiuso:66 cm|unit_misura:mm|pack:1"},{"awr_product_name":"Telefix Metro-telescopico - Fino A 6 M","awr_product_references":"ref:49361|ean:8001066493616|telescopico_aperto:4 m|telescopico_chiuso:83 cm|unit_misura:mm|pack:1"},{"awr_product_name":"Telefix Metro-telescopico - Fino A 6 M","awr_product_references":"ref:49362|ean:8001066493623|telescopico_aperto:5 m|telescopico_chiuso:99 cm|unit_misura:mm|pack:1"},{"awr_product_name":"Telefix Metro-telescopico - Fino A 6 M","awr_product_references":"ref:49363|ean:8001066493630|telescopico_aperto:6 m|telescopico_chiuso:116 cm|unit_misura:mm|pack:1"},{"awr_product_name":"Telefix Metro-telescopico - 8\/10 M","awr_product_references":"ref:49365|ean:8001066493654|telescopico_aperto:8 m|telescopico_chiuso:135 cm|unit_misura:mm|pack:1"},{"awr_product_name":"Telefix Metro-telescopico - 8\/10 M","awr_product_references":"ref:49366|ean:8001066493661|telescopico_aperto:10 m|telescopico_chiuso:163 cm|unit_misura:mm|pack:1"},{"awr_product_name":"Accessori Per Telefix","awr_product_references":"ref:49370|ean:8001066493708|pack:1"},{"awr_product_name":"Accessori Per Telefix","awr_product_references":"ref:49371|ean:8001066493715|pack:1"},{"awr_product_name":"Accessori Per Telefix","awr_product_references":"ref:49377|ean:8001066493777|pack:1"}],"awr_consumabili":"","awr_alternativi":"","awr_aliases":"49358,49359,49360,49361,49362,49363,49365,49366,49370,49371,49377","awr_skuid":"49358-it"},"_links":{"self":[{"href":"https:\/\/www.metrica.it\/es\/wp-json\/wp\/v2\/product\/142111","targetHints":{"allow":["GET"]}}],"collection":[{"href":"https:\/\/www.metrica.it\/es\/wp-json\/wp\/v2\/product"}],"about":[{"href":"https:\/\/www.metrica.it\/es\/wp-json\/wp\/v2\/types\/product"}],"wp:featuredmedia":[{"embeddable":true,"href":"https:\/\/www.metrica.it\/es\/wp-json\/wp\/v2\/media\/130484"}],"wp:attachment":[{"href":"https:\/\/www.metrica.it\/es\/wp-json\/wp\/v2\/media?parent=142111"}],"wp:term":[{"taxonomy":"product_cat","embeddable":true,"href":"https:\/\/www.metrica.it\/es\/wp-json\/wp\/v2\/product_cat?post=142111"},{"taxonomy":"product_tag","embeddable":true,"href":"https:\/\/www.metrica.it\/es\/wp-json\/wp\/v2\/product_tag?post=142111"}],"curies":[{"name":"wp","href":"https:\/\/api.w.org\/{rel}","templated":true}]}}